{"id":24572,"date":"2026-02-19T18:55:47","date_gmt":"2026-02-19T17:55:47","guid":{"rendered":"https:\/\/www.swisscrochet.ch\/product\/scheepjes-little-darling-sprinkled-gradient-colour-pack\/"},"modified":"2026-02-19T19:02:54","modified_gmt":"2026-02-19T18:02:54","slug":"scheepjes-little-darling-sprinkled-gradient-colour-pack","status":"publish","type":"product","link":"https:\/\/www.swisscrochet.ch\/de\/produkt\/scheepjes-little-darling-sprinkled-gradient-colour-pack\/","title":{"rendered":"Scheepjes &#8211; Little Darling Sprinkled Gradient Colour Pack"},"content":{"rendered":"","protected":false},"excerpt":{"rendered":"<p>Entfalte deine Kreativit\u00e4t mit dem Little Darling Sprinkled Gradient Colour Pack.<\/p>\n<p>Diese thematischen Little Darling Colour Packs wurden in Zusammenarbeit mit Anoek von Nooks Hooks kuratiert, deren ausdrucksstarker, charakterorientierter Stil sich in jeder Farbkombination widerspiegelt. Jedes weiche, kuschelige Kn\u00e4uel zeigt verspielte gesprenkelte Partien, die beim H\u00e4keln sanft in malerische Streifen \u00fcbergehen \u2013 ganz ohne Garnwechsel.<\/p>\n<p>Ideal f\u00fcr mehrfarbige Projekte und Amigurumi-Designs bieten diese Sets inspirierende Farbkombinationen f\u00fcr eine Vielzahl kreativer Ideen.<\/p>\n<p>Mit diesem Garnkit erh\u00e4ltst du \u2013 je nach gew\u00e4hltem Set:<\/p>\n<ul>\n<li>4 bis 6 kleine Kn\u00e4uel Scheepjes Little Darling (100 % Polyester \u2013 je 25 g \/ 45 m)<\/li>\n<\/ul>\n<p><em>Hinweis: Dieses Garnkit enth\u00e4lt nur Garn, keine Anleitung und keine H\u00e4kelnadeln oder Werkzeuge.<\/em><\/p>\n","protected":false},"featured_media":24528,"template":"","meta":[],"product_brand":[],"product_cat":[332,1676],"product_tag":[],"class_list":{"0":"post-24572","1":"product","2":"type-product","3":"status-publish","4":"has-post-thumbnail","6":"product_cat-garnkits","7":"product_cat-garnkits-garnpakete","8":"pa_t1-manufacturer-scheepjes-de","9":"description-off","11":"first","12":"instock","13":"taxable","14":"shipping-taxable","15":"purchasable","16":"product-type-variable","17":"wvs-archive-product-wrapper"},"bundled_by":[],"bundle_stock_status":"instock","bundle_stock_quantity":null,"bundle_virtual":false,"bundle_layout":"","bundle_add_to_cart_form_location":"","bundle_editable_in_cart":false,"bundle_sold_individually_context":"","bundle_item_grouping":"","bundle_min_size":"","bundle_max_size":"","bundle_price":[],"bundled_items":[],"bundle_sell_ids":[],"yoast_head":"<!-- This site is optimized with the Yoast SEO plugin v27.4 - https:\/\/yoast.com\/product\/yoast-seo-wordpress\/ -->\n<title>Scheepjes - Little Darling Sprinkled Gradient Colour Pack &#171; Swiss Crochet<\/title>\n<meta name=\"description\" content=\"Little Darling Sprinkled Gradient Colour Pack mit verschiedenen Farben Chenille-Garn. Perfekt f\u00fcr Amigurumi und mehrfarbige H\u00e4kelprojekte.\" \/>\n<meta name=\"robots\" content=\"index, follow, max-snippet:-1, max-image-preview:large, max-video-preview:-1\" \/>\n<link rel=\"canonical\" href=\"https:\/\/www.swisscrochet.ch\/de\/produkt\/scheepjes-little-darling-sprinkled-gradient-colour-pack\/\" \/>\n<meta property=\"og:locale\" content=\"de_DE\" \/>\n<meta property=\"og:type\" content=\"article\" \/>\n<meta property=\"og:title\" content=\"Scheepjes - Little Darling Sprinkled Gradient Colour Pack &#171; Swiss Crochet\" \/>\n<meta property=\"og:description\" content=\"Little Darling Sprinkled Gradient Colour Pack mit verschiedenen Farben Chenille-Garn. Perfekt f\u00fcr Amigurumi und mehrfarbige H\u00e4kelprojekte.\" \/>\n<meta property=\"og:url\" content=\"https:\/\/www.swisscrochet.ch\/de\/produkt\/scheepjes-little-darling-sprinkled-gradient-colour-pack\/\" \/>\n<meta property=\"og:site_name\" content=\"Swiss Crochet\" \/>\n<meta property=\"article:modified_time\" content=\"2026-02-19T18:02:54+00:00\" \/>\n<meta property=\"og:image\" content=\"https:\/\/www.swisscrochet.ch\/wp-content\/uploads\/2026\/02\/Scheepjes-Little-Darling-Sprinkled-Gradient-Colour-Pack-Overview.jpg\" \/>\n\t<meta property=\"og:image:width\" content=\"1000\" \/>\n\t<meta property=\"og:image:height\" content=\"1000\" \/>\n\t<meta property=\"og:image:type\" content=\"image\/jpeg\" \/>\n<meta name=\"twitter:card\" content=\"summary_large_image\" \/>\n<meta name=\"twitter:label1\" content=\"Gesch\u00e4tzte Lesezeit\" \/>\n\t<meta name=\"twitter:data1\" content=\"1\u00a0Minute\" \/>\n<script type=\"application\/ld+json\" class=\"yoast-schema-graph\">{\"@context\":\"https:\\\/\\\/schema.org\",\"@graph\":[{\"@type\":[\"WebPage\",\"ItemPage\"],\"@id\":\"https:\\\/\\\/www.swisscrochet.ch\\\/de\\\/produkt\\\/scheepjes-little-darling-sprinkled-gradient-colour-pack\\\/\",\"url\":\"https:\\\/\\\/www.swisscrochet.ch\\\/de\\\/produkt\\\/scheepjes-little-darling-sprinkled-gradient-colour-pack\\\/\",\"name\":\"Scheepjes - Little Darling Sprinkled Gradient Colour Pack &#171; Swiss Crochet\",\"isPartOf\":{\"@id\":\"https:\\\/\\\/www.swisscrochet.ch\\\/#website\"},\"primaryImageOfPage\":{\"@id\":\"https:\\\/\\\/www.swisscrochet.ch\\\/de\\\/produkt\\\/scheepjes-little-darling-sprinkled-gradient-colour-pack\\\/#primaryimage\"},\"image\":{\"@id\":\"https:\\\/\\\/www.swisscrochet.ch\\\/de\\\/produkt\\\/scheepjes-little-darling-sprinkled-gradient-colour-pack\\\/#primaryimage\"},\"thumbnailUrl\":\"https:\\\/\\\/www.swisscrochet.ch\\\/wp-content\\\/uploads\\\/2026\\\/02\\\/Scheepjes-Little-Darling-Sprinkled-Gradient-Colour-Pack-Overview.jpg\",\"datePublished\":\"2026-02-19T17:55:47+00:00\",\"dateModified\":\"2026-02-19T18:02:54+00:00\",\"description\":\"Little Darling Sprinkled Gradient Colour Pack mit verschiedenen Farben Chenille-Garn. Perfekt f\u00fcr Amigurumi und mehrfarbige H\u00e4kelprojekte.\",\"breadcrumb\":{\"@id\":\"https:\\\/\\\/www.swisscrochet.ch\\\/de\\\/produkt\\\/scheepjes-little-darling-sprinkled-gradient-colour-pack\\\/#breadcrumb\"},\"inLanguage\":\"de\",\"potentialAction\":[{\"@type\":\"ReadAction\",\"target\":[\"https:\\\/\\\/www.swisscrochet.ch\\\/de\\\/produkt\\\/scheepjes-little-darling-sprinkled-gradient-colour-pack\\\/\"]}]},{\"@type\":\"ImageObject\",\"inLanguage\":\"de\",\"@id\":\"https:\\\/\\\/www.swisscrochet.ch\\\/de\\\/produkt\\\/scheepjes-little-darling-sprinkled-gradient-colour-pack\\\/#primaryimage\",\"url\":\"https:\\\/\\\/www.swisscrochet.ch\\\/wp-content\\\/uploads\\\/2026\\\/02\\\/Scheepjes-Little-Darling-Sprinkled-Gradient-Colour-Pack-Overview.jpg\",\"contentUrl\":\"https:\\\/\\\/www.swisscrochet.ch\\\/wp-content\\\/uploads\\\/2026\\\/02\\\/Scheepjes-Little-Darling-Sprinkled-Gradient-Colour-Pack-Overview.jpg\",\"width\":1000,\"height\":1000},{\"@type\":\"BreadcrumbList\",\"@id\":\"https:\\\/\\\/www.swisscrochet.ch\\\/de\\\/produkt\\\/scheepjes-little-darling-sprinkled-gradient-colour-pack\\\/#breadcrumb\",\"itemListElement\":[{\"@type\":\"ListItem\",\"position\":1,\"name\":\"Home\",\"item\":\"https:\\\/\\\/www.swisscrochet.ch\\\/de\\\/\"},{\"@type\":\"ListItem\",\"position\":2,\"name\":\"Shop\",\"item\":\"https:\\\/\\\/www.swisscrochet.ch\\\/de\\\/shop\\\/\"},{\"@type\":\"ListItem\",\"position\":3,\"name\":\"Scheepjes &#8211; Little Darling Sprinkled Gradient Colour Pack\"}]},{\"@type\":\"WebSite\",\"@id\":\"https:\\\/\\\/www.swisscrochet.ch\\\/#website\",\"url\":\"https:\\\/\\\/www.swisscrochet.ch\\\/\",\"name\":\"Swiss Crochet\",\"description\":\"Entfalte dein kreatives Potenzial\",\"potentialAction\":[{\"@type\":\"SearchAction\",\"target\":{\"@type\":\"EntryPoint\",\"urlTemplate\":\"https:\\\/\\\/www.swisscrochet.ch\\\/?s={search_term_string}\"},\"query-input\":{\"@type\":\"PropertyValueSpecification\",\"valueRequired\":true,\"valueName\":\"search_term_string\"}}],\"inLanguage\":\"de\"}]}<\/script>\n<!-- \/ Yoast SEO plugin. -->","yoast_head_json":{"title":"Scheepjes - Little Darling Sprinkled Gradient Colour Pack &#171; Swiss Crochet","description":"Little Darling Sprinkled Gradient Colour Pack mit verschiedenen Farben Chenille-Garn. Perfekt f\u00fcr Amigurumi und mehrfarbige H\u00e4kelprojekte.","robots":{"index":"index","follow":"follow","max-snippet":"max-snippet:-1","max-image-preview":"max-image-preview:large","max-video-preview":"max-video-preview:-1"},"canonical":"https:\/\/www.swisscrochet.ch\/de\/produkt\/scheepjes-little-darling-sprinkled-gradient-colour-pack\/","og_locale":"de_DE","og_type":"article","og_title":"Scheepjes - Little Darling Sprinkled Gradient Colour Pack &#171; Swiss Crochet","og_description":"Little Darling Sprinkled Gradient Colour Pack mit verschiedenen Farben Chenille-Garn. Perfekt f\u00fcr Amigurumi und mehrfarbige H\u00e4kelprojekte.","og_url":"https:\/\/www.swisscrochet.ch\/de\/produkt\/scheepjes-little-darling-sprinkled-gradient-colour-pack\/","og_site_name":"Swiss Crochet","article_modified_time":"2026-02-19T18:02:54+00:00","og_image":[{"width":1000,"height":1000,"url":"https:\/\/www.swisscrochet.ch\/wp-content\/uploads\/2026\/02\/Scheepjes-Little-Darling-Sprinkled-Gradient-Colour-Pack-Overview.jpg","type":"image\/jpeg"}],"twitter_card":"summary_large_image","twitter_misc":{"Gesch\u00e4tzte Lesezeit":"1\u00a0Minute"},"schema":{"@context":"https:\/\/schema.org","@graph":[{"@type":["WebPage","ItemPage"],"@id":"https:\/\/www.swisscrochet.ch\/de\/produkt\/scheepjes-little-darling-sprinkled-gradient-colour-pack\/","url":"https:\/\/www.swisscrochet.ch\/de\/produkt\/scheepjes-little-darling-sprinkled-gradient-colour-pack\/","name":"Scheepjes - Little Darling Sprinkled Gradient Colour Pack &#171; Swiss Crochet","isPartOf":{"@id":"https:\/\/www.swisscrochet.ch\/#website"},"primaryImageOfPage":{"@id":"https:\/\/www.swisscrochet.ch\/de\/produkt\/scheepjes-little-darling-sprinkled-gradient-colour-pack\/#primaryimage"},"image":{"@id":"https:\/\/www.swisscrochet.ch\/de\/produkt\/scheepjes-little-darling-sprinkled-gradient-colour-pack\/#primaryimage"},"thumbnailUrl":"https:\/\/www.swisscrochet.ch\/wp-content\/uploads\/2026\/02\/Scheepjes-Little-Darling-Sprinkled-Gradient-Colour-Pack-Overview.jpg","datePublished":"2026-02-19T17:55:47+00:00","dateModified":"2026-02-19T18:02:54+00:00","description":"Little Darling Sprinkled Gradient Colour Pack mit verschiedenen Farben Chenille-Garn. Perfekt f\u00fcr Amigurumi und mehrfarbige H\u00e4kelprojekte.","breadcrumb":{"@id":"https:\/\/www.swisscrochet.ch\/de\/produkt\/scheepjes-little-darling-sprinkled-gradient-colour-pack\/#breadcrumb"},"inLanguage":"de","potentialAction":[{"@type":"ReadAction","target":["https:\/\/www.swisscrochet.ch\/de\/produkt\/scheepjes-little-darling-sprinkled-gradient-colour-pack\/"]}]},{"@type":"ImageObject","inLanguage":"de","@id":"https:\/\/www.swisscrochet.ch\/de\/produkt\/scheepjes-little-darling-sprinkled-gradient-colour-pack\/#primaryimage","url":"https:\/\/www.swisscrochet.ch\/wp-content\/uploads\/2026\/02\/Scheepjes-Little-Darling-Sprinkled-Gradient-Colour-Pack-Overview.jpg","contentUrl":"https:\/\/www.swisscrochet.ch\/wp-content\/uploads\/2026\/02\/Scheepjes-Little-Darling-Sprinkled-Gradient-Colour-Pack-Overview.jpg","width":1000,"height":1000},{"@type":"BreadcrumbList","@id":"https:\/\/www.swisscrochet.ch\/de\/produkt\/scheepjes-little-darling-sprinkled-gradient-colour-pack\/#breadcrumb","itemListElement":[{"@type":"ListItem","position":1,"name":"Home","item":"https:\/\/www.swisscrochet.ch\/de\/"},{"@type":"ListItem","position":2,"name":"Shop","item":"https:\/\/www.swisscrochet.ch\/de\/shop\/"},{"@type":"ListItem","position":3,"name":"Scheepjes &#8211; Little Darling Sprinkled Gradient Colour Pack"}]},{"@type":"WebSite","@id":"https:\/\/www.swisscrochet.ch\/#website","url":"https:\/\/www.swisscrochet.ch\/","name":"Swiss Crochet","description":"Entfalte dein kreatives Potenzial","potentialAction":[{"@type":"SearchAction","target":{"@type":"EntryPoint","urlTemplate":"https:\/\/www.swisscrochet.ch\/?s={search_term_string}"},"query-input":{"@type":"PropertyValueSpecification","valueRequired":true,"valueName":"search_term_string"}}],"inLanguage":"de"}]}},"_links":{"self":[{"href":"https:\/\/www.swisscrochet.ch\/de\/wp-json\/wp\/v2\/product\/24572","targetHints":{"allow":["GET"]}}],"collection":[{"href":"https:\/\/www.swisscrochet.ch\/de\/wp-json\/wp\/v2\/product"}],"about":[{"href":"https:\/\/www.swisscrochet.ch\/de\/wp-json\/wp\/v2\/types\/product"}],"wp:featuredmedia":[{"embeddable":true,"href":"https:\/\/www.swisscrochet.ch\/de\/wp-json\/wp\/v2\/media\/24528"}],"wp:attachment":[{"href":"https:\/\/www.swisscrochet.ch\/de\/wp-json\/wp\/v2\/media?parent=24572"}],"wp:term":[{"taxonomy":"product_brand","embeddable":true,"href":"https:\/\/www.swisscrochet.ch\/de\/wp-json\/wp\/v2\/product_brand?post=24572"},{"taxonomy":"product_cat","embeddable":true,"href":"https:\/\/www.swisscrochet.ch\/de\/wp-json\/wp\/v2\/product_cat?post=24572"},{"taxonomy":"product_tag","embeddable":true,"href":"https:\/\/www.swisscrochet.ch\/de\/wp-json\/wp\/v2\/product_tag?post=24572"}],"curies":[{"name":"wp","href":"https:\/\/api.w.org\/{rel}","templated":true}]}}