{"id":24792,"date":"2026-02-23T20:29:55","date_gmt":"2026-02-23T19:29:55","guid":{"rendered":"https:\/\/www.swisscrochet.ch\/product\/linda-skuja-novembris-shawl\/"},"modified":"2026-02-24T20:18:04","modified_gmt":"2026-02-24T19:18:04","slug":"linda-skuja-novembris-tuch","status":"publish","type":"product","link":"https:\/\/www.swisscrochet.ch\/de\/produkt\/linda-skuja-novembris-tuch\/","title":{"rendered":"Linda Skuja &#8211; Novembris Tuch"},"content":{"rendered":"<p><strong>Garn<\/strong><\/p>\n<p>Verwende ein beliebiges Lace-Garn aus Mohair-Mischung mit Flausch (doppelt gehalten) oder ein beliebiges flauschiges Sport-Garn, um einen \u00e4hnlichen Effekt zu erzielen.<\/p>\n<p>Gesch\u00e4tzte Laufl\u00e4nge: 940 m<br \/>\n(Du ben\u00f6tigst die H\u00e4lfte dieser Menge, wenn mit Sport-Garn gearbeitet wird)<\/p>\n<p>&#8211;&gt; F\u00fcr dieses Projekt kannst du die unten aufgef\u00fchrten (verlinkten) Garne verwenden.<\/p>\n<p><strong>H\u00e4kelnadel<\/strong><br \/>\n6 mm \/ US J\/10 oder Gr\u00f6sse, um die Maschenprobe zu erreichen<\/p>\n<p><strong>Maschenprobe<\/strong><br \/>\n14 M und 16 R = 4\u2019\u2019 \/ 10 cm im Hauptmuster<\/p>\n<p><strong>Gr\u00f6ssen<\/strong><br \/>\nEine Gr\u00f6sse<\/p>\n<p><strong>Fertige Masse<\/strong><br \/>\n70.75 x 14.5\u2019\u2019 \/ 180 x 37 cm<\/p>\n<p><strong>Erforderliche Kenntnisse\/Verwendete Techniken<\/strong><br \/>\nErfahrung im Lesen und Umsetzen schriftlicher H\u00e4kelanleitungen (CYC-Standards).<br \/>\nErfahrung mit verk\u00fcrzten Reihen beim H\u00e4keln.<br \/>\nErfahrung im Arbeiten mit Kettmaschen.<\/p>\n","protected":false},"excerpt":{"rendered":"<p>Das Novembris-Tuch wird von der l\u00e4ngsten Kante zur Spitze hin geh\u00e4kelt. Es werden verk\u00fcrzte Reihen und eine Technik in das hintere Maschenglied verwendet, um sch\u00f6ne, flache Zopfmuster zu erzeugen. In jeder Reihe werden Abnahmen gearbeitet, was den Prozess sowohl intuitiv als auch besonders befriedigend macht. Zum Abschluss wird eine Kettmaschen-Umrandung rund um das gesamte Tuch geh\u00e4kelt, um die verk\u00fcrzten Reihen sauber abzuschliessen.<\/p>\n<p>Siehe die vollst\u00e4ndige Beschreibung unten f\u00fcr weitere Informationen zur Anleitung.<\/p>\n<p>&#8211;&gt; Mit dem Kauf dieser Anleitung erh\u00e4ltst du Zugriff auf <strong>den Download der Anleitung im digitalen PDF-Format<\/strong>, auf Englisch und Deutsch.<\/p>\n<p>Weitere Fotos zur Anleitung und fertige Projekte findest du auf <a href=\"https:\/\/www.ravelry.com\/patterns\/library\/novembris-shawl\">Ravelry<\/a>.<\/p>\n","protected":false},"featured_media":24749,"template":"","meta":[],"product_brand":[],"product_cat":[229],"product_tag":[1987],"class_list":{"0":"post-24792","1":"product","2":"type-product","3":"status-publish","4":"has-post-thumbnail","6":"product_cat-anleitungen","7":"product_tag-lindaskuja","8":"pa_b1-language-deutsch","9":"pa_b1-language-englisch","10":"pa_b11-author-designer-linda-skuja-de","11":"description-off","13":"first","14":"instock","15":"virtual","16":"taxable","17":"purchasable","18":"product-type-simple"},"bundled_by":[],"bundle_stock_status":"instock","bundle_stock_quantity":null,"bundle_virtual":false,"bundle_layout":"","bundle_add_to_cart_form_location":"","bundle_editable_in_cart":false,"bundle_sold_individually_context":"","bundle_item_grouping":"","bundle_min_size":"","bundle_max_size":"","bundle_price":[],"bundled_items":[],"bundle_sell_ids":[],"yoast_head":"<!-- This site is optimized with the Yoast SEO plugin v27.3 - https:\/\/yoast.com\/product\/yoast-seo-wordpress\/ -->\n<title>Linda Skuja - Novembris Tuch &#171; Swiss Crochet<\/title>\n<meta name=\"description\" content=\"Novembris-Tuch H\u00e4kelanleitung: Von der Kante zur Spitze mit verk\u00fcrzten Reihen und flacher Zopftextur gearbeitet.\" \/>\n<meta name=\"robots\" content=\"index, follow, max-snippet:-1, max-image-preview:large, max-video-preview:-1\" \/>\n<link rel=\"canonical\" href=\"https:\/\/www.swisscrochet.ch\/de\/produkt\/linda-skuja-novembris-tuch\/\" \/>\n<meta property=\"og:locale\" content=\"de_DE\" \/>\n<meta property=\"og:type\" content=\"article\" \/>\n<meta property=\"og:title\" content=\"Linda Skuja - Novembris Tuch &#171; Swiss Crochet\" \/>\n<meta property=\"og:description\" content=\"Novembris-Tuch H\u00e4kelanleitung: Von der Kante zur Spitze mit verk\u00fcrzten Reihen und flacher Zopftextur gearbeitet.\" \/>\n<meta property=\"og:url\" content=\"https:\/\/www.swisscrochet.ch\/de\/produkt\/linda-skuja-novembris-tuch\/\" \/>\n<meta property=\"og:site_name\" content=\"Swiss Crochet\" \/>\n<meta property=\"article:modified_time\" content=\"2026-02-24T19:18:04+00:00\" \/>\n<meta property=\"og:image\" content=\"https:\/\/www.swisscrochet.ch\/wp-content\/uploads\/2026\/02\/Novembris-Shawl-1.jpg\" \/>\n\t<meta property=\"og:image:width\" content=\"733\" \/>\n\t<meta property=\"og:image:height\" content=\"1100\" \/>\n\t<meta property=\"og:image:type\" content=\"image\/jpeg\" \/>\n<meta name=\"twitter:card\" content=\"summary_large_image\" \/>\n<meta name=\"twitter:label1\" content=\"Gesch\u00e4tzte Lesezeit\" \/>\n\t<meta name=\"twitter:data1\" content=\"1\u00a0Minute\" \/>\n<script type=\"application\/ld+json\" class=\"yoast-schema-graph\">{\"@context\":\"https:\\\/\\\/schema.org\",\"@graph\":[{\"@type\":[\"WebPage\",\"ItemPage\"],\"@id\":\"https:\\\/\\\/www.swisscrochet.ch\\\/de\\\/produkt\\\/linda-skuja-novembris-tuch\\\/\",\"url\":\"https:\\\/\\\/www.swisscrochet.ch\\\/de\\\/produkt\\\/linda-skuja-novembris-tuch\\\/\",\"name\":\"Linda Skuja - Novembris Tuch &#171; Swiss Crochet\",\"isPartOf\":{\"@id\":\"https:\\\/\\\/www.swisscrochet.ch\\\/#website\"},\"primaryImageOfPage\":{\"@id\":\"https:\\\/\\\/www.swisscrochet.ch\\\/de\\\/produkt\\\/linda-skuja-novembris-tuch\\\/#primaryimage\"},\"image\":{\"@id\":\"https:\\\/\\\/www.swisscrochet.ch\\\/de\\\/produkt\\\/linda-skuja-novembris-tuch\\\/#primaryimage\"},\"thumbnailUrl\":\"https:\\\/\\\/www.swisscrochet.ch\\\/wp-content\\\/uploads\\\/2026\\\/02\\\/Novembris-Shawl-1.jpg\",\"datePublished\":\"2026-02-23T19:29:55+00:00\",\"dateModified\":\"2026-02-24T19:18:04+00:00\",\"description\":\"Novembris-Tuch H\u00e4kelanleitung: Von der Kante zur Spitze mit verk\u00fcrzten Reihen und flacher Zopftextur gearbeitet.\",\"breadcrumb\":{\"@id\":\"https:\\\/\\\/www.swisscrochet.ch\\\/de\\\/produkt\\\/linda-skuja-novembris-tuch\\\/#breadcrumb\"},\"inLanguage\":\"de\",\"potentialAction\":[{\"@type\":\"ReadAction\",\"target\":[\"https:\\\/\\\/www.swisscrochet.ch\\\/de\\\/produkt\\\/linda-skuja-novembris-tuch\\\/\"]}]},{\"@type\":\"ImageObject\",\"inLanguage\":\"de\",\"@id\":\"https:\\\/\\\/www.swisscrochet.ch\\\/de\\\/produkt\\\/linda-skuja-novembris-tuch\\\/#primaryimage\",\"url\":\"https:\\\/\\\/www.swisscrochet.ch\\\/wp-content\\\/uploads\\\/2026\\\/02\\\/Novembris-Shawl-1.jpg\",\"contentUrl\":\"https:\\\/\\\/www.swisscrochet.ch\\\/wp-content\\\/uploads\\\/2026\\\/02\\\/Novembris-Shawl-1.jpg\",\"width\":733,\"height\":1100},{\"@type\":\"BreadcrumbList\",\"@id\":\"https:\\\/\\\/www.swisscrochet.ch\\\/de\\\/produkt\\\/linda-skuja-novembris-tuch\\\/#breadcrumb\",\"itemListElement\":[{\"@type\":\"ListItem\",\"position\":1,\"name\":\"Home\",\"item\":\"https:\\\/\\\/www.swisscrochet.ch\\\/de\\\/\"},{\"@type\":\"ListItem\",\"position\":2,\"name\":\"Shop\",\"item\":\"https:\\\/\\\/www.swisscrochet.ch\\\/de\\\/shop\\\/\"},{\"@type\":\"ListItem\",\"position\":3,\"name\":\"Linda Skuja &#8211; Novembris Tuch\"}]},{\"@type\":\"WebSite\",\"@id\":\"https:\\\/\\\/www.swisscrochet.ch\\\/#website\",\"url\":\"https:\\\/\\\/www.swisscrochet.ch\\\/\",\"name\":\"Swiss Crochet\",\"description\":\"Entfalte dein kreatives Potenzial\",\"potentialAction\":[{\"@type\":\"SearchAction\",\"target\":{\"@type\":\"EntryPoint\",\"urlTemplate\":\"https:\\\/\\\/www.swisscrochet.ch\\\/?s={search_term_string}\"},\"query-input\":{\"@type\":\"PropertyValueSpecification\",\"valueRequired\":true,\"valueName\":\"search_term_string\"}}],\"inLanguage\":\"de\"}]}<\/script>\n<!-- \/ Yoast SEO plugin. -->","yoast_head_json":{"title":"Linda Skuja - Novembris Tuch &#171; Swiss Crochet","description":"Novembris-Tuch H\u00e4kelanleitung: Von der Kante zur Spitze mit verk\u00fcrzten Reihen und flacher Zopftextur gearbeitet.","robots":{"index":"index","follow":"follow","max-snippet":"max-snippet:-1","max-image-preview":"max-image-preview:large","max-video-preview":"max-video-preview:-1"},"canonical":"https:\/\/www.swisscrochet.ch\/de\/produkt\/linda-skuja-novembris-tuch\/","og_locale":"de_DE","og_type":"article","og_title":"Linda Skuja - Novembris Tuch &#171; Swiss Crochet","og_description":"Novembris-Tuch H\u00e4kelanleitung: Von der Kante zur Spitze mit verk\u00fcrzten Reihen und flacher Zopftextur gearbeitet.","og_url":"https:\/\/www.swisscrochet.ch\/de\/produkt\/linda-skuja-novembris-tuch\/","og_site_name":"Swiss Crochet","article_modified_time":"2026-02-24T19:18:04+00:00","og_image":[{"width":733,"height":1100,"url":"https:\/\/www.swisscrochet.ch\/wp-content\/uploads\/2026\/02\/Novembris-Shawl-1.jpg","type":"image\/jpeg"}],"twitter_card":"summary_large_image","twitter_misc":{"Gesch\u00e4tzte Lesezeit":"1\u00a0Minute"},"schema":{"@context":"https:\/\/schema.org","@graph":[{"@type":["WebPage","ItemPage"],"@id":"https:\/\/www.swisscrochet.ch\/de\/produkt\/linda-skuja-novembris-tuch\/","url":"https:\/\/www.swisscrochet.ch\/de\/produkt\/linda-skuja-novembris-tuch\/","name":"Linda Skuja - Novembris Tuch &#171; Swiss Crochet","isPartOf":{"@id":"https:\/\/www.swisscrochet.ch\/#website"},"primaryImageOfPage":{"@id":"https:\/\/www.swisscrochet.ch\/de\/produkt\/linda-skuja-novembris-tuch\/#primaryimage"},"image":{"@id":"https:\/\/www.swisscrochet.ch\/de\/produkt\/linda-skuja-novembris-tuch\/#primaryimage"},"thumbnailUrl":"https:\/\/www.swisscrochet.ch\/wp-content\/uploads\/2026\/02\/Novembris-Shawl-1.jpg","datePublished":"2026-02-23T19:29:55+00:00","dateModified":"2026-02-24T19:18:04+00:00","description":"Novembris-Tuch H\u00e4kelanleitung: Von der Kante zur Spitze mit verk\u00fcrzten Reihen und flacher Zopftextur gearbeitet.","breadcrumb":{"@id":"https:\/\/www.swisscrochet.ch\/de\/produkt\/linda-skuja-novembris-tuch\/#breadcrumb"},"inLanguage":"de","potentialAction":[{"@type":"ReadAction","target":["https:\/\/www.swisscrochet.ch\/de\/produkt\/linda-skuja-novembris-tuch\/"]}]},{"@type":"ImageObject","inLanguage":"de","@id":"https:\/\/www.swisscrochet.ch\/de\/produkt\/linda-skuja-novembris-tuch\/#primaryimage","url":"https:\/\/www.swisscrochet.ch\/wp-content\/uploads\/2026\/02\/Novembris-Shawl-1.jpg","contentUrl":"https:\/\/www.swisscrochet.ch\/wp-content\/uploads\/2026\/02\/Novembris-Shawl-1.jpg","width":733,"height":1100},{"@type":"BreadcrumbList","@id":"https:\/\/www.swisscrochet.ch\/de\/produkt\/linda-skuja-novembris-tuch\/#breadcrumb","itemListElement":[{"@type":"ListItem","position":1,"name":"Home","item":"https:\/\/www.swisscrochet.ch\/de\/"},{"@type":"ListItem","position":2,"name":"Shop","item":"https:\/\/www.swisscrochet.ch\/de\/shop\/"},{"@type":"ListItem","position":3,"name":"Linda Skuja &#8211; Novembris Tuch"}]},{"@type":"WebSite","@id":"https:\/\/www.swisscrochet.ch\/#website","url":"https:\/\/www.swisscrochet.ch\/","name":"Swiss Crochet","description":"Entfalte dein kreatives Potenzial","potentialAction":[{"@type":"SearchAction","target":{"@type":"EntryPoint","urlTemplate":"https:\/\/www.swisscrochet.ch\/?s={search_term_string}"},"query-input":{"@type":"PropertyValueSpecification","valueRequired":true,"valueName":"search_term_string"}}],"inLanguage":"de"}]}},"_links":{"self":[{"href":"https:\/\/www.swisscrochet.ch\/de\/wp-json\/wp\/v2\/product\/24792","targetHints":{"allow":["GET"]}}],"collection":[{"href":"https:\/\/www.swisscrochet.ch\/de\/wp-json\/wp\/v2\/product"}],"about":[{"href":"https:\/\/www.swisscrochet.ch\/de\/wp-json\/wp\/v2\/types\/product"}],"wp:featuredmedia":[{"embeddable":true,"href":"https:\/\/www.swisscrochet.ch\/de\/wp-json\/wp\/v2\/media\/24749"}],"wp:attachment":[{"href":"https:\/\/www.swisscrochet.ch\/de\/wp-json\/wp\/v2\/media?parent=24792"}],"wp:term":[{"taxonomy":"product_brand","embeddable":true,"href":"https:\/\/www.swisscrochet.ch\/de\/wp-json\/wp\/v2\/product_brand?post=24792"},{"taxonomy":"product_cat","embeddable":true,"href":"https:\/\/www.swisscrochet.ch\/de\/wp-json\/wp\/v2\/product_cat?post=24792"},{"taxonomy":"product_tag","embeddable":true,"href":"https:\/\/www.swisscrochet.ch\/de\/wp-json\/wp\/v2\/product_tag?post=24792"}],"curies":[{"name":"wp","href":"https:\/\/api.w.org\/{rel}","templated":true}]}}