{"id":24795,"date":"2026-02-23T20:21:26","date_gmt":"2026-02-23T19:21:26","guid":{"rendered":"https:\/\/www.swisscrochet.ch\/product\/linda-skuja-flow-top\/"},"modified":"2026-02-24T20:20:10","modified_gmt":"2026-02-24T19:20:10","slug":"linda-skuja-flow-top","status":"publish","type":"product","link":"https:\/\/www.swisscrochet.ch\/de\/produkt\/linda-skuja-flow-top\/","title":{"rendered":"Linda Skuja &#8211; Flow Top"},"content":{"rendered":"<p><strong>Garn<\/strong><br \/>\n&#8211;&gt; F\u00fcr dieses Projekt kannst du das Garn <a href=\"https:\/\/www.swisscrochet.ch\/de\/produkt\/el-d-mouzakis-butterfly-super-10\/\">Super 10<\/a> verwenden.<\/p>\n<p>Gesamtlaufl\u00e4nge pro Gr\u00f6sse und L\u00e4nge:<br \/>\nCropped-L\u00e4nge: 480 (600, 720, 840, 960) m<br \/>\nRegul\u00e4re L\u00e4nge: 720 (840, 960, 1080, 1200) m<\/p>\n<p><strong>H\u00e4kelnadel<\/strong><br \/>\n5 mm \/ US H oder Gr\u00f6sse, um die Maschenprobe zu erreichen<\/p>\n<p><strong>Zubeh\u00f6r<\/strong><br \/>\n1 Maschenmarkierer<br \/>\nGarnnadel<\/p>\n<p><strong>Maschenprobe<\/strong><br \/>\n21 M x 15 R = 4\u201d \/ 10 cm \u00fcber den h\u00f6chsten Teil des Hauptmusters<br \/>\n21 M x 13 R = 4\u201d \/ 10 cm gemessen \u00fcber die Reihen 1\u201313 der Maschenprobe<\/p>\n<p><strong>Gr\u00f6ssen<\/strong><br \/>\n1 (2, 3, 4, 5)<\/p>\n<p>Fertiger Brustumfang:<br \/>\n33 (41.5, 50.5, 59, 67.5) in \/ 84 (106, 128, 150, 172) cm<\/p>\n<p>Entworfen mit 4 \u2013 8\u2019\u2019 \/ 10\u201320 cm Mehrweite.<\/p>\n<p>Cropped-L\u00e4nge = 16.5 in \/ 42 cm<br \/>\nRegul\u00e4re L\u00e4nge = 23.25 in \/ 59 cm<\/p>\n<p><strong>Erforderliche Kenntnisse\/Verwendete Techniken<\/strong><br \/>\nErfahrung im Lesen und Umsetzen schriftlicher H\u00e4kelanleitungen (CYC-Standards).<br \/>\nErfahrung im Anfertigen und Zusammenn\u00e4hen geh\u00e4kelter Tops.<\/p>\n","protected":false},"excerpt":{"rendered":"<p>Das Flow Top ist ein luftiges, modernes Sommer-H\u00e4kelst\u00fcck, das sich mit dir bewegt. Es wird seitlich geh\u00e4kelt. R\u00fcckenteil und Vorderteil werden separat gearbeitet und anschliessend an Schultern und Seiten zusammengen\u00e4ht. Zum Schluss wird die Halsblende gearbeitet.<\/p>\n<p>Anleitungen f\u00fcr die Cropped- (gezeigt) und die regul\u00e4re L\u00e4nge sind enthalten.<\/p>\n<p>Siehe die vollst\u00e4ndige Beschreibung unten f\u00fcr weitere Informationen zur Anleitung.<\/p>\n<p>&#8211;&gt; Mit dem Kauf dieser Anleitung erh\u00e4ltst du Zugriff auf <strong>den Download der Anleitung im digitalen PDF-Format<\/strong>, auf Englisch und Deutsch.<\/p>\n<p>Weitere Fotos zur Anleitung und fertige Projekte findest du auf <a href=\"https:\/\/www.ravelry.com\/patterns\/library\/flow-top-2\">Ravelry<\/a>.<\/p>\n","protected":false},"featured_media":24725,"template":"","meta":[],"product_brand":[],"product_cat":[229],"product_tag":[1987],"class_list":{"0":"post-24795","1":"product","2":"type-product","3":"status-publish","4":"has-post-thumbnail","6":"product_cat-anleitungen","7":"product_tag-lindaskuja","8":"pa_b1-language-deutsch","9":"pa_b1-language-englisch","10":"pa_b11-author-designer-linda-skuja-de","11":"description-off","13":"first","14":"instock","15":"virtual","16":"taxable","17":"purchasable","18":"product-type-simple"},"bundled_by":["25689"],"bundle_stock_status":"instock","bundle_stock_quantity":null,"bundle_virtual":false,"bundle_layout":"","bundle_add_to_cart_form_location":"","bundle_editable_in_cart":false,"bundle_sold_individually_context":"","bundle_item_grouping":"","bundle_min_size":"","bundle_max_size":"","bundle_price":[],"bundled_items":[],"bundle_sell_ids":[],"yoast_head":"<!-- This site is optimized with the Yoast SEO plugin v27.3 - https:\/\/yoast.com\/product\/yoast-seo-wordpress\/ -->\n<title>Linda Skuja - Flow Top &#171; Swiss Crochet<\/title>\n<meta name=\"description\" content=\"Flow Top H\u00e4kelanleitung: Modernes Sommertop, seitlich geh\u00e4kelt, mit Optionen f\u00fcr Cropped- und regul\u00e4re L\u00e4nge.\" \/>\n<meta name=\"robots\" content=\"index, follow, max-snippet:-1, max-image-preview:large, max-video-preview:-1\" \/>\n<link rel=\"canonical\" href=\"https:\/\/www.swisscrochet.ch\/de\/produkt\/linda-skuja-flow-top\/\" \/>\n<meta property=\"og:locale\" content=\"de_DE\" \/>\n<meta property=\"og:type\" content=\"article\" \/>\n<meta property=\"og:title\" content=\"Linda Skuja - Flow Top &#171; Swiss Crochet\" \/>\n<meta property=\"og:description\" content=\"Flow Top H\u00e4kelanleitung: Modernes Sommertop, seitlich geh\u00e4kelt, mit Optionen f\u00fcr Cropped- und regul\u00e4re L\u00e4nge.\" \/>\n<meta property=\"og:url\" content=\"https:\/\/www.swisscrochet.ch\/de\/produkt\/linda-skuja-flow-top\/\" \/>\n<meta property=\"og:site_name\" content=\"Swiss Crochet\" \/>\n<meta property=\"article:modified_time\" content=\"2026-02-24T19:20:10+00:00\" \/>\n<meta property=\"og:image\" content=\"https:\/\/www.swisscrochet.ch\/wp-content\/uploads\/2026\/02\/Flow-Top-1.jpg\" \/>\n\t<meta property=\"og:image:width\" content=\"733\" \/>\n\t<meta property=\"og:image:height\" content=\"1100\" \/>\n\t<meta property=\"og:image:type\" content=\"image\/jpeg\" \/>\n<meta name=\"twitter:card\" content=\"summary_large_image\" \/>\n<meta name=\"twitter:label1\" content=\"Gesch\u00e4tzte Lesezeit\" \/>\n\t<meta name=\"twitter:data1\" content=\"1\u00a0Minute\" \/>\n<script type=\"application\/ld+json\" class=\"yoast-schema-graph\">{\"@context\":\"https:\\\/\\\/schema.org\",\"@graph\":[{\"@type\":[\"WebPage\",\"ItemPage\"],\"@id\":\"https:\\\/\\\/www.swisscrochet.ch\\\/de\\\/produkt\\\/linda-skuja-flow-top\\\/\",\"url\":\"https:\\\/\\\/www.swisscrochet.ch\\\/de\\\/produkt\\\/linda-skuja-flow-top\\\/\",\"name\":\"Linda Skuja - Flow Top &#171; Swiss Crochet\",\"isPartOf\":{\"@id\":\"https:\\\/\\\/www.swisscrochet.ch\\\/#website\"},\"primaryImageOfPage\":{\"@id\":\"https:\\\/\\\/www.swisscrochet.ch\\\/de\\\/produkt\\\/linda-skuja-flow-top\\\/#primaryimage\"},\"image\":{\"@id\":\"https:\\\/\\\/www.swisscrochet.ch\\\/de\\\/produkt\\\/linda-skuja-flow-top\\\/#primaryimage\"},\"thumbnailUrl\":\"https:\\\/\\\/www.swisscrochet.ch\\\/wp-content\\\/uploads\\\/2026\\\/02\\\/Flow-Top-1.jpg\",\"datePublished\":\"2026-02-23T19:21:26+00:00\",\"dateModified\":\"2026-02-24T19:20:10+00:00\",\"description\":\"Flow Top H\u00e4kelanleitung: Modernes Sommertop, seitlich geh\u00e4kelt, mit Optionen f\u00fcr Cropped- und regul\u00e4re L\u00e4nge.\",\"breadcrumb\":{\"@id\":\"https:\\\/\\\/www.swisscrochet.ch\\\/de\\\/produkt\\\/linda-skuja-flow-top\\\/#breadcrumb\"},\"inLanguage\":\"de\",\"potentialAction\":[{\"@type\":\"ReadAction\",\"target\":[\"https:\\\/\\\/www.swisscrochet.ch\\\/de\\\/produkt\\\/linda-skuja-flow-top\\\/\"]}]},{\"@type\":\"ImageObject\",\"inLanguage\":\"de\",\"@id\":\"https:\\\/\\\/www.swisscrochet.ch\\\/de\\\/produkt\\\/linda-skuja-flow-top\\\/#primaryimage\",\"url\":\"https:\\\/\\\/www.swisscrochet.ch\\\/wp-content\\\/uploads\\\/2026\\\/02\\\/Flow-Top-1.jpg\",\"contentUrl\":\"https:\\\/\\\/www.swisscrochet.ch\\\/wp-content\\\/uploads\\\/2026\\\/02\\\/Flow-Top-1.jpg\",\"width\":733,\"height\":1100},{\"@type\":\"BreadcrumbList\",\"@id\":\"https:\\\/\\\/www.swisscrochet.ch\\\/de\\\/produkt\\\/linda-skuja-flow-top\\\/#breadcrumb\",\"itemListElement\":[{\"@type\":\"ListItem\",\"position\":1,\"name\":\"Home\",\"item\":\"https:\\\/\\\/www.swisscrochet.ch\\\/de\\\/\"},{\"@type\":\"ListItem\",\"position\":2,\"name\":\"Shop\",\"item\":\"https:\\\/\\\/www.swisscrochet.ch\\\/de\\\/shop\\\/\"},{\"@type\":\"ListItem\",\"position\":3,\"name\":\"Linda Skuja &#8211; Flow Top\"}]},{\"@type\":\"WebSite\",\"@id\":\"https:\\\/\\\/www.swisscrochet.ch\\\/#website\",\"url\":\"https:\\\/\\\/www.swisscrochet.ch\\\/\",\"name\":\"Swiss Crochet\",\"description\":\"Entfalte dein kreatives Potenzial\",\"potentialAction\":[{\"@type\":\"SearchAction\",\"target\":{\"@type\":\"EntryPoint\",\"urlTemplate\":\"https:\\\/\\\/www.swisscrochet.ch\\\/?s={search_term_string}\"},\"query-input\":{\"@type\":\"PropertyValueSpecification\",\"valueRequired\":true,\"valueName\":\"search_term_string\"}}],\"inLanguage\":\"de\"}]}<\/script>\n<!-- \/ Yoast SEO plugin. -->","yoast_head_json":{"title":"Linda Skuja - Flow Top &#171; Swiss Crochet","description":"Flow Top H\u00e4kelanleitung: Modernes Sommertop, seitlich geh\u00e4kelt, mit Optionen f\u00fcr Cropped- und regul\u00e4re L\u00e4nge.","robots":{"index":"index","follow":"follow","max-snippet":"max-snippet:-1","max-image-preview":"max-image-preview:large","max-video-preview":"max-video-preview:-1"},"canonical":"https:\/\/www.swisscrochet.ch\/de\/produkt\/linda-skuja-flow-top\/","og_locale":"de_DE","og_type":"article","og_title":"Linda Skuja - Flow Top &#171; Swiss Crochet","og_description":"Flow Top H\u00e4kelanleitung: Modernes Sommertop, seitlich geh\u00e4kelt, mit Optionen f\u00fcr Cropped- und regul\u00e4re L\u00e4nge.","og_url":"https:\/\/www.swisscrochet.ch\/de\/produkt\/linda-skuja-flow-top\/","og_site_name":"Swiss Crochet","article_modified_time":"2026-02-24T19:20:10+00:00","og_image":[{"width":733,"height":1100,"url":"https:\/\/www.swisscrochet.ch\/wp-content\/uploads\/2026\/02\/Flow-Top-1.jpg","type":"image\/jpeg"}],"twitter_card":"summary_large_image","twitter_misc":{"Gesch\u00e4tzte Lesezeit":"1\u00a0Minute"},"schema":{"@context":"https:\/\/schema.org","@graph":[{"@type":["WebPage","ItemPage"],"@id":"https:\/\/www.swisscrochet.ch\/de\/produkt\/linda-skuja-flow-top\/","url":"https:\/\/www.swisscrochet.ch\/de\/produkt\/linda-skuja-flow-top\/","name":"Linda Skuja - Flow Top &#171; Swiss Crochet","isPartOf":{"@id":"https:\/\/www.swisscrochet.ch\/#website"},"primaryImageOfPage":{"@id":"https:\/\/www.swisscrochet.ch\/de\/produkt\/linda-skuja-flow-top\/#primaryimage"},"image":{"@id":"https:\/\/www.swisscrochet.ch\/de\/produkt\/linda-skuja-flow-top\/#primaryimage"},"thumbnailUrl":"https:\/\/www.swisscrochet.ch\/wp-content\/uploads\/2026\/02\/Flow-Top-1.jpg","datePublished":"2026-02-23T19:21:26+00:00","dateModified":"2026-02-24T19:20:10+00:00","description":"Flow Top H\u00e4kelanleitung: Modernes Sommertop, seitlich geh\u00e4kelt, mit Optionen f\u00fcr Cropped- und regul\u00e4re L\u00e4nge.","breadcrumb":{"@id":"https:\/\/www.swisscrochet.ch\/de\/produkt\/linda-skuja-flow-top\/#breadcrumb"},"inLanguage":"de","potentialAction":[{"@type":"ReadAction","target":["https:\/\/www.swisscrochet.ch\/de\/produkt\/linda-skuja-flow-top\/"]}]},{"@type":"ImageObject","inLanguage":"de","@id":"https:\/\/www.swisscrochet.ch\/de\/produkt\/linda-skuja-flow-top\/#primaryimage","url":"https:\/\/www.swisscrochet.ch\/wp-content\/uploads\/2026\/02\/Flow-Top-1.jpg","contentUrl":"https:\/\/www.swisscrochet.ch\/wp-content\/uploads\/2026\/02\/Flow-Top-1.jpg","width":733,"height":1100},{"@type":"BreadcrumbList","@id":"https:\/\/www.swisscrochet.ch\/de\/produkt\/linda-skuja-flow-top\/#breadcrumb","itemListElement":[{"@type":"ListItem","position":1,"name":"Home","item":"https:\/\/www.swisscrochet.ch\/de\/"},{"@type":"ListItem","position":2,"name":"Shop","item":"https:\/\/www.swisscrochet.ch\/de\/shop\/"},{"@type":"ListItem","position":3,"name":"Linda Skuja &#8211; Flow Top"}]},{"@type":"WebSite","@id":"https:\/\/www.swisscrochet.ch\/#website","url":"https:\/\/www.swisscrochet.ch\/","name":"Swiss Crochet","description":"Entfalte dein kreatives Potenzial","potentialAction":[{"@type":"SearchAction","target":{"@type":"EntryPoint","urlTemplate":"https:\/\/www.swisscrochet.ch\/?s={search_term_string}"},"query-input":{"@type":"PropertyValueSpecification","valueRequired":true,"valueName":"search_term_string"}}],"inLanguage":"de"}]}},"_links":{"self":[{"href":"https:\/\/www.swisscrochet.ch\/de\/wp-json\/wp\/v2\/product\/24795","targetHints":{"allow":["GET"]}}],"collection":[{"href":"https:\/\/www.swisscrochet.ch\/de\/wp-json\/wp\/v2\/product"}],"about":[{"href":"https:\/\/www.swisscrochet.ch\/de\/wp-json\/wp\/v2\/types\/product"}],"wp:featuredmedia":[{"embeddable":true,"href":"https:\/\/www.swisscrochet.ch\/de\/wp-json\/wp\/v2\/media\/24725"}],"wp:attachment":[{"href":"https:\/\/www.swisscrochet.ch\/de\/wp-json\/wp\/v2\/media?parent=24795"}],"wp:term":[{"taxonomy":"product_brand","embeddable":true,"href":"https:\/\/www.swisscrochet.ch\/de\/wp-json\/wp\/v2\/product_brand?post=24795"},{"taxonomy":"product_cat","embeddable":true,"href":"https:\/\/www.swisscrochet.ch\/de\/wp-json\/wp\/v2\/product_cat?post=24795"},{"taxonomy":"product_tag","embeddable":true,"href":"https:\/\/www.swisscrochet.ch\/de\/wp-json\/wp\/v2\/product_tag?post=24795"}],"curies":[{"name":"wp","href":"https:\/\/api.w.org\/{rel}","templated":true}]}}