{"id":24798,"date":"2026-02-23T20:01:30","date_gmt":"2026-02-23T19:01:30","guid":{"rendered":"https:\/\/www.swisscrochet.ch\/product\/linda-skuja-goldenrod-sweater\/"},"modified":"2026-02-24T20:23:17","modified_gmt":"2026-02-24T19:23:17","slug":"linda-skuja-goldenrod-pullover","status":"publish","type":"product","link":"https:\/\/www.swisscrochet.ch\/de\/produkt\/linda-skuja-goldenrod-pullover\/","title":{"rendered":"Linda Skuja &#8211; Goldenrod Pullover"},"content":{"rendered":"<p><strong>Garn<\/strong><br \/>\n&#8211;&gt; F\u00fcr dieses Projekt kannst du das Garn <a href=\"https:\/\/www.swisscrochet.ch\/de\/produkt\/swiss-crochet-kirke\/\">Kirke<\/a> oder <a href=\"https:\/\/www.swisscrochet.ch\/de\/produkt\/el-d-mouzakis-butterfly-super-10\/\">Super 10<\/a> verwenden.<\/p>\n<p>Gesamtlaufl\u00e4nge pro Gr\u00f6sse:<br \/>\n1.250 (1.400, 1.600, 1.850, 2.050) (2.350, 2.500, 2.650) m<\/p>\n<p><strong>H\u00e4kelnadel<\/strong><br \/>\n4.5 mm \/ US 7 oder Gr\u00f6sse, um die Maschenprobe zu erreichen<\/p>\n<p><strong>Maschenprobe<\/strong><br \/>\n1 Puffmaschen-Cluster (Puff, 1 Lm-Raum, Puff) misst 0.75 in \/ 2 cm in der Breite.<br \/>\nPasse-Reihen-Maschenprobe: 7 Reihen = 4 in \/ 10 cm.<br \/>\nAnfangsketten-Maschenprobe: 16 M = 4 in \/ 10 cm.<br \/>\nStb-Maschenprobe: 16 M und 10 R = 4 in \/ 10 cm.<\/p>\n<p><strong>Gr\u00f6ssen<\/strong><br \/>\n1 (2, 3, 4, 5) (6, 7, 8)<\/p>\n<p>Fertiger Brustumfang:<br \/>\n33.25 (37.25, 42.5, 49.25, 54.75) (62, 67, 69.5) in \/ 83 (93, 106, 123, 137) (155, 167.5, 174) cm<\/p>\n<p>Passend f\u00fcr Brustumfang:<br \/>\nbis 28 (28\u201332, 32\u201338, 38\u201344, 44\u201350) (50\u201356, 56\u201360, 60\u201364) in \/ 71 (71\u201381, 81\u201396, 96\u2013112, 112\u2013127) (127\u2013142, 142\u2013152, 152\u2013162) cm<\/p>\n<p>Entworfen mit: 4\u20139 in \/ 10\u201322 cm Mehrweite<\/p>\n<p><strong>Erforderliche Kenntnisse\/Verwendete Techniken<\/strong><br \/>\nErfahrung im Lesen und Umsetzen einer schriftlichen H\u00e4kelanleitung (CYC-Standards).<br \/>\nErfahrung im H\u00e4keln von Top-Down-Pullovern sowie im fachgerechten Spannen eines H\u00e4kelst\u00fccks entsprechend der Faserart.<\/p>\n","protected":false},"excerpt":{"rendered":"<p>Wundersch\u00f6ne Linien aus Puffmaschen fliessen kaskadenartig nach unten und verleihen dem Goldenrod Sweater eine elegante, fast k\u00f6nigliche Ausstrahlung. Dieses einteilige Kleidungsst\u00fcck wird nahtlos von oben nach unten in Runden gearbeitet.<\/p>\n<p>Die Anleitung umfasst 8 Gr\u00f6ssen und enth\u00e4lt Hinweise zum Verl\u00e4ngern oder Verk\u00fcrzen von K\u00f6rper und \u00c4rmeln. Der Sweater ist f\u00fcr eine Mehrweite von 4\u20139 in \/ 12\u201322 cm konzipiert.<\/p>\n<p>Siehe die vollst\u00e4ndige Beschreibung unten f\u00fcr weitere Informationen zur Anleitung.<\/p>\n<p>&#8211;&gt; Mit dem Kauf dieser Anleitung erh\u00e4ltst du Zugriff auf <strong>den Download der Anleitung im digitalen PDF-Format<\/strong>, auf Englisch und Deutsch.<\/p>\n<p>Weitere Fotos zur Anleitung und fertige Projekte findest du auf <a href=\"https:\/\/www.ravelry.com\/patterns\/library\/goldenrod-sweater\">Ravelry<\/a>.<\/p>\n","protected":false},"featured_media":24713,"template":"","meta":[],"product_brand":[],"product_cat":[229],"product_tag":[],"class_list":{"0":"post-24798","1":"product","2":"type-product","3":"status-publish","4":"has-post-thumbnail","6":"product_cat-anleitungen","7":"pa_b1-language-deutsch","8":"pa_b1-language-englisch","9":"pa_b11-author-designer-linda-skuja-de","10":"description-off","12":"first","13":"instock","14":"virtual","15":"taxable","16":"purchasable","17":"product-type-simple"},"bundled_by":["25709"],"bundle_stock_status":"instock","bundle_stock_quantity":null,"bundle_virtual":false,"bundle_layout":"","bundle_add_to_cart_form_location":"","bundle_editable_in_cart":false,"bundle_sold_individually_context":"","bundle_item_grouping":"","bundle_min_size":"","bundle_max_size":"","bundle_price":[],"bundled_items":[],"bundle_sell_ids":[],"yoast_head":"<!-- This site is optimized with the Yoast SEO plugin v27.3 - https:\/\/yoast.com\/product\/yoast-seo-wordpress\/ -->\n<title>Linda Skuja - Goldenrod Pullover &#171; Swiss Crochet<\/title>\n<meta name=\"description\" content=\"Goldenrod Pullover H\u00e4kelanleitung: Nahtloses Top-Down-Design mit Puffmaschen, 8 Gr\u00f6ssen, anpassbare L\u00e4nge, Englisch und Deutsch.\" \/>\n<meta name=\"robots\" content=\"index, follow, max-snippet:-1, max-image-preview:large, max-video-preview:-1\" \/>\n<link rel=\"canonical\" href=\"https:\/\/www.swisscrochet.ch\/de\/produkt\/linda-skuja-goldenrod-pullover\/\" \/>\n<meta property=\"og:locale\" content=\"de_DE\" \/>\n<meta property=\"og:type\" content=\"article\" \/>\n<meta property=\"og:title\" content=\"Linda Skuja - Goldenrod Pullover &#171; Swiss Crochet\" \/>\n<meta property=\"og:description\" content=\"Goldenrod Pullover H\u00e4kelanleitung: Nahtloses Top-Down-Design mit Puffmaschen, 8 Gr\u00f6ssen, anpassbare L\u00e4nge, Englisch und Deutsch.\" \/>\n<meta property=\"og:url\" content=\"https:\/\/www.swisscrochet.ch\/de\/produkt\/linda-skuja-goldenrod-pullover\/\" \/>\n<meta property=\"og:site_name\" content=\"Swiss Crochet\" \/>\n<meta property=\"article:modified_time\" content=\"2026-02-24T19:23:17+00:00\" \/>\n<meta property=\"og:image\" content=\"https:\/\/www.swisscrochet.ch\/wp-content\/uploads\/2026\/02\/Goldenrod-Sweater-1.jpg\" \/>\n\t<meta property=\"og:image:width\" content=\"733\" \/>\n\t<meta property=\"og:image:height\" content=\"1100\" \/>\n\t<meta property=\"og:image:type\" content=\"image\/jpeg\" \/>\n<meta name=\"twitter:card\" content=\"summary_large_image\" \/>\n<meta name=\"twitter:label1\" content=\"Gesch\u00e4tzte Lesezeit\" \/>\n\t<meta name=\"twitter:data1\" content=\"1\u00a0Minute\" \/>\n<script type=\"application\/ld+json\" class=\"yoast-schema-graph\">{\"@context\":\"https:\\\/\\\/schema.org\",\"@graph\":[{\"@type\":[\"WebPage\",\"ItemPage\"],\"@id\":\"https:\\\/\\\/www.swisscrochet.ch\\\/de\\\/produkt\\\/linda-skuja-goldenrod-pullover\\\/\",\"url\":\"https:\\\/\\\/www.swisscrochet.ch\\\/de\\\/produkt\\\/linda-skuja-goldenrod-pullover\\\/\",\"name\":\"Linda Skuja - Goldenrod Pullover &#171; Swiss Crochet\",\"isPartOf\":{\"@id\":\"https:\\\/\\\/www.swisscrochet.ch\\\/#website\"},\"primaryImageOfPage\":{\"@id\":\"https:\\\/\\\/www.swisscrochet.ch\\\/de\\\/produkt\\\/linda-skuja-goldenrod-pullover\\\/#primaryimage\"},\"image\":{\"@id\":\"https:\\\/\\\/www.swisscrochet.ch\\\/de\\\/produkt\\\/linda-skuja-goldenrod-pullover\\\/#primaryimage\"},\"thumbnailUrl\":\"https:\\\/\\\/www.swisscrochet.ch\\\/wp-content\\\/uploads\\\/2026\\\/02\\\/Goldenrod-Sweater-1.jpg\",\"datePublished\":\"2026-02-23T19:01:30+00:00\",\"dateModified\":\"2026-02-24T19:23:17+00:00\",\"description\":\"Goldenrod Pullover H\u00e4kelanleitung: Nahtloses Top-Down-Design mit Puffmaschen, 8 Gr\u00f6ssen, anpassbare L\u00e4nge, Englisch und Deutsch.\",\"breadcrumb\":{\"@id\":\"https:\\\/\\\/www.swisscrochet.ch\\\/de\\\/produkt\\\/linda-skuja-goldenrod-pullover\\\/#breadcrumb\"},\"inLanguage\":\"de\",\"potentialAction\":[{\"@type\":\"ReadAction\",\"target\":[\"https:\\\/\\\/www.swisscrochet.ch\\\/de\\\/produkt\\\/linda-skuja-goldenrod-pullover\\\/\"]}]},{\"@type\":\"ImageObject\",\"inLanguage\":\"de\",\"@id\":\"https:\\\/\\\/www.swisscrochet.ch\\\/de\\\/produkt\\\/linda-skuja-goldenrod-pullover\\\/#primaryimage\",\"url\":\"https:\\\/\\\/www.swisscrochet.ch\\\/wp-content\\\/uploads\\\/2026\\\/02\\\/Goldenrod-Sweater-1.jpg\",\"contentUrl\":\"https:\\\/\\\/www.swisscrochet.ch\\\/wp-content\\\/uploads\\\/2026\\\/02\\\/Goldenrod-Sweater-1.jpg\",\"width\":733,\"height\":1100},{\"@type\":\"BreadcrumbList\",\"@id\":\"https:\\\/\\\/www.swisscrochet.ch\\\/de\\\/produkt\\\/linda-skuja-goldenrod-pullover\\\/#breadcrumb\",\"itemListElement\":[{\"@type\":\"ListItem\",\"position\":1,\"name\":\"Home\",\"item\":\"https:\\\/\\\/www.swisscrochet.ch\\\/de\\\/\"},{\"@type\":\"ListItem\",\"position\":2,\"name\":\"Shop\",\"item\":\"https:\\\/\\\/www.swisscrochet.ch\\\/de\\\/shop\\\/\"},{\"@type\":\"ListItem\",\"position\":3,\"name\":\"Linda Skuja &#8211; Goldenrod Pullover\"}]},{\"@type\":\"WebSite\",\"@id\":\"https:\\\/\\\/www.swisscrochet.ch\\\/#website\",\"url\":\"https:\\\/\\\/www.swisscrochet.ch\\\/\",\"name\":\"Swiss Crochet\",\"description\":\"Entfalte dein kreatives Potenzial\",\"potentialAction\":[{\"@type\":\"SearchAction\",\"target\":{\"@type\":\"EntryPoint\",\"urlTemplate\":\"https:\\\/\\\/www.swisscrochet.ch\\\/?s={search_term_string}\"},\"query-input\":{\"@type\":\"PropertyValueSpecification\",\"valueRequired\":true,\"valueName\":\"search_term_string\"}}],\"inLanguage\":\"de\"}]}<\/script>\n<!-- \/ Yoast SEO plugin. -->","yoast_head_json":{"title":"Linda Skuja - Goldenrod Pullover &#171; Swiss Crochet","description":"Goldenrod Pullover H\u00e4kelanleitung: Nahtloses Top-Down-Design mit Puffmaschen, 8 Gr\u00f6ssen, anpassbare L\u00e4nge, Englisch und Deutsch.","robots":{"index":"index","follow":"follow","max-snippet":"max-snippet:-1","max-image-preview":"max-image-preview:large","max-video-preview":"max-video-preview:-1"},"canonical":"https:\/\/www.swisscrochet.ch\/de\/produkt\/linda-skuja-goldenrod-pullover\/","og_locale":"de_DE","og_type":"article","og_title":"Linda Skuja - Goldenrod Pullover &#171; Swiss Crochet","og_description":"Goldenrod Pullover H\u00e4kelanleitung: Nahtloses Top-Down-Design mit Puffmaschen, 8 Gr\u00f6ssen, anpassbare L\u00e4nge, Englisch und Deutsch.","og_url":"https:\/\/www.swisscrochet.ch\/de\/produkt\/linda-skuja-goldenrod-pullover\/","og_site_name":"Swiss Crochet","article_modified_time":"2026-02-24T19:23:17+00:00","og_image":[{"width":733,"height":1100,"url":"https:\/\/www.swisscrochet.ch\/wp-content\/uploads\/2026\/02\/Goldenrod-Sweater-1.jpg","type":"image\/jpeg"}],"twitter_card":"summary_large_image","twitter_misc":{"Gesch\u00e4tzte Lesezeit":"1\u00a0Minute"},"schema":{"@context":"https:\/\/schema.org","@graph":[{"@type":["WebPage","ItemPage"],"@id":"https:\/\/www.swisscrochet.ch\/de\/produkt\/linda-skuja-goldenrod-pullover\/","url":"https:\/\/www.swisscrochet.ch\/de\/produkt\/linda-skuja-goldenrod-pullover\/","name":"Linda Skuja - Goldenrod Pullover &#171; Swiss Crochet","isPartOf":{"@id":"https:\/\/www.swisscrochet.ch\/#website"},"primaryImageOfPage":{"@id":"https:\/\/www.swisscrochet.ch\/de\/produkt\/linda-skuja-goldenrod-pullover\/#primaryimage"},"image":{"@id":"https:\/\/www.swisscrochet.ch\/de\/produkt\/linda-skuja-goldenrod-pullover\/#primaryimage"},"thumbnailUrl":"https:\/\/www.swisscrochet.ch\/wp-content\/uploads\/2026\/02\/Goldenrod-Sweater-1.jpg","datePublished":"2026-02-23T19:01:30+00:00","dateModified":"2026-02-24T19:23:17+00:00","description":"Goldenrod Pullover H\u00e4kelanleitung: Nahtloses Top-Down-Design mit Puffmaschen, 8 Gr\u00f6ssen, anpassbare L\u00e4nge, Englisch und Deutsch.","breadcrumb":{"@id":"https:\/\/www.swisscrochet.ch\/de\/produkt\/linda-skuja-goldenrod-pullover\/#breadcrumb"},"inLanguage":"de","potentialAction":[{"@type":"ReadAction","target":["https:\/\/www.swisscrochet.ch\/de\/produkt\/linda-skuja-goldenrod-pullover\/"]}]},{"@type":"ImageObject","inLanguage":"de","@id":"https:\/\/www.swisscrochet.ch\/de\/produkt\/linda-skuja-goldenrod-pullover\/#primaryimage","url":"https:\/\/www.swisscrochet.ch\/wp-content\/uploads\/2026\/02\/Goldenrod-Sweater-1.jpg","contentUrl":"https:\/\/www.swisscrochet.ch\/wp-content\/uploads\/2026\/02\/Goldenrod-Sweater-1.jpg","width":733,"height":1100},{"@type":"BreadcrumbList","@id":"https:\/\/www.swisscrochet.ch\/de\/produkt\/linda-skuja-goldenrod-pullover\/#breadcrumb","itemListElement":[{"@type":"ListItem","position":1,"name":"Home","item":"https:\/\/www.swisscrochet.ch\/de\/"},{"@type":"ListItem","position":2,"name":"Shop","item":"https:\/\/www.swisscrochet.ch\/de\/shop\/"},{"@type":"ListItem","position":3,"name":"Linda Skuja &#8211; Goldenrod Pullover"}]},{"@type":"WebSite","@id":"https:\/\/www.swisscrochet.ch\/#website","url":"https:\/\/www.swisscrochet.ch\/","name":"Swiss Crochet","description":"Entfalte dein kreatives Potenzial","potentialAction":[{"@type":"SearchAction","target":{"@type":"EntryPoint","urlTemplate":"https:\/\/www.swisscrochet.ch\/?s={search_term_string}"},"query-input":{"@type":"PropertyValueSpecification","valueRequired":true,"valueName":"search_term_string"}}],"inLanguage":"de"}]}},"_links":{"self":[{"href":"https:\/\/www.swisscrochet.ch\/de\/wp-json\/wp\/v2\/product\/24798","targetHints":{"allow":["GET"]}}],"collection":[{"href":"https:\/\/www.swisscrochet.ch\/de\/wp-json\/wp\/v2\/product"}],"about":[{"href":"https:\/\/www.swisscrochet.ch\/de\/wp-json\/wp\/v2\/types\/product"}],"wp:featuredmedia":[{"embeddable":true,"href":"https:\/\/www.swisscrochet.ch\/de\/wp-json\/wp\/v2\/media\/24713"}],"wp:attachment":[{"href":"https:\/\/www.swisscrochet.ch\/de\/wp-json\/wp\/v2\/media?parent=24798"}],"wp:term":[{"taxonomy":"product_brand","embeddable":true,"href":"https:\/\/www.swisscrochet.ch\/de\/wp-json\/wp\/v2\/product_brand?post=24798"},{"taxonomy":"product_cat","embeddable":true,"href":"https:\/\/www.swisscrochet.ch\/de\/wp-json\/wp\/v2\/product_cat?post=24798"},{"taxonomy":"product_tag","embeddable":true,"href":"https:\/\/www.swisscrochet.ch\/de\/wp-json\/wp\/v2\/product_tag?post=24798"}],"curies":[{"name":"wp","href":"https:\/\/api.w.org\/{rel}","templated":true}]}}