{"id":24860,"date":"2026-02-25T20:33:53","date_gmt":"2026-02-25T19:33:53","guid":{"rendered":"https:\/\/www.swisscrochet.ch\/product\/geometric-journey-cal-yarn-kit\/"},"modified":"2026-02-25T20:40:36","modified_gmt":"2026-02-25T19:40:36","slug":"geometric-journey-cal-garnkit","status":"publish","type":"product","link":"https:\/\/www.swisscrochet.ch\/de\/produkt\/geometric-journey-cal-garnkit\/","title":{"rendered":"Geometric Journey CAL &#8211; Garnkit"},"content":{"rendered":"","protected":false},"excerpt":{"rendered":"<p><em>&#8222;In diesem CAL verwenden wir eine wendbare Mosaiktechnik, um die verschiedenen Mosaikmuster dieses Tuchs zu gestalten. Das bedeutet, dass das Tuch auf beiden Seiten gleich aussieht. Es gibt keine Vorder- oder R\u00fcckseite, und das Tuch sieht wundersch\u00f6n aus \u2013 egal, wie du es tr\u00e4gst. Ein zus\u00e4tzlicher Vorteil: Du schneidest das Garn erst ganz am Ende ab.<\/em><\/p>\n<p><em>Auch wenn diese Anleitung fortgeschritten wirkt, wird sie tats\u00e4chlich nur mit Grundh\u00e4kelmaschen gearbeitet (Luftmasche, Kettmasche, feste Masche und hSt). Wenn du diese Maschen beherrschst, kannst du dieses Tuch h\u00e4keln.<\/em><\/p>\n<p><em>Beim Schreiben der Anleitung war es mir wichtig, dass auch eine neue (abenteuerlustige) H\u00e4klerin gut folgen und das Projekt umsetzen kann. Jeder Teil der Anleitung enth\u00e4lt schriftliche Erkl\u00e4rungen, viele Fortschrittsfotos und Charts. W\u00e4hrend des gesamten CAL bin ich zudem in meiner FB-Gruppe verf\u00fcgbar, um zu unterst\u00fctzen und zu helfen.&#8220;<\/em> Johanna Lindahl<\/p>\n<p><strong>Projektinformationen:<\/strong><br \/>\nDer CAL l\u00e4uft \u00fcber 5 Wochen, und Johanna wird ihn in ihrer Facebook-Gruppe <a href=\"https:\/\/www.facebook.com\/groups\/mijocrochethangout\/\" target=\"_blank\" rel=\"noopener\">Mijo Crochet Hangout<\/a> begleiten. W\u00e4hrend des gesamten CAL ist sie t\u00e4glich f\u00fcr Unterst\u00fctzung da und beantwortet Fragen in der Gruppe. Zus\u00e4tzlich ver\u00f6ffentlicht sie kurze Videos zur wendbaren Mosaiktechnik in der Gruppe sowie auf ihrem <a href=\"https:\/\/www.youtube.com\/@Mijo_Crochet\" target=\"_blank\" rel=\"noopener\">YouTube-Kanal<\/a>.<\/p>\n<p>Du kannst diesen CAL selbstverst\u00e4ndlich auch ohne Teilnahme an ihrer Facebook-Gruppe arbeiten.<\/p>\n<ul>\n<li>Lies mehr auf Johannas Webseite <a href=\"https:\/\/mijocrochet.se\/2026\/01\/30\/geometric-journey-cal-information\/\" target=\"_blank\" rel=\"noopener\">mijocrochet.se<\/a>.<\/li>\n<li>Farbkombinations-Vorschl\u00e4ge findest du auf Instagram: <a href=\"https:\/\/www.ravelry.com\/patterns\/library\/@mijocrochet\" target=\"_blank\" rel=\"noopener\">@mijocrochet<\/a><\/li>\n<li>Alle gezeigten Bilder geh\u00f6ren Johanna Lindahl, Mijo Crochet.<\/li>\n<\/ul>\n<p><strong>Wichtige Termine:<\/strong><\/p>\n<ul>\n<li>4. M\u00e4rz \u2013 Teil 1: Die Geometric Journey beginnt!<\/li>\n<li>11. M\u00e4rz \u2013 Teil 2<\/li>\n<li>18. M\u00e4rz \u2013 Teil 3<\/li>\n<li>25. M\u00e4rz \u2013 Teil 4<\/li>\n<li>1. April \u2013 Teil 5<\/li>\n<\/ul>\n<p><strong>Das Kit enth\u00e4lt:<\/strong><\/p>\n<ul>\n<li>eine digitale Version der <a href=\"www.ravelry.com\/patterns\/library\/geometric-journey-cal\">Geometric Journey CAL H\u00e4kelanleitung von Johanna Lindahl<\/a> (verf\u00fcgbar auf Englisch, Deutsch, D\u00e4nisch, Niederl\u00e4ndisch, Japanisch, Spanisch und Schwedisch)<\/li>\n<li>1 Kn\u00e4uel Cotton Whirl in der Farbe deiner Wahl<\/li>\n<li>2 Kn\u00e4uel Cotton Whirlette in der Farbe deiner Wahl<\/li>\n<\/ul>\n<p>&#8211;&gt; F\u00fcr zus\u00e4tzlichen Komfort kannst du deinem Kit auch eine 3.50 mm H\u00e4kelnadel hinzuf\u00fcgen.<\/p>\n<p>Alles, was du brauchst, um dein n\u00e4chstes Lieblings-H\u00e4kelprojekt zu starten \u2013 schlicht, stilvoll und inspirierend.<\/p>\n","protected":false},"featured_media":24832,"template":"","meta":[],"product_brand":[],"product_cat":[1663,332],"product_tag":[2111,2116],"class_list":{"0":"post-24860","1":"product","2":"type-product","3":"status-publish","4":"has-post-thumbnail","6":"product_cat-garnkits-accessoires","7":"product_cat-garnkits","8":"product_tag-cotton-whirl","9":"product_tag-cotton-whirlette","10":"description-off","12":"first","13":"instock","14":"virtual","15":"taxable","16":"purchasable","17":"product-type-bundle"},"bundled_by":[],"bundle_stock_status":"instock","bundle_stock_quantity":48,"bundle_virtual":false,"bundle_layout":"default","bundle_add_to_cart_form_location":"default","bundle_editable_in_cart":false,"bundle_sold_individually_context":"product","bundle_item_grouping":"parent","bundle_min_size":"","bundle_max_size":"","bundle_price":{"price":{"min":{"incl_tax":"55.7","excl_tax":"51.53"},"max":{"incl_tax":"68.6","excl_tax":"63.46"}},"regular_price":{"min":{"incl_tax":"55.7","excl_tax":"51.53"},"max":{"incl_tax":"68.6","excl_tax":"63.46"}}},"bundled_items":[{"bundled_item_id":857,"product_id":20921,"menu_order":0,"quantity_min":1,"quantity_max":1,"quantity_default":1,"priced_individually":true,"shipped_individually":false,"override_title":false,"title":"Scheepjes &#8211; Cotton Whirl","override_description":true,"description":"","optional":false,"hide_thumbnail":false,"discount":"","override_variations":false,"allowed_variations":[""],"override_default_variation_attributes":false,"default_variation_attributes":[],"single_product_visibility":"visible","cart_visibility":"visible","order_visibility":"visible","single_product_price_visibility":"visible","cart_price_visibility":"visible","order_price_visibility":"visible","stock_status":"in_stock"},{"bundled_item_id":858,"product_id":23891,"menu_order":1,"quantity_min":2,"quantity_max":2,"quantity_default":2,"priced_individually":true,"shipped_individually":false,"override_title":false,"title":"Scheepjes &#8211; Cotton Whirlette","override_description":true,"description":"","optional":false,"hide_thumbnail":false,"discount":"","override_variations":false,"allowed_variations":[""],"override_default_variation_attributes":false,"default_variation_attributes":[],"single_product_visibility":"visible","cart_visibility":"visible","order_visibility":"visible","single_product_price_visibility":"visible","cart_price_visibility":"visible","order_price_visibility":"visible","stock_status":"in_stock"},{"bundled_item_id":859,"product_id":3514,"menu_order":2,"quantity_min":1,"quantity_max":1,"quantity_default":1,"priced_individually":true,"shipped_individually":false,"override_title":false,"title":"Tulip &#8211; Etimo Red &#8211; H\u00e4kelnadel mit weichem Griff","override_description":true,"description":"","optional":true,"hide_thumbnail":false,"discount":"","override_variations":true,"allowed_variations":[3520],"override_default_variation_attributes":true,"default_variation_attributes":[{"id":0,"name":"Size","option":"3.50 mm"}],"single_product_visibility":"visible","cart_visibility":"visible","order_visibility":"visible","single_product_price_visibility":"visible","cart_price_visibility":"visible","order_price_visibility":"visible","stock_status":"in_stock"}],"bundle_sell_ids":[],"yoast_head":"<!-- This site is optimized with the Yoast SEO plugin v27.4 - https:\/\/yoast.com\/product\/yoast-seo-wordpress\/ -->\n<title>Geometric Journey CAL - Garnkit &#171; Swiss Crochet<\/title>\n<meta name=\"description\" content=\"Wendbares Mosaik-H\u00e4keltuch CAL-Anleitung mit Grundh\u00e4kelmaschen. Enth\u00e4lt Charts, Fotos und Unterst\u00fctzung. Kein Garnabschneiden bis zum Schluss.\" \/>\n<meta name=\"robots\" content=\"index, follow, max-snippet:-1, max-image-preview:large, max-video-preview:-1\" \/>\n<link rel=\"canonical\" href=\"https:\/\/www.swisscrochet.ch\/de\/produkt\/geometric-journey-cal-garnkit\/\" \/>\n<meta property=\"og:locale\" content=\"de_DE\" \/>\n<meta property=\"og:type\" content=\"article\" \/>\n<meta property=\"og:title\" content=\"Geometric Journey CAL - Garnkit &#171; Swiss Crochet\" \/>\n<meta property=\"og:description\" content=\"Wendbares Mosaik-H\u00e4keltuch CAL-Anleitung mit Grundh\u00e4kelmaschen. Enth\u00e4lt Charts, Fotos und Unterst\u00fctzung. Kein Garnabschneiden bis zum Schluss.\" \/>\n<meta property=\"og:url\" content=\"https:\/\/www.swisscrochet.ch\/de\/produkt\/geometric-journey-cal-garnkit\/\" \/>\n<meta property=\"og:site_name\" content=\"Swiss Crochet\" \/>\n<meta property=\"article:modified_time\" content=\"2026-02-25T19:40:36+00:00\" \/>\n<meta property=\"og:image\" content=\"https:\/\/www.swisscrochet.ch\/wp-content\/uploads\/2026\/02\/Geometric-Journey-CAL-Yarn-Kit-1.webp\" \/>\n\t<meta property=\"og:image:width\" content=\"640\" \/>\n\t<meta property=\"og:image:height\" content=\"640\" \/>\n\t<meta property=\"og:image:type\" content=\"image\/webp\" \/>\n<meta name=\"twitter:card\" content=\"summary_large_image\" \/>\n<meta name=\"twitter:label1\" content=\"Gesch\u00e4tzte Lesezeit\" \/>\n\t<meta name=\"twitter:data1\" content=\"1\u00a0Minute\" \/>\n<script type=\"application\/ld+json\" class=\"yoast-schema-graph\">{\"@context\":\"https:\\\/\\\/schema.org\",\"@graph\":[{\"@type\":[\"WebPage\",\"ItemPage\"],\"@id\":\"https:\\\/\\\/www.swisscrochet.ch\\\/de\\\/produkt\\\/geometric-journey-cal-garnkit\\\/\",\"url\":\"https:\\\/\\\/www.swisscrochet.ch\\\/de\\\/produkt\\\/geometric-journey-cal-garnkit\\\/\",\"name\":\"Geometric Journey CAL - Garnkit &#171; Swiss Crochet\",\"isPartOf\":{\"@id\":\"https:\\\/\\\/www.swisscrochet.ch\\\/#website\"},\"primaryImageOfPage\":{\"@id\":\"https:\\\/\\\/www.swisscrochet.ch\\\/de\\\/produkt\\\/geometric-journey-cal-garnkit\\\/#primaryimage\"},\"image\":{\"@id\":\"https:\\\/\\\/www.swisscrochet.ch\\\/de\\\/produkt\\\/geometric-journey-cal-garnkit\\\/#primaryimage\"},\"thumbnailUrl\":\"https:\\\/\\\/www.swisscrochet.ch\\\/wp-content\\\/uploads\\\/2026\\\/02\\\/Geometric-Journey-CAL-Yarn-Kit-1.webp\",\"datePublished\":\"2026-02-25T19:33:53+00:00\",\"dateModified\":\"2026-02-25T19:40:36+00:00\",\"description\":\"Wendbares Mosaik-H\u00e4keltuch CAL-Anleitung mit Grundh\u00e4kelmaschen. Enth\u00e4lt Charts, Fotos und Unterst\u00fctzung. Kein Garnabschneiden bis zum Schluss.\",\"breadcrumb\":{\"@id\":\"https:\\\/\\\/www.swisscrochet.ch\\\/de\\\/produkt\\\/geometric-journey-cal-garnkit\\\/#breadcrumb\"},\"inLanguage\":\"de\",\"potentialAction\":[{\"@type\":\"ReadAction\",\"target\":[\"https:\\\/\\\/www.swisscrochet.ch\\\/de\\\/produkt\\\/geometric-journey-cal-garnkit\\\/\"]}]},{\"@type\":\"ImageObject\",\"inLanguage\":\"de\",\"@id\":\"https:\\\/\\\/www.swisscrochet.ch\\\/de\\\/produkt\\\/geometric-journey-cal-garnkit\\\/#primaryimage\",\"url\":\"https:\\\/\\\/www.swisscrochet.ch\\\/wp-content\\\/uploads\\\/2026\\\/02\\\/Geometric-Journey-CAL-Yarn-Kit-1.webp\",\"contentUrl\":\"https:\\\/\\\/www.swisscrochet.ch\\\/wp-content\\\/uploads\\\/2026\\\/02\\\/Geometric-Journey-CAL-Yarn-Kit-1.webp\",\"width\":640,\"height\":640},{\"@type\":\"BreadcrumbList\",\"@id\":\"https:\\\/\\\/www.swisscrochet.ch\\\/de\\\/produkt\\\/geometric-journey-cal-garnkit\\\/#breadcrumb\",\"itemListElement\":[{\"@type\":\"ListItem\",\"position\":1,\"name\":\"Home\",\"item\":\"https:\\\/\\\/www.swisscrochet.ch\\\/de\\\/\"},{\"@type\":\"ListItem\",\"position\":2,\"name\":\"Shop\",\"item\":\"https:\\\/\\\/www.swisscrochet.ch\\\/de\\\/shop\\\/\"},{\"@type\":\"ListItem\",\"position\":3,\"name\":\"Geometric Journey CAL &#8211; Garnkit\"}]},{\"@type\":\"WebSite\",\"@id\":\"https:\\\/\\\/www.swisscrochet.ch\\\/#website\",\"url\":\"https:\\\/\\\/www.swisscrochet.ch\\\/\",\"name\":\"Swiss Crochet\",\"description\":\"Entfalte dein kreatives Potenzial\",\"potentialAction\":[{\"@type\":\"SearchAction\",\"target\":{\"@type\":\"EntryPoint\",\"urlTemplate\":\"https:\\\/\\\/www.swisscrochet.ch\\\/?s={search_term_string}\"},\"query-input\":{\"@type\":\"PropertyValueSpecification\",\"valueRequired\":true,\"valueName\":\"search_term_string\"}}],\"inLanguage\":\"de\"}]}<\/script>\n<!-- \/ Yoast SEO plugin. -->","yoast_head_json":{"title":"Geometric Journey CAL - Garnkit &#171; Swiss Crochet","description":"Wendbares Mosaik-H\u00e4keltuch CAL-Anleitung mit Grundh\u00e4kelmaschen. Enth\u00e4lt Charts, Fotos und Unterst\u00fctzung. Kein Garnabschneiden bis zum Schluss.","robots":{"index":"index","follow":"follow","max-snippet":"max-snippet:-1","max-image-preview":"max-image-preview:large","max-video-preview":"max-video-preview:-1"},"canonical":"https:\/\/www.swisscrochet.ch\/de\/produkt\/geometric-journey-cal-garnkit\/","og_locale":"de_DE","og_type":"article","og_title":"Geometric Journey CAL - Garnkit &#171; Swiss Crochet","og_description":"Wendbares Mosaik-H\u00e4keltuch CAL-Anleitung mit Grundh\u00e4kelmaschen. Enth\u00e4lt Charts, Fotos und Unterst\u00fctzung. Kein Garnabschneiden bis zum Schluss.","og_url":"https:\/\/www.swisscrochet.ch\/de\/produkt\/geometric-journey-cal-garnkit\/","og_site_name":"Swiss Crochet","article_modified_time":"2026-02-25T19:40:36+00:00","og_image":[{"width":640,"height":640,"url":"https:\/\/www.swisscrochet.ch\/wp-content\/uploads\/2026\/02\/Geometric-Journey-CAL-Yarn-Kit-1.webp","type":"image\/webp"}],"twitter_card":"summary_large_image","twitter_misc":{"Gesch\u00e4tzte Lesezeit":"1\u00a0Minute"},"schema":{"@context":"https:\/\/schema.org","@graph":[{"@type":["WebPage","ItemPage"],"@id":"https:\/\/www.swisscrochet.ch\/de\/produkt\/geometric-journey-cal-garnkit\/","url":"https:\/\/www.swisscrochet.ch\/de\/produkt\/geometric-journey-cal-garnkit\/","name":"Geometric Journey CAL - Garnkit &#171; Swiss Crochet","isPartOf":{"@id":"https:\/\/www.swisscrochet.ch\/#website"},"primaryImageOfPage":{"@id":"https:\/\/www.swisscrochet.ch\/de\/produkt\/geometric-journey-cal-garnkit\/#primaryimage"},"image":{"@id":"https:\/\/www.swisscrochet.ch\/de\/produkt\/geometric-journey-cal-garnkit\/#primaryimage"},"thumbnailUrl":"https:\/\/www.swisscrochet.ch\/wp-content\/uploads\/2026\/02\/Geometric-Journey-CAL-Yarn-Kit-1.webp","datePublished":"2026-02-25T19:33:53+00:00","dateModified":"2026-02-25T19:40:36+00:00","description":"Wendbares Mosaik-H\u00e4keltuch CAL-Anleitung mit Grundh\u00e4kelmaschen. Enth\u00e4lt Charts, Fotos und Unterst\u00fctzung. Kein Garnabschneiden bis zum Schluss.","breadcrumb":{"@id":"https:\/\/www.swisscrochet.ch\/de\/produkt\/geometric-journey-cal-garnkit\/#breadcrumb"},"inLanguage":"de","potentialAction":[{"@type":"ReadAction","target":["https:\/\/www.swisscrochet.ch\/de\/produkt\/geometric-journey-cal-garnkit\/"]}]},{"@type":"ImageObject","inLanguage":"de","@id":"https:\/\/www.swisscrochet.ch\/de\/produkt\/geometric-journey-cal-garnkit\/#primaryimage","url":"https:\/\/www.swisscrochet.ch\/wp-content\/uploads\/2026\/02\/Geometric-Journey-CAL-Yarn-Kit-1.webp","contentUrl":"https:\/\/www.swisscrochet.ch\/wp-content\/uploads\/2026\/02\/Geometric-Journey-CAL-Yarn-Kit-1.webp","width":640,"height":640},{"@type":"BreadcrumbList","@id":"https:\/\/www.swisscrochet.ch\/de\/produkt\/geometric-journey-cal-garnkit\/#breadcrumb","itemListElement":[{"@type":"ListItem","position":1,"name":"Home","item":"https:\/\/www.swisscrochet.ch\/de\/"},{"@type":"ListItem","position":2,"name":"Shop","item":"https:\/\/www.swisscrochet.ch\/de\/shop\/"},{"@type":"ListItem","position":3,"name":"Geometric Journey CAL &#8211; Garnkit"}]},{"@type":"WebSite","@id":"https:\/\/www.swisscrochet.ch\/#website","url":"https:\/\/www.swisscrochet.ch\/","name":"Swiss Crochet","description":"Entfalte dein kreatives Potenzial","potentialAction":[{"@type":"SearchAction","target":{"@type":"EntryPoint","urlTemplate":"https:\/\/www.swisscrochet.ch\/?s={search_term_string}"},"query-input":{"@type":"PropertyValueSpecification","valueRequired":true,"valueName":"search_term_string"}}],"inLanguage":"de"}]}},"_links":{"self":[{"href":"https:\/\/www.swisscrochet.ch\/de\/wp-json\/wp\/v2\/product\/24860","targetHints":{"allow":["GET"]}}],"collection":[{"href":"https:\/\/www.swisscrochet.ch\/de\/wp-json\/wp\/v2\/product"}],"about":[{"href":"https:\/\/www.swisscrochet.ch\/de\/wp-json\/wp\/v2\/types\/product"}],"wp:featuredmedia":[{"embeddable":true,"href":"https:\/\/www.swisscrochet.ch\/de\/wp-json\/wp\/v2\/media\/24832"}],"wp:attachment":[{"href":"https:\/\/www.swisscrochet.ch\/de\/wp-json\/wp\/v2\/media?parent=24860"}],"wp:term":[{"taxonomy":"product_brand","embeddable":true,"href":"https:\/\/www.swisscrochet.ch\/de\/wp-json\/wp\/v2\/product_brand?post=24860"},{"taxonomy":"product_cat","embeddable":true,"href":"https:\/\/www.swisscrochet.ch\/de\/wp-json\/wp\/v2\/product_cat?post=24860"},{"taxonomy":"product_tag","embeddable":true,"href":"https:\/\/www.swisscrochet.ch\/de\/wp-json\/wp\/v2\/product_tag?post=24860"}],"curies":[{"name":"wp","href":"https:\/\/api.w.org\/{rel}","templated":true}]}}