{"id":25444,"date":"2026-03-03T16:40:30","date_gmt":"2026-03-03T15:40:30","guid":{"rendered":"https:\/\/www.swisscrochet.ch\/product\/theo-blanket-with-little-darling-yarn-kit\/"},"modified":"2026-03-03T16:46:04","modified_gmt":"2026-03-03T15:46:04","slug":"theo-blanket-mit-little-darling-garnkit","status":"publish","type":"product","link":"https:\/\/www.swisscrochet.ch\/de\/produkt\/theo-blanket-mit-little-darling-garnkit\/","title":{"rendered":"Theo Blanket mit Little Darling \u2013 Garnkit"},"content":{"rendered":"","protected":false},"excerpt":{"rendered":"<p>Die Theo Blanket ist ein schnelles, einfaches und angenehmes Projekt im klassischen Leinenstich. Ideal f\u00fcr Anf\u00e4ngerinnen, die Sicherheit gewinnen m\u00f6chten, f\u00fchrt dich diese Anleitung Schritt f\u00fcr Schritt zu einer schlichten Decke mit ausdrucksstarker Textur und sch\u00f6ner Optik. Sie enth\u00e4lt klare Reihen-f\u00fcr-Reihe-Anweisungen sowie hilfreiche Video-Tutorials f\u00fcr anspruchsvollere Abschnitte.<\/p>\n<p>Geh\u00e4kelt mit Scheepjes Little Darling und einer 6.00 mm H\u00e4kelnadel ergibt sich eine grossz\u00fcgige Decke in Lap-Blanket-Gr\u00f6sse.<\/p>\n<p><strong>Das Kit enth\u00e4lt:<\/strong><\/p>\n<ul>\n<li>eine digitale Version der <a href=\"https:\/\/www.ravelry.com\/patterns\/library\/theo-blanket\">Theo Blanket H\u00e4kelanleitung von Toni Lipsey<\/a> (verf\u00fcgbar auf Englisch)<\/li>\n<li>11 Kn\u00e4uel Little Darling in der auf den Fotos gezeigten Farbkombination<\/li>\n<\/ul>\n<p>&#8211;&gt; F\u00fcr zus\u00e4tzlichen Komfort kannst du deinem Kit auch eine 6.00 mm H\u00e4kelnadel hinzuf\u00fcgen.<\/p>\n<p>Alles, was du brauchst, um ein schlichtes, stilvolles und rundum zufriedenstellendes H\u00e4kelprojekt zu beginnen.<\/p>\n","protected":false},"featured_media":25438,"template":"","meta":[],"product_brand":[],"product_cat":[1673,332],"product_tag":[2091],"class_list":{"0":"post-25444","1":"product","2":"type-product","3":"status-publish","4":"has-post-thumbnail","6":"product_cat-garnkits-decken-wohn-deko-sonstiges","7":"product_cat-garnkits","8":"product_tag-little-darling","9":"description-off","11":"first","12":"instock","13":"virtual","14":"taxable","15":"purchasable","16":"product-type-bundle"},"bundled_by":[],"bundle_stock_status":"instock","bundle_stock_quantity":4,"bundle_virtual":false,"bundle_layout":"default","bundle_add_to_cart_form_location":"default","bundle_editable_in_cart":false,"bundle_sold_individually_context":"product","bundle_item_grouping":"parent","bundle_min_size":"","bundle_max_size":"","bundle_price":{"price":{"min":{"incl_tax":"44.5","excl_tax":"41.16"},"max":{"incl_tax":"57.4","excl_tax":"53.09"}},"regular_price":{"min":{"incl_tax":"44.5","excl_tax":"41.16"},"max":{"incl_tax":"57.4","excl_tax":"53.09"}}},"bundled_items":[{"bundled_item_id":901,"product_id":15258,"menu_order":0,"quantity_min":3,"quantity_max":3,"quantity_default":3,"priced_individually":true,"shipped_individually":false,"override_title":false,"title":"Scheepjes &#8211; Little Darling","override_description":false,"description":"Scheepjes &#8211; Little Darling","optional":false,"hide_thumbnail":false,"discount":"","override_variations":true,"allowed_variations":[15263],"override_default_variation_attributes":true,"default_variation_attributes":[{"id":0,"name":"Color","option":"405 Red Panda"}],"single_product_visibility":"hidden","cart_visibility":"visible","order_visibility":"visible","single_product_price_visibility":"visible","cart_price_visibility":"visible","order_price_visibility":"visible","stock_status":"in_stock"},{"bundled_item_id":902,"product_id":15258,"menu_order":1,"quantity_min":3,"quantity_max":3,"quantity_default":3,"priced_individually":true,"shipped_individually":false,"override_title":false,"title":"Scheepjes &#8211; Little Darling","override_description":false,"description":"Scheepjes &#8211; Little Darling","optional":false,"hide_thumbnail":false,"discount":"","override_variations":true,"allowed_variations":[15288],"override_default_variation_attributes":true,"default_variation_attributes":[{"id":0,"name":"Color","option":"430 Jellyfish"}],"single_product_visibility":"hidden","cart_visibility":"visible","order_visibility":"visible","single_product_price_visibility":"visible","cart_price_visibility":"visible","order_price_visibility":"visible","stock_status":"in_stock"},{"bundled_item_id":903,"product_id":15258,"menu_order":2,"quantity_min":2,"quantity_max":2,"quantity_default":2,"priced_individually":true,"shipped_individually":false,"override_title":false,"title":"Scheepjes &#8211; Little Darling","override_description":false,"description":"Scheepjes &#8211; Little Darling","optional":false,"hide_thumbnail":false,"discount":"","override_variations":true,"allowed_variations":[15287],"override_default_variation_attributes":true,"default_variation_attributes":[{"id":0,"name":"Color","option":"429 Shrimp"}],"single_product_visibility":"hidden","cart_visibility":"visible","order_visibility":"visible","single_product_price_visibility":"visible","cart_price_visibility":"visible","order_price_visibility":"visible","stock_status":"in_stock"},{"bundled_item_id":904,"product_id":15258,"menu_order":3,"quantity_min":3,"quantity_max":3,"quantity_default":3,"priced_individually":true,"shipped_individually":false,"override_title":false,"title":"Scheepjes &#8211; Little Darling","override_description":false,"description":"Scheepjes &#8211; Little Darling","optional":false,"hide_thumbnail":false,"discount":"","override_variations":true,"allowed_variations":[15276],"override_default_variation_attributes":true,"default_variation_attributes":[{"id":0,"name":"Color","option":"418 Alpaca"}],"single_product_visibility":"hidden","cart_visibility":"visible","order_visibility":"visible","single_product_price_visibility":"visible","cart_price_visibility":"visible","order_price_visibility":"visible","stock_status":"in_stock"},{"bundled_item_id":905,"product_id":3514,"menu_order":4,"quantity_min":1,"quantity_max":1,"quantity_default":1,"priced_individually":true,"shipped_individually":false,"override_title":false,"title":"Tulip &#8211; Etimo Red &#8211; H\u00e4kelnadel mit weichem Griff","override_description":true,"description":"","optional":true,"hide_thumbnail":false,"discount":"","override_variations":true,"allowed_variations":[3525],"override_default_variation_attributes":true,"default_variation_attributes":[{"id":0,"name":"Size","option":"6.00 mm"}],"single_product_visibility":"visible","cart_visibility":"visible","order_visibility":"visible","single_product_price_visibility":"visible","cart_price_visibility":"visible","order_price_visibility":"visible","stock_status":"in_stock"}],"bundle_sell_ids":[],"yoast_head":"<!-- This site is optimized with the Yoast SEO plugin v27.4 - https:\/\/yoast.com\/product\/yoast-seo-wordpress\/ -->\n<title>Theo Blanket mit Little Darling \u2013 Garnkit &#171; Swiss Crochet<\/title>\n<meta name=\"description\" content=\"Theo Blanket H\u00e4kelkit mit PDF-Anleitung von Toni Lipsey und Scheepjes Little Darling Garn. Einfache Decke im Leinenstich, anf\u00e4ngerfreundlich.\" \/>\n<meta name=\"robots\" content=\"index, follow, max-snippet:-1, max-image-preview:large, max-video-preview:-1\" \/>\n<link rel=\"canonical\" href=\"https:\/\/www.swisscrochet.ch\/de\/produkt\/theo-blanket-mit-little-darling-garnkit\/\" \/>\n<meta property=\"og:locale\" content=\"de_DE\" \/>\n<meta property=\"og:type\" content=\"article\" \/>\n<meta property=\"og:title\" content=\"Theo Blanket mit Little Darling \u2013 Garnkit &#171; Swiss Crochet\" \/>\n<meta property=\"og:description\" content=\"Theo Blanket H\u00e4kelkit mit PDF-Anleitung von Toni Lipsey und Scheepjes Little Darling Garn. Einfache Decke im Leinenstich, anf\u00e4ngerfreundlich.\" \/>\n<meta property=\"og:url\" content=\"https:\/\/www.swisscrochet.ch\/de\/produkt\/theo-blanket-mit-little-darling-garnkit\/\" \/>\n<meta property=\"og:site_name\" content=\"Swiss Crochet\" \/>\n<meta property=\"article:modified_time\" content=\"2026-03-03T15:46:04+00:00\" \/>\n<meta property=\"og:image\" content=\"https:\/\/www.swisscrochet.ch\/wp-content\/uploads\/2026\/03\/Theo-Blanket-Little-Darling-Overview.jpg\" \/>\n\t<meta property=\"og:image:width\" content=\"1000\" \/>\n\t<meta property=\"og:image:height\" content=\"1000\" \/>\n\t<meta property=\"og:image:type\" content=\"image\/jpeg\" \/>\n<meta name=\"twitter:card\" content=\"summary_large_image\" \/>\n<meta name=\"twitter:label1\" content=\"Gesch\u00e4tzte Lesezeit\" \/>\n\t<meta name=\"twitter:data1\" content=\"1\u00a0Minute\" \/>\n<script type=\"application\/ld+json\" class=\"yoast-schema-graph\">{\"@context\":\"https:\\\/\\\/schema.org\",\"@graph\":[{\"@type\":[\"WebPage\",\"ItemPage\"],\"@id\":\"https:\\\/\\\/www.swisscrochet.ch\\\/de\\\/produkt\\\/theo-blanket-mit-little-darling-garnkit\\\/\",\"url\":\"https:\\\/\\\/www.swisscrochet.ch\\\/de\\\/produkt\\\/theo-blanket-mit-little-darling-garnkit\\\/\",\"name\":\"Theo Blanket mit Little Darling \u2013 Garnkit &#171; Swiss Crochet\",\"isPartOf\":{\"@id\":\"https:\\\/\\\/www.swisscrochet.ch\\\/#website\"},\"primaryImageOfPage\":{\"@id\":\"https:\\\/\\\/www.swisscrochet.ch\\\/de\\\/produkt\\\/theo-blanket-mit-little-darling-garnkit\\\/#primaryimage\"},\"image\":{\"@id\":\"https:\\\/\\\/www.swisscrochet.ch\\\/de\\\/produkt\\\/theo-blanket-mit-little-darling-garnkit\\\/#primaryimage\"},\"thumbnailUrl\":\"https:\\\/\\\/www.swisscrochet.ch\\\/wp-content\\\/uploads\\\/2026\\\/03\\\/Theo-Blanket-Little-Darling-Overview.jpg\",\"datePublished\":\"2026-03-03T15:40:30+00:00\",\"dateModified\":\"2026-03-03T15:46:04+00:00\",\"description\":\"Theo Blanket H\u00e4kelkit mit PDF-Anleitung von Toni Lipsey und Scheepjes Little Darling Garn. Einfache Decke im Leinenstich, anf\u00e4ngerfreundlich.\",\"breadcrumb\":{\"@id\":\"https:\\\/\\\/www.swisscrochet.ch\\\/de\\\/produkt\\\/theo-blanket-mit-little-darling-garnkit\\\/#breadcrumb\"},\"inLanguage\":\"de\",\"potentialAction\":[{\"@type\":\"ReadAction\",\"target\":[\"https:\\\/\\\/www.swisscrochet.ch\\\/de\\\/produkt\\\/theo-blanket-mit-little-darling-garnkit\\\/\"]}]},{\"@type\":\"ImageObject\",\"inLanguage\":\"de\",\"@id\":\"https:\\\/\\\/www.swisscrochet.ch\\\/de\\\/produkt\\\/theo-blanket-mit-little-darling-garnkit\\\/#primaryimage\",\"url\":\"https:\\\/\\\/www.swisscrochet.ch\\\/wp-content\\\/uploads\\\/2026\\\/03\\\/Theo-Blanket-Little-Darling-Overview.jpg\",\"contentUrl\":\"https:\\\/\\\/www.swisscrochet.ch\\\/wp-content\\\/uploads\\\/2026\\\/03\\\/Theo-Blanket-Little-Darling-Overview.jpg\",\"width\":1000,\"height\":1000},{\"@type\":\"BreadcrumbList\",\"@id\":\"https:\\\/\\\/www.swisscrochet.ch\\\/de\\\/produkt\\\/theo-blanket-mit-little-darling-garnkit\\\/#breadcrumb\",\"itemListElement\":[{\"@type\":\"ListItem\",\"position\":1,\"name\":\"Home\",\"item\":\"https:\\\/\\\/www.swisscrochet.ch\\\/de\\\/\"},{\"@type\":\"ListItem\",\"position\":2,\"name\":\"Shop\",\"item\":\"https:\\\/\\\/www.swisscrochet.ch\\\/de\\\/shop\\\/\"},{\"@type\":\"ListItem\",\"position\":3,\"name\":\"Theo Blanket mit Little Darling \u2013 Garnkit\"}]},{\"@type\":\"WebSite\",\"@id\":\"https:\\\/\\\/www.swisscrochet.ch\\\/#website\",\"url\":\"https:\\\/\\\/www.swisscrochet.ch\\\/\",\"name\":\"Swiss Crochet\",\"description\":\"Entfalte dein kreatives Potenzial\",\"potentialAction\":[{\"@type\":\"SearchAction\",\"target\":{\"@type\":\"EntryPoint\",\"urlTemplate\":\"https:\\\/\\\/www.swisscrochet.ch\\\/?s={search_term_string}\"},\"query-input\":{\"@type\":\"PropertyValueSpecification\",\"valueRequired\":true,\"valueName\":\"search_term_string\"}}],\"inLanguage\":\"de\"}]}<\/script>\n<!-- \/ Yoast SEO plugin. -->","yoast_head_json":{"title":"Theo Blanket mit Little Darling \u2013 Garnkit &#171; Swiss Crochet","description":"Theo Blanket H\u00e4kelkit mit PDF-Anleitung von Toni Lipsey und Scheepjes Little Darling Garn. Einfache Decke im Leinenstich, anf\u00e4ngerfreundlich.","robots":{"index":"index","follow":"follow","max-snippet":"max-snippet:-1","max-image-preview":"max-image-preview:large","max-video-preview":"max-video-preview:-1"},"canonical":"https:\/\/www.swisscrochet.ch\/de\/produkt\/theo-blanket-mit-little-darling-garnkit\/","og_locale":"de_DE","og_type":"article","og_title":"Theo Blanket mit Little Darling \u2013 Garnkit &#171; Swiss Crochet","og_description":"Theo Blanket H\u00e4kelkit mit PDF-Anleitung von Toni Lipsey und Scheepjes Little Darling Garn. Einfache Decke im Leinenstich, anf\u00e4ngerfreundlich.","og_url":"https:\/\/www.swisscrochet.ch\/de\/produkt\/theo-blanket-mit-little-darling-garnkit\/","og_site_name":"Swiss Crochet","article_modified_time":"2026-03-03T15:46:04+00:00","og_image":[{"width":1000,"height":1000,"url":"https:\/\/www.swisscrochet.ch\/wp-content\/uploads\/2026\/03\/Theo-Blanket-Little-Darling-Overview.jpg","type":"image\/jpeg"}],"twitter_card":"summary_large_image","twitter_misc":{"Gesch\u00e4tzte Lesezeit":"1\u00a0Minute"},"schema":{"@context":"https:\/\/schema.org","@graph":[{"@type":["WebPage","ItemPage"],"@id":"https:\/\/www.swisscrochet.ch\/de\/produkt\/theo-blanket-mit-little-darling-garnkit\/","url":"https:\/\/www.swisscrochet.ch\/de\/produkt\/theo-blanket-mit-little-darling-garnkit\/","name":"Theo Blanket mit Little Darling \u2013 Garnkit &#171; Swiss Crochet","isPartOf":{"@id":"https:\/\/www.swisscrochet.ch\/#website"},"primaryImageOfPage":{"@id":"https:\/\/www.swisscrochet.ch\/de\/produkt\/theo-blanket-mit-little-darling-garnkit\/#primaryimage"},"image":{"@id":"https:\/\/www.swisscrochet.ch\/de\/produkt\/theo-blanket-mit-little-darling-garnkit\/#primaryimage"},"thumbnailUrl":"https:\/\/www.swisscrochet.ch\/wp-content\/uploads\/2026\/03\/Theo-Blanket-Little-Darling-Overview.jpg","datePublished":"2026-03-03T15:40:30+00:00","dateModified":"2026-03-03T15:46:04+00:00","description":"Theo Blanket H\u00e4kelkit mit PDF-Anleitung von Toni Lipsey und Scheepjes Little Darling Garn. Einfache Decke im Leinenstich, anf\u00e4ngerfreundlich.","breadcrumb":{"@id":"https:\/\/www.swisscrochet.ch\/de\/produkt\/theo-blanket-mit-little-darling-garnkit\/#breadcrumb"},"inLanguage":"de","potentialAction":[{"@type":"ReadAction","target":["https:\/\/www.swisscrochet.ch\/de\/produkt\/theo-blanket-mit-little-darling-garnkit\/"]}]},{"@type":"ImageObject","inLanguage":"de","@id":"https:\/\/www.swisscrochet.ch\/de\/produkt\/theo-blanket-mit-little-darling-garnkit\/#primaryimage","url":"https:\/\/www.swisscrochet.ch\/wp-content\/uploads\/2026\/03\/Theo-Blanket-Little-Darling-Overview.jpg","contentUrl":"https:\/\/www.swisscrochet.ch\/wp-content\/uploads\/2026\/03\/Theo-Blanket-Little-Darling-Overview.jpg","width":1000,"height":1000},{"@type":"BreadcrumbList","@id":"https:\/\/www.swisscrochet.ch\/de\/produkt\/theo-blanket-mit-little-darling-garnkit\/#breadcrumb","itemListElement":[{"@type":"ListItem","position":1,"name":"Home","item":"https:\/\/www.swisscrochet.ch\/de\/"},{"@type":"ListItem","position":2,"name":"Shop","item":"https:\/\/www.swisscrochet.ch\/de\/shop\/"},{"@type":"ListItem","position":3,"name":"Theo Blanket mit Little Darling \u2013 Garnkit"}]},{"@type":"WebSite","@id":"https:\/\/www.swisscrochet.ch\/#website","url":"https:\/\/www.swisscrochet.ch\/","name":"Swiss Crochet","description":"Entfalte dein kreatives Potenzial","potentialAction":[{"@type":"SearchAction","target":{"@type":"EntryPoint","urlTemplate":"https:\/\/www.swisscrochet.ch\/?s={search_term_string}"},"query-input":{"@type":"PropertyValueSpecification","valueRequired":true,"valueName":"search_term_string"}}],"inLanguage":"de"}]}},"_links":{"self":[{"href":"https:\/\/www.swisscrochet.ch\/de\/wp-json\/wp\/v2\/product\/25444","targetHints":{"allow":["GET"]}}],"collection":[{"href":"https:\/\/www.swisscrochet.ch\/de\/wp-json\/wp\/v2\/product"}],"about":[{"href":"https:\/\/www.swisscrochet.ch\/de\/wp-json\/wp\/v2\/types\/product"}],"wp:featuredmedia":[{"embeddable":true,"href":"https:\/\/www.swisscrochet.ch\/de\/wp-json\/wp\/v2\/media\/25438"}],"wp:attachment":[{"href":"https:\/\/www.swisscrochet.ch\/de\/wp-json\/wp\/v2\/media?parent=25444"}],"wp:term":[{"taxonomy":"product_brand","embeddable":true,"href":"https:\/\/www.swisscrochet.ch\/de\/wp-json\/wp\/v2\/product_brand?post=25444"},{"taxonomy":"product_cat","embeddable":true,"href":"https:\/\/www.swisscrochet.ch\/de\/wp-json\/wp\/v2\/product_cat?post=25444"},{"taxonomy":"product_tag","embeddable":true,"href":"https:\/\/www.swisscrochet.ch\/de\/wp-json\/wp\/v2\/product_tag?post=25444"}],"curies":[{"name":"wp","href":"https:\/\/api.w.org\/{rel}","templated":true}]}}