{"id":25452,"date":"2026-03-03T17:03:31","date_gmt":"2026-03-03T16:03:31","guid":{"rendered":"https:\/\/www.swisscrochet.ch\/product\/clutch-coquille-yarn-kit\/"},"modified":"2026-03-03T17:06:49","modified_gmt":"2026-03-03T16:06:49","slug":"clutch-coquille-garnkit","status":"publish","type":"product","link":"https:\/\/www.swisscrochet.ch\/de\/produkt\/clutch-coquille-garnkit\/","title":{"rendered":"Clutch Coquille \u2013 Garnkit"},"content":{"rendered":"","protected":false},"excerpt":{"rendered":"<p>Kreiere mit diesem eleganten Garnkit eine wundersch\u00f6n schimmernde H\u00e4keltasche. Die Kombination aus tiefem Schwarz und ros\u00e9goldenem Glanz verleiht deinem handgemachten Accessoire eine edle Note \u2014 perfekt f\u00fcr den Alltag ebenso wie f\u00fcr besondere Anl\u00e4sse.<\/p>\n<p><strong>Das Kit enth\u00e4lt:<\/strong><\/p>\n<ul>\n<li>2 Kn\u00e4uel Hoooked Odyssey<\/li>\n<li>1 schwarzen Reissverschluss passend zu den Garnfarben<\/li>\n<li>1 Metallring (11 cm Durchmesser)<\/li>\n<\/ul>\n<p><strong>Optionale Erg\u00e4nzungen:<\/strong><\/p>\n<ul>\n<li>Die Anleitung erscheint im Buch <em>21 Accessoires d&#8216; \u00e9t\u00e9 au crochet<\/em> von <em>Lagoons Moe Nagai<\/em>, das du auf Franz\u00f6sisch erwerben kannst (siehe Links unten)<\/li>\n<li>3.00 mm H\u00e4kelnadel<\/li>\n<\/ul>\n<p>Mit diesem Kit hast du alle wesentlichen Materialien, um eine stilvolle H\u00e4keltasche mit dezentem Schimmer und eleganten Details zu fertigen.<\/p>\n","protected":false},"featured_media":25270,"template":"","meta":[],"product_brand":[],"product_cat":[332,1666],"product_tag":[2092],"class_list":{"0":"post-25452","1":"product","2":"type-product","3":"status-publish","4":"has-post-thumbnail","6":"product_cat-garnkits","7":"product_cat-garnkits-taschen","8":"product_tag-odyssey-lurex","9":"description-off","11":"first","12":"instock","13":"virtual","14":"taxable","15":"purchasable","16":"product-type-bundle"},"bundled_by":[],"bundle_stock_status":"instock","bundle_stock_quantity":8,"bundle_virtual":false,"bundle_layout":"default","bundle_add_to_cart_form_location":"default","bundle_editable_in_cart":false,"bundle_sold_individually_context":"product","bundle_item_grouping":"parent","bundle_min_size":"","bundle_max_size":"","bundle_price":{"price":{"min":{"incl_tax":"14.7","excl_tax":"13.59"},"max":{"incl_tax":"59.5","excl_tax":"57.42"}},"regular_price":{"min":{"incl_tax":"14.7","excl_tax":"13.59"},"max":{"incl_tax":"59.5","excl_tax":"57.42"}}},"bundled_items":[{"bundled_item_id":931,"product_id":9576,"menu_order":0,"quantity_min":1,"quantity_max":1,"quantity_default":1,"priced_individually":true,"shipped_individually":false,"override_title":false,"title":"Hoooked &#8211; Odyssey Lurex","override_description":false,"description":"Hoooked &#8211; Odyssey Lurex","optional":false,"hide_thumbnail":false,"discount":"","override_variations":true,"allowed_variations":[9592],"override_default_variation_attributes":true,"default_variation_attributes":[{"id":0,"name":"Color","option":"16 - Lunar Eclipse"}],"single_product_visibility":"hidden","cart_visibility":"visible","order_visibility":"visible","single_product_price_visibility":"visible","cart_price_visibility":"visible","order_price_visibility":"visible","stock_status":"in_stock"},{"bundled_item_id":932,"product_id":9576,"menu_order":1,"quantity_min":1,"quantity_max":1,"quantity_default":1,"priced_individually":true,"shipped_individually":false,"override_title":false,"title":"Hoooked &#8211; Odyssey Lurex","override_description":false,"description":"Hoooked &#8211; Odyssey Lurex","optional":false,"hide_thumbnail":false,"discount":"","override_variations":true,"allowed_variations":[9581],"override_default_variation_attributes":true,"default_variation_attributes":[{"id":0,"name":"Color","option":"5 - Cressida"}],"single_product_visibility":"hidden","cart_visibility":"visible","order_visibility":"visible","single_product_price_visibility":"visible","cart_price_visibility":"visible","order_price_visibility":"visible","stock_status":"in_stock"},{"bundled_item_id":933,"product_id":14790,"menu_order":2,"quantity_min":1,"quantity_max":1,"quantity_default":1,"priced_individually":true,"shipped_individually":false,"override_title":false,"title":"Metallringe Dick \u2013 1 St\u00fcck","override_description":false,"description":"Metallringe Dick \u2013 1 St\u00fcck","optional":false,"hide_thumbnail":false,"discount":"","override_variations":true,"allowed_variations":[14792],"override_default_variation_attributes":true,"default_variation_attributes":[{"id":0,"name":"Style","option":"11 cm Black Nickel"}],"single_product_visibility":"hidden","cart_visibility":"visible","order_visibility":"visible","single_product_price_visibility":"visible","cart_price_visibility":"visible","order_price_visibility":"visible","stock_status":"in_stock"},{"bundled_item_id":934,"product_id":11467,"menu_order":3,"quantity_min":1,"quantity_max":1,"quantity_default":1,"priced_individually":true,"shipped_individually":false,"override_title":false,"title":"21 Accessoires d&#8217; \u00e9t\u00e9 au crochet &#8211; Lagoon Moe Nagai","override_description":true,"description":"","optional":true,"hide_thumbnail":false,"discount":"","override_variations":false,"allowed_variations":[""],"override_default_variation_attributes":false,"default_variation_attributes":[],"single_product_visibility":"visible","cart_visibility":"visible","order_visibility":"visible","single_product_price_visibility":"visible","cart_price_visibility":"visible","order_price_visibility":"visible","stock_status":"in_stock"},{"bundled_item_id":935,"product_id":3514,"menu_order":4,"quantity_min":1,"quantity_max":1,"quantity_default":1,"priced_individually":true,"shipped_individually":false,"override_title":false,"title":"Tulip &#8211; Etimo Red &#8211; H\u00e4kelnadel mit weichem Griff","override_description":true,"description":"","optional":true,"hide_thumbnail":false,"discount":"","override_variations":true,"allowed_variations":[3519],"override_default_variation_attributes":true,"default_variation_attributes":[{"id":0,"name":"Size","option":"3.00 mm"}],"single_product_visibility":"visible","cart_visibility":"visible","order_visibility":"visible","single_product_price_visibility":"visible","cart_price_visibility":"visible","order_price_visibility":"visible","stock_status":"in_stock"}],"bundle_sell_ids":[],"yoast_head":"<!-- This site is optimized with the Yoast SEO plugin v27.4 - https:\/\/yoast.com\/product\/yoast-seo-wordpress\/ -->\n<title>Clutch Coquille \u2013 Garnkit &#171; Swiss Crochet<\/title>\n<meta name=\"description\" content=\"H\u00e4keltaschen-Kit mit Hoooked Odyssey Garn, Reissverschluss und Metallring. Elegantes Design in Schwarz mit Ros\u00e9gold-Schimmer f\u00fcr stilvolle handgemachte Accessoires.\" \/>\n<meta name=\"robots\" content=\"index, follow, max-snippet:-1, max-image-preview:large, max-video-preview:-1\" \/>\n<link rel=\"canonical\" href=\"https:\/\/www.swisscrochet.ch\/de\/produkt\/clutch-coquille-garnkit\/\" \/>\n<meta property=\"og:locale\" content=\"de_DE\" \/>\n<meta property=\"og:type\" content=\"article\" \/>\n<meta property=\"og:title\" content=\"Clutch Coquille \u2013 Garnkit &#171; Swiss Crochet\" \/>\n<meta property=\"og:description\" content=\"H\u00e4keltaschen-Kit mit Hoooked Odyssey Garn, Reissverschluss und Metallring. Elegantes Design in Schwarz mit Ros\u00e9gold-Schimmer f\u00fcr stilvolle handgemachte Accessoires.\" \/>\n<meta property=\"og:url\" content=\"https:\/\/www.swisscrochet.ch\/de\/produkt\/clutch-coquille-garnkit\/\" \/>\n<meta property=\"og:site_name\" content=\"Swiss Crochet\" \/>\n<meta property=\"article:modified_time\" content=\"2026-03-03T16:06:49+00:00\" \/>\n<meta property=\"og:image\" content=\"https:\/\/www.swisscrochet.ch\/wp-content\/uploads\/2026\/03\/Sac-clutch-coquille-Overview.jpg\" \/>\n\t<meta property=\"og:image:width\" content=\"1000\" \/>\n\t<meta property=\"og:image:height\" content=\"1000\" \/>\n\t<meta property=\"og:image:type\" content=\"image\/jpeg\" \/>\n<meta name=\"twitter:card\" content=\"summary_large_image\" \/>\n<meta name=\"twitter:label1\" content=\"Gesch\u00e4tzte Lesezeit\" \/>\n\t<meta name=\"twitter:data1\" content=\"1\u00a0Minute\" \/>\n<script type=\"application\/ld+json\" class=\"yoast-schema-graph\">{\"@context\":\"https:\\\/\\\/schema.org\",\"@graph\":[{\"@type\":[\"WebPage\",\"ItemPage\"],\"@id\":\"https:\\\/\\\/www.swisscrochet.ch\\\/de\\\/produkt\\\/clutch-coquille-garnkit\\\/\",\"url\":\"https:\\\/\\\/www.swisscrochet.ch\\\/de\\\/produkt\\\/clutch-coquille-garnkit\\\/\",\"name\":\"Clutch Coquille \u2013 Garnkit &#171; Swiss Crochet\",\"isPartOf\":{\"@id\":\"https:\\\/\\\/www.swisscrochet.ch\\\/#website\"},\"primaryImageOfPage\":{\"@id\":\"https:\\\/\\\/www.swisscrochet.ch\\\/de\\\/produkt\\\/clutch-coquille-garnkit\\\/#primaryimage\"},\"image\":{\"@id\":\"https:\\\/\\\/www.swisscrochet.ch\\\/de\\\/produkt\\\/clutch-coquille-garnkit\\\/#primaryimage\"},\"thumbnailUrl\":\"https:\\\/\\\/www.swisscrochet.ch\\\/wp-content\\\/uploads\\\/2026\\\/03\\\/Sac-clutch-coquille-Overview.jpg\",\"datePublished\":\"2026-03-03T16:03:31+00:00\",\"dateModified\":\"2026-03-03T16:06:49+00:00\",\"description\":\"H\u00e4keltaschen-Kit mit Hoooked Odyssey Garn, Reissverschluss und Metallring. Elegantes Design in Schwarz mit Ros\u00e9gold-Schimmer f\u00fcr stilvolle handgemachte Accessoires.\",\"breadcrumb\":{\"@id\":\"https:\\\/\\\/www.swisscrochet.ch\\\/de\\\/produkt\\\/clutch-coquille-garnkit\\\/#breadcrumb\"},\"inLanguage\":\"de\",\"potentialAction\":[{\"@type\":\"ReadAction\",\"target\":[\"https:\\\/\\\/www.swisscrochet.ch\\\/de\\\/produkt\\\/clutch-coquille-garnkit\\\/\"]}]},{\"@type\":\"ImageObject\",\"inLanguage\":\"de\",\"@id\":\"https:\\\/\\\/www.swisscrochet.ch\\\/de\\\/produkt\\\/clutch-coquille-garnkit\\\/#primaryimage\",\"url\":\"https:\\\/\\\/www.swisscrochet.ch\\\/wp-content\\\/uploads\\\/2026\\\/03\\\/Sac-clutch-coquille-Overview.jpg\",\"contentUrl\":\"https:\\\/\\\/www.swisscrochet.ch\\\/wp-content\\\/uploads\\\/2026\\\/03\\\/Sac-clutch-coquille-Overview.jpg\",\"width\":1000,\"height\":1000},{\"@type\":\"BreadcrumbList\",\"@id\":\"https:\\\/\\\/www.swisscrochet.ch\\\/de\\\/produkt\\\/clutch-coquille-garnkit\\\/#breadcrumb\",\"itemListElement\":[{\"@type\":\"ListItem\",\"position\":1,\"name\":\"Home\",\"item\":\"https:\\\/\\\/www.swisscrochet.ch\\\/de\\\/\"},{\"@type\":\"ListItem\",\"position\":2,\"name\":\"Shop\",\"item\":\"https:\\\/\\\/www.swisscrochet.ch\\\/de\\\/shop\\\/\"},{\"@type\":\"ListItem\",\"position\":3,\"name\":\"Clutch Coquille \u2013 Garnkit\"}]},{\"@type\":\"WebSite\",\"@id\":\"https:\\\/\\\/www.swisscrochet.ch\\\/#website\",\"url\":\"https:\\\/\\\/www.swisscrochet.ch\\\/\",\"name\":\"Swiss Crochet\",\"description\":\"Entfalte dein kreatives Potenzial\",\"potentialAction\":[{\"@type\":\"SearchAction\",\"target\":{\"@type\":\"EntryPoint\",\"urlTemplate\":\"https:\\\/\\\/www.swisscrochet.ch\\\/?s={search_term_string}\"},\"query-input\":{\"@type\":\"PropertyValueSpecification\",\"valueRequired\":true,\"valueName\":\"search_term_string\"}}],\"inLanguage\":\"de\"}]}<\/script>\n<!-- \/ Yoast SEO plugin. -->","yoast_head_json":{"title":"Clutch Coquille \u2013 Garnkit &#171; Swiss Crochet","description":"H\u00e4keltaschen-Kit mit Hoooked Odyssey Garn, Reissverschluss und Metallring. Elegantes Design in Schwarz mit Ros\u00e9gold-Schimmer f\u00fcr stilvolle handgemachte Accessoires.","robots":{"index":"index","follow":"follow","max-snippet":"max-snippet:-1","max-image-preview":"max-image-preview:large","max-video-preview":"max-video-preview:-1"},"canonical":"https:\/\/www.swisscrochet.ch\/de\/produkt\/clutch-coquille-garnkit\/","og_locale":"de_DE","og_type":"article","og_title":"Clutch Coquille \u2013 Garnkit &#171; Swiss Crochet","og_description":"H\u00e4keltaschen-Kit mit Hoooked Odyssey Garn, Reissverschluss und Metallring. Elegantes Design in Schwarz mit Ros\u00e9gold-Schimmer f\u00fcr stilvolle handgemachte Accessoires.","og_url":"https:\/\/www.swisscrochet.ch\/de\/produkt\/clutch-coquille-garnkit\/","og_site_name":"Swiss Crochet","article_modified_time":"2026-03-03T16:06:49+00:00","og_image":[{"width":1000,"height":1000,"url":"https:\/\/www.swisscrochet.ch\/wp-content\/uploads\/2026\/03\/Sac-clutch-coquille-Overview.jpg","type":"image\/jpeg"}],"twitter_card":"summary_large_image","twitter_misc":{"Gesch\u00e4tzte Lesezeit":"1\u00a0Minute"},"schema":{"@context":"https:\/\/schema.org","@graph":[{"@type":["WebPage","ItemPage"],"@id":"https:\/\/www.swisscrochet.ch\/de\/produkt\/clutch-coquille-garnkit\/","url":"https:\/\/www.swisscrochet.ch\/de\/produkt\/clutch-coquille-garnkit\/","name":"Clutch Coquille \u2013 Garnkit &#171; Swiss Crochet","isPartOf":{"@id":"https:\/\/www.swisscrochet.ch\/#website"},"primaryImageOfPage":{"@id":"https:\/\/www.swisscrochet.ch\/de\/produkt\/clutch-coquille-garnkit\/#primaryimage"},"image":{"@id":"https:\/\/www.swisscrochet.ch\/de\/produkt\/clutch-coquille-garnkit\/#primaryimage"},"thumbnailUrl":"https:\/\/www.swisscrochet.ch\/wp-content\/uploads\/2026\/03\/Sac-clutch-coquille-Overview.jpg","datePublished":"2026-03-03T16:03:31+00:00","dateModified":"2026-03-03T16:06:49+00:00","description":"H\u00e4keltaschen-Kit mit Hoooked Odyssey Garn, Reissverschluss und Metallring. Elegantes Design in Schwarz mit Ros\u00e9gold-Schimmer f\u00fcr stilvolle handgemachte Accessoires.","breadcrumb":{"@id":"https:\/\/www.swisscrochet.ch\/de\/produkt\/clutch-coquille-garnkit\/#breadcrumb"},"inLanguage":"de","potentialAction":[{"@type":"ReadAction","target":["https:\/\/www.swisscrochet.ch\/de\/produkt\/clutch-coquille-garnkit\/"]}]},{"@type":"ImageObject","inLanguage":"de","@id":"https:\/\/www.swisscrochet.ch\/de\/produkt\/clutch-coquille-garnkit\/#primaryimage","url":"https:\/\/www.swisscrochet.ch\/wp-content\/uploads\/2026\/03\/Sac-clutch-coquille-Overview.jpg","contentUrl":"https:\/\/www.swisscrochet.ch\/wp-content\/uploads\/2026\/03\/Sac-clutch-coquille-Overview.jpg","width":1000,"height":1000},{"@type":"BreadcrumbList","@id":"https:\/\/www.swisscrochet.ch\/de\/produkt\/clutch-coquille-garnkit\/#breadcrumb","itemListElement":[{"@type":"ListItem","position":1,"name":"Home","item":"https:\/\/www.swisscrochet.ch\/de\/"},{"@type":"ListItem","position":2,"name":"Shop","item":"https:\/\/www.swisscrochet.ch\/de\/shop\/"},{"@type":"ListItem","position":3,"name":"Clutch Coquille \u2013 Garnkit"}]},{"@type":"WebSite","@id":"https:\/\/www.swisscrochet.ch\/#website","url":"https:\/\/www.swisscrochet.ch\/","name":"Swiss Crochet","description":"Entfalte dein kreatives Potenzial","potentialAction":[{"@type":"SearchAction","target":{"@type":"EntryPoint","urlTemplate":"https:\/\/www.swisscrochet.ch\/?s={search_term_string}"},"query-input":{"@type":"PropertyValueSpecification","valueRequired":true,"valueName":"search_term_string"}}],"inLanguage":"de"}]}},"_links":{"self":[{"href":"https:\/\/www.swisscrochet.ch\/de\/wp-json\/wp\/v2\/product\/25452","targetHints":{"allow":["GET"]}}],"collection":[{"href":"https:\/\/www.swisscrochet.ch\/de\/wp-json\/wp\/v2\/product"}],"about":[{"href":"https:\/\/www.swisscrochet.ch\/de\/wp-json\/wp\/v2\/types\/product"}],"wp:featuredmedia":[{"embeddable":true,"href":"https:\/\/www.swisscrochet.ch\/de\/wp-json\/wp\/v2\/media\/25270"}],"wp:attachment":[{"href":"https:\/\/www.swisscrochet.ch\/de\/wp-json\/wp\/v2\/media?parent=25452"}],"wp:term":[{"taxonomy":"product_brand","embeddable":true,"href":"https:\/\/www.swisscrochet.ch\/de\/wp-json\/wp\/v2\/product_brand?post=25452"},{"taxonomy":"product_cat","embeddable":true,"href":"https:\/\/www.swisscrochet.ch\/de\/wp-json\/wp\/v2\/product_cat?post=25452"},{"taxonomy":"product_tag","embeddable":true,"href":"https:\/\/www.swisscrochet.ch\/de\/wp-json\/wp\/v2\/product_tag?post=25452"}],"curies":[{"name":"wp","href":"https:\/\/api.w.org\/{rel}","templated":true}]}}