{"id":25689,"date":"2026-03-07T15:32:04","date_gmt":"2026-03-07T14:32:04","guid":{"rendered":"https:\/\/www.swisscrochet.ch\/product\/flow-top-with-super-10-yarn-kit\/"},"modified":"2026-04-22T13:10:41","modified_gmt":"2026-04-22T11:10:41","slug":"flow-top-mit-super-10-garnkit","status":"publish","type":"product","link":"https:\/\/www.swisscrochet.ch\/de\/produkt\/flow-top-mit-super-10-garnkit\/","title":{"rendered":"Flow Top mit Super 10 \u2013 Garnkit"},"content":{"rendered":"","protected":false},"excerpt":{"rendered":"<p>Das Flow Top ist ein luftiges, modernes Sommer-H\u00e4kelst\u00fcck, das sich mit dir bewegt. Es wird seitlich geh\u00e4kelt. R\u00fcckenteil und Vorderteil werden separat gearbeitet und anschliessend an Schultern und Seiten zusammengen\u00e4ht. Zum Schluss wird die Halsblende gearbeitet. Anleitungen f\u00fcr die Cropped- (gezeigt) und die regul\u00e4re L\u00e4nge sind enthalten.<\/p>\n<p>Das gezeigte Modell wurde in Gr\u00f6sse 2 gearbeitet und verwendet ungef\u00e4hr 590 g Garn (3 Kn\u00e4uel Super 10).<\/p>\n<p>Gr\u00f6ssen: 1 (2, 3, 4, 5)<\/p>\n<p>Fertiger Brustumfang: 84 (106, 128, 150, 172) cm \/ 33 (41.5, 50.5, 59, 67.5) in<\/p>\n<p>Entworfen mit 10\u201320 cm \/ 4\u20138 inches Mehrweite.<\/p>\n<p>Cropped-L\u00e4nge = 42 cm \/ 16.5 in<br \/>\nRegul\u00e4re L\u00e4nge = 59 cm \/ 23.25 in<\/p>\n<p><strong>Gesch\u00e4tzter Garnverbrauch pro Gr\u00f6sse:<\/strong><\/p>\n<ul>\n<li>Gr\u00f6sse 1: 2 Kn\u00e4uel<\/li>\n<li>Gr\u00f6sse 2: 3 Kn\u00e4uel<\/li>\n<li>Gr\u00f6sse 3: 4 Kn\u00e4uel<\/li>\n<li>Gr\u00f6sse 4: 4 Kn\u00e4uel<\/li>\n<li>Gr\u00f6sse 5: 5 Kn\u00e4uel<\/li>\n<\/ul>\n<p>Diese Angaben entsprechen der Cropped-L\u00e4nge. F\u00fcr die regul\u00e4re L\u00e4nge f\u00fcge bei jeder Gr\u00f6sse 1 weiteres Kn\u00e4uel hinzu.<\/p>\n<p><strong>Das Kit enth\u00e4lt:<\/strong><\/p>\n<ul>\n<li>eine digitale Version des <a href=\"https:\/\/www.ravelry.com\/patterns\/library\/flow-top-2\">Flow Top von Linda Skuja<\/a> (verf\u00fcgbar auf Englisch, Deutsch und Franz\u00f6sisch)<\/li>\n<li>Die ben\u00f6tigte Anzahl Kn\u00e4uel Super 10 in der von dir gew\u00e4hlten Farbe, basierend auf der gew\u00e4hlten Gr\u00f6sse<\/li>\n<\/ul>\n<p>&#8211;&gt; F\u00fcr zus\u00e4tzlichen Komfort kannst du deinem Kit auch eine 4.00 mm H\u00e4kelnadel hinzuf\u00fcgen.<\/p>\n<p>Alles, was du brauchst, um dein n\u00e4chstes Lieblings-H\u00e4kelprojekt zu starten \u2013 schlicht, stilvoll und inspirierend.<\/p>\n","protected":false},"featured_media":25544,"template":"","meta":[],"product_brand":[],"product_cat":[332,1672],"product_tag":[1987,2065],"class_list":{"0":"post-25689","1":"product","2":"type-product","3":"status-publish","4":"has-post-thumbnail","6":"product_cat-garnkits","7":"product_cat-garnkits-kleidungsstuecke","8":"product_tag-lindaskuja","9":"product_tag-super-10","10":"description-off","12":"first","13":"instock","14":"virtual","15":"taxable","16":"purchasable","17":"product-type-bundle"},"bundled_by":[],"bundle_stock_status":"instock","bundle_stock_quantity":396,"bundle_virtual":false,"bundle_layout":"default","bundle_add_to_cart_form_location":"default","bundle_editable_in_cart":false,"bundle_sold_individually_context":"product","bundle_item_grouping":"parent","bundle_min_size":"","bundle_max_size":"","bundle_price":{"price":{"min":{"incl_tax":"39.8","excl_tax":"36.82"},"max":{"incl_tax":"","excl_tax":""}},"regular_price":{"min":{"incl_tax":"39.8","excl_tax":"36.82"},"max":{"incl_tax":"","excl_tax":""}}},"bundled_items":[{"bundled_item_id":988,"product_id":19354,"menu_order":0,"quantity_min":2,"quantity_max":"","quantity_default":2,"priced_individually":true,"shipped_individually":false,"override_title":false,"title":"EL.D.Mouzakis Butterfly &#8211; Super 10","override_description":true,"description":"W\u00e4hle die Anzahl der Kn\u00e4uel entsprechend deiner Gr\u00f6sse:\r\n<ul>\r\n \t<li>Gr\u00f6sse 1: 2 Kn\u00e4uel<\/li>\r\n \t<li>Gr\u00f6sse 2: 3 Kn\u00e4uel<\/li>\r\n \t<li>Gr\u00f6sse 3: 4 Kn\u00e4uel<\/li>\r\n \t<li>Gr\u00f6sse 4: 4 Kn\u00e4uel<\/li>\r\n \t<li>Gr\u00f6sse 5: 5 Kn\u00e4uel<\/li>\r\n<\/ul>\r\nDiese Angaben entsprechen der Cropped-L\u00e4nge. F\u00fcr die regul\u00e4re L\u00e4nge f\u00fcge bei jeder Gr\u00f6sse 1 weiteres Kn\u00e4uel hinzu.","optional":false,"hide_thumbnail":false,"discount":"","override_variations":false,"allowed_variations":[""],"override_default_variation_attributes":false,"default_variation_attributes":[],"single_product_visibility":"visible","cart_visibility":"visible","order_visibility":"visible","single_product_price_visibility":"visible","cart_price_visibility":"visible","order_price_visibility":"visible","stock_status":"in_stock"},{"bundled_item_id":989,"product_id":24795,"menu_order":1,"quantity_min":1,"quantity_max":1,"quantity_default":1,"priced_individually":true,"shipped_individually":true,"override_title":false,"title":"Linda Skuja &#8211; Flow Top","override_description":false,"description":"Linda Skuja &#8211; Flow Top","optional":false,"hide_thumbnail":false,"discount":"","override_variations":false,"allowed_variations":[""],"override_default_variation_attributes":false,"default_variation_attributes":[],"single_product_visibility":"hidden","cart_visibility":"visible","order_visibility":"visible","single_product_price_visibility":"visible","cart_price_visibility":"visible","order_price_visibility":"visible","stock_status":"in_stock"},{"bundled_item_id":990,"product_id":3514,"menu_order":2,"quantity_min":1,"quantity_max":1,"quantity_default":1,"priced_individually":true,"shipped_individually":false,"override_title":false,"title":"Tulip &#8211; Etimo Red &#8211; H\u00e4kelnadel mit weichem Griff","override_description":true,"description":"","optional":true,"hide_thumbnail":false,"discount":"","override_variations":true,"allowed_variations":[3521],"override_default_variation_attributes":true,"default_variation_attributes":[{"id":0,"name":"Size","option":"4.00 mm"}],"single_product_visibility":"visible","cart_visibility":"visible","order_visibility":"visible","single_product_price_visibility":"visible","cart_price_visibility":"visible","order_price_visibility":"visible","stock_status":"in_stock"}],"bundle_sell_ids":[],"yoast_head":"<!-- This site is optimized with the Yoast SEO plugin v27.4 - https:\/\/yoast.com\/product\/yoast-seo-wordpress\/ -->\n<title>Flow Top mit Super 10 \u2013 Garnkit &#171; Swiss Crochet<\/title>\n<meta name=\"description\" content=\"Flow Top H\u00e4kelkit mit PDF-Anleitung von Linda Skuja und Super 10 Garn. Modernes Sommertop, seitlich geh\u00e4kelt, mit Optionen f\u00fcr Cropped- und regul\u00e4re L\u00e4nge. Gr\u00f6ssen 1\u20135.\" \/>\n<meta name=\"robots\" content=\"index, follow, max-snippet:-1, max-image-preview:large, max-video-preview:-1\" \/>\n<link rel=\"canonical\" href=\"https:\/\/www.swisscrochet.ch\/de\/produkt\/flow-top-mit-super-10-garnkit\/\" \/>\n<meta property=\"og:locale\" content=\"de_DE\" \/>\n<meta property=\"og:type\" content=\"article\" \/>\n<meta property=\"og:title\" content=\"Flow Top mit Super 10 \u2013 Garnkit &#171; Swiss Crochet\" \/>\n<meta property=\"og:description\" content=\"Flow Top H\u00e4kelkit mit PDF-Anleitung von Linda Skuja und Super 10 Garn. Modernes Sommertop, seitlich geh\u00e4kelt, mit Optionen f\u00fcr Cropped- und regul\u00e4re L\u00e4nge. Gr\u00f6ssen 1\u20135.\" \/>\n<meta property=\"og:url\" content=\"https:\/\/www.swisscrochet.ch\/de\/produkt\/flow-top-mit-super-10-garnkit\/\" \/>\n<meta property=\"og:site_name\" content=\"Swiss Crochet\" \/>\n<meta property=\"article:modified_time\" content=\"2026-04-22T11:10:41+00:00\" \/>\n<meta property=\"og:image\" content=\"https:\/\/www.swisscrochet.ch\/wp-content\/uploads\/2026\/03\/Flow-Top-Super-10-1.jpg\" \/>\n\t<meta property=\"og:image:width\" content=\"1000\" \/>\n\t<meta property=\"og:image:height\" content=\"1000\" \/>\n\t<meta property=\"og:image:type\" content=\"image\/jpeg\" \/>\n<meta name=\"twitter:card\" content=\"summary_large_image\" \/>\n<meta name=\"twitter:label1\" content=\"Gesch\u00e4tzte Lesezeit\" \/>\n\t<meta name=\"twitter:data1\" content=\"1\u00a0Minute\" \/>\n<script type=\"application\/ld+json\" class=\"yoast-schema-graph\">{\"@context\":\"https:\\\/\\\/schema.org\",\"@graph\":[{\"@type\":[\"WebPage\",\"ItemPage\"],\"@id\":\"https:\\\/\\\/www.swisscrochet.ch\\\/de\\\/produkt\\\/flow-top-mit-super-10-garnkit\\\/\",\"url\":\"https:\\\/\\\/www.swisscrochet.ch\\\/de\\\/produkt\\\/flow-top-mit-super-10-garnkit\\\/\",\"name\":\"Flow Top mit Super 10 \u2013 Garnkit &#171; Swiss Crochet\",\"isPartOf\":{\"@id\":\"https:\\\/\\\/www.swisscrochet.ch\\\/#website\"},\"primaryImageOfPage\":{\"@id\":\"https:\\\/\\\/www.swisscrochet.ch\\\/de\\\/produkt\\\/flow-top-mit-super-10-garnkit\\\/#primaryimage\"},\"image\":{\"@id\":\"https:\\\/\\\/www.swisscrochet.ch\\\/de\\\/produkt\\\/flow-top-mit-super-10-garnkit\\\/#primaryimage\"},\"thumbnailUrl\":\"https:\\\/\\\/www.swisscrochet.ch\\\/wp-content\\\/uploads\\\/2026\\\/03\\\/Flow-Top-Super-10-1.jpg\",\"datePublished\":\"2026-03-07T14:32:04+00:00\",\"dateModified\":\"2026-04-22T11:10:41+00:00\",\"description\":\"Flow Top H\u00e4kelkit mit PDF-Anleitung von Linda Skuja und Super 10 Garn. Modernes Sommertop, seitlich geh\u00e4kelt, mit Optionen f\u00fcr Cropped- und regul\u00e4re L\u00e4nge. Gr\u00f6ssen 1\u20135.\",\"breadcrumb\":{\"@id\":\"https:\\\/\\\/www.swisscrochet.ch\\\/de\\\/produkt\\\/flow-top-mit-super-10-garnkit\\\/#breadcrumb\"},\"inLanguage\":\"de\",\"potentialAction\":[{\"@type\":\"ReadAction\",\"target\":[\"https:\\\/\\\/www.swisscrochet.ch\\\/de\\\/produkt\\\/flow-top-mit-super-10-garnkit\\\/\"]}]},{\"@type\":\"ImageObject\",\"inLanguage\":\"de\",\"@id\":\"https:\\\/\\\/www.swisscrochet.ch\\\/de\\\/produkt\\\/flow-top-mit-super-10-garnkit\\\/#primaryimage\",\"url\":\"https:\\\/\\\/www.swisscrochet.ch\\\/wp-content\\\/uploads\\\/2026\\\/03\\\/Flow-Top-Super-10-1.jpg\",\"contentUrl\":\"https:\\\/\\\/www.swisscrochet.ch\\\/wp-content\\\/uploads\\\/2026\\\/03\\\/Flow-Top-Super-10-1.jpg\",\"width\":1000,\"height\":1000},{\"@type\":\"BreadcrumbList\",\"@id\":\"https:\\\/\\\/www.swisscrochet.ch\\\/de\\\/produkt\\\/flow-top-mit-super-10-garnkit\\\/#breadcrumb\",\"itemListElement\":[{\"@type\":\"ListItem\",\"position\":1,\"name\":\"Home\",\"item\":\"https:\\\/\\\/www.swisscrochet.ch\\\/de\\\/\"},{\"@type\":\"ListItem\",\"position\":2,\"name\":\"Shop\",\"item\":\"https:\\\/\\\/www.swisscrochet.ch\\\/de\\\/shop\\\/\"},{\"@type\":\"ListItem\",\"position\":3,\"name\":\"Flow Top mit Super 10 \u2013 Garnkit\"}]},{\"@type\":\"WebSite\",\"@id\":\"https:\\\/\\\/www.swisscrochet.ch\\\/#website\",\"url\":\"https:\\\/\\\/www.swisscrochet.ch\\\/\",\"name\":\"Swiss Crochet\",\"description\":\"Entfalte dein kreatives Potenzial\",\"potentialAction\":[{\"@type\":\"SearchAction\",\"target\":{\"@type\":\"EntryPoint\",\"urlTemplate\":\"https:\\\/\\\/www.swisscrochet.ch\\\/?s={search_term_string}\"},\"query-input\":{\"@type\":\"PropertyValueSpecification\",\"valueRequired\":true,\"valueName\":\"search_term_string\"}}],\"inLanguage\":\"de\"}]}<\/script>\n<!-- \/ Yoast SEO plugin. -->","yoast_head_json":{"title":"Flow Top mit Super 10 \u2013 Garnkit &#171; Swiss Crochet","description":"Flow Top H\u00e4kelkit mit PDF-Anleitung von Linda Skuja und Super 10 Garn. Modernes Sommertop, seitlich geh\u00e4kelt, mit Optionen f\u00fcr Cropped- und regul\u00e4re L\u00e4nge. Gr\u00f6ssen 1\u20135.","robots":{"index":"index","follow":"follow","max-snippet":"max-snippet:-1","max-image-preview":"max-image-preview:large","max-video-preview":"max-video-preview:-1"},"canonical":"https:\/\/www.swisscrochet.ch\/de\/produkt\/flow-top-mit-super-10-garnkit\/","og_locale":"de_DE","og_type":"article","og_title":"Flow Top mit Super 10 \u2013 Garnkit &#171; Swiss Crochet","og_description":"Flow Top H\u00e4kelkit mit PDF-Anleitung von Linda Skuja und Super 10 Garn. Modernes Sommertop, seitlich geh\u00e4kelt, mit Optionen f\u00fcr Cropped- und regul\u00e4re L\u00e4nge. Gr\u00f6ssen 1\u20135.","og_url":"https:\/\/www.swisscrochet.ch\/de\/produkt\/flow-top-mit-super-10-garnkit\/","og_site_name":"Swiss Crochet","article_modified_time":"2026-04-22T11:10:41+00:00","og_image":[{"width":1000,"height":1000,"url":"https:\/\/www.swisscrochet.ch\/wp-content\/uploads\/2026\/03\/Flow-Top-Super-10-1.jpg","type":"image\/jpeg"}],"twitter_card":"summary_large_image","twitter_misc":{"Gesch\u00e4tzte Lesezeit":"1\u00a0Minute"},"schema":{"@context":"https:\/\/schema.org","@graph":[{"@type":["WebPage","ItemPage"],"@id":"https:\/\/www.swisscrochet.ch\/de\/produkt\/flow-top-mit-super-10-garnkit\/","url":"https:\/\/www.swisscrochet.ch\/de\/produkt\/flow-top-mit-super-10-garnkit\/","name":"Flow Top mit Super 10 \u2013 Garnkit &#171; Swiss Crochet","isPartOf":{"@id":"https:\/\/www.swisscrochet.ch\/#website"},"primaryImageOfPage":{"@id":"https:\/\/www.swisscrochet.ch\/de\/produkt\/flow-top-mit-super-10-garnkit\/#primaryimage"},"image":{"@id":"https:\/\/www.swisscrochet.ch\/de\/produkt\/flow-top-mit-super-10-garnkit\/#primaryimage"},"thumbnailUrl":"https:\/\/www.swisscrochet.ch\/wp-content\/uploads\/2026\/03\/Flow-Top-Super-10-1.jpg","datePublished":"2026-03-07T14:32:04+00:00","dateModified":"2026-04-22T11:10:41+00:00","description":"Flow Top H\u00e4kelkit mit PDF-Anleitung von Linda Skuja und Super 10 Garn. Modernes Sommertop, seitlich geh\u00e4kelt, mit Optionen f\u00fcr Cropped- und regul\u00e4re L\u00e4nge. Gr\u00f6ssen 1\u20135.","breadcrumb":{"@id":"https:\/\/www.swisscrochet.ch\/de\/produkt\/flow-top-mit-super-10-garnkit\/#breadcrumb"},"inLanguage":"de","potentialAction":[{"@type":"ReadAction","target":["https:\/\/www.swisscrochet.ch\/de\/produkt\/flow-top-mit-super-10-garnkit\/"]}]},{"@type":"ImageObject","inLanguage":"de","@id":"https:\/\/www.swisscrochet.ch\/de\/produkt\/flow-top-mit-super-10-garnkit\/#primaryimage","url":"https:\/\/www.swisscrochet.ch\/wp-content\/uploads\/2026\/03\/Flow-Top-Super-10-1.jpg","contentUrl":"https:\/\/www.swisscrochet.ch\/wp-content\/uploads\/2026\/03\/Flow-Top-Super-10-1.jpg","width":1000,"height":1000},{"@type":"BreadcrumbList","@id":"https:\/\/www.swisscrochet.ch\/de\/produkt\/flow-top-mit-super-10-garnkit\/#breadcrumb","itemListElement":[{"@type":"ListItem","position":1,"name":"Home","item":"https:\/\/www.swisscrochet.ch\/de\/"},{"@type":"ListItem","position":2,"name":"Shop","item":"https:\/\/www.swisscrochet.ch\/de\/shop\/"},{"@type":"ListItem","position":3,"name":"Flow Top mit Super 10 \u2013 Garnkit"}]},{"@type":"WebSite","@id":"https:\/\/www.swisscrochet.ch\/#website","url":"https:\/\/www.swisscrochet.ch\/","name":"Swiss Crochet","description":"Entfalte dein kreatives Potenzial","potentialAction":[{"@type":"SearchAction","target":{"@type":"EntryPoint","urlTemplate":"https:\/\/www.swisscrochet.ch\/?s={search_term_string}"},"query-input":{"@type":"PropertyValueSpecification","valueRequired":true,"valueName":"search_term_string"}}],"inLanguage":"de"}]}},"_links":{"self":[{"href":"https:\/\/www.swisscrochet.ch\/de\/wp-json\/wp\/v2\/product\/25689","targetHints":{"allow":["GET"]}}],"collection":[{"href":"https:\/\/www.swisscrochet.ch\/de\/wp-json\/wp\/v2\/product"}],"about":[{"href":"https:\/\/www.swisscrochet.ch\/de\/wp-json\/wp\/v2\/types\/product"}],"wp:featuredmedia":[{"embeddable":true,"href":"https:\/\/www.swisscrochet.ch\/de\/wp-json\/wp\/v2\/media\/25544"}],"wp:attachment":[{"href":"https:\/\/www.swisscrochet.ch\/de\/wp-json\/wp\/v2\/media?parent=25689"}],"wp:term":[{"taxonomy":"product_brand","embeddable":true,"href":"https:\/\/www.swisscrochet.ch\/de\/wp-json\/wp\/v2\/product_brand?post=25689"},{"taxonomy":"product_cat","embeddable":true,"href":"https:\/\/www.swisscrochet.ch\/de\/wp-json\/wp\/v2\/product_cat?post=25689"},{"taxonomy":"product_tag","embeddable":true,"href":"https:\/\/www.swisscrochet.ch\/de\/wp-json\/wp\/v2\/product_tag?post=25689"}],"curies":[{"name":"wp","href":"https:\/\/api.w.org\/{rel}","templated":true}]}}