{"id":25705,"date":"2026-03-07T16:17:51","date_gmt":"2026-03-07T15:17:51","guid":{"rendered":"https:\/\/www.swisscrochet.ch\/product\/ena-sweater-with-rozena-yarn-kit\/"},"modified":"2026-03-07T17:21:03","modified_gmt":"2026-03-07T16:21:03","slug":"ena-sweater-mit-rozena-garnkit","status":"publish","type":"product","link":"https:\/\/www.swisscrochet.ch\/de\/produkt\/ena-sweater-mit-rozena-garnkit\/","title":{"rendered":"Ena Sweater mit Rozena \u2013 Garnkit"},"content":{"rendered":"","protected":false},"excerpt":{"rendered":"<p>In diesem Pullover werden Relief-Raglanlinien neu interpretiert und zu verbundenen, durchgehenden Verl\u00e4ngerungen gestaltet, die Balance und Verbundenheit darstellen, begleitet von umschliessenden Reliefmaschen-Schattenlinien. F\u00fcr den Alltag entworfen, zeigt \u0112na ein feines Spiel von Schatten, das einem ansonsten l\u00e4ssigen Kleidungsst\u00fcck eine besondere Struktur verleiht.<\/p>\n<p>Das gezeigte Modell wurde in Gr\u00f6sse 3 gearbeitet und verwendet ungef\u00e4hr 315 g Garn (13 Kn\u00e4uel Rozena).<\/p>\n<p>Gr\u00f6ssen: 1 (2, 3, 4, 5) (6, 7, 8, 9)<\/p>\n<p>Passend f\u00fcr Brustumfang: 76 (86, 97, 107, 117) (127, 137, 147, 157) cm \/ 30 (34, 38, 42, 46) (50, 54, 58, 62) in<\/p>\n<p>Fertiger Brustumfang: 98.5 (107, 114.5, 121.5, 128.5) (134.5, 141.5, 148.5, 157) cm \/ 38.75 (42.25, 45, 47.75, 50.5) (53, 55.75, 58.5, 61.75) in<\/p>\n<p><strong>Gesch\u00e4tzter Garnverbrauch pro Gr\u00f6sse:<\/strong><\/p>\n<ul>\n<li>Gr\u00f6sse 1: 10 Kn\u00e4uel<\/li>\n<li>Gr\u00f6sse 2: 11 Kn\u00e4uel<\/li>\n<li>Gr\u00f6sse 3: 12 Kn\u00e4uel<\/li>\n<li>Gr\u00f6sse 4: 13 Kn\u00e4uel<\/li>\n<li>Gr\u00f6sse 5: 14 Kn\u00e4uel<\/li>\n<li>Gr\u00f6sse 6: 14 Kn\u00e4uel<\/li>\n<li>Gr\u00f6sse 7: 15 Kn\u00e4uel<\/li>\n<li>Gr\u00f6sse 8: 16 Kn\u00e4uel<\/li>\n<li>Gr\u00f6sse 9: 17 Kn\u00e4uel<\/li>\n<\/ul>\n<p><strong>Das Kit enth\u00e4lt:<\/strong><\/p>\n<ul>\n<li>Die ben\u00f6tigte Anzahl Kn\u00e4uel Rozena in der von dir gew\u00e4hlten Farbe, basierend auf der gew\u00e4hlten Gr\u00f6sse<\/li>\n<\/ul>\n<p><strong>Optionale Erg\u00e4nzungen:<\/strong><\/p>\n<ul>\n<li>Die Anleitung erscheint im Buch <em>Crochet Sweaters with a Textured Twist<\/em> von <em>Linda Skuja<\/em>, das du auf Englisch und Deutsch erwerben kannst (siehe Links unten)<\/li>\n<li>5.00 mm H\u00e4kelnadel<\/li>\n<\/ul>\n<p>Alles, was du brauchst, um dein n\u00e4chstes Lieblings-H\u00e4kelprojekt zu starten \u2013 schlicht, stilvoll und inspirierend.<\/p>\n","protected":false},"featured_media":25406,"template":"","meta":[],"product_brand":[],"product_cat":[332,1672],"product_tag":[1987,2062],"class_list":{"0":"post-25705","1":"product","2":"type-product","3":"status-publish","4":"has-post-thumbnail","6":"product_cat-garnkits","7":"product_cat-garnkits-kleidungsstuecke","8":"product_tag-lindaskuja","9":"product_tag-rozena","10":"description-off","12":"first","13":"instock","14":"virtual","15":"taxable","16":"purchasable","17":"product-type-bundle"},"bundled_by":[],"bundle_stock_status":"instock","bundle_stock_quantity":23,"bundle_virtual":false,"bundle_layout":"default","bundle_add_to_cart_form_location":"default","bundle_editable_in_cart":false,"bundle_sold_individually_context":"product","bundle_item_grouping":"parent","bundle_min_size":"","bundle_max_size":"","bundle_price":{"price":{"min":{"incl_tax":"89","excl_tax":"82.33"},"max":{"incl_tax":"","excl_tax":""}},"regular_price":{"min":{"incl_tax":"89","excl_tax":"82.33"},"max":{"incl_tax":"","excl_tax":""}}},"bundled_items":[{"bundled_item_id":1022,"product_id":5813,"menu_order":0,"quantity_min":10,"quantity_max":"","quantity_default":10,"priced_individually":true,"shipped_individually":false,"override_title":false,"title":"Laines du Nord &#8211; Rozena","override_description":true,"description":"W\u00e4hle die Anzahl der Kn\u00e4uel entsprechend deiner Gr\u00f6sse:\r\n<ul>\r\n \t<li>Gr\u00f6sse 1: 10 Kn\u00e4uel<\/li>\r\n \t<li>Gr\u00f6sse 2: 11 Kn\u00e4uel<\/li>\r\n \t<li>Gr\u00f6sse 3: 12 Kn\u00e4uel<\/li>\r\n \t<li>Gr\u00f6sse 4: 13 Kn\u00e4uel<\/li>\r\n \t<li>Gr\u00f6sse 5: 14 Kn\u00e4uel<\/li>\r\n \t<li>Gr\u00f6sse 6: 14 Kn\u00e4uel<\/li>\r\n \t<li>Gr\u00f6sse 7: 15 Kn\u00e4uel<\/li>\r\n \t<li>Gr\u00f6sse 8: 16 Kn\u00e4uel<\/li>\r\n \t<li>Gr\u00f6sse 9: 17 Kn\u00e4uel<\/li>\r\n<\/ul>","optional":false,"hide_thumbnail":false,"discount":"","override_variations":false,"allowed_variations":[""],"override_default_variation_attributes":false,"default_variation_attributes":[],"single_product_visibility":"visible","cart_visibility":"visible","order_visibility":"visible","single_product_price_visibility":"visible","cart_price_visibility":"visible","order_price_visibility":"visible","stock_status":"in_stock"},{"bundled_item_id":1023,"product_id":7640,"menu_order":1,"quantity_min":1,"quantity_max":1,"quantity_default":1,"priced_individually":true,"shipped_individually":false,"override_title":false,"title":"Crochet Sweaters with a Textured Twist &#8211; Linda Skuja","override_description":true,"description":"","optional":true,"hide_thumbnail":false,"discount":"","override_variations":false,"allowed_variations":[""],"override_default_variation_attributes":false,"default_variation_attributes":[],"single_product_visibility":"visible","cart_visibility":"visible","order_visibility":"visible","single_product_price_visibility":"visible","cart_price_visibility":"visible","order_price_visibility":"visible","stock_status":"in_stock"},{"bundled_item_id":1024,"product_id":7332,"menu_order":2,"quantity_min":1,"quantity_max":1,"quantity_default":1,"priced_individually":true,"shipped_individually":false,"override_title":false,"title":"Lieblingspullis H\u00e4keln &#8211; Linda Skuja","override_description":true,"description":"","optional":true,"hide_thumbnail":false,"discount":"","override_variations":false,"allowed_variations":[""],"override_default_variation_attributes":false,"default_variation_attributes":[],"single_product_visibility":"visible","cart_visibility":"visible","order_visibility":"visible","single_product_price_visibility":"visible","cart_price_visibility":"visible","order_price_visibility":"visible","stock_status":"in_stock"},{"bundled_item_id":1025,"product_id":3514,"menu_order":3,"quantity_min":1,"quantity_max":1,"quantity_default":1,"priced_individually":true,"shipped_individually":false,"override_title":false,"title":"Tulip &#8211; Etimo Red &#8211; H\u00e4kelnadel mit weichem Griff","override_description":true,"description":"","optional":true,"hide_thumbnail":false,"discount":"","override_variations":true,"allowed_variations":[3523],"override_default_variation_attributes":true,"default_variation_attributes":[{"id":0,"name":"Size","option":"5.00 mm"}],"single_product_visibility":"visible","cart_visibility":"visible","order_visibility":"visible","single_product_price_visibility":"visible","cart_price_visibility":"visible","order_price_visibility":"visible","stock_status":"in_stock"}],"bundle_sell_ids":[],"yoast_head":"<!-- This site is optimized with the Yoast SEO plugin v27.4 - https:\/\/yoast.com\/product\/yoast-seo-wordpress\/ -->\n<title>Ena Sweater mit Rozena \u2013 Garnkit &#171; Swiss Crochet<\/title>\n<meta name=\"description\" content=\"\u0112na H\u00e4kelpullover-Kit mit Rozena Garn. Modernes Raglan-Design von Linda Skuja mit Reliefmaschen-Textur und Schatteneffekten. Gr\u00f6ssen 1\u20139.\" \/>\n<meta name=\"robots\" content=\"index, follow, max-snippet:-1, max-image-preview:large, max-video-preview:-1\" \/>\n<link rel=\"canonical\" href=\"https:\/\/www.swisscrochet.ch\/de\/produkt\/ena-sweater-mit-rozena-garnkit\/\" \/>\n<meta property=\"og:locale\" content=\"de_DE\" \/>\n<meta property=\"og:type\" content=\"article\" \/>\n<meta property=\"og:title\" content=\"Ena Sweater mit Rozena \u2013 Garnkit &#171; Swiss Crochet\" \/>\n<meta property=\"og:description\" content=\"\u0112na H\u00e4kelpullover-Kit mit Rozena Garn. Modernes Raglan-Design von Linda Skuja mit Reliefmaschen-Textur und Schatteneffekten. Gr\u00f6ssen 1\u20139.\" \/>\n<meta property=\"og:url\" content=\"https:\/\/www.swisscrochet.ch\/de\/produkt\/ena-sweater-mit-rozena-garnkit\/\" \/>\n<meta property=\"og:site_name\" content=\"Swiss Crochet\" \/>\n<meta property=\"article:modified_time\" content=\"2026-03-07T16:21:03+00:00\" \/>\n<meta property=\"og:image\" content=\"https:\/\/www.swisscrochet.ch\/wp-content\/uploads\/2026\/03\/Ena-Sweater-Rozena-Overview.jpg\" \/>\n\t<meta property=\"og:image:width\" content=\"1000\" \/>\n\t<meta property=\"og:image:height\" content=\"1000\" \/>\n\t<meta property=\"og:image:type\" content=\"image\/jpeg\" \/>\n<meta name=\"twitter:card\" content=\"summary_large_image\" \/>\n<meta name=\"twitter:label1\" content=\"Gesch\u00e4tzte Lesezeit\" \/>\n\t<meta name=\"twitter:data1\" content=\"1\u00a0Minute\" \/>\n<script type=\"application\/ld+json\" class=\"yoast-schema-graph\">{\"@context\":\"https:\\\/\\\/schema.org\",\"@graph\":[{\"@type\":[\"WebPage\",\"ItemPage\"],\"@id\":\"https:\\\/\\\/www.swisscrochet.ch\\\/de\\\/produkt\\\/ena-sweater-mit-rozena-garnkit\\\/\",\"url\":\"https:\\\/\\\/www.swisscrochet.ch\\\/de\\\/produkt\\\/ena-sweater-mit-rozena-garnkit\\\/\",\"name\":\"Ena Sweater mit Rozena \u2013 Garnkit &#171; Swiss Crochet\",\"isPartOf\":{\"@id\":\"https:\\\/\\\/www.swisscrochet.ch\\\/#website\"},\"primaryImageOfPage\":{\"@id\":\"https:\\\/\\\/www.swisscrochet.ch\\\/de\\\/produkt\\\/ena-sweater-mit-rozena-garnkit\\\/#primaryimage\"},\"image\":{\"@id\":\"https:\\\/\\\/www.swisscrochet.ch\\\/de\\\/produkt\\\/ena-sweater-mit-rozena-garnkit\\\/#primaryimage\"},\"thumbnailUrl\":\"https:\\\/\\\/www.swisscrochet.ch\\\/wp-content\\\/uploads\\\/2026\\\/03\\\/Ena-Sweater-Rozena-Overview.jpg\",\"datePublished\":\"2026-03-07T15:17:51+00:00\",\"dateModified\":\"2026-03-07T16:21:03+00:00\",\"description\":\"\u0112na H\u00e4kelpullover-Kit mit Rozena Garn. Modernes Raglan-Design von Linda Skuja mit Reliefmaschen-Textur und Schatteneffekten. Gr\u00f6ssen 1\u20139.\",\"breadcrumb\":{\"@id\":\"https:\\\/\\\/www.swisscrochet.ch\\\/de\\\/produkt\\\/ena-sweater-mit-rozena-garnkit\\\/#breadcrumb\"},\"inLanguage\":\"de\",\"potentialAction\":[{\"@type\":\"ReadAction\",\"target\":[\"https:\\\/\\\/www.swisscrochet.ch\\\/de\\\/produkt\\\/ena-sweater-mit-rozena-garnkit\\\/\"]}]},{\"@type\":\"ImageObject\",\"inLanguage\":\"de\",\"@id\":\"https:\\\/\\\/www.swisscrochet.ch\\\/de\\\/produkt\\\/ena-sweater-mit-rozena-garnkit\\\/#primaryimage\",\"url\":\"https:\\\/\\\/www.swisscrochet.ch\\\/wp-content\\\/uploads\\\/2026\\\/03\\\/Ena-Sweater-Rozena-Overview.jpg\",\"contentUrl\":\"https:\\\/\\\/www.swisscrochet.ch\\\/wp-content\\\/uploads\\\/2026\\\/03\\\/Ena-Sweater-Rozena-Overview.jpg\",\"width\":1000,\"height\":1000},{\"@type\":\"BreadcrumbList\",\"@id\":\"https:\\\/\\\/www.swisscrochet.ch\\\/de\\\/produkt\\\/ena-sweater-mit-rozena-garnkit\\\/#breadcrumb\",\"itemListElement\":[{\"@type\":\"ListItem\",\"position\":1,\"name\":\"Home\",\"item\":\"https:\\\/\\\/www.swisscrochet.ch\\\/de\\\/\"},{\"@type\":\"ListItem\",\"position\":2,\"name\":\"Shop\",\"item\":\"https:\\\/\\\/www.swisscrochet.ch\\\/de\\\/shop\\\/\"},{\"@type\":\"ListItem\",\"position\":3,\"name\":\"Ena Sweater mit Rozena \u2013 Garnkit\"}]},{\"@type\":\"WebSite\",\"@id\":\"https:\\\/\\\/www.swisscrochet.ch\\\/#website\",\"url\":\"https:\\\/\\\/www.swisscrochet.ch\\\/\",\"name\":\"Swiss Crochet\",\"description\":\"Entfalte dein kreatives Potenzial\",\"potentialAction\":[{\"@type\":\"SearchAction\",\"target\":{\"@type\":\"EntryPoint\",\"urlTemplate\":\"https:\\\/\\\/www.swisscrochet.ch\\\/?s={search_term_string}\"},\"query-input\":{\"@type\":\"PropertyValueSpecification\",\"valueRequired\":true,\"valueName\":\"search_term_string\"}}],\"inLanguage\":\"de\"}]}<\/script>\n<!-- \/ Yoast SEO plugin. -->","yoast_head_json":{"title":"Ena Sweater mit Rozena \u2013 Garnkit &#171; Swiss Crochet","description":"\u0112na H\u00e4kelpullover-Kit mit Rozena Garn. Modernes Raglan-Design von Linda Skuja mit Reliefmaschen-Textur und Schatteneffekten. Gr\u00f6ssen 1\u20139.","robots":{"index":"index","follow":"follow","max-snippet":"max-snippet:-1","max-image-preview":"max-image-preview:large","max-video-preview":"max-video-preview:-1"},"canonical":"https:\/\/www.swisscrochet.ch\/de\/produkt\/ena-sweater-mit-rozena-garnkit\/","og_locale":"de_DE","og_type":"article","og_title":"Ena Sweater mit Rozena \u2013 Garnkit &#171; Swiss Crochet","og_description":"\u0112na H\u00e4kelpullover-Kit mit Rozena Garn. Modernes Raglan-Design von Linda Skuja mit Reliefmaschen-Textur und Schatteneffekten. Gr\u00f6ssen 1\u20139.","og_url":"https:\/\/www.swisscrochet.ch\/de\/produkt\/ena-sweater-mit-rozena-garnkit\/","og_site_name":"Swiss Crochet","article_modified_time":"2026-03-07T16:21:03+00:00","og_image":[{"width":1000,"height":1000,"url":"https:\/\/www.swisscrochet.ch\/wp-content\/uploads\/2026\/03\/Ena-Sweater-Rozena-Overview.jpg","type":"image\/jpeg"}],"twitter_card":"summary_large_image","twitter_misc":{"Gesch\u00e4tzte Lesezeit":"1\u00a0Minute"},"schema":{"@context":"https:\/\/schema.org","@graph":[{"@type":["WebPage","ItemPage"],"@id":"https:\/\/www.swisscrochet.ch\/de\/produkt\/ena-sweater-mit-rozena-garnkit\/","url":"https:\/\/www.swisscrochet.ch\/de\/produkt\/ena-sweater-mit-rozena-garnkit\/","name":"Ena Sweater mit Rozena \u2013 Garnkit &#171; Swiss Crochet","isPartOf":{"@id":"https:\/\/www.swisscrochet.ch\/#website"},"primaryImageOfPage":{"@id":"https:\/\/www.swisscrochet.ch\/de\/produkt\/ena-sweater-mit-rozena-garnkit\/#primaryimage"},"image":{"@id":"https:\/\/www.swisscrochet.ch\/de\/produkt\/ena-sweater-mit-rozena-garnkit\/#primaryimage"},"thumbnailUrl":"https:\/\/www.swisscrochet.ch\/wp-content\/uploads\/2026\/03\/Ena-Sweater-Rozena-Overview.jpg","datePublished":"2026-03-07T15:17:51+00:00","dateModified":"2026-03-07T16:21:03+00:00","description":"\u0112na H\u00e4kelpullover-Kit mit Rozena Garn. Modernes Raglan-Design von Linda Skuja mit Reliefmaschen-Textur und Schatteneffekten. Gr\u00f6ssen 1\u20139.","breadcrumb":{"@id":"https:\/\/www.swisscrochet.ch\/de\/produkt\/ena-sweater-mit-rozena-garnkit\/#breadcrumb"},"inLanguage":"de","potentialAction":[{"@type":"ReadAction","target":["https:\/\/www.swisscrochet.ch\/de\/produkt\/ena-sweater-mit-rozena-garnkit\/"]}]},{"@type":"ImageObject","inLanguage":"de","@id":"https:\/\/www.swisscrochet.ch\/de\/produkt\/ena-sweater-mit-rozena-garnkit\/#primaryimage","url":"https:\/\/www.swisscrochet.ch\/wp-content\/uploads\/2026\/03\/Ena-Sweater-Rozena-Overview.jpg","contentUrl":"https:\/\/www.swisscrochet.ch\/wp-content\/uploads\/2026\/03\/Ena-Sweater-Rozena-Overview.jpg","width":1000,"height":1000},{"@type":"BreadcrumbList","@id":"https:\/\/www.swisscrochet.ch\/de\/produkt\/ena-sweater-mit-rozena-garnkit\/#breadcrumb","itemListElement":[{"@type":"ListItem","position":1,"name":"Home","item":"https:\/\/www.swisscrochet.ch\/de\/"},{"@type":"ListItem","position":2,"name":"Shop","item":"https:\/\/www.swisscrochet.ch\/de\/shop\/"},{"@type":"ListItem","position":3,"name":"Ena Sweater mit Rozena \u2013 Garnkit"}]},{"@type":"WebSite","@id":"https:\/\/www.swisscrochet.ch\/#website","url":"https:\/\/www.swisscrochet.ch\/","name":"Swiss Crochet","description":"Entfalte dein kreatives Potenzial","potentialAction":[{"@type":"SearchAction","target":{"@type":"EntryPoint","urlTemplate":"https:\/\/www.swisscrochet.ch\/?s={search_term_string}"},"query-input":{"@type":"PropertyValueSpecification","valueRequired":true,"valueName":"search_term_string"}}],"inLanguage":"de"}]}},"_links":{"self":[{"href":"https:\/\/www.swisscrochet.ch\/de\/wp-json\/wp\/v2\/product\/25705","targetHints":{"allow":["GET"]}}],"collection":[{"href":"https:\/\/www.swisscrochet.ch\/de\/wp-json\/wp\/v2\/product"}],"about":[{"href":"https:\/\/www.swisscrochet.ch\/de\/wp-json\/wp\/v2\/types\/product"}],"wp:featuredmedia":[{"embeddable":true,"href":"https:\/\/www.swisscrochet.ch\/de\/wp-json\/wp\/v2\/media\/25406"}],"wp:attachment":[{"href":"https:\/\/www.swisscrochet.ch\/de\/wp-json\/wp\/v2\/media?parent=25705"}],"wp:term":[{"taxonomy":"product_brand","embeddable":true,"href":"https:\/\/www.swisscrochet.ch\/de\/wp-json\/wp\/v2\/product_brand?post=25705"},{"taxonomy":"product_cat","embeddable":true,"href":"https:\/\/www.swisscrochet.ch\/de\/wp-json\/wp\/v2\/product_cat?post=25705"},{"taxonomy":"product_tag","embeddable":true,"href":"https:\/\/www.swisscrochet.ch\/de\/wp-json\/wp\/v2\/product_tag?post=25705"}],"curies":[{"name":"wp","href":"https:\/\/api.w.org\/{rel}","templated":true}]}}