{"id":25949,"date":"2026-03-08T12:38:28","date_gmt":"2026-03-08T11:38:28","guid":{"rendered":"https:\/\/www.swisscrochet.ch\/product\/sequin-project-bags\/"},"modified":"2026-03-08T12:43:58","modified_gmt":"2026-03-08T11:43:58","slug":"pailletten-projekttaschen","status":"publish","type":"product","link":"https:\/\/www.swisscrochet.ch\/de\/produkt\/pailletten-projekttaschen\/","title":{"rendered":"Pailletten-Projekttaschen"},"content":{"rendered":"","protected":false},"excerpt":{"rendered":"<p>Verleihe deinem Projekt einen Hauch von Glanz mit diesen stilvollen Pailletten-Projekttaschen. Mit einer schimmernden Paillettenoberfl\u00e4che und einem glatten Polyesterfutter sind diese leichten Taschen sowohl praktisch als auch auff\u00e4llig \u2013 perfekt, um deine H\u00e4kelprojekte \u00fcberallhin mitzunehmen.<\/p>\n<p>Die Tasche wurde speziell f\u00fcr kreative Makerinnen entworfen und verf\u00fcgt \u00fcber einen kurzen und einen langen Henkel, mit denen sie mithilfe der beliebten japanischen Knottechnik geschlossen werden kann (siehe Fotos). Diese clevere Konstruktion h\u00e4lt dein Projekt sicher, w\u00e4hrend die Tasche unterwegs leicht zu \u00f6ffnen und zu benutzen bleibt. Eine kleine Innentasche bietet Platz f\u00fcr wichtige Dinge wie Maschenmarkierer, Schere oder Massband.<\/p>\n<p>Dank ihrer kompakten Gr\u00f6sse und ihres sehr geringen Gewichts eignet sich diese Tasche ideal f\u00fcr kleine H\u00e4kelprojekte und ist perfekt zum Handarbeiten unterwegs oder auf Reisen.<\/p>\n<p>Erh\u00e4ltlich in zwei Farben \u2013 Regenbogen und Schwarz \u2013 bringt jede Tasche eine stilvolle, moderne Note in deine Projekttaschen-Sammlung.<\/p>\n<p><strong>Details<\/strong><br \/>\n\u2013 Paillettenbesetzter Aussenstoff<br \/>\n\u2013 Ein kurzer und ein langer Henkel f\u00fcr japanischen Knotverschluss<br \/>\n\u2013 Kleine Innentasche<br \/>\n\u2013 Gewicht: ca. 50 g<br \/>\n\u2013 Gr\u00f6sse: 26 \u00d7 21 cm  <\/p>\n<p><strong>Limitierte Edition \u2013 erh\u00e4ltlich solange der Vorrat reicht.<\/strong><\/p>\n","protected":false},"featured_media":25907,"template":"","meta":[],"product_brand":[],"product_cat":[579,220],"product_tag":[],"class_list":{"0":"post-25949","1":"product","2":"type-product","3":"status-publish","4":"has-post-thumbnail","6":"product_cat-etuis-taschen","7":"product_cat-hakelnadeln-und-zubehor","8":"description-off","10":"first","11":"instock","12":"taxable","13":"shipping-taxable","14":"purchasable","15":"product-type-variable","16":"wvs-archive-product-wrapper"},"bundled_by":[],"bundle_stock_status":"instock","bundle_stock_quantity":null,"bundle_virtual":false,"bundle_layout":"","bundle_add_to_cart_form_location":"","bundle_editable_in_cart":false,"bundle_sold_individually_context":"","bundle_item_grouping":"","bundle_min_size":"","bundle_max_size":"","bundle_price":[],"bundled_items":[],"bundle_sell_ids":[],"yoast_head":"<!-- This site is optimized with the Yoast SEO plugin v27.5 - https:\/\/yoast.com\/product\/yoast-seo-wordpress\/ -->\n<title>Pailletten-Projekttaschen &#171; Swiss Crochet<\/title>\n<meta name=\"description\" content=\"Leichte Projekttasche mit Pailletten, japanischem Knotverschluss und Innentasche. Stilvolle Projekttasche f\u00fcrs H\u00e4keln in Regenbogenfarben oder Schwarz \u2013 perfekt f\u00fcr kleine Projekte unterwegs.\" \/>\n<meta name=\"robots\" content=\"index, follow, max-snippet:-1, max-image-preview:large, max-video-preview:-1\" \/>\n<link rel=\"canonical\" href=\"https:\/\/www.swisscrochet.ch\/de\/produkt\/pailletten-projekttaschen\/\" \/>\n<meta property=\"og:locale\" content=\"de_DE\" \/>\n<meta property=\"og:type\" content=\"article\" \/>\n<meta property=\"og:title\" content=\"Pailletten-Projekttaschen &#171; Swiss Crochet\" \/>\n<meta property=\"og:description\" content=\"Leichte Projekttasche mit Pailletten, japanischem Knotverschluss und Innentasche. Stilvolle Projekttasche f\u00fcrs H\u00e4keln in Regenbogenfarben oder Schwarz \u2013 perfekt f\u00fcr kleine Projekte unterwegs.\" \/>\n<meta property=\"og:url\" content=\"https:\/\/www.swisscrochet.ch\/de\/produkt\/pailletten-projekttaschen\/\" \/>\n<meta property=\"og:site_name\" content=\"Swiss Crochet\" \/>\n<meta property=\"article:modified_time\" content=\"2026-03-08T11:43:58+00:00\" \/>\n<meta property=\"og:image\" content=\"https:\/\/www.swisscrochet.ch\/wp-content\/uploads\/2026\/03\/Sequin-Project-Bags-Overview.jpg\" \/>\n\t<meta property=\"og:image:width\" content=\"1000\" \/>\n\t<meta property=\"og:image:height\" content=\"1000\" \/>\n\t<meta property=\"og:image:type\" content=\"image\/jpeg\" \/>\n<meta name=\"twitter:card\" content=\"summary_large_image\" \/>\n<meta name=\"twitter:label1\" content=\"Gesch\u00e4tzte Lesezeit\" \/>\n\t<meta name=\"twitter:data1\" content=\"1\u00a0Minute\" \/>\n<script type=\"application\/ld+json\" class=\"yoast-schema-graph\">{\"@context\":\"https:\\\/\\\/schema.org\",\"@graph\":[{\"@type\":[\"WebPage\",\"ItemPage\"],\"@id\":\"https:\\\/\\\/www.swisscrochet.ch\\\/de\\\/produkt\\\/pailletten-projekttaschen\\\/\",\"url\":\"https:\\\/\\\/www.swisscrochet.ch\\\/de\\\/produkt\\\/pailletten-projekttaschen\\\/\",\"name\":\"Pailletten-Projekttaschen &#171; Swiss Crochet\",\"isPartOf\":{\"@id\":\"https:\\\/\\\/www.swisscrochet.ch\\\/#website\"},\"primaryImageOfPage\":{\"@id\":\"https:\\\/\\\/www.swisscrochet.ch\\\/de\\\/produkt\\\/pailletten-projekttaschen\\\/#primaryimage\"},\"image\":{\"@id\":\"https:\\\/\\\/www.swisscrochet.ch\\\/de\\\/produkt\\\/pailletten-projekttaschen\\\/#primaryimage\"},\"thumbnailUrl\":\"https:\\\/\\\/www.swisscrochet.ch\\\/wp-content\\\/uploads\\\/2026\\\/03\\\/Sequin-Project-Bags-Overview.jpg\",\"datePublished\":\"2026-03-08T11:38:28+00:00\",\"dateModified\":\"2026-03-08T11:43:58+00:00\",\"description\":\"Leichte Projekttasche mit Pailletten, japanischem Knotverschluss und Innentasche. Stilvolle Projekttasche f\u00fcrs H\u00e4keln in Regenbogenfarben oder Schwarz \u2013 perfekt f\u00fcr kleine Projekte unterwegs.\",\"breadcrumb\":{\"@id\":\"https:\\\/\\\/www.swisscrochet.ch\\\/de\\\/produkt\\\/pailletten-projekttaschen\\\/#breadcrumb\"},\"inLanguage\":\"de\",\"potentialAction\":[{\"@type\":\"ReadAction\",\"target\":[\"https:\\\/\\\/www.swisscrochet.ch\\\/de\\\/produkt\\\/pailletten-projekttaschen\\\/\"]}]},{\"@type\":\"ImageObject\",\"inLanguage\":\"de\",\"@id\":\"https:\\\/\\\/www.swisscrochet.ch\\\/de\\\/produkt\\\/pailletten-projekttaschen\\\/#primaryimage\",\"url\":\"https:\\\/\\\/www.swisscrochet.ch\\\/wp-content\\\/uploads\\\/2026\\\/03\\\/Sequin-Project-Bags-Overview.jpg\",\"contentUrl\":\"https:\\\/\\\/www.swisscrochet.ch\\\/wp-content\\\/uploads\\\/2026\\\/03\\\/Sequin-Project-Bags-Overview.jpg\",\"width\":1000,\"height\":1000},{\"@type\":\"BreadcrumbList\",\"@id\":\"https:\\\/\\\/www.swisscrochet.ch\\\/de\\\/produkt\\\/pailletten-projekttaschen\\\/#breadcrumb\",\"itemListElement\":[{\"@type\":\"ListItem\",\"position\":1,\"name\":\"Home\",\"item\":\"https:\\\/\\\/www.swisscrochet.ch\\\/de\\\/\"},{\"@type\":\"ListItem\",\"position\":2,\"name\":\"Shop\",\"item\":\"https:\\\/\\\/www.swisscrochet.ch\\\/de\\\/shop\\\/\"},{\"@type\":\"ListItem\",\"position\":3,\"name\":\"Pailletten-Projekttaschen\"}]},{\"@type\":\"WebSite\",\"@id\":\"https:\\\/\\\/www.swisscrochet.ch\\\/#website\",\"url\":\"https:\\\/\\\/www.swisscrochet.ch\\\/\",\"name\":\"Swiss Crochet\",\"description\":\"Entfalte dein kreatives Potenzial\",\"potentialAction\":[{\"@type\":\"SearchAction\",\"target\":{\"@type\":\"EntryPoint\",\"urlTemplate\":\"https:\\\/\\\/www.swisscrochet.ch\\\/?s={search_term_string}\"},\"query-input\":{\"@type\":\"PropertyValueSpecification\",\"valueRequired\":true,\"valueName\":\"search_term_string\"}}],\"inLanguage\":\"de\"}]}<\/script>\n<!-- \/ Yoast SEO plugin. -->","yoast_head_json":{"title":"Pailletten-Projekttaschen &#171; Swiss Crochet","description":"Leichte Projekttasche mit Pailletten, japanischem Knotverschluss und Innentasche. Stilvolle Projekttasche f\u00fcrs H\u00e4keln in Regenbogenfarben oder Schwarz \u2013 perfekt f\u00fcr kleine Projekte unterwegs.","robots":{"index":"index","follow":"follow","max-snippet":"max-snippet:-1","max-image-preview":"max-image-preview:large","max-video-preview":"max-video-preview:-1"},"canonical":"https:\/\/www.swisscrochet.ch\/de\/produkt\/pailletten-projekttaschen\/","og_locale":"de_DE","og_type":"article","og_title":"Pailletten-Projekttaschen &#171; Swiss Crochet","og_description":"Leichte Projekttasche mit Pailletten, japanischem Knotverschluss und Innentasche. Stilvolle Projekttasche f\u00fcrs H\u00e4keln in Regenbogenfarben oder Schwarz \u2013 perfekt f\u00fcr kleine Projekte unterwegs.","og_url":"https:\/\/www.swisscrochet.ch\/de\/produkt\/pailletten-projekttaschen\/","og_site_name":"Swiss Crochet","article_modified_time":"2026-03-08T11:43:58+00:00","og_image":[{"width":1000,"height":1000,"url":"https:\/\/www.swisscrochet.ch\/wp-content\/uploads\/2026\/03\/Sequin-Project-Bags-Overview.jpg","type":"image\/jpeg"}],"twitter_card":"summary_large_image","twitter_misc":{"Gesch\u00e4tzte Lesezeit":"1\u00a0Minute"},"schema":{"@context":"https:\/\/schema.org","@graph":[{"@type":["WebPage","ItemPage"],"@id":"https:\/\/www.swisscrochet.ch\/de\/produkt\/pailletten-projekttaschen\/","url":"https:\/\/www.swisscrochet.ch\/de\/produkt\/pailletten-projekttaschen\/","name":"Pailletten-Projekttaschen &#171; Swiss Crochet","isPartOf":{"@id":"https:\/\/www.swisscrochet.ch\/#website"},"primaryImageOfPage":{"@id":"https:\/\/www.swisscrochet.ch\/de\/produkt\/pailletten-projekttaschen\/#primaryimage"},"image":{"@id":"https:\/\/www.swisscrochet.ch\/de\/produkt\/pailletten-projekttaschen\/#primaryimage"},"thumbnailUrl":"https:\/\/www.swisscrochet.ch\/wp-content\/uploads\/2026\/03\/Sequin-Project-Bags-Overview.jpg","datePublished":"2026-03-08T11:38:28+00:00","dateModified":"2026-03-08T11:43:58+00:00","description":"Leichte Projekttasche mit Pailletten, japanischem Knotverschluss und Innentasche. Stilvolle Projekttasche f\u00fcrs H\u00e4keln in Regenbogenfarben oder Schwarz \u2013 perfekt f\u00fcr kleine Projekte unterwegs.","breadcrumb":{"@id":"https:\/\/www.swisscrochet.ch\/de\/produkt\/pailletten-projekttaschen\/#breadcrumb"},"inLanguage":"de","potentialAction":[{"@type":"ReadAction","target":["https:\/\/www.swisscrochet.ch\/de\/produkt\/pailletten-projekttaschen\/"]}]},{"@type":"ImageObject","inLanguage":"de","@id":"https:\/\/www.swisscrochet.ch\/de\/produkt\/pailletten-projekttaschen\/#primaryimage","url":"https:\/\/www.swisscrochet.ch\/wp-content\/uploads\/2026\/03\/Sequin-Project-Bags-Overview.jpg","contentUrl":"https:\/\/www.swisscrochet.ch\/wp-content\/uploads\/2026\/03\/Sequin-Project-Bags-Overview.jpg","width":1000,"height":1000},{"@type":"BreadcrumbList","@id":"https:\/\/www.swisscrochet.ch\/de\/produkt\/pailletten-projekttaschen\/#breadcrumb","itemListElement":[{"@type":"ListItem","position":1,"name":"Home","item":"https:\/\/www.swisscrochet.ch\/de\/"},{"@type":"ListItem","position":2,"name":"Shop","item":"https:\/\/www.swisscrochet.ch\/de\/shop\/"},{"@type":"ListItem","position":3,"name":"Pailletten-Projekttaschen"}]},{"@type":"WebSite","@id":"https:\/\/www.swisscrochet.ch\/#website","url":"https:\/\/www.swisscrochet.ch\/","name":"Swiss Crochet","description":"Entfalte dein kreatives Potenzial","potentialAction":[{"@type":"SearchAction","target":{"@type":"EntryPoint","urlTemplate":"https:\/\/www.swisscrochet.ch\/?s={search_term_string}"},"query-input":{"@type":"PropertyValueSpecification","valueRequired":true,"valueName":"search_term_string"}}],"inLanguage":"de"}]}},"_links":{"self":[{"href":"https:\/\/www.swisscrochet.ch\/de\/wp-json\/wp\/v2\/product\/25949","targetHints":{"allow":["GET"]}}],"collection":[{"href":"https:\/\/www.swisscrochet.ch\/de\/wp-json\/wp\/v2\/product"}],"about":[{"href":"https:\/\/www.swisscrochet.ch\/de\/wp-json\/wp\/v2\/types\/product"}],"wp:featuredmedia":[{"embeddable":true,"href":"https:\/\/www.swisscrochet.ch\/de\/wp-json\/wp\/v2\/media\/25907"}],"wp:attachment":[{"href":"https:\/\/www.swisscrochet.ch\/de\/wp-json\/wp\/v2\/media?parent=25949"}],"wp:term":[{"taxonomy":"product_brand","embeddable":true,"href":"https:\/\/www.swisscrochet.ch\/de\/wp-json\/wp\/v2\/product_brand?post=25949"},{"taxonomy":"product_cat","embeddable":true,"href":"https:\/\/www.swisscrochet.ch\/de\/wp-json\/wp\/v2\/product_cat?post=25949"},{"taxonomy":"product_tag","embeddable":true,"href":"https:\/\/www.swisscrochet.ch\/de\/wp-json\/wp\/v2\/product_tag?post=25949"}],"curies":[{"name":"wp","href":"https:\/\/api.w.org\/{rel}","templated":true}]}}