{"id":25960,"date":"2026-03-08T13:06:00","date_gmt":"2026-03-08T12:06:00","guid":{"rendered":"https:\/\/www.swisscrochet.ch\/product\/hoooked-macrame-board\/"},"modified":"2026-03-08T13:12:17","modified_gmt":"2026-03-08T12:12:17","slug":"hoooked-makramee-brett","status":"publish","type":"product","link":"https:\/\/www.swisscrochet.ch\/de\/produkt\/hoooked-makramee-brett\/","title":{"rendered":"Hoooked \u2013 Makramee-Brett"},"content":{"rendered":"","protected":false},"excerpt":{"rendered":"<p>Arbeite mit mehr Pr\u00e4zision mit dem Hoooked Makramee-Brett. Dieses leichte rechteckige Brett wurde entwickelt, um kleine bis mittelgrosse Makramee-Projekte zu unterst\u00fctzen und dir zu helfen, deine Knoten ausgerichtet und deine Arbeit w\u00e4hrend des Werkelns ordentlich fixiert zu halten.<\/p>\n<p><strong>Hergestellt aus 100 % Naturkork in Portugal<\/strong>, verf\u00fcgt das Brett \u00fcber ein aufgedrucktes quadratisches Raster, das die pr\u00e4zise Platzierung und Ausrichtung von Kordeln und Maschen unterst\u00fctzt. Das Raster erleichtert ausserdem das Messen und das Einhalten gleichm\u00e4ssiger Abst\u00e4nde, w\u00e4hrend dein Projekt w\u00e4chst.<\/p>\n<p><strong>Obwohl es f\u00fcr Makramee entwickelt wurde, ist dieses vielseitige Brett auch f\u00fcr H\u00e4keln sehr n\u00fctzlich<\/strong>. Es kann als kompaktes Spannbrett f\u00fcr kleinere St\u00fccke dienen, wobei das Raster dir hilft, deine Arbeit in genaue Formen und Masse zu spannen.<\/p>\n<p>Das Brett wird mit 10 Stecknadeln geliefert, damit du direkt loslegen kannst. Zus\u00e4tzliche Stecknadeln k\u00f6nnen bei Bedarf separat gekauft werden.<\/p>\n<p><strong>Details<\/strong><br \/>\n\u2013 Hergestellt aus 100 % Naturkork<br \/>\n\u2013 Produziert in Portugal<br \/>\n\u2013 Aufgedrucktes quadratisches Raster zum Ausrichten und Messen<br \/>\n\u2013 Geeignet f\u00fcr Makramee-Projekte und zum Blocken von H\u00e4kelarbeiten<br \/>\n\u2013 Inklusive 10 Stecknadeln<br \/>\n\u2013 Gr\u00f6sse: 25 \u00d7 35 cm<br \/>\n\u2013 Leicht und einfach in der Handhabung<\/p>\n<p>Ein praktisches Werkzeug, um deine Projekte ordentlich, pr\u00e4zise und gut handhabbar zu halten, w\u00e4hrend du arbeitest.<\/p>\n","protected":false},"featured_media":25827,"template":"","meta":[],"product_brand":[],"product_cat":[574,220,2047],"product_tag":[],"class_list":{"0":"post-25960","1":"product","2":"type-product","3":"status-publish","4":"has-post-thumbnail","6":"product_cat-blockierzubehoer","7":"product_cat-hakelnadeln-und-zubehor","8":"product_cat-makramee-zubehor","9":"pa_t1-manufacturer-hoooked-de","10":"description-off","12":"first","13":"instock","14":"taxable","15":"shipping-taxable","16":"purchasable","17":"product-type-simple"},"bundled_by":[],"bundle_stock_status":"instock","bundle_stock_quantity":6,"bundle_virtual":false,"bundle_layout":"","bundle_add_to_cart_form_location":"","bundle_editable_in_cart":false,"bundle_sold_individually_context":"","bundle_item_grouping":"","bundle_min_size":"","bundle_max_size":"","bundle_price":[],"bundled_items":[],"bundle_sell_ids":[],"yoast_head":"<!-- This site is optimized with the Yoast SEO plugin v27.4 - https:\/\/yoast.com\/product\/yoast-seo-wordpress\/ -->\n<title>Hoooked \u2013 Makramee-Brett &#171; Swiss Crochet<\/title>\n<meta name=\"description\" content=\"Hoooked Makramee-Brett aus Naturkork mit aufgedrucktem Raster und 10 Stecknadeln. Ideal f\u00fcr kleine Makramee-Projekte und als Spannbrett zum Blocken von H\u00e4kelarbeiten. Gr\u00f6sse: 25 \u00d7 35 cm.\" \/>\n<meta name=\"robots\" content=\"index, follow, max-snippet:-1, max-image-preview:large, max-video-preview:-1\" \/>\n<link rel=\"canonical\" href=\"https:\/\/www.swisscrochet.ch\/de\/produkt\/hoooked-makramee-brett\/\" \/>\n<meta property=\"og:locale\" content=\"de_DE\" \/>\n<meta property=\"og:type\" content=\"article\" \/>\n<meta property=\"og:title\" content=\"Hoooked \u2013 Makramee-Brett &#171; Swiss Crochet\" \/>\n<meta property=\"og:description\" content=\"Hoooked Makramee-Brett aus Naturkork mit aufgedrucktem Raster und 10 Stecknadeln. Ideal f\u00fcr kleine Makramee-Projekte und als Spannbrett zum Blocken von H\u00e4kelarbeiten. Gr\u00f6sse: 25 \u00d7 35 cm.\" \/>\n<meta property=\"og:url\" content=\"https:\/\/www.swisscrochet.ch\/de\/produkt\/hoooked-makramee-brett\/\" \/>\n<meta property=\"og:site_name\" content=\"Swiss Crochet\" \/>\n<meta property=\"article:modified_time\" content=\"2026-03-08T12:12:17+00:00\" \/>\n<meta property=\"og:image\" content=\"https:\/\/www.swisscrochet.ch\/wp-content\/uploads\/2026\/03\/Hoooked-Macrame-Board-Overview.jpg\" \/>\n\t<meta property=\"og:image:width\" content=\"1000\" \/>\n\t<meta property=\"og:image:height\" content=\"1000\" \/>\n\t<meta property=\"og:image:type\" content=\"image\/jpeg\" \/>\n<meta name=\"twitter:card\" content=\"summary_large_image\" \/>\n<meta name=\"twitter:label1\" content=\"Gesch\u00e4tzte Lesezeit\" \/>\n\t<meta name=\"twitter:data1\" content=\"1\u00a0Minute\" \/>\n<script type=\"application\/ld+json\" class=\"yoast-schema-graph\">{\"@context\":\"https:\\\/\\\/schema.org\",\"@graph\":[{\"@type\":[\"WebPage\",\"ItemPage\"],\"@id\":\"https:\\\/\\\/www.swisscrochet.ch\\\/de\\\/produkt\\\/hoooked-makramee-brett\\\/\",\"url\":\"https:\\\/\\\/www.swisscrochet.ch\\\/de\\\/produkt\\\/hoooked-makramee-brett\\\/\",\"name\":\"Hoooked \u2013 Makramee-Brett &#171; Swiss Crochet\",\"isPartOf\":{\"@id\":\"https:\\\/\\\/www.swisscrochet.ch\\\/#website\"},\"primaryImageOfPage\":{\"@id\":\"https:\\\/\\\/www.swisscrochet.ch\\\/de\\\/produkt\\\/hoooked-makramee-brett\\\/#primaryimage\"},\"image\":{\"@id\":\"https:\\\/\\\/www.swisscrochet.ch\\\/de\\\/produkt\\\/hoooked-makramee-brett\\\/#primaryimage\"},\"thumbnailUrl\":\"https:\\\/\\\/www.swisscrochet.ch\\\/wp-content\\\/uploads\\\/2026\\\/03\\\/Hoooked-Macrame-Board-Overview.jpg\",\"datePublished\":\"2026-03-08T12:06:00+00:00\",\"dateModified\":\"2026-03-08T12:12:17+00:00\",\"description\":\"Hoooked Makramee-Brett aus Naturkork mit aufgedrucktem Raster und 10 Stecknadeln. Ideal f\u00fcr kleine Makramee-Projekte und als Spannbrett zum Blocken von H\u00e4kelarbeiten. Gr\u00f6sse: 25 \u00d7 35 cm.\",\"breadcrumb\":{\"@id\":\"https:\\\/\\\/www.swisscrochet.ch\\\/de\\\/produkt\\\/hoooked-makramee-brett\\\/#breadcrumb\"},\"inLanguage\":\"de\",\"potentialAction\":[{\"@type\":\"ReadAction\",\"target\":[\"https:\\\/\\\/www.swisscrochet.ch\\\/de\\\/produkt\\\/hoooked-makramee-brett\\\/\"]}]},{\"@type\":\"ImageObject\",\"inLanguage\":\"de\",\"@id\":\"https:\\\/\\\/www.swisscrochet.ch\\\/de\\\/produkt\\\/hoooked-makramee-brett\\\/#primaryimage\",\"url\":\"https:\\\/\\\/www.swisscrochet.ch\\\/wp-content\\\/uploads\\\/2026\\\/03\\\/Hoooked-Macrame-Board-Overview.jpg\",\"contentUrl\":\"https:\\\/\\\/www.swisscrochet.ch\\\/wp-content\\\/uploads\\\/2026\\\/03\\\/Hoooked-Macrame-Board-Overview.jpg\",\"width\":1000,\"height\":1000},{\"@type\":\"BreadcrumbList\",\"@id\":\"https:\\\/\\\/www.swisscrochet.ch\\\/de\\\/produkt\\\/hoooked-makramee-brett\\\/#breadcrumb\",\"itemListElement\":[{\"@type\":\"ListItem\",\"position\":1,\"name\":\"Home\",\"item\":\"https:\\\/\\\/www.swisscrochet.ch\\\/de\\\/\"},{\"@type\":\"ListItem\",\"position\":2,\"name\":\"Shop\",\"item\":\"https:\\\/\\\/www.swisscrochet.ch\\\/de\\\/shop\\\/\"},{\"@type\":\"ListItem\",\"position\":3,\"name\":\"Hoooked \u2013 Makramee-Brett\"}]},{\"@type\":\"WebSite\",\"@id\":\"https:\\\/\\\/www.swisscrochet.ch\\\/#website\",\"url\":\"https:\\\/\\\/www.swisscrochet.ch\\\/\",\"name\":\"Swiss Crochet\",\"description\":\"Entfalte dein kreatives Potenzial\",\"potentialAction\":[{\"@type\":\"SearchAction\",\"target\":{\"@type\":\"EntryPoint\",\"urlTemplate\":\"https:\\\/\\\/www.swisscrochet.ch\\\/?s={search_term_string}\"},\"query-input\":{\"@type\":\"PropertyValueSpecification\",\"valueRequired\":true,\"valueName\":\"search_term_string\"}}],\"inLanguage\":\"de\"}]}<\/script>\n<!-- \/ Yoast SEO plugin. -->","yoast_head_json":{"title":"Hoooked \u2013 Makramee-Brett &#171; Swiss Crochet","description":"Hoooked Makramee-Brett aus Naturkork mit aufgedrucktem Raster und 10 Stecknadeln. Ideal f\u00fcr kleine Makramee-Projekte und als Spannbrett zum Blocken von H\u00e4kelarbeiten. Gr\u00f6sse: 25 \u00d7 35 cm.","robots":{"index":"index","follow":"follow","max-snippet":"max-snippet:-1","max-image-preview":"max-image-preview:large","max-video-preview":"max-video-preview:-1"},"canonical":"https:\/\/www.swisscrochet.ch\/de\/produkt\/hoooked-makramee-brett\/","og_locale":"de_DE","og_type":"article","og_title":"Hoooked \u2013 Makramee-Brett &#171; Swiss Crochet","og_description":"Hoooked Makramee-Brett aus Naturkork mit aufgedrucktem Raster und 10 Stecknadeln. Ideal f\u00fcr kleine Makramee-Projekte und als Spannbrett zum Blocken von H\u00e4kelarbeiten. Gr\u00f6sse: 25 \u00d7 35 cm.","og_url":"https:\/\/www.swisscrochet.ch\/de\/produkt\/hoooked-makramee-brett\/","og_site_name":"Swiss Crochet","article_modified_time":"2026-03-08T12:12:17+00:00","og_image":[{"width":1000,"height":1000,"url":"https:\/\/www.swisscrochet.ch\/wp-content\/uploads\/2026\/03\/Hoooked-Macrame-Board-Overview.jpg","type":"image\/jpeg"}],"twitter_card":"summary_large_image","twitter_misc":{"Gesch\u00e4tzte Lesezeit":"1\u00a0Minute"},"schema":{"@context":"https:\/\/schema.org","@graph":[{"@type":["WebPage","ItemPage"],"@id":"https:\/\/www.swisscrochet.ch\/de\/produkt\/hoooked-makramee-brett\/","url":"https:\/\/www.swisscrochet.ch\/de\/produkt\/hoooked-makramee-brett\/","name":"Hoooked \u2013 Makramee-Brett &#171; Swiss Crochet","isPartOf":{"@id":"https:\/\/www.swisscrochet.ch\/#website"},"primaryImageOfPage":{"@id":"https:\/\/www.swisscrochet.ch\/de\/produkt\/hoooked-makramee-brett\/#primaryimage"},"image":{"@id":"https:\/\/www.swisscrochet.ch\/de\/produkt\/hoooked-makramee-brett\/#primaryimage"},"thumbnailUrl":"https:\/\/www.swisscrochet.ch\/wp-content\/uploads\/2026\/03\/Hoooked-Macrame-Board-Overview.jpg","datePublished":"2026-03-08T12:06:00+00:00","dateModified":"2026-03-08T12:12:17+00:00","description":"Hoooked Makramee-Brett aus Naturkork mit aufgedrucktem Raster und 10 Stecknadeln. Ideal f\u00fcr kleine Makramee-Projekte und als Spannbrett zum Blocken von H\u00e4kelarbeiten. Gr\u00f6sse: 25 \u00d7 35 cm.","breadcrumb":{"@id":"https:\/\/www.swisscrochet.ch\/de\/produkt\/hoooked-makramee-brett\/#breadcrumb"},"inLanguage":"de","potentialAction":[{"@type":"ReadAction","target":["https:\/\/www.swisscrochet.ch\/de\/produkt\/hoooked-makramee-brett\/"]}]},{"@type":"ImageObject","inLanguage":"de","@id":"https:\/\/www.swisscrochet.ch\/de\/produkt\/hoooked-makramee-brett\/#primaryimage","url":"https:\/\/www.swisscrochet.ch\/wp-content\/uploads\/2026\/03\/Hoooked-Macrame-Board-Overview.jpg","contentUrl":"https:\/\/www.swisscrochet.ch\/wp-content\/uploads\/2026\/03\/Hoooked-Macrame-Board-Overview.jpg","width":1000,"height":1000},{"@type":"BreadcrumbList","@id":"https:\/\/www.swisscrochet.ch\/de\/produkt\/hoooked-makramee-brett\/#breadcrumb","itemListElement":[{"@type":"ListItem","position":1,"name":"Home","item":"https:\/\/www.swisscrochet.ch\/de\/"},{"@type":"ListItem","position":2,"name":"Shop","item":"https:\/\/www.swisscrochet.ch\/de\/shop\/"},{"@type":"ListItem","position":3,"name":"Hoooked \u2013 Makramee-Brett"}]},{"@type":"WebSite","@id":"https:\/\/www.swisscrochet.ch\/#website","url":"https:\/\/www.swisscrochet.ch\/","name":"Swiss Crochet","description":"Entfalte dein kreatives Potenzial","potentialAction":[{"@type":"SearchAction","target":{"@type":"EntryPoint","urlTemplate":"https:\/\/www.swisscrochet.ch\/?s={search_term_string}"},"query-input":{"@type":"PropertyValueSpecification","valueRequired":true,"valueName":"search_term_string"}}],"inLanguage":"de"}]}},"_links":{"self":[{"href":"https:\/\/www.swisscrochet.ch\/de\/wp-json\/wp\/v2\/product\/25960","targetHints":{"allow":["GET"]}}],"collection":[{"href":"https:\/\/www.swisscrochet.ch\/de\/wp-json\/wp\/v2\/product"}],"about":[{"href":"https:\/\/www.swisscrochet.ch\/de\/wp-json\/wp\/v2\/types\/product"}],"wp:featuredmedia":[{"embeddable":true,"href":"https:\/\/www.swisscrochet.ch\/de\/wp-json\/wp\/v2\/media\/25827"}],"wp:attachment":[{"href":"https:\/\/www.swisscrochet.ch\/de\/wp-json\/wp\/v2\/media?parent=25960"}],"wp:term":[{"taxonomy":"product_brand","embeddable":true,"href":"https:\/\/www.swisscrochet.ch\/de\/wp-json\/wp\/v2\/product_brand?post=25960"},{"taxonomy":"product_cat","embeddable":true,"href":"https:\/\/www.swisscrochet.ch\/de\/wp-json\/wp\/v2\/product_cat?post=25960"},{"taxonomy":"product_tag","embeddable":true,"href":"https:\/\/www.swisscrochet.ch\/de\/wp-json\/wp\/v2\/product_tag?post=25960"}],"curies":[{"name":"wp","href":"https:\/\/api.w.org\/{rel}","templated":true}]}}