{"id":25976,"date":"2026-03-08T13:25:00","date_gmt":"2026-03-08T12:25:00","guid":{"rendered":"https:\/\/www.swisscrochet.ch\/product\/hoooked-macrame-combs\/"},"modified":"2026-03-08T13:29:59","modified_gmt":"2026-03-08T12:29:59","slug":"hoooked-makramee-kaemme","status":"publish","type":"product","link":"https:\/\/www.swisscrochet.ch\/de\/produkt\/hoooked-makramee-kaemme\/","title":{"rendered":"Hoooked \u2013 Makramee-K\u00e4mme"},"content":{"rendered":"","protected":false},"excerpt":{"rendered":"<p>Verleihe deinen Makramee-Kreationen mit den Hoooked Makramee-K\u00e4mmen den perfekten letzten Schliff. Diese praktischen Werkzeuge wurden entwickelt, um Fasern sanft auszub\u00fcrsten und zu formen, sodass du weiche Fransen und gleichm\u00e4ssige, glatte Strukturen in deinen Makramee-Projekten gestalten kannst.<\/p>\n<p>Gefertigt aus nat\u00fcrlichen Materialien wie Ahornholz und Bambus sind die K\u00e4mme leicht, langlebig und angenehm in der Handhabung w\u00e4hrend des Arbeitens. Sie eignen sich ideal, um dekorative Fransen an Wandbeh\u00e4ngen, Pflanzenh\u00e4ngern, Taschen und anderen Makramee-St\u00fccken zu verfeinern.<\/p>\n<p>Drei Varianten sind erh\u00e4ltlich, jeweils passend f\u00fcr unterschiedliche Projektgr\u00f6ssen und Fasertypen:<br \/>\n\u2013 <strong>Ahornholz-Kamm<\/strong> f\u00fcr pr\u00e4zises Formen von Fransen<br \/>\n\u2013 <strong>Kleine Bambusb\u00fcrste<\/strong> f\u00fcr feine oder detaillierte Bereiche<br \/>\n\u2013 <strong>Grosse Bambusb\u00fcrste<\/strong> zum schnellen Ausb\u00fcrsten gr\u00f6sserer Fl\u00e4chen  <\/p>\n<p>Ein einfaches, aber unverzichtbares Werkzeug f\u00fcr wundersch\u00f6n ausgearbeitete Makramee-Designs.<\/p>\n","protected":false},"featured_media":25799,"template":"","meta":[],"product_brand":[],"product_cat":[220,2047],"product_tag":[],"class_list":{"0":"post-25976","1":"product","2":"type-product","3":"status-publish","4":"has-post-thumbnail","6":"product_cat-hakelnadeln-und-zubehor","7":"product_cat-makramee-zubehor","8":"pa_t1-manufacturer-hoooked-de","9":"description-off","11":"first","12":"instock","13":"taxable","14":"shipping-taxable","15":"purchasable","16":"product-type-variable","17":"wvs-archive-product-wrapper"},"bundled_by":[],"bundle_stock_status":"instock","bundle_stock_quantity":null,"bundle_virtual":false,"bundle_layout":"","bundle_add_to_cart_form_location":"","bundle_editable_in_cart":false,"bundle_sold_individually_context":"","bundle_item_grouping":"","bundle_min_size":"","bundle_max_size":"","bundle_price":[],"bundled_items":[],"bundle_sell_ids":[],"yoast_head":"<!-- This site is optimized with the Yoast SEO plugin v27.4 - https:\/\/yoast.com\/product\/yoast-seo-wordpress\/ -->\n<title>Hoooked \u2013 Makramee-K\u00e4mme &#171; Swiss Crochet<\/title>\n<meta name=\"description\" content=\"Hoooked Makramee-K\u00e4mme und -B\u00fcrsten aus Ahornholz oder Bambus. Perfekt zum Formen von Fransen und zum Fertigstellen von Makramee-Projekten mit glatter, weicher Struktur.\" \/>\n<meta name=\"robots\" content=\"index, follow, max-snippet:-1, max-image-preview:large, max-video-preview:-1\" \/>\n<link rel=\"canonical\" href=\"https:\/\/www.swisscrochet.ch\/de\/produkt\/hoooked-makramee-kaemme\/\" \/>\n<meta property=\"og:locale\" content=\"de_DE\" \/>\n<meta property=\"og:type\" content=\"article\" \/>\n<meta property=\"og:title\" content=\"Hoooked \u2013 Makramee-K\u00e4mme &#171; Swiss Crochet\" \/>\n<meta property=\"og:description\" content=\"Hoooked Makramee-K\u00e4mme und -B\u00fcrsten aus Ahornholz oder Bambus. Perfekt zum Formen von Fransen und zum Fertigstellen von Makramee-Projekten mit glatter, weicher Struktur.\" \/>\n<meta property=\"og:url\" content=\"https:\/\/www.swisscrochet.ch\/de\/produkt\/hoooked-makramee-kaemme\/\" \/>\n<meta property=\"og:site_name\" content=\"Swiss Crochet\" \/>\n<meta property=\"article:modified_time\" content=\"2026-03-08T12:29:59+00:00\" \/>\n<meta property=\"og:image\" content=\"https:\/\/www.swisscrochet.ch\/wp-content\/uploads\/2026\/03\/Macrame-Combs-Overview.jpg\" \/>\n\t<meta property=\"og:image:width\" content=\"1000\" \/>\n\t<meta property=\"og:image:height\" content=\"1000\" \/>\n\t<meta property=\"og:image:type\" content=\"image\/jpeg\" \/>\n<meta name=\"twitter:card\" content=\"summary_large_image\" \/>\n<meta name=\"twitter:label1\" content=\"Gesch\u00e4tzte Lesezeit\" \/>\n\t<meta name=\"twitter:data1\" content=\"1\u00a0Minute\" \/>\n<script type=\"application\/ld+json\" class=\"yoast-schema-graph\">{\"@context\":\"https:\\\/\\\/schema.org\",\"@graph\":[{\"@type\":[\"WebPage\",\"ItemPage\"],\"@id\":\"https:\\\/\\\/www.swisscrochet.ch\\\/de\\\/produkt\\\/hoooked-makramee-kaemme\\\/\",\"url\":\"https:\\\/\\\/www.swisscrochet.ch\\\/de\\\/produkt\\\/hoooked-makramee-kaemme\\\/\",\"name\":\"Hoooked \u2013 Makramee-K\u00e4mme &#171; Swiss Crochet\",\"isPartOf\":{\"@id\":\"https:\\\/\\\/www.swisscrochet.ch\\\/#website\"},\"primaryImageOfPage\":{\"@id\":\"https:\\\/\\\/www.swisscrochet.ch\\\/de\\\/produkt\\\/hoooked-makramee-kaemme\\\/#primaryimage\"},\"image\":{\"@id\":\"https:\\\/\\\/www.swisscrochet.ch\\\/de\\\/produkt\\\/hoooked-makramee-kaemme\\\/#primaryimage\"},\"thumbnailUrl\":\"https:\\\/\\\/www.swisscrochet.ch\\\/wp-content\\\/uploads\\\/2026\\\/03\\\/Macrame-Combs-Overview.jpg\",\"datePublished\":\"2026-03-08T12:25:00+00:00\",\"dateModified\":\"2026-03-08T12:29:59+00:00\",\"description\":\"Hoooked Makramee-K\u00e4mme und -B\u00fcrsten aus Ahornholz oder Bambus. Perfekt zum Formen von Fransen und zum Fertigstellen von Makramee-Projekten mit glatter, weicher Struktur.\",\"breadcrumb\":{\"@id\":\"https:\\\/\\\/www.swisscrochet.ch\\\/de\\\/produkt\\\/hoooked-makramee-kaemme\\\/#breadcrumb\"},\"inLanguage\":\"de\",\"potentialAction\":[{\"@type\":\"ReadAction\",\"target\":[\"https:\\\/\\\/www.swisscrochet.ch\\\/de\\\/produkt\\\/hoooked-makramee-kaemme\\\/\"]}]},{\"@type\":\"ImageObject\",\"inLanguage\":\"de\",\"@id\":\"https:\\\/\\\/www.swisscrochet.ch\\\/de\\\/produkt\\\/hoooked-makramee-kaemme\\\/#primaryimage\",\"url\":\"https:\\\/\\\/www.swisscrochet.ch\\\/wp-content\\\/uploads\\\/2026\\\/03\\\/Macrame-Combs-Overview.jpg\",\"contentUrl\":\"https:\\\/\\\/www.swisscrochet.ch\\\/wp-content\\\/uploads\\\/2026\\\/03\\\/Macrame-Combs-Overview.jpg\",\"width\":1000,\"height\":1000},{\"@type\":\"BreadcrumbList\",\"@id\":\"https:\\\/\\\/www.swisscrochet.ch\\\/de\\\/produkt\\\/hoooked-makramee-kaemme\\\/#breadcrumb\",\"itemListElement\":[{\"@type\":\"ListItem\",\"position\":1,\"name\":\"Home\",\"item\":\"https:\\\/\\\/www.swisscrochet.ch\\\/de\\\/\"},{\"@type\":\"ListItem\",\"position\":2,\"name\":\"Shop\",\"item\":\"https:\\\/\\\/www.swisscrochet.ch\\\/de\\\/shop\\\/\"},{\"@type\":\"ListItem\",\"position\":3,\"name\":\"Hoooked \u2013 Makramee-K\u00e4mme\"}]},{\"@type\":\"WebSite\",\"@id\":\"https:\\\/\\\/www.swisscrochet.ch\\\/#website\",\"url\":\"https:\\\/\\\/www.swisscrochet.ch\\\/\",\"name\":\"Swiss Crochet\",\"description\":\"Entfalte dein kreatives Potenzial\",\"potentialAction\":[{\"@type\":\"SearchAction\",\"target\":{\"@type\":\"EntryPoint\",\"urlTemplate\":\"https:\\\/\\\/www.swisscrochet.ch\\\/?s={search_term_string}\"},\"query-input\":{\"@type\":\"PropertyValueSpecification\",\"valueRequired\":true,\"valueName\":\"search_term_string\"}}],\"inLanguage\":\"de\"}]}<\/script>\n<!-- \/ Yoast SEO plugin. -->","yoast_head_json":{"title":"Hoooked \u2013 Makramee-K\u00e4mme &#171; Swiss Crochet","description":"Hoooked Makramee-K\u00e4mme und -B\u00fcrsten aus Ahornholz oder Bambus. Perfekt zum Formen von Fransen und zum Fertigstellen von Makramee-Projekten mit glatter, weicher Struktur.","robots":{"index":"index","follow":"follow","max-snippet":"max-snippet:-1","max-image-preview":"max-image-preview:large","max-video-preview":"max-video-preview:-1"},"canonical":"https:\/\/www.swisscrochet.ch\/de\/produkt\/hoooked-makramee-kaemme\/","og_locale":"de_DE","og_type":"article","og_title":"Hoooked \u2013 Makramee-K\u00e4mme &#171; Swiss Crochet","og_description":"Hoooked Makramee-K\u00e4mme und -B\u00fcrsten aus Ahornholz oder Bambus. Perfekt zum Formen von Fransen und zum Fertigstellen von Makramee-Projekten mit glatter, weicher Struktur.","og_url":"https:\/\/www.swisscrochet.ch\/de\/produkt\/hoooked-makramee-kaemme\/","og_site_name":"Swiss Crochet","article_modified_time":"2026-03-08T12:29:59+00:00","og_image":[{"width":1000,"height":1000,"url":"https:\/\/www.swisscrochet.ch\/wp-content\/uploads\/2026\/03\/Macrame-Combs-Overview.jpg","type":"image\/jpeg"}],"twitter_card":"summary_large_image","twitter_misc":{"Gesch\u00e4tzte Lesezeit":"1\u00a0Minute"},"schema":{"@context":"https:\/\/schema.org","@graph":[{"@type":["WebPage","ItemPage"],"@id":"https:\/\/www.swisscrochet.ch\/de\/produkt\/hoooked-makramee-kaemme\/","url":"https:\/\/www.swisscrochet.ch\/de\/produkt\/hoooked-makramee-kaemme\/","name":"Hoooked \u2013 Makramee-K\u00e4mme &#171; Swiss Crochet","isPartOf":{"@id":"https:\/\/www.swisscrochet.ch\/#website"},"primaryImageOfPage":{"@id":"https:\/\/www.swisscrochet.ch\/de\/produkt\/hoooked-makramee-kaemme\/#primaryimage"},"image":{"@id":"https:\/\/www.swisscrochet.ch\/de\/produkt\/hoooked-makramee-kaemme\/#primaryimage"},"thumbnailUrl":"https:\/\/www.swisscrochet.ch\/wp-content\/uploads\/2026\/03\/Macrame-Combs-Overview.jpg","datePublished":"2026-03-08T12:25:00+00:00","dateModified":"2026-03-08T12:29:59+00:00","description":"Hoooked Makramee-K\u00e4mme und -B\u00fcrsten aus Ahornholz oder Bambus. Perfekt zum Formen von Fransen und zum Fertigstellen von Makramee-Projekten mit glatter, weicher Struktur.","breadcrumb":{"@id":"https:\/\/www.swisscrochet.ch\/de\/produkt\/hoooked-makramee-kaemme\/#breadcrumb"},"inLanguage":"de","potentialAction":[{"@type":"ReadAction","target":["https:\/\/www.swisscrochet.ch\/de\/produkt\/hoooked-makramee-kaemme\/"]}]},{"@type":"ImageObject","inLanguage":"de","@id":"https:\/\/www.swisscrochet.ch\/de\/produkt\/hoooked-makramee-kaemme\/#primaryimage","url":"https:\/\/www.swisscrochet.ch\/wp-content\/uploads\/2026\/03\/Macrame-Combs-Overview.jpg","contentUrl":"https:\/\/www.swisscrochet.ch\/wp-content\/uploads\/2026\/03\/Macrame-Combs-Overview.jpg","width":1000,"height":1000},{"@type":"BreadcrumbList","@id":"https:\/\/www.swisscrochet.ch\/de\/produkt\/hoooked-makramee-kaemme\/#breadcrumb","itemListElement":[{"@type":"ListItem","position":1,"name":"Home","item":"https:\/\/www.swisscrochet.ch\/de\/"},{"@type":"ListItem","position":2,"name":"Shop","item":"https:\/\/www.swisscrochet.ch\/de\/shop\/"},{"@type":"ListItem","position":3,"name":"Hoooked \u2013 Makramee-K\u00e4mme"}]},{"@type":"WebSite","@id":"https:\/\/www.swisscrochet.ch\/#website","url":"https:\/\/www.swisscrochet.ch\/","name":"Swiss Crochet","description":"Entfalte dein kreatives Potenzial","potentialAction":[{"@type":"SearchAction","target":{"@type":"EntryPoint","urlTemplate":"https:\/\/www.swisscrochet.ch\/?s={search_term_string}"},"query-input":{"@type":"PropertyValueSpecification","valueRequired":true,"valueName":"search_term_string"}}],"inLanguage":"de"}]}},"_links":{"self":[{"href":"https:\/\/www.swisscrochet.ch\/de\/wp-json\/wp\/v2\/product\/25976","targetHints":{"allow":["GET"]}}],"collection":[{"href":"https:\/\/www.swisscrochet.ch\/de\/wp-json\/wp\/v2\/product"}],"about":[{"href":"https:\/\/www.swisscrochet.ch\/de\/wp-json\/wp\/v2\/types\/product"}],"wp:featuredmedia":[{"embeddable":true,"href":"https:\/\/www.swisscrochet.ch\/de\/wp-json\/wp\/v2\/media\/25799"}],"wp:attachment":[{"href":"https:\/\/www.swisscrochet.ch\/de\/wp-json\/wp\/v2\/media?parent=25976"}],"wp:term":[{"taxonomy":"product_brand","embeddable":true,"href":"https:\/\/www.swisscrochet.ch\/de\/wp-json\/wp\/v2\/product_brand?post=25976"},{"taxonomy":"product_cat","embeddable":true,"href":"https:\/\/www.swisscrochet.ch\/de\/wp-json\/wp\/v2\/product_cat?post=25976"},{"taxonomy":"product_tag","embeddable":true,"href":"https:\/\/www.swisscrochet.ch\/de\/wp-json\/wp\/v2\/product_tag?post=25976"}],"curies":[{"name":"wp","href":"https:\/\/api.w.org\/{rel}","templated":true}]}}