{"id":25992,"date":"2026-03-08T13:54:41","date_gmt":"2026-03-08T12:54:41","guid":{"rendered":"https:\/\/www.swisscrochet.ch\/product\/gleener-fabric-shaver-and-lint-brush\/"},"modified":"2026-03-08T14:00:06","modified_gmt":"2026-03-08T13:00:06","slug":"gleener-fusselrasierer-und-fusselbuerste","status":"publish","type":"product","link":"https:\/\/www.swisscrochet.ch\/de\/produkt\/gleener-fusselrasierer-und-fusselbuerste\/","title":{"rendered":"Gleener \u2013 Fusselrasierer und Fusselb\u00fcrste"},"content":{"rendered":"","protected":false},"excerpt":{"rendered":"<p>Halte deine Kleidung und Heimtextilien mit dem Gleener Fusselrasierer und der Fusselb\u00fcrste frisch und gepflegt. Dieses clevere Werkzeug wurde entwickelt, um Fusseln, Faserkn\u00f6tchen und Pilling schonend zu entfernen und Stoffe wieder ordentlich und gepflegt aussehen zu lassen.<\/p>\n<p>Die ergonomische Form liegt angenehm in der Hand und macht es einfach, Kleidung, Kissen, Decken und andere Heimtextilien aufzufrischen. Der Fusselrasierer enth\u00e4lt drei austauschbare Kanten, die jeweils f\u00fcr unterschiedliche Stoffst\u00e4rken entwickelt wurden, sodass du alles von robusten Polsterstoffen bis hin zu empfindlichen Materialien schonend behandeln kannst.<\/p>\n<p>Der Wechsel der Kanten ist ganz einfach: Dr\u00fccke den Entriegelungsknopf, um den aktuellen Aufsatz zu entfernen, und klicke den gew\u00fcnschten Aufsatz ein. Auf der gegen\u00fcberliegenden Seite des Werkzeugs befindet sich eine integrierte Fusselb\u00fcrste, mit der sich lose Fasern, Staub und Tierhaare schnell von Stoffoberfl\u00e4chen entfernen lassen.<\/p>\n<p>Da das Werkzeug vollst\u00e4ndig von Hand funktioniert, ben\u00f6tigt der Gleener Fusselrasierer weder Batterien noch Strom und ist somit ein praktisches und wiederverwendbares Werkzeug zur Textilpflege. Zum Set geh\u00f6rt ausserdem eine praktische Reise- und Aufbewahrungstasche, damit du das Werkzeug zu Hause gesch\u00fctzt aufbewahren oder unterwegs mitnehmen kannst.<\/p>\n<p>Inhalt<br \/>\n\u2013 Fusselrasierer mit ergonomischem Griff<br \/>\n\u2013 3 austauschbare Kanten zur Textilpflege<br \/>\n\u2013 Integrierte Fusselb\u00fcrste<br \/>\n\u2013 Reise- und Aufbewahrungstasche<\/p>\n<p>Eine einfache und effektive M\u00f6glichkeit, deine Lieblingskleidung und Heimtextilien in bestem Zustand zu halten.<\/p>\n","protected":false},"featured_media":25080,"template":"","meta":[],"product_brand":[],"product_cat":[559,220],"product_tag":[],"class_list":{"0":"post-25992","1":"product","2":"type-product","3":"status-publish","4":"has-post-thumbnail","6":"product_cat-anderes-zubehoer","7":"product_cat-hakelnadeln-und-zubehor","8":"pa_t1-manufacturer-gleener","9":"description-off","11":"first","12":"instock","13":"taxable","14":"shipping-taxable","15":"purchasable","16":"product-type-simple"},"bundled_by":[],"bundle_stock_status":"instock","bundle_stock_quantity":1,"bundle_virtual":false,"bundle_layout":"","bundle_add_to_cart_form_location":"","bundle_editable_in_cart":false,"bundle_sold_individually_context":"","bundle_item_grouping":"","bundle_min_size":"","bundle_max_size":"","bundle_price":[],"bundled_items":[],"bundle_sell_ids":[],"yoast_head":"<!-- This site is optimized with the Yoast SEO plugin v27.4 - https:\/\/yoast.com\/product\/yoast-seo-wordpress\/ -->\n<title>Gleener \u2013 Fusselrasierer und Fusselb\u00fcrste &#171; Swiss Crochet<\/title>\n<meta name=\"description\" content=\"Gleener Fusselrasierer und Fusselb\u00fcrste mit 3 austauschbaren Kanten. Entfernt Fusseln und Pilling von Kleidung und Heimtextilien. Batteriefreies Werkzeug zur Textilpflege.\" \/>\n<meta name=\"robots\" content=\"index, follow, max-snippet:-1, max-image-preview:large, max-video-preview:-1\" \/>\n<link rel=\"canonical\" href=\"https:\/\/www.swisscrochet.ch\/de\/produkt\/gleener-fusselrasierer-und-fusselbuerste\/\" \/>\n<meta property=\"og:locale\" content=\"de_DE\" \/>\n<meta property=\"og:type\" content=\"article\" \/>\n<meta property=\"og:title\" content=\"Gleener \u2013 Fusselrasierer und Fusselb\u00fcrste &#171; Swiss Crochet\" \/>\n<meta property=\"og:description\" content=\"Gleener Fusselrasierer und Fusselb\u00fcrste mit 3 austauschbaren Kanten. Entfernt Fusseln und Pilling von Kleidung und Heimtextilien. Batteriefreies Werkzeug zur Textilpflege.\" \/>\n<meta property=\"og:url\" content=\"https:\/\/www.swisscrochet.ch\/de\/produkt\/gleener-fusselrasierer-und-fusselbuerste\/\" \/>\n<meta property=\"og:site_name\" content=\"Swiss Crochet\" \/>\n<meta property=\"article:modified_time\" content=\"2026-03-08T13:00:06+00:00\" \/>\n<meta property=\"og:image\" content=\"https:\/\/www.swisscrochet.ch\/wp-content\/uploads\/2026\/03\/Gleener-Fabric-Shaver-Lint-Brush-Overview.jpg\" \/>\n\t<meta property=\"og:image:width\" content=\"1000\" \/>\n\t<meta property=\"og:image:height\" content=\"1000\" \/>\n\t<meta property=\"og:image:type\" content=\"image\/jpeg\" \/>\n<meta name=\"twitter:card\" content=\"summary_large_image\" \/>\n<meta name=\"twitter:label1\" content=\"Gesch\u00e4tzte Lesezeit\" \/>\n\t<meta name=\"twitter:data1\" content=\"1\u00a0Minute\" \/>\n<script type=\"application\/ld+json\" class=\"yoast-schema-graph\">{\"@context\":\"https:\\\/\\\/schema.org\",\"@graph\":[{\"@type\":[\"WebPage\",\"ItemPage\"],\"@id\":\"https:\\\/\\\/www.swisscrochet.ch\\\/de\\\/produkt\\\/gleener-fusselrasierer-und-fusselbuerste\\\/\",\"url\":\"https:\\\/\\\/www.swisscrochet.ch\\\/de\\\/produkt\\\/gleener-fusselrasierer-und-fusselbuerste\\\/\",\"name\":\"Gleener \u2013 Fusselrasierer und Fusselb\u00fcrste &#171; Swiss Crochet\",\"isPartOf\":{\"@id\":\"https:\\\/\\\/www.swisscrochet.ch\\\/#website\"},\"primaryImageOfPage\":{\"@id\":\"https:\\\/\\\/www.swisscrochet.ch\\\/de\\\/produkt\\\/gleener-fusselrasierer-und-fusselbuerste\\\/#primaryimage\"},\"image\":{\"@id\":\"https:\\\/\\\/www.swisscrochet.ch\\\/de\\\/produkt\\\/gleener-fusselrasierer-und-fusselbuerste\\\/#primaryimage\"},\"thumbnailUrl\":\"https:\\\/\\\/www.swisscrochet.ch\\\/wp-content\\\/uploads\\\/2026\\\/03\\\/Gleener-Fabric-Shaver-Lint-Brush-Overview.jpg\",\"datePublished\":\"2026-03-08T12:54:41+00:00\",\"dateModified\":\"2026-03-08T13:00:06+00:00\",\"description\":\"Gleener Fusselrasierer und Fusselb\u00fcrste mit 3 austauschbaren Kanten. Entfernt Fusseln und Pilling von Kleidung und Heimtextilien. Batteriefreies Werkzeug zur Textilpflege.\",\"breadcrumb\":{\"@id\":\"https:\\\/\\\/www.swisscrochet.ch\\\/de\\\/produkt\\\/gleener-fusselrasierer-und-fusselbuerste\\\/#breadcrumb\"},\"inLanguage\":\"de\",\"potentialAction\":[{\"@type\":\"ReadAction\",\"target\":[\"https:\\\/\\\/www.swisscrochet.ch\\\/de\\\/produkt\\\/gleener-fusselrasierer-und-fusselbuerste\\\/\"]}]},{\"@type\":\"ImageObject\",\"inLanguage\":\"de\",\"@id\":\"https:\\\/\\\/www.swisscrochet.ch\\\/de\\\/produkt\\\/gleener-fusselrasierer-und-fusselbuerste\\\/#primaryimage\",\"url\":\"https:\\\/\\\/www.swisscrochet.ch\\\/wp-content\\\/uploads\\\/2026\\\/03\\\/Gleener-Fabric-Shaver-Lint-Brush-Overview.jpg\",\"contentUrl\":\"https:\\\/\\\/www.swisscrochet.ch\\\/wp-content\\\/uploads\\\/2026\\\/03\\\/Gleener-Fabric-Shaver-Lint-Brush-Overview.jpg\",\"width\":1000,\"height\":1000},{\"@type\":\"BreadcrumbList\",\"@id\":\"https:\\\/\\\/www.swisscrochet.ch\\\/de\\\/produkt\\\/gleener-fusselrasierer-und-fusselbuerste\\\/#breadcrumb\",\"itemListElement\":[{\"@type\":\"ListItem\",\"position\":1,\"name\":\"Home\",\"item\":\"https:\\\/\\\/www.swisscrochet.ch\\\/de\\\/\"},{\"@type\":\"ListItem\",\"position\":2,\"name\":\"Shop\",\"item\":\"https:\\\/\\\/www.swisscrochet.ch\\\/de\\\/shop\\\/\"},{\"@type\":\"ListItem\",\"position\":3,\"name\":\"Gleener \u2013 Fusselrasierer und Fusselb\u00fcrste\"}]},{\"@type\":\"WebSite\",\"@id\":\"https:\\\/\\\/www.swisscrochet.ch\\\/#website\",\"url\":\"https:\\\/\\\/www.swisscrochet.ch\\\/\",\"name\":\"Swiss Crochet\",\"description\":\"Entfalte dein kreatives Potenzial\",\"potentialAction\":[{\"@type\":\"SearchAction\",\"target\":{\"@type\":\"EntryPoint\",\"urlTemplate\":\"https:\\\/\\\/www.swisscrochet.ch\\\/?s={search_term_string}\"},\"query-input\":{\"@type\":\"PropertyValueSpecification\",\"valueRequired\":true,\"valueName\":\"search_term_string\"}}],\"inLanguage\":\"de\"}]}<\/script>\n<!-- \/ Yoast SEO plugin. -->","yoast_head_json":{"title":"Gleener \u2013 Fusselrasierer und Fusselb\u00fcrste &#171; Swiss Crochet","description":"Gleener Fusselrasierer und Fusselb\u00fcrste mit 3 austauschbaren Kanten. Entfernt Fusseln und Pilling von Kleidung und Heimtextilien. Batteriefreies Werkzeug zur Textilpflege.","robots":{"index":"index","follow":"follow","max-snippet":"max-snippet:-1","max-image-preview":"max-image-preview:large","max-video-preview":"max-video-preview:-1"},"canonical":"https:\/\/www.swisscrochet.ch\/de\/produkt\/gleener-fusselrasierer-und-fusselbuerste\/","og_locale":"de_DE","og_type":"article","og_title":"Gleener \u2013 Fusselrasierer und Fusselb\u00fcrste &#171; Swiss Crochet","og_description":"Gleener Fusselrasierer und Fusselb\u00fcrste mit 3 austauschbaren Kanten. Entfernt Fusseln und Pilling von Kleidung und Heimtextilien. Batteriefreies Werkzeug zur Textilpflege.","og_url":"https:\/\/www.swisscrochet.ch\/de\/produkt\/gleener-fusselrasierer-und-fusselbuerste\/","og_site_name":"Swiss Crochet","article_modified_time":"2026-03-08T13:00:06+00:00","og_image":[{"width":1000,"height":1000,"url":"https:\/\/www.swisscrochet.ch\/wp-content\/uploads\/2026\/03\/Gleener-Fabric-Shaver-Lint-Brush-Overview.jpg","type":"image\/jpeg"}],"twitter_card":"summary_large_image","twitter_misc":{"Gesch\u00e4tzte Lesezeit":"1\u00a0Minute"},"schema":{"@context":"https:\/\/schema.org","@graph":[{"@type":["WebPage","ItemPage"],"@id":"https:\/\/www.swisscrochet.ch\/de\/produkt\/gleener-fusselrasierer-und-fusselbuerste\/","url":"https:\/\/www.swisscrochet.ch\/de\/produkt\/gleener-fusselrasierer-und-fusselbuerste\/","name":"Gleener \u2013 Fusselrasierer und Fusselb\u00fcrste &#171; Swiss Crochet","isPartOf":{"@id":"https:\/\/www.swisscrochet.ch\/#website"},"primaryImageOfPage":{"@id":"https:\/\/www.swisscrochet.ch\/de\/produkt\/gleener-fusselrasierer-und-fusselbuerste\/#primaryimage"},"image":{"@id":"https:\/\/www.swisscrochet.ch\/de\/produkt\/gleener-fusselrasierer-und-fusselbuerste\/#primaryimage"},"thumbnailUrl":"https:\/\/www.swisscrochet.ch\/wp-content\/uploads\/2026\/03\/Gleener-Fabric-Shaver-Lint-Brush-Overview.jpg","datePublished":"2026-03-08T12:54:41+00:00","dateModified":"2026-03-08T13:00:06+00:00","description":"Gleener Fusselrasierer und Fusselb\u00fcrste mit 3 austauschbaren Kanten. Entfernt Fusseln und Pilling von Kleidung und Heimtextilien. Batteriefreies Werkzeug zur Textilpflege.","breadcrumb":{"@id":"https:\/\/www.swisscrochet.ch\/de\/produkt\/gleener-fusselrasierer-und-fusselbuerste\/#breadcrumb"},"inLanguage":"de","potentialAction":[{"@type":"ReadAction","target":["https:\/\/www.swisscrochet.ch\/de\/produkt\/gleener-fusselrasierer-und-fusselbuerste\/"]}]},{"@type":"ImageObject","inLanguage":"de","@id":"https:\/\/www.swisscrochet.ch\/de\/produkt\/gleener-fusselrasierer-und-fusselbuerste\/#primaryimage","url":"https:\/\/www.swisscrochet.ch\/wp-content\/uploads\/2026\/03\/Gleener-Fabric-Shaver-Lint-Brush-Overview.jpg","contentUrl":"https:\/\/www.swisscrochet.ch\/wp-content\/uploads\/2026\/03\/Gleener-Fabric-Shaver-Lint-Brush-Overview.jpg","width":1000,"height":1000},{"@type":"BreadcrumbList","@id":"https:\/\/www.swisscrochet.ch\/de\/produkt\/gleener-fusselrasierer-und-fusselbuerste\/#breadcrumb","itemListElement":[{"@type":"ListItem","position":1,"name":"Home","item":"https:\/\/www.swisscrochet.ch\/de\/"},{"@type":"ListItem","position":2,"name":"Shop","item":"https:\/\/www.swisscrochet.ch\/de\/shop\/"},{"@type":"ListItem","position":3,"name":"Gleener \u2013 Fusselrasierer und Fusselb\u00fcrste"}]},{"@type":"WebSite","@id":"https:\/\/www.swisscrochet.ch\/#website","url":"https:\/\/www.swisscrochet.ch\/","name":"Swiss Crochet","description":"Entfalte dein kreatives Potenzial","potentialAction":[{"@type":"SearchAction","target":{"@type":"EntryPoint","urlTemplate":"https:\/\/www.swisscrochet.ch\/?s={search_term_string}"},"query-input":{"@type":"PropertyValueSpecification","valueRequired":true,"valueName":"search_term_string"}}],"inLanguage":"de"}]}},"_links":{"self":[{"href":"https:\/\/www.swisscrochet.ch\/de\/wp-json\/wp\/v2\/product\/25992","targetHints":{"allow":["GET"]}}],"collection":[{"href":"https:\/\/www.swisscrochet.ch\/de\/wp-json\/wp\/v2\/product"}],"about":[{"href":"https:\/\/www.swisscrochet.ch\/de\/wp-json\/wp\/v2\/types\/product"}],"wp:featuredmedia":[{"embeddable":true,"href":"https:\/\/www.swisscrochet.ch\/de\/wp-json\/wp\/v2\/media\/25080"}],"wp:attachment":[{"href":"https:\/\/www.swisscrochet.ch\/de\/wp-json\/wp\/v2\/media?parent=25992"}],"wp:term":[{"taxonomy":"product_brand","embeddable":true,"href":"https:\/\/www.swisscrochet.ch\/de\/wp-json\/wp\/v2\/product_brand?post=25992"},{"taxonomy":"product_cat","embeddable":true,"href":"https:\/\/www.swisscrochet.ch\/de\/wp-json\/wp\/v2\/product_cat?post=25992"},{"taxonomy":"product_tag","embeddable":true,"href":"https:\/\/www.swisscrochet.ch\/de\/wp-json\/wp\/v2\/product_tag?post=25992"}],"curies":[{"name":"wp","href":"https:\/\/api.w.org\/{rel}","templated":true}]}}