{"id":26471,"date":"2026-03-14T15:29:32","date_gmt":"2026-03-14T14:29:32","guid":{"rendered":"https:\/\/www.swisscrochet.ch\/product\/el-d-mouzakis-butterfly-crochet-thread-size-60\/"},"modified":"2026-03-14T16:01:35","modified_gmt":"2026-03-14T15:01:35","slug":"el-d-mouzakis-butterfly-haekelgarn-staerke-60","status":"publish","type":"product","link":"https:\/\/www.swisscrochet.ch\/de\/produkt\/el-d-mouzakis-butterfly-haekelgarn-staerke-60\/","title":{"rendered":"EL.D.Mouzakis Butterfly &#8211; H\u00e4kelgarn St\u00e4rke 60"},"content":{"rendered":"","protected":false},"excerpt":{"rendered":"<p>Butterfly H\u00e4kelgarn St\u00e4rke 60 ist ein weiches, gl\u00e4nzendes Garn, das speziell f\u00fcr H\u00e4klerinnen entwickelt wurde. Hergestellt aus 100 % mercerisierter \u00e4gyptischer Baumwolle, die in Griechenland angebaut wird, zeichnet sich dieses Garn durch seine Qualit\u00e4t und seine durchdachte Produktion aus. Der gesamte Prozess \u2013 vom Baumwollanbau \u00fcber Spinnen und F\u00e4rben bis hin zur Verpackung \u2013 findet innerhalb Griechenlands statt, wodurch nur sehr kurze Transportwege entstehen. Die l\u00e4ngste Reise f\u00fchrt dieses Garn in die Schweiz.<\/p>\n<p>Dank seiner c\u00e2bl\u00e9 Konstruktion bietet dieses H\u00e4kelgarn aussergew\u00f6hnliche St\u00e4rke und Haltbarkeit, bleibt dabei aber trotz seiner mehreren F\u00e4den angenehm leicht. Die Z-Drehung verhindert, dass sich das Garn beim H\u00e4keln aufdreht oder spaltet, wodurch es besonders angenehm zu verarbeiten ist.<\/p>\n<p>Traditionell wird H\u00e4kelgarn St\u00e4rke 60 f\u00fcr feine H\u00e4kelspitze und besonders filigrane Arbeiten verwendet, ist jedoch \u00fcberraschend vielseitig. Es kann f\u00fcr Kleidung und Accessoires verwendet werden, indem mehrere F\u00e4den zusammen gehalten oder mit anderen Garnen kombiniert werden.<\/p>\n<p>Es werden drei Beispielproben gezeigt:<\/p>\n<ul>\n<li>einfacher Faden, gearbeitet mit einer 0.60 mm H\u00e4kelnadel<\/li>\n<li>doppelter Faden, gearbeitet mit einer 1.00 mm H\u00e4kelnadel<\/li>\n<li>dreifacher Faden, gearbeitet mit einer 1.50 mm H\u00e4kelnadel<\/li>\n<\/ul>\n<p>Die gezeigten Maschenproben wurden in der Waschmaschine gewaschen (Normalprogramm bei 40 \u00b0C) und mit Dampf geb\u00fcgelt.<\/p>\n<p>Butterfly H\u00e4kelgarn St\u00e4rke 60 ist in zwei Farben erh\u00e4ltlich, Snow White und Ecru, und ist das feinste H\u00e4kelgarn, das derzeit im Shop verf\u00fcgbar ist.<\/p>\n<p><strong>Exklusiv erh\u00e4ltlich bei Swiss Crochet.<\/strong><\/p>\n","protected":false},"featured_media":26206,"template":"","meta":[],"product_brand":[],"product_cat":[226,1894,1897],"product_tag":[],"class_list":{"0":"post-26471","1":"product","2":"type-product","3":"status-publish","4":"has-post-thumbnail","6":"product_cat-garne","7":"product_cat-garn-kleidungsstucke","8":"product_cat-garn-microcrochet-und-spitze","9":"pa_y1-brand-el-d-mouzakis-butterfly","10":"pa_y17-yarn-weight-thread-de","11":"description-off","13":"first","14":"instock","15":"taxable","16":"shipping-taxable","17":"purchasable","18":"product-type-variable","19":"wvs-archive-product-wrapper"},"bundled_by":[],"bundle_stock_status":"instock","bundle_stock_quantity":null,"bundle_virtual":false,"bundle_layout":"","bundle_add_to_cart_form_location":"","bundle_editable_in_cart":false,"bundle_sold_individually_context":"","bundle_item_grouping":"","bundle_min_size":"","bundle_max_size":"","bundle_price":[],"bundled_items":[],"bundle_sell_ids":[],"yoast_head":"<!-- This site is optimized with the Yoast SEO plugin v27.4 - https:\/\/yoast.com\/product\/yoast-seo-wordpress\/ -->\n<title>EL.D.Mouzakis Butterfly - H\u00e4kelgarn St\u00e4rke 60 &#171; Swiss Crochet<\/title>\n<meta name=\"description\" content=\"Butterfly H\u00e4kelgarn St\u00e4rke 60 ist ein merzerisiertes \u00e4gyptisches Baumwollgarn, hergestellt in Griechenland. Stark, glatt und perfekt f\u00fcr Spitze, Kleidungsst\u00fccke und detailreiche H\u00e4kelarbeiten.\" \/>\n<meta name=\"robots\" content=\"index, follow, max-snippet:-1, max-image-preview:large, max-video-preview:-1\" \/>\n<link rel=\"canonical\" href=\"https:\/\/www.swisscrochet.ch\/de\/produkt\/el-d-mouzakis-butterfly-haekelgarn-staerke-60\/\" \/>\n<meta property=\"og:locale\" content=\"de_DE\" \/>\n<meta property=\"og:type\" content=\"article\" \/>\n<meta property=\"og:title\" content=\"EL.D.Mouzakis Butterfly - H\u00e4kelgarn St\u00e4rke 60 &#171; Swiss Crochet\" \/>\n<meta property=\"og:description\" content=\"Butterfly H\u00e4kelgarn St\u00e4rke 60 ist ein merzerisiertes \u00e4gyptisches Baumwollgarn, hergestellt in Griechenland. Stark, glatt und perfekt f\u00fcr Spitze, Kleidungsst\u00fccke und detailreiche H\u00e4kelarbeiten.\" \/>\n<meta property=\"og:url\" content=\"https:\/\/www.swisscrochet.ch\/de\/produkt\/el-d-mouzakis-butterfly-haekelgarn-staerke-60\/\" \/>\n<meta property=\"og:site_name\" content=\"Swiss Crochet\" \/>\n<meta property=\"article:modified_time\" content=\"2026-03-14T15:01:35+00:00\" \/>\n<meta property=\"og:image\" content=\"https:\/\/www.swisscrochet.ch\/wp-content\/uploads\/2026\/03\/EL.D.Mouzakis-Crochet-Thread-Size-60-Overview.jpg\" \/>\n\t<meta property=\"og:image:width\" content=\"1000\" \/>\n\t<meta property=\"og:image:height\" content=\"1000\" \/>\n\t<meta property=\"og:image:type\" content=\"image\/jpeg\" \/>\n<meta name=\"twitter:card\" content=\"summary_large_image\" \/>\n<meta name=\"twitter:label1\" content=\"Gesch\u00e4tzte Lesezeit\" \/>\n\t<meta name=\"twitter:data1\" content=\"1\u00a0Minute\" \/>\n<script type=\"application\/ld+json\" class=\"yoast-schema-graph\">{\"@context\":\"https:\\\/\\\/schema.org\",\"@graph\":[{\"@type\":[\"WebPage\",\"ItemPage\"],\"@id\":\"https:\\\/\\\/www.swisscrochet.ch\\\/de\\\/produkt\\\/el-d-mouzakis-butterfly-haekelgarn-staerke-60\\\/\",\"url\":\"https:\\\/\\\/www.swisscrochet.ch\\\/de\\\/produkt\\\/el-d-mouzakis-butterfly-haekelgarn-staerke-60\\\/\",\"name\":\"EL.D.Mouzakis Butterfly - H\u00e4kelgarn St\u00e4rke 60 &#171; Swiss Crochet\",\"isPartOf\":{\"@id\":\"https:\\\/\\\/www.swisscrochet.ch\\\/#website\"},\"primaryImageOfPage\":{\"@id\":\"https:\\\/\\\/www.swisscrochet.ch\\\/de\\\/produkt\\\/el-d-mouzakis-butterfly-haekelgarn-staerke-60\\\/#primaryimage\"},\"image\":{\"@id\":\"https:\\\/\\\/www.swisscrochet.ch\\\/de\\\/produkt\\\/el-d-mouzakis-butterfly-haekelgarn-staerke-60\\\/#primaryimage\"},\"thumbnailUrl\":\"https:\\\/\\\/www.swisscrochet.ch\\\/wp-content\\\/uploads\\\/2026\\\/03\\\/EL.D.Mouzakis-Crochet-Thread-Size-60-Overview.jpg\",\"datePublished\":\"2026-03-14T14:29:32+00:00\",\"dateModified\":\"2026-03-14T15:01:35+00:00\",\"description\":\"Butterfly H\u00e4kelgarn St\u00e4rke 60 ist ein merzerisiertes \u00e4gyptisches Baumwollgarn, hergestellt in Griechenland. Stark, glatt und perfekt f\u00fcr Spitze, Kleidungsst\u00fccke und detailreiche H\u00e4kelarbeiten.\",\"breadcrumb\":{\"@id\":\"https:\\\/\\\/www.swisscrochet.ch\\\/de\\\/produkt\\\/el-d-mouzakis-butterfly-haekelgarn-staerke-60\\\/#breadcrumb\"},\"inLanguage\":\"de\",\"potentialAction\":[{\"@type\":\"ReadAction\",\"target\":[\"https:\\\/\\\/www.swisscrochet.ch\\\/de\\\/produkt\\\/el-d-mouzakis-butterfly-haekelgarn-staerke-60\\\/\"]}]},{\"@type\":\"ImageObject\",\"inLanguage\":\"de\",\"@id\":\"https:\\\/\\\/www.swisscrochet.ch\\\/de\\\/produkt\\\/el-d-mouzakis-butterfly-haekelgarn-staerke-60\\\/#primaryimage\",\"url\":\"https:\\\/\\\/www.swisscrochet.ch\\\/wp-content\\\/uploads\\\/2026\\\/03\\\/EL.D.Mouzakis-Crochet-Thread-Size-60-Overview.jpg\",\"contentUrl\":\"https:\\\/\\\/www.swisscrochet.ch\\\/wp-content\\\/uploads\\\/2026\\\/03\\\/EL.D.Mouzakis-Crochet-Thread-Size-60-Overview.jpg\",\"width\":1000,\"height\":1000},{\"@type\":\"BreadcrumbList\",\"@id\":\"https:\\\/\\\/www.swisscrochet.ch\\\/de\\\/produkt\\\/el-d-mouzakis-butterfly-haekelgarn-staerke-60\\\/#breadcrumb\",\"itemListElement\":[{\"@type\":\"ListItem\",\"position\":1,\"name\":\"Home\",\"item\":\"https:\\\/\\\/www.swisscrochet.ch\\\/de\\\/\"},{\"@type\":\"ListItem\",\"position\":2,\"name\":\"Shop\",\"item\":\"https:\\\/\\\/www.swisscrochet.ch\\\/de\\\/shop\\\/\"},{\"@type\":\"ListItem\",\"position\":3,\"name\":\"EL.D.Mouzakis Butterfly &#8211; H\u00e4kelgarn St\u00e4rke 60\"}]},{\"@type\":\"WebSite\",\"@id\":\"https:\\\/\\\/www.swisscrochet.ch\\\/#website\",\"url\":\"https:\\\/\\\/www.swisscrochet.ch\\\/\",\"name\":\"Swiss Crochet\",\"description\":\"Entfalte dein kreatives Potenzial\",\"potentialAction\":[{\"@type\":\"SearchAction\",\"target\":{\"@type\":\"EntryPoint\",\"urlTemplate\":\"https:\\\/\\\/www.swisscrochet.ch\\\/?s={search_term_string}\"},\"query-input\":{\"@type\":\"PropertyValueSpecification\",\"valueRequired\":true,\"valueName\":\"search_term_string\"}}],\"inLanguage\":\"de\"}]}<\/script>\n<!-- \/ Yoast SEO plugin. -->","yoast_head_json":{"title":"EL.D.Mouzakis Butterfly - H\u00e4kelgarn St\u00e4rke 60 &#171; Swiss Crochet","description":"Butterfly H\u00e4kelgarn St\u00e4rke 60 ist ein merzerisiertes \u00e4gyptisches Baumwollgarn, hergestellt in Griechenland. Stark, glatt und perfekt f\u00fcr Spitze, Kleidungsst\u00fccke und detailreiche H\u00e4kelarbeiten.","robots":{"index":"index","follow":"follow","max-snippet":"max-snippet:-1","max-image-preview":"max-image-preview:large","max-video-preview":"max-video-preview:-1"},"canonical":"https:\/\/www.swisscrochet.ch\/de\/produkt\/el-d-mouzakis-butterfly-haekelgarn-staerke-60\/","og_locale":"de_DE","og_type":"article","og_title":"EL.D.Mouzakis Butterfly - H\u00e4kelgarn St\u00e4rke 60 &#171; Swiss Crochet","og_description":"Butterfly H\u00e4kelgarn St\u00e4rke 60 ist ein merzerisiertes \u00e4gyptisches Baumwollgarn, hergestellt in Griechenland. Stark, glatt und perfekt f\u00fcr Spitze, Kleidungsst\u00fccke und detailreiche H\u00e4kelarbeiten.","og_url":"https:\/\/www.swisscrochet.ch\/de\/produkt\/el-d-mouzakis-butterfly-haekelgarn-staerke-60\/","og_site_name":"Swiss Crochet","article_modified_time":"2026-03-14T15:01:35+00:00","og_image":[{"width":1000,"height":1000,"url":"https:\/\/www.swisscrochet.ch\/wp-content\/uploads\/2026\/03\/EL.D.Mouzakis-Crochet-Thread-Size-60-Overview.jpg","type":"image\/jpeg"}],"twitter_card":"summary_large_image","twitter_misc":{"Gesch\u00e4tzte Lesezeit":"1\u00a0Minute"},"schema":{"@context":"https:\/\/schema.org","@graph":[{"@type":["WebPage","ItemPage"],"@id":"https:\/\/www.swisscrochet.ch\/de\/produkt\/el-d-mouzakis-butterfly-haekelgarn-staerke-60\/","url":"https:\/\/www.swisscrochet.ch\/de\/produkt\/el-d-mouzakis-butterfly-haekelgarn-staerke-60\/","name":"EL.D.Mouzakis Butterfly - H\u00e4kelgarn St\u00e4rke 60 &#171; Swiss Crochet","isPartOf":{"@id":"https:\/\/www.swisscrochet.ch\/#website"},"primaryImageOfPage":{"@id":"https:\/\/www.swisscrochet.ch\/de\/produkt\/el-d-mouzakis-butterfly-haekelgarn-staerke-60\/#primaryimage"},"image":{"@id":"https:\/\/www.swisscrochet.ch\/de\/produkt\/el-d-mouzakis-butterfly-haekelgarn-staerke-60\/#primaryimage"},"thumbnailUrl":"https:\/\/www.swisscrochet.ch\/wp-content\/uploads\/2026\/03\/EL.D.Mouzakis-Crochet-Thread-Size-60-Overview.jpg","datePublished":"2026-03-14T14:29:32+00:00","dateModified":"2026-03-14T15:01:35+00:00","description":"Butterfly H\u00e4kelgarn St\u00e4rke 60 ist ein merzerisiertes \u00e4gyptisches Baumwollgarn, hergestellt in Griechenland. Stark, glatt und perfekt f\u00fcr Spitze, Kleidungsst\u00fccke und detailreiche H\u00e4kelarbeiten.","breadcrumb":{"@id":"https:\/\/www.swisscrochet.ch\/de\/produkt\/el-d-mouzakis-butterfly-haekelgarn-staerke-60\/#breadcrumb"},"inLanguage":"de","potentialAction":[{"@type":"ReadAction","target":["https:\/\/www.swisscrochet.ch\/de\/produkt\/el-d-mouzakis-butterfly-haekelgarn-staerke-60\/"]}]},{"@type":"ImageObject","inLanguage":"de","@id":"https:\/\/www.swisscrochet.ch\/de\/produkt\/el-d-mouzakis-butterfly-haekelgarn-staerke-60\/#primaryimage","url":"https:\/\/www.swisscrochet.ch\/wp-content\/uploads\/2026\/03\/EL.D.Mouzakis-Crochet-Thread-Size-60-Overview.jpg","contentUrl":"https:\/\/www.swisscrochet.ch\/wp-content\/uploads\/2026\/03\/EL.D.Mouzakis-Crochet-Thread-Size-60-Overview.jpg","width":1000,"height":1000},{"@type":"BreadcrumbList","@id":"https:\/\/www.swisscrochet.ch\/de\/produkt\/el-d-mouzakis-butterfly-haekelgarn-staerke-60\/#breadcrumb","itemListElement":[{"@type":"ListItem","position":1,"name":"Home","item":"https:\/\/www.swisscrochet.ch\/de\/"},{"@type":"ListItem","position":2,"name":"Shop","item":"https:\/\/www.swisscrochet.ch\/de\/shop\/"},{"@type":"ListItem","position":3,"name":"EL.D.Mouzakis Butterfly &#8211; H\u00e4kelgarn St\u00e4rke 60"}]},{"@type":"WebSite","@id":"https:\/\/www.swisscrochet.ch\/#website","url":"https:\/\/www.swisscrochet.ch\/","name":"Swiss Crochet","description":"Entfalte dein kreatives Potenzial","potentialAction":[{"@type":"SearchAction","target":{"@type":"EntryPoint","urlTemplate":"https:\/\/www.swisscrochet.ch\/?s={search_term_string}"},"query-input":{"@type":"PropertyValueSpecification","valueRequired":true,"valueName":"search_term_string"}}],"inLanguage":"de"}]}},"_links":{"self":[{"href":"https:\/\/www.swisscrochet.ch\/de\/wp-json\/wp\/v2\/product\/26471","targetHints":{"allow":["GET"]}}],"collection":[{"href":"https:\/\/www.swisscrochet.ch\/de\/wp-json\/wp\/v2\/product"}],"about":[{"href":"https:\/\/www.swisscrochet.ch\/de\/wp-json\/wp\/v2\/types\/product"}],"wp:featuredmedia":[{"embeddable":true,"href":"https:\/\/www.swisscrochet.ch\/de\/wp-json\/wp\/v2\/media\/26206"}],"wp:attachment":[{"href":"https:\/\/www.swisscrochet.ch\/de\/wp-json\/wp\/v2\/media?parent=26471"}],"wp:term":[{"taxonomy":"product_brand","embeddable":true,"href":"https:\/\/www.swisscrochet.ch\/de\/wp-json\/wp\/v2\/product_brand?post=26471"},{"taxonomy":"product_cat","embeddable":true,"href":"https:\/\/www.swisscrochet.ch\/de\/wp-json\/wp\/v2\/product_cat?post=26471"},{"taxonomy":"product_tag","embeddable":true,"href":"https:\/\/www.swisscrochet.ch\/de\/wp-json\/wp\/v2\/product_tag?post=26471"}],"curies":[{"name":"wp","href":"https:\/\/api.w.org\/{rel}","templated":true}]}}