{"id":26569,"date":"2026-03-14T17:52:30","date_gmt":"2026-03-14T16:52:30","guid":{"rendered":"https:\/\/www.swisscrochet.ch\/product\/daruma-sasawashi-flat\/"},"modified":"2026-03-14T17:59:30","modified_gmt":"2026-03-14T16:59:30","slug":"daruma-sasawashi-flat","status":"publish","type":"product","link":"https:\/\/www.swisscrochet.ch\/de\/produkt\/daruma-sasawashi-flat\/","title":{"rendered":"Daruma &#8211; Sasawashi Flat"},"content":{"rendered":"","protected":false},"excerpt":{"rendered":"<p>Sasawashi Flat ist ein leichtes Raffiagarn aus 100 % Sasa Washi, einem traditionellen japanischen Papiergarn aus Bambusgras. Hergestellt in Japan, verbindet dieses besondere Material eine nat\u00fcrliche Textur mit einer strukturierten Haptik und eignet sich besonders gut f\u00fcr Accessoires, die Stabilit\u00e4t und Formbest\u00e4ndigkeit ben\u00f6tigen.<\/p>\n<p>Das Garn ist mit einer wasserabweisenden Ausr\u00fcstung versehen, die fertige St\u00fccke vor leichter Feuchtigkeit sch\u00fctzt. Mit der Zeit kann diese Ausr\u00fcstung jedoch durch Schweiss, Schmutz, Reibung oder chemische Reinigung schw\u00e4cher werden.<\/p>\n<p>Sasawashi Flat eignet sich besonders gut f\u00fcr strukturierte Sommerprojekte wie Taschen, Wohnaccessoires und Accessoires wie H\u00fcte.<\/p>\n<p>Die gezeigte Maschenprobe wurde von Hand in lauwarmem Wasser gewaschen und mit Dampf geb\u00fcgelt.<\/p>\n<p>Sasawashi Flat ist in einer Palette von 5 Farben erh\u00e4ltlich, mit nat\u00fcrlichen Braun- und Beiget\u00f6nen sowie einem klassischen Schwarz.<\/p>\n<p>W\u00e4hle Sasawashi Flat f\u00fcr strukturierte, langlebige Sommeraccessoires, die ihre Form besonders sch\u00f6n behalten.<\/p>\n<p><strong>Exklusiv erh\u00e4ltlich bei Swiss Crochet.<\/strong><\/p>\n","protected":false},"featured_media":26556,"template":"","meta":[],"product_brand":[],"product_cat":[226,1881],"product_tag":[],"class_list":{"0":"post-26569","1":"product","2":"type-product","3":"status-publish","4":"has-post-thumbnail","6":"product_cat-garne","7":"product_cat-garn-taschen-und-home-decor","8":"pa_y1-brand-daruma","9":"pa_y17-yarn-weight-sport-de","10":"description-off","12":"first","13":"instock","14":"taxable","15":"shipping-taxable","16":"purchasable","17":"product-type-variable","18":"wvs-archive-product-wrapper"},"bundled_by":[],"bundle_stock_status":"instock","bundle_stock_quantity":null,"bundle_virtual":false,"bundle_layout":"","bundle_add_to_cart_form_location":"","bundle_editable_in_cart":false,"bundle_sold_individually_context":"","bundle_item_grouping":"","bundle_min_size":"","bundle_max_size":"","bundle_price":[],"bundled_items":[],"bundle_sell_ids":[],"yoast_head":"<!-- This site is optimized with the Yoast SEO plugin v27.4 - https:\/\/yoast.com\/product\/yoast-seo-wordpress\/ -->\n<title>Daruma - Sasawashi Flat &#171; Swiss Crochet<\/title>\n<meta name=\"description\" content=\"Sasawashi Flat Raffiagarn aus Bambusgraspapier. Leichtes japanisches Garn, ideal f\u00fcr geh\u00e4kelte Taschen, H\u00fcte und sommerliche Accessoires.\" \/>\n<meta name=\"robots\" content=\"index, follow, max-snippet:-1, max-image-preview:large, max-video-preview:-1\" \/>\n<link rel=\"canonical\" href=\"https:\/\/www.swisscrochet.ch\/de\/produkt\/daruma-sasawashi-flat\/\" \/>\n<meta property=\"og:locale\" content=\"de_DE\" \/>\n<meta property=\"og:type\" content=\"article\" \/>\n<meta property=\"og:title\" content=\"Daruma - Sasawashi Flat &#171; Swiss Crochet\" \/>\n<meta property=\"og:description\" content=\"Sasawashi Flat Raffiagarn aus Bambusgraspapier. Leichtes japanisches Garn, ideal f\u00fcr geh\u00e4kelte Taschen, H\u00fcte und sommerliche Accessoires.\" \/>\n<meta property=\"og:url\" content=\"https:\/\/www.swisscrochet.ch\/de\/produkt\/daruma-sasawashi-flat\/\" \/>\n<meta property=\"og:site_name\" content=\"Swiss Crochet\" \/>\n<meta property=\"article:modified_time\" content=\"2026-03-14T16:59:30+00:00\" \/>\n<meta property=\"og:image\" content=\"https:\/\/www.swisscrochet.ch\/wp-content\/uploads\/2026\/03\/Daruma-Sasawashi-Flat-Overview.jpg\" \/>\n\t<meta property=\"og:image:width\" content=\"1000\" \/>\n\t<meta property=\"og:image:height\" content=\"1000\" \/>\n\t<meta property=\"og:image:type\" content=\"image\/jpeg\" \/>\n<meta name=\"twitter:card\" content=\"summary_large_image\" \/>\n<meta name=\"twitter:label1\" content=\"Gesch\u00e4tzte Lesezeit\" \/>\n\t<meta name=\"twitter:data1\" content=\"1\u00a0Minute\" \/>\n<script type=\"application\/ld+json\" class=\"yoast-schema-graph\">{\"@context\":\"https:\\\/\\\/schema.org\",\"@graph\":[{\"@type\":[\"WebPage\",\"ItemPage\"],\"@id\":\"https:\\\/\\\/www.swisscrochet.ch\\\/de\\\/produkt\\\/daruma-sasawashi-flat\\\/\",\"url\":\"https:\\\/\\\/www.swisscrochet.ch\\\/de\\\/produkt\\\/daruma-sasawashi-flat\\\/\",\"name\":\"Daruma - Sasawashi Flat &#171; Swiss Crochet\",\"isPartOf\":{\"@id\":\"https:\\\/\\\/www.swisscrochet.ch\\\/#website\"},\"primaryImageOfPage\":{\"@id\":\"https:\\\/\\\/www.swisscrochet.ch\\\/de\\\/produkt\\\/daruma-sasawashi-flat\\\/#primaryimage\"},\"image\":{\"@id\":\"https:\\\/\\\/www.swisscrochet.ch\\\/de\\\/produkt\\\/daruma-sasawashi-flat\\\/#primaryimage\"},\"thumbnailUrl\":\"https:\\\/\\\/www.swisscrochet.ch\\\/wp-content\\\/uploads\\\/2026\\\/03\\\/Daruma-Sasawashi-Flat-Overview.jpg\",\"datePublished\":\"2026-03-14T16:52:30+00:00\",\"dateModified\":\"2026-03-14T16:59:30+00:00\",\"description\":\"Sasawashi Flat Raffiagarn aus Bambusgraspapier. Leichtes japanisches Garn, ideal f\u00fcr geh\u00e4kelte Taschen, H\u00fcte und sommerliche Accessoires.\",\"breadcrumb\":{\"@id\":\"https:\\\/\\\/www.swisscrochet.ch\\\/de\\\/produkt\\\/daruma-sasawashi-flat\\\/#breadcrumb\"},\"inLanguage\":\"de\",\"potentialAction\":[{\"@type\":\"ReadAction\",\"target\":[\"https:\\\/\\\/www.swisscrochet.ch\\\/de\\\/produkt\\\/daruma-sasawashi-flat\\\/\"]}]},{\"@type\":\"ImageObject\",\"inLanguage\":\"de\",\"@id\":\"https:\\\/\\\/www.swisscrochet.ch\\\/de\\\/produkt\\\/daruma-sasawashi-flat\\\/#primaryimage\",\"url\":\"https:\\\/\\\/www.swisscrochet.ch\\\/wp-content\\\/uploads\\\/2026\\\/03\\\/Daruma-Sasawashi-Flat-Overview.jpg\",\"contentUrl\":\"https:\\\/\\\/www.swisscrochet.ch\\\/wp-content\\\/uploads\\\/2026\\\/03\\\/Daruma-Sasawashi-Flat-Overview.jpg\",\"width\":1000,\"height\":1000},{\"@type\":\"BreadcrumbList\",\"@id\":\"https:\\\/\\\/www.swisscrochet.ch\\\/de\\\/produkt\\\/daruma-sasawashi-flat\\\/#breadcrumb\",\"itemListElement\":[{\"@type\":\"ListItem\",\"position\":1,\"name\":\"Home\",\"item\":\"https:\\\/\\\/www.swisscrochet.ch\\\/de\\\/\"},{\"@type\":\"ListItem\",\"position\":2,\"name\":\"Shop\",\"item\":\"https:\\\/\\\/www.swisscrochet.ch\\\/de\\\/shop\\\/\"},{\"@type\":\"ListItem\",\"position\":3,\"name\":\"Daruma &#8211; Sasawashi Flat\"}]},{\"@type\":\"WebSite\",\"@id\":\"https:\\\/\\\/www.swisscrochet.ch\\\/#website\",\"url\":\"https:\\\/\\\/www.swisscrochet.ch\\\/\",\"name\":\"Swiss Crochet\",\"description\":\"Entfalte dein kreatives Potenzial\",\"potentialAction\":[{\"@type\":\"SearchAction\",\"target\":{\"@type\":\"EntryPoint\",\"urlTemplate\":\"https:\\\/\\\/www.swisscrochet.ch\\\/?s={search_term_string}\"},\"query-input\":{\"@type\":\"PropertyValueSpecification\",\"valueRequired\":true,\"valueName\":\"search_term_string\"}}],\"inLanguage\":\"de\"}]}<\/script>\n<!-- \/ Yoast SEO plugin. -->","yoast_head_json":{"title":"Daruma - Sasawashi Flat &#171; Swiss Crochet","description":"Sasawashi Flat Raffiagarn aus Bambusgraspapier. Leichtes japanisches Garn, ideal f\u00fcr geh\u00e4kelte Taschen, H\u00fcte und sommerliche Accessoires.","robots":{"index":"index","follow":"follow","max-snippet":"max-snippet:-1","max-image-preview":"max-image-preview:large","max-video-preview":"max-video-preview:-1"},"canonical":"https:\/\/www.swisscrochet.ch\/de\/produkt\/daruma-sasawashi-flat\/","og_locale":"de_DE","og_type":"article","og_title":"Daruma - Sasawashi Flat &#171; Swiss Crochet","og_description":"Sasawashi Flat Raffiagarn aus Bambusgraspapier. Leichtes japanisches Garn, ideal f\u00fcr geh\u00e4kelte Taschen, H\u00fcte und sommerliche Accessoires.","og_url":"https:\/\/www.swisscrochet.ch\/de\/produkt\/daruma-sasawashi-flat\/","og_site_name":"Swiss Crochet","article_modified_time":"2026-03-14T16:59:30+00:00","og_image":[{"width":1000,"height":1000,"url":"https:\/\/www.swisscrochet.ch\/wp-content\/uploads\/2026\/03\/Daruma-Sasawashi-Flat-Overview.jpg","type":"image\/jpeg"}],"twitter_card":"summary_large_image","twitter_misc":{"Gesch\u00e4tzte Lesezeit":"1\u00a0Minute"},"schema":{"@context":"https:\/\/schema.org","@graph":[{"@type":["WebPage","ItemPage"],"@id":"https:\/\/www.swisscrochet.ch\/de\/produkt\/daruma-sasawashi-flat\/","url":"https:\/\/www.swisscrochet.ch\/de\/produkt\/daruma-sasawashi-flat\/","name":"Daruma - Sasawashi Flat &#171; Swiss Crochet","isPartOf":{"@id":"https:\/\/www.swisscrochet.ch\/#website"},"primaryImageOfPage":{"@id":"https:\/\/www.swisscrochet.ch\/de\/produkt\/daruma-sasawashi-flat\/#primaryimage"},"image":{"@id":"https:\/\/www.swisscrochet.ch\/de\/produkt\/daruma-sasawashi-flat\/#primaryimage"},"thumbnailUrl":"https:\/\/www.swisscrochet.ch\/wp-content\/uploads\/2026\/03\/Daruma-Sasawashi-Flat-Overview.jpg","datePublished":"2026-03-14T16:52:30+00:00","dateModified":"2026-03-14T16:59:30+00:00","description":"Sasawashi Flat Raffiagarn aus Bambusgraspapier. Leichtes japanisches Garn, ideal f\u00fcr geh\u00e4kelte Taschen, H\u00fcte und sommerliche Accessoires.","breadcrumb":{"@id":"https:\/\/www.swisscrochet.ch\/de\/produkt\/daruma-sasawashi-flat\/#breadcrumb"},"inLanguage":"de","potentialAction":[{"@type":"ReadAction","target":["https:\/\/www.swisscrochet.ch\/de\/produkt\/daruma-sasawashi-flat\/"]}]},{"@type":"ImageObject","inLanguage":"de","@id":"https:\/\/www.swisscrochet.ch\/de\/produkt\/daruma-sasawashi-flat\/#primaryimage","url":"https:\/\/www.swisscrochet.ch\/wp-content\/uploads\/2026\/03\/Daruma-Sasawashi-Flat-Overview.jpg","contentUrl":"https:\/\/www.swisscrochet.ch\/wp-content\/uploads\/2026\/03\/Daruma-Sasawashi-Flat-Overview.jpg","width":1000,"height":1000},{"@type":"BreadcrumbList","@id":"https:\/\/www.swisscrochet.ch\/de\/produkt\/daruma-sasawashi-flat\/#breadcrumb","itemListElement":[{"@type":"ListItem","position":1,"name":"Home","item":"https:\/\/www.swisscrochet.ch\/de\/"},{"@type":"ListItem","position":2,"name":"Shop","item":"https:\/\/www.swisscrochet.ch\/de\/shop\/"},{"@type":"ListItem","position":3,"name":"Daruma &#8211; Sasawashi Flat"}]},{"@type":"WebSite","@id":"https:\/\/www.swisscrochet.ch\/#website","url":"https:\/\/www.swisscrochet.ch\/","name":"Swiss Crochet","description":"Entfalte dein kreatives Potenzial","potentialAction":[{"@type":"SearchAction","target":{"@type":"EntryPoint","urlTemplate":"https:\/\/www.swisscrochet.ch\/?s={search_term_string}"},"query-input":{"@type":"PropertyValueSpecification","valueRequired":true,"valueName":"search_term_string"}}],"inLanguage":"de"}]}},"_links":{"self":[{"href":"https:\/\/www.swisscrochet.ch\/de\/wp-json\/wp\/v2\/product\/26569","targetHints":{"allow":["GET"]}}],"collection":[{"href":"https:\/\/www.swisscrochet.ch\/de\/wp-json\/wp\/v2\/product"}],"about":[{"href":"https:\/\/www.swisscrochet.ch\/de\/wp-json\/wp\/v2\/types\/product"}],"wp:featuredmedia":[{"embeddable":true,"href":"https:\/\/www.swisscrochet.ch\/de\/wp-json\/wp\/v2\/media\/26556"}],"wp:attachment":[{"href":"https:\/\/www.swisscrochet.ch\/de\/wp-json\/wp\/v2\/media?parent=26569"}],"wp:term":[{"taxonomy":"product_brand","embeddable":true,"href":"https:\/\/www.swisscrochet.ch\/de\/wp-json\/wp\/v2\/product_brand?post=26569"},{"taxonomy":"product_cat","embeddable":true,"href":"https:\/\/www.swisscrochet.ch\/de\/wp-json\/wp\/v2\/product_cat?post=26569"},{"taxonomy":"product_tag","embeddable":true,"href":"https:\/\/www.swisscrochet.ch\/de\/wp-json\/wp\/v2\/product_tag?post=26569"}],"curies":[{"name":"wp","href":"https:\/\/api.w.org\/{rel}","templated":true}]}}