{"id":26593,"date":"2026-03-14T18:41:53","date_gmt":"2026-03-14T17:41:53","guid":{"rendered":"https:\/\/www.swisscrochet.ch\/product\/marchenart-manila-hemp-yarn-double\/"},"modified":"2026-03-14T18:53:56","modified_gmt":"2026-03-14T17:53:56","slug":"marchenart-manila-hemp-yarn-double","status":"publish","type":"product","link":"https:\/\/www.swisscrochet.ch\/de\/produkt\/marchenart-manila-hemp-yarn-double\/","title":{"rendered":"M\u00e4rchenart &#8211; Manila Hemp Yarn Double"},"content":{"rendered":"","protected":false},"excerpt":{"rendered":"<p>Manila Hemp Yarn Double ist ein Raffiagarn aus 100 % Manila-Hanf-Papiergarn, einem traditionellen japanischen Papiergarn, das f\u00fcr seine nat\u00fcrliche Textur und seine strukturierte Haptik bekannt ist. Hergestellt in Japan, eignet sich dieses besondere Material besonders gut f\u00fcr Projekte, die Stabilit\u00e4t und Formbest\u00e4ndigkeit ben\u00f6tigen.<\/p>\n<p>Manila Hemp Yarn Double ist ideal f\u00fcr strukturierte Sommerprojekte wie Taschen, Wohnaccessoires und Accessoires wie H\u00fcte. Es ist die dickere Version von Manila Hemp Yarn und verf\u00fcgt \u00fcber ein Band mit etwa doppelter Breite.<\/p>\n<p>Die gezeigte Maschenprobe wurde von Hand in lauwarmem Wasser gewaschen und mit Dampf geb\u00fcgelt.<\/p>\n<p>Manila Hemp Yarn Double ist in einer Palette von 3 Farben erh\u00e4ltlich: Beige, Hellbraun und klassisches Schwarz.<\/p>\n<p>W\u00e4hle Manila Hemp Yarn Double f\u00fcr strukturierte Sommeraccessoires, die ihre Form besonders sch\u00f6n behalten.<\/p>\n<p><strong>Exklusiv erh\u00e4ltlich bei Swiss Crochet.<\/strong><\/p>\n","protected":false},"featured_media":26524,"template":"","meta":[],"product_brand":[],"product_cat":[226,1881],"product_tag":[],"class_list":{"0":"post-26593","1":"product","2":"type-product","3":"status-publish","4":"has-post-thumbnail","6":"product_cat-garne","7":"product_cat-garn-taschen-und-home-decor","8":"pa_y1-brand-marchenart","9":"pa_y17-yarn-weight-aran-de","10":"description-off","12":"first","13":"instock","14":"taxable","15":"shipping-taxable","16":"purchasable","17":"product-type-variable","18":"wvs-archive-product-wrapper"},"bundled_by":[],"bundle_stock_status":"instock","bundle_stock_quantity":null,"bundle_virtual":false,"bundle_layout":"","bundle_add_to_cart_form_location":"","bundle_editable_in_cart":false,"bundle_sold_individually_context":"","bundle_item_grouping":"","bundle_min_size":"","bundle_max_size":"","bundle_price":[],"bundled_items":[],"bundle_sell_ids":[],"yoast_head":"<!-- This site is optimized with the Yoast SEO plugin v27.4 - https:\/\/yoast.com\/product\/yoast-seo-wordpress\/ -->\n<title>M\u00e4rchenart - Manila Hemp Yarn Double &#171; Swiss Crochet<\/title>\n<meta name=\"description\" content=\"Manila Hemp Yarn Double Raffia-Papiergarn aus Japan. Dickes Bandgarn, ideal f\u00fcr geh\u00e4kelte Taschen, H\u00fcte und strukturierte Sommeraccessoires.\" \/>\n<meta name=\"robots\" content=\"index, follow, max-snippet:-1, max-image-preview:large, max-video-preview:-1\" \/>\n<link rel=\"canonical\" href=\"https:\/\/www.swisscrochet.ch\/de\/produkt\/marchenart-manila-hemp-yarn-double\/\" \/>\n<meta property=\"og:locale\" content=\"de_DE\" \/>\n<meta property=\"og:type\" content=\"article\" \/>\n<meta property=\"og:title\" content=\"M\u00e4rchenart - Manila Hemp Yarn Double &#171; Swiss Crochet\" \/>\n<meta property=\"og:description\" content=\"Manila Hemp Yarn Double Raffia-Papiergarn aus Japan. Dickes Bandgarn, ideal f\u00fcr geh\u00e4kelte Taschen, H\u00fcte und strukturierte Sommeraccessoires.\" \/>\n<meta property=\"og:url\" content=\"https:\/\/www.swisscrochet.ch\/de\/produkt\/marchenart-manila-hemp-yarn-double\/\" \/>\n<meta property=\"og:site_name\" content=\"Swiss Crochet\" \/>\n<meta property=\"article:modified_time\" content=\"2026-03-14T17:53:56+00:00\" \/>\n<meta property=\"og:image\" content=\"https:\/\/www.swisscrochet.ch\/wp-content\/uploads\/2026\/03\/Marchenart-Manila-Hemp-Yarn-Double-Overview.jpg\" \/>\n\t<meta property=\"og:image:width\" content=\"1000\" \/>\n\t<meta property=\"og:image:height\" content=\"1000\" \/>\n\t<meta property=\"og:image:type\" content=\"image\/jpeg\" \/>\n<meta name=\"twitter:card\" content=\"summary_large_image\" \/>\n<meta name=\"twitter:label1\" content=\"Gesch\u00e4tzte Lesezeit\" \/>\n\t<meta name=\"twitter:data1\" content=\"1\u00a0Minute\" \/>\n<script type=\"application\/ld+json\" class=\"yoast-schema-graph\">{\"@context\":\"https:\\\/\\\/schema.org\",\"@graph\":[{\"@type\":[\"WebPage\",\"ItemPage\"],\"@id\":\"https:\\\/\\\/www.swisscrochet.ch\\\/de\\\/produkt\\\/marchenart-manila-hemp-yarn-double\\\/\",\"url\":\"https:\\\/\\\/www.swisscrochet.ch\\\/de\\\/produkt\\\/marchenart-manila-hemp-yarn-double\\\/\",\"name\":\"M\u00e4rchenart - Manila Hemp Yarn Double &#171; Swiss Crochet\",\"isPartOf\":{\"@id\":\"https:\\\/\\\/www.swisscrochet.ch\\\/#website\"},\"primaryImageOfPage\":{\"@id\":\"https:\\\/\\\/www.swisscrochet.ch\\\/de\\\/produkt\\\/marchenart-manila-hemp-yarn-double\\\/#primaryimage\"},\"image\":{\"@id\":\"https:\\\/\\\/www.swisscrochet.ch\\\/de\\\/produkt\\\/marchenart-manila-hemp-yarn-double\\\/#primaryimage\"},\"thumbnailUrl\":\"https:\\\/\\\/www.swisscrochet.ch\\\/wp-content\\\/uploads\\\/2026\\\/03\\\/Marchenart-Manila-Hemp-Yarn-Double-Overview.jpg\",\"datePublished\":\"2026-03-14T17:41:53+00:00\",\"dateModified\":\"2026-03-14T17:53:56+00:00\",\"description\":\"Manila Hemp Yarn Double Raffia-Papiergarn aus Japan. Dickes Bandgarn, ideal f\u00fcr geh\u00e4kelte Taschen, H\u00fcte und strukturierte Sommeraccessoires.\",\"breadcrumb\":{\"@id\":\"https:\\\/\\\/www.swisscrochet.ch\\\/de\\\/produkt\\\/marchenart-manila-hemp-yarn-double\\\/#breadcrumb\"},\"inLanguage\":\"de\",\"potentialAction\":[{\"@type\":\"ReadAction\",\"target\":[\"https:\\\/\\\/www.swisscrochet.ch\\\/de\\\/produkt\\\/marchenart-manila-hemp-yarn-double\\\/\"]}]},{\"@type\":\"ImageObject\",\"inLanguage\":\"de\",\"@id\":\"https:\\\/\\\/www.swisscrochet.ch\\\/de\\\/produkt\\\/marchenart-manila-hemp-yarn-double\\\/#primaryimage\",\"url\":\"https:\\\/\\\/www.swisscrochet.ch\\\/wp-content\\\/uploads\\\/2026\\\/03\\\/Marchenart-Manila-Hemp-Yarn-Double-Overview.jpg\",\"contentUrl\":\"https:\\\/\\\/www.swisscrochet.ch\\\/wp-content\\\/uploads\\\/2026\\\/03\\\/Marchenart-Manila-Hemp-Yarn-Double-Overview.jpg\",\"width\":1000,\"height\":1000},{\"@type\":\"BreadcrumbList\",\"@id\":\"https:\\\/\\\/www.swisscrochet.ch\\\/de\\\/produkt\\\/marchenart-manila-hemp-yarn-double\\\/#breadcrumb\",\"itemListElement\":[{\"@type\":\"ListItem\",\"position\":1,\"name\":\"Home\",\"item\":\"https:\\\/\\\/www.swisscrochet.ch\\\/de\\\/\"},{\"@type\":\"ListItem\",\"position\":2,\"name\":\"Shop\",\"item\":\"https:\\\/\\\/www.swisscrochet.ch\\\/de\\\/shop\\\/\"},{\"@type\":\"ListItem\",\"position\":3,\"name\":\"M\u00e4rchenart &#8211; Manila Hemp Yarn Double\"}]},{\"@type\":\"WebSite\",\"@id\":\"https:\\\/\\\/www.swisscrochet.ch\\\/#website\",\"url\":\"https:\\\/\\\/www.swisscrochet.ch\\\/\",\"name\":\"Swiss Crochet\",\"description\":\"Entfalte dein kreatives Potenzial\",\"potentialAction\":[{\"@type\":\"SearchAction\",\"target\":{\"@type\":\"EntryPoint\",\"urlTemplate\":\"https:\\\/\\\/www.swisscrochet.ch\\\/?s={search_term_string}\"},\"query-input\":{\"@type\":\"PropertyValueSpecification\",\"valueRequired\":true,\"valueName\":\"search_term_string\"}}],\"inLanguage\":\"de\"}]}<\/script>\n<!-- \/ Yoast SEO plugin. -->","yoast_head_json":{"title":"M\u00e4rchenart - Manila Hemp Yarn Double &#171; Swiss Crochet","description":"Manila Hemp Yarn Double Raffia-Papiergarn aus Japan. Dickes Bandgarn, ideal f\u00fcr geh\u00e4kelte Taschen, H\u00fcte und strukturierte Sommeraccessoires.","robots":{"index":"index","follow":"follow","max-snippet":"max-snippet:-1","max-image-preview":"max-image-preview:large","max-video-preview":"max-video-preview:-1"},"canonical":"https:\/\/www.swisscrochet.ch\/de\/produkt\/marchenart-manila-hemp-yarn-double\/","og_locale":"de_DE","og_type":"article","og_title":"M\u00e4rchenart - Manila Hemp Yarn Double &#171; Swiss Crochet","og_description":"Manila Hemp Yarn Double Raffia-Papiergarn aus Japan. Dickes Bandgarn, ideal f\u00fcr geh\u00e4kelte Taschen, H\u00fcte und strukturierte Sommeraccessoires.","og_url":"https:\/\/www.swisscrochet.ch\/de\/produkt\/marchenart-manila-hemp-yarn-double\/","og_site_name":"Swiss Crochet","article_modified_time":"2026-03-14T17:53:56+00:00","og_image":[{"width":1000,"height":1000,"url":"https:\/\/www.swisscrochet.ch\/wp-content\/uploads\/2026\/03\/Marchenart-Manila-Hemp-Yarn-Double-Overview.jpg","type":"image\/jpeg"}],"twitter_card":"summary_large_image","twitter_misc":{"Gesch\u00e4tzte Lesezeit":"1\u00a0Minute"},"schema":{"@context":"https:\/\/schema.org","@graph":[{"@type":["WebPage","ItemPage"],"@id":"https:\/\/www.swisscrochet.ch\/de\/produkt\/marchenart-manila-hemp-yarn-double\/","url":"https:\/\/www.swisscrochet.ch\/de\/produkt\/marchenart-manila-hemp-yarn-double\/","name":"M\u00e4rchenart - Manila Hemp Yarn Double &#171; Swiss Crochet","isPartOf":{"@id":"https:\/\/www.swisscrochet.ch\/#website"},"primaryImageOfPage":{"@id":"https:\/\/www.swisscrochet.ch\/de\/produkt\/marchenart-manila-hemp-yarn-double\/#primaryimage"},"image":{"@id":"https:\/\/www.swisscrochet.ch\/de\/produkt\/marchenart-manila-hemp-yarn-double\/#primaryimage"},"thumbnailUrl":"https:\/\/www.swisscrochet.ch\/wp-content\/uploads\/2026\/03\/Marchenart-Manila-Hemp-Yarn-Double-Overview.jpg","datePublished":"2026-03-14T17:41:53+00:00","dateModified":"2026-03-14T17:53:56+00:00","description":"Manila Hemp Yarn Double Raffia-Papiergarn aus Japan. Dickes Bandgarn, ideal f\u00fcr geh\u00e4kelte Taschen, H\u00fcte und strukturierte Sommeraccessoires.","breadcrumb":{"@id":"https:\/\/www.swisscrochet.ch\/de\/produkt\/marchenart-manila-hemp-yarn-double\/#breadcrumb"},"inLanguage":"de","potentialAction":[{"@type":"ReadAction","target":["https:\/\/www.swisscrochet.ch\/de\/produkt\/marchenart-manila-hemp-yarn-double\/"]}]},{"@type":"ImageObject","inLanguage":"de","@id":"https:\/\/www.swisscrochet.ch\/de\/produkt\/marchenart-manila-hemp-yarn-double\/#primaryimage","url":"https:\/\/www.swisscrochet.ch\/wp-content\/uploads\/2026\/03\/Marchenart-Manila-Hemp-Yarn-Double-Overview.jpg","contentUrl":"https:\/\/www.swisscrochet.ch\/wp-content\/uploads\/2026\/03\/Marchenart-Manila-Hemp-Yarn-Double-Overview.jpg","width":1000,"height":1000},{"@type":"BreadcrumbList","@id":"https:\/\/www.swisscrochet.ch\/de\/produkt\/marchenart-manila-hemp-yarn-double\/#breadcrumb","itemListElement":[{"@type":"ListItem","position":1,"name":"Home","item":"https:\/\/www.swisscrochet.ch\/de\/"},{"@type":"ListItem","position":2,"name":"Shop","item":"https:\/\/www.swisscrochet.ch\/de\/shop\/"},{"@type":"ListItem","position":3,"name":"M\u00e4rchenart &#8211; Manila Hemp Yarn Double"}]},{"@type":"WebSite","@id":"https:\/\/www.swisscrochet.ch\/#website","url":"https:\/\/www.swisscrochet.ch\/","name":"Swiss Crochet","description":"Entfalte dein kreatives Potenzial","potentialAction":[{"@type":"SearchAction","target":{"@type":"EntryPoint","urlTemplate":"https:\/\/www.swisscrochet.ch\/?s={search_term_string}"},"query-input":{"@type":"PropertyValueSpecification","valueRequired":true,"valueName":"search_term_string"}}],"inLanguage":"de"}]}},"_links":{"self":[{"href":"https:\/\/www.swisscrochet.ch\/de\/wp-json\/wp\/v2\/product\/26593","targetHints":{"allow":["GET"]}}],"collection":[{"href":"https:\/\/www.swisscrochet.ch\/de\/wp-json\/wp\/v2\/product"}],"about":[{"href":"https:\/\/www.swisscrochet.ch\/de\/wp-json\/wp\/v2\/types\/product"}],"wp:featuredmedia":[{"embeddable":true,"href":"https:\/\/www.swisscrochet.ch\/de\/wp-json\/wp\/v2\/media\/26524"}],"wp:attachment":[{"href":"https:\/\/www.swisscrochet.ch\/de\/wp-json\/wp\/v2\/media?parent=26593"}],"wp:term":[{"taxonomy":"product_brand","embeddable":true,"href":"https:\/\/www.swisscrochet.ch\/de\/wp-json\/wp\/v2\/product_brand?post=26593"},{"taxonomy":"product_cat","embeddable":true,"href":"https:\/\/www.swisscrochet.ch\/de\/wp-json\/wp\/v2\/product_cat?post=26593"},{"taxonomy":"product_tag","embeddable":true,"href":"https:\/\/www.swisscrochet.ch\/de\/wp-json\/wp\/v2\/product_tag?post=26593"}],"curies":[{"name":"wp","href":"https:\/\/api.w.org\/{rel}","templated":true}]}}