{"id":26616,"date":"2026-03-14T19:21:49","date_gmt":"2026-03-14T18:21:49","guid":{"rendered":"https:\/\/www.swisscrochet.ch\/product\/pony-sock-blockers\/"},"modified":"2026-03-14T19:26:37","modified_gmt":"2026-03-14T18:26:37","slug":"pony-sockenblocker-1-stueck","status":"publish","type":"product","link":"https:\/\/www.swisscrochet.ch\/de\/produkt\/pony-sockenblocker-1-stueck\/","title":{"rendered":"Pony &#8211; Sockenblocker &#8211; 1 St\u00fcck"},"content":{"rendered":"","protected":false},"excerpt":{"rendered":"<p>Verleihe deinen handgemachten Socken mit diesen praktischen Sockenblockern von Pony ein gepflegtes Finish. Sie wurden entwickelt, um fertige Socken zu formen und zu pr\u00e4sentieren, sodass sie nach dem Waschen gleichm\u00e4ssig trocknen k\u00f6nnen, w\u00e4hrend das Maschenbild und die Gesamtstruktur sch\u00f6n zur Geltung kommen.<\/p>\n<p>Hergestellt aus eloxiertem Aluminium sind diese Sockenblocker leicht und dennoch stabil. Das Material beh\u00e4lt \u00fcber lange Zeit seine Form und ist wasserbest\u00e4ndig, wodurch sie sich gut f\u00fcr regelm\u00e4ssiges Spannen und Trocknen eignen.<\/p>\n<p>Jede Gr\u00f6sse ist zur einfachen Identifikation farbcodiert und wird als einzelnes St\u00fcck geliefert.<\/p>\n<p><strong>Details<\/strong><\/p>\n<p>\u2013 Hergestellt aus eloxiertem Aluminium<br \/>\n\u2013 Leicht, langlebig und wasserbest\u00e4ndig<br \/>\n\u2013 Ideal zum Formen und Trocknen von handgemachten Socken<br \/>\n\u2013 Farblich nach Gr\u00f6sse codiert<\/p>\n<p><strong>Erh\u00e4ltliche Gr\u00f6ssen:<\/strong> 36-37, 38-39, 40-41, 42-43<\/p>\n<p>Ein einfaches und effektives Werkzeug, um deine Socken sauber und gleichm\u00e4ssig zu vollenden.<\/p>\n","protected":false},"featured_media":25742,"template":"","meta":[],"product_brand":[],"product_cat":[574,220],"product_tag":[],"class_list":{"0":"post-26616","1":"product","2":"type-product","3":"status-publish","4":"has-post-thumbnail","6":"product_cat-blockierzubehoer","7":"product_cat-hakelnadeln-und-zubehor","8":"pa_t1-manufacturer-pony","9":"description-off","11":"first","12":"instock","13":"taxable","14":"shipping-taxable","15":"purchasable","16":"product-type-variable","17":"wvs-archive-product-wrapper"},"bundled_by":["29815","29818"],"bundle_stock_status":"instock","bundle_stock_quantity":null,"bundle_virtual":false,"bundle_layout":"","bundle_add_to_cart_form_location":"","bundle_editable_in_cart":false,"bundle_sold_individually_context":"","bundle_item_grouping":"","bundle_min_size":"","bundle_max_size":"","bundle_price":[],"bundled_items":[],"bundle_sell_ids":[],"yoast_head":"<!-- This site is optimized with the Yoast SEO plugin v27.4 - https:\/\/yoast.com\/product\/yoast-seo-wordpress\/ -->\n<title>Pony - Sockenblocker - 1 St\u00fcck &#171; Swiss Crochet<\/title>\n<meta name=\"description\" content=\"Pony Sockenblocker aus eloxiertem Aluminium. Leichtes, wasserbest\u00e4ndiges Werkzeug zum Formen von Socken, erh\u00e4ltlich in den Gr\u00f6ssen 36\u201343, ideal zum Spannen von handgemachten Socken.\" \/>\n<meta name=\"robots\" content=\"index, follow, max-snippet:-1, max-image-preview:large, max-video-preview:-1\" \/>\n<link rel=\"canonical\" href=\"https:\/\/www.swisscrochet.ch\/de\/produkt\/pony-sockenblocker-1-stueck\/\" \/>\n<meta property=\"og:locale\" content=\"de_DE\" \/>\n<meta property=\"og:type\" content=\"article\" \/>\n<meta property=\"og:title\" content=\"Pony - Sockenblocker - 1 St\u00fcck &#171; Swiss Crochet\" \/>\n<meta property=\"og:description\" content=\"Pony Sockenblocker aus eloxiertem Aluminium. Leichtes, wasserbest\u00e4ndiges Werkzeug zum Formen von Socken, erh\u00e4ltlich in den Gr\u00f6ssen 36\u201343, ideal zum Spannen von handgemachten Socken.\" \/>\n<meta property=\"og:url\" content=\"https:\/\/www.swisscrochet.ch\/de\/produkt\/pony-sockenblocker-1-stueck\/\" \/>\n<meta property=\"og:site_name\" content=\"Swiss Crochet\" \/>\n<meta property=\"article:modified_time\" content=\"2026-03-14T18:26:37+00:00\" \/>\n<meta property=\"og:image\" content=\"https:\/\/www.swisscrochet.ch\/wp-content\/uploads\/2026\/03\/Pony-Sock-Blockers-Overview.jpg\" \/>\n\t<meta property=\"og:image:width\" content=\"1000\" \/>\n\t<meta property=\"og:image:height\" content=\"1000\" \/>\n\t<meta property=\"og:image:type\" content=\"image\/jpeg\" \/>\n<meta name=\"twitter:card\" content=\"summary_large_image\" \/>\n<meta name=\"twitter:label1\" content=\"Gesch\u00e4tzte Lesezeit\" \/>\n\t<meta name=\"twitter:data1\" content=\"1\u00a0Minute\" \/>\n<script type=\"application\/ld+json\" class=\"yoast-schema-graph\">{\"@context\":\"https:\\\/\\\/schema.org\",\"@graph\":[{\"@type\":[\"WebPage\",\"ItemPage\"],\"@id\":\"https:\\\/\\\/www.swisscrochet.ch\\\/de\\\/produkt\\\/pony-sockenblocker-1-stueck\\\/\",\"url\":\"https:\\\/\\\/www.swisscrochet.ch\\\/de\\\/produkt\\\/pony-sockenblocker-1-stueck\\\/\",\"name\":\"Pony - Sockenblocker - 1 St\u00fcck &#171; Swiss Crochet\",\"isPartOf\":{\"@id\":\"https:\\\/\\\/www.swisscrochet.ch\\\/#website\"},\"primaryImageOfPage\":{\"@id\":\"https:\\\/\\\/www.swisscrochet.ch\\\/de\\\/produkt\\\/pony-sockenblocker-1-stueck\\\/#primaryimage\"},\"image\":{\"@id\":\"https:\\\/\\\/www.swisscrochet.ch\\\/de\\\/produkt\\\/pony-sockenblocker-1-stueck\\\/#primaryimage\"},\"thumbnailUrl\":\"https:\\\/\\\/www.swisscrochet.ch\\\/wp-content\\\/uploads\\\/2026\\\/03\\\/Pony-Sock-Blockers-Overview.jpg\",\"datePublished\":\"2026-03-14T18:21:49+00:00\",\"dateModified\":\"2026-03-14T18:26:37+00:00\",\"description\":\"Pony Sockenblocker aus eloxiertem Aluminium. Leichtes, wasserbest\u00e4ndiges Werkzeug zum Formen von Socken, erh\u00e4ltlich in den Gr\u00f6ssen 36\u201343, ideal zum Spannen von handgemachten Socken.\",\"breadcrumb\":{\"@id\":\"https:\\\/\\\/www.swisscrochet.ch\\\/de\\\/produkt\\\/pony-sockenblocker-1-stueck\\\/#breadcrumb\"},\"inLanguage\":\"de\",\"potentialAction\":[{\"@type\":\"ReadAction\",\"target\":[\"https:\\\/\\\/www.swisscrochet.ch\\\/de\\\/produkt\\\/pony-sockenblocker-1-stueck\\\/\"]}]},{\"@type\":\"ImageObject\",\"inLanguage\":\"de\",\"@id\":\"https:\\\/\\\/www.swisscrochet.ch\\\/de\\\/produkt\\\/pony-sockenblocker-1-stueck\\\/#primaryimage\",\"url\":\"https:\\\/\\\/www.swisscrochet.ch\\\/wp-content\\\/uploads\\\/2026\\\/03\\\/Pony-Sock-Blockers-Overview.jpg\",\"contentUrl\":\"https:\\\/\\\/www.swisscrochet.ch\\\/wp-content\\\/uploads\\\/2026\\\/03\\\/Pony-Sock-Blockers-Overview.jpg\",\"width\":1000,\"height\":1000},{\"@type\":\"BreadcrumbList\",\"@id\":\"https:\\\/\\\/www.swisscrochet.ch\\\/de\\\/produkt\\\/pony-sockenblocker-1-stueck\\\/#breadcrumb\",\"itemListElement\":[{\"@type\":\"ListItem\",\"position\":1,\"name\":\"Home\",\"item\":\"https:\\\/\\\/www.swisscrochet.ch\\\/de\\\/\"},{\"@type\":\"ListItem\",\"position\":2,\"name\":\"Shop\",\"item\":\"https:\\\/\\\/www.swisscrochet.ch\\\/de\\\/shop\\\/\"},{\"@type\":\"ListItem\",\"position\":3,\"name\":\"Pony &#8211; Sockenblocker &#8211; 1 St\u00fcck\"}]},{\"@type\":\"WebSite\",\"@id\":\"https:\\\/\\\/www.swisscrochet.ch\\\/#website\",\"url\":\"https:\\\/\\\/www.swisscrochet.ch\\\/\",\"name\":\"Swiss Crochet\",\"description\":\"Entfalte dein kreatives Potenzial\",\"potentialAction\":[{\"@type\":\"SearchAction\",\"target\":{\"@type\":\"EntryPoint\",\"urlTemplate\":\"https:\\\/\\\/www.swisscrochet.ch\\\/?s={search_term_string}\"},\"query-input\":{\"@type\":\"PropertyValueSpecification\",\"valueRequired\":true,\"valueName\":\"search_term_string\"}}],\"inLanguage\":\"de\"}]}<\/script>\n<!-- \/ Yoast SEO plugin. -->","yoast_head_json":{"title":"Pony - Sockenblocker - 1 St\u00fcck &#171; Swiss Crochet","description":"Pony Sockenblocker aus eloxiertem Aluminium. Leichtes, wasserbest\u00e4ndiges Werkzeug zum Formen von Socken, erh\u00e4ltlich in den Gr\u00f6ssen 36\u201343, ideal zum Spannen von handgemachten Socken.","robots":{"index":"index","follow":"follow","max-snippet":"max-snippet:-1","max-image-preview":"max-image-preview:large","max-video-preview":"max-video-preview:-1"},"canonical":"https:\/\/www.swisscrochet.ch\/de\/produkt\/pony-sockenblocker-1-stueck\/","og_locale":"de_DE","og_type":"article","og_title":"Pony - Sockenblocker - 1 St\u00fcck &#171; Swiss Crochet","og_description":"Pony Sockenblocker aus eloxiertem Aluminium. Leichtes, wasserbest\u00e4ndiges Werkzeug zum Formen von Socken, erh\u00e4ltlich in den Gr\u00f6ssen 36\u201343, ideal zum Spannen von handgemachten Socken.","og_url":"https:\/\/www.swisscrochet.ch\/de\/produkt\/pony-sockenblocker-1-stueck\/","og_site_name":"Swiss Crochet","article_modified_time":"2026-03-14T18:26:37+00:00","og_image":[{"width":1000,"height":1000,"url":"https:\/\/www.swisscrochet.ch\/wp-content\/uploads\/2026\/03\/Pony-Sock-Blockers-Overview.jpg","type":"image\/jpeg"}],"twitter_card":"summary_large_image","twitter_misc":{"Gesch\u00e4tzte Lesezeit":"1\u00a0Minute"},"schema":{"@context":"https:\/\/schema.org","@graph":[{"@type":["WebPage","ItemPage"],"@id":"https:\/\/www.swisscrochet.ch\/de\/produkt\/pony-sockenblocker-1-stueck\/","url":"https:\/\/www.swisscrochet.ch\/de\/produkt\/pony-sockenblocker-1-stueck\/","name":"Pony - Sockenblocker - 1 St\u00fcck &#171; Swiss Crochet","isPartOf":{"@id":"https:\/\/www.swisscrochet.ch\/#website"},"primaryImageOfPage":{"@id":"https:\/\/www.swisscrochet.ch\/de\/produkt\/pony-sockenblocker-1-stueck\/#primaryimage"},"image":{"@id":"https:\/\/www.swisscrochet.ch\/de\/produkt\/pony-sockenblocker-1-stueck\/#primaryimage"},"thumbnailUrl":"https:\/\/www.swisscrochet.ch\/wp-content\/uploads\/2026\/03\/Pony-Sock-Blockers-Overview.jpg","datePublished":"2026-03-14T18:21:49+00:00","dateModified":"2026-03-14T18:26:37+00:00","description":"Pony Sockenblocker aus eloxiertem Aluminium. Leichtes, wasserbest\u00e4ndiges Werkzeug zum Formen von Socken, erh\u00e4ltlich in den Gr\u00f6ssen 36\u201343, ideal zum Spannen von handgemachten Socken.","breadcrumb":{"@id":"https:\/\/www.swisscrochet.ch\/de\/produkt\/pony-sockenblocker-1-stueck\/#breadcrumb"},"inLanguage":"de","potentialAction":[{"@type":"ReadAction","target":["https:\/\/www.swisscrochet.ch\/de\/produkt\/pony-sockenblocker-1-stueck\/"]}]},{"@type":"ImageObject","inLanguage":"de","@id":"https:\/\/www.swisscrochet.ch\/de\/produkt\/pony-sockenblocker-1-stueck\/#primaryimage","url":"https:\/\/www.swisscrochet.ch\/wp-content\/uploads\/2026\/03\/Pony-Sock-Blockers-Overview.jpg","contentUrl":"https:\/\/www.swisscrochet.ch\/wp-content\/uploads\/2026\/03\/Pony-Sock-Blockers-Overview.jpg","width":1000,"height":1000},{"@type":"BreadcrumbList","@id":"https:\/\/www.swisscrochet.ch\/de\/produkt\/pony-sockenblocker-1-stueck\/#breadcrumb","itemListElement":[{"@type":"ListItem","position":1,"name":"Home","item":"https:\/\/www.swisscrochet.ch\/de\/"},{"@type":"ListItem","position":2,"name":"Shop","item":"https:\/\/www.swisscrochet.ch\/de\/shop\/"},{"@type":"ListItem","position":3,"name":"Pony &#8211; Sockenblocker &#8211; 1 St\u00fcck"}]},{"@type":"WebSite","@id":"https:\/\/www.swisscrochet.ch\/#website","url":"https:\/\/www.swisscrochet.ch\/","name":"Swiss Crochet","description":"Entfalte dein kreatives Potenzial","potentialAction":[{"@type":"SearchAction","target":{"@type":"EntryPoint","urlTemplate":"https:\/\/www.swisscrochet.ch\/?s={search_term_string}"},"query-input":{"@type":"PropertyValueSpecification","valueRequired":true,"valueName":"search_term_string"}}],"inLanguage":"de"}]}},"_links":{"self":[{"href":"https:\/\/www.swisscrochet.ch\/de\/wp-json\/wp\/v2\/product\/26616","targetHints":{"allow":["GET"]}}],"collection":[{"href":"https:\/\/www.swisscrochet.ch\/de\/wp-json\/wp\/v2\/product"}],"about":[{"href":"https:\/\/www.swisscrochet.ch\/de\/wp-json\/wp\/v2\/types\/product"}],"wp:featuredmedia":[{"embeddable":true,"href":"https:\/\/www.swisscrochet.ch\/de\/wp-json\/wp\/v2\/media\/25742"}],"wp:attachment":[{"href":"https:\/\/www.swisscrochet.ch\/de\/wp-json\/wp\/v2\/media?parent=26616"}],"wp:term":[{"taxonomy":"product_brand","embeddable":true,"href":"https:\/\/www.swisscrochet.ch\/de\/wp-json\/wp\/v2\/product_brand?post=26616"},{"taxonomy":"product_cat","embeddable":true,"href":"https:\/\/www.swisscrochet.ch\/de\/wp-json\/wp\/v2\/product_cat?post=26616"},{"taxonomy":"product_tag","embeddable":true,"href":"https:\/\/www.swisscrochet.ch\/de\/wp-json\/wp\/v2\/product_tag?post=26616"}],"curies":[{"name":"wp","href":"https:\/\/api.w.org\/{rel}","templated":true}]}}