{"id":26641,"date":"2026-03-14T19:46:02","date_gmt":"2026-03-14T18:46:02","guid":{"rendered":"https:\/\/www.swisscrochet.ch\/product\/opry-wobble-ball\/"},"modified":"2026-03-14T19:50:42","modified_gmt":"2026-03-14T18:50:42","slug":"opry-wackelball","status":"publish","type":"product","link":"https:\/\/www.swisscrochet.ch\/de\/produkt\/opry-wackelball\/","title":{"rendered":"Opry &#8211; Wackelball"},"content":{"rendered":"","protected":false},"excerpt":{"rendered":"<p>Bringe spielerische Bewegung in deine handgemachten Spielzeuge mit dem Wackelball von Opry. Dieser clevere Ball wurde als Basis f\u00fcr geh\u00e4kelte Figuren und Tiere entwickelt und wackelt sanft, wenn er angestossen wird. Dabei erzeugt er dank der kleinen, im Inneren versteckten Glocke ein fr\u00f6hliches Klingeln.<\/p>\n<p>Die beschwerte Basis erm\u00f6glicht es dem Spielzeug, hin und her zu schaukeln, ohne umzufallen, und schafft so ein unterhaltsames interaktives Element, das kleine Kinder begeistert. H\u00e4kle einfach deine gew\u00fcnschte Figur um den Ball herum, um daraus ein einzigartiges handgemachtes Geschenk zu machen.<\/p>\n<p>F\u00fcr beste Ergebnisse sollte die geh\u00e4kelte Figur mittig auf dem Ball platziert werden, damit sie gut ausbalanciert ist und gleichm\u00e4ssig wackelt.<\/p>\n<p><strong>Details<\/strong><\/p>\n<p>\u2013 Integrierte Glocke f\u00fcr ein sanftes Klingelger\u00e4usch<br \/>\n\u2013 Entwickelt als Basis f\u00fcr geh\u00e4kelte Spielzeuge<br \/>\n\u2013 H\u00f6he: 110 mm<br \/>\n\u2013 In 4 Farben erh\u00e4ltlich<\/p>\n<p>Lieferung pro 1 St\u00fcck.<\/p>\n<p>Eine verspielte Basis f\u00fcr charmante handgemachte Spielzeuge mit Bewegung und Klang.<\/p>\n","protected":false},"featured_media":25722,"template":"","meta":[],"product_brand":[],"product_cat":[559,220],"product_tag":[],"class_list":{"0":"post-26641","1":"product","2":"type-product","3":"status-publish","4":"has-post-thumbnail","6":"product_cat-anderes-zubehoer","7":"product_cat-hakelnadeln-und-zubehor","8":"pa_t1-manufacturer-opry-de","9":"description-off","11":"first","12":"instock","13":"taxable","14":"shipping-taxable","15":"purchasable","16":"product-type-variable","17":"wvs-archive-product-wrapper"},"bundled_by":["29141","29150","29169"],"bundle_stock_status":"instock","bundle_stock_quantity":null,"bundle_virtual":false,"bundle_layout":"","bundle_add_to_cart_form_location":"","bundle_editable_in_cart":false,"bundle_sold_individually_context":"","bundle_item_grouping":"","bundle_min_size":"","bundle_max_size":"","bundle_price":[],"bundled_items":[],"bundle_sell_ids":[],"yoast_head":"<!-- This site is optimized with the Yoast SEO plugin v27.4 - https:\/\/yoast.com\/product\/yoast-seo-wordpress\/ -->\n<title>Opry - Wackelball &#171; Swiss Crochet<\/title>\n<meta name=\"description\" content=\"Opry Wackelball mit Glocke f\u00fcr geh\u00e4kelte Spielzeuge. Beschwerte Basis sorgt f\u00fcr eine spielerische Wackelbewegung. Ideal f\u00fcr handgemachte Babyspielzeuge und Amigurumi-Figuren. H\u00f6he 110 mm.\" \/>\n<meta name=\"robots\" content=\"index, follow, max-snippet:-1, max-image-preview:large, max-video-preview:-1\" \/>\n<link rel=\"canonical\" href=\"https:\/\/www.swisscrochet.ch\/de\/produkt\/opry-wackelball\/\" \/>\n<meta property=\"og:locale\" content=\"de_DE\" \/>\n<meta property=\"og:type\" content=\"article\" \/>\n<meta property=\"og:title\" content=\"Opry - Wackelball &#171; Swiss Crochet\" \/>\n<meta property=\"og:description\" content=\"Opry Wackelball mit Glocke f\u00fcr geh\u00e4kelte Spielzeuge. Beschwerte Basis sorgt f\u00fcr eine spielerische Wackelbewegung. Ideal f\u00fcr handgemachte Babyspielzeuge und Amigurumi-Figuren. H\u00f6he 110 mm.\" \/>\n<meta property=\"og:url\" content=\"https:\/\/www.swisscrochet.ch\/de\/produkt\/opry-wackelball\/\" \/>\n<meta property=\"og:site_name\" content=\"Swiss Crochet\" \/>\n<meta property=\"article:modified_time\" content=\"2026-03-14T18:50:42+00:00\" \/>\n<meta property=\"og:image\" content=\"https:\/\/www.swisscrochet.ch\/wp-content\/uploads\/2026\/03\/Opry-Wobble-Ball-Overview.jpg\" \/>\n\t<meta property=\"og:image:width\" content=\"1000\" \/>\n\t<meta property=\"og:image:height\" content=\"1000\" \/>\n\t<meta property=\"og:image:type\" content=\"image\/jpeg\" \/>\n<meta name=\"twitter:card\" content=\"summary_large_image\" \/>\n<meta name=\"twitter:label1\" content=\"Gesch\u00e4tzte Lesezeit\" \/>\n\t<meta name=\"twitter:data1\" content=\"1\u00a0Minute\" \/>\n<script type=\"application\/ld+json\" class=\"yoast-schema-graph\">{\"@context\":\"https:\\\/\\\/schema.org\",\"@graph\":[{\"@type\":[\"WebPage\",\"ItemPage\"],\"@id\":\"https:\\\/\\\/www.swisscrochet.ch\\\/de\\\/produkt\\\/opry-wackelball\\\/\",\"url\":\"https:\\\/\\\/www.swisscrochet.ch\\\/de\\\/produkt\\\/opry-wackelball\\\/\",\"name\":\"Opry - Wackelball &#171; Swiss Crochet\",\"isPartOf\":{\"@id\":\"https:\\\/\\\/www.swisscrochet.ch\\\/#website\"},\"primaryImageOfPage\":{\"@id\":\"https:\\\/\\\/www.swisscrochet.ch\\\/de\\\/produkt\\\/opry-wackelball\\\/#primaryimage\"},\"image\":{\"@id\":\"https:\\\/\\\/www.swisscrochet.ch\\\/de\\\/produkt\\\/opry-wackelball\\\/#primaryimage\"},\"thumbnailUrl\":\"https:\\\/\\\/www.swisscrochet.ch\\\/wp-content\\\/uploads\\\/2026\\\/03\\\/Opry-Wobble-Ball-Overview.jpg\",\"datePublished\":\"2026-03-14T18:46:02+00:00\",\"dateModified\":\"2026-03-14T18:50:42+00:00\",\"description\":\"Opry Wackelball mit Glocke f\u00fcr geh\u00e4kelte Spielzeuge. Beschwerte Basis sorgt f\u00fcr eine spielerische Wackelbewegung. Ideal f\u00fcr handgemachte Babyspielzeuge und Amigurumi-Figuren. H\u00f6he 110 mm.\",\"breadcrumb\":{\"@id\":\"https:\\\/\\\/www.swisscrochet.ch\\\/de\\\/produkt\\\/opry-wackelball\\\/#breadcrumb\"},\"inLanguage\":\"de\",\"potentialAction\":[{\"@type\":\"ReadAction\",\"target\":[\"https:\\\/\\\/www.swisscrochet.ch\\\/de\\\/produkt\\\/opry-wackelball\\\/\"]}]},{\"@type\":\"ImageObject\",\"inLanguage\":\"de\",\"@id\":\"https:\\\/\\\/www.swisscrochet.ch\\\/de\\\/produkt\\\/opry-wackelball\\\/#primaryimage\",\"url\":\"https:\\\/\\\/www.swisscrochet.ch\\\/wp-content\\\/uploads\\\/2026\\\/03\\\/Opry-Wobble-Ball-Overview.jpg\",\"contentUrl\":\"https:\\\/\\\/www.swisscrochet.ch\\\/wp-content\\\/uploads\\\/2026\\\/03\\\/Opry-Wobble-Ball-Overview.jpg\",\"width\":1000,\"height\":1000},{\"@type\":\"BreadcrumbList\",\"@id\":\"https:\\\/\\\/www.swisscrochet.ch\\\/de\\\/produkt\\\/opry-wackelball\\\/#breadcrumb\",\"itemListElement\":[{\"@type\":\"ListItem\",\"position\":1,\"name\":\"Home\",\"item\":\"https:\\\/\\\/www.swisscrochet.ch\\\/de\\\/\"},{\"@type\":\"ListItem\",\"position\":2,\"name\":\"Shop\",\"item\":\"https:\\\/\\\/www.swisscrochet.ch\\\/de\\\/shop\\\/\"},{\"@type\":\"ListItem\",\"position\":3,\"name\":\"Opry &#8211; Wackelball\"}]},{\"@type\":\"WebSite\",\"@id\":\"https:\\\/\\\/www.swisscrochet.ch\\\/#website\",\"url\":\"https:\\\/\\\/www.swisscrochet.ch\\\/\",\"name\":\"Swiss Crochet\",\"description\":\"Entfalte dein kreatives Potenzial\",\"potentialAction\":[{\"@type\":\"SearchAction\",\"target\":{\"@type\":\"EntryPoint\",\"urlTemplate\":\"https:\\\/\\\/www.swisscrochet.ch\\\/?s={search_term_string}\"},\"query-input\":{\"@type\":\"PropertyValueSpecification\",\"valueRequired\":true,\"valueName\":\"search_term_string\"}}],\"inLanguage\":\"de\"}]}<\/script>\n<!-- \/ Yoast SEO plugin. -->","yoast_head_json":{"title":"Opry - Wackelball &#171; Swiss Crochet","description":"Opry Wackelball mit Glocke f\u00fcr geh\u00e4kelte Spielzeuge. Beschwerte Basis sorgt f\u00fcr eine spielerische Wackelbewegung. Ideal f\u00fcr handgemachte Babyspielzeuge und Amigurumi-Figuren. H\u00f6he 110 mm.","robots":{"index":"index","follow":"follow","max-snippet":"max-snippet:-1","max-image-preview":"max-image-preview:large","max-video-preview":"max-video-preview:-1"},"canonical":"https:\/\/www.swisscrochet.ch\/de\/produkt\/opry-wackelball\/","og_locale":"de_DE","og_type":"article","og_title":"Opry - Wackelball &#171; Swiss Crochet","og_description":"Opry Wackelball mit Glocke f\u00fcr geh\u00e4kelte Spielzeuge. Beschwerte Basis sorgt f\u00fcr eine spielerische Wackelbewegung. Ideal f\u00fcr handgemachte Babyspielzeuge und Amigurumi-Figuren. H\u00f6he 110 mm.","og_url":"https:\/\/www.swisscrochet.ch\/de\/produkt\/opry-wackelball\/","og_site_name":"Swiss Crochet","article_modified_time":"2026-03-14T18:50:42+00:00","og_image":[{"width":1000,"height":1000,"url":"https:\/\/www.swisscrochet.ch\/wp-content\/uploads\/2026\/03\/Opry-Wobble-Ball-Overview.jpg","type":"image\/jpeg"}],"twitter_card":"summary_large_image","twitter_misc":{"Gesch\u00e4tzte Lesezeit":"1\u00a0Minute"},"schema":{"@context":"https:\/\/schema.org","@graph":[{"@type":["WebPage","ItemPage"],"@id":"https:\/\/www.swisscrochet.ch\/de\/produkt\/opry-wackelball\/","url":"https:\/\/www.swisscrochet.ch\/de\/produkt\/opry-wackelball\/","name":"Opry - Wackelball &#171; Swiss Crochet","isPartOf":{"@id":"https:\/\/www.swisscrochet.ch\/#website"},"primaryImageOfPage":{"@id":"https:\/\/www.swisscrochet.ch\/de\/produkt\/opry-wackelball\/#primaryimage"},"image":{"@id":"https:\/\/www.swisscrochet.ch\/de\/produkt\/opry-wackelball\/#primaryimage"},"thumbnailUrl":"https:\/\/www.swisscrochet.ch\/wp-content\/uploads\/2026\/03\/Opry-Wobble-Ball-Overview.jpg","datePublished":"2026-03-14T18:46:02+00:00","dateModified":"2026-03-14T18:50:42+00:00","description":"Opry Wackelball mit Glocke f\u00fcr geh\u00e4kelte Spielzeuge. Beschwerte Basis sorgt f\u00fcr eine spielerische Wackelbewegung. Ideal f\u00fcr handgemachte Babyspielzeuge und Amigurumi-Figuren. H\u00f6he 110 mm.","breadcrumb":{"@id":"https:\/\/www.swisscrochet.ch\/de\/produkt\/opry-wackelball\/#breadcrumb"},"inLanguage":"de","potentialAction":[{"@type":"ReadAction","target":["https:\/\/www.swisscrochet.ch\/de\/produkt\/opry-wackelball\/"]}]},{"@type":"ImageObject","inLanguage":"de","@id":"https:\/\/www.swisscrochet.ch\/de\/produkt\/opry-wackelball\/#primaryimage","url":"https:\/\/www.swisscrochet.ch\/wp-content\/uploads\/2026\/03\/Opry-Wobble-Ball-Overview.jpg","contentUrl":"https:\/\/www.swisscrochet.ch\/wp-content\/uploads\/2026\/03\/Opry-Wobble-Ball-Overview.jpg","width":1000,"height":1000},{"@type":"BreadcrumbList","@id":"https:\/\/www.swisscrochet.ch\/de\/produkt\/opry-wackelball\/#breadcrumb","itemListElement":[{"@type":"ListItem","position":1,"name":"Home","item":"https:\/\/www.swisscrochet.ch\/de\/"},{"@type":"ListItem","position":2,"name":"Shop","item":"https:\/\/www.swisscrochet.ch\/de\/shop\/"},{"@type":"ListItem","position":3,"name":"Opry &#8211; Wackelball"}]},{"@type":"WebSite","@id":"https:\/\/www.swisscrochet.ch\/#website","url":"https:\/\/www.swisscrochet.ch\/","name":"Swiss Crochet","description":"Entfalte dein kreatives Potenzial","potentialAction":[{"@type":"SearchAction","target":{"@type":"EntryPoint","urlTemplate":"https:\/\/www.swisscrochet.ch\/?s={search_term_string}"},"query-input":{"@type":"PropertyValueSpecification","valueRequired":true,"valueName":"search_term_string"}}],"inLanguage":"de"}]}},"_links":{"self":[{"href":"https:\/\/www.swisscrochet.ch\/de\/wp-json\/wp\/v2\/product\/26641","targetHints":{"allow":["GET"]}}],"collection":[{"href":"https:\/\/www.swisscrochet.ch\/de\/wp-json\/wp\/v2\/product"}],"about":[{"href":"https:\/\/www.swisscrochet.ch\/de\/wp-json\/wp\/v2\/types\/product"}],"wp:featuredmedia":[{"embeddable":true,"href":"https:\/\/www.swisscrochet.ch\/de\/wp-json\/wp\/v2\/media\/25722"}],"wp:attachment":[{"href":"https:\/\/www.swisscrochet.ch\/de\/wp-json\/wp\/v2\/media?parent=26641"}],"wp:term":[{"taxonomy":"product_brand","embeddable":true,"href":"https:\/\/www.swisscrochet.ch\/de\/wp-json\/wp\/v2\/product_brand?post=26641"},{"taxonomy":"product_cat","embeddable":true,"href":"https:\/\/www.swisscrochet.ch\/de\/wp-json\/wp\/v2\/product_cat?post=26641"},{"taxonomy":"product_tag","embeddable":true,"href":"https:\/\/www.swisscrochet.ch\/de\/wp-json\/wp\/v2\/product_tag?post=26641"}],"curies":[{"name":"wp","href":"https:\/\/api.w.org\/{rel}","templated":true}]}}