{"id":2748,"date":"2025-01-10T17:29:47","date_gmt":"2025-01-10T16:29:47","guid":{"rendered":"https:\/\/www.swisscrochet.ch\/product\/nakyang-daol\/"},"modified":"2026-04-10T14:21:37","modified_gmt":"2026-04-10T12:21:37","slug":"nakyang-daol","status":"publish","type":"product","link":"https:\/\/www.swisscrochet.ch\/de\/produkt\/nakyang-daol\/","title":{"rendered":"Nakyang &#8211; Daol"},"content":{"rendered":"","protected":false},"excerpt":{"rendered":"<p>Daol ist ein einzigartiges Garn aus 100 % koreanischem Papier, das speziell f\u00fcr Projekte entwickelt wurde, die St\u00e4rke und Struktur erfordern. Seine 4-f\u00e4dige Konstruktion sorgt f\u00fcr eine glatte, gleichm\u00e4ssige Oberfl\u00e4che, w\u00e4hrend der Z-Dreh das Ausfransen oder Auftrennen beim H\u00e4keln verhindert und so ein angenehmes Arbeiten erm\u00f6glicht.<\/p>\n<p>Der Spinnprozess findet in Nakyangs eigener Produktionsst\u00e4tte in Gyeongsan, S\u00fcdkorea, nahe Daegu, einem ehemaligen Textilzentrum des Landes, statt. Der F\u00e4rbeprozess wird von Partnerunternehmen durchgef\u00fchrt, die sich in unmittelbarer N\u00e4he befinden und alle im Raum Gyeongsan und Daegu angesiedelt sind.<\/p>\n<p>Dass Spinnerei und F\u00e4rberei r\u00e4umlich nahe beieinander liegen, erm\u00f6glicht kurze Transportwege zwischen den einzelnen Produktionsschritten und unterst\u00fctzt einen effizienteren und lokal konzentrierten Herstellungsprozess.<\/p>\n<p>Dank seiner Papierzusammensetzung bietet Daol keine Elastizit\u00e4t, was es ideal f\u00fcr die Herstellung von K\u00f6rben, Taschen, H\u00fcten und anderen Gegenst\u00e4nden macht, die ihre Form behalten und dehnungsresistent sein m\u00fcssen. Diese fehlende Elastizit\u00e4t macht es jedoch weniger geeignet f\u00fcr tragbare Kleidungsst\u00fccke.<\/p>\n<p>Die abgebildete Maschenprobe wurde von Hand gewaschen und anschliessend mit Dampf geb\u00fcgelt.<\/p>\n<p>W\u00e4hle Daol f\u00fcr Projekte, bei denen St\u00e4rke, Struktur und ein einzigartiges Material den entscheidenden Unterschied machen.<\/p>\n<p><strong>Exklusiv erh\u00e4ltlich bei Swiss Crochet.<\/strong><\/p>\n<p><strong>Hinweis \u2013 10.04.2026:<\/strong> F\u00fcr Farben, die nur noch in geringer Menge verf\u00fcgbar oder derzeit nicht auf Lager sind: Dieses Garn wird in S\u00fcdkorea produziert, wo es gesponnen und gef\u00e4rbt wird. Aufgrund der aktuellen politischen Situation sind die Lieferzeiten ungewiss. Da die Lieferungen per Schiff erfolgen, kann die Wiederverf\u00fcgbarkeit etwa 2 Monate oder l\u00e4nger dauern.<\/p>\n<p>Das Garn wird sehr gleichm\u00e4ssig gef\u00e4rbt, ohne erkennbare Unterschiede zwischen den Farbpartien. Du kannst daher aktuelle und zuk\u00fcnftige Chargen problemlos miteinander kombinieren.<\/p>\n<p>Vielen Dank f\u00fcr deine Geduld.<\/p>\n","protected":false},"featured_media":3927,"template":"","meta":[],"product_brand":[],"product_cat":[226,1881],"product_tag":[],"class_list":{"0":"post-2748","1":"product","2":"type-product","3":"status-publish","4":"has-post-thumbnail","6":"product_cat-garne","7":"product_cat-garn-taschen-und-home-decor","8":"pa_y1-brand-nakyang-de","9":"pa_y17-yarn-weight-aran-de","10":"description-off","12":"first","13":"instock","14":"taxable","15":"shipping-taxable","16":"purchasable","17":"product-type-variable","18":"wvs-archive-product-wrapper"},"bundled_by":["16145","16154"],"bundle_stock_status":"instock","bundle_stock_quantity":null,"bundle_virtual":false,"bundle_layout":"","bundle_add_to_cart_form_location":"","bundle_editable_in_cart":false,"bundle_sold_individually_context":"","bundle_item_grouping":"","bundle_min_size":"","bundle_max_size":"","bundle_price":[],"bundled_items":[],"bundle_sell_ids":[],"yoast_head":"<!-- This site is optimized with the Yoast SEO plugin v27.5 - https:\/\/yoast.com\/product\/yoast-seo-wordpress\/ -->\n<title>Nakyang - Daol &#171; Swiss Crochet<\/title>\n<meta name=\"description\" content=\"Nakyang Daol - Einzigartiges 100% koreanisches Papiergewebe mit 4-f\u00e4diger Konstruktion und Z-Drehung. Perfekt f\u00fcr strukturierte Projekte wie K\u00f6rbe, Taschen und H\u00fcte.\" \/>\n<meta name=\"robots\" content=\"index, follow, max-snippet:-1, max-image-preview:large, max-video-preview:-1\" \/>\n<link rel=\"canonical\" href=\"https:\/\/www.swisscrochet.ch\/de\/produkt\/nakyang-daol\/\" \/>\n<meta property=\"og:locale\" content=\"de_DE\" \/>\n<meta property=\"og:type\" content=\"article\" \/>\n<meta property=\"og:title\" content=\"Nakyang - Daol &#171; Swiss Crochet\" \/>\n<meta property=\"og:description\" content=\"Nakyang Daol - Einzigartiges 100% koreanisches Papiergewebe mit 4-f\u00e4diger Konstruktion und Z-Drehung. Perfekt f\u00fcr strukturierte Projekte wie K\u00f6rbe, Taschen und H\u00fcte.\" \/>\n<meta property=\"og:url\" content=\"https:\/\/www.swisscrochet.ch\/de\/produkt\/nakyang-daol\/\" \/>\n<meta property=\"og:site_name\" content=\"Swiss Crochet\" \/>\n<meta property=\"article:modified_time\" content=\"2026-04-10T12:21:37+00:00\" \/>\n<meta property=\"og:image\" content=\"https:\/\/www.swisscrochet.ch\/wp-content\/uploads\/2025\/01\/Nakyang-Daol-Overview.jpg\" \/>\n\t<meta property=\"og:image:width\" content=\"1000\" \/>\n\t<meta property=\"og:image:height\" content=\"1000\" \/>\n\t<meta property=\"og:image:type\" content=\"image\/jpeg\" \/>\n<meta name=\"twitter:card\" content=\"summary_large_image\" \/>\n<meta name=\"twitter:label1\" content=\"Gesch\u00e4tzte Lesezeit\" \/>\n\t<meta name=\"twitter:data1\" content=\"1\u00a0Minute\" \/>\n<script type=\"application\/ld+json\" class=\"yoast-schema-graph\">{\"@context\":\"https:\\\/\\\/schema.org\",\"@graph\":[{\"@type\":[\"WebPage\",\"ItemPage\"],\"@id\":\"https:\\\/\\\/www.swisscrochet.ch\\\/de\\\/produkt\\\/nakyang-daol\\\/\",\"url\":\"https:\\\/\\\/www.swisscrochet.ch\\\/de\\\/produkt\\\/nakyang-daol\\\/\",\"name\":\"Nakyang - Daol &#171; Swiss Crochet\",\"isPartOf\":{\"@id\":\"https:\\\/\\\/www.swisscrochet.ch\\\/#website\"},\"primaryImageOfPage\":{\"@id\":\"https:\\\/\\\/www.swisscrochet.ch\\\/de\\\/produkt\\\/nakyang-daol\\\/#primaryimage\"},\"image\":{\"@id\":\"https:\\\/\\\/www.swisscrochet.ch\\\/de\\\/produkt\\\/nakyang-daol\\\/#primaryimage\"},\"thumbnailUrl\":\"https:\\\/\\\/www.swisscrochet.ch\\\/wp-content\\\/uploads\\\/2025\\\/01\\\/Nakyang-Daol-Overview.jpg\",\"datePublished\":\"2025-01-10T16:29:47+00:00\",\"dateModified\":\"2026-04-10T12:21:37+00:00\",\"description\":\"Nakyang Daol - Einzigartiges 100% koreanisches Papiergewebe mit 4-f\u00e4diger Konstruktion und Z-Drehung. Perfekt f\u00fcr strukturierte Projekte wie K\u00f6rbe, Taschen und H\u00fcte.\",\"breadcrumb\":{\"@id\":\"https:\\\/\\\/www.swisscrochet.ch\\\/de\\\/produkt\\\/nakyang-daol\\\/#breadcrumb\"},\"inLanguage\":\"de\",\"potentialAction\":[{\"@type\":\"ReadAction\",\"target\":[\"https:\\\/\\\/www.swisscrochet.ch\\\/de\\\/produkt\\\/nakyang-daol\\\/\"]}]},{\"@type\":\"ImageObject\",\"inLanguage\":\"de\",\"@id\":\"https:\\\/\\\/www.swisscrochet.ch\\\/de\\\/produkt\\\/nakyang-daol\\\/#primaryimage\",\"url\":\"https:\\\/\\\/www.swisscrochet.ch\\\/wp-content\\\/uploads\\\/2025\\\/01\\\/Nakyang-Daol-Overview.jpg\",\"contentUrl\":\"https:\\\/\\\/www.swisscrochet.ch\\\/wp-content\\\/uploads\\\/2025\\\/01\\\/Nakyang-Daol-Overview.jpg\",\"width\":1000,\"height\":1000},{\"@type\":\"BreadcrumbList\",\"@id\":\"https:\\\/\\\/www.swisscrochet.ch\\\/de\\\/produkt\\\/nakyang-daol\\\/#breadcrumb\",\"itemListElement\":[{\"@type\":\"ListItem\",\"position\":1,\"name\":\"Home\",\"item\":\"https:\\\/\\\/www.swisscrochet.ch\\\/de\\\/\"},{\"@type\":\"ListItem\",\"position\":2,\"name\":\"Shop\",\"item\":\"https:\\\/\\\/www.swisscrochet.ch\\\/de\\\/shop\\\/\"},{\"@type\":\"ListItem\",\"position\":3,\"name\":\"Nakyang &#8211; Daol\"}]},{\"@type\":\"WebSite\",\"@id\":\"https:\\\/\\\/www.swisscrochet.ch\\\/#website\",\"url\":\"https:\\\/\\\/www.swisscrochet.ch\\\/\",\"name\":\"Swiss Crochet\",\"description\":\"Entfalte dein kreatives Potenzial\",\"potentialAction\":[{\"@type\":\"SearchAction\",\"target\":{\"@type\":\"EntryPoint\",\"urlTemplate\":\"https:\\\/\\\/www.swisscrochet.ch\\\/?s={search_term_string}\"},\"query-input\":{\"@type\":\"PropertyValueSpecification\",\"valueRequired\":true,\"valueName\":\"search_term_string\"}}],\"inLanguage\":\"de\"}]}<\/script>\n<!-- \/ Yoast SEO plugin. -->","yoast_head_json":{"title":"Nakyang - Daol &#171; Swiss Crochet","description":"Nakyang Daol - Einzigartiges 100% koreanisches Papiergewebe mit 4-f\u00e4diger Konstruktion und Z-Drehung. Perfekt f\u00fcr strukturierte Projekte wie K\u00f6rbe, Taschen und H\u00fcte.","robots":{"index":"index","follow":"follow","max-snippet":"max-snippet:-1","max-image-preview":"max-image-preview:large","max-video-preview":"max-video-preview:-1"},"canonical":"https:\/\/www.swisscrochet.ch\/de\/produkt\/nakyang-daol\/","og_locale":"de_DE","og_type":"article","og_title":"Nakyang - Daol &#171; Swiss Crochet","og_description":"Nakyang Daol - Einzigartiges 100% koreanisches Papiergewebe mit 4-f\u00e4diger Konstruktion und Z-Drehung. Perfekt f\u00fcr strukturierte Projekte wie K\u00f6rbe, Taschen und H\u00fcte.","og_url":"https:\/\/www.swisscrochet.ch\/de\/produkt\/nakyang-daol\/","og_site_name":"Swiss Crochet","article_modified_time":"2026-04-10T12:21:37+00:00","og_image":[{"width":1000,"height":1000,"url":"https:\/\/www.swisscrochet.ch\/wp-content\/uploads\/2025\/01\/Nakyang-Daol-Overview.jpg","type":"image\/jpeg"}],"twitter_card":"summary_large_image","twitter_misc":{"Gesch\u00e4tzte Lesezeit":"1\u00a0Minute"},"schema":{"@context":"https:\/\/schema.org","@graph":[{"@type":["WebPage","ItemPage"],"@id":"https:\/\/www.swisscrochet.ch\/de\/produkt\/nakyang-daol\/","url":"https:\/\/www.swisscrochet.ch\/de\/produkt\/nakyang-daol\/","name":"Nakyang - Daol &#171; Swiss Crochet","isPartOf":{"@id":"https:\/\/www.swisscrochet.ch\/#website"},"primaryImageOfPage":{"@id":"https:\/\/www.swisscrochet.ch\/de\/produkt\/nakyang-daol\/#primaryimage"},"image":{"@id":"https:\/\/www.swisscrochet.ch\/de\/produkt\/nakyang-daol\/#primaryimage"},"thumbnailUrl":"https:\/\/www.swisscrochet.ch\/wp-content\/uploads\/2025\/01\/Nakyang-Daol-Overview.jpg","datePublished":"2025-01-10T16:29:47+00:00","dateModified":"2026-04-10T12:21:37+00:00","description":"Nakyang Daol - Einzigartiges 100% koreanisches Papiergewebe mit 4-f\u00e4diger Konstruktion und Z-Drehung. Perfekt f\u00fcr strukturierte Projekte wie K\u00f6rbe, Taschen und H\u00fcte.","breadcrumb":{"@id":"https:\/\/www.swisscrochet.ch\/de\/produkt\/nakyang-daol\/#breadcrumb"},"inLanguage":"de","potentialAction":[{"@type":"ReadAction","target":["https:\/\/www.swisscrochet.ch\/de\/produkt\/nakyang-daol\/"]}]},{"@type":"ImageObject","inLanguage":"de","@id":"https:\/\/www.swisscrochet.ch\/de\/produkt\/nakyang-daol\/#primaryimage","url":"https:\/\/www.swisscrochet.ch\/wp-content\/uploads\/2025\/01\/Nakyang-Daol-Overview.jpg","contentUrl":"https:\/\/www.swisscrochet.ch\/wp-content\/uploads\/2025\/01\/Nakyang-Daol-Overview.jpg","width":1000,"height":1000},{"@type":"BreadcrumbList","@id":"https:\/\/www.swisscrochet.ch\/de\/produkt\/nakyang-daol\/#breadcrumb","itemListElement":[{"@type":"ListItem","position":1,"name":"Home","item":"https:\/\/www.swisscrochet.ch\/de\/"},{"@type":"ListItem","position":2,"name":"Shop","item":"https:\/\/www.swisscrochet.ch\/de\/shop\/"},{"@type":"ListItem","position":3,"name":"Nakyang &#8211; Daol"}]},{"@type":"WebSite","@id":"https:\/\/www.swisscrochet.ch\/#website","url":"https:\/\/www.swisscrochet.ch\/","name":"Swiss Crochet","description":"Entfalte dein kreatives Potenzial","potentialAction":[{"@type":"SearchAction","target":{"@type":"EntryPoint","urlTemplate":"https:\/\/www.swisscrochet.ch\/?s={search_term_string}"},"query-input":{"@type":"PropertyValueSpecification","valueRequired":true,"valueName":"search_term_string"}}],"inLanguage":"de"}]}},"_links":{"self":[{"href":"https:\/\/www.swisscrochet.ch\/de\/wp-json\/wp\/v2\/product\/2748","targetHints":{"allow":["GET"]}}],"collection":[{"href":"https:\/\/www.swisscrochet.ch\/de\/wp-json\/wp\/v2\/product"}],"about":[{"href":"https:\/\/www.swisscrochet.ch\/de\/wp-json\/wp\/v2\/types\/product"}],"wp:featuredmedia":[{"embeddable":true,"href":"https:\/\/www.swisscrochet.ch\/de\/wp-json\/wp\/v2\/media\/3927"}],"wp:attachment":[{"href":"https:\/\/www.swisscrochet.ch\/de\/wp-json\/wp\/v2\/media?parent=2748"}],"wp:term":[{"taxonomy":"product_brand","embeddable":true,"href":"https:\/\/www.swisscrochet.ch\/de\/wp-json\/wp\/v2\/product_brand?post=2748"},{"taxonomy":"product_cat","embeddable":true,"href":"https:\/\/www.swisscrochet.ch\/de\/wp-json\/wp\/v2\/product_cat?post=2748"},{"taxonomy":"product_tag","embeddable":true,"href":"https:\/\/www.swisscrochet.ch\/de\/wp-json\/wp\/v2\/product_tag?post=2748"}],"curies":[{"name":"wp","href":"https:\/\/api.w.org\/{rel}","templated":true}]}}