{"id":28052,"date":"2026-03-18T20:00:38","date_gmt":"2026-03-18T19:00:38","guid":{"rendered":"https:\/\/www.swisscrochet.ch\/product\/margaritari-yarn-kit\/"},"modified":"2026-03-18T20:27:15","modified_gmt":"2026-03-18T19:27:15","slug":"margaritari-garnkit","status":"publish","type":"product","link":"https:\/\/www.swisscrochet.ch\/de\/produkt\/margaritari-garnkit\/","title":{"rendered":"Margaritari &#8211; Garnkit"},"content":{"rendered":"","protected":false},"excerpt":{"rendered":"<p>Lerne Margaritari kennen \u2013 ein wundersch\u00f6nes sommerliches H\u00e4kel-Top mit eckigem Ausschnitt und klarer Silhouette. Gefertigt aus einer luxuri\u00f6sen Mischung aus Seide, Leinen und Merino \u00fcberzeugt es mit einem feinen Glanz und einem wunderbaren Fall. Margaritari ist mit viel Liebe zum Detail entworfen und bietet ein angenehm zu tragendes H\u00e4kel-Top, das schnell zu einem festen Bestandteil deiner Garderobe wird.<\/p>\n<p>Der K\u00f6rper ist mit einer leichten Taillierung gearbeitet und sorgt f\u00fcr eine bequeme Passform. Die Seitenn\u00e4hte geben Stabilit\u00e4t und verhindern, dass sich das Garn beim Tragen zu stark dehnt. Die grossz\u00fcgigen Armausschnitte halten dich angenehm k\u00fchl, ohne zu viel preiszugeben. Die breiten Tr\u00e4ger sorgen f\u00fcr Komfort und verhindern ein Verrutschen.<\/p>\n<p>Margaritari bedeutet \u201ePerle\u201c auf Griechisch.<\/p>\n<p>Das gezeigte Modell ist in Gr\u00f6sse M gearbeitet und verwendet ca. 220 g Garn (3 Kn\u00e4uel Susurro).<\/p>\n<p>Gr\u00f6ssen: XS(S, M, L, 1X, 2X, 3X, 4X, 5X)<\/p>\n<p>Passend f\u00fcr Brustumfang: 75(85, 95, 105, 115, 125, 135, 145, 155) cm \/ 30(34, 38, 42, 46, 50, 54, 58, 62) Zoll<\/p>\n<p><strong>Gesch\u00e4tzter Garnverbrauch pro Gr\u00f6sse:<\/strong><\/p>\n<ul>\n<li>Gr\u00f6sse XS : 2 Kn\u00e4uel<\/li>\n<li>Gr\u00f6sse S: 2 Kn\u00e4uel<\/li>\n<li>Gr\u00f6sse M: 3 Kn\u00e4uel<\/li>\n<li>Gr\u00f6sse L: 3 Kn\u00e4uel<\/li>\n<li>Gr\u00f6sse 1X: 4 Kn\u00e4uel<\/li>\n<li>Gr\u00f6sse 2X: 4 Kn\u00e4uel<\/li>\n<li>Gr\u00f6sse 3X: 5 Kn\u00e4uel<\/li>\n<li>Gr\u00f6sse 4X: 5 Kn\u00e4uel<\/li>\n<li>Gr\u00f6sse 5X: 6 Kn\u00e4uel<\/li>\n<\/ul>\n<p><strong>Das Kit enth\u00e4lt:<\/strong><\/p>\n<ul>\n<li>eine digitale Version der <a href=\"https:\/\/www.ravelry.com\/patterns\/library\/margaritari\">Margaritari<\/a>-Anleitung (verf\u00fcgbar auf Englisch)<\/li>\n<li>Die ben\u00f6tigte Anzahl an Kn\u00e4ueln Susurro in deiner gew\u00e4hlten Farbe, basierend auf der gew\u00e4hlten Gr\u00f6sse<\/li>\n<\/ul>\n<p>&#8211;&gt; F\u00fcr zus\u00e4tzlichen Komfort kannst du auch eine 3.00 mm H\u00e4kelnadel zum Kit hinzuf\u00fcgen.<\/p>\n<p>Alles, was du brauchst, um dein n\u00e4chstes Lieblingsprojekt zu starten \u2013 einfach, stilvoll und inspirierend.<\/p>\n","protected":false},"featured_media":27974,"template":"","meta":[],"product_brand":[],"product_cat":[332,1672],"product_tag":[],"class_list":{"0":"post-28052","1":"product","2":"type-product","3":"status-publish","4":"has-post-thumbnail","6":"product_cat-garnkits","7":"product_cat-garnkits-kleidungsstuecke","8":"description-off","10":"first","11":"instock","12":"virtual","13":"taxable","14":"purchasable","15":"product-type-bundle"},"bundled_by":[],"bundle_stock_status":"instock","bundle_stock_quantity":62,"bundle_virtual":false,"bundle_layout":"default","bundle_add_to_cart_form_location":"default","bundle_editable_in_cart":false,"bundle_sold_individually_context":"product","bundle_item_grouping":"parent","bundle_min_size":"","bundle_max_size":"","bundle_price":{"price":{"min":{"incl_tax":"67","excl_tax":"61.98"},"max":{"incl_tax":"","excl_tax":""}},"regular_price":{"min":{"incl_tax":"67","excl_tax":"61.98"},"max":{"incl_tax":"","excl_tax":""}}},"bundled_items":[{"bundled_item_id":1050,"product_id":27279,"menu_order":0,"quantity_min":2,"quantity_max":"","quantity_default":2,"priced_individually":true,"shipped_individually":false,"override_title":false,"title":"Malabrigo &#8211; Susurro","override_description":true,"description":"W\u00e4hle die Anzahl der Kn\u00e4uel basierend auf deiner Gr\u00f6sse:\r\n<ul>\r\n \t<li>Gr\u00f6sse XS : 2 Kn\u00e4uel<\/li>\r\n \t<li>Gr\u00f6sse S: 2 Kn\u00e4uel<\/li>\r\n \t<li>Gr\u00f6sse M: 3 Kn\u00e4uel<\/li>\r\n \t<li>Gr\u00f6sse L: 3 Kn\u00e4uel<\/li>\r\n \t<li>Gr\u00f6sse 1X: 4 Kn\u00e4uel<\/li>\r\n \t<li>Gr\u00f6sse 2X: 4 Kn\u00e4uel<\/li>\r\n        <li>Gr\u00f6sse 3X: 5 Kn\u00e4uel<\/li>\r\n        <li>Gr\u00f6sse 4X: 5 Kn\u00e4uel<\/li>\r\n        <li>Gr\u00f6sse 5X: 6 Kn\u00e4uel<\/li>\r\n<\/ul>","optional":false,"hide_thumbnail":false,"discount":"","override_variations":false,"allowed_variations":[""],"override_default_variation_attributes":false,"default_variation_attributes":[],"single_product_visibility":"visible","cart_visibility":"visible","order_visibility":"visible","single_product_price_visibility":"visible","cart_price_visibility":"visible","order_price_visibility":"visible","stock_status":"in_stock"},{"bundled_item_id":1051,"product_id":3514,"menu_order":1,"quantity_min":1,"quantity_max":1,"quantity_default":1,"priced_individually":true,"shipped_individually":false,"override_title":false,"title":"Tulip &#8211; Etimo Red &#8211; H\u00e4kelnadel mit weichem Griff","override_description":true,"description":"","optional":true,"hide_thumbnail":false,"discount":"","override_variations":true,"allowed_variations":[3519],"override_default_variation_attributes":true,"default_variation_attributes":[{"id":0,"name":"Size","option":"3.00 mm"}],"single_product_visibility":"visible","cart_visibility":"visible","order_visibility":"visible","single_product_price_visibility":"visible","cart_price_visibility":"visible","order_price_visibility":"visible","stock_status":"in_stock"},{"bundled_item_id":1301,"product_id":29661,"menu_order":1,"quantity_min":1,"quantity_max":1,"quantity_default":1,"priced_individually":true,"shipped_individually":true,"override_title":false,"title":"\u00dcber den Traum &#8211; Margaritari","override_description":false,"description":"\u00dcber den Traum &#8211; Margaritari","optional":false,"hide_thumbnail":false,"discount":"","override_variations":false,"allowed_variations":[""],"override_default_variation_attributes":false,"default_variation_attributes":[],"single_product_visibility":"hidden","cart_visibility":"visible","order_visibility":"visible","single_product_price_visibility":"visible","cart_price_visibility":"visible","order_price_visibility":"visible","stock_status":"in_stock"}],"bundle_sell_ids":[],"yoast_head":"<!-- This site is optimized with the Yoast SEO plugin v27.5 - https:\/\/yoast.com\/product\/yoast-seo-wordpress\/ -->\n<title>Margaritari - Garnkit &#171; Swiss Crochet<\/title>\n<meta name=\"description\" content=\"Margaritari H\u00e4kel-Top Kit mit Malabrigo Susurro Garn. Elegantes Sommerdesign mit eckigem Ausschnitt und weichem Fall. Gr\u00f6ssen XS\u20135X, PDF-Anleitung inklusive.\" \/>\n<meta name=\"robots\" content=\"index, follow, max-snippet:-1, max-image-preview:large, max-video-preview:-1\" \/>\n<link rel=\"canonical\" href=\"https:\/\/www.swisscrochet.ch\/de\/produkt\/margaritari-garnkit\/\" \/>\n<meta property=\"og:locale\" content=\"de_DE\" \/>\n<meta property=\"og:type\" content=\"article\" \/>\n<meta property=\"og:title\" content=\"Margaritari - Garnkit &#171; Swiss Crochet\" \/>\n<meta property=\"og:description\" content=\"Margaritari H\u00e4kel-Top Kit mit Malabrigo Susurro Garn. Elegantes Sommerdesign mit eckigem Ausschnitt und weichem Fall. Gr\u00f6ssen XS\u20135X, PDF-Anleitung inklusive.\" \/>\n<meta property=\"og:url\" content=\"https:\/\/www.swisscrochet.ch\/de\/produkt\/margaritari-garnkit\/\" \/>\n<meta property=\"og:site_name\" content=\"Swiss Crochet\" \/>\n<meta property=\"article:modified_time\" content=\"2026-03-18T19:27:15+00:00\" \/>\n<meta property=\"og:image\" content=\"https:\/\/www.swisscrochet.ch\/wp-content\/uploads\/2026\/03\/Margaritari-Sample-Front.jpg\" \/>\n\t<meta property=\"og:image:width\" content=\"1100\" \/>\n\t<meta property=\"og:image:height\" content=\"1100\" \/>\n\t<meta property=\"og:image:type\" content=\"image\/jpeg\" \/>\n<meta name=\"twitter:card\" content=\"summary_large_image\" \/>\n<meta name=\"twitter:label1\" content=\"Gesch\u00e4tzte Lesezeit\" \/>\n\t<meta name=\"twitter:data1\" content=\"1\u00a0Minute\" \/>\n<script type=\"application\/ld+json\" class=\"yoast-schema-graph\">{\"@context\":\"https:\\\/\\\/schema.org\",\"@graph\":[{\"@type\":[\"WebPage\",\"ItemPage\"],\"@id\":\"https:\\\/\\\/www.swisscrochet.ch\\\/de\\\/produkt\\\/margaritari-garnkit\\\/\",\"url\":\"https:\\\/\\\/www.swisscrochet.ch\\\/de\\\/produkt\\\/margaritari-garnkit\\\/\",\"name\":\"Margaritari - Garnkit &#171; Swiss Crochet\",\"isPartOf\":{\"@id\":\"https:\\\/\\\/www.swisscrochet.ch\\\/#website\"},\"primaryImageOfPage\":{\"@id\":\"https:\\\/\\\/www.swisscrochet.ch\\\/de\\\/produkt\\\/margaritari-garnkit\\\/#primaryimage\"},\"image\":{\"@id\":\"https:\\\/\\\/www.swisscrochet.ch\\\/de\\\/produkt\\\/margaritari-garnkit\\\/#primaryimage\"},\"thumbnailUrl\":\"https:\\\/\\\/www.swisscrochet.ch\\\/wp-content\\\/uploads\\\/2026\\\/03\\\/Margaritari-Sample-Front.jpg\",\"datePublished\":\"2026-03-18T19:00:38+00:00\",\"dateModified\":\"2026-03-18T19:27:15+00:00\",\"description\":\"Margaritari H\u00e4kel-Top Kit mit Malabrigo Susurro Garn. Elegantes Sommerdesign mit eckigem Ausschnitt und weichem Fall. Gr\u00f6ssen XS\u20135X, PDF-Anleitung inklusive.\",\"breadcrumb\":{\"@id\":\"https:\\\/\\\/www.swisscrochet.ch\\\/de\\\/produkt\\\/margaritari-garnkit\\\/#breadcrumb\"},\"inLanguage\":\"de\",\"potentialAction\":[{\"@type\":\"ReadAction\",\"target\":[\"https:\\\/\\\/www.swisscrochet.ch\\\/de\\\/produkt\\\/margaritari-garnkit\\\/\"]}]},{\"@type\":\"ImageObject\",\"inLanguage\":\"de\",\"@id\":\"https:\\\/\\\/www.swisscrochet.ch\\\/de\\\/produkt\\\/margaritari-garnkit\\\/#primaryimage\",\"url\":\"https:\\\/\\\/www.swisscrochet.ch\\\/wp-content\\\/uploads\\\/2026\\\/03\\\/Margaritari-Sample-Front.jpg\",\"contentUrl\":\"https:\\\/\\\/www.swisscrochet.ch\\\/wp-content\\\/uploads\\\/2026\\\/03\\\/Margaritari-Sample-Front.jpg\",\"width\":1100,\"height\":1100},{\"@type\":\"BreadcrumbList\",\"@id\":\"https:\\\/\\\/www.swisscrochet.ch\\\/de\\\/produkt\\\/margaritari-garnkit\\\/#breadcrumb\",\"itemListElement\":[{\"@type\":\"ListItem\",\"position\":1,\"name\":\"Home\",\"item\":\"https:\\\/\\\/www.swisscrochet.ch\\\/de\\\/\"},{\"@type\":\"ListItem\",\"position\":2,\"name\":\"Shop\",\"item\":\"https:\\\/\\\/www.swisscrochet.ch\\\/de\\\/shop\\\/\"},{\"@type\":\"ListItem\",\"position\":3,\"name\":\"Margaritari &#8211; Garnkit\"}]},{\"@type\":\"WebSite\",\"@id\":\"https:\\\/\\\/www.swisscrochet.ch\\\/#website\",\"url\":\"https:\\\/\\\/www.swisscrochet.ch\\\/\",\"name\":\"Swiss Crochet\",\"description\":\"Entfalte dein kreatives Potenzial\",\"potentialAction\":[{\"@type\":\"SearchAction\",\"target\":{\"@type\":\"EntryPoint\",\"urlTemplate\":\"https:\\\/\\\/www.swisscrochet.ch\\\/?s={search_term_string}\"},\"query-input\":{\"@type\":\"PropertyValueSpecification\",\"valueRequired\":true,\"valueName\":\"search_term_string\"}}],\"inLanguage\":\"de\"}]}<\/script>\n<!-- \/ Yoast SEO plugin. -->","yoast_head_json":{"title":"Margaritari - Garnkit &#171; Swiss Crochet","description":"Margaritari H\u00e4kel-Top Kit mit Malabrigo Susurro Garn. Elegantes Sommerdesign mit eckigem Ausschnitt und weichem Fall. Gr\u00f6ssen XS\u20135X, PDF-Anleitung inklusive.","robots":{"index":"index","follow":"follow","max-snippet":"max-snippet:-1","max-image-preview":"max-image-preview:large","max-video-preview":"max-video-preview:-1"},"canonical":"https:\/\/www.swisscrochet.ch\/de\/produkt\/margaritari-garnkit\/","og_locale":"de_DE","og_type":"article","og_title":"Margaritari - Garnkit &#171; Swiss Crochet","og_description":"Margaritari H\u00e4kel-Top Kit mit Malabrigo Susurro Garn. Elegantes Sommerdesign mit eckigem Ausschnitt und weichem Fall. Gr\u00f6ssen XS\u20135X, PDF-Anleitung inklusive.","og_url":"https:\/\/www.swisscrochet.ch\/de\/produkt\/margaritari-garnkit\/","og_site_name":"Swiss Crochet","article_modified_time":"2026-03-18T19:27:15+00:00","og_image":[{"width":1100,"height":1100,"url":"https:\/\/www.swisscrochet.ch\/wp-content\/uploads\/2026\/03\/Margaritari-Sample-Front.jpg","type":"image\/jpeg"}],"twitter_card":"summary_large_image","twitter_misc":{"Gesch\u00e4tzte Lesezeit":"1\u00a0Minute"},"schema":{"@context":"https:\/\/schema.org","@graph":[{"@type":["WebPage","ItemPage"],"@id":"https:\/\/www.swisscrochet.ch\/de\/produkt\/margaritari-garnkit\/","url":"https:\/\/www.swisscrochet.ch\/de\/produkt\/margaritari-garnkit\/","name":"Margaritari - Garnkit &#171; Swiss Crochet","isPartOf":{"@id":"https:\/\/www.swisscrochet.ch\/#website"},"primaryImageOfPage":{"@id":"https:\/\/www.swisscrochet.ch\/de\/produkt\/margaritari-garnkit\/#primaryimage"},"image":{"@id":"https:\/\/www.swisscrochet.ch\/de\/produkt\/margaritari-garnkit\/#primaryimage"},"thumbnailUrl":"https:\/\/www.swisscrochet.ch\/wp-content\/uploads\/2026\/03\/Margaritari-Sample-Front.jpg","datePublished":"2026-03-18T19:00:38+00:00","dateModified":"2026-03-18T19:27:15+00:00","description":"Margaritari H\u00e4kel-Top Kit mit Malabrigo Susurro Garn. Elegantes Sommerdesign mit eckigem Ausschnitt und weichem Fall. Gr\u00f6ssen XS\u20135X, PDF-Anleitung inklusive.","breadcrumb":{"@id":"https:\/\/www.swisscrochet.ch\/de\/produkt\/margaritari-garnkit\/#breadcrumb"},"inLanguage":"de","potentialAction":[{"@type":"ReadAction","target":["https:\/\/www.swisscrochet.ch\/de\/produkt\/margaritari-garnkit\/"]}]},{"@type":"ImageObject","inLanguage":"de","@id":"https:\/\/www.swisscrochet.ch\/de\/produkt\/margaritari-garnkit\/#primaryimage","url":"https:\/\/www.swisscrochet.ch\/wp-content\/uploads\/2026\/03\/Margaritari-Sample-Front.jpg","contentUrl":"https:\/\/www.swisscrochet.ch\/wp-content\/uploads\/2026\/03\/Margaritari-Sample-Front.jpg","width":1100,"height":1100},{"@type":"BreadcrumbList","@id":"https:\/\/www.swisscrochet.ch\/de\/produkt\/margaritari-garnkit\/#breadcrumb","itemListElement":[{"@type":"ListItem","position":1,"name":"Home","item":"https:\/\/www.swisscrochet.ch\/de\/"},{"@type":"ListItem","position":2,"name":"Shop","item":"https:\/\/www.swisscrochet.ch\/de\/shop\/"},{"@type":"ListItem","position":3,"name":"Margaritari &#8211; Garnkit"}]},{"@type":"WebSite","@id":"https:\/\/www.swisscrochet.ch\/#website","url":"https:\/\/www.swisscrochet.ch\/","name":"Swiss Crochet","description":"Entfalte dein kreatives Potenzial","potentialAction":[{"@type":"SearchAction","target":{"@type":"EntryPoint","urlTemplate":"https:\/\/www.swisscrochet.ch\/?s={search_term_string}"},"query-input":{"@type":"PropertyValueSpecification","valueRequired":true,"valueName":"search_term_string"}}],"inLanguage":"de"}]}},"_links":{"self":[{"href":"https:\/\/www.swisscrochet.ch\/de\/wp-json\/wp\/v2\/product\/28052","targetHints":{"allow":["GET"]}}],"collection":[{"href":"https:\/\/www.swisscrochet.ch\/de\/wp-json\/wp\/v2\/product"}],"about":[{"href":"https:\/\/www.swisscrochet.ch\/de\/wp-json\/wp\/v2\/types\/product"}],"wp:featuredmedia":[{"embeddable":true,"href":"https:\/\/www.swisscrochet.ch\/de\/wp-json\/wp\/v2\/media\/27974"}],"wp:attachment":[{"href":"https:\/\/www.swisscrochet.ch\/de\/wp-json\/wp\/v2\/media?parent=28052"}],"wp:term":[{"taxonomy":"product_brand","embeddable":true,"href":"https:\/\/www.swisscrochet.ch\/de\/wp-json\/wp\/v2\/product_brand?post=28052"},{"taxonomy":"product_cat","embeddable":true,"href":"https:\/\/www.swisscrochet.ch\/de\/wp-json\/wp\/v2\/product_cat?post=28052"},{"taxonomy":"product_tag","embeddable":true,"href":"https:\/\/www.swisscrochet.ch\/de\/wp-json\/wp\/v2\/product_tag?post=28052"}],"curies":[{"name":"wp","href":"https:\/\/api.w.org\/{rel}","templated":true}]}}