{"id":28222,"date":"2026-03-25T19:35:59","date_gmt":"2026-03-25T18:35:59","guid":{"rendered":"https:\/\/www.swisscrochet.ch\/product\/sarah-hearts-woven-labels\/"},"modified":"2026-03-25T19:41:21","modified_gmt":"2026-03-25T18:41:21","slug":"sarah-hearts-gewebte-labels","status":"publish","type":"product","link":"https:\/\/www.swisscrochet.ch\/de\/produkt\/sarah-hearts-gewebte-labels\/","title":{"rendered":"Sarah Hearts \u2013 Gewebte Labels"},"content":{"rendered":"","protected":false},"excerpt":{"rendered":"<p>Verleihe deinen handgemachten Projekten den letzten Schliff mit diesen gewebten Labels von Sarah Hearts. Sie sind daf\u00fcr gedacht, auf deine H\u00e4kelprojekte aufgen\u00e4ht zu werden und verleihen Kleidungsst\u00fccken, Accessoires und Geschenken Pers\u00f6nlichkeit sowie ein professionelles Detail.<\/p>\n<p>Erh\u00e4ltlich in verschiedenen Formaten und verspielten Designs, machen es diese Labels einfach, deine Kreationen zu personalisieren. Sie sind besonders weich und niemals kratzig, sodass sie auch auf Kleidungsst\u00fccken angenehm sind, die direkt auf der Haut getragen werden.<\/p>\n<p>F\u00fcr den t\u00e4glichen Gebrauch gemacht, sind die Labels vollst\u00e4ndig waschbar und behalten auch im Trockner ihre Form und Qualit\u00e4t.<\/p>\n<p>Details<br \/>\n\u2013 Verkauft im Set mit 8 Labels<br \/>\n\u2013 Weiches, gewebtes Material, angenehm auf der Haut<br \/>\n\u2013 Maschinenwaschbar und trocknergeeignet<br \/>\n\u2013 OEKO-TEX\u00ae Standard 100 zertifiziert<br \/>\n\u2013 Ethisch hergestellt in China  <\/p>\n<p>Ein kleines Detail, das deinen handgemachten Projekten Charakter, Sorgfalt und eine pers\u00f6nliche Signatur verleiht.<\/p>\n","protected":false},"featured_media":26699,"template":"","meta":[],"product_brand":[],"product_cat":[2041,220],"product_tag":[],"class_list":{"0":"post-28222","1":"product","2":"type-product","3":"status-publish","4":"has-post-thumbnail","6":"product_cat-hakel-goodies","7":"product_cat-hakelnadeln-und-zubehor","8":"product_shipping_class-kleinsendungen","9":"pa_t1-manufacturer-sarah-hearts","10":"description-off","12":"first","13":"instock","14":"taxable","15":"shipping-taxable","16":"purchasable","17":"product-type-variable","18":"wvs-archive-product-wrapper"},"bundled_by":[],"bundle_stock_status":"instock","bundle_stock_quantity":null,"bundle_virtual":false,"bundle_layout":"","bundle_add_to_cart_form_location":"","bundle_editable_in_cart":false,"bundle_sold_individually_context":"","bundle_item_grouping":"","bundle_min_size":"","bundle_max_size":"","bundle_price":[],"bundled_items":[],"bundle_sell_ids":[],"yoast_head":"<!-- This site is optimized with the Yoast SEO plugin v27.3 - https:\/\/yoast.com\/product\/yoast-seo-wordpress\/ -->\n<title>Sarah Hearts \u2013 Gewebte Labels &#171; Swiss Crochet<\/title>\n<meta name=\"description\" content=\"Sarah Hearts gewebte Labels f\u00fcr H\u00e4kelprojekte. Weiche, waschbare und OEKO-TEX zertifizierte Labels in verspielten Designs. Packung mit 8 St\u00fcck.\" \/>\n<meta name=\"robots\" content=\"index, follow, max-snippet:-1, max-image-preview:large, max-video-preview:-1\" \/>\n<link rel=\"canonical\" href=\"https:\/\/www.swisscrochet.ch\/de\/produkt\/sarah-hearts-gewebte-labels\/\" \/>\n<meta property=\"og:locale\" content=\"de_DE\" \/>\n<meta property=\"og:type\" content=\"article\" \/>\n<meta property=\"og:title\" content=\"Sarah Hearts \u2013 Gewebte Labels &#171; Swiss Crochet\" \/>\n<meta property=\"og:description\" content=\"Sarah Hearts gewebte Labels f\u00fcr H\u00e4kelprojekte. Weiche, waschbare und OEKO-TEX zertifizierte Labels in verspielten Designs. Packung mit 8 St\u00fcck.\" \/>\n<meta property=\"og:url\" content=\"https:\/\/www.swisscrochet.ch\/de\/produkt\/sarah-hearts-gewebte-labels\/\" \/>\n<meta property=\"og:site_name\" content=\"Swiss Crochet\" \/>\n<meta property=\"article:modified_time\" content=\"2026-03-25T18:41:21+00:00\" \/>\n<meta property=\"og:image\" content=\"https:\/\/www.swisscrochet.ch\/wp-content\/uploads\/2026\/03\/Sarah-Hearts-Woven-Labels-Overview.jpg\" \/>\n\t<meta property=\"og:image:width\" content=\"1000\" \/>\n\t<meta property=\"og:image:height\" content=\"1000\" \/>\n\t<meta property=\"og:image:type\" content=\"image\/jpeg\" \/>\n<meta name=\"twitter:card\" content=\"summary_large_image\" \/>\n<meta name=\"twitter:label1\" content=\"Gesch\u00e4tzte Lesezeit\" \/>\n\t<meta name=\"twitter:data1\" content=\"1\u00a0Minute\" \/>\n<script type=\"application\/ld+json\" class=\"yoast-schema-graph\">{\"@context\":\"https:\\\/\\\/schema.org\",\"@graph\":[{\"@type\":[\"WebPage\",\"ItemPage\"],\"@id\":\"https:\\\/\\\/www.swisscrochet.ch\\\/de\\\/produkt\\\/sarah-hearts-gewebte-labels\\\/\",\"url\":\"https:\\\/\\\/www.swisscrochet.ch\\\/de\\\/produkt\\\/sarah-hearts-gewebte-labels\\\/\",\"name\":\"Sarah Hearts \u2013 Gewebte Labels &#171; Swiss Crochet\",\"isPartOf\":{\"@id\":\"https:\\\/\\\/www.swisscrochet.ch\\\/#website\"},\"primaryImageOfPage\":{\"@id\":\"https:\\\/\\\/www.swisscrochet.ch\\\/de\\\/produkt\\\/sarah-hearts-gewebte-labels\\\/#primaryimage\"},\"image\":{\"@id\":\"https:\\\/\\\/www.swisscrochet.ch\\\/de\\\/produkt\\\/sarah-hearts-gewebte-labels\\\/#primaryimage\"},\"thumbnailUrl\":\"https:\\\/\\\/www.swisscrochet.ch\\\/wp-content\\\/uploads\\\/2026\\\/03\\\/Sarah-Hearts-Woven-Labels-Overview.jpg\",\"datePublished\":\"2026-03-25T18:35:59+00:00\",\"dateModified\":\"2026-03-25T18:41:21+00:00\",\"description\":\"Sarah Hearts gewebte Labels f\u00fcr H\u00e4kelprojekte. Weiche, waschbare und OEKO-TEX zertifizierte Labels in verspielten Designs. Packung mit 8 St\u00fcck.\",\"breadcrumb\":{\"@id\":\"https:\\\/\\\/www.swisscrochet.ch\\\/de\\\/produkt\\\/sarah-hearts-gewebte-labels\\\/#breadcrumb\"},\"inLanguage\":\"de\",\"potentialAction\":[{\"@type\":\"ReadAction\",\"target\":[\"https:\\\/\\\/www.swisscrochet.ch\\\/de\\\/produkt\\\/sarah-hearts-gewebte-labels\\\/\"]}]},{\"@type\":\"ImageObject\",\"inLanguage\":\"de\",\"@id\":\"https:\\\/\\\/www.swisscrochet.ch\\\/de\\\/produkt\\\/sarah-hearts-gewebte-labels\\\/#primaryimage\",\"url\":\"https:\\\/\\\/www.swisscrochet.ch\\\/wp-content\\\/uploads\\\/2026\\\/03\\\/Sarah-Hearts-Woven-Labels-Overview.jpg\",\"contentUrl\":\"https:\\\/\\\/www.swisscrochet.ch\\\/wp-content\\\/uploads\\\/2026\\\/03\\\/Sarah-Hearts-Woven-Labels-Overview.jpg\",\"width\":1000,\"height\":1000},{\"@type\":\"BreadcrumbList\",\"@id\":\"https:\\\/\\\/www.swisscrochet.ch\\\/de\\\/produkt\\\/sarah-hearts-gewebte-labels\\\/#breadcrumb\",\"itemListElement\":[{\"@type\":\"ListItem\",\"position\":1,\"name\":\"Home\",\"item\":\"https:\\\/\\\/www.swisscrochet.ch\\\/de\\\/\"},{\"@type\":\"ListItem\",\"position\":2,\"name\":\"Shop\",\"item\":\"https:\\\/\\\/www.swisscrochet.ch\\\/de\\\/shop\\\/\"},{\"@type\":\"ListItem\",\"position\":3,\"name\":\"Sarah Hearts \u2013 Gewebte Labels\"}]},{\"@type\":\"WebSite\",\"@id\":\"https:\\\/\\\/www.swisscrochet.ch\\\/#website\",\"url\":\"https:\\\/\\\/www.swisscrochet.ch\\\/\",\"name\":\"Swiss Crochet\",\"description\":\"Entfalte dein kreatives Potenzial\",\"potentialAction\":[{\"@type\":\"SearchAction\",\"target\":{\"@type\":\"EntryPoint\",\"urlTemplate\":\"https:\\\/\\\/www.swisscrochet.ch\\\/?s={search_term_string}\"},\"query-input\":{\"@type\":\"PropertyValueSpecification\",\"valueRequired\":true,\"valueName\":\"search_term_string\"}}],\"inLanguage\":\"de\"}]}<\/script>\n<!-- \/ Yoast SEO plugin. -->","yoast_head_json":{"title":"Sarah Hearts \u2013 Gewebte Labels &#171; Swiss Crochet","description":"Sarah Hearts gewebte Labels f\u00fcr H\u00e4kelprojekte. Weiche, waschbare und OEKO-TEX zertifizierte Labels in verspielten Designs. Packung mit 8 St\u00fcck.","robots":{"index":"index","follow":"follow","max-snippet":"max-snippet:-1","max-image-preview":"max-image-preview:large","max-video-preview":"max-video-preview:-1"},"canonical":"https:\/\/www.swisscrochet.ch\/de\/produkt\/sarah-hearts-gewebte-labels\/","og_locale":"de_DE","og_type":"article","og_title":"Sarah Hearts \u2013 Gewebte Labels &#171; Swiss Crochet","og_description":"Sarah Hearts gewebte Labels f\u00fcr H\u00e4kelprojekte. Weiche, waschbare und OEKO-TEX zertifizierte Labels in verspielten Designs. Packung mit 8 St\u00fcck.","og_url":"https:\/\/www.swisscrochet.ch\/de\/produkt\/sarah-hearts-gewebte-labels\/","og_site_name":"Swiss Crochet","article_modified_time":"2026-03-25T18:41:21+00:00","og_image":[{"width":1000,"height":1000,"url":"https:\/\/www.swisscrochet.ch\/wp-content\/uploads\/2026\/03\/Sarah-Hearts-Woven-Labels-Overview.jpg","type":"image\/jpeg"}],"twitter_card":"summary_large_image","twitter_misc":{"Gesch\u00e4tzte Lesezeit":"1\u00a0Minute"},"schema":{"@context":"https:\/\/schema.org","@graph":[{"@type":["WebPage","ItemPage"],"@id":"https:\/\/www.swisscrochet.ch\/de\/produkt\/sarah-hearts-gewebte-labels\/","url":"https:\/\/www.swisscrochet.ch\/de\/produkt\/sarah-hearts-gewebte-labels\/","name":"Sarah Hearts \u2013 Gewebte Labels &#171; Swiss Crochet","isPartOf":{"@id":"https:\/\/www.swisscrochet.ch\/#website"},"primaryImageOfPage":{"@id":"https:\/\/www.swisscrochet.ch\/de\/produkt\/sarah-hearts-gewebte-labels\/#primaryimage"},"image":{"@id":"https:\/\/www.swisscrochet.ch\/de\/produkt\/sarah-hearts-gewebte-labels\/#primaryimage"},"thumbnailUrl":"https:\/\/www.swisscrochet.ch\/wp-content\/uploads\/2026\/03\/Sarah-Hearts-Woven-Labels-Overview.jpg","datePublished":"2026-03-25T18:35:59+00:00","dateModified":"2026-03-25T18:41:21+00:00","description":"Sarah Hearts gewebte Labels f\u00fcr H\u00e4kelprojekte. Weiche, waschbare und OEKO-TEX zertifizierte Labels in verspielten Designs. Packung mit 8 St\u00fcck.","breadcrumb":{"@id":"https:\/\/www.swisscrochet.ch\/de\/produkt\/sarah-hearts-gewebte-labels\/#breadcrumb"},"inLanguage":"de","potentialAction":[{"@type":"ReadAction","target":["https:\/\/www.swisscrochet.ch\/de\/produkt\/sarah-hearts-gewebte-labels\/"]}]},{"@type":"ImageObject","inLanguage":"de","@id":"https:\/\/www.swisscrochet.ch\/de\/produkt\/sarah-hearts-gewebte-labels\/#primaryimage","url":"https:\/\/www.swisscrochet.ch\/wp-content\/uploads\/2026\/03\/Sarah-Hearts-Woven-Labels-Overview.jpg","contentUrl":"https:\/\/www.swisscrochet.ch\/wp-content\/uploads\/2026\/03\/Sarah-Hearts-Woven-Labels-Overview.jpg","width":1000,"height":1000},{"@type":"BreadcrumbList","@id":"https:\/\/www.swisscrochet.ch\/de\/produkt\/sarah-hearts-gewebte-labels\/#breadcrumb","itemListElement":[{"@type":"ListItem","position":1,"name":"Home","item":"https:\/\/www.swisscrochet.ch\/de\/"},{"@type":"ListItem","position":2,"name":"Shop","item":"https:\/\/www.swisscrochet.ch\/de\/shop\/"},{"@type":"ListItem","position":3,"name":"Sarah Hearts \u2013 Gewebte Labels"}]},{"@type":"WebSite","@id":"https:\/\/www.swisscrochet.ch\/#website","url":"https:\/\/www.swisscrochet.ch\/","name":"Swiss Crochet","description":"Entfalte dein kreatives Potenzial","potentialAction":[{"@type":"SearchAction","target":{"@type":"EntryPoint","urlTemplate":"https:\/\/www.swisscrochet.ch\/?s={search_term_string}"},"query-input":{"@type":"PropertyValueSpecification","valueRequired":true,"valueName":"search_term_string"}}],"inLanguage":"de"}]}},"_links":{"self":[{"href":"https:\/\/www.swisscrochet.ch\/de\/wp-json\/wp\/v2\/product\/28222","targetHints":{"allow":["GET"]}}],"collection":[{"href":"https:\/\/www.swisscrochet.ch\/de\/wp-json\/wp\/v2\/product"}],"about":[{"href":"https:\/\/www.swisscrochet.ch\/de\/wp-json\/wp\/v2\/types\/product"}],"wp:featuredmedia":[{"embeddable":true,"href":"https:\/\/www.swisscrochet.ch\/de\/wp-json\/wp\/v2\/media\/26699"}],"wp:attachment":[{"href":"https:\/\/www.swisscrochet.ch\/de\/wp-json\/wp\/v2\/media?parent=28222"}],"wp:term":[{"taxonomy":"product_brand","embeddable":true,"href":"https:\/\/www.swisscrochet.ch\/de\/wp-json\/wp\/v2\/product_brand?post=28222"},{"taxonomy":"product_cat","embeddable":true,"href":"https:\/\/www.swisscrochet.ch\/de\/wp-json\/wp\/v2\/product_cat?post=28222"},{"taxonomy":"product_tag","embeddable":true,"href":"https:\/\/www.swisscrochet.ch\/de\/wp-json\/wp\/v2\/product_tag?post=28222"}],"curies":[{"name":"wp","href":"https:\/\/api.w.org\/{rel}","templated":true}]}}