{"id":29133,"date":"2026-04-08T22:11:23","date_gmt":"2026-04-08T20:11:23","guid":{"rendered":"https:\/\/www.swisscrochet.ch\/product\/sea-turtle-zazu-yarn-kit\/"},"modified":"2026-04-08T22:16:42","modified_gmt":"2026-04-08T20:16:42","slug":"sea-turtle-zazu-garnkit","status":"publish","type":"product","link":"https:\/\/www.swisscrochet.ch\/de\/produkt\/sea-turtle-zazu-garnkit\/","title":{"rendered":"Sea Turtle Zazu \u2013 Garnkit"},"content":{"rendered":"","protected":false},"excerpt":{"rendered":"<p>Tauche ein in pure Niedlichkeit mit dieser weichen, kuscheligen Meeresschildkr\u00f6te! Dank des nat\u00fcrlichen Farbverlaufs des Garns erh\u00e4lt jede Schildkr\u00f6te subtile Farbnuancen \u2013 das verleiht ihr einen ganz besonderen Charme. W\u00e4hle aus einer wundersch\u00f6nen Palette von 22 Farben und gestalte deine Schildkr\u00f6te ganz nach deinem Geschmack. Weich, gem\u00fctlich und bereit f\u00fcr Abenteuer! Welche Farbe wird deine Schildkr\u00f6te haben?<\/p>\n<p><strong>Das Kit enth\u00e4lt:<\/strong><\/p>\n<ul>\n<li>eine digitale Version der Anleitung <a href=\"https:\/\/www.ravelry.com\/patterns\/library\/sea-turtle-zazu\" target=\"_blank\" rel=\"noopener\"> Sea Turtle Zazu von Laura de Vries <\/a> (verf\u00fcgbar auf Englisch, Deutsch und Niederl\u00e4ndisch)<\/li>\n<li>1 Kn\u00e4uel Big Darling Monochrome Cake<\/li>\n<li>ein Paar schwarze Sicherheitsaugen (20 mm)<\/li>\n<\/ul>\n<p><strong>Optionale Erg\u00e4nzungen:<\/strong><\/p>\n<ul>\n<li>8.00 mm H\u00e4kelnadel<\/li>\n<li>recycelte Baumwollf\u00fcllung<\/li>\n<li>Maschenmarkierer<\/li>\n<\/ul>\n<p>Alles ist in einem praktischen Set enthalten \u2014 w\u00e4hle einfach deine Zusatzoptionen, lade die Anleitung herunter und beginne mit dem H\u00e4keln deiner eigenen niedlichen Meeresschildkr\u00f6te.<\/p>\n","protected":false},"featured_media":28093,"template":"","meta":[],"product_brand":[],"product_cat":[1660,332],"product_tag":[],"class_list":{"0":"post-29133","1":"product","2":"type-product","3":"status-publish","4":"has-post-thumbnail","6":"product_cat-garnkits-amigurumi","7":"product_cat-garnkits","8":"description-off","10":"first","11":"instock","12":"virtual","13":"taxable","14":"purchasable","15":"product-type-bundle"},"bundled_by":[],"bundle_stock_status":"instock","bundle_stock_quantity":12,"bundle_virtual":false,"bundle_layout":"default","bundle_add_to_cart_form_location":"default","bundle_editable_in_cart":false,"bundle_sold_individually_context":"product","bundle_item_grouping":"parent","bundle_min_size":"","bundle_max_size":"","bundle_price":{"price":{"min":{"incl_tax":"30.5","excl_tax":"28.21"},"max":{"incl_tax":"","excl_tax":""}},"regular_price":{"min":{"incl_tax":"30.5","excl_tax":"28.21"},"max":{"incl_tax":"","excl_tax":""}}},"bundled_items":[{"bundled_item_id":1090,"product_id":20402,"menu_order":0,"quantity_min":1,"quantity_max":1,"quantity_default":1,"priced_individually":true,"shipped_individually":false,"override_title":false,"title":"Scheepjes &#8211; Big Darling Monochrome Cake","override_description":true,"description":"","optional":false,"hide_thumbnail":false,"discount":"","override_variations":false,"allowed_variations":[""],"override_default_variation_attributes":false,"default_variation_attributes":[],"single_product_visibility":"visible","cart_visibility":"visible","order_visibility":"visible","single_product_price_visibility":"visible","cart_price_visibility":"visible","order_price_visibility":"visible","stock_status":"in_stock"},{"bundled_item_id":1091,"product_id":8340,"menu_order":1,"quantity_min":2,"quantity_max":2,"quantity_default":2,"priced_individually":true,"shipped_individually":false,"override_title":false,"title":"Tieraugen \u2013 Schwarz \u2013 1 St\u00fcck","override_description":true,"description":"","optional":false,"hide_thumbnail":false,"discount":"","override_variations":true,"allowed_variations":[8350],"override_default_variation_attributes":true,"default_variation_attributes":[{"id":0,"name":"Size","option":"20mm"}],"single_product_visibility":"hidden","cart_visibility":"visible","order_visibility":"visible","single_product_price_visibility":"visible","cart_price_visibility":"visible","order_price_visibility":"visible","stock_status":"in_stock"},{"bundled_item_id":1092,"product_id":3552,"menu_order":2,"quantity_min":1,"quantity_max":1,"quantity_default":1,"priced_individually":true,"shipped_individually":false,"override_title":false,"title":"Tulip &#8211; MinD H\u00e4kelnadel","override_description":true,"description":"","optional":true,"hide_thumbnail":false,"discount":"","override_variations":true,"allowed_variations":[3554],"override_default_variation_attributes":true,"default_variation_attributes":[{"id":0,"name":"Size","option":"8.00 mm"}],"single_product_visibility":"visible","cart_visibility":"visible","order_visibility":"visible","single_product_price_visibility":"visible","cart_price_visibility":"visible","order_price_visibility":"visible","stock_status":"in_stock"},{"bundled_item_id":1093,"product_id":7297,"menu_order":3,"quantity_min":3,"quantity_max":"","quantity_default":3,"priced_individually":true,"shipped_individually":false,"override_title":false,"title":"Hoooked &#8211; F\u00fcllwatte aus recycelter Baumwolle","override_description":true,"description":"","optional":true,"hide_thumbnail":false,"discount":"","override_variations":false,"allowed_variations":[""],"override_default_variation_attributes":false,"default_variation_attributes":[],"single_product_visibility":"visible","cart_visibility":"visible","order_visibility":"visible","single_product_price_visibility":"visible","cart_price_visibility":"visible","order_price_visibility":"visible","stock_status":"in_stock"},{"bundled_item_id":1094,"product_id":5064,"menu_order":4,"quantity_min":1,"quantity_max":"","quantity_default":1,"priced_individually":true,"shipped_individually":false,"override_title":false,"title":"Tulip &#8211; Maschenmarkierer-Set &#8211; Herz","override_description":true,"description":"","optional":true,"hide_thumbnail":false,"discount":"","override_variations":false,"allowed_variations":[""],"override_default_variation_attributes":false,"default_variation_attributes":[],"single_product_visibility":"visible","cart_visibility":"visible","order_visibility":"visible","single_product_price_visibility":"visible","cart_price_visibility":"visible","order_price_visibility":"visible","stock_status":"in_stock"}],"bundle_sell_ids":[],"yoast_head":"<!-- This site is optimized with the Yoast SEO plugin v27.3 - https:\/\/yoast.com\/product\/yoast-seo-wordpress\/ -->\n<title>Sea Turtle Zazu \u2013 Garnkit &#171; Swiss Crochet<\/title>\n<meta name=\"description\" content=\"Sea Turtle Zazu H\u00e4kelkit mit Big Darling Garn. H\u00e4kle eine weiche Amigurumi-Schildkr\u00f6te mit Farbverlauf. Enth\u00e4lt Anleitung, Garn und Sicherheitsaugen.\" \/>\n<meta name=\"robots\" content=\"index, follow, max-snippet:-1, max-image-preview:large, max-video-preview:-1\" \/>\n<link rel=\"canonical\" href=\"https:\/\/www.swisscrochet.ch\/de\/produkt\/sea-turtle-zazu-garnkit\/\" \/>\n<meta property=\"og:locale\" content=\"de_DE\" \/>\n<meta property=\"og:type\" content=\"article\" \/>\n<meta property=\"og:title\" content=\"Sea Turtle Zazu \u2013 Garnkit &#171; Swiss Crochet\" \/>\n<meta property=\"og:description\" content=\"Sea Turtle Zazu H\u00e4kelkit mit Big Darling Garn. H\u00e4kle eine weiche Amigurumi-Schildkr\u00f6te mit Farbverlauf. Enth\u00e4lt Anleitung, Garn und Sicherheitsaugen.\" \/>\n<meta property=\"og:url\" content=\"https:\/\/www.swisscrochet.ch\/de\/produkt\/sea-turtle-zazu-garnkit\/\" \/>\n<meta property=\"og:site_name\" content=\"Swiss Crochet\" \/>\n<meta property=\"article:modified_time\" content=\"2026-04-08T20:16:42+00:00\" \/>\n<meta property=\"og:image\" content=\"https:\/\/www.swisscrochet.ch\/wp-content\/uploads\/2026\/03\/Sea-Turtle-Zazu-1.webp\" \/>\n\t<meta property=\"og:image:width\" content=\"640\" \/>\n\t<meta property=\"og:image:height\" content=\"640\" \/>\n\t<meta property=\"og:image:type\" content=\"image\/webp\" \/>\n<meta name=\"twitter:card\" content=\"summary_large_image\" \/>\n<meta name=\"twitter:label1\" content=\"Gesch\u00e4tzte Lesezeit\" \/>\n\t<meta name=\"twitter:data1\" content=\"1\u00a0Minute\" \/>\n<script type=\"application\/ld+json\" class=\"yoast-schema-graph\">{\"@context\":\"https:\\\/\\\/schema.org\",\"@graph\":[{\"@type\":[\"WebPage\",\"ItemPage\"],\"@id\":\"https:\\\/\\\/www.swisscrochet.ch\\\/de\\\/produkt\\\/sea-turtle-zazu-garnkit\\\/\",\"url\":\"https:\\\/\\\/www.swisscrochet.ch\\\/de\\\/produkt\\\/sea-turtle-zazu-garnkit\\\/\",\"name\":\"Sea Turtle Zazu \u2013 Garnkit &#171; Swiss Crochet\",\"isPartOf\":{\"@id\":\"https:\\\/\\\/www.swisscrochet.ch\\\/#website\"},\"primaryImageOfPage\":{\"@id\":\"https:\\\/\\\/www.swisscrochet.ch\\\/de\\\/produkt\\\/sea-turtle-zazu-garnkit\\\/#primaryimage\"},\"image\":{\"@id\":\"https:\\\/\\\/www.swisscrochet.ch\\\/de\\\/produkt\\\/sea-turtle-zazu-garnkit\\\/#primaryimage\"},\"thumbnailUrl\":\"https:\\\/\\\/www.swisscrochet.ch\\\/wp-content\\\/uploads\\\/2026\\\/03\\\/Sea-Turtle-Zazu-1.webp\",\"datePublished\":\"2026-04-08T20:11:23+00:00\",\"dateModified\":\"2026-04-08T20:16:42+00:00\",\"description\":\"Sea Turtle Zazu H\u00e4kelkit mit Big Darling Garn. H\u00e4kle eine weiche Amigurumi-Schildkr\u00f6te mit Farbverlauf. Enth\u00e4lt Anleitung, Garn und Sicherheitsaugen.\",\"breadcrumb\":{\"@id\":\"https:\\\/\\\/www.swisscrochet.ch\\\/de\\\/produkt\\\/sea-turtle-zazu-garnkit\\\/#breadcrumb\"},\"inLanguage\":\"de\",\"potentialAction\":[{\"@type\":\"ReadAction\",\"target\":[\"https:\\\/\\\/www.swisscrochet.ch\\\/de\\\/produkt\\\/sea-turtle-zazu-garnkit\\\/\"]}]},{\"@type\":\"ImageObject\",\"inLanguage\":\"de\",\"@id\":\"https:\\\/\\\/www.swisscrochet.ch\\\/de\\\/produkt\\\/sea-turtle-zazu-garnkit\\\/#primaryimage\",\"url\":\"https:\\\/\\\/www.swisscrochet.ch\\\/wp-content\\\/uploads\\\/2026\\\/03\\\/Sea-Turtle-Zazu-1.webp\",\"contentUrl\":\"https:\\\/\\\/www.swisscrochet.ch\\\/wp-content\\\/uploads\\\/2026\\\/03\\\/Sea-Turtle-Zazu-1.webp\",\"width\":640,\"height\":640},{\"@type\":\"BreadcrumbList\",\"@id\":\"https:\\\/\\\/www.swisscrochet.ch\\\/de\\\/produkt\\\/sea-turtle-zazu-garnkit\\\/#breadcrumb\",\"itemListElement\":[{\"@type\":\"ListItem\",\"position\":1,\"name\":\"Home\",\"item\":\"https:\\\/\\\/www.swisscrochet.ch\\\/de\\\/\"},{\"@type\":\"ListItem\",\"position\":2,\"name\":\"Shop\",\"item\":\"https:\\\/\\\/www.swisscrochet.ch\\\/de\\\/shop\\\/\"},{\"@type\":\"ListItem\",\"position\":3,\"name\":\"Sea Turtle Zazu \u2013 Garnkit\"}]},{\"@type\":\"WebSite\",\"@id\":\"https:\\\/\\\/www.swisscrochet.ch\\\/#website\",\"url\":\"https:\\\/\\\/www.swisscrochet.ch\\\/\",\"name\":\"Swiss Crochet\",\"description\":\"Entfalte dein kreatives Potenzial\",\"potentialAction\":[{\"@type\":\"SearchAction\",\"target\":{\"@type\":\"EntryPoint\",\"urlTemplate\":\"https:\\\/\\\/www.swisscrochet.ch\\\/?s={search_term_string}\"},\"query-input\":{\"@type\":\"PropertyValueSpecification\",\"valueRequired\":true,\"valueName\":\"search_term_string\"}}],\"inLanguage\":\"de\"}]}<\/script>\n<!-- \/ Yoast SEO plugin. -->","yoast_head_json":{"title":"Sea Turtle Zazu \u2013 Garnkit &#171; Swiss Crochet","description":"Sea Turtle Zazu H\u00e4kelkit mit Big Darling Garn. H\u00e4kle eine weiche Amigurumi-Schildkr\u00f6te mit Farbverlauf. Enth\u00e4lt Anleitung, Garn und Sicherheitsaugen.","robots":{"index":"index","follow":"follow","max-snippet":"max-snippet:-1","max-image-preview":"max-image-preview:large","max-video-preview":"max-video-preview:-1"},"canonical":"https:\/\/www.swisscrochet.ch\/de\/produkt\/sea-turtle-zazu-garnkit\/","og_locale":"de_DE","og_type":"article","og_title":"Sea Turtle Zazu \u2013 Garnkit &#171; Swiss Crochet","og_description":"Sea Turtle Zazu H\u00e4kelkit mit Big Darling Garn. H\u00e4kle eine weiche Amigurumi-Schildkr\u00f6te mit Farbverlauf. Enth\u00e4lt Anleitung, Garn und Sicherheitsaugen.","og_url":"https:\/\/www.swisscrochet.ch\/de\/produkt\/sea-turtle-zazu-garnkit\/","og_site_name":"Swiss Crochet","article_modified_time":"2026-04-08T20:16:42+00:00","og_image":[{"width":640,"height":640,"url":"https:\/\/www.swisscrochet.ch\/wp-content\/uploads\/2026\/03\/Sea-Turtle-Zazu-1.webp","type":"image\/webp"}],"twitter_card":"summary_large_image","twitter_misc":{"Gesch\u00e4tzte Lesezeit":"1\u00a0Minute"},"schema":{"@context":"https:\/\/schema.org","@graph":[{"@type":["WebPage","ItemPage"],"@id":"https:\/\/www.swisscrochet.ch\/de\/produkt\/sea-turtle-zazu-garnkit\/","url":"https:\/\/www.swisscrochet.ch\/de\/produkt\/sea-turtle-zazu-garnkit\/","name":"Sea Turtle Zazu \u2013 Garnkit &#171; Swiss Crochet","isPartOf":{"@id":"https:\/\/www.swisscrochet.ch\/#website"},"primaryImageOfPage":{"@id":"https:\/\/www.swisscrochet.ch\/de\/produkt\/sea-turtle-zazu-garnkit\/#primaryimage"},"image":{"@id":"https:\/\/www.swisscrochet.ch\/de\/produkt\/sea-turtle-zazu-garnkit\/#primaryimage"},"thumbnailUrl":"https:\/\/www.swisscrochet.ch\/wp-content\/uploads\/2026\/03\/Sea-Turtle-Zazu-1.webp","datePublished":"2026-04-08T20:11:23+00:00","dateModified":"2026-04-08T20:16:42+00:00","description":"Sea Turtle Zazu H\u00e4kelkit mit Big Darling Garn. H\u00e4kle eine weiche Amigurumi-Schildkr\u00f6te mit Farbverlauf. Enth\u00e4lt Anleitung, Garn und Sicherheitsaugen.","breadcrumb":{"@id":"https:\/\/www.swisscrochet.ch\/de\/produkt\/sea-turtle-zazu-garnkit\/#breadcrumb"},"inLanguage":"de","potentialAction":[{"@type":"ReadAction","target":["https:\/\/www.swisscrochet.ch\/de\/produkt\/sea-turtle-zazu-garnkit\/"]}]},{"@type":"ImageObject","inLanguage":"de","@id":"https:\/\/www.swisscrochet.ch\/de\/produkt\/sea-turtle-zazu-garnkit\/#primaryimage","url":"https:\/\/www.swisscrochet.ch\/wp-content\/uploads\/2026\/03\/Sea-Turtle-Zazu-1.webp","contentUrl":"https:\/\/www.swisscrochet.ch\/wp-content\/uploads\/2026\/03\/Sea-Turtle-Zazu-1.webp","width":640,"height":640},{"@type":"BreadcrumbList","@id":"https:\/\/www.swisscrochet.ch\/de\/produkt\/sea-turtle-zazu-garnkit\/#breadcrumb","itemListElement":[{"@type":"ListItem","position":1,"name":"Home","item":"https:\/\/www.swisscrochet.ch\/de\/"},{"@type":"ListItem","position":2,"name":"Shop","item":"https:\/\/www.swisscrochet.ch\/de\/shop\/"},{"@type":"ListItem","position":3,"name":"Sea Turtle Zazu \u2013 Garnkit"}]},{"@type":"WebSite","@id":"https:\/\/www.swisscrochet.ch\/#website","url":"https:\/\/www.swisscrochet.ch\/","name":"Swiss Crochet","description":"Entfalte dein kreatives Potenzial","potentialAction":[{"@type":"SearchAction","target":{"@type":"EntryPoint","urlTemplate":"https:\/\/www.swisscrochet.ch\/?s={search_term_string}"},"query-input":{"@type":"PropertyValueSpecification","valueRequired":true,"valueName":"search_term_string"}}],"inLanguage":"de"}]}},"_links":{"self":[{"href":"https:\/\/www.swisscrochet.ch\/de\/wp-json\/wp\/v2\/product\/29133","targetHints":{"allow":["GET"]}}],"collection":[{"href":"https:\/\/www.swisscrochet.ch\/de\/wp-json\/wp\/v2\/product"}],"about":[{"href":"https:\/\/www.swisscrochet.ch\/de\/wp-json\/wp\/v2\/types\/product"}],"wp:featuredmedia":[{"embeddable":true,"href":"https:\/\/www.swisscrochet.ch\/de\/wp-json\/wp\/v2\/media\/28093"}],"wp:attachment":[{"href":"https:\/\/www.swisscrochet.ch\/de\/wp-json\/wp\/v2\/media?parent=29133"}],"wp:term":[{"taxonomy":"product_brand","embeddable":true,"href":"https:\/\/www.swisscrochet.ch\/de\/wp-json\/wp\/v2\/product_brand?post=29133"},{"taxonomy":"product_cat","embeddable":true,"href":"https:\/\/www.swisscrochet.ch\/de\/wp-json\/wp\/v2\/product_cat?post=29133"},{"taxonomy":"product_tag","embeddable":true,"href":"https:\/\/www.swisscrochet.ch\/de\/wp-json\/wp\/v2\/product_tag?post=29133"}],"curies":[{"name":"wp","href":"https:\/\/api.w.org\/{rel}","templated":true}]}}