{"id":29141,"date":"2026-04-08T22:41:34","date_gmt":"2026-04-08T20:41:34","guid":{"rendered":"https:\/\/www.swisscrochet.ch\/product\/florence-the-unicorn-yarn-kit\/"},"modified":"2026-04-08T23:03:49","modified_gmt":"2026-04-08T21:03:49","slug":"florence-das-einhorn-garnkit","status":"publish","type":"product","link":"https:\/\/www.swisscrochet.ch\/de\/produkt\/florence-das-einhorn-garnkit\/","title":{"rendered":"Florence das Einhorn \u2013 Garnkit"},"content":{"rendered":"","protected":false},"excerpt":{"rendered":"<p>Florence das Einhorn wird jedes Kind mit grosser Fantasie verzaubern! H\u00e4kle diesen mythischen Kuschelfreund aus Scheepjes Catona mit goldenem Horn und Hufen, einer schwungvollen M\u00e4hne aus spiralf\u00f6rmigen Locken und einem geschuppten Unterk\u00f6rper in sanften Regenbogenfarben. Gestickte, schlafende Augen mit langen Wimpern verleihen diesem seltenen magischen Wesen ein sanftes, liebenswertes Aussehen. Florence ist so konzipiert, dass sie \u00fcber einen Wackelball mit integriertem Gl\u00f6ckchen passt. Gib ihr einen kleinen Stups und sie regt die Sinne an, w\u00e4hrend sie hin und her wippt und dabei fr\u00f6hlich klingelt.<\/p>\n<p><strong>Das Kit enth\u00e4lt:<\/strong><\/p>\n<ul>\n<li>eine digitale Version der Anleitung <a href=\"https:\/\/www.ravelry.com\/patterns\/library\/florence-the-unicorn\" target=\"_blank\" rel=\"noopener\">Florence the Unicorn von Nienke Jongstra<\/a> (verf\u00fcgbar auf Englisch, Deutsch, Franz\u00f6sisch, Spanisch und Niederl\u00e4ndisch)<\/li>\n<li>1 Kn\u00e4uel Catona 50 g<\/li>\n<li>6 Kn\u00e4uel Catona 25 g<\/li>\n<li>1 Wackelball in deiner Wunschfarbe<\/li>\n<li>Elastikfaden zum Umh\u00e4keln der Unterkante \u2013 passend f\u00fcr den Wackelball<\/li>\n<\/ul>\n<p><strong>Optionale Erg\u00e4nzungen:<\/strong><\/p>\n<ul>\n<li>2.50 mm H\u00e4kelnadel<\/li>\n<li>recycelte Baumwollf\u00fcllung<\/li>\n<li>Maschenmarkierer<\/li>\n<\/ul>\n<p>Alles ist in einem praktischen Set enthalten \u2014 w\u00e4hle einfach deine Zusatzoptionen, lade die Anleitung herunter und beginne mit dem H\u00e4keln deines eigenen niedlichen Wackel-Einhorns.<\/p>\n","protected":false},"featured_media":28109,"template":"","meta":[],"product_brand":[],"product_cat":[1660,332],"product_tag":[],"class_list":{"0":"post-29141","1":"product","2":"type-product","3":"status-publish","4":"has-post-thumbnail","6":"product_cat-garnkits-amigurumi","7":"product_cat-garnkits","8":"description-off","10":"first","11":"instock","12":"virtual","13":"taxable","14":"purchasable","15":"product-type-bundle"},"bundled_by":[],"bundle_stock_status":"instock","bundle_stock_quantity":12,"bundle_virtual":false,"bundle_layout":"default","bundle_add_to_cart_form_location":"default","bundle_editable_in_cart":false,"bundle_sold_individually_context":"product","bundle_item_grouping":"parent","bundle_min_size":"","bundle_max_size":"","bundle_price":{"price":{"min":{"incl_tax":"35.3","excl_tax":"32.68"},"max":{"incl_tax":"","excl_tax":""}},"regular_price":{"min":{"incl_tax":"35.3","excl_tax":"32.68"},"max":{"incl_tax":"","excl_tax":""}}},"bundled_items":[{"bundled_item_id":1137,"product_id":3266,"menu_order":0,"quantity_min":1,"quantity_max":1,"quantity_default":1,"priced_individually":true,"shipped_individually":false,"override_title":false,"title":"Scheepjes &#8211; Catona &#8211; 50gr","override_description":false,"description":"Scheepjes &#8211; Catona &#8211; 50gr","optional":false,"hide_thumbnail":false,"discount":"","override_variations":true,"allowed_variations":[3278],"override_default_variation_attributes":true,"default_variation_attributes":[{"id":0,"name":"Color","option":"130 - Old Lace"}],"single_product_visibility":"hidden","cart_visibility":"visible","order_visibility":"visible","single_product_price_visibility":"visible","cart_price_visibility":"visible","order_price_visibility":"visible","stock_status":"in_stock"},{"bundled_item_id":1138,"product_id":2923,"menu_order":1,"quantity_min":1,"quantity_max":1,"quantity_default":1,"priced_individually":true,"shipped_individually":false,"override_title":false,"title":"Scheepjes &#8211; Catona &#8211; 25gr","override_description":false,"description":"Scheepjes &#8211; Catona &#8211; 25gr","optional":false,"hide_thumbnail":false,"discount":"","override_variations":true,"allowed_variations":[2975],"override_default_variation_attributes":true,"default_variation_attributes":[{"id":0,"name":"Color","option":"383 - Ginger Gold"}],"single_product_visibility":"hidden","cart_visibility":"visible","order_visibility":"visible","single_product_price_visibility":"visible","cart_price_visibility":"visible","order_price_visibility":"visible","stock_status":"in_stock"},{"bundled_item_id":1139,"product_id":2923,"menu_order":2,"quantity_min":1,"quantity_max":1,"quantity_default":1,"priced_individually":true,"shipped_individually":false,"override_title":false,"title":"Scheepjes &#8211; Catona &#8211; 25gr","override_description":false,"description":"Scheepjes &#8211; Catona &#8211; 25gr","optional":false,"hide_thumbnail":false,"discount":"","override_variations":true,"allowed_variations":[2999],"override_default_variation_attributes":true,"default_variation_attributes":[{"id":0,"name":"Color","option":"409 - Soft Rose"}],"single_product_visibility":"hidden","cart_visibility":"visible","order_visibility":"visible","single_product_price_visibility":"visible","cart_price_visibility":"visible","order_price_visibility":"visible","stock_status":"in_stock"},{"bundled_item_id":1140,"product_id":2923,"menu_order":3,"quantity_min":1,"quantity_max":1,"quantity_default":1,"priced_individually":true,"shipped_individually":false,"override_title":false,"title":"Scheepjes &#8211; Catona &#8211; 25gr","override_description":false,"description":"Scheepjes &#8211; Catona &#8211; 25gr","optional":false,"hide_thumbnail":false,"discount":"","override_variations":true,"allowed_variations":[3004],"override_default_variation_attributes":true,"default_variation_attributes":[{"id":0,"name":"Color","option":"414 - Vintage Peach"}],"single_product_visibility":"hidden","cart_visibility":"visible","order_visibility":"visible","single_product_price_visibility":"visible","cart_price_visibility":"visible","order_price_visibility":"visible","stock_status":"in_stock"},{"bundled_item_id":1141,"product_id":2923,"menu_order":4,"quantity_min":1,"quantity_max":1,"quantity_default":1,"priced_individually":true,"shipped_individually":false,"override_title":false,"title":"Scheepjes &#8211; Catona &#8211; 25gr","override_description":false,"description":"Scheepjes &#8211; Catona &#8211; 25gr","optional":false,"hide_thumbnail":false,"discount":"","override_variations":true,"allowed_variations":[3026],"override_default_variation_attributes":true,"default_variation_attributes":[{"id":0,"name":"Color","option":"522 - Primrose"}],"single_product_visibility":"hidden","cart_visibility":"visible","order_visibility":"visible","single_product_price_visibility":"visible","cart_price_visibility":"visible","order_price_visibility":"visible","stock_status":"in_stock"},{"bundled_item_id":1142,"product_id":2923,"menu_order":5,"quantity_min":1,"quantity_max":1,"quantity_default":1,"priced_individually":true,"shipped_individually":false,"override_title":false,"title":"Scheepjes &#8211; Catona &#8211; 25gr","override_description":false,"description":"Scheepjes &#8211; Catona &#8211; 25gr","optional":false,"hide_thumbnail":false,"discount":"","override_variations":true,"allowed_variations":[2984],"override_default_variation_attributes":true,"default_variation_attributes":[{"id":0,"name":"Color","option":"392 - Lime Juice"}],"single_product_visibility":"hidden","cart_visibility":"visible","order_visibility":"visible","single_product_price_visibility":"visible","cart_price_visibility":"visible","order_price_visibility":"visible","stock_status":"in_stock"},{"bundled_item_id":1143,"product_id":2923,"menu_order":6,"quantity_min":1,"quantity_max":1,"quantity_default":1,"priced_individually":true,"shipped_individually":false,"override_title":false,"title":"Scheepjes &#8211; Catona &#8211; 25gr","override_description":false,"description":"Scheepjes &#8211; Catona &#8211; 25gr","optional":false,"hide_thumbnail":false,"discount":"","override_variations":true,"allowed_variations":[2977],"override_default_variation_attributes":true,"default_variation_attributes":[{"id":0,"name":"Color","option":"385 - Crystalline"}],"single_product_visibility":"hidden","cart_visibility":"visible","order_visibility":"visible","single_product_price_visibility":"visible","cart_price_visibility":"visible","order_price_visibility":"visible","stock_status":"in_stock"},{"bundled_item_id":1144,"product_id":7263,"menu_order":7,"quantity_min":1,"quantity_max":1,"quantity_default":1,"priced_individually":true,"shipped_individually":false,"override_title":false,"title":"G\u00fctermann &#8211; Elastikfaden auf Spule","override_description":true,"description":"","optional":false,"hide_thumbnail":false,"discount":"","override_variations":false,"allowed_variations":[""],"override_default_variation_attributes":false,"default_variation_attributes":[],"single_product_visibility":"visible","cart_visibility":"visible","order_visibility":"visible","single_product_price_visibility":"visible","cart_price_visibility":"visible","order_price_visibility":"visible","stock_status":"in_stock"},{"bundled_item_id":1145,"product_id":26641,"menu_order":8,"quantity_min":1,"quantity_max":1,"quantity_default":1,"priced_individually":true,"shipped_individually":false,"override_title":false,"title":"Opry &#8211; Wackelball","override_description":true,"description":"","optional":false,"hide_thumbnail":false,"discount":"","override_variations":false,"allowed_variations":[""],"override_default_variation_attributes":false,"default_variation_attributes":[],"single_product_visibility":"visible","cart_visibility":"visible","order_visibility":"visible","single_product_price_visibility":"visible","cart_price_visibility":"visible","order_price_visibility":"visible","stock_status":"in_stock"},{"bundled_item_id":1146,"product_id":13491,"menu_order":9,"quantity_min":1,"quantity_max":1,"quantity_default":1,"priced_individually":true,"shipped_individually":false,"override_title":false,"title":"Clover &#8211; Amour H\u00e4kelnadel mit weichem Griff","override_description":true,"description":"","optional":true,"hide_thumbnail":false,"discount":"","override_variations":true,"allowed_variations":[13493],"override_default_variation_attributes":true,"default_variation_attributes":[{"id":0,"name":"Size","option":"2.50 mm"}],"single_product_visibility":"visible","cart_visibility":"visible","order_visibility":"visible","single_product_price_visibility":"visible","cart_price_visibility":"visible","order_price_visibility":"visible","stock_status":"in_stock"},{"bundled_item_id":1147,"product_id":7297,"menu_order":10,"quantity_min":1,"quantity_max":"","quantity_default":1,"priced_individually":true,"shipped_individually":false,"override_title":false,"title":"Hoooked &#8211; F\u00fcllwatte aus recycelter Baumwolle","override_description":true,"description":"","optional":true,"hide_thumbnail":false,"discount":"","override_variations":false,"allowed_variations":[""],"override_default_variation_attributes":false,"default_variation_attributes":[],"single_product_visibility":"visible","cart_visibility":"visible","order_visibility":"visible","single_product_price_visibility":"visible","cart_price_visibility":"visible","order_price_visibility":"visible","stock_status":"in_stock"},{"bundled_item_id":1148,"product_id":5064,"menu_order":11,"quantity_min":1,"quantity_max":"","quantity_default":1,"priced_individually":true,"shipped_individually":false,"override_title":false,"title":"Tulip &#8211; Maschenmarkierer-Set &#8211; Herz","override_description":true,"description":"","optional":true,"hide_thumbnail":false,"discount":"","override_variations":false,"allowed_variations":[""],"override_default_variation_attributes":false,"default_variation_attributes":[],"single_product_visibility":"visible","cart_visibility":"visible","order_visibility":"visible","single_product_price_visibility":"visible","cart_price_visibility":"visible","order_price_visibility":"visible","stock_status":"in_stock"}],"bundle_sell_ids":[],"yoast_head":"<!-- This site is optimized with the Yoast SEO plugin v27.3 - https:\/\/yoast.com\/product\/yoast-seo-wordpress\/ -->\n<title>Florence das Einhorn \u2013 Garnkit &#171; Swiss Crochet<\/title>\n<meta name=\"description\" content=\"Florence das Einhorn H\u00e4kelkit mit Scheepjes Catona und Wackelball. H\u00e4kle ein weiches Amigurumi-Einhorn mit Gl\u00f6ckchen \u2013 perfekt f\u00fcr Babyspielzeug und Geschenke.\" \/>\n<meta name=\"robots\" content=\"index, follow, max-snippet:-1, max-image-preview:large, max-video-preview:-1\" \/>\n<link rel=\"canonical\" href=\"https:\/\/www.swisscrochet.ch\/de\/produkt\/florence-das-einhorn-garnkit\/\" \/>\n<meta property=\"og:locale\" content=\"de_DE\" \/>\n<meta property=\"og:type\" content=\"article\" \/>\n<meta property=\"og:title\" content=\"Florence das Einhorn \u2013 Garnkit &#171; Swiss Crochet\" \/>\n<meta property=\"og:description\" content=\"Florence das Einhorn H\u00e4kelkit mit Scheepjes Catona und Wackelball. H\u00e4kle ein weiches Amigurumi-Einhorn mit Gl\u00f6ckchen \u2013 perfekt f\u00fcr Babyspielzeug und Geschenke.\" \/>\n<meta property=\"og:url\" content=\"https:\/\/www.swisscrochet.ch\/de\/produkt\/florence-das-einhorn-garnkit\/\" \/>\n<meta property=\"og:site_name\" content=\"Swiss Crochet\" \/>\n<meta property=\"article:modified_time\" content=\"2026-04-08T21:03:49+00:00\" \/>\n<meta property=\"og:image\" content=\"https:\/\/www.swisscrochet.ch\/wp-content\/uploads\/2026\/03\/Florence-the-Unicorn-1.webp\" \/>\n\t<meta property=\"og:image:width\" content=\"640\" \/>\n\t<meta property=\"og:image:height\" content=\"640\" \/>\n\t<meta property=\"og:image:type\" content=\"image\/webp\" \/>\n<meta name=\"twitter:card\" content=\"summary_large_image\" \/>\n<meta name=\"twitter:label1\" content=\"Gesch\u00e4tzte Lesezeit\" \/>\n\t<meta name=\"twitter:data1\" content=\"1\u00a0Minute\" \/>\n<script type=\"application\/ld+json\" class=\"yoast-schema-graph\">{\"@context\":\"https:\\\/\\\/schema.org\",\"@graph\":[{\"@type\":[\"WebPage\",\"ItemPage\"],\"@id\":\"https:\\\/\\\/www.swisscrochet.ch\\\/de\\\/produkt\\\/florence-das-einhorn-garnkit\\\/\",\"url\":\"https:\\\/\\\/www.swisscrochet.ch\\\/de\\\/produkt\\\/florence-das-einhorn-garnkit\\\/\",\"name\":\"Florence das Einhorn \u2013 Garnkit &#171; Swiss Crochet\",\"isPartOf\":{\"@id\":\"https:\\\/\\\/www.swisscrochet.ch\\\/#website\"},\"primaryImageOfPage\":{\"@id\":\"https:\\\/\\\/www.swisscrochet.ch\\\/de\\\/produkt\\\/florence-das-einhorn-garnkit\\\/#primaryimage\"},\"image\":{\"@id\":\"https:\\\/\\\/www.swisscrochet.ch\\\/de\\\/produkt\\\/florence-das-einhorn-garnkit\\\/#primaryimage\"},\"thumbnailUrl\":\"https:\\\/\\\/www.swisscrochet.ch\\\/wp-content\\\/uploads\\\/2026\\\/03\\\/Florence-the-Unicorn-1.webp\",\"datePublished\":\"2026-04-08T20:41:34+00:00\",\"dateModified\":\"2026-04-08T21:03:49+00:00\",\"description\":\"Florence das Einhorn H\u00e4kelkit mit Scheepjes Catona und Wackelball. H\u00e4kle ein weiches Amigurumi-Einhorn mit Gl\u00f6ckchen \u2013 perfekt f\u00fcr Babyspielzeug und Geschenke.\",\"breadcrumb\":{\"@id\":\"https:\\\/\\\/www.swisscrochet.ch\\\/de\\\/produkt\\\/florence-das-einhorn-garnkit\\\/#breadcrumb\"},\"inLanguage\":\"de\",\"potentialAction\":[{\"@type\":\"ReadAction\",\"target\":[\"https:\\\/\\\/www.swisscrochet.ch\\\/de\\\/produkt\\\/florence-das-einhorn-garnkit\\\/\"]}]},{\"@type\":\"ImageObject\",\"inLanguage\":\"de\",\"@id\":\"https:\\\/\\\/www.swisscrochet.ch\\\/de\\\/produkt\\\/florence-das-einhorn-garnkit\\\/#primaryimage\",\"url\":\"https:\\\/\\\/www.swisscrochet.ch\\\/wp-content\\\/uploads\\\/2026\\\/03\\\/Florence-the-Unicorn-1.webp\",\"contentUrl\":\"https:\\\/\\\/www.swisscrochet.ch\\\/wp-content\\\/uploads\\\/2026\\\/03\\\/Florence-the-Unicorn-1.webp\",\"width\":640,\"height\":640},{\"@type\":\"BreadcrumbList\",\"@id\":\"https:\\\/\\\/www.swisscrochet.ch\\\/de\\\/produkt\\\/florence-das-einhorn-garnkit\\\/#breadcrumb\",\"itemListElement\":[{\"@type\":\"ListItem\",\"position\":1,\"name\":\"Home\",\"item\":\"https:\\\/\\\/www.swisscrochet.ch\\\/de\\\/\"},{\"@type\":\"ListItem\",\"position\":2,\"name\":\"Shop\",\"item\":\"https:\\\/\\\/www.swisscrochet.ch\\\/de\\\/shop\\\/\"},{\"@type\":\"ListItem\",\"position\":3,\"name\":\"Florence das Einhorn \u2013 Garnkit\"}]},{\"@type\":\"WebSite\",\"@id\":\"https:\\\/\\\/www.swisscrochet.ch\\\/#website\",\"url\":\"https:\\\/\\\/www.swisscrochet.ch\\\/\",\"name\":\"Swiss Crochet\",\"description\":\"Entfalte dein kreatives Potenzial\",\"potentialAction\":[{\"@type\":\"SearchAction\",\"target\":{\"@type\":\"EntryPoint\",\"urlTemplate\":\"https:\\\/\\\/www.swisscrochet.ch\\\/?s={search_term_string}\"},\"query-input\":{\"@type\":\"PropertyValueSpecification\",\"valueRequired\":true,\"valueName\":\"search_term_string\"}}],\"inLanguage\":\"de\"}]}<\/script>\n<!-- \/ Yoast SEO plugin. -->","yoast_head_json":{"title":"Florence das Einhorn \u2013 Garnkit &#171; Swiss Crochet","description":"Florence das Einhorn H\u00e4kelkit mit Scheepjes Catona und Wackelball. H\u00e4kle ein weiches Amigurumi-Einhorn mit Gl\u00f6ckchen \u2013 perfekt f\u00fcr Babyspielzeug und Geschenke.","robots":{"index":"index","follow":"follow","max-snippet":"max-snippet:-1","max-image-preview":"max-image-preview:large","max-video-preview":"max-video-preview:-1"},"canonical":"https:\/\/www.swisscrochet.ch\/de\/produkt\/florence-das-einhorn-garnkit\/","og_locale":"de_DE","og_type":"article","og_title":"Florence das Einhorn \u2013 Garnkit &#171; Swiss Crochet","og_description":"Florence das Einhorn H\u00e4kelkit mit Scheepjes Catona und Wackelball. H\u00e4kle ein weiches Amigurumi-Einhorn mit Gl\u00f6ckchen \u2013 perfekt f\u00fcr Babyspielzeug und Geschenke.","og_url":"https:\/\/www.swisscrochet.ch\/de\/produkt\/florence-das-einhorn-garnkit\/","og_site_name":"Swiss Crochet","article_modified_time":"2026-04-08T21:03:49+00:00","og_image":[{"width":640,"height":640,"url":"https:\/\/www.swisscrochet.ch\/wp-content\/uploads\/2026\/03\/Florence-the-Unicorn-1.webp","type":"image\/webp"}],"twitter_card":"summary_large_image","twitter_misc":{"Gesch\u00e4tzte Lesezeit":"1\u00a0Minute"},"schema":{"@context":"https:\/\/schema.org","@graph":[{"@type":["WebPage","ItemPage"],"@id":"https:\/\/www.swisscrochet.ch\/de\/produkt\/florence-das-einhorn-garnkit\/","url":"https:\/\/www.swisscrochet.ch\/de\/produkt\/florence-das-einhorn-garnkit\/","name":"Florence das Einhorn \u2013 Garnkit &#171; Swiss Crochet","isPartOf":{"@id":"https:\/\/www.swisscrochet.ch\/#website"},"primaryImageOfPage":{"@id":"https:\/\/www.swisscrochet.ch\/de\/produkt\/florence-das-einhorn-garnkit\/#primaryimage"},"image":{"@id":"https:\/\/www.swisscrochet.ch\/de\/produkt\/florence-das-einhorn-garnkit\/#primaryimage"},"thumbnailUrl":"https:\/\/www.swisscrochet.ch\/wp-content\/uploads\/2026\/03\/Florence-the-Unicorn-1.webp","datePublished":"2026-04-08T20:41:34+00:00","dateModified":"2026-04-08T21:03:49+00:00","description":"Florence das Einhorn H\u00e4kelkit mit Scheepjes Catona und Wackelball. H\u00e4kle ein weiches Amigurumi-Einhorn mit Gl\u00f6ckchen \u2013 perfekt f\u00fcr Babyspielzeug und Geschenke.","breadcrumb":{"@id":"https:\/\/www.swisscrochet.ch\/de\/produkt\/florence-das-einhorn-garnkit\/#breadcrumb"},"inLanguage":"de","potentialAction":[{"@type":"ReadAction","target":["https:\/\/www.swisscrochet.ch\/de\/produkt\/florence-das-einhorn-garnkit\/"]}]},{"@type":"ImageObject","inLanguage":"de","@id":"https:\/\/www.swisscrochet.ch\/de\/produkt\/florence-das-einhorn-garnkit\/#primaryimage","url":"https:\/\/www.swisscrochet.ch\/wp-content\/uploads\/2026\/03\/Florence-the-Unicorn-1.webp","contentUrl":"https:\/\/www.swisscrochet.ch\/wp-content\/uploads\/2026\/03\/Florence-the-Unicorn-1.webp","width":640,"height":640},{"@type":"BreadcrumbList","@id":"https:\/\/www.swisscrochet.ch\/de\/produkt\/florence-das-einhorn-garnkit\/#breadcrumb","itemListElement":[{"@type":"ListItem","position":1,"name":"Home","item":"https:\/\/www.swisscrochet.ch\/de\/"},{"@type":"ListItem","position":2,"name":"Shop","item":"https:\/\/www.swisscrochet.ch\/de\/shop\/"},{"@type":"ListItem","position":3,"name":"Florence das Einhorn \u2013 Garnkit"}]},{"@type":"WebSite","@id":"https:\/\/www.swisscrochet.ch\/#website","url":"https:\/\/www.swisscrochet.ch\/","name":"Swiss Crochet","description":"Entfalte dein kreatives Potenzial","potentialAction":[{"@type":"SearchAction","target":{"@type":"EntryPoint","urlTemplate":"https:\/\/www.swisscrochet.ch\/?s={search_term_string}"},"query-input":{"@type":"PropertyValueSpecification","valueRequired":true,"valueName":"search_term_string"}}],"inLanguage":"de"}]}},"_links":{"self":[{"href":"https:\/\/www.swisscrochet.ch\/de\/wp-json\/wp\/v2\/product\/29141","targetHints":{"allow":["GET"]}}],"collection":[{"href":"https:\/\/www.swisscrochet.ch\/de\/wp-json\/wp\/v2\/product"}],"about":[{"href":"https:\/\/www.swisscrochet.ch\/de\/wp-json\/wp\/v2\/types\/product"}],"wp:featuredmedia":[{"embeddable":true,"href":"https:\/\/www.swisscrochet.ch\/de\/wp-json\/wp\/v2\/media\/28109"}],"wp:attachment":[{"href":"https:\/\/www.swisscrochet.ch\/de\/wp-json\/wp\/v2\/media?parent=29141"}],"wp:term":[{"taxonomy":"product_brand","embeddable":true,"href":"https:\/\/www.swisscrochet.ch\/de\/wp-json\/wp\/v2\/product_brand?post=29141"},{"taxonomy":"product_cat","embeddable":true,"href":"https:\/\/www.swisscrochet.ch\/de\/wp-json\/wp\/v2\/product_cat?post=29141"},{"taxonomy":"product_tag","embeddable":true,"href":"https:\/\/www.swisscrochet.ch\/de\/wp-json\/wp\/v2\/product_tag?post=29141"}],"curies":[{"name":"wp","href":"https:\/\/api.w.org\/{rel}","templated":true}]}}