{"id":29150,"date":"2026-04-08T23:03:07","date_gmt":"2026-04-08T21:03:07","guid":{"rendered":"https:\/\/www.swisscrochet.ch\/product\/crackle-the-wobble-monster-yarn-kit\/"},"modified":"2026-04-08T23:10:19","modified_gmt":"2026-04-08T21:10:19","slug":"crackle-das-wobble-monster-garnkit","status":"publish","type":"product","link":"https:\/\/www.swisscrochet.ch\/de\/produkt\/crackle-das-wobble-monster-garnkit\/","title":{"rendered":"Crackle das Wobble-Monster \u2013 Garnkit"},"content":{"rendered":"","protected":false},"excerpt":{"rendered":"<p>Lerne Crackle kennen \u2013 ein ausdrucksstarker Begleiter f\u00fcr kleine Monster, der mit all seinen f\u00fcnf Augen alles im Blick beh\u00e4lt, was in deinem Kreativbereich passiert! Geh\u00e4kelt in leuchtenden Oranget\u00f6nen aus Scheepjes Catona \u2013 perfekt f\u00fcr die gruselige Jahreszeit \u2013 erwacht Crackle zum Leben, wenn er auf einen sanft klingelnden Wackelball gesetzt wird, und sorgt so f\u00fcr zus\u00e4tzlichen Spass bei dieser aussergew\u00f6hnlichen Kreation.<\/p>\n<p><strong>Das Kit enth\u00e4lt:<\/strong><\/p>\n<ul>\n<li>eine digitale Version der Anleitung <a href=\"https:\/\/www.ravelry.com\/patterns\/library\/crackle-the-wobble-monster\" target=\"_blank\" rel=\"noopener\">Crackle the Wobble Monster von Nienke Jongstra<\/a> (verf\u00fcgbar auf Englisch und Niederl\u00e4ndisch)<\/li>\n<li>1 Kn\u00e4uel Catona 50 g<\/li>\n<li>3 Kn\u00e4uel Catona 25 g<\/li>\n<li>zwei schwarze Sicherheitsaugen (8 mm)<\/li>\n<li>drei schwarze Sicherheitsaugen (6 mm)<\/li>\n<li>1 Wackelball in deiner Wunschfarbe<\/li>\n<li>Elastikfaden zum Umh\u00e4keln der Unterkante \u2013 passend f\u00fcr den Wackelball<\/li>\n<\/ul>\n<p><strong>Optionale Erg\u00e4nzungen:<\/strong><\/p>\n<ul>\n<li>2.50 mm H\u00e4kelnadel<\/li>\n<li>recycelte Baumwollf\u00fcllung<\/li>\n<li>Maschenmarkierer<\/li>\n<\/ul>\n<p>Alles ist in einem praktischen Set enthalten \u2014 w\u00e4hle einfach deine Zusatzoptionen, lade die Anleitung herunter und beginne mit dem H\u00e4keln deines eigenen niedlichen Wackel-Monsters.<\/p>\n","protected":false},"featured_media":28129,"template":"","meta":[],"product_brand":[],"product_cat":[1660,332],"product_tag":[],"class_list":{"0":"post-29150","1":"product","2":"type-product","3":"status-publish","4":"has-post-thumbnail","6":"product_cat-garnkits-amigurumi","7":"product_cat-garnkits","8":"description-off","10":"first","11":"instock","12":"virtual","13":"taxable","14":"purchasable","15":"product-type-bundle"},"bundled_by":[],"bundle_stock_status":"insufficientstock","bundle_stock_quantity":0,"bundle_virtual":false,"bundle_layout":"default","bundle_add_to_cart_form_location":"default","bundle_editable_in_cart":false,"bundle_sold_individually_context":"product","bundle_item_grouping":"parent","bundle_min_size":"","bundle_max_size":"","bundle_price":{"price":{"min":{"incl_tax":"31.2","excl_tax":"28.88"},"max":{"incl_tax":"","excl_tax":""}},"regular_price":{"min":{"incl_tax":"31.2","excl_tax":"28.88"},"max":{"incl_tax":"","excl_tax":""}}},"bundled_items":[{"bundled_item_id":1190,"product_id":3266,"menu_order":0,"quantity_min":1,"quantity_max":1,"quantity_default":1,"priced_individually":true,"shipped_individually":false,"override_title":false,"title":"Scheepjes &#8211; Catona &#8211; 50gr","override_description":false,"description":"Scheepjes &#8211; Catona &#8211; 50gr","optional":false,"hide_thumbnail":false,"discount":"","override_variations":true,"allowed_variations":[3316],"override_default_variation_attributes":true,"default_variation_attributes":[{"id":0,"name":"Color","option":"281 - Tangerine"}],"single_product_visibility":"hidden","cart_visibility":"visible","order_visibility":"visible","single_product_price_visibility":"visible","cart_price_visibility":"visible","order_price_visibility":"visible","stock_status":"in_stock"},{"bundled_item_id":1191,"product_id":2923,"menu_order":1,"quantity_min":1,"quantity_max":1,"quantity_default":1,"priced_individually":true,"shipped_individually":false,"override_title":false,"title":"Scheepjes &#8211; Catona &#8211; 25gr","override_description":false,"description":"Scheepjes &#8211; Catona &#8211; 25gr","optional":false,"hide_thumbnail":false,"discount":"","override_variations":true,"allowed_variations":[2973],"override_default_variation_attributes":true,"default_variation_attributes":[{"id":0,"name":"Color","option":"281 - Tangerine"}],"single_product_visibility":"hidden","cart_visibility":"visible","order_visibility":"visible","single_product_price_visibility":"visible","cart_price_visibility":"visible","order_price_visibility":"visible","stock_status":"in_stock"},{"bundled_item_id":1192,"product_id":2923,"menu_order":2,"quantity_min":1,"quantity_max":1,"quantity_default":1,"priced_individually":true,"shipped_individually":false,"override_title":false,"title":"Scheepjes &#8211; Catona &#8211; 25gr","override_description":false,"description":"Scheepjes &#8211; Catona &#8211; 25gr","optional":false,"hide_thumbnail":false,"discount":"","override_variations":true,"allowed_variations":[2943],"override_default_variation_attributes":true,"default_variation_attributes":[{"id":0,"name":"Color","option":"189 - Royal Orange"}],"single_product_visibility":"hidden","cart_visibility":"visible","order_visibility":"visible","single_product_price_visibility":"visible","cart_price_visibility":"visible","order_price_visibility":"visible","stock_status":"in_stock"},{"bundled_item_id":1193,"product_id":2923,"menu_order":3,"quantity_min":1,"quantity_max":1,"quantity_default":1,"priced_individually":true,"shipped_individually":false,"override_title":false,"title":"Scheepjes &#8211; Catona &#8211; 25gr","override_description":false,"description":"Scheepjes &#8211; Catona &#8211; 25gr","optional":false,"hide_thumbnail":false,"discount":"","override_variations":true,"allowed_variations":[2927],"override_default_variation_attributes":true,"default_variation_attributes":[{"id":0,"name":"Color","option":"105 - Bridal White"}],"single_product_visibility":"hidden","cart_visibility":"visible","order_visibility":"visible","single_product_price_visibility":"visible","cart_price_visibility":"visible","order_price_visibility":"visible","stock_status":"in_stock"},{"bundled_item_id":1194,"product_id":8340,"menu_order":4,"quantity_min":2,"quantity_max":2,"quantity_default":2,"priced_individually":true,"shipped_individually":false,"override_title":false,"title":"Tieraugen \u2013 Schwarz \u2013 1 St\u00fcck","override_description":false,"description":"Tieraugen \u2013 Schwarz \u2013 1 St\u00fcck","optional":false,"hide_thumbnail":false,"discount":"","override_variations":true,"allowed_variations":[8343],"override_default_variation_attributes":true,"default_variation_attributes":[{"id":0,"name":"Size","option":"8mm"}],"single_product_visibility":"hidden","cart_visibility":"visible","order_visibility":"visible","single_product_price_visibility":"visible","cart_price_visibility":"visible","order_price_visibility":"visible","stock_status":"out_of_stock"},{"bundled_item_id":1195,"product_id":8340,"menu_order":5,"quantity_min":3,"quantity_max":3,"quantity_default":3,"priced_individually":true,"shipped_individually":false,"override_title":false,"title":"Tieraugen \u2013 Schwarz \u2013 1 St\u00fcck","override_description":false,"description":"Tieraugen \u2013 Schwarz \u2013 1 St\u00fcck","optional":false,"hide_thumbnail":false,"discount":"","override_variations":true,"allowed_variations":[8342],"override_default_variation_attributes":true,"default_variation_attributes":[{"id":0,"name":"Size","option":"6mm"}],"single_product_visibility":"hidden","cart_visibility":"visible","order_visibility":"visible","single_product_price_visibility":"visible","cart_price_visibility":"visible","order_price_visibility":"visible","stock_status":"in_stock"},{"bundled_item_id":1196,"product_id":7263,"menu_order":6,"quantity_min":1,"quantity_max":1,"quantity_default":1,"priced_individually":true,"shipped_individually":false,"override_title":false,"title":"G\u00fctermann &#8211; Elastikfaden auf Spule","override_description":true,"description":"","optional":false,"hide_thumbnail":false,"discount":"","override_variations":false,"allowed_variations":[""],"override_default_variation_attributes":false,"default_variation_attributes":[],"single_product_visibility":"visible","cart_visibility":"visible","order_visibility":"visible","single_product_price_visibility":"visible","cart_price_visibility":"visible","order_price_visibility":"visible","stock_status":"in_stock"},{"bundled_item_id":1197,"product_id":26641,"menu_order":7,"quantity_min":1,"quantity_max":1,"quantity_default":1,"priced_individually":true,"shipped_individually":false,"override_title":false,"title":"Opry &#8211; Wackelball","override_description":true,"description":"","optional":false,"hide_thumbnail":false,"discount":"","override_variations":false,"allowed_variations":[""],"override_default_variation_attributes":false,"default_variation_attributes":[],"single_product_visibility":"visible","cart_visibility":"visible","order_visibility":"visible","single_product_price_visibility":"visible","cart_price_visibility":"visible","order_price_visibility":"visible","stock_status":"in_stock"},{"bundled_item_id":1198,"product_id":13491,"menu_order":8,"quantity_min":1,"quantity_max":1,"quantity_default":1,"priced_individually":true,"shipped_individually":false,"override_title":false,"title":"Clover &#8211; Amour H\u00e4kelnadel mit weichem Griff","override_description":true,"description":"","optional":true,"hide_thumbnail":false,"discount":"","override_variations":true,"allowed_variations":[13493],"override_default_variation_attributes":true,"default_variation_attributes":[{"id":0,"name":"Size","option":"2.50 mm"}],"single_product_visibility":"visible","cart_visibility":"visible","order_visibility":"visible","single_product_price_visibility":"visible","cart_price_visibility":"visible","order_price_visibility":"visible","stock_status":"in_stock"},{"bundled_item_id":1199,"product_id":7297,"menu_order":9,"quantity_min":1,"quantity_max":"","quantity_default":1,"priced_individually":true,"shipped_individually":false,"override_title":false,"title":"Hoooked &#8211; F\u00fcllwatte aus recycelter Baumwolle","override_description":true,"description":"","optional":true,"hide_thumbnail":false,"discount":"","override_variations":false,"allowed_variations":[""],"override_default_variation_attributes":false,"default_variation_attributes":[],"single_product_visibility":"visible","cart_visibility":"visible","order_visibility":"visible","single_product_price_visibility":"visible","cart_price_visibility":"visible","order_price_visibility":"visible","stock_status":"in_stock"},{"bundled_item_id":1200,"product_id":5064,"menu_order":10,"quantity_min":1,"quantity_max":"","quantity_default":1,"priced_individually":true,"shipped_individually":false,"override_title":false,"title":"Tulip &#8211; Maschenmarkierer-Set &#8211; Herz","override_description":true,"description":"","optional":true,"hide_thumbnail":false,"discount":"","override_variations":false,"allowed_variations":[""],"override_default_variation_attributes":false,"default_variation_attributes":[],"single_product_visibility":"visible","cart_visibility":"visible","order_visibility":"visible","single_product_price_visibility":"visible","cart_price_visibility":"visible","order_price_visibility":"visible","stock_status":"in_stock"}],"bundle_sell_ids":[],"yoast_head":"<!-- This site is optimized with the Yoast SEO plugin v27.3 - https:\/\/yoast.com\/product\/yoast-seo-wordpress\/ -->\n<title>Crackle das Wobble-Monster \u2013 Garnkit &#171; Swiss Crochet<\/title>\n<meta name=\"description\" content=\"Crackle das Wobble-Monster H\u00e4kelkit mit Scheepjes Catona und Wackelball. H\u00e4kle ein lustiges Amigurumi-Monster mit Gl\u00f6ckchen \u2013 perfekt f\u00fcr verspielte handgemachte Spielzeuge.\" \/>\n<meta name=\"robots\" content=\"index, follow, max-snippet:-1, max-image-preview:large, max-video-preview:-1\" \/>\n<link rel=\"canonical\" href=\"https:\/\/www.swisscrochet.ch\/de\/produkt\/crackle-das-wobble-monster-garnkit\/\" \/>\n<meta property=\"og:locale\" content=\"de_DE\" \/>\n<meta property=\"og:type\" content=\"article\" \/>\n<meta property=\"og:title\" content=\"Crackle das Wobble-Monster \u2013 Garnkit &#171; Swiss Crochet\" \/>\n<meta property=\"og:description\" content=\"Crackle das Wobble-Monster H\u00e4kelkit mit Scheepjes Catona und Wackelball. H\u00e4kle ein lustiges Amigurumi-Monster mit Gl\u00f6ckchen \u2013 perfekt f\u00fcr verspielte handgemachte Spielzeuge.\" \/>\n<meta property=\"og:url\" content=\"https:\/\/www.swisscrochet.ch\/de\/produkt\/crackle-das-wobble-monster-garnkit\/\" \/>\n<meta property=\"og:site_name\" content=\"Swiss Crochet\" \/>\n<meta property=\"article:modified_time\" content=\"2026-04-08T21:10:19+00:00\" \/>\n<meta property=\"og:image\" content=\"https:\/\/www.swisscrochet.ch\/wp-content\/uploads\/2026\/03\/Crackle-the-Wobble-Monster-1.webp\" \/>\n\t<meta property=\"og:image:width\" content=\"1067\" \/>\n\t<meta property=\"og:image:height\" content=\"1600\" \/>\n\t<meta property=\"og:image:type\" content=\"image\/webp\" \/>\n<meta name=\"twitter:card\" content=\"summary_large_image\" \/>\n<meta name=\"twitter:label1\" content=\"Gesch\u00e4tzte Lesezeit\" \/>\n\t<meta name=\"twitter:data1\" content=\"1\u00a0Minute\" \/>\n<script type=\"application\/ld+json\" class=\"yoast-schema-graph\">{\"@context\":\"https:\\\/\\\/schema.org\",\"@graph\":[{\"@type\":[\"WebPage\",\"ItemPage\"],\"@id\":\"https:\\\/\\\/www.swisscrochet.ch\\\/de\\\/produkt\\\/crackle-das-wobble-monster-garnkit\\\/\",\"url\":\"https:\\\/\\\/www.swisscrochet.ch\\\/de\\\/produkt\\\/crackle-das-wobble-monster-garnkit\\\/\",\"name\":\"Crackle das Wobble-Monster \u2013 Garnkit &#171; Swiss Crochet\",\"isPartOf\":{\"@id\":\"https:\\\/\\\/www.swisscrochet.ch\\\/#website\"},\"primaryImageOfPage\":{\"@id\":\"https:\\\/\\\/www.swisscrochet.ch\\\/de\\\/produkt\\\/crackle-das-wobble-monster-garnkit\\\/#primaryimage\"},\"image\":{\"@id\":\"https:\\\/\\\/www.swisscrochet.ch\\\/de\\\/produkt\\\/crackle-das-wobble-monster-garnkit\\\/#primaryimage\"},\"thumbnailUrl\":\"https:\\\/\\\/www.swisscrochet.ch\\\/wp-content\\\/uploads\\\/2026\\\/03\\\/Crackle-the-Wobble-Monster-1.webp\",\"datePublished\":\"2026-04-08T21:03:07+00:00\",\"dateModified\":\"2026-04-08T21:10:19+00:00\",\"description\":\"Crackle das Wobble-Monster H\u00e4kelkit mit Scheepjes Catona und Wackelball. H\u00e4kle ein lustiges Amigurumi-Monster mit Gl\u00f6ckchen \u2013 perfekt f\u00fcr verspielte handgemachte Spielzeuge.\",\"breadcrumb\":{\"@id\":\"https:\\\/\\\/www.swisscrochet.ch\\\/de\\\/produkt\\\/crackle-das-wobble-monster-garnkit\\\/#breadcrumb\"},\"inLanguage\":\"de\",\"potentialAction\":[{\"@type\":\"ReadAction\",\"target\":[\"https:\\\/\\\/www.swisscrochet.ch\\\/de\\\/produkt\\\/crackle-das-wobble-monster-garnkit\\\/\"]}]},{\"@type\":\"ImageObject\",\"inLanguage\":\"de\",\"@id\":\"https:\\\/\\\/www.swisscrochet.ch\\\/de\\\/produkt\\\/crackle-das-wobble-monster-garnkit\\\/#primaryimage\",\"url\":\"https:\\\/\\\/www.swisscrochet.ch\\\/wp-content\\\/uploads\\\/2026\\\/03\\\/Crackle-the-Wobble-Monster-1.webp\",\"contentUrl\":\"https:\\\/\\\/www.swisscrochet.ch\\\/wp-content\\\/uploads\\\/2026\\\/03\\\/Crackle-the-Wobble-Monster-1.webp\",\"width\":1067,\"height\":1600},{\"@type\":\"BreadcrumbList\",\"@id\":\"https:\\\/\\\/www.swisscrochet.ch\\\/de\\\/produkt\\\/crackle-das-wobble-monster-garnkit\\\/#breadcrumb\",\"itemListElement\":[{\"@type\":\"ListItem\",\"position\":1,\"name\":\"Home\",\"item\":\"https:\\\/\\\/www.swisscrochet.ch\\\/de\\\/\"},{\"@type\":\"ListItem\",\"position\":2,\"name\":\"Shop\",\"item\":\"https:\\\/\\\/www.swisscrochet.ch\\\/de\\\/shop\\\/\"},{\"@type\":\"ListItem\",\"position\":3,\"name\":\"Crackle das Wobble-Monster \u2013 Garnkit\"}]},{\"@type\":\"WebSite\",\"@id\":\"https:\\\/\\\/www.swisscrochet.ch\\\/#website\",\"url\":\"https:\\\/\\\/www.swisscrochet.ch\\\/\",\"name\":\"Swiss Crochet\",\"description\":\"Entfalte dein kreatives Potenzial\",\"potentialAction\":[{\"@type\":\"SearchAction\",\"target\":{\"@type\":\"EntryPoint\",\"urlTemplate\":\"https:\\\/\\\/www.swisscrochet.ch\\\/?s={search_term_string}\"},\"query-input\":{\"@type\":\"PropertyValueSpecification\",\"valueRequired\":true,\"valueName\":\"search_term_string\"}}],\"inLanguage\":\"de\"}]}<\/script>\n<!-- \/ Yoast SEO plugin. -->","yoast_head_json":{"title":"Crackle das Wobble-Monster \u2013 Garnkit &#171; Swiss Crochet","description":"Crackle das Wobble-Monster H\u00e4kelkit mit Scheepjes Catona und Wackelball. H\u00e4kle ein lustiges Amigurumi-Monster mit Gl\u00f6ckchen \u2013 perfekt f\u00fcr verspielte handgemachte Spielzeuge.","robots":{"index":"index","follow":"follow","max-snippet":"max-snippet:-1","max-image-preview":"max-image-preview:large","max-video-preview":"max-video-preview:-1"},"canonical":"https:\/\/www.swisscrochet.ch\/de\/produkt\/crackle-das-wobble-monster-garnkit\/","og_locale":"de_DE","og_type":"article","og_title":"Crackle das Wobble-Monster \u2013 Garnkit &#171; Swiss Crochet","og_description":"Crackle das Wobble-Monster H\u00e4kelkit mit Scheepjes Catona und Wackelball. H\u00e4kle ein lustiges Amigurumi-Monster mit Gl\u00f6ckchen \u2013 perfekt f\u00fcr verspielte handgemachte Spielzeuge.","og_url":"https:\/\/www.swisscrochet.ch\/de\/produkt\/crackle-das-wobble-monster-garnkit\/","og_site_name":"Swiss Crochet","article_modified_time":"2026-04-08T21:10:19+00:00","og_image":[{"width":1067,"height":1600,"url":"https:\/\/www.swisscrochet.ch\/wp-content\/uploads\/2026\/03\/Crackle-the-Wobble-Monster-1.webp","type":"image\/webp"}],"twitter_card":"summary_large_image","twitter_misc":{"Gesch\u00e4tzte Lesezeit":"1\u00a0Minute"},"schema":{"@context":"https:\/\/schema.org","@graph":[{"@type":["WebPage","ItemPage"],"@id":"https:\/\/www.swisscrochet.ch\/de\/produkt\/crackle-das-wobble-monster-garnkit\/","url":"https:\/\/www.swisscrochet.ch\/de\/produkt\/crackle-das-wobble-monster-garnkit\/","name":"Crackle das Wobble-Monster \u2013 Garnkit &#171; Swiss Crochet","isPartOf":{"@id":"https:\/\/www.swisscrochet.ch\/#website"},"primaryImageOfPage":{"@id":"https:\/\/www.swisscrochet.ch\/de\/produkt\/crackle-das-wobble-monster-garnkit\/#primaryimage"},"image":{"@id":"https:\/\/www.swisscrochet.ch\/de\/produkt\/crackle-das-wobble-monster-garnkit\/#primaryimage"},"thumbnailUrl":"https:\/\/www.swisscrochet.ch\/wp-content\/uploads\/2026\/03\/Crackle-the-Wobble-Monster-1.webp","datePublished":"2026-04-08T21:03:07+00:00","dateModified":"2026-04-08T21:10:19+00:00","description":"Crackle das Wobble-Monster H\u00e4kelkit mit Scheepjes Catona und Wackelball. H\u00e4kle ein lustiges Amigurumi-Monster mit Gl\u00f6ckchen \u2013 perfekt f\u00fcr verspielte handgemachte Spielzeuge.","breadcrumb":{"@id":"https:\/\/www.swisscrochet.ch\/de\/produkt\/crackle-das-wobble-monster-garnkit\/#breadcrumb"},"inLanguage":"de","potentialAction":[{"@type":"ReadAction","target":["https:\/\/www.swisscrochet.ch\/de\/produkt\/crackle-das-wobble-monster-garnkit\/"]}]},{"@type":"ImageObject","inLanguage":"de","@id":"https:\/\/www.swisscrochet.ch\/de\/produkt\/crackle-das-wobble-monster-garnkit\/#primaryimage","url":"https:\/\/www.swisscrochet.ch\/wp-content\/uploads\/2026\/03\/Crackle-the-Wobble-Monster-1.webp","contentUrl":"https:\/\/www.swisscrochet.ch\/wp-content\/uploads\/2026\/03\/Crackle-the-Wobble-Monster-1.webp","width":1067,"height":1600},{"@type":"BreadcrumbList","@id":"https:\/\/www.swisscrochet.ch\/de\/produkt\/crackle-das-wobble-monster-garnkit\/#breadcrumb","itemListElement":[{"@type":"ListItem","position":1,"name":"Home","item":"https:\/\/www.swisscrochet.ch\/de\/"},{"@type":"ListItem","position":2,"name":"Shop","item":"https:\/\/www.swisscrochet.ch\/de\/shop\/"},{"@type":"ListItem","position":3,"name":"Crackle das Wobble-Monster \u2013 Garnkit"}]},{"@type":"WebSite","@id":"https:\/\/www.swisscrochet.ch\/#website","url":"https:\/\/www.swisscrochet.ch\/","name":"Swiss Crochet","description":"Entfalte dein kreatives Potenzial","potentialAction":[{"@type":"SearchAction","target":{"@type":"EntryPoint","urlTemplate":"https:\/\/www.swisscrochet.ch\/?s={search_term_string}"},"query-input":{"@type":"PropertyValueSpecification","valueRequired":true,"valueName":"search_term_string"}}],"inLanguage":"de"}]}},"_links":{"self":[{"href":"https:\/\/www.swisscrochet.ch\/de\/wp-json\/wp\/v2\/product\/29150","targetHints":{"allow":["GET"]}}],"collection":[{"href":"https:\/\/www.swisscrochet.ch\/de\/wp-json\/wp\/v2\/product"}],"about":[{"href":"https:\/\/www.swisscrochet.ch\/de\/wp-json\/wp\/v2\/types\/product"}],"wp:featuredmedia":[{"embeddable":true,"href":"https:\/\/www.swisscrochet.ch\/de\/wp-json\/wp\/v2\/media\/28129"}],"wp:attachment":[{"href":"https:\/\/www.swisscrochet.ch\/de\/wp-json\/wp\/v2\/media?parent=29150"}],"wp:term":[{"taxonomy":"product_brand","embeddable":true,"href":"https:\/\/www.swisscrochet.ch\/de\/wp-json\/wp\/v2\/product_brand?post=29150"},{"taxonomy":"product_cat","embeddable":true,"href":"https:\/\/www.swisscrochet.ch\/de\/wp-json\/wp\/v2\/product_cat?post=29150"},{"taxonomy":"product_tag","embeddable":true,"href":"https:\/\/www.swisscrochet.ch\/de\/wp-json\/wp\/v2\/product_tag?post=29150"}],"curies":[{"name":"wp","href":"https:\/\/api.w.org\/{rel}","templated":true}]}}