{"id":29209,"date":"2026-03-28T09:53:07","date_gmt":"2026-03-28T08:53:07","guid":{"rendered":"https:\/\/www.swisscrochet.ch\/product\/linda-skuja-tikls-sweater\/"},"modified":"2026-04-09T16:23:42","modified_gmt":"2026-04-09T14:23:42","slug":"linda-skuja-tikls-pullover","status":"publish","type":"product","link":"https:\/\/www.swisscrochet.ch\/de\/produkt\/linda-skuja-tikls-pullover\/","title":{"rendered":"Linda Skuja \u2013 T\u012bkls Pullover"},"content":{"rendered":"<p><strong>Garn<\/strong><br \/>\nGarn in Sport-St\u00e4rke (CYC #2, Fine)<\/p>\n<p>Scheepjes Stone Washed (78 % Baumwolle, 22 % Acryl), 142 yds \/ 130 m pro 50 g Kn\u00e4uel, oder ein beliebiges Baumwollmischgarn in Sport-St\u00e4rke f\u00fcr ein \u00e4hnliches Ergebnis<\/p>\n<p>Gezeigt in der Farbe 803 Black Onyx<\/p>\n<p><strong>Gesch\u00e4tzter Garnverbrauch<\/strong><br \/>\n850 (1004, 1194, 1418, 1627) yds \/ 777 (918, 1092, 1297, 1487) m<\/p>\n<p>&#8211;&gt; F\u00fcr dieses Projekt kannst du die unten aufgef\u00fchrten Garne (als Links) verwenden.<\/p>\n<p><strong>H\u00e4kelnadel<\/strong><br \/>\n5 mm \/ US H\/8 oder Gr\u00f6sse, um die Maschenprobe zu erreichen<\/p>\n<p><strong>Maschenprobe<\/strong><br \/>\n16 M und 9 Reihen = 10 cm in Stb<br \/>\nHinweis zur Maschenprobe:<br \/>\n&#8211; ein vollst\u00e4ndiges Quadrat misst 6 cm \u00d7 6 cm<br \/>\n&#8211; eine Wiederholung misst 5 cm \u00d7 5 cm<\/p>\n<p><strong>Gr\u00f6ssen<\/strong><br \/>\n1 (2, 3, 4, 5)<\/p>\n<p><strong>Fertige Masse<\/strong><br \/>\n40.5 (48.5, 56.25, 64.25, 72) in \/ 103 (123, 143, 163, 183) cm<\/p>\n<p><strong>Passend f\u00fcr Brustumfang<\/strong><br \/>\n32.5-42.5 (40.5-50.5, 48.25-58.25, 56.25-66.25, 64-74) in \/<br \/>\n83-88 (103-108, 123-128, 143-148, 163-168) cm<\/p>\n<p>Das Modell ist mit einer Mehrweite von 20\u201325 cm entworfen.<\/p>\n<p><strong>Erforderliche Kenntnisse\/Techniken<\/strong><br \/>\nErfahrung im Lesen und Umsetzen schriftlicher H\u00e4kelanleitungen (CYC-Standard).<br \/>\nErfahrung im Anfertigen und Zusammenn\u00e4hen von geh\u00e4kelten Pullovern.<\/p>\n","protected":false},"excerpt":{"rendered":"<p>Der T\u012bkls Sweater ist ein locker sitzendes, geometrisches Kleidungsst\u00fcck, inspiriert vom Rhythmus und der Struktur eines Fischernetzes. Sein offenes Raster erzeugt eine markante, grafische Oberfl\u00e4che \u2013 einfach in der Konstruktion, aber visuell eindrucksvoll.<\/p>\n<p>Siehe vollst\u00e4ndige Beschreibung unten f\u00fcr weitere Informationen zur Anleitung.<\/p>\n<p>&#8211;&gt; Mit dem Kauf dieser Anleitung erh\u00e4ltst du Zugriff auf den <strong>Download der Anleitung im digitalen PDF-Format<\/strong>, auf Englisch und Deutsch.<\/p>\n<p>Weitere Fotos und fertige Projekte findest du auf <a href=\"https:\/\/www.ravelry.com\/patterns\/library\/tikls-sweater\">Ravelry<\/a>.<\/p>\n","protected":false},"featured_media":29190,"template":"","meta":[],"product_brand":[],"product_cat":[229],"product_tag":[1987],"class_list":{"0":"post-29209","1":"product","2":"type-product","3":"status-publish","4":"has-post-thumbnail","6":"product_cat-anleitungen","7":"product_tag-lindaskuja","8":"pa_b1-language-deutsch","9":"pa_b1-language-englisch","10":"pa_b11-author-designer-linda-skuja-de","11":"description-off","13":"first","14":"instock","15":"virtual","16":"taxable","17":"purchasable","18":"product-type-simple"},"bundled_by":[],"bundle_stock_status":"instock","bundle_stock_quantity":null,"bundle_virtual":false,"bundle_layout":"","bundle_add_to_cart_form_location":"","bundle_editable_in_cart":false,"bundle_sold_individually_context":"","bundle_item_grouping":"","bundle_min_size":"","bundle_max_size":"","bundle_price":[],"bundled_items":[],"bundle_sell_ids":[],"yoast_head":"<!-- This site is optimized with the Yoast SEO plugin v27.3 - https:\/\/yoast.com\/product\/yoast-seo-wordpress\/ -->\n<title>Linda Skuja \u2013 T\u012bkls Pullover &#171; Swiss Crochet<\/title>\n<meta name=\"robots\" content=\"index, follow, max-snippet:-1, max-image-preview:large, max-video-preview:-1\" \/>\n<link rel=\"canonical\" href=\"https:\/\/www.swisscrochet.ch\/de\/produkt\/linda-skuja-tikls-pullover\/\" \/>\n<meta property=\"og:locale\" content=\"de_DE\" \/>\n<meta property=\"og:type\" content=\"article\" \/>\n<meta property=\"og:title\" content=\"Linda Skuja \u2013 T\u012bkls Pullover &#171; Swiss Crochet\" \/>\n<meta property=\"og:description\" content=\"Der T\u012bkls Sweater ist ein locker sitzendes, geometrisches Kleidungsst\u00fcck, inspiriert vom Rhythmus und der Struktur eines Fischernetzes. Sein offenes Raster erzeugt eine markante, grafische Oberfl\u00e4che \u2013 einfach in der Konstruktion, aber visuell eindrucksvoll.  Siehe vollst\u00e4ndige Beschreibung unten f\u00fcr weitere Informationen zur Anleitung.  --&gt; Mit dem Kauf dieser Anleitung erh\u00e4ltst du Zugriff auf den Download der Anleitung im digitalen PDF-Format, auf Englisch und Deutsch.  Weitere Fotos und fertige Projekte findest du auf Ravelry.\" \/>\n<meta property=\"og:url\" content=\"https:\/\/www.swisscrochet.ch\/de\/produkt\/linda-skuja-tikls-pullover\/\" \/>\n<meta property=\"og:site_name\" content=\"Swiss Crochet\" \/>\n<meta property=\"article:modified_time\" content=\"2026-04-09T14:23:42+00:00\" \/>\n<meta property=\"og:image\" content=\"https:\/\/www.swisscrochet.ch\/wp-content\/uploads\/2026\/03\/Tikls-Sweater-5.jpg\" \/>\n\t<meta property=\"og:image:width\" content=\"1240\" \/>\n\t<meta property=\"og:image:height\" content=\"1860\" \/>\n\t<meta property=\"og:image:type\" content=\"image\/jpeg\" \/>\n<meta name=\"twitter:card\" content=\"summary_large_image\" \/>\n<meta name=\"twitter:label1\" content=\"Gesch\u00e4tzte Lesezeit\" \/>\n\t<meta name=\"twitter:data1\" content=\"2\u00a0Minuten\" \/>\n<script type=\"application\/ld+json\" class=\"yoast-schema-graph\">{\"@context\":\"https:\\\/\\\/schema.org\",\"@graph\":[{\"@type\":[\"WebPage\",\"ItemPage\"],\"@id\":\"https:\\\/\\\/www.swisscrochet.ch\\\/de\\\/produkt\\\/linda-skuja-tikls-pullover\\\/\",\"url\":\"https:\\\/\\\/www.swisscrochet.ch\\\/de\\\/produkt\\\/linda-skuja-tikls-pullover\\\/\",\"name\":\"Linda Skuja \u2013 T\u012bkls Pullover &#171; Swiss Crochet\",\"isPartOf\":{\"@id\":\"https:\\\/\\\/www.swisscrochet.ch\\\/#website\"},\"primaryImageOfPage\":{\"@id\":\"https:\\\/\\\/www.swisscrochet.ch\\\/de\\\/produkt\\\/linda-skuja-tikls-pullover\\\/#primaryimage\"},\"image\":{\"@id\":\"https:\\\/\\\/www.swisscrochet.ch\\\/de\\\/produkt\\\/linda-skuja-tikls-pullover\\\/#primaryimage\"},\"thumbnailUrl\":\"https:\\\/\\\/www.swisscrochet.ch\\\/wp-content\\\/uploads\\\/2026\\\/03\\\/Tikls-Sweater-5.jpg\",\"datePublished\":\"2026-03-28T08:53:07+00:00\",\"dateModified\":\"2026-04-09T14:23:42+00:00\",\"breadcrumb\":{\"@id\":\"https:\\\/\\\/www.swisscrochet.ch\\\/de\\\/produkt\\\/linda-skuja-tikls-pullover\\\/#breadcrumb\"},\"inLanguage\":\"de\",\"potentialAction\":[{\"@type\":\"ReadAction\",\"target\":[\"https:\\\/\\\/www.swisscrochet.ch\\\/de\\\/produkt\\\/linda-skuja-tikls-pullover\\\/\"]}]},{\"@type\":\"ImageObject\",\"inLanguage\":\"de\",\"@id\":\"https:\\\/\\\/www.swisscrochet.ch\\\/de\\\/produkt\\\/linda-skuja-tikls-pullover\\\/#primaryimage\",\"url\":\"https:\\\/\\\/www.swisscrochet.ch\\\/wp-content\\\/uploads\\\/2026\\\/03\\\/Tikls-Sweater-5.jpg\",\"contentUrl\":\"https:\\\/\\\/www.swisscrochet.ch\\\/wp-content\\\/uploads\\\/2026\\\/03\\\/Tikls-Sweater-5.jpg\",\"width\":1240,\"height\":1860},{\"@type\":\"BreadcrumbList\",\"@id\":\"https:\\\/\\\/www.swisscrochet.ch\\\/de\\\/produkt\\\/linda-skuja-tikls-pullover\\\/#breadcrumb\",\"itemListElement\":[{\"@type\":\"ListItem\",\"position\":1,\"name\":\"Home\",\"item\":\"https:\\\/\\\/www.swisscrochet.ch\\\/de\\\/\"},{\"@type\":\"ListItem\",\"position\":2,\"name\":\"Shop\",\"item\":\"https:\\\/\\\/www.swisscrochet.ch\\\/de\\\/shop\\\/\"},{\"@type\":\"ListItem\",\"position\":3,\"name\":\"Linda Skuja \u2013 T\u012bkls Pullover\"}]},{\"@type\":\"WebSite\",\"@id\":\"https:\\\/\\\/www.swisscrochet.ch\\\/#website\",\"url\":\"https:\\\/\\\/www.swisscrochet.ch\\\/\",\"name\":\"Swiss Crochet\",\"description\":\"Entfalte dein kreatives Potenzial\",\"potentialAction\":[{\"@type\":\"SearchAction\",\"target\":{\"@type\":\"EntryPoint\",\"urlTemplate\":\"https:\\\/\\\/www.swisscrochet.ch\\\/?s={search_term_string}\"},\"query-input\":{\"@type\":\"PropertyValueSpecification\",\"valueRequired\":true,\"valueName\":\"search_term_string\"}}],\"inLanguage\":\"de\"}]}<\/script>\n<!-- \/ Yoast SEO plugin. -->","yoast_head_json":{"title":"Linda Skuja \u2013 T\u012bkls Pullover &#171; Swiss Crochet","robots":{"index":"index","follow":"follow","max-snippet":"max-snippet:-1","max-image-preview":"max-image-preview:large","max-video-preview":"max-video-preview:-1"},"canonical":"https:\/\/www.swisscrochet.ch\/de\/produkt\/linda-skuja-tikls-pullover\/","og_locale":"de_DE","og_type":"article","og_title":"Linda Skuja \u2013 T\u012bkls Pullover &#171; Swiss Crochet","og_description":"Der T\u012bkls Sweater ist ein locker sitzendes, geometrisches Kleidungsst\u00fcck, inspiriert vom Rhythmus und der Struktur eines Fischernetzes. Sein offenes Raster erzeugt eine markante, grafische Oberfl\u00e4che \u2013 einfach in der Konstruktion, aber visuell eindrucksvoll.  Siehe vollst\u00e4ndige Beschreibung unten f\u00fcr weitere Informationen zur Anleitung.  --&gt; Mit dem Kauf dieser Anleitung erh\u00e4ltst du Zugriff auf den Download der Anleitung im digitalen PDF-Format, auf Englisch und Deutsch.  Weitere Fotos und fertige Projekte findest du auf Ravelry.","og_url":"https:\/\/www.swisscrochet.ch\/de\/produkt\/linda-skuja-tikls-pullover\/","og_site_name":"Swiss Crochet","article_modified_time":"2026-04-09T14:23:42+00:00","og_image":[{"width":1240,"height":1860,"url":"https:\/\/www.swisscrochet.ch\/wp-content\/uploads\/2026\/03\/Tikls-Sweater-5.jpg","type":"image\/jpeg"}],"twitter_card":"summary_large_image","twitter_misc":{"Gesch\u00e4tzte Lesezeit":"2\u00a0Minuten"},"schema":{"@context":"https:\/\/schema.org","@graph":[{"@type":["WebPage","ItemPage"],"@id":"https:\/\/www.swisscrochet.ch\/de\/produkt\/linda-skuja-tikls-pullover\/","url":"https:\/\/www.swisscrochet.ch\/de\/produkt\/linda-skuja-tikls-pullover\/","name":"Linda Skuja \u2013 T\u012bkls Pullover &#171; Swiss Crochet","isPartOf":{"@id":"https:\/\/www.swisscrochet.ch\/#website"},"primaryImageOfPage":{"@id":"https:\/\/www.swisscrochet.ch\/de\/produkt\/linda-skuja-tikls-pullover\/#primaryimage"},"image":{"@id":"https:\/\/www.swisscrochet.ch\/de\/produkt\/linda-skuja-tikls-pullover\/#primaryimage"},"thumbnailUrl":"https:\/\/www.swisscrochet.ch\/wp-content\/uploads\/2026\/03\/Tikls-Sweater-5.jpg","datePublished":"2026-03-28T08:53:07+00:00","dateModified":"2026-04-09T14:23:42+00:00","breadcrumb":{"@id":"https:\/\/www.swisscrochet.ch\/de\/produkt\/linda-skuja-tikls-pullover\/#breadcrumb"},"inLanguage":"de","potentialAction":[{"@type":"ReadAction","target":["https:\/\/www.swisscrochet.ch\/de\/produkt\/linda-skuja-tikls-pullover\/"]}]},{"@type":"ImageObject","inLanguage":"de","@id":"https:\/\/www.swisscrochet.ch\/de\/produkt\/linda-skuja-tikls-pullover\/#primaryimage","url":"https:\/\/www.swisscrochet.ch\/wp-content\/uploads\/2026\/03\/Tikls-Sweater-5.jpg","contentUrl":"https:\/\/www.swisscrochet.ch\/wp-content\/uploads\/2026\/03\/Tikls-Sweater-5.jpg","width":1240,"height":1860},{"@type":"BreadcrumbList","@id":"https:\/\/www.swisscrochet.ch\/de\/produkt\/linda-skuja-tikls-pullover\/#breadcrumb","itemListElement":[{"@type":"ListItem","position":1,"name":"Home","item":"https:\/\/www.swisscrochet.ch\/de\/"},{"@type":"ListItem","position":2,"name":"Shop","item":"https:\/\/www.swisscrochet.ch\/de\/shop\/"},{"@type":"ListItem","position":3,"name":"Linda Skuja \u2013 T\u012bkls Pullover"}]},{"@type":"WebSite","@id":"https:\/\/www.swisscrochet.ch\/#website","url":"https:\/\/www.swisscrochet.ch\/","name":"Swiss Crochet","description":"Entfalte dein kreatives Potenzial","potentialAction":[{"@type":"SearchAction","target":{"@type":"EntryPoint","urlTemplate":"https:\/\/www.swisscrochet.ch\/?s={search_term_string}"},"query-input":{"@type":"PropertyValueSpecification","valueRequired":true,"valueName":"search_term_string"}}],"inLanguage":"de"}]}},"_links":{"self":[{"href":"https:\/\/www.swisscrochet.ch\/de\/wp-json\/wp\/v2\/product\/29209","targetHints":{"allow":["GET"]}}],"collection":[{"href":"https:\/\/www.swisscrochet.ch\/de\/wp-json\/wp\/v2\/product"}],"about":[{"href":"https:\/\/www.swisscrochet.ch\/de\/wp-json\/wp\/v2\/types\/product"}],"wp:featuredmedia":[{"embeddable":true,"href":"https:\/\/www.swisscrochet.ch\/de\/wp-json\/wp\/v2\/media\/29190"}],"wp:attachment":[{"href":"https:\/\/www.swisscrochet.ch\/de\/wp-json\/wp\/v2\/media?parent=29209"}],"wp:term":[{"taxonomy":"product_brand","embeddable":true,"href":"https:\/\/www.swisscrochet.ch\/de\/wp-json\/wp\/v2\/product_brand?post=29209"},{"taxonomy":"product_cat","embeddable":true,"href":"https:\/\/www.swisscrochet.ch\/de\/wp-json\/wp\/v2\/product_cat?post=29209"},{"taxonomy":"product_tag","embeddable":true,"href":"https:\/\/www.swisscrochet.ch\/de\/wp-json\/wp\/v2\/product_tag?post=29209"}],"curies":[{"name":"wp","href":"https:\/\/api.w.org\/{rel}","templated":true}]}}