{"id":2923,"date":"2025-01-11T18:56:01","date_gmt":"2025-01-11T17:56:01","guid":{"rendered":"https:\/\/www.swisscrochet.ch\/product\/scheepjes-catona-25gr\/"},"modified":"2026-04-16T19:37:18","modified_gmt":"2026-04-16T17:37:18","slug":"scheepjes-catona-25gr","status":"publish","type":"product","link":"https:\/\/www.swisscrochet.ch\/de\/produkt\/scheepjes-catona-25gr\/","title":{"rendered":"Scheepjes &#8211; Catona &#8211; 25gr"},"content":{"rendered":"","protected":false},"excerpt":{"rendered":"<p>Scheepjes Catona ist ein 4-f\u00e4diges Fingering-Garn aus 100 % mercerisierter Baumwolle, das f\u00fcr seine nat\u00fcrliche Atmungsaktivit\u00e4t, seinen zarten Glanz und seine glatte, geschmeidige Textur gesch\u00e4tzt wird. Perfekt f\u00fcr eine Vielzahl von Projekten, von Kleidungsst\u00fccken und Accessoires bis hin zu Amigurumi, Spielzeug und Wohnaccessoires, ist Catona eine unverzichtbare Wahl f\u00fcr jeden H\u00e4klerin.<\/p>\n<p>Zertifiziert nach EN71-3 ist dieses Garn hautfreundlich und daher ideal f\u00fcr die Herstellung von Artikeln f\u00fcr Babys und Kinder geeignet. Ausserdem wird Catona unter Verwendung von recyceltem Abwasser hergestellt, was es zu einer umweltbewussten Option f\u00fcr nachhaltiges Handarbeiten macht.<\/p>\n<p>Die abgebildete Maschenprobe wurde im normalen Waschgang bei 40 \u00b0C maschinell gewaschen und anschliessend mit Dampf geb\u00fcgelt.<\/p>\n<p>Mit einer beeindruckenden Farbpalette von 146 Farben bietet Scheepjes Catona unendliche M\u00f6glichkeiten f\u00fcr kreative und farbenfrohe H\u00e4kelprojekte. W\u00e4hle Scheepjes Catona f\u00fcr Qualit\u00e4t, Vielseitigkeit und lebendige Farben in jedem Stich!<\/p>\n","protected":false},"featured_media":4102,"template":"","meta":[],"product_brand":[],"product_cat":[1879,1888,1884,226,1894,1881],"product_tag":[],"class_list":{"0":"post-2923","1":"product","2":"type-product","3":"status-publish","4":"has-post-thumbnail","6":"product_cat-garn-amigurumi","7":"product_cat-garn-basisgarne","8":"product_cat-garn-decken","9":"product_cat-garne","10":"product_cat-garn-kleidungsstucke","11":"product_cat-garn-taschen-und-home-decor","12":"pa_y1-brand-scheepjes-de","13":"pa_y17-yarn-weight-fingering-de","14":"description-off","16":"first","17":"instock","18":"taxable","19":"shipping-taxable","20":"purchasable","21":"product-type-variable","22":"wvs-archive-product-wrapper"},"bundled_by":["17694","17694","17694","17694","17694","17694","17694","17694","17694","17701","17701","17701","17701","17701","17701","17701","17707","17707","17707","17707","17707","29141","29141","29141","29141","29141","29141","29147","29147","29147","29150","29150","29150","29169","29169","29169","29169","29169","29169"],"bundle_stock_status":"instock","bundle_stock_quantity":null,"bundle_virtual":false,"bundle_layout":"","bundle_add_to_cart_form_location":"","bundle_editable_in_cart":false,"bundle_sold_individually_context":"","bundle_item_grouping":"","bundle_min_size":"","bundle_max_size":"","bundle_price":[],"bundled_items":[],"bundle_sell_ids":[],"yoast_head":"<!-- This site is optimized with the Yoast SEO plugin v27.5 - https:\/\/yoast.com\/product\/yoast-seo-wordpress\/ -->\n<title>Scheepjes - Catona - 25gr &#171; Swiss Crochet<\/title>\n<meta name=\"description\" content=\"Scheepjes Catona ist ein 4-f\u00e4diges mercerisiertes Baumwollgarn mit zartem Glanz. Perfekt f\u00fcr Amigurumi, Kleidung und mehr \u2013 in 109 leuchtenden Farben!\" \/>\n<meta name=\"robots\" content=\"index, follow, max-snippet:-1, max-image-preview:large, max-video-preview:-1\" \/>\n<link rel=\"canonical\" href=\"https:\/\/www.swisscrochet.ch\/de\/produkt\/scheepjes-catona-25gr\/\" \/>\n<meta property=\"og:locale\" content=\"de_DE\" \/>\n<meta property=\"og:type\" content=\"article\" \/>\n<meta property=\"og:title\" content=\"Scheepjes - Catona - 25gr &#171; Swiss Crochet\" \/>\n<meta property=\"og:description\" content=\"Scheepjes Catona ist ein 4-f\u00e4diges mercerisiertes Baumwollgarn mit zartem Glanz. Perfekt f\u00fcr Amigurumi, Kleidung und mehr \u2013 in 109 leuchtenden Farben!\" \/>\n<meta property=\"og:url\" content=\"https:\/\/www.swisscrochet.ch\/de\/produkt\/scheepjes-catona-25gr\/\" \/>\n<meta property=\"og:site_name\" content=\"Swiss Crochet\" \/>\n<meta property=\"article:modified_time\" content=\"2026-04-16T17:37:18+00:00\" \/>\n<meta property=\"og:image\" content=\"https:\/\/www.swisscrochet.ch\/wp-content\/uploads\/2025\/01\/Scheepjes-Catona-25gr-Overview.jpg\" \/>\n\t<meta property=\"og:image:width\" content=\"1000\" \/>\n\t<meta property=\"og:image:height\" content=\"1000\" \/>\n\t<meta property=\"og:image:type\" content=\"image\/jpeg\" \/>\n<meta name=\"twitter:card\" content=\"summary_large_image\" \/>\n<meta name=\"twitter:label1\" content=\"Gesch\u00e4tzte Lesezeit\" \/>\n\t<meta name=\"twitter:data1\" content=\"1\u00a0Minute\" \/>\n<script type=\"application\/ld+json\" class=\"yoast-schema-graph\">{\"@context\":\"https:\\\/\\\/schema.org\",\"@graph\":[{\"@type\":[\"WebPage\",\"ItemPage\"],\"@id\":\"https:\\\/\\\/www.swisscrochet.ch\\\/de\\\/produkt\\\/scheepjes-catona-25gr\\\/\",\"url\":\"https:\\\/\\\/www.swisscrochet.ch\\\/de\\\/produkt\\\/scheepjes-catona-25gr\\\/\",\"name\":\"Scheepjes - Catona - 25gr &#171; Swiss Crochet\",\"isPartOf\":{\"@id\":\"https:\\\/\\\/www.swisscrochet.ch\\\/#website\"},\"primaryImageOfPage\":{\"@id\":\"https:\\\/\\\/www.swisscrochet.ch\\\/de\\\/produkt\\\/scheepjes-catona-25gr\\\/#primaryimage\"},\"image\":{\"@id\":\"https:\\\/\\\/www.swisscrochet.ch\\\/de\\\/produkt\\\/scheepjes-catona-25gr\\\/#primaryimage\"},\"thumbnailUrl\":\"https:\\\/\\\/www.swisscrochet.ch\\\/wp-content\\\/uploads\\\/2025\\\/01\\\/Scheepjes-Catona-25gr-Overview.jpg\",\"datePublished\":\"2025-01-11T17:56:01+00:00\",\"dateModified\":\"2026-04-16T17:37:18+00:00\",\"description\":\"Scheepjes Catona ist ein 4-f\u00e4diges mercerisiertes Baumwollgarn mit zartem Glanz. Perfekt f\u00fcr Amigurumi, Kleidung und mehr \u2013 in 109 leuchtenden Farben!\",\"breadcrumb\":{\"@id\":\"https:\\\/\\\/www.swisscrochet.ch\\\/de\\\/produkt\\\/scheepjes-catona-25gr\\\/#breadcrumb\"},\"inLanguage\":\"de\",\"potentialAction\":[{\"@type\":\"ReadAction\",\"target\":[\"https:\\\/\\\/www.swisscrochet.ch\\\/de\\\/produkt\\\/scheepjes-catona-25gr\\\/\"]}]},{\"@type\":\"ImageObject\",\"inLanguage\":\"de\",\"@id\":\"https:\\\/\\\/www.swisscrochet.ch\\\/de\\\/produkt\\\/scheepjes-catona-25gr\\\/#primaryimage\",\"url\":\"https:\\\/\\\/www.swisscrochet.ch\\\/wp-content\\\/uploads\\\/2025\\\/01\\\/Scheepjes-Catona-25gr-Overview.jpg\",\"contentUrl\":\"https:\\\/\\\/www.swisscrochet.ch\\\/wp-content\\\/uploads\\\/2025\\\/01\\\/Scheepjes-Catona-25gr-Overview.jpg\",\"width\":1000,\"height\":1000},{\"@type\":\"BreadcrumbList\",\"@id\":\"https:\\\/\\\/www.swisscrochet.ch\\\/de\\\/produkt\\\/scheepjes-catona-25gr\\\/#breadcrumb\",\"itemListElement\":[{\"@type\":\"ListItem\",\"position\":1,\"name\":\"Home\",\"item\":\"https:\\\/\\\/www.swisscrochet.ch\\\/de\\\/\"},{\"@type\":\"ListItem\",\"position\":2,\"name\":\"Shop\",\"item\":\"https:\\\/\\\/www.swisscrochet.ch\\\/de\\\/shop\\\/\"},{\"@type\":\"ListItem\",\"position\":3,\"name\":\"Scheepjes &#8211; Catona &#8211; 25gr\"}]},{\"@type\":\"WebSite\",\"@id\":\"https:\\\/\\\/www.swisscrochet.ch\\\/#website\",\"url\":\"https:\\\/\\\/www.swisscrochet.ch\\\/\",\"name\":\"Swiss Crochet\",\"description\":\"Entfalte dein kreatives Potenzial\",\"potentialAction\":[{\"@type\":\"SearchAction\",\"target\":{\"@type\":\"EntryPoint\",\"urlTemplate\":\"https:\\\/\\\/www.swisscrochet.ch\\\/?s={search_term_string}\"},\"query-input\":{\"@type\":\"PropertyValueSpecification\",\"valueRequired\":true,\"valueName\":\"search_term_string\"}}],\"inLanguage\":\"de\"}]}<\/script>\n<!-- \/ Yoast SEO plugin. -->","yoast_head_json":{"title":"Scheepjes - Catona - 25gr &#171; Swiss Crochet","description":"Scheepjes Catona ist ein 4-f\u00e4diges mercerisiertes Baumwollgarn mit zartem Glanz. Perfekt f\u00fcr Amigurumi, Kleidung und mehr \u2013 in 109 leuchtenden Farben!","robots":{"index":"index","follow":"follow","max-snippet":"max-snippet:-1","max-image-preview":"max-image-preview:large","max-video-preview":"max-video-preview:-1"},"canonical":"https:\/\/www.swisscrochet.ch\/de\/produkt\/scheepjes-catona-25gr\/","og_locale":"de_DE","og_type":"article","og_title":"Scheepjes - Catona - 25gr &#171; Swiss Crochet","og_description":"Scheepjes Catona ist ein 4-f\u00e4diges mercerisiertes Baumwollgarn mit zartem Glanz. Perfekt f\u00fcr Amigurumi, Kleidung und mehr \u2013 in 109 leuchtenden Farben!","og_url":"https:\/\/www.swisscrochet.ch\/de\/produkt\/scheepjes-catona-25gr\/","og_site_name":"Swiss Crochet","article_modified_time":"2026-04-16T17:37:18+00:00","og_image":[{"width":1000,"height":1000,"url":"https:\/\/www.swisscrochet.ch\/wp-content\/uploads\/2025\/01\/Scheepjes-Catona-25gr-Overview.jpg","type":"image\/jpeg"}],"twitter_card":"summary_large_image","twitter_misc":{"Gesch\u00e4tzte Lesezeit":"1\u00a0Minute"},"schema":{"@context":"https:\/\/schema.org","@graph":[{"@type":["WebPage","ItemPage"],"@id":"https:\/\/www.swisscrochet.ch\/de\/produkt\/scheepjes-catona-25gr\/","url":"https:\/\/www.swisscrochet.ch\/de\/produkt\/scheepjes-catona-25gr\/","name":"Scheepjes - Catona - 25gr &#171; Swiss Crochet","isPartOf":{"@id":"https:\/\/www.swisscrochet.ch\/#website"},"primaryImageOfPage":{"@id":"https:\/\/www.swisscrochet.ch\/de\/produkt\/scheepjes-catona-25gr\/#primaryimage"},"image":{"@id":"https:\/\/www.swisscrochet.ch\/de\/produkt\/scheepjes-catona-25gr\/#primaryimage"},"thumbnailUrl":"https:\/\/www.swisscrochet.ch\/wp-content\/uploads\/2025\/01\/Scheepjes-Catona-25gr-Overview.jpg","datePublished":"2025-01-11T17:56:01+00:00","dateModified":"2026-04-16T17:37:18+00:00","description":"Scheepjes Catona ist ein 4-f\u00e4diges mercerisiertes Baumwollgarn mit zartem Glanz. Perfekt f\u00fcr Amigurumi, Kleidung und mehr \u2013 in 109 leuchtenden Farben!","breadcrumb":{"@id":"https:\/\/www.swisscrochet.ch\/de\/produkt\/scheepjes-catona-25gr\/#breadcrumb"},"inLanguage":"de","potentialAction":[{"@type":"ReadAction","target":["https:\/\/www.swisscrochet.ch\/de\/produkt\/scheepjes-catona-25gr\/"]}]},{"@type":"ImageObject","inLanguage":"de","@id":"https:\/\/www.swisscrochet.ch\/de\/produkt\/scheepjes-catona-25gr\/#primaryimage","url":"https:\/\/www.swisscrochet.ch\/wp-content\/uploads\/2025\/01\/Scheepjes-Catona-25gr-Overview.jpg","contentUrl":"https:\/\/www.swisscrochet.ch\/wp-content\/uploads\/2025\/01\/Scheepjes-Catona-25gr-Overview.jpg","width":1000,"height":1000},{"@type":"BreadcrumbList","@id":"https:\/\/www.swisscrochet.ch\/de\/produkt\/scheepjes-catona-25gr\/#breadcrumb","itemListElement":[{"@type":"ListItem","position":1,"name":"Home","item":"https:\/\/www.swisscrochet.ch\/de\/"},{"@type":"ListItem","position":2,"name":"Shop","item":"https:\/\/www.swisscrochet.ch\/de\/shop\/"},{"@type":"ListItem","position":3,"name":"Scheepjes &#8211; Catona &#8211; 25gr"}]},{"@type":"WebSite","@id":"https:\/\/www.swisscrochet.ch\/#website","url":"https:\/\/www.swisscrochet.ch\/","name":"Swiss Crochet","description":"Entfalte dein kreatives Potenzial","potentialAction":[{"@type":"SearchAction","target":{"@type":"EntryPoint","urlTemplate":"https:\/\/www.swisscrochet.ch\/?s={search_term_string}"},"query-input":{"@type":"PropertyValueSpecification","valueRequired":true,"valueName":"search_term_string"}}],"inLanguage":"de"}]}},"_links":{"self":[{"href":"https:\/\/www.swisscrochet.ch\/de\/wp-json\/wp\/v2\/product\/2923","targetHints":{"allow":["GET"]}}],"collection":[{"href":"https:\/\/www.swisscrochet.ch\/de\/wp-json\/wp\/v2\/product"}],"about":[{"href":"https:\/\/www.swisscrochet.ch\/de\/wp-json\/wp\/v2\/types\/product"}],"wp:featuredmedia":[{"embeddable":true,"href":"https:\/\/www.swisscrochet.ch\/de\/wp-json\/wp\/v2\/media\/4102"}],"wp:attachment":[{"href":"https:\/\/www.swisscrochet.ch\/de\/wp-json\/wp\/v2\/media?parent=2923"}],"wp:term":[{"taxonomy":"product_brand","embeddable":true,"href":"https:\/\/www.swisscrochet.ch\/de\/wp-json\/wp\/v2\/product_brand?post=2923"},{"taxonomy":"product_cat","embeddable":true,"href":"https:\/\/www.swisscrochet.ch\/de\/wp-json\/wp\/v2\/product_cat?post=2923"},{"taxonomy":"product_tag","embeddable":true,"href":"https:\/\/www.swisscrochet.ch\/de\/wp-json\/wp\/v2\/product_tag?post=2923"}],"curies":[{"name":"wp","href":"https:\/\/api.w.org\/{rel}","templated":true}]}}