{"id":29752,"date":"2026-04-11T13:13:10","date_gmt":"2026-04-11T11:13:10","guid":{"rendered":"https:\/\/www.swisscrochet.ch\/product\/daruma-yarn-swift-compact\/"},"modified":"2026-04-11T13:18:20","modified_gmt":"2026-04-11T11:18:20","slug":"daruma-garnhaspel-compact","status":"publish","type":"product","link":"https:\/\/www.swisscrochet.ch\/de\/produkt\/daruma-garnhaspel-compact\/","title":{"rendered":"Daruma &#8211; Garnhaspel Compact"},"content":{"rendered":"","protected":false},"excerpt":{"rendered":"<p>Wickle dein Garn m\u00fchelos mit der Daruma Garnhaspel Compact, einem praktischen und leichten Werkzeug f\u00fcr den t\u00e4glichen Gebrauch. Mit einem Gewicht von ca. 400 g ist diese kompakte Haspel einfach zu handhaben und zu verstauen \u2013 ideal f\u00fcr den Einsatz zu Hause und unterwegs.<\/p>\n<p>Gefertigt aus einer Kombination aus robustem Kunststoff und Metall, l\u00e4uft die Haspel gleichm\u00e4ssig und leise, sodass du dein Garn ohne unn\u00f6tige Ger\u00e4usche oder Widerstand wickeln kannst. Sie kann sowohl f\u00fcr vertikales als auch horizontales Wickeln eingestellt werden und bietet dir so Flexibilit\u00e4t je nach Arbeitsplatz und pers\u00f6nlicher Vorliebe.<\/p>\n<p>Geeignet f\u00fcr eine Vielzahl von Garnarten ist die Daruma Garnhaspel Compact eine zuverl\u00e4ssige und erschwingliche L\u00f6sung, um dein Garn ordentlich und einsatzbereit zu halten.<\/p>\n<p><strong>Details<\/strong><br \/>\n\u2013 Leicht und kompakt (ca. 400 g)<br \/>\n\u2013 Hergestellt aus Kunststoff und Metall<br \/>\n\u2013 F\u00fcr vertikale oder horizontale Nutzung geeignet<br \/>\n\u2013 Gleichm\u00e4ssiger, leiser Lauf<br \/>\n\u2013 Geeignet f\u00fcr alle Garnarten<br \/>\n\u2013 Ideal f\u00fcr Zuhause und unterwegs<\/p>\n<p>Ein einfaches, effizientes Werkzeug, um dein Garn \u00fcberall bequem aufzuwickeln.<\/p>\n","protected":false},"featured_media":29675,"template":"","meta":[],"product_brand":[],"product_cat":[220,571],"product_tag":[],"class_list":{"0":"post-29752","1":"product","2":"type-product","3":"status-publish","4":"has-post-thumbnail","6":"product_cat-hakelnadeln-und-zubehor","7":"product_cat-wickelzubehoer","8":"pa_t1-manufacturer-daruma","9":"description-off","11":"first","12":"instock","13":"taxable","14":"shipping-taxable","15":"purchasable","16":"product-type-simple"},"bundled_by":[],"bundle_stock_status":"instock","bundle_stock_quantity":3,"bundle_virtual":false,"bundle_layout":"","bundle_add_to_cart_form_location":"","bundle_editable_in_cart":false,"bundle_sold_individually_context":"","bundle_item_grouping":"","bundle_min_size":"","bundle_max_size":"","bundle_price":[],"bundled_items":[],"bundle_sell_ids":[],"yoast_head":"<!-- This site is optimized with the Yoast SEO plugin v27.4 - https:\/\/yoast.com\/product\/yoast-seo-wordpress\/ -->\n<title>Daruma - Garnhaspel Compact &#171; Swiss Crochet<\/title>\n<meta name=\"description\" content=\"Daruma Garnhaspel Compact, leicht und ger\u00e4uscharm. Einstellbar f\u00fcr vertikale oder horizontale Nutzung, ideal f\u00fcr alle Garnarten und reisefreundlich.\" \/>\n<meta name=\"robots\" content=\"index, follow, max-snippet:-1, max-image-preview:large, max-video-preview:-1\" \/>\n<link rel=\"canonical\" href=\"https:\/\/www.swisscrochet.ch\/de\/produkt\/daruma-garnhaspel-compact\/\" \/>\n<meta property=\"og:locale\" content=\"de_DE\" \/>\n<meta property=\"og:type\" content=\"article\" \/>\n<meta property=\"og:title\" content=\"Daruma - Garnhaspel Compact &#171; Swiss Crochet\" \/>\n<meta property=\"og:description\" content=\"Daruma Garnhaspel Compact, leicht und ger\u00e4uscharm. Einstellbar f\u00fcr vertikale oder horizontale Nutzung, ideal f\u00fcr alle Garnarten und reisefreundlich.\" \/>\n<meta property=\"og:url\" content=\"https:\/\/www.swisscrochet.ch\/de\/produkt\/daruma-garnhaspel-compact\/\" \/>\n<meta property=\"og:site_name\" content=\"Swiss Crochet\" \/>\n<meta property=\"article:modified_time\" content=\"2026-04-11T11:18:20+00:00\" \/>\n<meta property=\"og:image\" content=\"https:\/\/www.swisscrochet.ch\/wp-content\/uploads\/2026\/04\/Daruma-Yarn-Swift-Compact-Overview.jpg\" \/>\n\t<meta property=\"og:image:width\" content=\"1000\" \/>\n\t<meta property=\"og:image:height\" content=\"1000\" \/>\n\t<meta property=\"og:image:type\" content=\"image\/jpeg\" \/>\n<meta name=\"twitter:card\" content=\"summary_large_image\" \/>\n<meta name=\"twitter:label1\" content=\"Gesch\u00e4tzte Lesezeit\" \/>\n\t<meta name=\"twitter:data1\" content=\"1\u00a0Minute\" \/>\n<script type=\"application\/ld+json\" class=\"yoast-schema-graph\">{\"@context\":\"https:\\\/\\\/schema.org\",\"@graph\":[{\"@type\":[\"WebPage\",\"ItemPage\"],\"@id\":\"https:\\\/\\\/www.swisscrochet.ch\\\/de\\\/produkt\\\/daruma-garnhaspel-compact\\\/\",\"url\":\"https:\\\/\\\/www.swisscrochet.ch\\\/de\\\/produkt\\\/daruma-garnhaspel-compact\\\/\",\"name\":\"Daruma - Garnhaspel Compact &#171; Swiss Crochet\",\"isPartOf\":{\"@id\":\"https:\\\/\\\/www.swisscrochet.ch\\\/#website\"},\"primaryImageOfPage\":{\"@id\":\"https:\\\/\\\/www.swisscrochet.ch\\\/de\\\/produkt\\\/daruma-garnhaspel-compact\\\/#primaryimage\"},\"image\":{\"@id\":\"https:\\\/\\\/www.swisscrochet.ch\\\/de\\\/produkt\\\/daruma-garnhaspel-compact\\\/#primaryimage\"},\"thumbnailUrl\":\"https:\\\/\\\/www.swisscrochet.ch\\\/wp-content\\\/uploads\\\/2026\\\/04\\\/Daruma-Yarn-Swift-Compact-Overview.jpg\",\"datePublished\":\"2026-04-11T11:13:10+00:00\",\"dateModified\":\"2026-04-11T11:18:20+00:00\",\"description\":\"Daruma Garnhaspel Compact, leicht und ger\u00e4uscharm. Einstellbar f\u00fcr vertikale oder horizontale Nutzung, ideal f\u00fcr alle Garnarten und reisefreundlich.\",\"breadcrumb\":{\"@id\":\"https:\\\/\\\/www.swisscrochet.ch\\\/de\\\/produkt\\\/daruma-garnhaspel-compact\\\/#breadcrumb\"},\"inLanguage\":\"de\",\"potentialAction\":[{\"@type\":\"ReadAction\",\"target\":[\"https:\\\/\\\/www.swisscrochet.ch\\\/de\\\/produkt\\\/daruma-garnhaspel-compact\\\/\"]}]},{\"@type\":\"ImageObject\",\"inLanguage\":\"de\",\"@id\":\"https:\\\/\\\/www.swisscrochet.ch\\\/de\\\/produkt\\\/daruma-garnhaspel-compact\\\/#primaryimage\",\"url\":\"https:\\\/\\\/www.swisscrochet.ch\\\/wp-content\\\/uploads\\\/2026\\\/04\\\/Daruma-Yarn-Swift-Compact-Overview.jpg\",\"contentUrl\":\"https:\\\/\\\/www.swisscrochet.ch\\\/wp-content\\\/uploads\\\/2026\\\/04\\\/Daruma-Yarn-Swift-Compact-Overview.jpg\",\"width\":1000,\"height\":1000},{\"@type\":\"BreadcrumbList\",\"@id\":\"https:\\\/\\\/www.swisscrochet.ch\\\/de\\\/produkt\\\/daruma-garnhaspel-compact\\\/#breadcrumb\",\"itemListElement\":[{\"@type\":\"ListItem\",\"position\":1,\"name\":\"Home\",\"item\":\"https:\\\/\\\/www.swisscrochet.ch\\\/de\\\/\"},{\"@type\":\"ListItem\",\"position\":2,\"name\":\"Shop\",\"item\":\"https:\\\/\\\/www.swisscrochet.ch\\\/de\\\/shop\\\/\"},{\"@type\":\"ListItem\",\"position\":3,\"name\":\"Daruma &#8211; Garnhaspel Compact\"}]},{\"@type\":\"WebSite\",\"@id\":\"https:\\\/\\\/www.swisscrochet.ch\\\/#website\",\"url\":\"https:\\\/\\\/www.swisscrochet.ch\\\/\",\"name\":\"Swiss Crochet\",\"description\":\"Entfalte dein kreatives Potenzial\",\"potentialAction\":[{\"@type\":\"SearchAction\",\"target\":{\"@type\":\"EntryPoint\",\"urlTemplate\":\"https:\\\/\\\/www.swisscrochet.ch\\\/?s={search_term_string}\"},\"query-input\":{\"@type\":\"PropertyValueSpecification\",\"valueRequired\":true,\"valueName\":\"search_term_string\"}}],\"inLanguage\":\"de\"}]}<\/script>\n<!-- \/ Yoast SEO plugin. -->","yoast_head_json":{"title":"Daruma - Garnhaspel Compact &#171; Swiss Crochet","description":"Daruma Garnhaspel Compact, leicht und ger\u00e4uscharm. Einstellbar f\u00fcr vertikale oder horizontale Nutzung, ideal f\u00fcr alle Garnarten und reisefreundlich.","robots":{"index":"index","follow":"follow","max-snippet":"max-snippet:-1","max-image-preview":"max-image-preview:large","max-video-preview":"max-video-preview:-1"},"canonical":"https:\/\/www.swisscrochet.ch\/de\/produkt\/daruma-garnhaspel-compact\/","og_locale":"de_DE","og_type":"article","og_title":"Daruma - Garnhaspel Compact &#171; Swiss Crochet","og_description":"Daruma Garnhaspel Compact, leicht und ger\u00e4uscharm. Einstellbar f\u00fcr vertikale oder horizontale Nutzung, ideal f\u00fcr alle Garnarten und reisefreundlich.","og_url":"https:\/\/www.swisscrochet.ch\/de\/produkt\/daruma-garnhaspel-compact\/","og_site_name":"Swiss Crochet","article_modified_time":"2026-04-11T11:18:20+00:00","og_image":[{"width":1000,"height":1000,"url":"https:\/\/www.swisscrochet.ch\/wp-content\/uploads\/2026\/04\/Daruma-Yarn-Swift-Compact-Overview.jpg","type":"image\/jpeg"}],"twitter_card":"summary_large_image","twitter_misc":{"Gesch\u00e4tzte Lesezeit":"1\u00a0Minute"},"schema":{"@context":"https:\/\/schema.org","@graph":[{"@type":["WebPage","ItemPage"],"@id":"https:\/\/www.swisscrochet.ch\/de\/produkt\/daruma-garnhaspel-compact\/","url":"https:\/\/www.swisscrochet.ch\/de\/produkt\/daruma-garnhaspel-compact\/","name":"Daruma - Garnhaspel Compact &#171; Swiss Crochet","isPartOf":{"@id":"https:\/\/www.swisscrochet.ch\/#website"},"primaryImageOfPage":{"@id":"https:\/\/www.swisscrochet.ch\/de\/produkt\/daruma-garnhaspel-compact\/#primaryimage"},"image":{"@id":"https:\/\/www.swisscrochet.ch\/de\/produkt\/daruma-garnhaspel-compact\/#primaryimage"},"thumbnailUrl":"https:\/\/www.swisscrochet.ch\/wp-content\/uploads\/2026\/04\/Daruma-Yarn-Swift-Compact-Overview.jpg","datePublished":"2026-04-11T11:13:10+00:00","dateModified":"2026-04-11T11:18:20+00:00","description":"Daruma Garnhaspel Compact, leicht und ger\u00e4uscharm. Einstellbar f\u00fcr vertikale oder horizontale Nutzung, ideal f\u00fcr alle Garnarten und reisefreundlich.","breadcrumb":{"@id":"https:\/\/www.swisscrochet.ch\/de\/produkt\/daruma-garnhaspel-compact\/#breadcrumb"},"inLanguage":"de","potentialAction":[{"@type":"ReadAction","target":["https:\/\/www.swisscrochet.ch\/de\/produkt\/daruma-garnhaspel-compact\/"]}]},{"@type":"ImageObject","inLanguage":"de","@id":"https:\/\/www.swisscrochet.ch\/de\/produkt\/daruma-garnhaspel-compact\/#primaryimage","url":"https:\/\/www.swisscrochet.ch\/wp-content\/uploads\/2026\/04\/Daruma-Yarn-Swift-Compact-Overview.jpg","contentUrl":"https:\/\/www.swisscrochet.ch\/wp-content\/uploads\/2026\/04\/Daruma-Yarn-Swift-Compact-Overview.jpg","width":1000,"height":1000},{"@type":"BreadcrumbList","@id":"https:\/\/www.swisscrochet.ch\/de\/produkt\/daruma-garnhaspel-compact\/#breadcrumb","itemListElement":[{"@type":"ListItem","position":1,"name":"Home","item":"https:\/\/www.swisscrochet.ch\/de\/"},{"@type":"ListItem","position":2,"name":"Shop","item":"https:\/\/www.swisscrochet.ch\/de\/shop\/"},{"@type":"ListItem","position":3,"name":"Daruma &#8211; Garnhaspel Compact"}]},{"@type":"WebSite","@id":"https:\/\/www.swisscrochet.ch\/#website","url":"https:\/\/www.swisscrochet.ch\/","name":"Swiss Crochet","description":"Entfalte dein kreatives Potenzial","potentialAction":[{"@type":"SearchAction","target":{"@type":"EntryPoint","urlTemplate":"https:\/\/www.swisscrochet.ch\/?s={search_term_string}"},"query-input":{"@type":"PropertyValueSpecification","valueRequired":true,"valueName":"search_term_string"}}],"inLanguage":"de"}]}},"_links":{"self":[{"href":"https:\/\/www.swisscrochet.ch\/de\/wp-json\/wp\/v2\/product\/29752","targetHints":{"allow":["GET"]}}],"collection":[{"href":"https:\/\/www.swisscrochet.ch\/de\/wp-json\/wp\/v2\/product"}],"about":[{"href":"https:\/\/www.swisscrochet.ch\/de\/wp-json\/wp\/v2\/types\/product"}],"wp:featuredmedia":[{"embeddable":true,"href":"https:\/\/www.swisscrochet.ch\/de\/wp-json\/wp\/v2\/media\/29675"}],"wp:attachment":[{"href":"https:\/\/www.swisscrochet.ch\/de\/wp-json\/wp\/v2\/media?parent=29752"}],"wp:term":[{"taxonomy":"product_brand","embeddable":true,"href":"https:\/\/www.swisscrochet.ch\/de\/wp-json\/wp\/v2\/product_brand?post=29752"},{"taxonomy":"product_cat","embeddable":true,"href":"https:\/\/www.swisscrochet.ch\/de\/wp-json\/wp\/v2\/product_cat?post=29752"},{"taxonomy":"product_tag","embeddable":true,"href":"https:\/\/www.swisscrochet.ch\/de\/wp-json\/wp\/v2\/product_tag?post=29752"}],"curies":[{"name":"wp","href":"https:\/\/api.w.org\/{rel}","templated":true}]}}