{"id":29760,"date":"2026-04-11T13:25:41","date_gmt":"2026-04-11T11:25:41","guid":{"rendered":"https:\/\/www.swisscrochet.ch\/product\/daruma-yarn-winder\/"},"modified":"2026-04-11T13:33:39","modified_gmt":"2026-04-11T11:33:39","slug":"daruma-yarn-winder","status":"publish","type":"product","link":"https:\/\/www.swisscrochet.ch\/de\/produkt\/daruma-yarn-winder\/","title":{"rendered":"Daruma &#8211; Wollwickler"},"content":{"rendered":"","protected":false},"excerpt":{"rendered":"<p>Mache das Aufwickeln deines Garns einfach und effizient mit dem Daruma Wollwickler. Dieses leichte und erschwingliche Werkzeug verwandelt Str\u00e4nge in ordentliche, leicht zu verwendende Kn\u00e4uel mit Innenfaden und hilft dir, deine Projekte organisiert und frei von Verheddern zu halten.<\/p>\n<p>Hergestellt aus robustem Kunststoff, l\u00e4uft der Wickler gleichm\u00e4ssig und eignet sich f\u00fcr die meisten Standard-Garnarten. Er ist die ideale Wahl f\u00fcr den t\u00e4glichen Gebrauch, egal ob du Garn f\u00fcr ein neues Projekt vorbereitest oder teilweise verwendete Str\u00e4nge neu aufwickelst.<\/p>\n<p><strong>Bitte beachte:<\/strong> Dieser Wollwickler ist am besten f\u00fcr kleine bis mittelgrosse Str\u00e4nge geeignet und funktioniert m\u00f6glicherweise nicht optimal mit sehr dicken Garnen oder \u00fcbergrossen Str\u00e4ngen.<\/p>\n<p><strong>Details<\/strong><br \/>\n\u2013 Leicht und einfach zu bedienen<br \/>\n\u2013 Hergestellt aus robustem Kunststoff<br \/>\n\u2013 Geeignet f\u00fcr die meisten Garnarten<br \/>\n\u2013 Ideal zum Aufwickeln von Str\u00e4ngen zu Kn\u00e4ueln mit Innenfaden<br \/>\n\u2013 Nicht empfohlen f\u00fcr sehr dicke Garne oder grosse Str\u00e4nge<\/p>\n<p>Ein praktisches und zug\u00e4ngliches Werkzeug, damit dein Garn jederzeit einsatzbereit ist.<\/p>\n","protected":false},"featured_media":29707,"template":"","meta":[],"product_brand":[],"product_cat":[220,571],"product_tag":[],"class_list":{"0":"post-29760","1":"product","2":"type-product","3":"status-publish","4":"has-post-thumbnail","6":"product_cat-hakelnadeln-und-zubehor","7":"product_cat-wickelzubehoer","8":"pa_t1-manufacturer-daruma","9":"description-off","11":"first","12":"instock","13":"taxable","14":"shipping-taxable","15":"purchasable","16":"product-type-simple"},"bundled_by":[],"bundle_stock_status":"instock","bundle_stock_quantity":3,"bundle_virtual":false,"bundle_layout":"","bundle_add_to_cart_form_location":"","bundle_editable_in_cart":false,"bundle_sold_individually_context":"","bundle_item_grouping":"","bundle_min_size":"","bundle_max_size":"","bundle_price":[],"bundled_items":[],"bundle_sell_ids":[],"yoast_head":"<!-- This site is optimized with the Yoast SEO plugin v27.4 - https:\/\/yoast.com\/product\/yoast-seo-wordpress\/ -->\n<title>Daruma - Wollwickler &#171; Swiss Crochet<\/title>\n<meta name=\"description\" content=\"Daruma Wollwickler f\u00fcr einfach zu verwendende Kn\u00e4uel mit Innenfaden. Leichtes und preiswertes Werkzeug zum Aufwickeln von Str\u00e4ngen. Ideal f\u00fcr die meisten Garnarten.\" \/>\n<meta name=\"robots\" content=\"index, follow, max-snippet:-1, max-image-preview:large, max-video-preview:-1\" \/>\n<link rel=\"canonical\" href=\"https:\/\/www.swisscrochet.ch\/de\/produkt\/daruma-yarn-winder\/\" \/>\n<meta property=\"og:locale\" content=\"de_DE\" \/>\n<meta property=\"og:type\" content=\"article\" \/>\n<meta property=\"og:title\" content=\"Daruma - Wollwickler &#171; Swiss Crochet\" \/>\n<meta property=\"og:description\" content=\"Daruma Wollwickler f\u00fcr einfach zu verwendende Kn\u00e4uel mit Innenfaden. Leichtes und preiswertes Werkzeug zum Aufwickeln von Str\u00e4ngen. Ideal f\u00fcr die meisten Garnarten.\" \/>\n<meta property=\"og:url\" content=\"https:\/\/www.swisscrochet.ch\/de\/produkt\/daruma-yarn-winder\/\" \/>\n<meta property=\"og:site_name\" content=\"Swiss Crochet\" \/>\n<meta property=\"article:modified_time\" content=\"2026-04-11T11:33:39+00:00\" \/>\n<meta property=\"og:image\" content=\"https:\/\/www.swisscrochet.ch\/wp-content\/uploads\/2026\/04\/Daruma-Yarn-Winder-Overview.jpg\" \/>\n\t<meta property=\"og:image:width\" content=\"1000\" \/>\n\t<meta property=\"og:image:height\" content=\"1000\" \/>\n\t<meta property=\"og:image:type\" content=\"image\/jpeg\" \/>\n<meta name=\"twitter:card\" content=\"summary_large_image\" \/>\n<meta name=\"twitter:label1\" content=\"Gesch\u00e4tzte Lesezeit\" \/>\n\t<meta name=\"twitter:data1\" content=\"1\u00a0Minute\" \/>\n<script type=\"application\/ld+json\" class=\"yoast-schema-graph\">{\"@context\":\"https:\\\/\\\/schema.org\",\"@graph\":[{\"@type\":[\"WebPage\",\"ItemPage\"],\"@id\":\"https:\\\/\\\/www.swisscrochet.ch\\\/de\\\/produkt\\\/daruma-yarn-winder\\\/\",\"url\":\"https:\\\/\\\/www.swisscrochet.ch\\\/de\\\/produkt\\\/daruma-yarn-winder\\\/\",\"name\":\"Daruma - Wollwickler &#171; Swiss Crochet\",\"isPartOf\":{\"@id\":\"https:\\\/\\\/www.swisscrochet.ch\\\/#website\"},\"primaryImageOfPage\":{\"@id\":\"https:\\\/\\\/www.swisscrochet.ch\\\/de\\\/produkt\\\/daruma-yarn-winder\\\/#primaryimage\"},\"image\":{\"@id\":\"https:\\\/\\\/www.swisscrochet.ch\\\/de\\\/produkt\\\/daruma-yarn-winder\\\/#primaryimage\"},\"thumbnailUrl\":\"https:\\\/\\\/www.swisscrochet.ch\\\/wp-content\\\/uploads\\\/2026\\\/04\\\/Daruma-Yarn-Winder-Overview.jpg\",\"datePublished\":\"2026-04-11T11:25:41+00:00\",\"dateModified\":\"2026-04-11T11:33:39+00:00\",\"description\":\"Daruma Wollwickler f\u00fcr einfach zu verwendende Kn\u00e4uel mit Innenfaden. Leichtes und preiswertes Werkzeug zum Aufwickeln von Str\u00e4ngen. Ideal f\u00fcr die meisten Garnarten.\",\"breadcrumb\":{\"@id\":\"https:\\\/\\\/www.swisscrochet.ch\\\/de\\\/produkt\\\/daruma-yarn-winder\\\/#breadcrumb\"},\"inLanguage\":\"de\",\"potentialAction\":[{\"@type\":\"ReadAction\",\"target\":[\"https:\\\/\\\/www.swisscrochet.ch\\\/de\\\/produkt\\\/daruma-yarn-winder\\\/\"]}]},{\"@type\":\"ImageObject\",\"inLanguage\":\"de\",\"@id\":\"https:\\\/\\\/www.swisscrochet.ch\\\/de\\\/produkt\\\/daruma-yarn-winder\\\/#primaryimage\",\"url\":\"https:\\\/\\\/www.swisscrochet.ch\\\/wp-content\\\/uploads\\\/2026\\\/04\\\/Daruma-Yarn-Winder-Overview.jpg\",\"contentUrl\":\"https:\\\/\\\/www.swisscrochet.ch\\\/wp-content\\\/uploads\\\/2026\\\/04\\\/Daruma-Yarn-Winder-Overview.jpg\",\"width\":1000,\"height\":1000},{\"@type\":\"BreadcrumbList\",\"@id\":\"https:\\\/\\\/www.swisscrochet.ch\\\/de\\\/produkt\\\/daruma-yarn-winder\\\/#breadcrumb\",\"itemListElement\":[{\"@type\":\"ListItem\",\"position\":1,\"name\":\"Home\",\"item\":\"https:\\\/\\\/www.swisscrochet.ch\\\/de\\\/\"},{\"@type\":\"ListItem\",\"position\":2,\"name\":\"Shop\",\"item\":\"https:\\\/\\\/www.swisscrochet.ch\\\/de\\\/shop\\\/\"},{\"@type\":\"ListItem\",\"position\":3,\"name\":\"Daruma &#8211; Wollwickler\"}]},{\"@type\":\"WebSite\",\"@id\":\"https:\\\/\\\/www.swisscrochet.ch\\\/#website\",\"url\":\"https:\\\/\\\/www.swisscrochet.ch\\\/\",\"name\":\"Swiss Crochet\",\"description\":\"Entfalte dein kreatives Potenzial\",\"potentialAction\":[{\"@type\":\"SearchAction\",\"target\":{\"@type\":\"EntryPoint\",\"urlTemplate\":\"https:\\\/\\\/www.swisscrochet.ch\\\/?s={search_term_string}\"},\"query-input\":{\"@type\":\"PropertyValueSpecification\",\"valueRequired\":true,\"valueName\":\"search_term_string\"}}],\"inLanguage\":\"de\"}]}<\/script>\n<!-- \/ Yoast SEO plugin. -->","yoast_head_json":{"title":"Daruma - Wollwickler &#171; Swiss Crochet","description":"Daruma Wollwickler f\u00fcr einfach zu verwendende Kn\u00e4uel mit Innenfaden. Leichtes und preiswertes Werkzeug zum Aufwickeln von Str\u00e4ngen. Ideal f\u00fcr die meisten Garnarten.","robots":{"index":"index","follow":"follow","max-snippet":"max-snippet:-1","max-image-preview":"max-image-preview:large","max-video-preview":"max-video-preview:-1"},"canonical":"https:\/\/www.swisscrochet.ch\/de\/produkt\/daruma-yarn-winder\/","og_locale":"de_DE","og_type":"article","og_title":"Daruma - Wollwickler &#171; Swiss Crochet","og_description":"Daruma Wollwickler f\u00fcr einfach zu verwendende Kn\u00e4uel mit Innenfaden. Leichtes und preiswertes Werkzeug zum Aufwickeln von Str\u00e4ngen. Ideal f\u00fcr die meisten Garnarten.","og_url":"https:\/\/www.swisscrochet.ch\/de\/produkt\/daruma-yarn-winder\/","og_site_name":"Swiss Crochet","article_modified_time":"2026-04-11T11:33:39+00:00","og_image":[{"width":1000,"height":1000,"url":"https:\/\/www.swisscrochet.ch\/wp-content\/uploads\/2026\/04\/Daruma-Yarn-Winder-Overview.jpg","type":"image\/jpeg"}],"twitter_card":"summary_large_image","twitter_misc":{"Gesch\u00e4tzte Lesezeit":"1\u00a0Minute"},"schema":{"@context":"https:\/\/schema.org","@graph":[{"@type":["WebPage","ItemPage"],"@id":"https:\/\/www.swisscrochet.ch\/de\/produkt\/daruma-yarn-winder\/","url":"https:\/\/www.swisscrochet.ch\/de\/produkt\/daruma-yarn-winder\/","name":"Daruma - Wollwickler &#171; Swiss Crochet","isPartOf":{"@id":"https:\/\/www.swisscrochet.ch\/#website"},"primaryImageOfPage":{"@id":"https:\/\/www.swisscrochet.ch\/de\/produkt\/daruma-yarn-winder\/#primaryimage"},"image":{"@id":"https:\/\/www.swisscrochet.ch\/de\/produkt\/daruma-yarn-winder\/#primaryimage"},"thumbnailUrl":"https:\/\/www.swisscrochet.ch\/wp-content\/uploads\/2026\/04\/Daruma-Yarn-Winder-Overview.jpg","datePublished":"2026-04-11T11:25:41+00:00","dateModified":"2026-04-11T11:33:39+00:00","description":"Daruma Wollwickler f\u00fcr einfach zu verwendende Kn\u00e4uel mit Innenfaden. Leichtes und preiswertes Werkzeug zum Aufwickeln von Str\u00e4ngen. Ideal f\u00fcr die meisten Garnarten.","breadcrumb":{"@id":"https:\/\/www.swisscrochet.ch\/de\/produkt\/daruma-yarn-winder\/#breadcrumb"},"inLanguage":"de","potentialAction":[{"@type":"ReadAction","target":["https:\/\/www.swisscrochet.ch\/de\/produkt\/daruma-yarn-winder\/"]}]},{"@type":"ImageObject","inLanguage":"de","@id":"https:\/\/www.swisscrochet.ch\/de\/produkt\/daruma-yarn-winder\/#primaryimage","url":"https:\/\/www.swisscrochet.ch\/wp-content\/uploads\/2026\/04\/Daruma-Yarn-Winder-Overview.jpg","contentUrl":"https:\/\/www.swisscrochet.ch\/wp-content\/uploads\/2026\/04\/Daruma-Yarn-Winder-Overview.jpg","width":1000,"height":1000},{"@type":"BreadcrumbList","@id":"https:\/\/www.swisscrochet.ch\/de\/produkt\/daruma-yarn-winder\/#breadcrumb","itemListElement":[{"@type":"ListItem","position":1,"name":"Home","item":"https:\/\/www.swisscrochet.ch\/de\/"},{"@type":"ListItem","position":2,"name":"Shop","item":"https:\/\/www.swisscrochet.ch\/de\/shop\/"},{"@type":"ListItem","position":3,"name":"Daruma &#8211; Wollwickler"}]},{"@type":"WebSite","@id":"https:\/\/www.swisscrochet.ch\/#website","url":"https:\/\/www.swisscrochet.ch\/","name":"Swiss Crochet","description":"Entfalte dein kreatives Potenzial","potentialAction":[{"@type":"SearchAction","target":{"@type":"EntryPoint","urlTemplate":"https:\/\/www.swisscrochet.ch\/?s={search_term_string}"},"query-input":{"@type":"PropertyValueSpecification","valueRequired":true,"valueName":"search_term_string"}}],"inLanguage":"de"}]}},"_links":{"self":[{"href":"https:\/\/www.swisscrochet.ch\/de\/wp-json\/wp\/v2\/product\/29760","targetHints":{"allow":["GET"]}}],"collection":[{"href":"https:\/\/www.swisscrochet.ch\/de\/wp-json\/wp\/v2\/product"}],"about":[{"href":"https:\/\/www.swisscrochet.ch\/de\/wp-json\/wp\/v2\/types\/product"}],"wp:featuredmedia":[{"embeddable":true,"href":"https:\/\/www.swisscrochet.ch\/de\/wp-json\/wp\/v2\/media\/29707"}],"wp:attachment":[{"href":"https:\/\/www.swisscrochet.ch\/de\/wp-json\/wp\/v2\/media?parent=29760"}],"wp:term":[{"taxonomy":"product_brand","embeddable":true,"href":"https:\/\/www.swisscrochet.ch\/de\/wp-json\/wp\/v2\/product_brand?post=29760"},{"taxonomy":"product_cat","embeddable":true,"href":"https:\/\/www.swisscrochet.ch\/de\/wp-json\/wp\/v2\/product_cat?post=29760"},{"taxonomy":"product_tag","embeddable":true,"href":"https:\/\/www.swisscrochet.ch\/de\/wp-json\/wp\/v2\/product_tag?post=29760"}],"curies":[{"name":"wp","href":"https:\/\/api.w.org\/{rel}","templated":true}]}}