{"id":29768,"date":"2026-04-11T13:42:44","date_gmt":"2026-04-11T11:42:44","guid":{"rendered":"https:\/\/www.swisscrochet.ch\/product\/clover-yarn-winder\/"},"modified":"2026-04-11T13:50:17","modified_gmt":"2026-04-11T11:50:17","slug":"clover-wollwickler","status":"publish","type":"product","link":"https:\/\/www.swisscrochet.ch\/de\/produkt\/clover-wollwickler\/","title":{"rendered":"Clover &#8211; Wollwickler"},"content":{"rendered":"","protected":false},"excerpt":{"rendered":"<p>Wickle dein Garn gleichm\u00e4ssig und m\u00fchelos mit dem Clover Wollwickler. Dieses kompakte und leichte Werkzeug vereint zuverl\u00e4ssige Leistung mit einem durchdachten Design und macht die t\u00e4gliche Anwendung besonders angenehm.<\/p>\n<p>Hergestellt aus robustem Kunststoff in einem charakteristischen Dunkelblau, l\u00e4uft der Wickler leise und mit minimalem Kraftaufwand. Er verwandelt Str\u00e4nge ganz einfach in ordentliche Kn\u00e4uel mit Innenfaden und hilft dir, dein Garn organisiert und einsatzbereit zu halten.<\/p>\n<p>Der Clover Wollwickler ist f\u00fcr eine Vielzahl von Garnarten geeignet \u2013 von feinen Garnen bis hin zu dickeren Qualit\u00e4ten und gr\u00f6sseren Str\u00e4ngen \u2013 und bietet dabei Vielseitigkeit ohne Kompromisse bei der Leistung.<\/p>\n<p>Ein hochwertiges Werkzeug zu einem zug\u00e4nglichen Preis \u2013 ideal f\u00fcr H\u00e4klerinnen, die Wert auf Funktionalit\u00e4t und Langlebigkeit legen.<\/p>\n<p><strong>Details<\/strong><br \/>\n\u2013 Kompaktes und leichtes Design<br \/>\n\u2013 Hergestellt aus robustem Kunststoff<br \/>\n\u2013 Gleichm\u00e4ssiger und leiser Lauf<br \/>\n\u2013 Erstellt ordentliche Kn\u00e4uel mit Innenfaden<br \/>\n\u2013 Geeignet f\u00fcr alle Garnarten, auch f\u00fcr dicke Garne und grosse Str\u00e4nge<\/p>\n<p>Ein zuverl\u00e4ssiges und hochwertig verarbeitetes Werkzeug, um dein Garn m\u00fchelos und pr\u00e4zise vorzubereiten.<\/p>\n","protected":false},"featured_media":29723,"template":"","meta":[],"product_brand":[],"product_cat":[220,571],"product_tag":[],"class_list":{"0":"post-29768","1":"product","2":"type-product","3":"status-publish","4":"has-post-thumbnail","6":"product_cat-hakelnadeln-und-zubehor","7":"product_cat-wickelzubehoer","8":"pa_t1-manufacturer-clover-de","9":"description-off","11":"first","12":"instock","13":"taxable","14":"shipping-taxable","15":"purchasable","16":"product-type-simple"},"bundled_by":[],"bundle_stock_status":"instock","bundle_stock_quantity":3,"bundle_virtual":false,"bundle_layout":"","bundle_add_to_cart_form_location":"","bundle_editable_in_cart":false,"bundle_sold_individually_context":"","bundle_item_grouping":"","bundle_min_size":"","bundle_max_size":"","bundle_price":[],"bundled_items":[],"bundle_sell_ids":[],"yoast_head":"<!-- This site is optimized with the Yoast SEO plugin v27.4 - https:\/\/yoast.com\/product\/yoast-seo-wordpress\/ -->\n<title>Clover - Wollwickler &#171; Swiss Crochet<\/title>\n<meta name=\"description\" content=\"Clover Wollwickler in Dunkelblau. Kompaktes, gleichm\u00e4ssiges und leises Werkzeug zum Herstellen von Kn\u00e4ueln mit Innenfaden. Geeignet f\u00fcr alle Garnarten, auch f\u00fcr dicke Garne und grosse Str\u00e4nge.\" \/>\n<meta name=\"robots\" content=\"index, follow, max-snippet:-1, max-image-preview:large, max-video-preview:-1\" \/>\n<link rel=\"canonical\" href=\"https:\/\/www.swisscrochet.ch\/de\/produkt\/clover-wollwickler\/\" \/>\n<meta property=\"og:locale\" content=\"de_DE\" \/>\n<meta property=\"og:type\" content=\"article\" \/>\n<meta property=\"og:title\" content=\"Clover - Wollwickler &#171; Swiss Crochet\" \/>\n<meta property=\"og:description\" content=\"Clover Wollwickler in Dunkelblau. Kompaktes, gleichm\u00e4ssiges und leises Werkzeug zum Herstellen von Kn\u00e4ueln mit Innenfaden. Geeignet f\u00fcr alle Garnarten, auch f\u00fcr dicke Garne und grosse Str\u00e4nge.\" \/>\n<meta property=\"og:url\" content=\"https:\/\/www.swisscrochet.ch\/de\/produkt\/clover-wollwickler\/\" \/>\n<meta property=\"og:site_name\" content=\"Swiss Crochet\" \/>\n<meta property=\"article:modified_time\" content=\"2026-04-11T11:50:17+00:00\" \/>\n<meta property=\"og:image\" content=\"https:\/\/www.swisscrochet.ch\/wp-content\/uploads\/2026\/04\/Clover-Yarn-Winder-Overview.jpg\" \/>\n\t<meta property=\"og:image:width\" content=\"1000\" \/>\n\t<meta property=\"og:image:height\" content=\"1000\" \/>\n\t<meta property=\"og:image:type\" content=\"image\/jpeg\" \/>\n<meta name=\"twitter:card\" content=\"summary_large_image\" \/>\n<meta name=\"twitter:label1\" content=\"Gesch\u00e4tzte Lesezeit\" \/>\n\t<meta name=\"twitter:data1\" content=\"1\u00a0Minute\" \/>\n<script type=\"application\/ld+json\" class=\"yoast-schema-graph\">{\"@context\":\"https:\\\/\\\/schema.org\",\"@graph\":[{\"@type\":[\"WebPage\",\"ItemPage\"],\"@id\":\"https:\\\/\\\/www.swisscrochet.ch\\\/de\\\/produkt\\\/clover-wollwickler\\\/\",\"url\":\"https:\\\/\\\/www.swisscrochet.ch\\\/de\\\/produkt\\\/clover-wollwickler\\\/\",\"name\":\"Clover - Wollwickler &#171; Swiss Crochet\",\"isPartOf\":{\"@id\":\"https:\\\/\\\/www.swisscrochet.ch\\\/#website\"},\"primaryImageOfPage\":{\"@id\":\"https:\\\/\\\/www.swisscrochet.ch\\\/de\\\/produkt\\\/clover-wollwickler\\\/#primaryimage\"},\"image\":{\"@id\":\"https:\\\/\\\/www.swisscrochet.ch\\\/de\\\/produkt\\\/clover-wollwickler\\\/#primaryimage\"},\"thumbnailUrl\":\"https:\\\/\\\/www.swisscrochet.ch\\\/wp-content\\\/uploads\\\/2026\\\/04\\\/Clover-Yarn-Winder-Overview.jpg\",\"datePublished\":\"2026-04-11T11:42:44+00:00\",\"dateModified\":\"2026-04-11T11:50:17+00:00\",\"description\":\"Clover Wollwickler in Dunkelblau. Kompaktes, gleichm\u00e4ssiges und leises Werkzeug zum Herstellen von Kn\u00e4ueln mit Innenfaden. Geeignet f\u00fcr alle Garnarten, auch f\u00fcr dicke Garne und grosse Str\u00e4nge.\",\"breadcrumb\":{\"@id\":\"https:\\\/\\\/www.swisscrochet.ch\\\/de\\\/produkt\\\/clover-wollwickler\\\/#breadcrumb\"},\"inLanguage\":\"de\",\"potentialAction\":[{\"@type\":\"ReadAction\",\"target\":[\"https:\\\/\\\/www.swisscrochet.ch\\\/de\\\/produkt\\\/clover-wollwickler\\\/\"]}]},{\"@type\":\"ImageObject\",\"inLanguage\":\"de\",\"@id\":\"https:\\\/\\\/www.swisscrochet.ch\\\/de\\\/produkt\\\/clover-wollwickler\\\/#primaryimage\",\"url\":\"https:\\\/\\\/www.swisscrochet.ch\\\/wp-content\\\/uploads\\\/2026\\\/04\\\/Clover-Yarn-Winder-Overview.jpg\",\"contentUrl\":\"https:\\\/\\\/www.swisscrochet.ch\\\/wp-content\\\/uploads\\\/2026\\\/04\\\/Clover-Yarn-Winder-Overview.jpg\",\"width\":1000,\"height\":1000},{\"@type\":\"BreadcrumbList\",\"@id\":\"https:\\\/\\\/www.swisscrochet.ch\\\/de\\\/produkt\\\/clover-wollwickler\\\/#breadcrumb\",\"itemListElement\":[{\"@type\":\"ListItem\",\"position\":1,\"name\":\"Home\",\"item\":\"https:\\\/\\\/www.swisscrochet.ch\\\/de\\\/\"},{\"@type\":\"ListItem\",\"position\":2,\"name\":\"Shop\",\"item\":\"https:\\\/\\\/www.swisscrochet.ch\\\/de\\\/shop\\\/\"},{\"@type\":\"ListItem\",\"position\":3,\"name\":\"Clover &#8211; Wollwickler\"}]},{\"@type\":\"WebSite\",\"@id\":\"https:\\\/\\\/www.swisscrochet.ch\\\/#website\",\"url\":\"https:\\\/\\\/www.swisscrochet.ch\\\/\",\"name\":\"Swiss Crochet\",\"description\":\"Entfalte dein kreatives Potenzial\",\"potentialAction\":[{\"@type\":\"SearchAction\",\"target\":{\"@type\":\"EntryPoint\",\"urlTemplate\":\"https:\\\/\\\/www.swisscrochet.ch\\\/?s={search_term_string}\"},\"query-input\":{\"@type\":\"PropertyValueSpecification\",\"valueRequired\":true,\"valueName\":\"search_term_string\"}}],\"inLanguage\":\"de\"}]}<\/script>\n<!-- \/ Yoast SEO plugin. -->","yoast_head_json":{"title":"Clover - Wollwickler &#171; Swiss Crochet","description":"Clover Wollwickler in Dunkelblau. Kompaktes, gleichm\u00e4ssiges und leises Werkzeug zum Herstellen von Kn\u00e4ueln mit Innenfaden. Geeignet f\u00fcr alle Garnarten, auch f\u00fcr dicke Garne und grosse Str\u00e4nge.","robots":{"index":"index","follow":"follow","max-snippet":"max-snippet:-1","max-image-preview":"max-image-preview:large","max-video-preview":"max-video-preview:-1"},"canonical":"https:\/\/www.swisscrochet.ch\/de\/produkt\/clover-wollwickler\/","og_locale":"de_DE","og_type":"article","og_title":"Clover - Wollwickler &#171; Swiss Crochet","og_description":"Clover Wollwickler in Dunkelblau. Kompaktes, gleichm\u00e4ssiges und leises Werkzeug zum Herstellen von Kn\u00e4ueln mit Innenfaden. Geeignet f\u00fcr alle Garnarten, auch f\u00fcr dicke Garne und grosse Str\u00e4nge.","og_url":"https:\/\/www.swisscrochet.ch\/de\/produkt\/clover-wollwickler\/","og_site_name":"Swiss Crochet","article_modified_time":"2026-04-11T11:50:17+00:00","og_image":[{"width":1000,"height":1000,"url":"https:\/\/www.swisscrochet.ch\/wp-content\/uploads\/2026\/04\/Clover-Yarn-Winder-Overview.jpg","type":"image\/jpeg"}],"twitter_card":"summary_large_image","twitter_misc":{"Gesch\u00e4tzte Lesezeit":"1\u00a0Minute"},"schema":{"@context":"https:\/\/schema.org","@graph":[{"@type":["WebPage","ItemPage"],"@id":"https:\/\/www.swisscrochet.ch\/de\/produkt\/clover-wollwickler\/","url":"https:\/\/www.swisscrochet.ch\/de\/produkt\/clover-wollwickler\/","name":"Clover - Wollwickler &#171; Swiss Crochet","isPartOf":{"@id":"https:\/\/www.swisscrochet.ch\/#website"},"primaryImageOfPage":{"@id":"https:\/\/www.swisscrochet.ch\/de\/produkt\/clover-wollwickler\/#primaryimage"},"image":{"@id":"https:\/\/www.swisscrochet.ch\/de\/produkt\/clover-wollwickler\/#primaryimage"},"thumbnailUrl":"https:\/\/www.swisscrochet.ch\/wp-content\/uploads\/2026\/04\/Clover-Yarn-Winder-Overview.jpg","datePublished":"2026-04-11T11:42:44+00:00","dateModified":"2026-04-11T11:50:17+00:00","description":"Clover Wollwickler in Dunkelblau. Kompaktes, gleichm\u00e4ssiges und leises Werkzeug zum Herstellen von Kn\u00e4ueln mit Innenfaden. Geeignet f\u00fcr alle Garnarten, auch f\u00fcr dicke Garne und grosse Str\u00e4nge.","breadcrumb":{"@id":"https:\/\/www.swisscrochet.ch\/de\/produkt\/clover-wollwickler\/#breadcrumb"},"inLanguage":"de","potentialAction":[{"@type":"ReadAction","target":["https:\/\/www.swisscrochet.ch\/de\/produkt\/clover-wollwickler\/"]}]},{"@type":"ImageObject","inLanguage":"de","@id":"https:\/\/www.swisscrochet.ch\/de\/produkt\/clover-wollwickler\/#primaryimage","url":"https:\/\/www.swisscrochet.ch\/wp-content\/uploads\/2026\/04\/Clover-Yarn-Winder-Overview.jpg","contentUrl":"https:\/\/www.swisscrochet.ch\/wp-content\/uploads\/2026\/04\/Clover-Yarn-Winder-Overview.jpg","width":1000,"height":1000},{"@type":"BreadcrumbList","@id":"https:\/\/www.swisscrochet.ch\/de\/produkt\/clover-wollwickler\/#breadcrumb","itemListElement":[{"@type":"ListItem","position":1,"name":"Home","item":"https:\/\/www.swisscrochet.ch\/de\/"},{"@type":"ListItem","position":2,"name":"Shop","item":"https:\/\/www.swisscrochet.ch\/de\/shop\/"},{"@type":"ListItem","position":3,"name":"Clover &#8211; Wollwickler"}]},{"@type":"WebSite","@id":"https:\/\/www.swisscrochet.ch\/#website","url":"https:\/\/www.swisscrochet.ch\/","name":"Swiss Crochet","description":"Entfalte dein kreatives Potenzial","potentialAction":[{"@type":"SearchAction","target":{"@type":"EntryPoint","urlTemplate":"https:\/\/www.swisscrochet.ch\/?s={search_term_string}"},"query-input":{"@type":"PropertyValueSpecification","valueRequired":true,"valueName":"search_term_string"}}],"inLanguage":"de"}]}},"_links":{"self":[{"href":"https:\/\/www.swisscrochet.ch\/de\/wp-json\/wp\/v2\/product\/29768","targetHints":{"allow":["GET"]}}],"collection":[{"href":"https:\/\/www.swisscrochet.ch\/de\/wp-json\/wp\/v2\/product"}],"about":[{"href":"https:\/\/www.swisscrochet.ch\/de\/wp-json\/wp\/v2\/types\/product"}],"wp:featuredmedia":[{"embeddable":true,"href":"https:\/\/www.swisscrochet.ch\/de\/wp-json\/wp\/v2\/media\/29723"}],"wp:attachment":[{"href":"https:\/\/www.swisscrochet.ch\/de\/wp-json\/wp\/v2\/media?parent=29768"}],"wp:term":[{"taxonomy":"product_brand","embeddable":true,"href":"https:\/\/www.swisscrochet.ch\/de\/wp-json\/wp\/v2\/product_brand?post=29768"},{"taxonomy":"product_cat","embeddable":true,"href":"https:\/\/www.swisscrochet.ch\/de\/wp-json\/wp\/v2\/product_cat?post=29768"},{"taxonomy":"product_tag","embeddable":true,"href":"https:\/\/www.swisscrochet.ch\/de\/wp-json\/wp\/v2\/product_tag?post=29768"}],"curies":[{"name":"wp","href":"https:\/\/api.w.org\/{rel}","templated":true}]}}