{"id":29815,"date":"2026-04-11T14:40:46","date_gmt":"2026-04-11T12:40:46","guid":{"rendered":"https:\/\/www.swisscrochet.ch\/product\/soojus-with-harmonious-socks-yarn-kit\/"},"modified":"2026-04-11T14:52:30","modified_gmt":"2026-04-11T12:52:30","slug":"soojus-mit-harmonious-socks-garnkit","status":"publish","type":"product","link":"https:\/\/www.swisscrochet.ch\/de\/produkt\/soojus-mit-harmonious-socks-garnkit\/","title":{"rendered":"Soojus mit Harmonious Socks &#8211; Garnkit"},"content":{"rendered":"","protected":false},"excerpt":{"rendered":"<p>Stell dir die perfekte Socke vor. Ein robustes und warmes Paar Socken, das jahrelang h\u00e4lt. Ein Paar, das so schnell gemacht ist, dass du deinen gesamten Sockengarn-Vorrat innerhalb weniger Monate aufbrauchst. Ein Paar, das keine st\u00e4ndige Pflege und kein h\u00e4ufiges Flicken ben\u00f6tigt.<\/p>\n<p>Zu sch\u00f6n, um wahr zu sein? Ganz und gar nicht! Wir sprechen von geh\u00e4kelten Socken!<\/p>\n<p>Soojus ist meine absolute Lieblingsanleitung f\u00fcr Socken.<\/p>\n<p>Hier ist warum:<\/p>\n<ul>\n<li>Sie ist unglaublich schnell und einfach zu machen.<\/li>\n<li>Sie ergibt robuste und strapazierf\u00e4hige Socken.<\/li>\n<li>Sie macht es einfach, die Runden im Blick zu behalten und beide Socken gleichzeitig zu arbeiten.<\/li>\n<li>Sie nutzt die 360-Grad-Beweglichkeit des H\u00e4kelns, um eine gut sitzende Ferse zu formen.<\/li>\n<li>Sie bietet 7 Gr\u00f6ssen, eine Skizze und detaillierte Masse, damit du die perfekte Passform w\u00e4hlen kannst.<\/li>\n<\/ul>\n<p>Noch skeptisch?<br \/>\nIch habe 8 Paar Socken f\u00fcr mich und andere gearbeitet, bevor ich die Anleitung niedergeschrieben habe. Ich habe eine grosse Vielfalt an Sockengarnen verwendet: Light Fingering, Fingering, Sport, mit oder ohne Nylon. Alle zeigen kaum bis keine Abnutzung und KEINE L\u00f6cher zum Flicken.<\/p>\n<p>Probier es aus! Du wirst nicht entt\u00e4uscht sein.<\/p>\n<p><strong>Das Garnkit enth\u00e4lt:<\/strong><\/p>\n<ul>\n<li>eine digitale Version der Anleitung <a href=\"https:\/\/www.ravelry.com\/patterns\/library\/soojus\" target=\"_blank\">Soojus<\/a> (verf\u00fcgbar auf Englisch und Deutsch)<\/li>\n<li>1 Kn\u00e4uel Harmonious Socks in deiner Wunschfarbe<\/li>\n<li>1 Spule Gummifaden in deiner Wunschfarbe<\/li>\n<\/ul>\n<p><strong>Optionale Erg\u00e4nzungen:<\/strong><\/p>\n<ul>\n<li>2.50 mm H\u00e4kelnadel<\/li>\n<li>Sockenspanner<\/li>\n<li>Maschenmarkierer<\/li>\n<\/ul>\n<p>Alles in einem praktischen Set \u2013 w\u00e4hle einfach deine Farbe, lade die Anleitung herunter und starte dein n\u00e4chstes H\u00e4kelprojekt!<\/p>\n","protected":false},"featured_media":25358,"template":"","meta":[],"product_brand":[],"product_cat":[1663,332],"product_tag":[],"class_list":{"0":"post-29815","1":"product","2":"type-product","3":"status-publish","4":"has-post-thumbnail","6":"product_cat-garnkits-accessoires","7":"product_cat-garnkits","8":"description-off","10":"first","11":"instock","12":"virtual","13":"taxable","14":"purchasable","15":"product-type-bundle"},"bundled_by":[],"bundle_stock_status":"instock","bundle_stock_quantity":48,"bundle_virtual":false,"bundle_layout":"default","bundle_add_to_cart_form_location":"default","bundle_editable_in_cart":false,"bundle_sold_individually_context":"product","bundle_item_grouping":"parent","bundle_min_size":"","bundle_max_size":"","bundle_price":{"price":{"min":{"incl_tax":"27.8","excl_tax":"25.71"},"max":{"incl_tax":"73","excl_tax":"67.52"}},"regular_price":{"min":{"incl_tax":"27.8","excl_tax":"25.71"},"max":{"incl_tax":"73","excl_tax":"67.52"}}},"bundled_items":[{"bundled_item_id":1324,"product_id":15839,"menu_order":0,"quantity_min":1,"quantity_max":1,"quantity_default":1,"priced_individually":true,"shipped_individually":false,"override_title":false,"title":"Laines du Nord &#8211; Harmonious Socks","override_description":true,"description":"","optional":false,"hide_thumbnail":false,"discount":"","override_variations":false,"allowed_variations":[""],"override_default_variation_attributes":false,"default_variation_attributes":[],"single_product_visibility":"visible","cart_visibility":"visible","order_visibility":"visible","single_product_price_visibility":"visible","cart_price_visibility":"visible","order_price_visibility":"visible","stock_status":"in_stock"},{"bundled_item_id":1325,"product_id":7263,"menu_order":1,"quantity_min":1,"quantity_max":1,"quantity_default":1,"priced_individually":true,"shipped_individually":false,"override_title":false,"title":"G\u00fctermann &#8211; Elastikfaden auf Spule","override_description":true,"description":"","optional":false,"hide_thumbnail":false,"discount":"","override_variations":false,"allowed_variations":[""],"override_default_variation_attributes":false,"default_variation_attributes":[],"single_product_visibility":"visible","cart_visibility":"visible","order_visibility":"visible","single_product_price_visibility":"visible","cart_price_visibility":"visible","order_price_visibility":"visible","stock_status":"in_stock"},{"bundled_item_id":1326,"product_id":29604,"menu_order":2,"quantity_min":1,"quantity_max":1,"quantity_default":1,"priced_individually":true,"shipped_individually":true,"override_title":false,"title":"\u00dcber den Traum &#8211; Soojus","override_description":false,"description":"\u00dcber den Traum &#8211; Soojus","optional":false,"hide_thumbnail":false,"discount":"","override_variations":false,"allowed_variations":[""],"override_default_variation_attributes":false,"default_variation_attributes":[],"single_product_visibility":"hidden","cart_visibility":"visible","order_visibility":"visible","single_product_price_visibility":"visible","cart_price_visibility":"visible","order_price_visibility":"visible","stock_status":"in_stock"},{"bundled_item_id":1327,"product_id":3514,"menu_order":3,"quantity_min":1,"quantity_max":1,"quantity_default":1,"priced_individually":true,"shipped_individually":false,"override_title":false,"title":"Tulip &#8211; Etimo Red &#8211; H\u00e4kelnadel mit weichem Griff","override_description":true,"description":"","optional":true,"hide_thumbnail":false,"discount":"","override_variations":true,"allowed_variations":[3518],"override_default_variation_attributes":true,"default_variation_attributes":[{"id":0,"name":"Size","option":"2.50 mm"}],"single_product_visibility":"visible","cart_visibility":"visible","order_visibility":"visible","single_product_price_visibility":"visible","cart_price_visibility":"visible","order_price_visibility":"visible","stock_status":"in_stock"},{"bundled_item_id":1328,"product_id":5048,"menu_order":4,"quantity_min":1,"quantity_max":1,"quantity_default":1,"priced_individually":true,"shipped_individually":false,"override_title":false,"title":"Tulip &#8211; Maschenmarkierer-Set \u2013 Tulpe","override_description":true,"description":"","optional":true,"hide_thumbnail":false,"discount":"","override_variations":false,"allowed_variations":[""],"override_default_variation_attributes":false,"default_variation_attributes":[],"single_product_visibility":"visible","cart_visibility":"visible","order_visibility":"visible","single_product_price_visibility":"visible","cart_price_visibility":"visible","order_price_visibility":"visible","stock_status":"in_stock"},{"bundled_item_id":1329,"product_id":26616,"menu_order":5,"quantity_min":1,"quantity_max":2,"quantity_default":1,"priced_individually":true,"shipped_individually":false,"override_title":false,"title":"Pony &#8211; Sockenblocker &#8211; 1 St\u00fcck","override_description":true,"description":"","optional":true,"hide_thumbnail":false,"discount":"","override_variations":false,"allowed_variations":[""],"override_default_variation_attributes":false,"default_variation_attributes":[],"single_product_visibility":"visible","cart_visibility":"visible","order_visibility":"visible","single_product_price_visibility":"visible","cart_price_visibility":"visible","order_price_visibility":"visible","stock_status":"in_stock"}],"bundle_sell_ids":[],"yoast_head":"<!-- This site is optimized with the Yoast SEO plugin v27.3 - https:\/\/yoast.com\/product\/yoast-seo-wordpress\/ -->\n<title>Soojus mit Harmonious Socks - Garnkit &#171; Swiss Crochet<\/title>\n<meta name=\"description\" content=\"Soojus H\u00e4kel-Socken-Garnkit mit Anleitung, Garn und Gummifaden. Einfaches, strapazierf\u00e4higes Sockendesign mit hervorragender Passform. Enth\u00e4lt 7 Gr\u00f6ssen und ist schnell gearbeitet.\" \/>\n<meta name=\"robots\" content=\"index, follow, max-snippet:-1, max-image-preview:large, max-video-preview:-1\" \/>\n<link rel=\"canonical\" href=\"https:\/\/www.swisscrochet.ch\/de\/produkt\/soojus-mit-harmonious-socks-garnkit\/\" \/>\n<meta property=\"og:locale\" content=\"de_DE\" \/>\n<meta property=\"og:type\" content=\"article\" \/>\n<meta property=\"og:title\" content=\"Soojus mit Harmonious Socks - Garnkit &#171; Swiss Crochet\" \/>\n<meta property=\"og:description\" content=\"Soojus H\u00e4kel-Socken-Garnkit mit Anleitung, Garn und Gummifaden. Einfaches, strapazierf\u00e4higes Sockendesign mit hervorragender Passform. Enth\u00e4lt 7 Gr\u00f6ssen und ist schnell gearbeitet.\" \/>\n<meta property=\"og:url\" content=\"https:\/\/www.swisscrochet.ch\/de\/produkt\/soojus-mit-harmonious-socks-garnkit\/\" \/>\n<meta property=\"og:site_name\" content=\"Swiss Crochet\" \/>\n<meta property=\"article:modified_time\" content=\"2026-04-11T12:52:30+00:00\" \/>\n<meta property=\"og:image\" content=\"https:\/\/www.swisscrochet.ch\/wp-content\/uploads\/2026\/03\/Soojus-Harmonious-Socks-Overview.jpg\" \/>\n\t<meta property=\"og:image:width\" content=\"1000\" \/>\n\t<meta property=\"og:image:height\" content=\"1000\" \/>\n\t<meta property=\"og:image:type\" content=\"image\/jpeg\" \/>\n<meta name=\"twitter:card\" content=\"summary_large_image\" \/>\n<meta name=\"twitter:label1\" content=\"Gesch\u00e4tzte Lesezeit\" \/>\n\t<meta name=\"twitter:data1\" content=\"1\u00a0Minute\" \/>\n<script type=\"application\/ld+json\" class=\"yoast-schema-graph\">{\"@context\":\"https:\\\/\\\/schema.org\",\"@graph\":[{\"@type\":[\"WebPage\",\"ItemPage\"],\"@id\":\"https:\\\/\\\/www.swisscrochet.ch\\\/de\\\/produkt\\\/soojus-mit-harmonious-socks-garnkit\\\/\",\"url\":\"https:\\\/\\\/www.swisscrochet.ch\\\/de\\\/produkt\\\/soojus-mit-harmonious-socks-garnkit\\\/\",\"name\":\"Soojus mit Harmonious Socks - Garnkit &#171; Swiss Crochet\",\"isPartOf\":{\"@id\":\"https:\\\/\\\/www.swisscrochet.ch\\\/#website\"},\"primaryImageOfPage\":{\"@id\":\"https:\\\/\\\/www.swisscrochet.ch\\\/de\\\/produkt\\\/soojus-mit-harmonious-socks-garnkit\\\/#primaryimage\"},\"image\":{\"@id\":\"https:\\\/\\\/www.swisscrochet.ch\\\/de\\\/produkt\\\/soojus-mit-harmonious-socks-garnkit\\\/#primaryimage\"},\"thumbnailUrl\":\"https:\\\/\\\/www.swisscrochet.ch\\\/wp-content\\\/uploads\\\/2026\\\/03\\\/Soojus-Harmonious-Socks-Overview.jpg\",\"datePublished\":\"2026-04-11T12:40:46+00:00\",\"dateModified\":\"2026-04-11T12:52:30+00:00\",\"description\":\"Soojus H\u00e4kel-Socken-Garnkit mit Anleitung, Garn und Gummifaden. Einfaches, strapazierf\u00e4higes Sockendesign mit hervorragender Passform. Enth\u00e4lt 7 Gr\u00f6ssen und ist schnell gearbeitet.\",\"breadcrumb\":{\"@id\":\"https:\\\/\\\/www.swisscrochet.ch\\\/de\\\/produkt\\\/soojus-mit-harmonious-socks-garnkit\\\/#breadcrumb\"},\"inLanguage\":\"de\",\"potentialAction\":[{\"@type\":\"ReadAction\",\"target\":[\"https:\\\/\\\/www.swisscrochet.ch\\\/de\\\/produkt\\\/soojus-mit-harmonious-socks-garnkit\\\/\"]}]},{\"@type\":\"ImageObject\",\"inLanguage\":\"de\",\"@id\":\"https:\\\/\\\/www.swisscrochet.ch\\\/de\\\/produkt\\\/soojus-mit-harmonious-socks-garnkit\\\/#primaryimage\",\"url\":\"https:\\\/\\\/www.swisscrochet.ch\\\/wp-content\\\/uploads\\\/2026\\\/03\\\/Soojus-Harmonious-Socks-Overview.jpg\",\"contentUrl\":\"https:\\\/\\\/www.swisscrochet.ch\\\/wp-content\\\/uploads\\\/2026\\\/03\\\/Soojus-Harmonious-Socks-Overview.jpg\",\"width\":1000,\"height\":1000},{\"@type\":\"BreadcrumbList\",\"@id\":\"https:\\\/\\\/www.swisscrochet.ch\\\/de\\\/produkt\\\/soojus-mit-harmonious-socks-garnkit\\\/#breadcrumb\",\"itemListElement\":[{\"@type\":\"ListItem\",\"position\":1,\"name\":\"Home\",\"item\":\"https:\\\/\\\/www.swisscrochet.ch\\\/de\\\/\"},{\"@type\":\"ListItem\",\"position\":2,\"name\":\"Shop\",\"item\":\"https:\\\/\\\/www.swisscrochet.ch\\\/de\\\/shop\\\/\"},{\"@type\":\"ListItem\",\"position\":3,\"name\":\"Soojus mit Harmonious Socks &#8211; Garnkit\"}]},{\"@type\":\"WebSite\",\"@id\":\"https:\\\/\\\/www.swisscrochet.ch\\\/#website\",\"url\":\"https:\\\/\\\/www.swisscrochet.ch\\\/\",\"name\":\"Swiss Crochet\",\"description\":\"Entfalte dein kreatives Potenzial\",\"potentialAction\":[{\"@type\":\"SearchAction\",\"target\":{\"@type\":\"EntryPoint\",\"urlTemplate\":\"https:\\\/\\\/www.swisscrochet.ch\\\/?s={search_term_string}\"},\"query-input\":{\"@type\":\"PropertyValueSpecification\",\"valueRequired\":true,\"valueName\":\"search_term_string\"}}],\"inLanguage\":\"de\"}]}<\/script>\n<!-- \/ Yoast SEO plugin. -->","yoast_head_json":{"title":"Soojus mit Harmonious Socks - Garnkit &#171; Swiss Crochet","description":"Soojus H\u00e4kel-Socken-Garnkit mit Anleitung, Garn und Gummifaden. Einfaches, strapazierf\u00e4higes Sockendesign mit hervorragender Passform. Enth\u00e4lt 7 Gr\u00f6ssen und ist schnell gearbeitet.","robots":{"index":"index","follow":"follow","max-snippet":"max-snippet:-1","max-image-preview":"max-image-preview:large","max-video-preview":"max-video-preview:-1"},"canonical":"https:\/\/www.swisscrochet.ch\/de\/produkt\/soojus-mit-harmonious-socks-garnkit\/","og_locale":"de_DE","og_type":"article","og_title":"Soojus mit Harmonious Socks - Garnkit &#171; Swiss Crochet","og_description":"Soojus H\u00e4kel-Socken-Garnkit mit Anleitung, Garn und Gummifaden. Einfaches, strapazierf\u00e4higes Sockendesign mit hervorragender Passform. Enth\u00e4lt 7 Gr\u00f6ssen und ist schnell gearbeitet.","og_url":"https:\/\/www.swisscrochet.ch\/de\/produkt\/soojus-mit-harmonious-socks-garnkit\/","og_site_name":"Swiss Crochet","article_modified_time":"2026-04-11T12:52:30+00:00","og_image":[{"width":1000,"height":1000,"url":"https:\/\/www.swisscrochet.ch\/wp-content\/uploads\/2026\/03\/Soojus-Harmonious-Socks-Overview.jpg","type":"image\/jpeg"}],"twitter_card":"summary_large_image","twitter_misc":{"Gesch\u00e4tzte Lesezeit":"1\u00a0Minute"},"schema":{"@context":"https:\/\/schema.org","@graph":[{"@type":["WebPage","ItemPage"],"@id":"https:\/\/www.swisscrochet.ch\/de\/produkt\/soojus-mit-harmonious-socks-garnkit\/","url":"https:\/\/www.swisscrochet.ch\/de\/produkt\/soojus-mit-harmonious-socks-garnkit\/","name":"Soojus mit Harmonious Socks - Garnkit &#171; Swiss Crochet","isPartOf":{"@id":"https:\/\/www.swisscrochet.ch\/#website"},"primaryImageOfPage":{"@id":"https:\/\/www.swisscrochet.ch\/de\/produkt\/soojus-mit-harmonious-socks-garnkit\/#primaryimage"},"image":{"@id":"https:\/\/www.swisscrochet.ch\/de\/produkt\/soojus-mit-harmonious-socks-garnkit\/#primaryimage"},"thumbnailUrl":"https:\/\/www.swisscrochet.ch\/wp-content\/uploads\/2026\/03\/Soojus-Harmonious-Socks-Overview.jpg","datePublished":"2026-04-11T12:40:46+00:00","dateModified":"2026-04-11T12:52:30+00:00","description":"Soojus H\u00e4kel-Socken-Garnkit mit Anleitung, Garn und Gummifaden. Einfaches, strapazierf\u00e4higes Sockendesign mit hervorragender Passform. Enth\u00e4lt 7 Gr\u00f6ssen und ist schnell gearbeitet.","breadcrumb":{"@id":"https:\/\/www.swisscrochet.ch\/de\/produkt\/soojus-mit-harmonious-socks-garnkit\/#breadcrumb"},"inLanguage":"de","potentialAction":[{"@type":"ReadAction","target":["https:\/\/www.swisscrochet.ch\/de\/produkt\/soojus-mit-harmonious-socks-garnkit\/"]}]},{"@type":"ImageObject","inLanguage":"de","@id":"https:\/\/www.swisscrochet.ch\/de\/produkt\/soojus-mit-harmonious-socks-garnkit\/#primaryimage","url":"https:\/\/www.swisscrochet.ch\/wp-content\/uploads\/2026\/03\/Soojus-Harmonious-Socks-Overview.jpg","contentUrl":"https:\/\/www.swisscrochet.ch\/wp-content\/uploads\/2026\/03\/Soojus-Harmonious-Socks-Overview.jpg","width":1000,"height":1000},{"@type":"BreadcrumbList","@id":"https:\/\/www.swisscrochet.ch\/de\/produkt\/soojus-mit-harmonious-socks-garnkit\/#breadcrumb","itemListElement":[{"@type":"ListItem","position":1,"name":"Home","item":"https:\/\/www.swisscrochet.ch\/de\/"},{"@type":"ListItem","position":2,"name":"Shop","item":"https:\/\/www.swisscrochet.ch\/de\/shop\/"},{"@type":"ListItem","position":3,"name":"Soojus mit Harmonious Socks &#8211; Garnkit"}]},{"@type":"WebSite","@id":"https:\/\/www.swisscrochet.ch\/#website","url":"https:\/\/www.swisscrochet.ch\/","name":"Swiss Crochet","description":"Entfalte dein kreatives Potenzial","potentialAction":[{"@type":"SearchAction","target":{"@type":"EntryPoint","urlTemplate":"https:\/\/www.swisscrochet.ch\/?s={search_term_string}"},"query-input":{"@type":"PropertyValueSpecification","valueRequired":true,"valueName":"search_term_string"}}],"inLanguage":"de"}]}},"_links":{"self":[{"href":"https:\/\/www.swisscrochet.ch\/de\/wp-json\/wp\/v2\/product\/29815","targetHints":{"allow":["GET"]}}],"collection":[{"href":"https:\/\/www.swisscrochet.ch\/de\/wp-json\/wp\/v2\/product"}],"about":[{"href":"https:\/\/www.swisscrochet.ch\/de\/wp-json\/wp\/v2\/types\/product"}],"wp:featuredmedia":[{"embeddable":true,"href":"https:\/\/www.swisscrochet.ch\/de\/wp-json\/wp\/v2\/media\/25358"}],"wp:attachment":[{"href":"https:\/\/www.swisscrochet.ch\/de\/wp-json\/wp\/v2\/media?parent=29815"}],"wp:term":[{"taxonomy":"product_brand","embeddable":true,"href":"https:\/\/www.swisscrochet.ch\/de\/wp-json\/wp\/v2\/product_brand?post=29815"},{"taxonomy":"product_cat","embeddable":true,"href":"https:\/\/www.swisscrochet.ch\/de\/wp-json\/wp\/v2\/product_cat?post=29815"},{"taxonomy":"product_tag","embeddable":true,"href":"https:\/\/www.swisscrochet.ch\/de\/wp-json\/wp\/v2\/product_tag?post=29815"}],"curies":[{"name":"wp","href":"https:\/\/api.w.org\/{rel}","templated":true}]}}