{"id":29924,"date":"2026-04-15T20:18:05","date_gmt":"2026-04-15T18:18:05","guid":{"rendered":"https:\/\/www.swisscrochet.ch\/product\/chasseral-with-catona-yarn-kit\/"},"modified":"2026-04-15T20:27:09","modified_gmt":"2026-04-15T18:27:09","slug":"chasseral-mit-catona-garnkit","status":"publish","type":"product","link":"https:\/\/www.swisscrochet.ch\/de\/produkt\/chasseral-mit-catona-garnkit\/","title":{"rendered":"Chasseral mit Catona &#8211; Garnkit"},"content":{"rendered":"","protected":false},"excerpt":{"rendered":"<p><em>So sehr ich auch versuche, meinen selbstgemachten Kleidungsst\u00fccken integrierte, ger\u00e4umige Taschen hinzuzuf\u00fcgen, besitze (und trage) ich immer noch einige Teile, die entweder sehr kleine Taschen haben oder gar keine. Das ist besonders bei Sommerkleidung der Fall. Da es ziemlich zeitaufwendig ist, jedes einzelne Kleidungsst\u00fcck zu \u00e4ndern, habe ich mich f\u00fcr eine andere L\u00f6sung entschieden: eine tragbare Tasche zu entwerfen, die ich mit verschiedenen Kleidungsst\u00fccken kombinieren kann.<\/em><\/p>\n<p>Chasseral ist eine s\u00fcsse, tragbare Tasche oder ein kleines T\u00e4schchen mit langem Schulterriemen. Das Design wird mit Grundh\u00e4kelmaschen und verspielten Noppen gearbeitet, die f\u00fcr eine sch\u00f6ne Struktur sorgen.<\/p>\n<p>Dieses Garnkit enth\u00e4lt alles, was du brauchst, um die sch\u00f6ne Tasche zu h\u00e4keln:<\/p>\n<ul>\n<li>eine digitale Version der Anleitung (verf\u00fcgbar auf Englisch und Deutsch) und<\/li>\n<li>1 Kn\u00e4uel Scheepjes Catona in deiner Wunschfarbe.<\/li>\n<\/ul>\n<p>&#8211;&gt; F\u00fcr zus\u00e4tzlichen Komfort kannst du deinem Set auch eine 3.00 mm H\u00e4kelnadel hinzuf\u00fcgen.<\/p>\n<p>Alles in einem praktischen Bundle \u2013 w\u00e4hle einfach deine Farbe, lade die Anleitung herunter und starte dein n\u00e4chstes H\u00e4kelprojekt!<\/p>\n","protected":false},"featured_media":1640,"template":"","meta":[],"product_brand":[],"product_cat":[332,1666],"product_tag":[],"class_list":{"0":"post-29924","1":"product","2":"type-product","3":"status-publish","4":"has-post-thumbnail","6":"product_cat-garnkits","7":"product_cat-garnkits-taschen","8":"description-off","10":"first","11":"instock","12":"virtual","13":"taxable","14":"purchasable","15":"product-type-bundle"},"bundled_by":[],"bundle_stock_status":"instock","bundle_stock_quantity":2037,"bundle_virtual":false,"bundle_layout":"default","bundle_add_to_cart_form_location":"default","bundle_editable_in_cart":false,"bundle_sold_individually_context":"product","bundle_item_grouping":"parent","bundle_min_size":"","bundle_max_size":"","bundle_price":{"price":{"min":{"incl_tax":"9.3","excl_tax":"8.6"},"max":{"incl_tax":"13.1","excl_tax":"12.12"}},"regular_price":{"min":{"incl_tax":"9.3","excl_tax":"8.6"},"max":{"incl_tax":"13.1","excl_tax":"12.12"}}},"bundled_items":[{"bundled_item_id":1365,"product_id":3266,"menu_order":0,"quantity_min":1,"quantity_max":1,"quantity_default":1,"priced_individually":true,"shipped_individually":false,"override_title":false,"title":"Scheepjes &#8211; Catona &#8211; 50gr","override_description":true,"description":"","optional":false,"hide_thumbnail":false,"discount":"","override_variations":false,"allowed_variations":[""],"override_default_variation_attributes":false,"default_variation_attributes":[],"single_product_visibility":"visible","cart_visibility":"visible","order_visibility":"visible","single_product_price_visibility":"visible","cart_price_visibility":"visible","order_price_visibility":"visible","stock_status":"in_stock"},{"bundled_item_id":1366,"product_id":2126,"menu_order":1,"quantity_min":1,"quantity_max":1,"quantity_default":1,"priced_individually":true,"shipped_individually":true,"override_title":false,"title":"\u00dcber den Traum &#8211; Chasseral","override_description":false,"description":"\u00dcber den Traum &#8211; Chasseral","optional":false,"hide_thumbnail":false,"discount":"","override_variations":false,"allowed_variations":[""],"override_default_variation_attributes":false,"default_variation_attributes":[],"single_product_visibility":"hidden","cart_visibility":"visible","order_visibility":"visible","single_product_price_visibility":"visible","cart_price_visibility":"visible","order_price_visibility":"visible","stock_status":"in_stock"},{"bundled_item_id":1367,"product_id":3605,"menu_order":2,"quantity_min":1,"quantity_max":1,"quantity_default":1,"priced_individually":true,"shipped_individually":false,"override_title":false,"title":"Addi &#8211; H\u00e4kelnadel ohne Griff","override_description":true,"description":"","optional":true,"hide_thumbnail":false,"discount":"","override_variations":true,"allowed_variations":[3608],"override_default_variation_attributes":true,"default_variation_attributes":[{"id":0,"name":"Size","option":"3.00 mm"}],"single_product_visibility":"visible","cart_visibility":"visible","order_visibility":"visible","single_product_price_visibility":"visible","cart_price_visibility":"visible","order_price_visibility":"visible","stock_status":"in_stock"}],"bundle_sell_ids":[],"yoast_head":"<!-- This site is optimized with the Yoast SEO plugin v27.4 - https:\/\/yoast.com\/product\/yoast-seo-wordpress\/ -->\n<title>Chasseral mit Catona - Garnkit &#171; Swiss Crochet<\/title>\n<meta name=\"description\" content=\"Chasseral H\u00e4kel-Taschen-Garnkit mit Anleitung und Scheepjes Catona Garn. H\u00e4kle eine tragbare Tasche mit strukturierter Noppenoptik aus einfachen Grundh\u00e4kelmaschen.\" \/>\n<meta name=\"robots\" content=\"index, follow, max-snippet:-1, max-image-preview:large, max-video-preview:-1\" \/>\n<link rel=\"canonical\" href=\"https:\/\/www.swisscrochet.ch\/de\/produkt\/chasseral-mit-catona-garnkit\/\" \/>\n<meta property=\"og:locale\" content=\"de_DE\" \/>\n<meta property=\"og:type\" content=\"article\" \/>\n<meta property=\"og:title\" content=\"Chasseral mit Catona - Garnkit &#171; Swiss Crochet\" \/>\n<meta property=\"og:description\" content=\"Chasseral H\u00e4kel-Taschen-Garnkit mit Anleitung und Scheepjes Catona Garn. H\u00e4kle eine tragbare Tasche mit strukturierter Noppenoptik aus einfachen Grundh\u00e4kelmaschen.\" \/>\n<meta property=\"og:url\" content=\"https:\/\/www.swisscrochet.ch\/de\/produkt\/chasseral-mit-catona-garnkit\/\" \/>\n<meta property=\"og:site_name\" content=\"Swiss Crochet\" \/>\n<meta property=\"article:modified_time\" content=\"2026-04-15T18:27:09+00:00\" \/>\n<meta property=\"og:image\" content=\"https:\/\/www.swisscrochet.ch\/wp-content\/uploads\/2024\/12\/Uber-den-Traum-Chasseral-3.jpg\" \/>\n\t<meta property=\"og:image:width\" content=\"1100\" \/>\n\t<meta property=\"og:image:height\" content=\"1100\" \/>\n\t<meta property=\"og:image:type\" content=\"image\/jpeg\" \/>\n<meta name=\"twitter:card\" content=\"summary_large_image\" \/>\n<meta name=\"twitter:label1\" content=\"Gesch\u00e4tzte Lesezeit\" \/>\n\t<meta name=\"twitter:data1\" content=\"1\u00a0Minute\" \/>\n<script type=\"application\/ld+json\" class=\"yoast-schema-graph\">{\"@context\":\"https:\\\/\\\/schema.org\",\"@graph\":[{\"@type\":[\"WebPage\",\"ItemPage\"],\"@id\":\"https:\\\/\\\/www.swisscrochet.ch\\\/de\\\/produkt\\\/chasseral-mit-catona-garnkit\\\/\",\"url\":\"https:\\\/\\\/www.swisscrochet.ch\\\/de\\\/produkt\\\/chasseral-mit-catona-garnkit\\\/\",\"name\":\"Chasseral mit Catona - Garnkit &#171; Swiss Crochet\",\"isPartOf\":{\"@id\":\"https:\\\/\\\/www.swisscrochet.ch\\\/#website\"},\"primaryImageOfPage\":{\"@id\":\"https:\\\/\\\/www.swisscrochet.ch\\\/de\\\/produkt\\\/chasseral-mit-catona-garnkit\\\/#primaryimage\"},\"image\":{\"@id\":\"https:\\\/\\\/www.swisscrochet.ch\\\/de\\\/produkt\\\/chasseral-mit-catona-garnkit\\\/#primaryimage\"},\"thumbnailUrl\":\"https:\\\/\\\/www.swisscrochet.ch\\\/wp-content\\\/uploads\\\/2024\\\/12\\\/Uber-den-Traum-Chasseral-3.jpg\",\"datePublished\":\"2026-04-15T18:18:05+00:00\",\"dateModified\":\"2026-04-15T18:27:09+00:00\",\"description\":\"Chasseral H\u00e4kel-Taschen-Garnkit mit Anleitung und Scheepjes Catona Garn. H\u00e4kle eine tragbare Tasche mit strukturierter Noppenoptik aus einfachen Grundh\u00e4kelmaschen.\",\"breadcrumb\":{\"@id\":\"https:\\\/\\\/www.swisscrochet.ch\\\/de\\\/produkt\\\/chasseral-mit-catona-garnkit\\\/#breadcrumb\"},\"inLanguage\":\"de\",\"potentialAction\":[{\"@type\":\"ReadAction\",\"target\":[\"https:\\\/\\\/www.swisscrochet.ch\\\/de\\\/produkt\\\/chasseral-mit-catona-garnkit\\\/\"]}]},{\"@type\":\"ImageObject\",\"inLanguage\":\"de\",\"@id\":\"https:\\\/\\\/www.swisscrochet.ch\\\/de\\\/produkt\\\/chasseral-mit-catona-garnkit\\\/#primaryimage\",\"url\":\"https:\\\/\\\/www.swisscrochet.ch\\\/wp-content\\\/uploads\\\/2024\\\/12\\\/Uber-den-Traum-Chasseral-3.jpg\",\"contentUrl\":\"https:\\\/\\\/www.swisscrochet.ch\\\/wp-content\\\/uploads\\\/2024\\\/12\\\/Uber-den-Traum-Chasseral-3.jpg\",\"width\":1100,\"height\":1100},{\"@type\":\"BreadcrumbList\",\"@id\":\"https:\\\/\\\/www.swisscrochet.ch\\\/de\\\/produkt\\\/chasseral-mit-catona-garnkit\\\/#breadcrumb\",\"itemListElement\":[{\"@type\":\"ListItem\",\"position\":1,\"name\":\"Home\",\"item\":\"https:\\\/\\\/www.swisscrochet.ch\\\/de\\\/\"},{\"@type\":\"ListItem\",\"position\":2,\"name\":\"Shop\",\"item\":\"https:\\\/\\\/www.swisscrochet.ch\\\/de\\\/shop\\\/\"},{\"@type\":\"ListItem\",\"position\":3,\"name\":\"Chasseral mit Catona &#8211; Garnkit\"}]},{\"@type\":\"WebSite\",\"@id\":\"https:\\\/\\\/www.swisscrochet.ch\\\/#website\",\"url\":\"https:\\\/\\\/www.swisscrochet.ch\\\/\",\"name\":\"Swiss Crochet\",\"description\":\"Entfalte dein kreatives Potenzial\",\"potentialAction\":[{\"@type\":\"SearchAction\",\"target\":{\"@type\":\"EntryPoint\",\"urlTemplate\":\"https:\\\/\\\/www.swisscrochet.ch\\\/?s={search_term_string}\"},\"query-input\":{\"@type\":\"PropertyValueSpecification\",\"valueRequired\":true,\"valueName\":\"search_term_string\"}}],\"inLanguage\":\"de\"}]}<\/script>\n<!-- \/ Yoast SEO plugin. -->","yoast_head_json":{"title":"Chasseral mit Catona - Garnkit &#171; Swiss Crochet","description":"Chasseral H\u00e4kel-Taschen-Garnkit mit Anleitung und Scheepjes Catona Garn. H\u00e4kle eine tragbare Tasche mit strukturierter Noppenoptik aus einfachen Grundh\u00e4kelmaschen.","robots":{"index":"index","follow":"follow","max-snippet":"max-snippet:-1","max-image-preview":"max-image-preview:large","max-video-preview":"max-video-preview:-1"},"canonical":"https:\/\/www.swisscrochet.ch\/de\/produkt\/chasseral-mit-catona-garnkit\/","og_locale":"de_DE","og_type":"article","og_title":"Chasseral mit Catona - Garnkit &#171; Swiss Crochet","og_description":"Chasseral H\u00e4kel-Taschen-Garnkit mit Anleitung und Scheepjes Catona Garn. H\u00e4kle eine tragbare Tasche mit strukturierter Noppenoptik aus einfachen Grundh\u00e4kelmaschen.","og_url":"https:\/\/www.swisscrochet.ch\/de\/produkt\/chasseral-mit-catona-garnkit\/","og_site_name":"Swiss Crochet","article_modified_time":"2026-04-15T18:27:09+00:00","og_image":[{"width":1100,"height":1100,"url":"https:\/\/www.swisscrochet.ch\/wp-content\/uploads\/2024\/12\/Uber-den-Traum-Chasseral-3.jpg","type":"image\/jpeg"}],"twitter_card":"summary_large_image","twitter_misc":{"Gesch\u00e4tzte Lesezeit":"1\u00a0Minute"},"schema":{"@context":"https:\/\/schema.org","@graph":[{"@type":["WebPage","ItemPage"],"@id":"https:\/\/www.swisscrochet.ch\/de\/produkt\/chasseral-mit-catona-garnkit\/","url":"https:\/\/www.swisscrochet.ch\/de\/produkt\/chasseral-mit-catona-garnkit\/","name":"Chasseral mit Catona - Garnkit &#171; Swiss Crochet","isPartOf":{"@id":"https:\/\/www.swisscrochet.ch\/#website"},"primaryImageOfPage":{"@id":"https:\/\/www.swisscrochet.ch\/de\/produkt\/chasseral-mit-catona-garnkit\/#primaryimage"},"image":{"@id":"https:\/\/www.swisscrochet.ch\/de\/produkt\/chasseral-mit-catona-garnkit\/#primaryimage"},"thumbnailUrl":"https:\/\/www.swisscrochet.ch\/wp-content\/uploads\/2024\/12\/Uber-den-Traum-Chasseral-3.jpg","datePublished":"2026-04-15T18:18:05+00:00","dateModified":"2026-04-15T18:27:09+00:00","description":"Chasseral H\u00e4kel-Taschen-Garnkit mit Anleitung und Scheepjes Catona Garn. H\u00e4kle eine tragbare Tasche mit strukturierter Noppenoptik aus einfachen Grundh\u00e4kelmaschen.","breadcrumb":{"@id":"https:\/\/www.swisscrochet.ch\/de\/produkt\/chasseral-mit-catona-garnkit\/#breadcrumb"},"inLanguage":"de","potentialAction":[{"@type":"ReadAction","target":["https:\/\/www.swisscrochet.ch\/de\/produkt\/chasseral-mit-catona-garnkit\/"]}]},{"@type":"ImageObject","inLanguage":"de","@id":"https:\/\/www.swisscrochet.ch\/de\/produkt\/chasseral-mit-catona-garnkit\/#primaryimage","url":"https:\/\/www.swisscrochet.ch\/wp-content\/uploads\/2024\/12\/Uber-den-Traum-Chasseral-3.jpg","contentUrl":"https:\/\/www.swisscrochet.ch\/wp-content\/uploads\/2024\/12\/Uber-den-Traum-Chasseral-3.jpg","width":1100,"height":1100},{"@type":"BreadcrumbList","@id":"https:\/\/www.swisscrochet.ch\/de\/produkt\/chasseral-mit-catona-garnkit\/#breadcrumb","itemListElement":[{"@type":"ListItem","position":1,"name":"Home","item":"https:\/\/www.swisscrochet.ch\/de\/"},{"@type":"ListItem","position":2,"name":"Shop","item":"https:\/\/www.swisscrochet.ch\/de\/shop\/"},{"@type":"ListItem","position":3,"name":"Chasseral mit Catona &#8211; Garnkit"}]},{"@type":"WebSite","@id":"https:\/\/www.swisscrochet.ch\/#website","url":"https:\/\/www.swisscrochet.ch\/","name":"Swiss Crochet","description":"Entfalte dein kreatives Potenzial","potentialAction":[{"@type":"SearchAction","target":{"@type":"EntryPoint","urlTemplate":"https:\/\/www.swisscrochet.ch\/?s={search_term_string}"},"query-input":{"@type":"PropertyValueSpecification","valueRequired":true,"valueName":"search_term_string"}}],"inLanguage":"de"}]}},"_links":{"self":[{"href":"https:\/\/www.swisscrochet.ch\/de\/wp-json\/wp\/v2\/product\/29924","targetHints":{"allow":["GET"]}}],"collection":[{"href":"https:\/\/www.swisscrochet.ch\/de\/wp-json\/wp\/v2\/product"}],"about":[{"href":"https:\/\/www.swisscrochet.ch\/de\/wp-json\/wp\/v2\/types\/product"}],"wp:featuredmedia":[{"embeddable":true,"href":"https:\/\/www.swisscrochet.ch\/de\/wp-json\/wp\/v2\/media\/1640"}],"wp:attachment":[{"href":"https:\/\/www.swisscrochet.ch\/de\/wp-json\/wp\/v2\/media?parent=29924"}],"wp:term":[{"taxonomy":"product_brand","embeddable":true,"href":"https:\/\/www.swisscrochet.ch\/de\/wp-json\/wp\/v2\/product_brand?post=29924"},{"taxonomy":"product_cat","embeddable":true,"href":"https:\/\/www.swisscrochet.ch\/de\/wp-json\/wp\/v2\/product_cat?post=29924"},{"taxonomy":"product_tag","embeddable":true,"href":"https:\/\/www.swisscrochet.ch\/de\/wp-json\/wp\/v2\/product_tag?post=29924"}],"curies":[{"name":"wp","href":"https:\/\/api.w.org\/{rel}","templated":true}]}}