{"id":31080,"date":"2026-04-21T23:39:08","date_gmt":"2026-04-21T21:39:08","guid":{"rendered":"https:\/\/www.swisscrochet.ch\/product\/laines-du-nord-poema-cashmere\/"},"modified":"2026-04-21T23:51:04","modified_gmt":"2026-04-21T21:51:04","slug":"laines-du-nord-poema-cashmere","status":"publish","type":"product","link":"https:\/\/www.swisscrochet.ch\/de\/produkt\/laines-du-nord-poema-cashmere\/","title":{"rendered":"Laines du Nord &#8211; Poema Cashmere"},"content":{"rendered":"","protected":false},"excerpt":{"rendered":"<p>Poema Cashmere ist ein luxuri\u00f6ses, weiches Garn aus einer Merino-Cashmere-Mischung mit einem wundersch\u00f6nen, langen Farbverlauf. Die einf\u00e4dige Konstruktion sorgt f\u00fcr eine hervorragende Maschendefinition und hilft gleichzeitig, Aufsplittern und Aufdrehen zu verhindern, wodurch sich das Garn besonders angenehm verarbeiten l\u00e4sst.<\/p>\n<p>Hergestellt aus 80 % hochwertiger Merinowolle (16 Mikron) und 20 % Cashmere, bietet Poema Cashmere aussergew\u00f6hnliche Weichheit mit einem edlen, leichten Griff. Das Garn ist resistent gegen Pilling und eignet sich ideal f\u00fcr langlebige H\u00e4kelprojekte. Es ist besonders gut geeignet f\u00fcr tragbare Accessoires wie M\u00fctzen, T\u00fccher und Schals.<\/p>\n<p>Die abgebildete Maschenprobe wurde in der Maschine gewaschen (Wollprogramm bei 30\u00b0C) und mit Dampf geb\u00fcgelt.<\/p>\n<p>Entdecke Poema Cashmere f\u00fcr raffinierte H\u00e4kelprojekte mit aussergew\u00f6hnlicher Weichheit und eleganten Farbverl\u00e4ufen.<\/p>\n","protected":false},"featured_media":30524,"template":"","meta":[],"product_brand":[],"product_cat":[226,1894],"product_tag":[],"class_list":{"0":"post-31080","1":"product","2":"type-product","3":"status-publish","4":"has-post-thumbnail","6":"product_cat-garne","7":"product_cat-garn-kleidungsstucke","8":"pa_y1-brand-laines-du-nord-de","9":"pa_y17-yarn-weight-lace-de","10":"description-off","12":"first","13":"instock","14":"taxable","15":"shipping-taxable","16":"purchasable","17":"product-type-variable","18":"wvs-archive-product-wrapper"},"bundled_by":[],"bundle_stock_status":"instock","bundle_stock_quantity":null,"bundle_virtual":false,"bundle_layout":"","bundle_add_to_cart_form_location":"","bundle_editable_in_cart":false,"bundle_sold_individually_context":"","bundle_item_grouping":"","bundle_min_size":"","bundle_max_size":"","bundle_price":[],"bundled_items":[],"bundle_sell_ids":[],"yoast_head":"<!-- This site is optimized with the Yoast SEO plugin v27.4 - https:\/\/yoast.com\/product\/yoast-seo-wordpress\/ -->\n<title>Laines du Nord - Poema Cashmere &#171; Swiss Crochet<\/title>\n<meta name=\"description\" content=\"Poema Cashmere Garn in einer luxuri\u00f6sen Merino-Cashmere-Mischung mit sanften Farbverl\u00e4ufen. Perfekt f\u00fcr elegante H\u00e4kelaccessoires mit W\u00e4rme, Weichheit und Langlebigkeit.\" \/>\n<meta name=\"robots\" content=\"index, follow, max-snippet:-1, max-image-preview:large, max-video-preview:-1\" \/>\n<link rel=\"canonical\" href=\"https:\/\/www.swisscrochet.ch\/de\/produkt\/laines-du-nord-poema-cashmere\/\" \/>\n<meta property=\"og:locale\" content=\"de_DE\" \/>\n<meta property=\"og:type\" content=\"article\" \/>\n<meta property=\"og:title\" content=\"Laines du Nord - Poema Cashmere &#171; Swiss Crochet\" \/>\n<meta property=\"og:description\" content=\"Poema Cashmere Garn in einer luxuri\u00f6sen Merino-Cashmere-Mischung mit sanften Farbverl\u00e4ufen. Perfekt f\u00fcr elegante H\u00e4kelaccessoires mit W\u00e4rme, Weichheit und Langlebigkeit.\" \/>\n<meta property=\"og:url\" content=\"https:\/\/www.swisscrochet.ch\/de\/produkt\/laines-du-nord-poema-cashmere\/\" \/>\n<meta property=\"og:site_name\" content=\"Swiss Crochet\" \/>\n<meta property=\"article:modified_time\" content=\"2026-04-21T21:51:04+00:00\" \/>\n<meta property=\"og:image\" content=\"https:\/\/www.swisscrochet.ch\/wp-content\/uploads\/2026\/04\/Laines-du-Nord-Poema-Cashmere-Overview.jpg\" \/>\n\t<meta property=\"og:image:width\" content=\"1000\" \/>\n\t<meta property=\"og:image:height\" content=\"1000\" \/>\n\t<meta property=\"og:image:type\" content=\"image\/jpeg\" \/>\n<meta name=\"twitter:card\" content=\"summary_large_image\" \/>\n<meta name=\"twitter:label1\" content=\"Gesch\u00e4tzte Lesezeit\" \/>\n\t<meta name=\"twitter:data1\" content=\"1\u00a0Minute\" \/>\n<script type=\"application\/ld+json\" class=\"yoast-schema-graph\">{\"@context\":\"https:\\\/\\\/schema.org\",\"@graph\":[{\"@type\":[\"WebPage\",\"ItemPage\"],\"@id\":\"https:\\\/\\\/www.swisscrochet.ch\\\/de\\\/produkt\\\/laines-du-nord-poema-cashmere\\\/\",\"url\":\"https:\\\/\\\/www.swisscrochet.ch\\\/de\\\/produkt\\\/laines-du-nord-poema-cashmere\\\/\",\"name\":\"Laines du Nord - Poema Cashmere &#171; Swiss Crochet\",\"isPartOf\":{\"@id\":\"https:\\\/\\\/www.swisscrochet.ch\\\/#website\"},\"primaryImageOfPage\":{\"@id\":\"https:\\\/\\\/www.swisscrochet.ch\\\/de\\\/produkt\\\/laines-du-nord-poema-cashmere\\\/#primaryimage\"},\"image\":{\"@id\":\"https:\\\/\\\/www.swisscrochet.ch\\\/de\\\/produkt\\\/laines-du-nord-poema-cashmere\\\/#primaryimage\"},\"thumbnailUrl\":\"https:\\\/\\\/www.swisscrochet.ch\\\/wp-content\\\/uploads\\\/2026\\\/04\\\/Laines-du-Nord-Poema-Cashmere-Overview.jpg\",\"datePublished\":\"2026-04-21T21:39:08+00:00\",\"dateModified\":\"2026-04-21T21:51:04+00:00\",\"description\":\"Poema Cashmere Garn in einer luxuri\u00f6sen Merino-Cashmere-Mischung mit sanften Farbverl\u00e4ufen. Perfekt f\u00fcr elegante H\u00e4kelaccessoires mit W\u00e4rme, Weichheit und Langlebigkeit.\",\"breadcrumb\":{\"@id\":\"https:\\\/\\\/www.swisscrochet.ch\\\/de\\\/produkt\\\/laines-du-nord-poema-cashmere\\\/#breadcrumb\"},\"inLanguage\":\"de\",\"potentialAction\":[{\"@type\":\"ReadAction\",\"target\":[\"https:\\\/\\\/www.swisscrochet.ch\\\/de\\\/produkt\\\/laines-du-nord-poema-cashmere\\\/\"]}]},{\"@type\":\"ImageObject\",\"inLanguage\":\"de\",\"@id\":\"https:\\\/\\\/www.swisscrochet.ch\\\/de\\\/produkt\\\/laines-du-nord-poema-cashmere\\\/#primaryimage\",\"url\":\"https:\\\/\\\/www.swisscrochet.ch\\\/wp-content\\\/uploads\\\/2026\\\/04\\\/Laines-du-Nord-Poema-Cashmere-Overview.jpg\",\"contentUrl\":\"https:\\\/\\\/www.swisscrochet.ch\\\/wp-content\\\/uploads\\\/2026\\\/04\\\/Laines-du-Nord-Poema-Cashmere-Overview.jpg\",\"width\":1000,\"height\":1000},{\"@type\":\"BreadcrumbList\",\"@id\":\"https:\\\/\\\/www.swisscrochet.ch\\\/de\\\/produkt\\\/laines-du-nord-poema-cashmere\\\/#breadcrumb\",\"itemListElement\":[{\"@type\":\"ListItem\",\"position\":1,\"name\":\"Home\",\"item\":\"https:\\\/\\\/www.swisscrochet.ch\\\/de\\\/\"},{\"@type\":\"ListItem\",\"position\":2,\"name\":\"Shop\",\"item\":\"https:\\\/\\\/www.swisscrochet.ch\\\/de\\\/shop\\\/\"},{\"@type\":\"ListItem\",\"position\":3,\"name\":\"Laines du Nord &#8211; Poema Cashmere\"}]},{\"@type\":\"WebSite\",\"@id\":\"https:\\\/\\\/www.swisscrochet.ch\\\/#website\",\"url\":\"https:\\\/\\\/www.swisscrochet.ch\\\/\",\"name\":\"Swiss Crochet\",\"description\":\"Entfalte dein kreatives Potenzial\",\"potentialAction\":[{\"@type\":\"SearchAction\",\"target\":{\"@type\":\"EntryPoint\",\"urlTemplate\":\"https:\\\/\\\/www.swisscrochet.ch\\\/?s={search_term_string}\"},\"query-input\":{\"@type\":\"PropertyValueSpecification\",\"valueRequired\":true,\"valueName\":\"search_term_string\"}}],\"inLanguage\":\"de\"}]}<\/script>\n<!-- \/ Yoast SEO plugin. -->","yoast_head_json":{"title":"Laines du Nord - Poema Cashmere &#171; Swiss Crochet","description":"Poema Cashmere Garn in einer luxuri\u00f6sen Merino-Cashmere-Mischung mit sanften Farbverl\u00e4ufen. Perfekt f\u00fcr elegante H\u00e4kelaccessoires mit W\u00e4rme, Weichheit und Langlebigkeit.","robots":{"index":"index","follow":"follow","max-snippet":"max-snippet:-1","max-image-preview":"max-image-preview:large","max-video-preview":"max-video-preview:-1"},"canonical":"https:\/\/www.swisscrochet.ch\/de\/produkt\/laines-du-nord-poema-cashmere\/","og_locale":"de_DE","og_type":"article","og_title":"Laines du Nord - Poema Cashmere &#171; Swiss Crochet","og_description":"Poema Cashmere Garn in einer luxuri\u00f6sen Merino-Cashmere-Mischung mit sanften Farbverl\u00e4ufen. Perfekt f\u00fcr elegante H\u00e4kelaccessoires mit W\u00e4rme, Weichheit und Langlebigkeit.","og_url":"https:\/\/www.swisscrochet.ch\/de\/produkt\/laines-du-nord-poema-cashmere\/","og_site_name":"Swiss Crochet","article_modified_time":"2026-04-21T21:51:04+00:00","og_image":[{"width":1000,"height":1000,"url":"https:\/\/www.swisscrochet.ch\/wp-content\/uploads\/2026\/04\/Laines-du-Nord-Poema-Cashmere-Overview.jpg","type":"image\/jpeg"}],"twitter_card":"summary_large_image","twitter_misc":{"Gesch\u00e4tzte Lesezeit":"1\u00a0Minute"},"schema":{"@context":"https:\/\/schema.org","@graph":[{"@type":["WebPage","ItemPage"],"@id":"https:\/\/www.swisscrochet.ch\/de\/produkt\/laines-du-nord-poema-cashmere\/","url":"https:\/\/www.swisscrochet.ch\/de\/produkt\/laines-du-nord-poema-cashmere\/","name":"Laines du Nord - Poema Cashmere &#171; Swiss Crochet","isPartOf":{"@id":"https:\/\/www.swisscrochet.ch\/#website"},"primaryImageOfPage":{"@id":"https:\/\/www.swisscrochet.ch\/de\/produkt\/laines-du-nord-poema-cashmere\/#primaryimage"},"image":{"@id":"https:\/\/www.swisscrochet.ch\/de\/produkt\/laines-du-nord-poema-cashmere\/#primaryimage"},"thumbnailUrl":"https:\/\/www.swisscrochet.ch\/wp-content\/uploads\/2026\/04\/Laines-du-Nord-Poema-Cashmere-Overview.jpg","datePublished":"2026-04-21T21:39:08+00:00","dateModified":"2026-04-21T21:51:04+00:00","description":"Poema Cashmere Garn in einer luxuri\u00f6sen Merino-Cashmere-Mischung mit sanften Farbverl\u00e4ufen. Perfekt f\u00fcr elegante H\u00e4kelaccessoires mit W\u00e4rme, Weichheit und Langlebigkeit.","breadcrumb":{"@id":"https:\/\/www.swisscrochet.ch\/de\/produkt\/laines-du-nord-poema-cashmere\/#breadcrumb"},"inLanguage":"de","potentialAction":[{"@type":"ReadAction","target":["https:\/\/www.swisscrochet.ch\/de\/produkt\/laines-du-nord-poema-cashmere\/"]}]},{"@type":"ImageObject","inLanguage":"de","@id":"https:\/\/www.swisscrochet.ch\/de\/produkt\/laines-du-nord-poema-cashmere\/#primaryimage","url":"https:\/\/www.swisscrochet.ch\/wp-content\/uploads\/2026\/04\/Laines-du-Nord-Poema-Cashmere-Overview.jpg","contentUrl":"https:\/\/www.swisscrochet.ch\/wp-content\/uploads\/2026\/04\/Laines-du-Nord-Poema-Cashmere-Overview.jpg","width":1000,"height":1000},{"@type":"BreadcrumbList","@id":"https:\/\/www.swisscrochet.ch\/de\/produkt\/laines-du-nord-poema-cashmere\/#breadcrumb","itemListElement":[{"@type":"ListItem","position":1,"name":"Home","item":"https:\/\/www.swisscrochet.ch\/de\/"},{"@type":"ListItem","position":2,"name":"Shop","item":"https:\/\/www.swisscrochet.ch\/de\/shop\/"},{"@type":"ListItem","position":3,"name":"Laines du Nord &#8211; Poema Cashmere"}]},{"@type":"WebSite","@id":"https:\/\/www.swisscrochet.ch\/#website","url":"https:\/\/www.swisscrochet.ch\/","name":"Swiss Crochet","description":"Entfalte dein kreatives Potenzial","potentialAction":[{"@type":"SearchAction","target":{"@type":"EntryPoint","urlTemplate":"https:\/\/www.swisscrochet.ch\/?s={search_term_string}"},"query-input":{"@type":"PropertyValueSpecification","valueRequired":true,"valueName":"search_term_string"}}],"inLanguage":"de"}]}},"_links":{"self":[{"href":"https:\/\/www.swisscrochet.ch\/de\/wp-json\/wp\/v2\/product\/31080","targetHints":{"allow":["GET"]}}],"collection":[{"href":"https:\/\/www.swisscrochet.ch\/de\/wp-json\/wp\/v2\/product"}],"about":[{"href":"https:\/\/www.swisscrochet.ch\/de\/wp-json\/wp\/v2\/types\/product"}],"wp:featuredmedia":[{"embeddable":true,"href":"https:\/\/www.swisscrochet.ch\/de\/wp-json\/wp\/v2\/media\/30524"}],"wp:attachment":[{"href":"https:\/\/www.swisscrochet.ch\/de\/wp-json\/wp\/v2\/media?parent=31080"}],"wp:term":[{"taxonomy":"product_brand","embeddable":true,"href":"https:\/\/www.swisscrochet.ch\/de\/wp-json\/wp\/v2\/product_brand?post=31080"},{"taxonomy":"product_cat","embeddable":true,"href":"https:\/\/www.swisscrochet.ch\/de\/wp-json\/wp\/v2\/product_cat?post=31080"},{"taxonomy":"product_tag","embeddable":true,"href":"https:\/\/www.swisscrochet.ch\/de\/wp-json\/wp\/v2\/product_tag?post=31080"}],"curies":[{"name":"wp","href":"https:\/\/api.w.org\/{rel}","templated":true}]}}