{"id":31184,"date":"2026-04-22T00:19:10","date_gmt":"2026-04-21T22:19:10","guid":{"rendered":"https:\/\/www.swisscrochet.ch\/product\/laines-du-nord-luxury-silk\/"},"modified":"2026-04-22T00:30:00","modified_gmt":"2026-04-21T22:30:00","slug":"laines-du-nord-luxury-silk","status":"publish","type":"product","link":"https:\/\/www.swisscrochet.ch\/de\/produkt\/laines-du-nord-luxury-silk\/","title":{"rendered":"Laines du Nord &#8211; Luxury Silk"},"content":{"rendered":"","protected":false},"excerpt":{"rendered":"<p>Luxury Silk ist ein hochwertiges B\u00e4ndchengarn aus 100 % Seide und bietet eine edle Balance aus Weichheit und Struktur. Die Bandkonstruktion sorgt f\u00fcr eine hervorragende Maschendefinition und verhindert gleichzeitig das Aufsplittern oder Aufdrehen, wodurch sich das Garn besonders angenehm verarbeiten l\u00e4sst.<\/p>\n<p>Von Natur aus leicht und atmungsaktiv, f\u00e4llt Luxury Silk wundersch\u00f6n und f\u00fchlt sich angenehm weich auf der Haut an. Es eignet sich besonders gut f\u00fcr elegante Kleidungsst\u00fccke und tragbare Accessoires wie Cardigans, Tops, Kleider und T\u00fccher.<\/p>\n<p>Die abgebildete Maschenprobe wurde in der Maschine gewaschen (Wollprogramm bei 30\u00b0C) und mit Dampf geb\u00fcgelt.<\/p>\n<p>Entdecke Luxury Silk f\u00fcr raffinierte H\u00e4kelprojekte mit fliessendem Fall und zeitloser Eleganz.<\/p>\n","protected":false},"featured_media":30984,"template":"","meta":[],"product_brand":[],"product_cat":[226,1894],"product_tag":[],"class_list":{"0":"post-31184","1":"product","2":"type-product","3":"status-publish","4":"has-post-thumbnail","6":"product_cat-garne","7":"product_cat-garn-kleidungsstucke","8":"pa_y1-brand-laines-du-nord-de","9":"pa_y17-yarn-weight-dk-de","10":"description-off","12":"first","13":"instock","14":"taxable","15":"shipping-taxable","16":"purchasable","17":"product-type-variable","18":"wvs-archive-product-wrapper"},"bundled_by":[],"bundle_stock_status":"instock","bundle_stock_quantity":null,"bundle_virtual":false,"bundle_layout":"","bundle_add_to_cart_form_location":"","bundle_editable_in_cart":false,"bundle_sold_individually_context":"","bundle_item_grouping":"","bundle_min_size":"","bundle_max_size":"","bundle_price":[],"bundled_items":[],"bundle_sell_ids":[],"yoast_head":"<!-- This site is optimized with the Yoast SEO plugin v27.4 - https:\/\/yoast.com\/product\/yoast-seo-wordpress\/ -->\n<title>Laines du Nord - Luxury Silk &#171; Swiss Crochet<\/title>\n<meta name=\"description\" content=\"Luxury Silk Garn aus 100 % Seide mit glatter B\u00e4ndchenstruktur. Leicht, weich und perfekt f\u00fcr elegante Kleidungsst\u00fccke, T\u00fccher und raffinierte H\u00e4kelprojekte.\" \/>\n<meta name=\"robots\" content=\"index, follow, max-snippet:-1, max-image-preview:large, max-video-preview:-1\" \/>\n<link rel=\"canonical\" href=\"https:\/\/www.swisscrochet.ch\/de\/produkt\/laines-du-nord-luxury-silk\/\" \/>\n<meta property=\"og:locale\" content=\"de_DE\" \/>\n<meta property=\"og:type\" content=\"article\" \/>\n<meta property=\"og:title\" content=\"Laines du Nord - Luxury Silk &#171; Swiss Crochet\" \/>\n<meta property=\"og:description\" content=\"Luxury Silk Garn aus 100 % Seide mit glatter B\u00e4ndchenstruktur. Leicht, weich und perfekt f\u00fcr elegante Kleidungsst\u00fccke, T\u00fccher und raffinierte H\u00e4kelprojekte.\" \/>\n<meta property=\"og:url\" content=\"https:\/\/www.swisscrochet.ch\/de\/produkt\/laines-du-nord-luxury-silk\/\" \/>\n<meta property=\"og:site_name\" content=\"Swiss Crochet\" \/>\n<meta property=\"article:modified_time\" content=\"2026-04-21T22:30:00+00:00\" \/>\n<meta property=\"og:image\" content=\"https:\/\/www.swisscrochet.ch\/wp-content\/uploads\/2026\/04\/Laines-du-Nord-Luxury-Silk-Overview.jpg\" \/>\n\t<meta property=\"og:image:width\" content=\"1000\" \/>\n\t<meta property=\"og:image:height\" content=\"1000\" \/>\n\t<meta property=\"og:image:type\" content=\"image\/jpeg\" \/>\n<meta name=\"twitter:card\" content=\"summary_large_image\" \/>\n<meta name=\"twitter:label1\" content=\"Gesch\u00e4tzte Lesezeit\" \/>\n\t<meta name=\"twitter:data1\" content=\"1\u00a0Minute\" \/>\n<script type=\"application\/ld+json\" class=\"yoast-schema-graph\">{\"@context\":\"https:\\\/\\\/schema.org\",\"@graph\":[{\"@type\":[\"WebPage\",\"ItemPage\"],\"@id\":\"https:\\\/\\\/www.swisscrochet.ch\\\/de\\\/produkt\\\/laines-du-nord-luxury-silk\\\/\",\"url\":\"https:\\\/\\\/www.swisscrochet.ch\\\/de\\\/produkt\\\/laines-du-nord-luxury-silk\\\/\",\"name\":\"Laines du Nord - Luxury Silk &#171; Swiss Crochet\",\"isPartOf\":{\"@id\":\"https:\\\/\\\/www.swisscrochet.ch\\\/#website\"},\"primaryImageOfPage\":{\"@id\":\"https:\\\/\\\/www.swisscrochet.ch\\\/de\\\/produkt\\\/laines-du-nord-luxury-silk\\\/#primaryimage\"},\"image\":{\"@id\":\"https:\\\/\\\/www.swisscrochet.ch\\\/de\\\/produkt\\\/laines-du-nord-luxury-silk\\\/#primaryimage\"},\"thumbnailUrl\":\"https:\\\/\\\/www.swisscrochet.ch\\\/wp-content\\\/uploads\\\/2026\\\/04\\\/Laines-du-Nord-Luxury-Silk-Overview.jpg\",\"datePublished\":\"2026-04-21T22:19:10+00:00\",\"dateModified\":\"2026-04-21T22:30:00+00:00\",\"description\":\"Luxury Silk Garn aus 100 % Seide mit glatter B\u00e4ndchenstruktur. Leicht, weich und perfekt f\u00fcr elegante Kleidungsst\u00fccke, T\u00fccher und raffinierte H\u00e4kelprojekte.\",\"breadcrumb\":{\"@id\":\"https:\\\/\\\/www.swisscrochet.ch\\\/de\\\/produkt\\\/laines-du-nord-luxury-silk\\\/#breadcrumb\"},\"inLanguage\":\"de\",\"potentialAction\":[{\"@type\":\"ReadAction\",\"target\":[\"https:\\\/\\\/www.swisscrochet.ch\\\/de\\\/produkt\\\/laines-du-nord-luxury-silk\\\/\"]}]},{\"@type\":\"ImageObject\",\"inLanguage\":\"de\",\"@id\":\"https:\\\/\\\/www.swisscrochet.ch\\\/de\\\/produkt\\\/laines-du-nord-luxury-silk\\\/#primaryimage\",\"url\":\"https:\\\/\\\/www.swisscrochet.ch\\\/wp-content\\\/uploads\\\/2026\\\/04\\\/Laines-du-Nord-Luxury-Silk-Overview.jpg\",\"contentUrl\":\"https:\\\/\\\/www.swisscrochet.ch\\\/wp-content\\\/uploads\\\/2026\\\/04\\\/Laines-du-Nord-Luxury-Silk-Overview.jpg\",\"width\":1000,\"height\":1000},{\"@type\":\"BreadcrumbList\",\"@id\":\"https:\\\/\\\/www.swisscrochet.ch\\\/de\\\/produkt\\\/laines-du-nord-luxury-silk\\\/#breadcrumb\",\"itemListElement\":[{\"@type\":\"ListItem\",\"position\":1,\"name\":\"Home\",\"item\":\"https:\\\/\\\/www.swisscrochet.ch\\\/de\\\/\"},{\"@type\":\"ListItem\",\"position\":2,\"name\":\"Shop\",\"item\":\"https:\\\/\\\/www.swisscrochet.ch\\\/de\\\/shop\\\/\"},{\"@type\":\"ListItem\",\"position\":3,\"name\":\"Laines du Nord &#8211; Luxury Silk\"}]},{\"@type\":\"WebSite\",\"@id\":\"https:\\\/\\\/www.swisscrochet.ch\\\/#website\",\"url\":\"https:\\\/\\\/www.swisscrochet.ch\\\/\",\"name\":\"Swiss Crochet\",\"description\":\"Entfalte dein kreatives Potenzial\",\"potentialAction\":[{\"@type\":\"SearchAction\",\"target\":{\"@type\":\"EntryPoint\",\"urlTemplate\":\"https:\\\/\\\/www.swisscrochet.ch\\\/?s={search_term_string}\"},\"query-input\":{\"@type\":\"PropertyValueSpecification\",\"valueRequired\":true,\"valueName\":\"search_term_string\"}}],\"inLanguage\":\"de\"}]}<\/script>\n<!-- \/ Yoast SEO plugin. -->","yoast_head_json":{"title":"Laines du Nord - Luxury Silk &#171; Swiss Crochet","description":"Luxury Silk Garn aus 100 % Seide mit glatter B\u00e4ndchenstruktur. Leicht, weich und perfekt f\u00fcr elegante Kleidungsst\u00fccke, T\u00fccher und raffinierte H\u00e4kelprojekte.","robots":{"index":"index","follow":"follow","max-snippet":"max-snippet:-1","max-image-preview":"max-image-preview:large","max-video-preview":"max-video-preview:-1"},"canonical":"https:\/\/www.swisscrochet.ch\/de\/produkt\/laines-du-nord-luxury-silk\/","og_locale":"de_DE","og_type":"article","og_title":"Laines du Nord - Luxury Silk &#171; Swiss Crochet","og_description":"Luxury Silk Garn aus 100 % Seide mit glatter B\u00e4ndchenstruktur. Leicht, weich und perfekt f\u00fcr elegante Kleidungsst\u00fccke, T\u00fccher und raffinierte H\u00e4kelprojekte.","og_url":"https:\/\/www.swisscrochet.ch\/de\/produkt\/laines-du-nord-luxury-silk\/","og_site_name":"Swiss Crochet","article_modified_time":"2026-04-21T22:30:00+00:00","og_image":[{"width":1000,"height":1000,"url":"https:\/\/www.swisscrochet.ch\/wp-content\/uploads\/2026\/04\/Laines-du-Nord-Luxury-Silk-Overview.jpg","type":"image\/jpeg"}],"twitter_card":"summary_large_image","twitter_misc":{"Gesch\u00e4tzte Lesezeit":"1\u00a0Minute"},"schema":{"@context":"https:\/\/schema.org","@graph":[{"@type":["WebPage","ItemPage"],"@id":"https:\/\/www.swisscrochet.ch\/de\/produkt\/laines-du-nord-luxury-silk\/","url":"https:\/\/www.swisscrochet.ch\/de\/produkt\/laines-du-nord-luxury-silk\/","name":"Laines du Nord - Luxury Silk &#171; Swiss Crochet","isPartOf":{"@id":"https:\/\/www.swisscrochet.ch\/#website"},"primaryImageOfPage":{"@id":"https:\/\/www.swisscrochet.ch\/de\/produkt\/laines-du-nord-luxury-silk\/#primaryimage"},"image":{"@id":"https:\/\/www.swisscrochet.ch\/de\/produkt\/laines-du-nord-luxury-silk\/#primaryimage"},"thumbnailUrl":"https:\/\/www.swisscrochet.ch\/wp-content\/uploads\/2026\/04\/Laines-du-Nord-Luxury-Silk-Overview.jpg","datePublished":"2026-04-21T22:19:10+00:00","dateModified":"2026-04-21T22:30:00+00:00","description":"Luxury Silk Garn aus 100 % Seide mit glatter B\u00e4ndchenstruktur. Leicht, weich und perfekt f\u00fcr elegante Kleidungsst\u00fccke, T\u00fccher und raffinierte H\u00e4kelprojekte.","breadcrumb":{"@id":"https:\/\/www.swisscrochet.ch\/de\/produkt\/laines-du-nord-luxury-silk\/#breadcrumb"},"inLanguage":"de","potentialAction":[{"@type":"ReadAction","target":["https:\/\/www.swisscrochet.ch\/de\/produkt\/laines-du-nord-luxury-silk\/"]}]},{"@type":"ImageObject","inLanguage":"de","@id":"https:\/\/www.swisscrochet.ch\/de\/produkt\/laines-du-nord-luxury-silk\/#primaryimage","url":"https:\/\/www.swisscrochet.ch\/wp-content\/uploads\/2026\/04\/Laines-du-Nord-Luxury-Silk-Overview.jpg","contentUrl":"https:\/\/www.swisscrochet.ch\/wp-content\/uploads\/2026\/04\/Laines-du-Nord-Luxury-Silk-Overview.jpg","width":1000,"height":1000},{"@type":"BreadcrumbList","@id":"https:\/\/www.swisscrochet.ch\/de\/produkt\/laines-du-nord-luxury-silk\/#breadcrumb","itemListElement":[{"@type":"ListItem","position":1,"name":"Home","item":"https:\/\/www.swisscrochet.ch\/de\/"},{"@type":"ListItem","position":2,"name":"Shop","item":"https:\/\/www.swisscrochet.ch\/de\/shop\/"},{"@type":"ListItem","position":3,"name":"Laines du Nord &#8211; Luxury Silk"}]},{"@type":"WebSite","@id":"https:\/\/www.swisscrochet.ch\/#website","url":"https:\/\/www.swisscrochet.ch\/","name":"Swiss Crochet","description":"Entfalte dein kreatives Potenzial","potentialAction":[{"@type":"SearchAction","target":{"@type":"EntryPoint","urlTemplate":"https:\/\/www.swisscrochet.ch\/?s={search_term_string}"},"query-input":{"@type":"PropertyValueSpecification","valueRequired":true,"valueName":"search_term_string"}}],"inLanguage":"de"}]}},"_links":{"self":[{"href":"https:\/\/www.swisscrochet.ch\/de\/wp-json\/wp\/v2\/product\/31184","targetHints":{"allow":["GET"]}}],"collection":[{"href":"https:\/\/www.swisscrochet.ch\/de\/wp-json\/wp\/v2\/product"}],"about":[{"href":"https:\/\/www.swisscrochet.ch\/de\/wp-json\/wp\/v2\/types\/product"}],"wp:featuredmedia":[{"embeddable":true,"href":"https:\/\/www.swisscrochet.ch\/de\/wp-json\/wp\/v2\/media\/30984"}],"wp:attachment":[{"href":"https:\/\/www.swisscrochet.ch\/de\/wp-json\/wp\/v2\/media?parent=31184"}],"wp:term":[{"taxonomy":"product_brand","embeddable":true,"href":"https:\/\/www.swisscrochet.ch\/de\/wp-json\/wp\/v2\/product_brand?post=31184"},{"taxonomy":"product_cat","embeddable":true,"href":"https:\/\/www.swisscrochet.ch\/de\/wp-json\/wp\/v2\/product_cat?post=31184"},{"taxonomy":"product_tag","embeddable":true,"href":"https:\/\/www.swisscrochet.ch\/de\/wp-json\/wp\/v2\/product_tag?post=31184"}],"curies":[{"name":"wp","href":"https:\/\/api.w.org\/{rel}","templated":true}]}}