{"id":31613,"date":"2026-04-24T16:14:26","date_gmt":"2026-04-24T14:14:26","guid":{"rendered":"https:\/\/www.swisscrochet.ch\/product\/laines-du-nord-vasto\/"},"modified":"2026-04-24T18:29:19","modified_gmt":"2026-04-24T16:29:19","slug":"laines-du-nord-vasto","status":"publish","type":"product","link":"https:\/\/www.swisscrochet.ch\/de\/produkt\/laines-du-nord-vasto\/","title":{"rendered":"Laines du Nord &#8211; Vasto"},"content":{"rendered":"","protected":false},"excerpt":{"rendered":"<p>Vasto ist ein einzigartiges Single-Origin-Garn aus 100 % Merino Gentile Wolle von kleinen Betrieben in Apulien, Italien. Als vollst\u00e4ndig r\u00fcckverfolgbare europ\u00e4ische Wolle bietet dieses Garn eine echte Verbindung zu seinem Ursprung und zur traditionellen Herstellung.<\/p>\n<p>Vasto ist ein zweif\u00e4diges, wollig gesponnenes Garn mit S-Drehung. Diese Konstruktion schliesst Luft in den Fasern ein und sorgt so f\u00fcr ein luftiges, leichtes und sehr gut isolierendes Garn mit einer weichen, matten Oberfl\u00e4che. Nach dem Waschen bl\u00fcht das Garn wundersch\u00f6n auf und f\u00fcllt sich, wodurch ein zusammenh\u00e4ngendes, weiches Gewebe mit zus\u00e4tzlicher Struktur und W\u00e4rme entsteht.<\/p>\n<p>Um von diesem Aufbl\u00fcheffekt optimal zu profitieren, empfiehlt es sich, Vasto mit einer lockeren Maschenprobe zu verarbeiten und nicht zu fest zu h\u00e4keln.<\/p>\n<p>Vasto eignet sich f\u00fcr eine Vielzahl von Projekten \u2013 von Kleidungsst\u00fccken wie Pullovern, Cardigans und Tops bis hin zu Accessoires wie M\u00fctzen, Schals und Handschuhen.<\/p>\n<p>Die abgebildete Maschenprobe wurde in der Maschine gewaschen (Wollprogramm bei 30\u00b0C) und mit Dampf geb\u00fcgelt.<\/p>\n<p>W\u00e4hle Vasto f\u00fcr nat\u00fcrliche, r\u00fcckverfolgbare Wolle mit wundersch\u00f6ner Aufbl\u00fchung, weicher Textur und zeitlosem Charakter.<\/p>\n","protected":false},"featured_media":30752,"template":"","meta":[],"product_brand":[],"product_cat":[226,1894],"product_tag":[],"class_list":{"0":"post-31613","1":"product","2":"type-product","3":"status-publish","4":"has-post-thumbnail","6":"product_cat-garne","7":"product_cat-garn-kleidungsstucke","8":"pa_y1-brand-laines-du-nord-de","9":"pa_y17-yarn-weight-worsted-de","10":"description-off","12":"first","13":"instock","14":"taxable","15":"shipping-taxable","16":"purchasable","17":"product-type-variable","18":"wvs-archive-product-wrapper"},"bundled_by":[],"bundle_stock_status":"instock","bundle_stock_quantity":null,"bundle_virtual":false,"bundle_layout":"","bundle_add_to_cart_form_location":"","bundle_editable_in_cart":false,"bundle_sold_individually_context":"","bundle_item_grouping":"","bundle_min_size":"","bundle_max_size":"","bundle_price":[],"bundled_items":[],"bundle_sell_ids":[],"yoast_head":"<!-- This site is optimized with the Yoast SEO plugin v27.4 - https:\/\/yoast.com\/product\/yoast-seo-wordpress\/ -->\n<title>Laines du Nord - Vasto &#171; Swiss Crochet<\/title>\n<meta name=\"description\" content=\"Vasto ist ein 100 % Merino Gentile Garn aus Apulien, Italien \u2013 r\u00fcckverfolgbar, leicht und wollig gesponnen mit weicher Textur, sch\u00f6ner Aufbl\u00fchung und angenehmer W\u00e4rme.\" \/>\n<meta name=\"robots\" content=\"index, follow, max-snippet:-1, max-image-preview:large, max-video-preview:-1\" \/>\n<link rel=\"canonical\" href=\"https:\/\/www.swisscrochet.ch\/de\/produkt\/laines-du-nord-vasto\/\" \/>\n<meta property=\"og:locale\" content=\"de_DE\" \/>\n<meta property=\"og:type\" content=\"article\" \/>\n<meta property=\"og:title\" content=\"Laines du Nord - Vasto &#171; Swiss Crochet\" \/>\n<meta property=\"og:description\" content=\"Vasto ist ein 100 % Merino Gentile Garn aus Apulien, Italien \u2013 r\u00fcckverfolgbar, leicht und wollig gesponnen mit weicher Textur, sch\u00f6ner Aufbl\u00fchung und angenehmer W\u00e4rme.\" \/>\n<meta property=\"og:url\" content=\"https:\/\/www.swisscrochet.ch\/de\/produkt\/laines-du-nord-vasto\/\" \/>\n<meta property=\"og:site_name\" content=\"Swiss Crochet\" \/>\n<meta property=\"article:modified_time\" content=\"2026-04-24T16:29:19+00:00\" \/>\n<meta property=\"og:image\" content=\"https:\/\/www.swisscrochet.ch\/wp-content\/uploads\/2026\/04\/Laines-du-Nord-Vasto-Overview.jpg\" \/>\n\t<meta property=\"og:image:width\" content=\"1000\" \/>\n\t<meta property=\"og:image:height\" content=\"1000\" \/>\n\t<meta property=\"og:image:type\" content=\"image\/jpeg\" \/>\n<meta name=\"twitter:card\" content=\"summary_large_image\" \/>\n<meta name=\"twitter:label1\" content=\"Gesch\u00e4tzte Lesezeit\" \/>\n\t<meta name=\"twitter:data1\" content=\"1\u00a0Minute\" \/>\n<script type=\"application\/ld+json\" class=\"yoast-schema-graph\">{\"@context\":\"https:\\\/\\\/schema.org\",\"@graph\":[{\"@type\":[\"WebPage\",\"ItemPage\"],\"@id\":\"https:\\\/\\\/www.swisscrochet.ch\\\/de\\\/produkt\\\/laines-du-nord-vasto\\\/\",\"url\":\"https:\\\/\\\/www.swisscrochet.ch\\\/de\\\/produkt\\\/laines-du-nord-vasto\\\/\",\"name\":\"Laines du Nord - Vasto &#171; Swiss Crochet\",\"isPartOf\":{\"@id\":\"https:\\\/\\\/www.swisscrochet.ch\\\/#website\"},\"primaryImageOfPage\":{\"@id\":\"https:\\\/\\\/www.swisscrochet.ch\\\/de\\\/produkt\\\/laines-du-nord-vasto\\\/#primaryimage\"},\"image\":{\"@id\":\"https:\\\/\\\/www.swisscrochet.ch\\\/de\\\/produkt\\\/laines-du-nord-vasto\\\/#primaryimage\"},\"thumbnailUrl\":\"https:\\\/\\\/www.swisscrochet.ch\\\/wp-content\\\/uploads\\\/2026\\\/04\\\/Laines-du-Nord-Vasto-Overview.jpg\",\"datePublished\":\"2026-04-24T14:14:26+00:00\",\"dateModified\":\"2026-04-24T16:29:19+00:00\",\"description\":\"Vasto ist ein 100 % Merino Gentile Garn aus Apulien, Italien \u2013 r\u00fcckverfolgbar, leicht und wollig gesponnen mit weicher Textur, sch\u00f6ner Aufbl\u00fchung und angenehmer W\u00e4rme.\",\"breadcrumb\":{\"@id\":\"https:\\\/\\\/www.swisscrochet.ch\\\/de\\\/produkt\\\/laines-du-nord-vasto\\\/#breadcrumb\"},\"inLanguage\":\"de\",\"potentialAction\":[{\"@type\":\"ReadAction\",\"target\":[\"https:\\\/\\\/www.swisscrochet.ch\\\/de\\\/produkt\\\/laines-du-nord-vasto\\\/\"]}]},{\"@type\":\"ImageObject\",\"inLanguage\":\"de\",\"@id\":\"https:\\\/\\\/www.swisscrochet.ch\\\/de\\\/produkt\\\/laines-du-nord-vasto\\\/#primaryimage\",\"url\":\"https:\\\/\\\/www.swisscrochet.ch\\\/wp-content\\\/uploads\\\/2026\\\/04\\\/Laines-du-Nord-Vasto-Overview.jpg\",\"contentUrl\":\"https:\\\/\\\/www.swisscrochet.ch\\\/wp-content\\\/uploads\\\/2026\\\/04\\\/Laines-du-Nord-Vasto-Overview.jpg\",\"width\":1000,\"height\":1000},{\"@type\":\"BreadcrumbList\",\"@id\":\"https:\\\/\\\/www.swisscrochet.ch\\\/de\\\/produkt\\\/laines-du-nord-vasto\\\/#breadcrumb\",\"itemListElement\":[{\"@type\":\"ListItem\",\"position\":1,\"name\":\"Home\",\"item\":\"https:\\\/\\\/www.swisscrochet.ch\\\/de\\\/\"},{\"@type\":\"ListItem\",\"position\":2,\"name\":\"Shop\",\"item\":\"https:\\\/\\\/www.swisscrochet.ch\\\/de\\\/shop\\\/\"},{\"@type\":\"ListItem\",\"position\":3,\"name\":\"Laines du Nord &#8211; Vasto\"}]},{\"@type\":\"WebSite\",\"@id\":\"https:\\\/\\\/www.swisscrochet.ch\\\/#website\",\"url\":\"https:\\\/\\\/www.swisscrochet.ch\\\/\",\"name\":\"Swiss Crochet\",\"description\":\"Entfalte dein kreatives Potenzial\",\"potentialAction\":[{\"@type\":\"SearchAction\",\"target\":{\"@type\":\"EntryPoint\",\"urlTemplate\":\"https:\\\/\\\/www.swisscrochet.ch\\\/?s={search_term_string}\"},\"query-input\":{\"@type\":\"PropertyValueSpecification\",\"valueRequired\":true,\"valueName\":\"search_term_string\"}}],\"inLanguage\":\"de\"}]}<\/script>\n<!-- \/ Yoast SEO plugin. -->","yoast_head_json":{"title":"Laines du Nord - Vasto &#171; Swiss Crochet","description":"Vasto ist ein 100 % Merino Gentile Garn aus Apulien, Italien \u2013 r\u00fcckverfolgbar, leicht und wollig gesponnen mit weicher Textur, sch\u00f6ner Aufbl\u00fchung und angenehmer W\u00e4rme.","robots":{"index":"index","follow":"follow","max-snippet":"max-snippet:-1","max-image-preview":"max-image-preview:large","max-video-preview":"max-video-preview:-1"},"canonical":"https:\/\/www.swisscrochet.ch\/de\/produkt\/laines-du-nord-vasto\/","og_locale":"de_DE","og_type":"article","og_title":"Laines du Nord - Vasto &#171; Swiss Crochet","og_description":"Vasto ist ein 100 % Merino Gentile Garn aus Apulien, Italien \u2013 r\u00fcckverfolgbar, leicht und wollig gesponnen mit weicher Textur, sch\u00f6ner Aufbl\u00fchung und angenehmer W\u00e4rme.","og_url":"https:\/\/www.swisscrochet.ch\/de\/produkt\/laines-du-nord-vasto\/","og_site_name":"Swiss Crochet","article_modified_time":"2026-04-24T16:29:19+00:00","og_image":[{"width":1000,"height":1000,"url":"https:\/\/www.swisscrochet.ch\/wp-content\/uploads\/2026\/04\/Laines-du-Nord-Vasto-Overview.jpg","type":"image\/jpeg"}],"twitter_card":"summary_large_image","twitter_misc":{"Gesch\u00e4tzte Lesezeit":"1\u00a0Minute"},"schema":{"@context":"https:\/\/schema.org","@graph":[{"@type":["WebPage","ItemPage"],"@id":"https:\/\/www.swisscrochet.ch\/de\/produkt\/laines-du-nord-vasto\/","url":"https:\/\/www.swisscrochet.ch\/de\/produkt\/laines-du-nord-vasto\/","name":"Laines du Nord - Vasto &#171; Swiss Crochet","isPartOf":{"@id":"https:\/\/www.swisscrochet.ch\/#website"},"primaryImageOfPage":{"@id":"https:\/\/www.swisscrochet.ch\/de\/produkt\/laines-du-nord-vasto\/#primaryimage"},"image":{"@id":"https:\/\/www.swisscrochet.ch\/de\/produkt\/laines-du-nord-vasto\/#primaryimage"},"thumbnailUrl":"https:\/\/www.swisscrochet.ch\/wp-content\/uploads\/2026\/04\/Laines-du-Nord-Vasto-Overview.jpg","datePublished":"2026-04-24T14:14:26+00:00","dateModified":"2026-04-24T16:29:19+00:00","description":"Vasto ist ein 100 % Merino Gentile Garn aus Apulien, Italien \u2013 r\u00fcckverfolgbar, leicht und wollig gesponnen mit weicher Textur, sch\u00f6ner Aufbl\u00fchung und angenehmer W\u00e4rme.","breadcrumb":{"@id":"https:\/\/www.swisscrochet.ch\/de\/produkt\/laines-du-nord-vasto\/#breadcrumb"},"inLanguage":"de","potentialAction":[{"@type":"ReadAction","target":["https:\/\/www.swisscrochet.ch\/de\/produkt\/laines-du-nord-vasto\/"]}]},{"@type":"ImageObject","inLanguage":"de","@id":"https:\/\/www.swisscrochet.ch\/de\/produkt\/laines-du-nord-vasto\/#primaryimage","url":"https:\/\/www.swisscrochet.ch\/wp-content\/uploads\/2026\/04\/Laines-du-Nord-Vasto-Overview.jpg","contentUrl":"https:\/\/www.swisscrochet.ch\/wp-content\/uploads\/2026\/04\/Laines-du-Nord-Vasto-Overview.jpg","width":1000,"height":1000},{"@type":"BreadcrumbList","@id":"https:\/\/www.swisscrochet.ch\/de\/produkt\/laines-du-nord-vasto\/#breadcrumb","itemListElement":[{"@type":"ListItem","position":1,"name":"Home","item":"https:\/\/www.swisscrochet.ch\/de\/"},{"@type":"ListItem","position":2,"name":"Shop","item":"https:\/\/www.swisscrochet.ch\/de\/shop\/"},{"@type":"ListItem","position":3,"name":"Laines du Nord &#8211; Vasto"}]},{"@type":"WebSite","@id":"https:\/\/www.swisscrochet.ch\/#website","url":"https:\/\/www.swisscrochet.ch\/","name":"Swiss Crochet","description":"Entfalte dein kreatives Potenzial","potentialAction":[{"@type":"SearchAction","target":{"@type":"EntryPoint","urlTemplate":"https:\/\/www.swisscrochet.ch\/?s={search_term_string}"},"query-input":{"@type":"PropertyValueSpecification","valueRequired":true,"valueName":"search_term_string"}}],"inLanguage":"de"}]}},"_links":{"self":[{"href":"https:\/\/www.swisscrochet.ch\/de\/wp-json\/wp\/v2\/product\/31613","targetHints":{"allow":["GET"]}}],"collection":[{"href":"https:\/\/www.swisscrochet.ch\/de\/wp-json\/wp\/v2\/product"}],"about":[{"href":"https:\/\/www.swisscrochet.ch\/de\/wp-json\/wp\/v2\/types\/product"}],"wp:featuredmedia":[{"embeddable":true,"href":"https:\/\/www.swisscrochet.ch\/de\/wp-json\/wp\/v2\/media\/30752"}],"wp:attachment":[{"href":"https:\/\/www.swisscrochet.ch\/de\/wp-json\/wp\/v2\/media?parent=31613"}],"wp:term":[{"taxonomy":"product_brand","embeddable":true,"href":"https:\/\/www.swisscrochet.ch\/de\/wp-json\/wp\/v2\/product_brand?post=31613"},{"taxonomy":"product_cat","embeddable":true,"href":"https:\/\/www.swisscrochet.ch\/de\/wp-json\/wp\/v2\/product_cat?post=31613"},{"taxonomy":"product_tag","embeddable":true,"href":"https:\/\/www.swisscrochet.ch\/de\/wp-json\/wp\/v2\/product_tag?post=31613"}],"curies":[{"name":"wp","href":"https:\/\/api.w.org\/{rel}","templated":true}]}}