{"id":31805,"date":"2026-04-27T14:00:22","date_gmt":"2026-04-27T12:00:22","guid":{"rendered":"https:\/\/www.swisscrochet.ch\/product\/nordic-textures-in-crochet-garments-linda-skuja\/"},"modified":"2026-04-29T22:07:16","modified_gmt":"2026-04-29T20:07:16","slug":"nordic-textures-in-crochet-garments-linda-skuja","status":"publish","type":"product","link":"https:\/\/www.swisscrochet.ch\/de\/produkt\/nordic-textures-in-crochet-garments-linda-skuja\/","title":{"rendered":"Nordic Textures in Crochet Garments &#8211; Linda Skuja &#8211; Pre-order price (until release)"},"content":{"rendered":"","protected":false},"excerpt":{"rendered":"<p>Linda Skuja invites you into her Nordic way of thinking through quiet epiphanies that reveal how she observes and interprets the world around her.<\/p>\n<p><em><strong>At the heart of her work lies a powerful idea:<\/strong> reproducible art \u2013 a new perspective on art and craft as living, shared expression. <\/em><\/p>\n<p><em>Rather than focusing on uniqueness and ownership, she shifts the narrative toward art that is shared, collaborative, and ever-evolving.<\/em><\/p>\n<p><em>Reproducible art doesn\u2019t belong to just one person, it grows and transforms with each maker who brings their own interpretation to it. As long as someone continues to create it, the art lives on \u2013 just like tradition.<\/em><\/p>\n<p>Linda captures textures from her surroundings and translates them into 12 crochet sweaters and cardigans, offering each maker the opportunity to recreate and personalize them through their own materials, colors, and modifications. Her professionally written crochet patterns serve as the initial spark \u2013 seed designs \u2013 that ignite a creative chain reaction among fellow makers.<\/p>\n<p>The crochet patterns in this book are intentionally designed for the intermediate and advanced maker \u2013 and for the adventurous knitter looking to cross over. For those who find joy in a challenge and beauty in precision.<\/p>\n<p>This book is more than a collection of patterns. It\u2019s a visual and tactile journey through the North \u2013 rich and deep. Full with atmosphere, texture, and soul. A quietly radical celebration of creativity.<\/p>\n<p>Details:<br \/>\n\u2714 12 crochet garments (sweaters &amp; cardigans)<br \/>\n\u2714 Intermediate to advanced level<br \/>\n\u2714 English language<br \/>\n\u2714 Release: June 2026<\/p>\n<p>&nbsp;<\/p>\n<p><strong>Please note: <\/strong>This is a pre-order listing. The book is expected to be available for delivery from 20.06.2026. Secure your copy in advance to ensure availability at release.<\/p>\n<p><strong>Bitte beachte: <\/strong>Dies ist ein Vorbestellungsartikel. Das Buch wird voraussichtlich ab dem 20.06.2026 lieferbar sein. Sichere dir dein Exemplar im Voraus, um die Verf\u00fcgbarkeit zum Erscheinungstermin zu gew\u00e4hrleisten.<\/p>\n<p><strong>Veuillez noter : <\/strong>Il s\u2019agit d\u2019une pr\u00e9commande. Le livre devrait \u00eatre disponible \u00e0 la livraison \u00e0 partir du 20.06.2026. R\u00e9servez votre exemplaire \u00e0 l\u2019avance pour garantir sa disponibilit\u00e9 d\u00e8s sa sortie.<\/p>\n<p><strong>Nota: <\/strong>Questo \u00e8 un articolo in pre-ordine. Il libro \u00e8 previsto disponibile per la consegna a partire dal 20.06.2026. Assicurati la tua copia in anticipo per garantirne la disponibilit\u00e0 al momento dell\u2019uscita.<\/p>\n","protected":false},"featured_media":31768,"template":"","meta":[],"product_brand":[],"product_cat":[209,1430],"product_tag":[1987],"class_list":{"0":"post-31805","1":"product","2":"type-product","3":"status-publish","4":"has-post-thumbnail","6":"product_cat-bucher","7":"product_cat-kleidung-techniken","8":"product_tag-lindaskuja","9":"pa_b1-language-englisch","10":"pa_b11-author-designer-linda-skuja-de","11":"description-off","13":"first","14":"instock","15":"sale","16":"taxable","17":"shipping-taxable","18":"purchasable","19":"product-type-simple"},"bundled_by":[],"bundle_stock_status":"instock","bundle_stock_quantity":19,"bundle_virtual":false,"bundle_layout":"","bundle_add_to_cart_form_location":"","bundle_editable_in_cart":false,"bundle_sold_individually_context":"","bundle_item_grouping":"","bundle_min_size":"","bundle_max_size":"","bundle_price":[],"bundled_items":[],"bundle_sell_ids":[],"yoast_head":"<!-- This site is optimized with the Yoast SEO plugin v27.5 - https:\/\/yoast.com\/product\/yoast-seo-wordpress\/ -->\n<title>Nordic Textures in Crochet Garments - Linda Skuja - Pre-order price (until release) &#171; Swiss Crochet<\/title>\n<meta name=\"description\" content=\"Linda Skuja crochet book with 12 sweaters and cardigans. Explore reproducible art through textured, modern designs for intermediate and advanced makers.\" \/>\n<meta name=\"robots\" content=\"index, follow, max-snippet:-1, max-image-preview:large, max-video-preview:-1\" \/>\n<link rel=\"canonical\" href=\"https:\/\/www.swisscrochet.ch\/product\/nordic-textures-in-crochet-garments-linda-skuja\/\" \/>\n<meta property=\"og:locale\" content=\"de_DE\" \/>\n<meta property=\"og:type\" content=\"article\" \/>\n<meta property=\"og:title\" content=\"Nordic Textures in Crochet Garments - Linda Skuja - Pre-order price (until release) &#171; Swiss Crochet\" \/>\n<meta property=\"og:description\" content=\"Linda Skuja crochet book with 12 sweaters and cardigans. Explore reproducible art through textured, modern designs for intermediate and advanced makers.\" \/>\n<meta property=\"og:url\" content=\"https:\/\/www.swisscrochet.ch\/product\/nordic-textures-in-crochet-garments-linda-skuja\/\" \/>\n<meta property=\"og:site_name\" content=\"Swiss Crochet\" \/>\n<meta property=\"article:modified_time\" content=\"2026-04-29T20:07:16+00:00\" \/>\n<meta property=\"og:image\" content=\"https:\/\/www.swisscrochet.ch\/wp-content\/uploads\/2026\/03\/Nordic-Textures-in-Crochet-Garments-Cover-1.jpg\" \/>\n\t<meta property=\"og:image:width\" content=\"1000\" \/>\n\t<meta property=\"og:image:height\" content=\"1418\" \/>\n\t<meta property=\"og:image:type\" content=\"image\/jpeg\" \/>\n<meta name=\"twitter:card\" content=\"summary_large_image\" \/>\n<script type=\"application\/ld+json\" class=\"yoast-schema-graph\">{\"@context\":\"https:\\\/\\\/schema.org\",\"@graph\":[{\"@type\":[\"WebPage\",\"ItemPage\"],\"@id\":\"https:\\\/\\\/www.swisscrochet.ch\\\/product\\\/nordic-textures-in-crochet-garments-linda-skuja\\\/\",\"url\":\"https:\\\/\\\/www.swisscrochet.ch\\\/product\\\/nordic-textures-in-crochet-garments-linda-skuja\\\/\",\"name\":\"Nordic Textures in Crochet Garments - Linda Skuja - Pre-order price (until release) &#171; Swiss Crochet\",\"isPartOf\":{\"@id\":\"https:\\\/\\\/www.swisscrochet.ch\\\/#website\"},\"primaryImageOfPage\":{\"@id\":\"https:\\\/\\\/www.swisscrochet.ch\\\/product\\\/nordic-textures-in-crochet-garments-linda-skuja\\\/#primaryimage\"},\"image\":{\"@id\":\"https:\\\/\\\/www.swisscrochet.ch\\\/product\\\/nordic-textures-in-crochet-garments-linda-skuja\\\/#primaryimage\"},\"thumbnailUrl\":\"https:\\\/\\\/www.swisscrochet.ch\\\/wp-content\\\/uploads\\\/2026\\\/03\\\/Nordic-Textures-in-Crochet-Garments-Cover-1.jpg\",\"datePublished\":\"2026-04-27T12:00:22+00:00\",\"dateModified\":\"2026-04-29T20:07:16+00:00\",\"description\":\"Linda Skuja crochet book with 12 sweaters and cardigans. Explore reproducible art through textured, modern designs for intermediate and advanced makers.\",\"breadcrumb\":{\"@id\":\"https:\\\/\\\/www.swisscrochet.ch\\\/product\\\/nordic-textures-in-crochet-garments-linda-skuja\\\/#breadcrumb\"},\"inLanguage\":\"de\",\"potentialAction\":[{\"@type\":\"ReadAction\",\"target\":[\"https:\\\/\\\/www.swisscrochet.ch\\\/product\\\/nordic-textures-in-crochet-garments-linda-skuja\\\/\"]}]},{\"@type\":\"ImageObject\",\"inLanguage\":\"de\",\"@id\":\"https:\\\/\\\/www.swisscrochet.ch\\\/product\\\/nordic-textures-in-crochet-garments-linda-skuja\\\/#primaryimage\",\"url\":\"https:\\\/\\\/www.swisscrochet.ch\\\/wp-content\\\/uploads\\\/2026\\\/03\\\/Nordic-Textures-in-Crochet-Garments-Cover-1.jpg\",\"contentUrl\":\"https:\\\/\\\/www.swisscrochet.ch\\\/wp-content\\\/uploads\\\/2026\\\/03\\\/Nordic-Textures-in-Crochet-Garments-Cover-1.jpg\",\"width\":1000,\"height\":1418},{\"@type\":\"BreadcrumbList\",\"@id\":\"https:\\\/\\\/www.swisscrochet.ch\\\/product\\\/nordic-textures-in-crochet-garments-linda-skuja\\\/#breadcrumb\",\"itemListElement\":[{\"@type\":\"ListItem\",\"position\":1,\"name\":\"Home\",\"item\":\"https:\\\/\\\/www.swisscrochet.ch\\\/de\\\/\"},{\"@type\":\"ListItem\",\"position\":2,\"name\":\"Shop\",\"item\":\"https:\\\/\\\/www.swisscrochet.ch\\\/de\\\/shop\\\/\"},{\"@type\":\"ListItem\",\"position\":3,\"name\":\"Nordic Textures in Crochet Garments &#8211; Linda Skuja &#8211; Pre-order price (until release)\"}]},{\"@type\":\"WebSite\",\"@id\":\"https:\\\/\\\/www.swisscrochet.ch\\\/#website\",\"url\":\"https:\\\/\\\/www.swisscrochet.ch\\\/\",\"name\":\"Swiss Crochet\",\"description\":\"Entfalte dein kreatives Potenzial\",\"potentialAction\":[{\"@type\":\"SearchAction\",\"target\":{\"@type\":\"EntryPoint\",\"urlTemplate\":\"https:\\\/\\\/www.swisscrochet.ch\\\/?s={search_term_string}\"},\"query-input\":{\"@type\":\"PropertyValueSpecification\",\"valueRequired\":true,\"valueName\":\"search_term_string\"}}],\"inLanguage\":\"de\"}]}<\/script>\n<!-- \/ Yoast SEO plugin. -->","yoast_head_json":{"title":"Nordic Textures in Crochet Garments - Linda Skuja - Pre-order price (until release) &#171; Swiss Crochet","description":"Linda Skuja crochet book with 12 sweaters and cardigans. Explore reproducible art through textured, modern designs for intermediate and advanced makers.","robots":{"index":"index","follow":"follow","max-snippet":"max-snippet:-1","max-image-preview":"max-image-preview:large","max-video-preview":"max-video-preview:-1"},"canonical":"https:\/\/www.swisscrochet.ch\/product\/nordic-textures-in-crochet-garments-linda-skuja\/","og_locale":"de_DE","og_type":"article","og_title":"Nordic Textures in Crochet Garments - Linda Skuja - Pre-order price (until release) &#171; Swiss Crochet","og_description":"Linda Skuja crochet book with 12 sweaters and cardigans. Explore reproducible art through textured, modern designs for intermediate and advanced makers.","og_url":"https:\/\/www.swisscrochet.ch\/product\/nordic-textures-in-crochet-garments-linda-skuja\/","og_site_name":"Swiss Crochet","article_modified_time":"2026-04-29T20:07:16+00:00","og_image":[{"width":1000,"height":1418,"url":"https:\/\/www.swisscrochet.ch\/wp-content\/uploads\/2026\/03\/Nordic-Textures-in-Crochet-Garments-Cover-1.jpg","type":"image\/jpeg"}],"twitter_card":"summary_large_image","schema":{"@context":"https:\/\/schema.org","@graph":[{"@type":["WebPage","ItemPage"],"@id":"https:\/\/www.swisscrochet.ch\/product\/nordic-textures-in-crochet-garments-linda-skuja\/","url":"https:\/\/www.swisscrochet.ch\/product\/nordic-textures-in-crochet-garments-linda-skuja\/","name":"Nordic Textures in Crochet Garments - Linda Skuja - Pre-order price (until release) &#171; Swiss Crochet","isPartOf":{"@id":"https:\/\/www.swisscrochet.ch\/#website"},"primaryImageOfPage":{"@id":"https:\/\/www.swisscrochet.ch\/product\/nordic-textures-in-crochet-garments-linda-skuja\/#primaryimage"},"image":{"@id":"https:\/\/www.swisscrochet.ch\/product\/nordic-textures-in-crochet-garments-linda-skuja\/#primaryimage"},"thumbnailUrl":"https:\/\/www.swisscrochet.ch\/wp-content\/uploads\/2026\/03\/Nordic-Textures-in-Crochet-Garments-Cover-1.jpg","datePublished":"2026-04-27T12:00:22+00:00","dateModified":"2026-04-29T20:07:16+00:00","description":"Linda Skuja crochet book with 12 sweaters and cardigans. Explore reproducible art through textured, modern designs for intermediate and advanced makers.","breadcrumb":{"@id":"https:\/\/www.swisscrochet.ch\/product\/nordic-textures-in-crochet-garments-linda-skuja\/#breadcrumb"},"inLanguage":"de","potentialAction":[{"@type":"ReadAction","target":["https:\/\/www.swisscrochet.ch\/product\/nordic-textures-in-crochet-garments-linda-skuja\/"]}]},{"@type":"ImageObject","inLanguage":"de","@id":"https:\/\/www.swisscrochet.ch\/product\/nordic-textures-in-crochet-garments-linda-skuja\/#primaryimage","url":"https:\/\/www.swisscrochet.ch\/wp-content\/uploads\/2026\/03\/Nordic-Textures-in-Crochet-Garments-Cover-1.jpg","contentUrl":"https:\/\/www.swisscrochet.ch\/wp-content\/uploads\/2026\/03\/Nordic-Textures-in-Crochet-Garments-Cover-1.jpg","width":1000,"height":1418},{"@type":"BreadcrumbList","@id":"https:\/\/www.swisscrochet.ch\/product\/nordic-textures-in-crochet-garments-linda-skuja\/#breadcrumb","itemListElement":[{"@type":"ListItem","position":1,"name":"Home","item":"https:\/\/www.swisscrochet.ch\/de\/"},{"@type":"ListItem","position":2,"name":"Shop","item":"https:\/\/www.swisscrochet.ch\/de\/shop\/"},{"@type":"ListItem","position":3,"name":"Nordic Textures in Crochet Garments &#8211; Linda Skuja &#8211; Pre-order price (until release)"}]},{"@type":"WebSite","@id":"https:\/\/www.swisscrochet.ch\/#website","url":"https:\/\/www.swisscrochet.ch\/","name":"Swiss Crochet","description":"Entfalte dein kreatives Potenzial","potentialAction":[{"@type":"SearchAction","target":{"@type":"EntryPoint","urlTemplate":"https:\/\/www.swisscrochet.ch\/?s={search_term_string}"},"query-input":{"@type":"PropertyValueSpecification","valueRequired":true,"valueName":"search_term_string"}}],"inLanguage":"de"}]}},"_links":{"self":[{"href":"https:\/\/www.swisscrochet.ch\/de\/wp-json\/wp\/v2\/product\/31805","targetHints":{"allow":["GET"]}}],"collection":[{"href":"https:\/\/www.swisscrochet.ch\/de\/wp-json\/wp\/v2\/product"}],"about":[{"href":"https:\/\/www.swisscrochet.ch\/de\/wp-json\/wp\/v2\/types\/product"}],"wp:featuredmedia":[{"embeddable":true,"href":"https:\/\/www.swisscrochet.ch\/de\/wp-json\/wp\/v2\/media\/31768"}],"wp:attachment":[{"href":"https:\/\/www.swisscrochet.ch\/de\/wp-json\/wp\/v2\/media?parent=31805"}],"wp:term":[{"taxonomy":"product_brand","embeddable":true,"href":"https:\/\/www.swisscrochet.ch\/de\/wp-json\/wp\/v2\/product_brand?post=31805"},{"taxonomy":"product_cat","embeddable":true,"href":"https:\/\/www.swisscrochet.ch\/de\/wp-json\/wp\/v2\/product_cat?post=31805"},{"taxonomy":"product_tag","embeddable":true,"href":"https:\/\/www.swisscrochet.ch\/de\/wp-json\/wp\/v2\/product_tag?post=31805"}],"curies":[{"name":"wp","href":"https:\/\/api.w.org\/{rel}","templated":true}]}}