{"id":32041,"date":"2026-05-07T20:15:23","date_gmt":"2026-05-07T18:15:23","guid":{"rendered":"https:\/\/www.swisscrochet.ch\/product\/tulip-carryt-end-stoppers\/"},"modified":"2026-05-07T20:27:29","modified_gmt":"2026-05-07T18:27:29","slug":"tulip-carryt-endstopper","status":"publish","type":"product","link":"https:\/\/www.swisscrochet.ch\/de\/produkt\/tulip-carryt-endstopper\/","title":{"rendered":"Tulip &#8211; CarryT Endstopper"},"content":{"rendered":"","protected":false},"excerpt":{"rendered":"<p>Die Tulip CarryT Endstopper sind praktische Zubeh\u00f6rteile f\u00fcr das Tulip CarryT System mit austauschbaren Kabeln f\u00fcr tunesisches H\u00e4keln.<\/p>\n<p>Beim tunesischen H\u00e4keln verl\u00e4ngert das Kabel die R\u00fcckseite der H\u00e4kelnadel und h\u00e4lt die aktiven Maschen, was besonders bei gr\u00f6sseren Projekten wie Decken, T\u00fcchern und Kleidungsst\u00fccken hilfreich ist. Der Endstopper wird sicher am gegen\u00fcberliegenden Ende des Kabels befestigt, damit keine Maschen herunterrutschen \u2013 sowohl w\u00e4hrend des Arbeitens als auch bei der Aufbewahrung deines Projekts. Beispiele zur Montage findest du auf den Produktfotos.<\/p>\n<p>Die Stopper werden fest auf das Kabelende geschraubt und helfen dabei, deine Maschen sicher an Ort und Stelle sowie dein Projekt ordentlich gesichert zu halten.<\/p>\n<p>Jede Packung enth\u00e4lt zwei Endstopper.<\/p>\n<p>Ein einfaches, aber unverzichtbares Zubeh\u00f6r, um die Kontrolle zu behalten und deine Maschen w\u00e4hrend deiner tunesischen H\u00e4kelprojekte zu sch\u00fctzen.<\/p>\n<p><strong>Exklusiv erh\u00e4ltlich bei Swiss Crochet.<\/strong><\/p>\n","protected":false},"featured_media":32004,"template":"","meta":[],"product_brand":[],"product_cat":[559,556,220],"product_tag":[],"class_list":{"0":"post-32041","1":"product","2":"type-product","3":"status-publish","4":"has-post-thumbnail","6":"product_cat-anderes-zubehoer","7":"product_cat-haekelnadeln-fuer-tunesisches-haekeln","8":"product_cat-hakelnadeln-und-zubehor","9":"product_shipping_class-kleinsendungen","10":"pa_t1-manufacturer-tulip-de","11":"description-off","13":"first","14":"instock","15":"taxable","16":"shipping-taxable","17":"purchasable","18":"product-type-simple"},"bundled_by":[],"bundle_stock_status":"instock","bundle_stock_quantity":10,"bundle_virtual":false,"bundle_layout":"","bundle_add_to_cart_form_location":"","bundle_editable_in_cart":false,"bundle_sold_individually_context":"","bundle_item_grouping":"","bundle_min_size":"","bundle_max_size":"","bundle_price":[],"bundled_items":[],"bundle_sell_ids":[],"yoast_head":"<!-- This site is optimized with the Yoast SEO plugin v27.5 - https:\/\/yoast.com\/product\/yoast-seo-wordpress\/ -->\n<title>Tulip - CarryT Endstopper &#171; Swiss Crochet<\/title>\n<meta name=\"description\" content=\"Tulip CarryT Endstopper f\u00fcr austauschbare tunesische H\u00e4kelkabel. Halten Maschen sicher an Ort und Stelle f\u00fcr Decken, Kleidungsst\u00fccke und gr\u00f6ssere Projekte.\" \/>\n<meta name=\"robots\" content=\"index, follow, max-snippet:-1, max-image-preview:large, max-video-preview:-1\" \/>\n<link rel=\"canonical\" href=\"https:\/\/www.swisscrochet.ch\/de\/produkt\/tulip-carryt-endstopper\/\" \/>\n<meta property=\"og:locale\" content=\"de_DE\" \/>\n<meta property=\"og:type\" content=\"article\" \/>\n<meta property=\"og:title\" content=\"Tulip - CarryT Endstopper &#171; Swiss Crochet\" \/>\n<meta property=\"og:description\" content=\"Tulip CarryT Endstopper f\u00fcr austauschbare tunesische H\u00e4kelkabel. Halten Maschen sicher an Ort und Stelle f\u00fcr Decken, Kleidungsst\u00fccke und gr\u00f6ssere Projekte.\" \/>\n<meta property=\"og:url\" content=\"https:\/\/www.swisscrochet.ch\/de\/produkt\/tulip-carryt-endstopper\/\" \/>\n<meta property=\"og:site_name\" content=\"Swiss Crochet\" \/>\n<meta property=\"article:modified_time\" content=\"2026-05-07T18:27:29+00:00\" \/>\n<meta property=\"og:image\" content=\"https:\/\/www.swisscrochet.ch\/wp-content\/uploads\/2026\/05\/Tulip-CarryT-End-Stoppers-Overview.jpg\" \/>\n\t<meta property=\"og:image:width\" content=\"1000\" \/>\n\t<meta property=\"og:image:height\" content=\"1000\" \/>\n\t<meta property=\"og:image:type\" content=\"image\/jpeg\" \/>\n<meta name=\"twitter:card\" content=\"summary_large_image\" \/>\n<meta name=\"twitter:label1\" content=\"Gesch\u00e4tzte Lesezeit\" \/>\n\t<meta name=\"twitter:data1\" content=\"1\u00a0Minute\" \/>\n<script type=\"application\/ld+json\" class=\"yoast-schema-graph\">{\"@context\":\"https:\\\/\\\/schema.org\",\"@graph\":[{\"@type\":[\"WebPage\",\"ItemPage\"],\"@id\":\"https:\\\/\\\/www.swisscrochet.ch\\\/de\\\/produkt\\\/tulip-carryt-endstopper\\\/\",\"url\":\"https:\\\/\\\/www.swisscrochet.ch\\\/de\\\/produkt\\\/tulip-carryt-endstopper\\\/\",\"name\":\"Tulip - CarryT Endstopper &#171; Swiss Crochet\",\"isPartOf\":{\"@id\":\"https:\\\/\\\/www.swisscrochet.ch\\\/#website\"},\"primaryImageOfPage\":{\"@id\":\"https:\\\/\\\/www.swisscrochet.ch\\\/de\\\/produkt\\\/tulip-carryt-endstopper\\\/#primaryimage\"},\"image\":{\"@id\":\"https:\\\/\\\/www.swisscrochet.ch\\\/de\\\/produkt\\\/tulip-carryt-endstopper\\\/#primaryimage\"},\"thumbnailUrl\":\"https:\\\/\\\/www.swisscrochet.ch\\\/wp-content\\\/uploads\\\/2026\\\/05\\\/Tulip-CarryT-End-Stoppers-Overview.jpg\",\"datePublished\":\"2026-05-07T18:15:23+00:00\",\"dateModified\":\"2026-05-07T18:27:29+00:00\",\"description\":\"Tulip CarryT Endstopper f\u00fcr austauschbare tunesische H\u00e4kelkabel. Halten Maschen sicher an Ort und Stelle f\u00fcr Decken, Kleidungsst\u00fccke und gr\u00f6ssere Projekte.\",\"breadcrumb\":{\"@id\":\"https:\\\/\\\/www.swisscrochet.ch\\\/de\\\/produkt\\\/tulip-carryt-endstopper\\\/#breadcrumb\"},\"inLanguage\":\"de\",\"potentialAction\":[{\"@type\":\"ReadAction\",\"target\":[\"https:\\\/\\\/www.swisscrochet.ch\\\/de\\\/produkt\\\/tulip-carryt-endstopper\\\/\"]}]},{\"@type\":\"ImageObject\",\"inLanguage\":\"de\",\"@id\":\"https:\\\/\\\/www.swisscrochet.ch\\\/de\\\/produkt\\\/tulip-carryt-endstopper\\\/#primaryimage\",\"url\":\"https:\\\/\\\/www.swisscrochet.ch\\\/wp-content\\\/uploads\\\/2026\\\/05\\\/Tulip-CarryT-End-Stoppers-Overview.jpg\",\"contentUrl\":\"https:\\\/\\\/www.swisscrochet.ch\\\/wp-content\\\/uploads\\\/2026\\\/05\\\/Tulip-CarryT-End-Stoppers-Overview.jpg\",\"width\":1000,\"height\":1000},{\"@type\":\"BreadcrumbList\",\"@id\":\"https:\\\/\\\/www.swisscrochet.ch\\\/de\\\/produkt\\\/tulip-carryt-endstopper\\\/#breadcrumb\",\"itemListElement\":[{\"@type\":\"ListItem\",\"position\":1,\"name\":\"Home\",\"item\":\"https:\\\/\\\/www.swisscrochet.ch\\\/de\\\/\"},{\"@type\":\"ListItem\",\"position\":2,\"name\":\"Shop\",\"item\":\"https:\\\/\\\/www.swisscrochet.ch\\\/de\\\/shop\\\/\"},{\"@type\":\"ListItem\",\"position\":3,\"name\":\"Tulip &#8211; CarryT Endstopper\"}]},{\"@type\":\"WebSite\",\"@id\":\"https:\\\/\\\/www.swisscrochet.ch\\\/#website\",\"url\":\"https:\\\/\\\/www.swisscrochet.ch\\\/\",\"name\":\"Swiss Crochet\",\"description\":\"Entfalte dein kreatives Potenzial\",\"potentialAction\":[{\"@type\":\"SearchAction\",\"target\":{\"@type\":\"EntryPoint\",\"urlTemplate\":\"https:\\\/\\\/www.swisscrochet.ch\\\/?s={search_term_string}\"},\"query-input\":{\"@type\":\"PropertyValueSpecification\",\"valueRequired\":true,\"valueName\":\"search_term_string\"}}],\"inLanguage\":\"de\"}]}<\/script>\n<!-- \/ Yoast SEO plugin. -->","yoast_head_json":{"title":"Tulip - CarryT Endstopper &#171; Swiss Crochet","description":"Tulip CarryT Endstopper f\u00fcr austauschbare tunesische H\u00e4kelkabel. Halten Maschen sicher an Ort und Stelle f\u00fcr Decken, Kleidungsst\u00fccke und gr\u00f6ssere Projekte.","robots":{"index":"index","follow":"follow","max-snippet":"max-snippet:-1","max-image-preview":"max-image-preview:large","max-video-preview":"max-video-preview:-1"},"canonical":"https:\/\/www.swisscrochet.ch\/de\/produkt\/tulip-carryt-endstopper\/","og_locale":"de_DE","og_type":"article","og_title":"Tulip - CarryT Endstopper &#171; Swiss Crochet","og_description":"Tulip CarryT Endstopper f\u00fcr austauschbare tunesische H\u00e4kelkabel. Halten Maschen sicher an Ort und Stelle f\u00fcr Decken, Kleidungsst\u00fccke und gr\u00f6ssere Projekte.","og_url":"https:\/\/www.swisscrochet.ch\/de\/produkt\/tulip-carryt-endstopper\/","og_site_name":"Swiss Crochet","article_modified_time":"2026-05-07T18:27:29+00:00","og_image":[{"width":1000,"height":1000,"url":"https:\/\/www.swisscrochet.ch\/wp-content\/uploads\/2026\/05\/Tulip-CarryT-End-Stoppers-Overview.jpg","type":"image\/jpeg"}],"twitter_card":"summary_large_image","twitter_misc":{"Gesch\u00e4tzte Lesezeit":"1\u00a0Minute"},"schema":{"@context":"https:\/\/schema.org","@graph":[{"@type":["WebPage","ItemPage"],"@id":"https:\/\/www.swisscrochet.ch\/de\/produkt\/tulip-carryt-endstopper\/","url":"https:\/\/www.swisscrochet.ch\/de\/produkt\/tulip-carryt-endstopper\/","name":"Tulip - CarryT Endstopper &#171; Swiss Crochet","isPartOf":{"@id":"https:\/\/www.swisscrochet.ch\/#website"},"primaryImageOfPage":{"@id":"https:\/\/www.swisscrochet.ch\/de\/produkt\/tulip-carryt-endstopper\/#primaryimage"},"image":{"@id":"https:\/\/www.swisscrochet.ch\/de\/produkt\/tulip-carryt-endstopper\/#primaryimage"},"thumbnailUrl":"https:\/\/www.swisscrochet.ch\/wp-content\/uploads\/2026\/05\/Tulip-CarryT-End-Stoppers-Overview.jpg","datePublished":"2026-05-07T18:15:23+00:00","dateModified":"2026-05-07T18:27:29+00:00","description":"Tulip CarryT Endstopper f\u00fcr austauschbare tunesische H\u00e4kelkabel. Halten Maschen sicher an Ort und Stelle f\u00fcr Decken, Kleidungsst\u00fccke und gr\u00f6ssere Projekte.","breadcrumb":{"@id":"https:\/\/www.swisscrochet.ch\/de\/produkt\/tulip-carryt-endstopper\/#breadcrumb"},"inLanguage":"de","potentialAction":[{"@type":"ReadAction","target":["https:\/\/www.swisscrochet.ch\/de\/produkt\/tulip-carryt-endstopper\/"]}]},{"@type":"ImageObject","inLanguage":"de","@id":"https:\/\/www.swisscrochet.ch\/de\/produkt\/tulip-carryt-endstopper\/#primaryimage","url":"https:\/\/www.swisscrochet.ch\/wp-content\/uploads\/2026\/05\/Tulip-CarryT-End-Stoppers-Overview.jpg","contentUrl":"https:\/\/www.swisscrochet.ch\/wp-content\/uploads\/2026\/05\/Tulip-CarryT-End-Stoppers-Overview.jpg","width":1000,"height":1000},{"@type":"BreadcrumbList","@id":"https:\/\/www.swisscrochet.ch\/de\/produkt\/tulip-carryt-endstopper\/#breadcrumb","itemListElement":[{"@type":"ListItem","position":1,"name":"Home","item":"https:\/\/www.swisscrochet.ch\/de\/"},{"@type":"ListItem","position":2,"name":"Shop","item":"https:\/\/www.swisscrochet.ch\/de\/shop\/"},{"@type":"ListItem","position":3,"name":"Tulip &#8211; CarryT Endstopper"}]},{"@type":"WebSite","@id":"https:\/\/www.swisscrochet.ch\/#website","url":"https:\/\/www.swisscrochet.ch\/","name":"Swiss Crochet","description":"Entfalte dein kreatives Potenzial","potentialAction":[{"@type":"SearchAction","target":{"@type":"EntryPoint","urlTemplate":"https:\/\/www.swisscrochet.ch\/?s={search_term_string}"},"query-input":{"@type":"PropertyValueSpecification","valueRequired":true,"valueName":"search_term_string"}}],"inLanguage":"de"}]}},"_links":{"self":[{"href":"https:\/\/www.swisscrochet.ch\/de\/wp-json\/wp\/v2\/product\/32041","targetHints":{"allow":["GET"]}}],"collection":[{"href":"https:\/\/www.swisscrochet.ch\/de\/wp-json\/wp\/v2\/product"}],"about":[{"href":"https:\/\/www.swisscrochet.ch\/de\/wp-json\/wp\/v2\/types\/product"}],"wp:featuredmedia":[{"embeddable":true,"href":"https:\/\/www.swisscrochet.ch\/de\/wp-json\/wp\/v2\/media\/32004"}],"wp:attachment":[{"href":"https:\/\/www.swisscrochet.ch\/de\/wp-json\/wp\/v2\/media?parent=32041"}],"wp:term":[{"taxonomy":"product_brand","embeddable":true,"href":"https:\/\/www.swisscrochet.ch\/de\/wp-json\/wp\/v2\/product_brand?post=32041"},{"taxonomy":"product_cat","embeddable":true,"href":"https:\/\/www.swisscrochet.ch\/de\/wp-json\/wp\/v2\/product_cat?post=32041"},{"taxonomy":"product_tag","embeddable":true,"href":"https:\/\/www.swisscrochet.ch\/de\/wp-json\/wp\/v2\/product_tag?post=32041"}],"curies":[{"name":"wp","href":"https:\/\/api.w.org\/{rel}","templated":true}]}}