{"id":32048,"date":"2026-05-07T20:16:12","date_gmt":"2026-05-07T18:16:12","guid":{"rendered":"https:\/\/www.swisscrochet.ch\/product\/tulip-carryt-cable\/"},"modified":"2026-05-07T20:31:45","modified_gmt":"2026-05-07T18:31:45","slug":"tulip-carryt-kabel","status":"publish","type":"product","link":"https:\/\/www.swisscrochet.ch\/de\/produkt\/tulip-carryt-kabel\/","title":{"rendered":"Tulip &#8211; CarryT Kabel"},"content":{"rendered":"","protected":false},"excerpt":{"rendered":"<p>Das Tulip CarryT Kabel wurde f\u00fcr die Verwendung mit den austauschbaren tunesischen H\u00e4kelnadelspitzen des Tulip CarryT Systems entwickelt. Die innovative 360-Grad-Drehverbindung erm\u00f6glicht es dem Kabel, sich w\u00e4hrend des H\u00e4kelns frei zu drehen, sodass es nat\u00fcrlich nach unten h\u00e4ngt und Verdrehungen sowie Verwicklungen reduziert \u2013 besonders hilfreich bei l\u00e4ngeren Kabeln oder einer grossen Anzahl von Maschen. Beispiele zur Montage findest du auf den Produktfotos.<\/p>\n<p>Die Kabel eignen sich sowohl f\u00fcr tunesisches H\u00e4keln in Reihen als auch in Runden und bieten dadurch grosse Vielseitigkeit f\u00fcr unterschiedlichste Projekte. Erh\u00e4ltlich in L\u00e4ngen von 40 cm bis 100 cm, lassen sie sich flexibel anpassen \u2013 von kleineren Accessoires bis hin zu grossen Kleidungsst\u00fccken, T\u00fcchern und Decken.<\/p>\n<p>Der leichtg\u00e4ngige Drehmechanismus verbessert den Komfort und die Kontrolle \u00fcber die Maschen und macht gr\u00f6ssere Projekte angenehmer und einfacher zu handhaben.<\/p>\n<p>Eine praktische und durchdacht gestaltete Erg\u00e4nzung f\u00fcr dein Zubeh\u00f6r zum tunesischen H\u00e4keln.<\/p>\n<p><strong>Exklusiv erh\u00e4ltlich bei Swiss Crochet.<\/strong><\/p>\n","protected":false},"featured_media":32020,"template":"","meta":[],"product_brand":[],"product_cat":[559,556,220],"product_tag":[],"class_list":{"0":"post-32048","1":"product","2":"type-product","3":"status-publish","4":"has-post-thumbnail","6":"product_cat-anderes-zubehoer","7":"product_cat-haekelnadeln-fuer-tunesisches-haekeln","8":"product_cat-hakelnadeln-und-zubehor","9":"product_shipping_class-kleinsendungen","10":"pa_t1-manufacturer-tulip-de","11":"description-off","13":"first","14":"instock","15":"taxable","16":"shipping-taxable","17":"purchasable","18":"product-type-variable","19":"wvs-archive-product-wrapper"},"bundled_by":[],"bundle_stock_status":"instock","bundle_stock_quantity":null,"bundle_virtual":false,"bundle_layout":"","bundle_add_to_cart_form_location":"","bundle_editable_in_cart":false,"bundle_sold_individually_context":"","bundle_item_grouping":"","bundle_min_size":"","bundle_max_size":"","bundle_price":[],"bundled_items":[],"bundle_sell_ids":[],"yoast_head":"<!-- This site is optimized with the Yoast SEO plugin v27.5 - https:\/\/yoast.com\/product\/yoast-seo-wordpress\/ -->\n<title>Tulip - CarryT Kabel &#171; Swiss Crochet<\/title>\n<meta name=\"description\" content=\"Tulip CarryT Drehkabel f\u00fcr austauschbare tunesische H\u00e4kelnadeln. Flexibles 360\u00b0-Drehkabel f\u00fcr gleichm\u00e4ssiges, verwicklungsfreies H\u00e4keln in Reihen und Runden.\" \/>\n<meta name=\"robots\" content=\"index, follow, max-snippet:-1, max-image-preview:large, max-video-preview:-1\" \/>\n<link rel=\"canonical\" href=\"https:\/\/www.swisscrochet.ch\/de\/produkt\/tulip-carryt-kabel\/\" \/>\n<meta property=\"og:locale\" content=\"de_DE\" \/>\n<meta property=\"og:type\" content=\"article\" \/>\n<meta property=\"og:title\" content=\"Tulip - CarryT Kabel &#171; Swiss Crochet\" \/>\n<meta property=\"og:description\" content=\"Tulip CarryT Drehkabel f\u00fcr austauschbare tunesische H\u00e4kelnadeln. Flexibles 360\u00b0-Drehkabel f\u00fcr gleichm\u00e4ssiges, verwicklungsfreies H\u00e4keln in Reihen und Runden.\" \/>\n<meta property=\"og:url\" content=\"https:\/\/www.swisscrochet.ch\/de\/produkt\/tulip-carryt-kabel\/\" \/>\n<meta property=\"og:site_name\" content=\"Swiss Crochet\" \/>\n<meta property=\"article:modified_time\" content=\"2026-05-07T18:31:45+00:00\" \/>\n<meta property=\"og:image\" content=\"https:\/\/www.swisscrochet.ch\/wp-content\/uploads\/2026\/05\/Tulip-CarryT-Cable-Overview.jpg\" \/>\n\t<meta property=\"og:image:width\" content=\"1000\" \/>\n\t<meta property=\"og:image:height\" content=\"1000\" \/>\n\t<meta property=\"og:image:type\" content=\"image\/jpeg\" \/>\n<meta name=\"twitter:card\" content=\"summary_large_image\" \/>\n<meta name=\"twitter:label1\" content=\"Gesch\u00e4tzte Lesezeit\" \/>\n\t<meta name=\"twitter:data1\" content=\"1\u00a0Minute\" \/>\n<script type=\"application\/ld+json\" class=\"yoast-schema-graph\">{\"@context\":\"https:\\\/\\\/schema.org\",\"@graph\":[{\"@type\":[\"WebPage\",\"ItemPage\"],\"@id\":\"https:\\\/\\\/www.swisscrochet.ch\\\/de\\\/produkt\\\/tulip-carryt-kabel\\\/\",\"url\":\"https:\\\/\\\/www.swisscrochet.ch\\\/de\\\/produkt\\\/tulip-carryt-kabel\\\/\",\"name\":\"Tulip - CarryT Kabel &#171; Swiss Crochet\",\"isPartOf\":{\"@id\":\"https:\\\/\\\/www.swisscrochet.ch\\\/#website\"},\"primaryImageOfPage\":{\"@id\":\"https:\\\/\\\/www.swisscrochet.ch\\\/de\\\/produkt\\\/tulip-carryt-kabel\\\/#primaryimage\"},\"image\":{\"@id\":\"https:\\\/\\\/www.swisscrochet.ch\\\/de\\\/produkt\\\/tulip-carryt-kabel\\\/#primaryimage\"},\"thumbnailUrl\":\"https:\\\/\\\/www.swisscrochet.ch\\\/wp-content\\\/uploads\\\/2026\\\/05\\\/Tulip-CarryT-Cable-Overview.jpg\",\"datePublished\":\"2026-05-07T18:16:12+00:00\",\"dateModified\":\"2026-05-07T18:31:45+00:00\",\"description\":\"Tulip CarryT Drehkabel f\u00fcr austauschbare tunesische H\u00e4kelnadeln. Flexibles 360\u00b0-Drehkabel f\u00fcr gleichm\u00e4ssiges, verwicklungsfreies H\u00e4keln in Reihen und Runden.\",\"breadcrumb\":{\"@id\":\"https:\\\/\\\/www.swisscrochet.ch\\\/de\\\/produkt\\\/tulip-carryt-kabel\\\/#breadcrumb\"},\"inLanguage\":\"de\",\"potentialAction\":[{\"@type\":\"ReadAction\",\"target\":[\"https:\\\/\\\/www.swisscrochet.ch\\\/de\\\/produkt\\\/tulip-carryt-kabel\\\/\"]}]},{\"@type\":\"ImageObject\",\"inLanguage\":\"de\",\"@id\":\"https:\\\/\\\/www.swisscrochet.ch\\\/de\\\/produkt\\\/tulip-carryt-kabel\\\/#primaryimage\",\"url\":\"https:\\\/\\\/www.swisscrochet.ch\\\/wp-content\\\/uploads\\\/2026\\\/05\\\/Tulip-CarryT-Cable-Overview.jpg\",\"contentUrl\":\"https:\\\/\\\/www.swisscrochet.ch\\\/wp-content\\\/uploads\\\/2026\\\/05\\\/Tulip-CarryT-Cable-Overview.jpg\",\"width\":1000,\"height\":1000},{\"@type\":\"BreadcrumbList\",\"@id\":\"https:\\\/\\\/www.swisscrochet.ch\\\/de\\\/produkt\\\/tulip-carryt-kabel\\\/#breadcrumb\",\"itemListElement\":[{\"@type\":\"ListItem\",\"position\":1,\"name\":\"Home\",\"item\":\"https:\\\/\\\/www.swisscrochet.ch\\\/de\\\/\"},{\"@type\":\"ListItem\",\"position\":2,\"name\":\"Shop\",\"item\":\"https:\\\/\\\/www.swisscrochet.ch\\\/de\\\/shop\\\/\"},{\"@type\":\"ListItem\",\"position\":3,\"name\":\"Tulip &#8211; CarryT Kabel\"}]},{\"@type\":\"WebSite\",\"@id\":\"https:\\\/\\\/www.swisscrochet.ch\\\/#website\",\"url\":\"https:\\\/\\\/www.swisscrochet.ch\\\/\",\"name\":\"Swiss Crochet\",\"description\":\"Entfalte dein kreatives Potenzial\",\"potentialAction\":[{\"@type\":\"SearchAction\",\"target\":{\"@type\":\"EntryPoint\",\"urlTemplate\":\"https:\\\/\\\/www.swisscrochet.ch\\\/?s={search_term_string}\"},\"query-input\":{\"@type\":\"PropertyValueSpecification\",\"valueRequired\":true,\"valueName\":\"search_term_string\"}}],\"inLanguage\":\"de\"}]}<\/script>\n<!-- \/ Yoast SEO plugin. -->","yoast_head_json":{"title":"Tulip - CarryT Kabel &#171; Swiss Crochet","description":"Tulip CarryT Drehkabel f\u00fcr austauschbare tunesische H\u00e4kelnadeln. Flexibles 360\u00b0-Drehkabel f\u00fcr gleichm\u00e4ssiges, verwicklungsfreies H\u00e4keln in Reihen und Runden.","robots":{"index":"index","follow":"follow","max-snippet":"max-snippet:-1","max-image-preview":"max-image-preview:large","max-video-preview":"max-video-preview:-1"},"canonical":"https:\/\/www.swisscrochet.ch\/de\/produkt\/tulip-carryt-kabel\/","og_locale":"de_DE","og_type":"article","og_title":"Tulip - CarryT Kabel &#171; Swiss Crochet","og_description":"Tulip CarryT Drehkabel f\u00fcr austauschbare tunesische H\u00e4kelnadeln. Flexibles 360\u00b0-Drehkabel f\u00fcr gleichm\u00e4ssiges, verwicklungsfreies H\u00e4keln in Reihen und Runden.","og_url":"https:\/\/www.swisscrochet.ch\/de\/produkt\/tulip-carryt-kabel\/","og_site_name":"Swiss Crochet","article_modified_time":"2026-05-07T18:31:45+00:00","og_image":[{"width":1000,"height":1000,"url":"https:\/\/www.swisscrochet.ch\/wp-content\/uploads\/2026\/05\/Tulip-CarryT-Cable-Overview.jpg","type":"image\/jpeg"}],"twitter_card":"summary_large_image","twitter_misc":{"Gesch\u00e4tzte Lesezeit":"1\u00a0Minute"},"schema":{"@context":"https:\/\/schema.org","@graph":[{"@type":["WebPage","ItemPage"],"@id":"https:\/\/www.swisscrochet.ch\/de\/produkt\/tulip-carryt-kabel\/","url":"https:\/\/www.swisscrochet.ch\/de\/produkt\/tulip-carryt-kabel\/","name":"Tulip - CarryT Kabel &#171; Swiss Crochet","isPartOf":{"@id":"https:\/\/www.swisscrochet.ch\/#website"},"primaryImageOfPage":{"@id":"https:\/\/www.swisscrochet.ch\/de\/produkt\/tulip-carryt-kabel\/#primaryimage"},"image":{"@id":"https:\/\/www.swisscrochet.ch\/de\/produkt\/tulip-carryt-kabel\/#primaryimage"},"thumbnailUrl":"https:\/\/www.swisscrochet.ch\/wp-content\/uploads\/2026\/05\/Tulip-CarryT-Cable-Overview.jpg","datePublished":"2026-05-07T18:16:12+00:00","dateModified":"2026-05-07T18:31:45+00:00","description":"Tulip CarryT Drehkabel f\u00fcr austauschbare tunesische H\u00e4kelnadeln. Flexibles 360\u00b0-Drehkabel f\u00fcr gleichm\u00e4ssiges, verwicklungsfreies H\u00e4keln in Reihen und Runden.","breadcrumb":{"@id":"https:\/\/www.swisscrochet.ch\/de\/produkt\/tulip-carryt-kabel\/#breadcrumb"},"inLanguage":"de","potentialAction":[{"@type":"ReadAction","target":["https:\/\/www.swisscrochet.ch\/de\/produkt\/tulip-carryt-kabel\/"]}]},{"@type":"ImageObject","inLanguage":"de","@id":"https:\/\/www.swisscrochet.ch\/de\/produkt\/tulip-carryt-kabel\/#primaryimage","url":"https:\/\/www.swisscrochet.ch\/wp-content\/uploads\/2026\/05\/Tulip-CarryT-Cable-Overview.jpg","contentUrl":"https:\/\/www.swisscrochet.ch\/wp-content\/uploads\/2026\/05\/Tulip-CarryT-Cable-Overview.jpg","width":1000,"height":1000},{"@type":"BreadcrumbList","@id":"https:\/\/www.swisscrochet.ch\/de\/produkt\/tulip-carryt-kabel\/#breadcrumb","itemListElement":[{"@type":"ListItem","position":1,"name":"Home","item":"https:\/\/www.swisscrochet.ch\/de\/"},{"@type":"ListItem","position":2,"name":"Shop","item":"https:\/\/www.swisscrochet.ch\/de\/shop\/"},{"@type":"ListItem","position":3,"name":"Tulip &#8211; CarryT Kabel"}]},{"@type":"WebSite","@id":"https:\/\/www.swisscrochet.ch\/#website","url":"https:\/\/www.swisscrochet.ch\/","name":"Swiss Crochet","description":"Entfalte dein kreatives Potenzial","potentialAction":[{"@type":"SearchAction","target":{"@type":"EntryPoint","urlTemplate":"https:\/\/www.swisscrochet.ch\/?s={search_term_string}"},"query-input":{"@type":"PropertyValueSpecification","valueRequired":true,"valueName":"search_term_string"}}],"inLanguage":"de"}]}},"_links":{"self":[{"href":"https:\/\/www.swisscrochet.ch\/de\/wp-json\/wp\/v2\/product\/32048","targetHints":{"allow":["GET"]}}],"collection":[{"href":"https:\/\/www.swisscrochet.ch\/de\/wp-json\/wp\/v2\/product"}],"about":[{"href":"https:\/\/www.swisscrochet.ch\/de\/wp-json\/wp\/v2\/types\/product"}],"wp:featuredmedia":[{"embeddable":true,"href":"https:\/\/www.swisscrochet.ch\/de\/wp-json\/wp\/v2\/media\/32020"}],"wp:attachment":[{"href":"https:\/\/www.swisscrochet.ch\/de\/wp-json\/wp\/v2\/media?parent=32048"}],"wp:term":[{"taxonomy":"product_brand","embeddable":true,"href":"https:\/\/www.swisscrochet.ch\/de\/wp-json\/wp\/v2\/product_brand?post=32048"},{"taxonomy":"product_cat","embeddable":true,"href":"https:\/\/www.swisscrochet.ch\/de\/wp-json\/wp\/v2\/product_cat?post=32048"},{"taxonomy":"product_tag","embeddable":true,"href":"https:\/\/www.swisscrochet.ch\/de\/wp-json\/wp\/v2\/product_tag?post=32048"}],"curies":[{"name":"wp","href":"https:\/\/api.w.org\/{rel}","templated":true}]}}