{"id":32070,"date":"2026-05-07T20:18:50","date_gmt":"2026-05-07T18:18:50","guid":{"rendered":"https:\/\/www.swisscrochet.ch\/product\/tulip-carryt-tunisian-crochet-hook-interchangable-tip\/"},"modified":"2026-05-07T20:41:16","modified_gmt":"2026-05-07T18:41:16","slug":"tulip-carryt-austauschbare-tunesische-haekelnadelspitze","status":"publish","type":"product","link":"https:\/\/www.swisscrochet.ch\/de\/produkt\/tulip-carryt-austauschbare-tunesische-haekelnadelspitze\/","title":{"rendered":"Tulip &#8211; CarryT austauschbare tunesische H\u00e4kelnadelspitze"},"content":{"rendered":"","protected":false},"excerpt":{"rendered":"<p>Die Tulip CarryT austauschbaren tunesischen H\u00e4kelnadelspitzen sind hochwertige [dt_tooltip title=\"Inline\"]Ein Inline-H\u00e4kelnadel hat eine spitze Spitze, einen Hals, der denselben Durchmesser wie der Schaft hat, und einen k\u00fcrzeren Schaft im Vergleich zu anderen H\u00e4kelnadelarten.[\/dt_tooltip] H\u00e4kelnadeln mit spitzem Kopf. Gefertigt aus glattem, leichtem Premium-Bambus bieten sie hervorragenden Komfort, Flexibilit\u00e4t und optimale Maschenkontrolle und eignen sich ideal f\u00fcr eine Vielzahl von tunesischen H\u00e4kelprojekten.<\/p>\n<p>Diese H\u00e4kelnadelspitzen wurden f\u00fcr die Verwendung mit den Tulip CarryT Kabeln entwickelt, sodass du die Kabell\u00e4nge individuell an dein Projekt anpassen kannst \u2013 von kleinen Accessoires bis hin zu grossen Kleidungsst\u00fccken, Decken und vielem mehr.<\/p>\n<p>Dank des austauschbaren Systems k\u00f6nnen die H\u00e4kelnadeln sowohl f\u00fcr tunesisches H\u00e4keln in Reihen als auch in Runden verwendet werden. Befestige einfach die gew\u00fcnschte Nadelgr\u00f6sse an einem kompatiblen Kabel und beginne mit dem H\u00e4keln.<\/p>\n<p>Jede Nadelgr\u00f6sse ist zur einfachen Identifikation lasergraviert.<\/p>\n<p>Die austauschbaren Bambus-H\u00e4kelnadeln von Tulip bieten ein gleichm\u00e4ssiges und zuverl\u00e4ssiges H\u00e4kelerlebnis und gleichzeitig die Flexibilit\u00e4t, dein Werkzeug an jedes Projekt anzupassen.<\/p>\n<p><strong>Exklusiv erh\u00e4ltlich bei Swiss Crochet.<\/strong><\/p>\n","protected":false},"featured_media":32036,"template":"","meta":[],"product_brand":[],"product_cat":[556,220],"product_tag":[],"class_list":{"0":"post-32070","1":"product","2":"type-product","3":"status-publish","4":"has-post-thumbnail","6":"product_cat-haekelnadeln-fuer-tunesisches-haekeln","7":"product_cat-hakelnadeln-und-zubehor","8":"product_shipping_class-kleinsendungen","9":"pa_t1-manufacturer-tulip-de","10":"description-off","12":"first","13":"instock","14":"taxable","15":"shipping-taxable","16":"purchasable","17":"product-type-variable","18":"wvs-archive-product-wrapper"},"bundled_by":[],"bundle_stock_status":"instock","bundle_stock_quantity":null,"bundle_virtual":false,"bundle_layout":"","bundle_add_to_cart_form_location":"","bundle_editable_in_cart":false,"bundle_sold_individually_context":"","bundle_item_grouping":"","bundle_min_size":"","bundle_max_size":"","bundle_price":[],"bundled_items":[],"bundle_sell_ids":[],"yoast_head":"<!-- This site is optimized with the Yoast SEO plugin v27.5 - https:\/\/yoast.com\/product\/yoast-seo-wordpress\/ -->\n<title>Tulip - CarryT austauschbare tunesische H\u00e4kelnadelspitze &#171; Swiss Crochet<\/title>\n<meta name=\"description\" content=\"Tulip CarryT austauschbare tunesische H\u00e4kelnadelspitzen aus hochwertigem Bambus. Inline-H\u00e4kelnadeln f\u00fcr tunesische H\u00e4kelprojekte in Reihen und Runden.\" \/>\n<meta name=\"robots\" content=\"index, follow, max-snippet:-1, max-image-preview:large, max-video-preview:-1\" \/>\n<link rel=\"canonical\" href=\"https:\/\/www.swisscrochet.ch\/de\/produkt\/tulip-carryt-austauschbare-tunesische-haekelnadelspitze\/\" \/>\n<meta property=\"og:locale\" content=\"de_DE\" \/>\n<meta property=\"og:type\" content=\"article\" \/>\n<meta property=\"og:title\" content=\"Tulip - CarryT austauschbare tunesische H\u00e4kelnadelspitze &#171; Swiss Crochet\" \/>\n<meta property=\"og:description\" content=\"Tulip CarryT austauschbare tunesische H\u00e4kelnadelspitzen aus hochwertigem Bambus. Inline-H\u00e4kelnadeln f\u00fcr tunesische H\u00e4kelprojekte in Reihen und Runden.\" \/>\n<meta property=\"og:url\" content=\"https:\/\/www.swisscrochet.ch\/de\/produkt\/tulip-carryt-austauschbare-tunesische-haekelnadelspitze\/\" \/>\n<meta property=\"og:site_name\" content=\"Swiss Crochet\" \/>\n<meta property=\"article:modified_time\" content=\"2026-05-07T18:41:16+00:00\" \/>\n<meta property=\"og:image\" content=\"https:\/\/www.swisscrochet.ch\/wp-content\/uploads\/2026\/05\/Tulip-CarryT-Tunisian-Crochet-Hook-Tip-Overview.jpg\" \/>\n\t<meta property=\"og:image:width\" content=\"1000\" \/>\n\t<meta property=\"og:image:height\" content=\"1000\" \/>\n\t<meta property=\"og:image:type\" content=\"image\/jpeg\" \/>\n<meta name=\"twitter:card\" content=\"summary_large_image\" \/>\n<meta name=\"twitter:label1\" content=\"Gesch\u00e4tzte Lesezeit\" \/>\n\t<meta name=\"twitter:data1\" content=\"1\u00a0Minute\" \/>\n<script type=\"application\/ld+json\" class=\"yoast-schema-graph\">{\"@context\":\"https:\\\/\\\/schema.org\",\"@graph\":[{\"@type\":[\"WebPage\",\"ItemPage\"],\"@id\":\"https:\\\/\\\/www.swisscrochet.ch\\\/de\\\/produkt\\\/tulip-carryt-austauschbare-tunesische-haekelnadelspitze\\\/\",\"url\":\"https:\\\/\\\/www.swisscrochet.ch\\\/de\\\/produkt\\\/tulip-carryt-austauschbare-tunesische-haekelnadelspitze\\\/\",\"name\":\"Tulip - CarryT austauschbare tunesische H\u00e4kelnadelspitze &#171; Swiss Crochet\",\"isPartOf\":{\"@id\":\"https:\\\/\\\/www.swisscrochet.ch\\\/#website\"},\"primaryImageOfPage\":{\"@id\":\"https:\\\/\\\/www.swisscrochet.ch\\\/de\\\/produkt\\\/tulip-carryt-austauschbare-tunesische-haekelnadelspitze\\\/#primaryimage\"},\"image\":{\"@id\":\"https:\\\/\\\/www.swisscrochet.ch\\\/de\\\/produkt\\\/tulip-carryt-austauschbare-tunesische-haekelnadelspitze\\\/#primaryimage\"},\"thumbnailUrl\":\"https:\\\/\\\/www.swisscrochet.ch\\\/wp-content\\\/uploads\\\/2026\\\/05\\\/Tulip-CarryT-Tunisian-Crochet-Hook-Tip-Overview.jpg\",\"datePublished\":\"2026-05-07T18:18:50+00:00\",\"dateModified\":\"2026-05-07T18:41:16+00:00\",\"description\":\"Tulip CarryT austauschbare tunesische H\u00e4kelnadelspitzen aus hochwertigem Bambus. Inline-H\u00e4kelnadeln f\u00fcr tunesische H\u00e4kelprojekte in Reihen und Runden.\",\"breadcrumb\":{\"@id\":\"https:\\\/\\\/www.swisscrochet.ch\\\/de\\\/produkt\\\/tulip-carryt-austauschbare-tunesische-haekelnadelspitze\\\/#breadcrumb\"},\"inLanguage\":\"de\",\"potentialAction\":[{\"@type\":\"ReadAction\",\"target\":[\"https:\\\/\\\/www.swisscrochet.ch\\\/de\\\/produkt\\\/tulip-carryt-austauschbare-tunesische-haekelnadelspitze\\\/\"]}]},{\"@type\":\"ImageObject\",\"inLanguage\":\"de\",\"@id\":\"https:\\\/\\\/www.swisscrochet.ch\\\/de\\\/produkt\\\/tulip-carryt-austauschbare-tunesische-haekelnadelspitze\\\/#primaryimage\",\"url\":\"https:\\\/\\\/www.swisscrochet.ch\\\/wp-content\\\/uploads\\\/2026\\\/05\\\/Tulip-CarryT-Tunisian-Crochet-Hook-Tip-Overview.jpg\",\"contentUrl\":\"https:\\\/\\\/www.swisscrochet.ch\\\/wp-content\\\/uploads\\\/2026\\\/05\\\/Tulip-CarryT-Tunisian-Crochet-Hook-Tip-Overview.jpg\",\"width\":1000,\"height\":1000},{\"@type\":\"BreadcrumbList\",\"@id\":\"https:\\\/\\\/www.swisscrochet.ch\\\/de\\\/produkt\\\/tulip-carryt-austauschbare-tunesische-haekelnadelspitze\\\/#breadcrumb\",\"itemListElement\":[{\"@type\":\"ListItem\",\"position\":1,\"name\":\"Home\",\"item\":\"https:\\\/\\\/www.swisscrochet.ch\\\/de\\\/\"},{\"@type\":\"ListItem\",\"position\":2,\"name\":\"Shop\",\"item\":\"https:\\\/\\\/www.swisscrochet.ch\\\/de\\\/shop\\\/\"},{\"@type\":\"ListItem\",\"position\":3,\"name\":\"Tulip &#8211; CarryT austauschbare tunesische H\u00e4kelnadelspitze\"}]},{\"@type\":\"WebSite\",\"@id\":\"https:\\\/\\\/www.swisscrochet.ch\\\/#website\",\"url\":\"https:\\\/\\\/www.swisscrochet.ch\\\/\",\"name\":\"Swiss Crochet\",\"description\":\"Entfalte dein kreatives Potenzial\",\"potentialAction\":[{\"@type\":\"SearchAction\",\"target\":{\"@type\":\"EntryPoint\",\"urlTemplate\":\"https:\\\/\\\/www.swisscrochet.ch\\\/?s={search_term_string}\"},\"query-input\":{\"@type\":\"PropertyValueSpecification\",\"valueRequired\":true,\"valueName\":\"search_term_string\"}}],\"inLanguage\":\"de\"}]}<\/script>\n<!-- \/ Yoast SEO plugin. -->","yoast_head_json":{"title":"Tulip - CarryT austauschbare tunesische H\u00e4kelnadelspitze &#171; Swiss Crochet","description":"Tulip CarryT austauschbare tunesische H\u00e4kelnadelspitzen aus hochwertigem Bambus. Inline-H\u00e4kelnadeln f\u00fcr tunesische H\u00e4kelprojekte in Reihen und Runden.","robots":{"index":"index","follow":"follow","max-snippet":"max-snippet:-1","max-image-preview":"max-image-preview:large","max-video-preview":"max-video-preview:-1"},"canonical":"https:\/\/www.swisscrochet.ch\/de\/produkt\/tulip-carryt-austauschbare-tunesische-haekelnadelspitze\/","og_locale":"de_DE","og_type":"article","og_title":"Tulip - CarryT austauschbare tunesische H\u00e4kelnadelspitze &#171; Swiss Crochet","og_description":"Tulip CarryT austauschbare tunesische H\u00e4kelnadelspitzen aus hochwertigem Bambus. Inline-H\u00e4kelnadeln f\u00fcr tunesische H\u00e4kelprojekte in Reihen und Runden.","og_url":"https:\/\/www.swisscrochet.ch\/de\/produkt\/tulip-carryt-austauschbare-tunesische-haekelnadelspitze\/","og_site_name":"Swiss Crochet","article_modified_time":"2026-05-07T18:41:16+00:00","og_image":[{"width":1000,"height":1000,"url":"https:\/\/www.swisscrochet.ch\/wp-content\/uploads\/2026\/05\/Tulip-CarryT-Tunisian-Crochet-Hook-Tip-Overview.jpg","type":"image\/jpeg"}],"twitter_card":"summary_large_image","twitter_misc":{"Gesch\u00e4tzte Lesezeit":"1\u00a0Minute"},"schema":{"@context":"https:\/\/schema.org","@graph":[{"@type":["WebPage","ItemPage"],"@id":"https:\/\/www.swisscrochet.ch\/de\/produkt\/tulip-carryt-austauschbare-tunesische-haekelnadelspitze\/","url":"https:\/\/www.swisscrochet.ch\/de\/produkt\/tulip-carryt-austauschbare-tunesische-haekelnadelspitze\/","name":"Tulip - CarryT austauschbare tunesische H\u00e4kelnadelspitze &#171; Swiss Crochet","isPartOf":{"@id":"https:\/\/www.swisscrochet.ch\/#website"},"primaryImageOfPage":{"@id":"https:\/\/www.swisscrochet.ch\/de\/produkt\/tulip-carryt-austauschbare-tunesische-haekelnadelspitze\/#primaryimage"},"image":{"@id":"https:\/\/www.swisscrochet.ch\/de\/produkt\/tulip-carryt-austauschbare-tunesische-haekelnadelspitze\/#primaryimage"},"thumbnailUrl":"https:\/\/www.swisscrochet.ch\/wp-content\/uploads\/2026\/05\/Tulip-CarryT-Tunisian-Crochet-Hook-Tip-Overview.jpg","datePublished":"2026-05-07T18:18:50+00:00","dateModified":"2026-05-07T18:41:16+00:00","description":"Tulip CarryT austauschbare tunesische H\u00e4kelnadelspitzen aus hochwertigem Bambus. Inline-H\u00e4kelnadeln f\u00fcr tunesische H\u00e4kelprojekte in Reihen und Runden.","breadcrumb":{"@id":"https:\/\/www.swisscrochet.ch\/de\/produkt\/tulip-carryt-austauschbare-tunesische-haekelnadelspitze\/#breadcrumb"},"inLanguage":"de","potentialAction":[{"@type":"ReadAction","target":["https:\/\/www.swisscrochet.ch\/de\/produkt\/tulip-carryt-austauschbare-tunesische-haekelnadelspitze\/"]}]},{"@type":"ImageObject","inLanguage":"de","@id":"https:\/\/www.swisscrochet.ch\/de\/produkt\/tulip-carryt-austauschbare-tunesische-haekelnadelspitze\/#primaryimage","url":"https:\/\/www.swisscrochet.ch\/wp-content\/uploads\/2026\/05\/Tulip-CarryT-Tunisian-Crochet-Hook-Tip-Overview.jpg","contentUrl":"https:\/\/www.swisscrochet.ch\/wp-content\/uploads\/2026\/05\/Tulip-CarryT-Tunisian-Crochet-Hook-Tip-Overview.jpg","width":1000,"height":1000},{"@type":"BreadcrumbList","@id":"https:\/\/www.swisscrochet.ch\/de\/produkt\/tulip-carryt-austauschbare-tunesische-haekelnadelspitze\/#breadcrumb","itemListElement":[{"@type":"ListItem","position":1,"name":"Home","item":"https:\/\/www.swisscrochet.ch\/de\/"},{"@type":"ListItem","position":2,"name":"Shop","item":"https:\/\/www.swisscrochet.ch\/de\/shop\/"},{"@type":"ListItem","position":3,"name":"Tulip &#8211; CarryT austauschbare tunesische H\u00e4kelnadelspitze"}]},{"@type":"WebSite","@id":"https:\/\/www.swisscrochet.ch\/#website","url":"https:\/\/www.swisscrochet.ch\/","name":"Swiss Crochet","description":"Entfalte dein kreatives Potenzial","potentialAction":[{"@type":"SearchAction","target":{"@type":"EntryPoint","urlTemplate":"https:\/\/www.swisscrochet.ch\/?s={search_term_string}"},"query-input":{"@type":"PropertyValueSpecification","valueRequired":true,"valueName":"search_term_string"}}],"inLanguage":"de"}]}},"_links":{"self":[{"href":"https:\/\/www.swisscrochet.ch\/de\/wp-json\/wp\/v2\/product\/32070","targetHints":{"allow":["GET"]}}],"collection":[{"href":"https:\/\/www.swisscrochet.ch\/de\/wp-json\/wp\/v2\/product"}],"about":[{"href":"https:\/\/www.swisscrochet.ch\/de\/wp-json\/wp\/v2\/types\/product"}],"wp:featuredmedia":[{"embeddable":true,"href":"https:\/\/www.swisscrochet.ch\/de\/wp-json\/wp\/v2\/media\/32036"}],"wp:attachment":[{"href":"https:\/\/www.swisscrochet.ch\/de\/wp-json\/wp\/v2\/media?parent=32070"}],"wp:term":[{"taxonomy":"product_brand","embeddable":true,"href":"https:\/\/www.swisscrochet.ch\/de\/wp-json\/wp\/v2\/product_brand?post=32070"},{"taxonomy":"product_cat","embeddable":true,"href":"https:\/\/www.swisscrochet.ch\/de\/wp-json\/wp\/v2\/product_cat?post=32070"},{"taxonomy":"product_tag","embeddable":true,"href":"https:\/\/www.swisscrochet.ch\/de\/wp-json\/wp\/v2\/product_tag?post=32070"}],"curies":[{"name":"wp","href":"https:\/\/api.w.org\/{rel}","templated":true}]}}