{"id":32106,"date":"2026-05-07T20:21:03","date_gmt":"2026-05-07T18:21:03","guid":{"rendered":"https:\/\/www.swisscrochet.ch\/product\/addi-swing-maxi-crochet-hook-17cm\/"},"modified":"2026-05-07T20:51:37","modified_gmt":"2026-05-07T18:51:37","slug":"addi-swing-maxi-haekelnadel-17-cm","status":"publish","type":"product","link":"https:\/\/www.swisscrochet.ch\/de\/produkt\/addi-swing-maxi-haekelnadel-17-cm\/","title":{"rendered":"Addi &#8211; Swing Maxi H\u00e4kelnadel 17 cm"},"content":{"rendered":"","protected":false},"excerpt":{"rendered":"<p>Die Addi Swing Maxi H\u00e4kelnadel ist eine [dt_tooltip title=\"konische\"]Eine konische H\u00e4kelnadel hat einen abgerundeten Kopf, einen Hals, der schmaler als der Schaft ist, und einen langen Schaft \u2013 besonders im Vergleich zu anderen H\u00e4kelnadelarten.[\/dt_tooltip] H\u00e4kelnadel mit sanft abgerundetem Kopf, die f\u00fcr pr\u00e4zises und m\u00fcheloses H\u00e4keln entwickelt wurde.<\/p>\n<p>Mit einer L\u00e4nge von 17 cm bietet die Maxi-Version im Vergleich zu Standardh\u00e4kelnadeln mehr Reichweite und eine bessere Gewichtsverteilung. Jede Gr\u00f6sse ist farbcodiert, um die Identifikation zu erleichtern.<\/p>\n<p>Die Addi Swing Maxi H\u00e4kelnadel eignet sich besonders gut f\u00fcr H\u00e4klerinnen, die den Knife-Grip verwenden. Durch die zus\u00e4tzliche L\u00e4nge wird der Schwerpunkt weiter von der Nadelspitze verlagert, wodurch ein ausgewogenes Gef\u00fchl und ein gleichm\u00e4ssigeres H\u00e4kelerlebnis entstehen. Der ergonomische \u201eSwing\u201c-Griff ist so geformt, dass er angenehm in der Hand liegt und Erm\u00fcdung bei l\u00e4ngeren H\u00e4keleinheiten reduziert.<\/p>\n<p>Entwickelt f\u00fcr Komfort und Pr\u00e4zision, ist die Addi Swing Maxi H\u00e4kelnadel eine zuverl\u00e4ssige Wahl sowohl f\u00fcr ambitionierte Anf\u00e4ngerinnen als auch f\u00fcr erfahrene H\u00e4klerinnen. Die ergonomische Konstruktion und die gleichm\u00e4ssige F\u00fchrung machen sie besonders angenehm f\u00fcr l\u00e4ngere H\u00e4keleinheiten und gr\u00f6ssere Projekte.<\/p>\n<p>W\u00e4hle die Addi Swing Maxi H\u00e4kelnadel f\u00fcr komfortables H\u00e4keln, ausgewogene Handhabung und gleichm\u00e4ssige Maschen bei jedem Projekt.<\/p>\n","protected":false},"featured_media":31980,"template":"","meta":[],"product_brand":[],"product_cat":[551,220],"product_tag":[],"class_list":{"0":"post-32106","1":"product","2":"type-product","3":"status-publish","4":"has-post-thumbnail","6":"product_cat-haekelnadeln-mit-griff","7":"product_cat-hakelnadeln-und-zubehor","8":"product_shipping_class-kleinsendungen","9":"pa_t1-manufacturer-addi-de","10":"description-off","12":"first","13":"instock","14":"taxable","15":"shipping-taxable","16":"purchasable","17":"product-type-variable","18":"wvs-archive-product-wrapper"},"bundled_by":[],"bundle_stock_status":"instock","bundle_stock_quantity":null,"bundle_virtual":false,"bundle_layout":"","bundle_add_to_cart_form_location":"","bundle_editable_in_cart":false,"bundle_sold_individually_context":"","bundle_item_grouping":"","bundle_min_size":"","bundle_max_size":"","bundle_price":[],"bundled_items":[],"bundle_sell_ids":[],"yoast_head":"<!-- This site is optimized with the Yoast SEO plugin v27.5 - https:\/\/yoast.com\/product\/yoast-seo-wordpress\/ -->\n<title>Addi - Swing Maxi H\u00e4kelnadel 17 cm &#171; Swiss Crochet<\/title>\n<meta name=\"description\" content=\"Addi Swing Maxi H\u00e4kelnadel mit ergonomischem Griff und konischer Spitze. Lange, ausgewogene H\u00e4kelnadel f\u00fcr komfortables H\u00e4keln und gleichm\u00e4ssige Maschen.\" \/>\n<meta name=\"robots\" content=\"index, follow, max-snippet:-1, max-image-preview:large, max-video-preview:-1\" \/>\n<link rel=\"canonical\" href=\"https:\/\/www.swisscrochet.ch\/de\/produkt\/addi-swing-maxi-haekelnadel-17-cm\/\" \/>\n<meta property=\"og:locale\" content=\"de_DE\" \/>\n<meta property=\"og:type\" content=\"article\" \/>\n<meta property=\"og:title\" content=\"Addi - Swing Maxi H\u00e4kelnadel 17 cm &#171; Swiss Crochet\" \/>\n<meta property=\"og:description\" content=\"Addi Swing Maxi H\u00e4kelnadel mit ergonomischem Griff und konischer Spitze. Lange, ausgewogene H\u00e4kelnadel f\u00fcr komfortables H\u00e4keln und gleichm\u00e4ssige Maschen.\" \/>\n<meta property=\"og:url\" content=\"https:\/\/www.swisscrochet.ch\/de\/produkt\/addi-swing-maxi-haekelnadel-17-cm\/\" \/>\n<meta property=\"og:site_name\" content=\"Swiss Crochet\" \/>\n<meta property=\"article:modified_time\" content=\"2026-05-07T18:51:37+00:00\" \/>\n<meta property=\"og:image\" content=\"https:\/\/www.swisscrochet.ch\/wp-content\/uploads\/2026\/05\/Addi-Maxi-Swing-Crochet-Hook-17cm-Overview.jpg\" \/>\n\t<meta property=\"og:image:width\" content=\"1000\" \/>\n\t<meta property=\"og:image:height\" content=\"1000\" \/>\n\t<meta property=\"og:image:type\" content=\"image\/jpeg\" \/>\n<meta name=\"twitter:card\" content=\"summary_large_image\" \/>\n<meta name=\"twitter:label1\" content=\"Gesch\u00e4tzte Lesezeit\" \/>\n\t<meta name=\"twitter:data1\" content=\"1\u00a0Minute\" \/>\n<script type=\"application\/ld+json\" class=\"yoast-schema-graph\">{\"@context\":\"https:\\\/\\\/schema.org\",\"@graph\":[{\"@type\":[\"WebPage\",\"ItemPage\"],\"@id\":\"https:\\\/\\\/www.swisscrochet.ch\\\/de\\\/produkt\\\/addi-swing-maxi-haekelnadel-17-cm\\\/\",\"url\":\"https:\\\/\\\/www.swisscrochet.ch\\\/de\\\/produkt\\\/addi-swing-maxi-haekelnadel-17-cm\\\/\",\"name\":\"Addi - Swing Maxi H\u00e4kelnadel 17 cm &#171; Swiss Crochet\",\"isPartOf\":{\"@id\":\"https:\\\/\\\/www.swisscrochet.ch\\\/#website\"},\"primaryImageOfPage\":{\"@id\":\"https:\\\/\\\/www.swisscrochet.ch\\\/de\\\/produkt\\\/addi-swing-maxi-haekelnadel-17-cm\\\/#primaryimage\"},\"image\":{\"@id\":\"https:\\\/\\\/www.swisscrochet.ch\\\/de\\\/produkt\\\/addi-swing-maxi-haekelnadel-17-cm\\\/#primaryimage\"},\"thumbnailUrl\":\"https:\\\/\\\/www.swisscrochet.ch\\\/wp-content\\\/uploads\\\/2026\\\/05\\\/Addi-Maxi-Swing-Crochet-Hook-17cm-Overview.jpg\",\"datePublished\":\"2026-05-07T18:21:03+00:00\",\"dateModified\":\"2026-05-07T18:51:37+00:00\",\"description\":\"Addi Swing Maxi H\u00e4kelnadel mit ergonomischem Griff und konischer Spitze. Lange, ausgewogene H\u00e4kelnadel f\u00fcr komfortables H\u00e4keln und gleichm\u00e4ssige Maschen.\",\"breadcrumb\":{\"@id\":\"https:\\\/\\\/www.swisscrochet.ch\\\/de\\\/produkt\\\/addi-swing-maxi-haekelnadel-17-cm\\\/#breadcrumb\"},\"inLanguage\":\"de\",\"potentialAction\":[{\"@type\":\"ReadAction\",\"target\":[\"https:\\\/\\\/www.swisscrochet.ch\\\/de\\\/produkt\\\/addi-swing-maxi-haekelnadel-17-cm\\\/\"]}]},{\"@type\":\"ImageObject\",\"inLanguage\":\"de\",\"@id\":\"https:\\\/\\\/www.swisscrochet.ch\\\/de\\\/produkt\\\/addi-swing-maxi-haekelnadel-17-cm\\\/#primaryimage\",\"url\":\"https:\\\/\\\/www.swisscrochet.ch\\\/wp-content\\\/uploads\\\/2026\\\/05\\\/Addi-Maxi-Swing-Crochet-Hook-17cm-Overview.jpg\",\"contentUrl\":\"https:\\\/\\\/www.swisscrochet.ch\\\/wp-content\\\/uploads\\\/2026\\\/05\\\/Addi-Maxi-Swing-Crochet-Hook-17cm-Overview.jpg\",\"width\":1000,\"height\":1000},{\"@type\":\"BreadcrumbList\",\"@id\":\"https:\\\/\\\/www.swisscrochet.ch\\\/de\\\/produkt\\\/addi-swing-maxi-haekelnadel-17-cm\\\/#breadcrumb\",\"itemListElement\":[{\"@type\":\"ListItem\",\"position\":1,\"name\":\"Home\",\"item\":\"https:\\\/\\\/www.swisscrochet.ch\\\/de\\\/\"},{\"@type\":\"ListItem\",\"position\":2,\"name\":\"Shop\",\"item\":\"https:\\\/\\\/www.swisscrochet.ch\\\/de\\\/shop\\\/\"},{\"@type\":\"ListItem\",\"position\":3,\"name\":\"Addi &#8211; Swing Maxi H\u00e4kelnadel 17 cm\"}]},{\"@type\":\"WebSite\",\"@id\":\"https:\\\/\\\/www.swisscrochet.ch\\\/#website\",\"url\":\"https:\\\/\\\/www.swisscrochet.ch\\\/\",\"name\":\"Swiss Crochet\",\"description\":\"Entfalte dein kreatives Potenzial\",\"potentialAction\":[{\"@type\":\"SearchAction\",\"target\":{\"@type\":\"EntryPoint\",\"urlTemplate\":\"https:\\\/\\\/www.swisscrochet.ch\\\/?s={search_term_string}\"},\"query-input\":{\"@type\":\"PropertyValueSpecification\",\"valueRequired\":true,\"valueName\":\"search_term_string\"}}],\"inLanguage\":\"de\"}]}<\/script>\n<!-- \/ Yoast SEO plugin. -->","yoast_head_json":{"title":"Addi - Swing Maxi H\u00e4kelnadel 17 cm &#171; Swiss Crochet","description":"Addi Swing Maxi H\u00e4kelnadel mit ergonomischem Griff und konischer Spitze. Lange, ausgewogene H\u00e4kelnadel f\u00fcr komfortables H\u00e4keln und gleichm\u00e4ssige Maschen.","robots":{"index":"index","follow":"follow","max-snippet":"max-snippet:-1","max-image-preview":"max-image-preview:large","max-video-preview":"max-video-preview:-1"},"canonical":"https:\/\/www.swisscrochet.ch\/de\/produkt\/addi-swing-maxi-haekelnadel-17-cm\/","og_locale":"de_DE","og_type":"article","og_title":"Addi - Swing Maxi H\u00e4kelnadel 17 cm &#171; Swiss Crochet","og_description":"Addi Swing Maxi H\u00e4kelnadel mit ergonomischem Griff und konischer Spitze. Lange, ausgewogene H\u00e4kelnadel f\u00fcr komfortables H\u00e4keln und gleichm\u00e4ssige Maschen.","og_url":"https:\/\/www.swisscrochet.ch\/de\/produkt\/addi-swing-maxi-haekelnadel-17-cm\/","og_site_name":"Swiss Crochet","article_modified_time":"2026-05-07T18:51:37+00:00","og_image":[{"width":1000,"height":1000,"url":"https:\/\/www.swisscrochet.ch\/wp-content\/uploads\/2026\/05\/Addi-Maxi-Swing-Crochet-Hook-17cm-Overview.jpg","type":"image\/jpeg"}],"twitter_card":"summary_large_image","twitter_misc":{"Gesch\u00e4tzte Lesezeit":"1\u00a0Minute"},"schema":{"@context":"https:\/\/schema.org","@graph":[{"@type":["WebPage","ItemPage"],"@id":"https:\/\/www.swisscrochet.ch\/de\/produkt\/addi-swing-maxi-haekelnadel-17-cm\/","url":"https:\/\/www.swisscrochet.ch\/de\/produkt\/addi-swing-maxi-haekelnadel-17-cm\/","name":"Addi - Swing Maxi H\u00e4kelnadel 17 cm &#171; Swiss Crochet","isPartOf":{"@id":"https:\/\/www.swisscrochet.ch\/#website"},"primaryImageOfPage":{"@id":"https:\/\/www.swisscrochet.ch\/de\/produkt\/addi-swing-maxi-haekelnadel-17-cm\/#primaryimage"},"image":{"@id":"https:\/\/www.swisscrochet.ch\/de\/produkt\/addi-swing-maxi-haekelnadel-17-cm\/#primaryimage"},"thumbnailUrl":"https:\/\/www.swisscrochet.ch\/wp-content\/uploads\/2026\/05\/Addi-Maxi-Swing-Crochet-Hook-17cm-Overview.jpg","datePublished":"2026-05-07T18:21:03+00:00","dateModified":"2026-05-07T18:51:37+00:00","description":"Addi Swing Maxi H\u00e4kelnadel mit ergonomischem Griff und konischer Spitze. Lange, ausgewogene H\u00e4kelnadel f\u00fcr komfortables H\u00e4keln und gleichm\u00e4ssige Maschen.","breadcrumb":{"@id":"https:\/\/www.swisscrochet.ch\/de\/produkt\/addi-swing-maxi-haekelnadel-17-cm\/#breadcrumb"},"inLanguage":"de","potentialAction":[{"@type":"ReadAction","target":["https:\/\/www.swisscrochet.ch\/de\/produkt\/addi-swing-maxi-haekelnadel-17-cm\/"]}]},{"@type":"ImageObject","inLanguage":"de","@id":"https:\/\/www.swisscrochet.ch\/de\/produkt\/addi-swing-maxi-haekelnadel-17-cm\/#primaryimage","url":"https:\/\/www.swisscrochet.ch\/wp-content\/uploads\/2026\/05\/Addi-Maxi-Swing-Crochet-Hook-17cm-Overview.jpg","contentUrl":"https:\/\/www.swisscrochet.ch\/wp-content\/uploads\/2026\/05\/Addi-Maxi-Swing-Crochet-Hook-17cm-Overview.jpg","width":1000,"height":1000},{"@type":"BreadcrumbList","@id":"https:\/\/www.swisscrochet.ch\/de\/produkt\/addi-swing-maxi-haekelnadel-17-cm\/#breadcrumb","itemListElement":[{"@type":"ListItem","position":1,"name":"Home","item":"https:\/\/www.swisscrochet.ch\/de\/"},{"@type":"ListItem","position":2,"name":"Shop","item":"https:\/\/www.swisscrochet.ch\/de\/shop\/"},{"@type":"ListItem","position":3,"name":"Addi &#8211; Swing Maxi H\u00e4kelnadel 17 cm"}]},{"@type":"WebSite","@id":"https:\/\/www.swisscrochet.ch\/#website","url":"https:\/\/www.swisscrochet.ch\/","name":"Swiss Crochet","description":"Entfalte dein kreatives Potenzial","potentialAction":[{"@type":"SearchAction","target":{"@type":"EntryPoint","urlTemplate":"https:\/\/www.swisscrochet.ch\/?s={search_term_string}"},"query-input":{"@type":"PropertyValueSpecification","valueRequired":true,"valueName":"search_term_string"}}],"inLanguage":"de"}]}},"_links":{"self":[{"href":"https:\/\/www.swisscrochet.ch\/de\/wp-json\/wp\/v2\/product\/32106","targetHints":{"allow":["GET"]}}],"collection":[{"href":"https:\/\/www.swisscrochet.ch\/de\/wp-json\/wp\/v2\/product"}],"about":[{"href":"https:\/\/www.swisscrochet.ch\/de\/wp-json\/wp\/v2\/types\/product"}],"wp:featuredmedia":[{"embeddable":true,"href":"https:\/\/www.swisscrochet.ch\/de\/wp-json\/wp\/v2\/media\/31980"}],"wp:attachment":[{"href":"https:\/\/www.swisscrochet.ch\/de\/wp-json\/wp\/v2\/media?parent=32106"}],"wp:term":[{"taxonomy":"product_brand","embeddable":true,"href":"https:\/\/www.swisscrochet.ch\/de\/wp-json\/wp\/v2\/product_brand?post=32106"},{"taxonomy":"product_cat","embeddable":true,"href":"https:\/\/www.swisscrochet.ch\/de\/wp-json\/wp\/v2\/product_cat?post=32106"},{"taxonomy":"product_tag","embeddable":true,"href":"https:\/\/www.swisscrochet.ch\/de\/wp-json\/wp\/v2\/product_tag?post=32106"}],"curies":[{"name":"wp","href":"https:\/\/api.w.org\/{rel}","templated":true}]}}