{"id":32144,"date":"2026-05-07T20:20:41","date_gmt":"2026-05-07T18:20:41","guid":{"rendered":"https:\/\/www.swisscrochet.ch\/product\/bohin-crochet-hook-mango-wood\/"},"modified":"2026-05-07T20:44:36","modified_gmt":"2026-05-07T18:44:36","slug":"bohin-haekelnadel-aus-mangoholz","status":"publish","type":"product","link":"https:\/\/www.swisscrochet.ch\/de\/produkt\/bohin-haekelnadel-aus-mangoholz\/","title":{"rendered":"Bohin &#8211; H\u00e4kelnadel aus Mangoholz"},"content":{"rendered":"","protected":false},"excerpt":{"rendered":"<p>Die Bohin H\u00e4kelnadel aus Mangoholz ist eine [dt_tooltip title=\"Inline\"]Ein Inline-H\u00e4kelnadel hat eine spitze Spitze, einen Hals, der denselben Durchmesser wie der Schaft hat, und einen k\u00fcrzeren Schaft im Vergleich zu anderen H\u00e4kelnadelarten.[\/dt_tooltip] H\u00e4kelnadel mit sanft abgerundetem Kopf, die f\u00fcr pr\u00e4zises und m\u00fcheloses H\u00e4keln entwickelt wurde. Gefertigt aus leichtem Mangoholz bietet sie ein warmes, nat\u00fcrliches Gef\u00fchl in der Hand, w\u00e4hrend die glatt handbearbeitete Oberfl\u00e4che das Garn leicht gleiten l\u00e4sst.<\/p>\n<p>Jede H\u00e4kelnadel ist 15 cm lang, wobei die Gr\u00f6sse gut sichtbar auf dem Griff angegeben ist. Die Farben der H\u00e4kelnadeln variieren je nach Gr\u00f6sse.<\/p>\n<p>Die Bohin H\u00e4kelnadel aus Mangoholz eignet sich besonders gut f\u00fcr H\u00e4klerinnen, die den Knife-Grip verwenden. Ihre Form und ausgewogene Konstruktion verlagern den Schwerpunkt leicht weg von der Nadelspitze und sorgen so f\u00fcr ein komfortableres und kontrollierteres H\u00e4kelerlebnis. Der ergonomische Griff liegt nat\u00fcrlich in der Hand und hilft, Erm\u00fcdung bei l\u00e4ngeren H\u00e4keleinheiten zu reduzieren.<\/p>\n<p>Vielseitig und zuverl\u00e4ssig eignet sich diese H\u00e4kelnadel hervorragend f\u00fcr eine grosse Auswahl an Garnen und Fasern. Das angenehme Gef\u00fchl in der Hand, der zug\u00e4ngliche Preis und die einfache Handhabung machen sie sowohl f\u00fcr Anf\u00e4ngerinnen als auch f\u00fcr erfahrene H\u00e4klerinnen zu einer ausgezeichneten Wahl.<\/p>\n<p><strong>Exklusiv erh\u00e4ltlich bei Swiss Crochet.<\/strong><\/p>\n","protected":false},"featured_media":32000,"template":"","meta":[],"product_brand":[],"product_cat":[551,220],"product_tag":[],"class_list":{"0":"post-32144","1":"product","2":"type-product","3":"status-publish","4":"has-post-thumbnail","6":"product_cat-haekelnadeln-mit-griff","7":"product_cat-hakelnadeln-und-zubehor","8":"product_shipping_class-kleinsendungen","9":"pa_t1-manufacturer-bohin","10":"description-off","12":"first","13":"instock","14":"taxable","15":"shipping-taxable","16":"purchasable","17":"product-type-variable","18":"wvs-archive-product-wrapper"},"bundled_by":[],"bundle_stock_status":"instock","bundle_stock_quantity":null,"bundle_virtual":false,"bundle_layout":"","bundle_add_to_cart_form_location":"","bundle_editable_in_cart":false,"bundle_sold_individually_context":"","bundle_item_grouping":"","bundle_min_size":"","bundle_max_size":"","bundle_price":[],"bundled_items":[],"bundle_sell_ids":[],"yoast_head":"<!-- This site is optimized with the Yoast SEO plugin v27.5 - https:\/\/yoast.com\/product\/yoast-seo-wordpress\/ -->\n<title>Bohin - H\u00e4kelnadel aus Mangoholz &#171; Swiss Crochet<\/title>\n<meta name=\"description\" content=\"Bohin H\u00e4kelnadel aus Mangoholz mit ergonomischem Inline-Design. Leichte Holzh\u00e4kelnadel f\u00fcr gleichm\u00e4ssige Maschen, komfortablen Griff und allt\u00e4gliche H\u00e4kelprojekte.\" \/>\n<meta name=\"robots\" content=\"index, follow, max-snippet:-1, max-image-preview:large, max-video-preview:-1\" \/>\n<link rel=\"canonical\" href=\"https:\/\/www.swisscrochet.ch\/de\/produkt\/bohin-haekelnadel-aus-mangoholz\/\" \/>\n<meta property=\"og:locale\" content=\"de_DE\" \/>\n<meta property=\"og:type\" content=\"article\" \/>\n<meta property=\"og:title\" content=\"Bohin - H\u00e4kelnadel aus Mangoholz &#171; Swiss Crochet\" \/>\n<meta property=\"og:description\" content=\"Bohin H\u00e4kelnadel aus Mangoholz mit ergonomischem Inline-Design. Leichte Holzh\u00e4kelnadel f\u00fcr gleichm\u00e4ssige Maschen, komfortablen Griff und allt\u00e4gliche H\u00e4kelprojekte.\" \/>\n<meta property=\"og:url\" content=\"https:\/\/www.swisscrochet.ch\/de\/produkt\/bohin-haekelnadel-aus-mangoholz\/\" \/>\n<meta property=\"og:site_name\" content=\"Swiss Crochet\" \/>\n<meta property=\"article:modified_time\" content=\"2026-05-07T18:44:36+00:00\" \/>\n<meta property=\"og:image\" content=\"https:\/\/www.swisscrochet.ch\/wp-content\/uploads\/2026\/05\/Bohin-Crochet-Hook-Mango-Wood-Overview.jpg\" \/>\n\t<meta property=\"og:image:width\" content=\"1000\" \/>\n\t<meta property=\"og:image:height\" content=\"1000\" \/>\n\t<meta property=\"og:image:type\" content=\"image\/jpeg\" \/>\n<meta name=\"twitter:card\" content=\"summary_large_image\" \/>\n<meta name=\"twitter:label1\" content=\"Gesch\u00e4tzte Lesezeit\" \/>\n\t<meta name=\"twitter:data1\" content=\"1\u00a0Minute\" \/>\n<script type=\"application\/ld+json\" class=\"yoast-schema-graph\">{\"@context\":\"https:\\\/\\\/schema.org\",\"@graph\":[{\"@type\":[\"WebPage\",\"ItemPage\"],\"@id\":\"https:\\\/\\\/www.swisscrochet.ch\\\/de\\\/produkt\\\/bohin-haekelnadel-aus-mangoholz\\\/\",\"url\":\"https:\\\/\\\/www.swisscrochet.ch\\\/de\\\/produkt\\\/bohin-haekelnadel-aus-mangoholz\\\/\",\"name\":\"Bohin - H\u00e4kelnadel aus Mangoholz &#171; Swiss Crochet\",\"isPartOf\":{\"@id\":\"https:\\\/\\\/www.swisscrochet.ch\\\/#website\"},\"primaryImageOfPage\":{\"@id\":\"https:\\\/\\\/www.swisscrochet.ch\\\/de\\\/produkt\\\/bohin-haekelnadel-aus-mangoholz\\\/#primaryimage\"},\"image\":{\"@id\":\"https:\\\/\\\/www.swisscrochet.ch\\\/de\\\/produkt\\\/bohin-haekelnadel-aus-mangoholz\\\/#primaryimage\"},\"thumbnailUrl\":\"https:\\\/\\\/www.swisscrochet.ch\\\/wp-content\\\/uploads\\\/2026\\\/05\\\/Bohin-Crochet-Hook-Mango-Wood-Overview.jpg\",\"datePublished\":\"2026-05-07T18:20:41+00:00\",\"dateModified\":\"2026-05-07T18:44:36+00:00\",\"description\":\"Bohin H\u00e4kelnadel aus Mangoholz mit ergonomischem Inline-Design. Leichte Holzh\u00e4kelnadel f\u00fcr gleichm\u00e4ssige Maschen, komfortablen Griff und allt\u00e4gliche H\u00e4kelprojekte.\",\"breadcrumb\":{\"@id\":\"https:\\\/\\\/www.swisscrochet.ch\\\/de\\\/produkt\\\/bohin-haekelnadel-aus-mangoholz\\\/#breadcrumb\"},\"inLanguage\":\"de\",\"potentialAction\":[{\"@type\":\"ReadAction\",\"target\":[\"https:\\\/\\\/www.swisscrochet.ch\\\/de\\\/produkt\\\/bohin-haekelnadel-aus-mangoholz\\\/\"]}]},{\"@type\":\"ImageObject\",\"inLanguage\":\"de\",\"@id\":\"https:\\\/\\\/www.swisscrochet.ch\\\/de\\\/produkt\\\/bohin-haekelnadel-aus-mangoholz\\\/#primaryimage\",\"url\":\"https:\\\/\\\/www.swisscrochet.ch\\\/wp-content\\\/uploads\\\/2026\\\/05\\\/Bohin-Crochet-Hook-Mango-Wood-Overview.jpg\",\"contentUrl\":\"https:\\\/\\\/www.swisscrochet.ch\\\/wp-content\\\/uploads\\\/2026\\\/05\\\/Bohin-Crochet-Hook-Mango-Wood-Overview.jpg\",\"width\":1000,\"height\":1000},{\"@type\":\"BreadcrumbList\",\"@id\":\"https:\\\/\\\/www.swisscrochet.ch\\\/de\\\/produkt\\\/bohin-haekelnadel-aus-mangoholz\\\/#breadcrumb\",\"itemListElement\":[{\"@type\":\"ListItem\",\"position\":1,\"name\":\"Home\",\"item\":\"https:\\\/\\\/www.swisscrochet.ch\\\/de\\\/\"},{\"@type\":\"ListItem\",\"position\":2,\"name\":\"Shop\",\"item\":\"https:\\\/\\\/www.swisscrochet.ch\\\/de\\\/shop\\\/\"},{\"@type\":\"ListItem\",\"position\":3,\"name\":\"Bohin &#8211; H\u00e4kelnadel aus Mangoholz\"}]},{\"@type\":\"WebSite\",\"@id\":\"https:\\\/\\\/www.swisscrochet.ch\\\/#website\",\"url\":\"https:\\\/\\\/www.swisscrochet.ch\\\/\",\"name\":\"Swiss Crochet\",\"description\":\"Entfalte dein kreatives Potenzial\",\"potentialAction\":[{\"@type\":\"SearchAction\",\"target\":{\"@type\":\"EntryPoint\",\"urlTemplate\":\"https:\\\/\\\/www.swisscrochet.ch\\\/?s={search_term_string}\"},\"query-input\":{\"@type\":\"PropertyValueSpecification\",\"valueRequired\":true,\"valueName\":\"search_term_string\"}}],\"inLanguage\":\"de\"}]}<\/script>\n<!-- \/ Yoast SEO plugin. -->","yoast_head_json":{"title":"Bohin - H\u00e4kelnadel aus Mangoholz &#171; Swiss Crochet","description":"Bohin H\u00e4kelnadel aus Mangoholz mit ergonomischem Inline-Design. Leichte Holzh\u00e4kelnadel f\u00fcr gleichm\u00e4ssige Maschen, komfortablen Griff und allt\u00e4gliche H\u00e4kelprojekte.","robots":{"index":"index","follow":"follow","max-snippet":"max-snippet:-1","max-image-preview":"max-image-preview:large","max-video-preview":"max-video-preview:-1"},"canonical":"https:\/\/www.swisscrochet.ch\/de\/produkt\/bohin-haekelnadel-aus-mangoholz\/","og_locale":"de_DE","og_type":"article","og_title":"Bohin - H\u00e4kelnadel aus Mangoholz &#171; Swiss Crochet","og_description":"Bohin H\u00e4kelnadel aus Mangoholz mit ergonomischem Inline-Design. Leichte Holzh\u00e4kelnadel f\u00fcr gleichm\u00e4ssige Maschen, komfortablen Griff und allt\u00e4gliche H\u00e4kelprojekte.","og_url":"https:\/\/www.swisscrochet.ch\/de\/produkt\/bohin-haekelnadel-aus-mangoholz\/","og_site_name":"Swiss Crochet","article_modified_time":"2026-05-07T18:44:36+00:00","og_image":[{"width":1000,"height":1000,"url":"https:\/\/www.swisscrochet.ch\/wp-content\/uploads\/2026\/05\/Bohin-Crochet-Hook-Mango-Wood-Overview.jpg","type":"image\/jpeg"}],"twitter_card":"summary_large_image","twitter_misc":{"Gesch\u00e4tzte Lesezeit":"1\u00a0Minute"},"schema":{"@context":"https:\/\/schema.org","@graph":[{"@type":["WebPage","ItemPage"],"@id":"https:\/\/www.swisscrochet.ch\/de\/produkt\/bohin-haekelnadel-aus-mangoholz\/","url":"https:\/\/www.swisscrochet.ch\/de\/produkt\/bohin-haekelnadel-aus-mangoholz\/","name":"Bohin - H\u00e4kelnadel aus Mangoholz &#171; Swiss Crochet","isPartOf":{"@id":"https:\/\/www.swisscrochet.ch\/#website"},"primaryImageOfPage":{"@id":"https:\/\/www.swisscrochet.ch\/de\/produkt\/bohin-haekelnadel-aus-mangoholz\/#primaryimage"},"image":{"@id":"https:\/\/www.swisscrochet.ch\/de\/produkt\/bohin-haekelnadel-aus-mangoholz\/#primaryimage"},"thumbnailUrl":"https:\/\/www.swisscrochet.ch\/wp-content\/uploads\/2026\/05\/Bohin-Crochet-Hook-Mango-Wood-Overview.jpg","datePublished":"2026-05-07T18:20:41+00:00","dateModified":"2026-05-07T18:44:36+00:00","description":"Bohin H\u00e4kelnadel aus Mangoholz mit ergonomischem Inline-Design. Leichte Holzh\u00e4kelnadel f\u00fcr gleichm\u00e4ssige Maschen, komfortablen Griff und allt\u00e4gliche H\u00e4kelprojekte.","breadcrumb":{"@id":"https:\/\/www.swisscrochet.ch\/de\/produkt\/bohin-haekelnadel-aus-mangoholz\/#breadcrumb"},"inLanguage":"de","potentialAction":[{"@type":"ReadAction","target":["https:\/\/www.swisscrochet.ch\/de\/produkt\/bohin-haekelnadel-aus-mangoholz\/"]}]},{"@type":"ImageObject","inLanguage":"de","@id":"https:\/\/www.swisscrochet.ch\/de\/produkt\/bohin-haekelnadel-aus-mangoholz\/#primaryimage","url":"https:\/\/www.swisscrochet.ch\/wp-content\/uploads\/2026\/05\/Bohin-Crochet-Hook-Mango-Wood-Overview.jpg","contentUrl":"https:\/\/www.swisscrochet.ch\/wp-content\/uploads\/2026\/05\/Bohin-Crochet-Hook-Mango-Wood-Overview.jpg","width":1000,"height":1000},{"@type":"BreadcrumbList","@id":"https:\/\/www.swisscrochet.ch\/de\/produkt\/bohin-haekelnadel-aus-mangoholz\/#breadcrumb","itemListElement":[{"@type":"ListItem","position":1,"name":"Home","item":"https:\/\/www.swisscrochet.ch\/de\/"},{"@type":"ListItem","position":2,"name":"Shop","item":"https:\/\/www.swisscrochet.ch\/de\/shop\/"},{"@type":"ListItem","position":3,"name":"Bohin &#8211; H\u00e4kelnadel aus Mangoholz"}]},{"@type":"WebSite","@id":"https:\/\/www.swisscrochet.ch\/#website","url":"https:\/\/www.swisscrochet.ch\/","name":"Swiss Crochet","description":"Entfalte dein kreatives Potenzial","potentialAction":[{"@type":"SearchAction","target":{"@type":"EntryPoint","urlTemplate":"https:\/\/www.swisscrochet.ch\/?s={search_term_string}"},"query-input":{"@type":"PropertyValueSpecification","valueRequired":true,"valueName":"search_term_string"}}],"inLanguage":"de"}]}},"_links":{"self":[{"href":"https:\/\/www.swisscrochet.ch\/de\/wp-json\/wp\/v2\/product\/32144","targetHints":{"allow":["GET"]}}],"collection":[{"href":"https:\/\/www.swisscrochet.ch\/de\/wp-json\/wp\/v2\/product"}],"about":[{"href":"https:\/\/www.swisscrochet.ch\/de\/wp-json\/wp\/v2\/types\/product"}],"wp:featuredmedia":[{"embeddable":true,"href":"https:\/\/www.swisscrochet.ch\/de\/wp-json\/wp\/v2\/media\/32000"}],"wp:attachment":[{"href":"https:\/\/www.swisscrochet.ch\/de\/wp-json\/wp\/v2\/media?parent=32144"}],"wp:term":[{"taxonomy":"product_brand","embeddable":true,"href":"https:\/\/www.swisscrochet.ch\/de\/wp-json\/wp\/v2\/product_brand?post=32144"},{"taxonomy":"product_cat","embeddable":true,"href":"https:\/\/www.swisscrochet.ch\/de\/wp-json\/wp\/v2\/product_cat?post=32144"},{"taxonomy":"product_tag","embeddable":true,"href":"https:\/\/www.swisscrochet.ch\/de\/wp-json\/wp\/v2\/product_tag?post=32144"}],"curies":[{"name":"wp","href":"https:\/\/api.w.org\/{rel}","templated":true}]}}