{"id":3552,"date":"2025-01-13T20:11:06","date_gmt":"2025-01-13T19:11:06","guid":{"rendered":"https:\/\/www.swisscrochet.ch\/product\/tulip-mind-crochet-hook\/"},"modified":"2026-04-01T20:52:46","modified_gmt":"2026-04-01T18:52:46","slug":"tulip-mind-haekelnadel","status":"publish","type":"product","link":"https:\/\/www.swisscrochet.ch\/de\/produkt\/tulip-mind-haekelnadel\/","title":{"rendered":"Tulip &#8211; MinD H\u00e4kelnadel"},"content":{"rendered":"","protected":false},"excerpt":{"rendered":"<p>Die Tulip MinD H\u00e4kelnadel ist eine Premium [dt_tooltip title=\"konischer\"]Ein konischer H\u00e4kelnadel hat einen abgerundeten Kopf, einen Hals, der schmaler als der Schaft ist, und einen langen Schaft \u2013 besonders im Vergleich zu anderen H\u00e4kelnadelarten.[\/dt_tooltip] H\u00e4kelnadel mit einer gut abgerundeten, jedoch leicht spitzen Kopf, der f\u00fcr glattes und pr\u00e4zises H\u00e4keln sorgt. Mit einem einfachen Daumenrest entworfen, erm\u00f6glicht dieser leichte Haken l\u00e4ngere H\u00e4kel-Sitzungen, ohne Handerm\u00fcdung zu verursachen.<\/p>\n<p>Jede Hakengr\u00f6sse kommt in einer anderen Farbe.<\/p>\n<p>Preiswert und anf\u00e4ngerfreundlich, ist die Tulip MinD H\u00e4kelnadel eine ausgezeichnete Wahl f\u00fcr alle, die mit dickeren Garnen arbeiten m\u00f6chten. Vielseitig und zuverl\u00e4ssig, funktioniert sie wunderbar mit allen Arten von Garn und Fasern.<\/p>\n","protected":false},"featured_media":4044,"template":"","meta":[],"product_brand":[],"product_cat":[552,220],"product_tag":[],"class_list":{"0":"post-3552","1":"product","2":"type-product","3":"status-publish","4":"has-post-thumbnail","6":"product_cat-haekelnadeln-ohne-griff","7":"product_cat-hakelnadeln-und-zubehor","8":"product_shipping_class-kleinsendungen","9":"pa_t1-manufacturer-tulip-de","10":"description-off","12":"first","13":"instock","14":"taxable","15":"shipping-taxable","16":"purchasable","17":"product-type-variable","18":"wvs-archive-product-wrapper"},"bundled_by":["10388","10388","10396","10396","10396","620","745","29133"],"bundle_stock_status":"instock","bundle_stock_quantity":null,"bundle_virtual":false,"bundle_layout":"","bundle_add_to_cart_form_location":"","bundle_editable_in_cart":false,"bundle_sold_individually_context":"","bundle_item_grouping":"","bundle_min_size":"","bundle_max_size":"","bundle_price":[],"bundled_items":[],"bundle_sell_ids":[],"yoast_head":"<!-- This site is optimized with the Yoast SEO plugin v27.5 - https:\/\/yoast.com\/product\/yoast-seo-wordpress\/ -->\n<title>Tulip - MinD H\u00e4kelnadel &#171; Swiss Crochet<\/title>\n<meta name=\"description\" content=\"Tulip MinD H\u00e4kelnadel - Premium H\u00e4kelnadel, der leicht und erschwinglich ist. Perfekt f\u00fcr Anf\u00e4nger und geeignet f\u00fcr alle Garntypen.\" \/>\n<meta name=\"robots\" content=\"index, follow, max-snippet:-1, max-image-preview:large, max-video-preview:-1\" \/>\n<link rel=\"canonical\" href=\"https:\/\/www.swisscrochet.ch\/de\/produkt\/tulip-mind-haekelnadel\/\" \/>\n<meta property=\"og:locale\" content=\"de_DE\" \/>\n<meta property=\"og:type\" content=\"article\" \/>\n<meta property=\"og:title\" content=\"Tulip - MinD H\u00e4kelnadel &#171; Swiss Crochet\" \/>\n<meta property=\"og:description\" content=\"Tulip MinD H\u00e4kelnadel - Premium H\u00e4kelnadel, der leicht und erschwinglich ist. Perfekt f\u00fcr Anf\u00e4nger und geeignet f\u00fcr alle Garntypen.\" \/>\n<meta property=\"og:url\" content=\"https:\/\/www.swisscrochet.ch\/de\/produkt\/tulip-mind-haekelnadel\/\" \/>\n<meta property=\"og:site_name\" content=\"Swiss Crochet\" \/>\n<meta property=\"article:modified_time\" content=\"2026-04-01T18:52:46+00:00\" \/>\n<meta property=\"og:image\" content=\"https:\/\/www.swisscrochet.ch\/wp-content\/uploads\/2025\/01\/Tulip-MinD-Crochet-Hook-Overview.jpg\" \/>\n\t<meta property=\"og:image:width\" content=\"1000\" \/>\n\t<meta property=\"og:image:height\" content=\"1000\" \/>\n\t<meta property=\"og:image:type\" content=\"image\/jpeg\" \/>\n<meta name=\"twitter:card\" content=\"summary_large_image\" \/>\n<meta name=\"twitter:label1\" content=\"Gesch\u00e4tzte Lesezeit\" \/>\n\t<meta name=\"twitter:data1\" content=\"1\u00a0Minute\" \/>\n<script type=\"application\/ld+json\" class=\"yoast-schema-graph\">{\"@context\":\"https:\\\/\\\/schema.org\",\"@graph\":[{\"@type\":[\"WebPage\",\"ItemPage\"],\"@id\":\"https:\\\/\\\/www.swisscrochet.ch\\\/de\\\/produkt\\\/tulip-mind-haekelnadel\\\/\",\"url\":\"https:\\\/\\\/www.swisscrochet.ch\\\/de\\\/produkt\\\/tulip-mind-haekelnadel\\\/\",\"name\":\"Tulip - MinD H\u00e4kelnadel &#171; Swiss Crochet\",\"isPartOf\":{\"@id\":\"https:\\\/\\\/www.swisscrochet.ch\\\/#website\"},\"primaryImageOfPage\":{\"@id\":\"https:\\\/\\\/www.swisscrochet.ch\\\/de\\\/produkt\\\/tulip-mind-haekelnadel\\\/#primaryimage\"},\"image\":{\"@id\":\"https:\\\/\\\/www.swisscrochet.ch\\\/de\\\/produkt\\\/tulip-mind-haekelnadel\\\/#primaryimage\"},\"thumbnailUrl\":\"https:\\\/\\\/www.swisscrochet.ch\\\/wp-content\\\/uploads\\\/2025\\\/01\\\/Tulip-MinD-Crochet-Hook-Overview.jpg\",\"datePublished\":\"2025-01-13T19:11:06+00:00\",\"dateModified\":\"2026-04-01T18:52:46+00:00\",\"description\":\"Tulip MinD H\u00e4kelnadel - Premium H\u00e4kelnadel, der leicht und erschwinglich ist. Perfekt f\u00fcr Anf\u00e4nger und geeignet f\u00fcr alle Garntypen.\",\"breadcrumb\":{\"@id\":\"https:\\\/\\\/www.swisscrochet.ch\\\/de\\\/produkt\\\/tulip-mind-haekelnadel\\\/#breadcrumb\"},\"inLanguage\":\"de\",\"potentialAction\":[{\"@type\":\"ReadAction\",\"target\":[\"https:\\\/\\\/www.swisscrochet.ch\\\/de\\\/produkt\\\/tulip-mind-haekelnadel\\\/\"]}]},{\"@type\":\"ImageObject\",\"inLanguage\":\"de\",\"@id\":\"https:\\\/\\\/www.swisscrochet.ch\\\/de\\\/produkt\\\/tulip-mind-haekelnadel\\\/#primaryimage\",\"url\":\"https:\\\/\\\/www.swisscrochet.ch\\\/wp-content\\\/uploads\\\/2025\\\/01\\\/Tulip-MinD-Crochet-Hook-Overview.jpg\",\"contentUrl\":\"https:\\\/\\\/www.swisscrochet.ch\\\/wp-content\\\/uploads\\\/2025\\\/01\\\/Tulip-MinD-Crochet-Hook-Overview.jpg\",\"width\":1000,\"height\":1000},{\"@type\":\"BreadcrumbList\",\"@id\":\"https:\\\/\\\/www.swisscrochet.ch\\\/de\\\/produkt\\\/tulip-mind-haekelnadel\\\/#breadcrumb\",\"itemListElement\":[{\"@type\":\"ListItem\",\"position\":1,\"name\":\"Home\",\"item\":\"https:\\\/\\\/www.swisscrochet.ch\\\/de\\\/\"},{\"@type\":\"ListItem\",\"position\":2,\"name\":\"Shop\",\"item\":\"https:\\\/\\\/www.swisscrochet.ch\\\/de\\\/shop\\\/\"},{\"@type\":\"ListItem\",\"position\":3,\"name\":\"Tulip &#8211; MinD H\u00e4kelnadel\"}]},{\"@type\":\"WebSite\",\"@id\":\"https:\\\/\\\/www.swisscrochet.ch\\\/#website\",\"url\":\"https:\\\/\\\/www.swisscrochet.ch\\\/\",\"name\":\"Swiss Crochet\",\"description\":\"Entfalte dein kreatives Potenzial\",\"potentialAction\":[{\"@type\":\"SearchAction\",\"target\":{\"@type\":\"EntryPoint\",\"urlTemplate\":\"https:\\\/\\\/www.swisscrochet.ch\\\/?s={search_term_string}\"},\"query-input\":{\"@type\":\"PropertyValueSpecification\",\"valueRequired\":true,\"valueName\":\"search_term_string\"}}],\"inLanguage\":\"de\"}]}<\/script>\n<!-- \/ Yoast SEO plugin. -->","yoast_head_json":{"title":"Tulip - MinD H\u00e4kelnadel &#171; Swiss Crochet","description":"Tulip MinD H\u00e4kelnadel - Premium H\u00e4kelnadel, der leicht und erschwinglich ist. Perfekt f\u00fcr Anf\u00e4nger und geeignet f\u00fcr alle Garntypen.","robots":{"index":"index","follow":"follow","max-snippet":"max-snippet:-1","max-image-preview":"max-image-preview:large","max-video-preview":"max-video-preview:-1"},"canonical":"https:\/\/www.swisscrochet.ch\/de\/produkt\/tulip-mind-haekelnadel\/","og_locale":"de_DE","og_type":"article","og_title":"Tulip - MinD H\u00e4kelnadel &#171; Swiss Crochet","og_description":"Tulip MinD H\u00e4kelnadel - Premium H\u00e4kelnadel, der leicht und erschwinglich ist. Perfekt f\u00fcr Anf\u00e4nger und geeignet f\u00fcr alle Garntypen.","og_url":"https:\/\/www.swisscrochet.ch\/de\/produkt\/tulip-mind-haekelnadel\/","og_site_name":"Swiss Crochet","article_modified_time":"2026-04-01T18:52:46+00:00","og_image":[{"width":1000,"height":1000,"url":"https:\/\/www.swisscrochet.ch\/wp-content\/uploads\/2025\/01\/Tulip-MinD-Crochet-Hook-Overview.jpg","type":"image\/jpeg"}],"twitter_card":"summary_large_image","twitter_misc":{"Gesch\u00e4tzte Lesezeit":"1\u00a0Minute"},"schema":{"@context":"https:\/\/schema.org","@graph":[{"@type":["WebPage","ItemPage"],"@id":"https:\/\/www.swisscrochet.ch\/de\/produkt\/tulip-mind-haekelnadel\/","url":"https:\/\/www.swisscrochet.ch\/de\/produkt\/tulip-mind-haekelnadel\/","name":"Tulip - MinD H\u00e4kelnadel &#171; Swiss Crochet","isPartOf":{"@id":"https:\/\/www.swisscrochet.ch\/#website"},"primaryImageOfPage":{"@id":"https:\/\/www.swisscrochet.ch\/de\/produkt\/tulip-mind-haekelnadel\/#primaryimage"},"image":{"@id":"https:\/\/www.swisscrochet.ch\/de\/produkt\/tulip-mind-haekelnadel\/#primaryimage"},"thumbnailUrl":"https:\/\/www.swisscrochet.ch\/wp-content\/uploads\/2025\/01\/Tulip-MinD-Crochet-Hook-Overview.jpg","datePublished":"2025-01-13T19:11:06+00:00","dateModified":"2026-04-01T18:52:46+00:00","description":"Tulip MinD H\u00e4kelnadel - Premium H\u00e4kelnadel, der leicht und erschwinglich ist. Perfekt f\u00fcr Anf\u00e4nger und geeignet f\u00fcr alle Garntypen.","breadcrumb":{"@id":"https:\/\/www.swisscrochet.ch\/de\/produkt\/tulip-mind-haekelnadel\/#breadcrumb"},"inLanguage":"de","potentialAction":[{"@type":"ReadAction","target":["https:\/\/www.swisscrochet.ch\/de\/produkt\/tulip-mind-haekelnadel\/"]}]},{"@type":"ImageObject","inLanguage":"de","@id":"https:\/\/www.swisscrochet.ch\/de\/produkt\/tulip-mind-haekelnadel\/#primaryimage","url":"https:\/\/www.swisscrochet.ch\/wp-content\/uploads\/2025\/01\/Tulip-MinD-Crochet-Hook-Overview.jpg","contentUrl":"https:\/\/www.swisscrochet.ch\/wp-content\/uploads\/2025\/01\/Tulip-MinD-Crochet-Hook-Overview.jpg","width":1000,"height":1000},{"@type":"BreadcrumbList","@id":"https:\/\/www.swisscrochet.ch\/de\/produkt\/tulip-mind-haekelnadel\/#breadcrumb","itemListElement":[{"@type":"ListItem","position":1,"name":"Home","item":"https:\/\/www.swisscrochet.ch\/de\/"},{"@type":"ListItem","position":2,"name":"Shop","item":"https:\/\/www.swisscrochet.ch\/de\/shop\/"},{"@type":"ListItem","position":3,"name":"Tulip &#8211; MinD H\u00e4kelnadel"}]},{"@type":"WebSite","@id":"https:\/\/www.swisscrochet.ch\/#website","url":"https:\/\/www.swisscrochet.ch\/","name":"Swiss Crochet","description":"Entfalte dein kreatives Potenzial","potentialAction":[{"@type":"SearchAction","target":{"@type":"EntryPoint","urlTemplate":"https:\/\/www.swisscrochet.ch\/?s={search_term_string}"},"query-input":{"@type":"PropertyValueSpecification","valueRequired":true,"valueName":"search_term_string"}}],"inLanguage":"de"}]}},"_links":{"self":[{"href":"https:\/\/www.swisscrochet.ch\/de\/wp-json\/wp\/v2\/product\/3552","targetHints":{"allow":["GET"]}}],"collection":[{"href":"https:\/\/www.swisscrochet.ch\/de\/wp-json\/wp\/v2\/product"}],"about":[{"href":"https:\/\/www.swisscrochet.ch\/de\/wp-json\/wp\/v2\/types\/product"}],"wp:featuredmedia":[{"embeddable":true,"href":"https:\/\/www.swisscrochet.ch\/de\/wp-json\/wp\/v2\/media\/4044"}],"wp:attachment":[{"href":"https:\/\/www.swisscrochet.ch\/de\/wp-json\/wp\/v2\/media?parent=3552"}],"wp:term":[{"taxonomy":"product_brand","embeddable":true,"href":"https:\/\/www.swisscrochet.ch\/de\/wp-json\/wp\/v2\/product_brand?post=3552"},{"taxonomy":"product_cat","embeddable":true,"href":"https:\/\/www.swisscrochet.ch\/de\/wp-json\/wp\/v2\/product_cat?post=3552"},{"taxonomy":"product_tag","embeddable":true,"href":"https:\/\/www.swisscrochet.ch\/de\/wp-json\/wp\/v2\/product_tag?post=3552"}],"curies":[{"name":"wp","href":"https:\/\/api.w.org\/{rel}","templated":true}]}}