{"id":3605,"date":"2025-01-13T20:34:32","date_gmt":"2025-01-13T19:34:32","guid":{"rendered":"https:\/\/www.swisscrochet.ch\/product\/addi-crochet-hook-without-handle\/"},"modified":"2026-03-21T11:35:15","modified_gmt":"2026-03-21T10:35:15","slug":"addi-haekelnadel-ohne-griff","status":"publish","type":"product","link":"https:\/\/www.swisscrochet.ch\/de\/produkt\/addi-haekelnadel-ohne-griff\/","title":{"rendered":"Addi &#8211; H\u00e4kelnadel ohne Griff"},"content":{"rendered":"","protected":false},"excerpt":{"rendered":"<p>Die Addi H\u00e4kelnadel ist ein [dt_tooltip title=\"konischer\"]Ein konischer H\u00e4kelnadel hat einen abgerundeten Kopf, einen Hals, der schmaler als der Schaft ist, und einen langen Schaft \u2013 besonders im Vergleich zu anderen H\u00e4kelnadelarten.[\/dt_tooltip] H\u00e4kelnadel mit einer gut abgerundeten Kopf, der f\u00fcr glattes und pr\u00e4zises H\u00e4keln sorgt. Sie verf\u00fcgt \u00fcber einen einfachen Daumenrest, der den Halt verbessert, bleibt jedoch stark und leicht f\u00fcr m\u00fcheloses H\u00e4keln.<\/p>\n<p>Jeder Haken misst 15 cm, wobei die Gr\u00f6sse bequem auf dem Daumenrest angezeigt wird. Die Farbe variiert je nach Gr\u00f6sse:<\/p>\n<p>Grau: Gr\u00f6ssen 2.00 mm bis 6.00 mm<br \/>\nGold: Gr\u00f6ssen 7.00 mm bis 12.00 mm<\/p>\n<p>Preiswert und anf\u00e4ngerfreundlich, ist die Addi H\u00e4kelnadel eine ausgezeichnete Wahl f\u00fcr alle, die mit neuen Haken-Gr\u00f6ssen experimentieren m\u00f6chten. Vielseitig und zuverl\u00e4ssig, funktioniert sie wunderbar mit allen Arten von Garn und Fasern.<\/p>\n","protected":false},"featured_media":3988,"template":"","meta":[],"product_brand":[],"product_cat":[552,220],"product_tag":[],"class_list":{"0":"post-3605","1":"product","2":"type-product","3":"status-publish","4":"has-post-thumbnail","6":"product_cat-haekelnadeln-ohne-griff","7":"product_cat-hakelnadeln-und-zubehor","8":"product_shipping_class-kleinsendungen","9":"pa_t1-manufacturer-addi-de","10":"description-off","12":"first","13":"instock","14":"taxable","15":"shipping-taxable","16":"purchasable","17":"product-type-variable","18":"wvs-archive-product-wrapper"},"bundled_by":["10381","10381","10381","10463","17694","17701","17707","17714","17721","29924","29929"],"bundle_stock_status":"instock","bundle_stock_quantity":null,"bundle_virtual":false,"bundle_layout":"","bundle_add_to_cart_form_location":"","bundle_editable_in_cart":false,"bundle_sold_individually_context":"","bundle_item_grouping":"","bundle_min_size":"","bundle_max_size":"","bundle_price":[],"bundled_items":[],"bundle_sell_ids":[],"yoast_head":"<!-- This site is optimized with the Yoast SEO plugin v27.4 - https:\/\/yoast.com\/product\/yoast-seo-wordpress\/ -->\n<title>Addi - H\u00e4kelnadel ohne Griff &#171; Swiss Crochet<\/title>\n<meta name=\"robots\" content=\"index, follow, max-snippet:-1, max-image-preview:large, max-video-preview:-1\" \/>\n<link rel=\"canonical\" href=\"https:\/\/www.swisscrochet.ch\/de\/produkt\/addi-haekelnadel-ohne-griff\/\" \/>\n<meta property=\"og:locale\" content=\"de_DE\" \/>\n<meta property=\"og:type\" content=\"article\" \/>\n<meta property=\"og:title\" content=\"Addi - H\u00e4kelnadel ohne Griff &#171; Swiss Crochet\" \/>\n<meta property=\"og:description\" content=\"Die Addi H\u00e4kelnadel ist ein H\u00e4kelnadel mit einer gut abgerundeten Kopf, der f\u00fcr glattes und pr\u00e4zises H\u00e4keln sorgt. Sie verf\u00fcgt \u00fcber einen einfachen Daumenrest, der den Halt verbessert, bleibt jedoch stark und leicht f\u00fcr m\u00fcheloses H\u00e4keln.  Jeder Haken misst 15 cm, wobei die Gr\u00f6sse bequem auf dem Daumenrest angezeigt wird. Die Farbe variiert je nach Gr\u00f6sse:  Grau: Gr\u00f6ssen 2.00 mm bis 6.00 mm Gold: Gr\u00f6ssen 7.00 mm bis 12.00 mm  Preiswert und anf\u00e4ngerfreundlich, ist die Addi H\u00e4kelnadel eine ausgezeichnete Wahl f\u00fcr alle, die mit neuen Haken-Gr\u00f6ssen experimentieren m\u00f6chten. Vielseitig und zuverl\u00e4ssig, funktioniert sie wunderbar mit allen Arten von Garn und Fasern.\" \/>\n<meta property=\"og:url\" content=\"https:\/\/www.swisscrochet.ch\/de\/produkt\/addi-haekelnadel-ohne-griff\/\" \/>\n<meta property=\"og:site_name\" content=\"Swiss Crochet\" \/>\n<meta property=\"article:modified_time\" content=\"2026-03-21T10:35:15+00:00\" \/>\n<meta property=\"og:image\" content=\"https:\/\/www.swisscrochet.ch\/wp-content\/uploads\/2025\/01\/Addi-Crochet-Hook-Overview.jpg\" \/>\n\t<meta property=\"og:image:width\" content=\"1000\" \/>\n\t<meta property=\"og:image:height\" content=\"1000\" \/>\n\t<meta property=\"og:image:type\" content=\"image\/jpeg\" \/>\n<meta name=\"twitter:card\" content=\"summary_large_image\" \/>\n<meta name=\"twitter:label1\" content=\"Gesch\u00e4tzte Lesezeit\" \/>\n\t<meta name=\"twitter:data1\" content=\"1\u00a0Minute\" \/>\n<script type=\"application\/ld+json\" class=\"yoast-schema-graph\">{\"@context\":\"https:\\\/\\\/schema.org\",\"@graph\":[{\"@type\":[\"WebPage\",\"ItemPage\"],\"@id\":\"https:\\\/\\\/www.swisscrochet.ch\\\/de\\\/produkt\\\/addi-haekelnadel-ohne-griff\\\/\",\"url\":\"https:\\\/\\\/www.swisscrochet.ch\\\/de\\\/produkt\\\/addi-haekelnadel-ohne-griff\\\/\",\"name\":\"Addi - H\u00e4kelnadel ohne Griff &#171; Swiss Crochet\",\"isPartOf\":{\"@id\":\"https:\\\/\\\/www.swisscrochet.ch\\\/#website\"},\"primaryImageOfPage\":{\"@id\":\"https:\\\/\\\/www.swisscrochet.ch\\\/de\\\/produkt\\\/addi-haekelnadel-ohne-griff\\\/#primaryimage\"},\"image\":{\"@id\":\"https:\\\/\\\/www.swisscrochet.ch\\\/de\\\/produkt\\\/addi-haekelnadel-ohne-griff\\\/#primaryimage\"},\"thumbnailUrl\":\"https:\\\/\\\/www.swisscrochet.ch\\\/wp-content\\\/uploads\\\/2025\\\/01\\\/Addi-Crochet-Hook-Overview.jpg\",\"datePublished\":\"2025-01-13T19:34:32+00:00\",\"dateModified\":\"2026-03-21T10:35:15+00:00\",\"breadcrumb\":{\"@id\":\"https:\\\/\\\/www.swisscrochet.ch\\\/de\\\/produkt\\\/addi-haekelnadel-ohne-griff\\\/#breadcrumb\"},\"inLanguage\":\"de\",\"potentialAction\":[{\"@type\":\"ReadAction\",\"target\":[\"https:\\\/\\\/www.swisscrochet.ch\\\/de\\\/produkt\\\/addi-haekelnadel-ohne-griff\\\/\"]}]},{\"@type\":\"ImageObject\",\"inLanguage\":\"de\",\"@id\":\"https:\\\/\\\/www.swisscrochet.ch\\\/de\\\/produkt\\\/addi-haekelnadel-ohne-griff\\\/#primaryimage\",\"url\":\"https:\\\/\\\/www.swisscrochet.ch\\\/wp-content\\\/uploads\\\/2025\\\/01\\\/Addi-Crochet-Hook-Overview.jpg\",\"contentUrl\":\"https:\\\/\\\/www.swisscrochet.ch\\\/wp-content\\\/uploads\\\/2025\\\/01\\\/Addi-Crochet-Hook-Overview.jpg\",\"width\":1000,\"height\":1000},{\"@type\":\"BreadcrumbList\",\"@id\":\"https:\\\/\\\/www.swisscrochet.ch\\\/de\\\/produkt\\\/addi-haekelnadel-ohne-griff\\\/#breadcrumb\",\"itemListElement\":[{\"@type\":\"ListItem\",\"position\":1,\"name\":\"Home\",\"item\":\"https:\\\/\\\/www.swisscrochet.ch\\\/de\\\/\"},{\"@type\":\"ListItem\",\"position\":2,\"name\":\"Shop\",\"item\":\"https:\\\/\\\/www.swisscrochet.ch\\\/de\\\/shop\\\/\"},{\"@type\":\"ListItem\",\"position\":3,\"name\":\"Addi &#8211; H\u00e4kelnadel ohne Griff\"}]},{\"@type\":\"WebSite\",\"@id\":\"https:\\\/\\\/www.swisscrochet.ch\\\/#website\",\"url\":\"https:\\\/\\\/www.swisscrochet.ch\\\/\",\"name\":\"Swiss Crochet\",\"description\":\"Entfalte dein kreatives Potenzial\",\"potentialAction\":[{\"@type\":\"SearchAction\",\"target\":{\"@type\":\"EntryPoint\",\"urlTemplate\":\"https:\\\/\\\/www.swisscrochet.ch\\\/?s={search_term_string}\"},\"query-input\":{\"@type\":\"PropertyValueSpecification\",\"valueRequired\":true,\"valueName\":\"search_term_string\"}}],\"inLanguage\":\"de\"}]}<\/script>\n<!-- \/ Yoast SEO plugin. -->","yoast_head_json":{"title":"Addi - H\u00e4kelnadel ohne Griff &#171; Swiss Crochet","robots":{"index":"index","follow":"follow","max-snippet":"max-snippet:-1","max-image-preview":"max-image-preview:large","max-video-preview":"max-video-preview:-1"},"canonical":"https:\/\/www.swisscrochet.ch\/de\/produkt\/addi-haekelnadel-ohne-griff\/","og_locale":"de_DE","og_type":"article","og_title":"Addi - H\u00e4kelnadel ohne Griff &#171; Swiss Crochet","og_description":"Die Addi H\u00e4kelnadel ist ein H\u00e4kelnadel mit einer gut abgerundeten Kopf, der f\u00fcr glattes und pr\u00e4zises H\u00e4keln sorgt. Sie verf\u00fcgt \u00fcber einen einfachen Daumenrest, der den Halt verbessert, bleibt jedoch stark und leicht f\u00fcr m\u00fcheloses H\u00e4keln.  Jeder Haken misst 15 cm, wobei die Gr\u00f6sse bequem auf dem Daumenrest angezeigt wird. Die Farbe variiert je nach Gr\u00f6sse:  Grau: Gr\u00f6ssen 2.00 mm bis 6.00 mm Gold: Gr\u00f6ssen 7.00 mm bis 12.00 mm  Preiswert und anf\u00e4ngerfreundlich, ist die Addi H\u00e4kelnadel eine ausgezeichnete Wahl f\u00fcr alle, die mit neuen Haken-Gr\u00f6ssen experimentieren m\u00f6chten. Vielseitig und zuverl\u00e4ssig, funktioniert sie wunderbar mit allen Arten von Garn und Fasern.","og_url":"https:\/\/www.swisscrochet.ch\/de\/produkt\/addi-haekelnadel-ohne-griff\/","og_site_name":"Swiss Crochet","article_modified_time":"2026-03-21T10:35:15+00:00","og_image":[{"width":1000,"height":1000,"url":"https:\/\/www.swisscrochet.ch\/wp-content\/uploads\/2025\/01\/Addi-Crochet-Hook-Overview.jpg","type":"image\/jpeg"}],"twitter_card":"summary_large_image","twitter_misc":{"Gesch\u00e4tzte Lesezeit":"1\u00a0Minute"},"schema":{"@context":"https:\/\/schema.org","@graph":[{"@type":["WebPage","ItemPage"],"@id":"https:\/\/www.swisscrochet.ch\/de\/produkt\/addi-haekelnadel-ohne-griff\/","url":"https:\/\/www.swisscrochet.ch\/de\/produkt\/addi-haekelnadel-ohne-griff\/","name":"Addi - H\u00e4kelnadel ohne Griff &#171; Swiss Crochet","isPartOf":{"@id":"https:\/\/www.swisscrochet.ch\/#website"},"primaryImageOfPage":{"@id":"https:\/\/www.swisscrochet.ch\/de\/produkt\/addi-haekelnadel-ohne-griff\/#primaryimage"},"image":{"@id":"https:\/\/www.swisscrochet.ch\/de\/produkt\/addi-haekelnadel-ohne-griff\/#primaryimage"},"thumbnailUrl":"https:\/\/www.swisscrochet.ch\/wp-content\/uploads\/2025\/01\/Addi-Crochet-Hook-Overview.jpg","datePublished":"2025-01-13T19:34:32+00:00","dateModified":"2026-03-21T10:35:15+00:00","breadcrumb":{"@id":"https:\/\/www.swisscrochet.ch\/de\/produkt\/addi-haekelnadel-ohne-griff\/#breadcrumb"},"inLanguage":"de","potentialAction":[{"@type":"ReadAction","target":["https:\/\/www.swisscrochet.ch\/de\/produkt\/addi-haekelnadel-ohne-griff\/"]}]},{"@type":"ImageObject","inLanguage":"de","@id":"https:\/\/www.swisscrochet.ch\/de\/produkt\/addi-haekelnadel-ohne-griff\/#primaryimage","url":"https:\/\/www.swisscrochet.ch\/wp-content\/uploads\/2025\/01\/Addi-Crochet-Hook-Overview.jpg","contentUrl":"https:\/\/www.swisscrochet.ch\/wp-content\/uploads\/2025\/01\/Addi-Crochet-Hook-Overview.jpg","width":1000,"height":1000},{"@type":"BreadcrumbList","@id":"https:\/\/www.swisscrochet.ch\/de\/produkt\/addi-haekelnadel-ohne-griff\/#breadcrumb","itemListElement":[{"@type":"ListItem","position":1,"name":"Home","item":"https:\/\/www.swisscrochet.ch\/de\/"},{"@type":"ListItem","position":2,"name":"Shop","item":"https:\/\/www.swisscrochet.ch\/de\/shop\/"},{"@type":"ListItem","position":3,"name":"Addi &#8211; H\u00e4kelnadel ohne Griff"}]},{"@type":"WebSite","@id":"https:\/\/www.swisscrochet.ch\/#website","url":"https:\/\/www.swisscrochet.ch\/","name":"Swiss Crochet","description":"Entfalte dein kreatives Potenzial","potentialAction":[{"@type":"SearchAction","target":{"@type":"EntryPoint","urlTemplate":"https:\/\/www.swisscrochet.ch\/?s={search_term_string}"},"query-input":{"@type":"PropertyValueSpecification","valueRequired":true,"valueName":"search_term_string"}}],"inLanguage":"de"}]}},"_links":{"self":[{"href":"https:\/\/www.swisscrochet.ch\/de\/wp-json\/wp\/v2\/product\/3605","targetHints":{"allow":["GET"]}}],"collection":[{"href":"https:\/\/www.swisscrochet.ch\/de\/wp-json\/wp\/v2\/product"}],"about":[{"href":"https:\/\/www.swisscrochet.ch\/de\/wp-json\/wp\/v2\/types\/product"}],"wp:featuredmedia":[{"embeddable":true,"href":"https:\/\/www.swisscrochet.ch\/de\/wp-json\/wp\/v2\/media\/3988"}],"wp:attachment":[{"href":"https:\/\/www.swisscrochet.ch\/de\/wp-json\/wp\/v2\/media?parent=3605"}],"wp:term":[{"taxonomy":"product_brand","embeddable":true,"href":"https:\/\/www.swisscrochet.ch\/de\/wp-json\/wp\/v2\/product_brand?post=3605"},{"taxonomy":"product_cat","embeddable":true,"href":"https:\/\/www.swisscrochet.ch\/de\/wp-json\/wp\/v2\/product_cat?post=3605"},{"taxonomy":"product_tag","embeddable":true,"href":"https:\/\/www.swisscrochet.ch\/de\/wp-json\/wp\/v2\/product_tag?post=3605"}],"curies":[{"name":"wp","href":"https:\/\/api.w.org\/{rel}","templated":true}]}}