{"id":3648,"date":"2025-01-13T20:39:03","date_gmt":"2025-01-13T19:39:03","guid":{"rendered":"https:\/\/www.swisscrochet.ch\/product\/addi-tunisian-crochet-hook-double-pointed\/"},"modified":"2026-02-19T13:44:39","modified_gmt":"2026-02-19T12:44:39","slug":"addi-tunesische-haekelnadel-doppelseitig","status":"publish","type":"product","link":"https:\/\/www.swisscrochet.ch\/de\/produkt\/addi-tunesische-haekelnadel-doppelseitig\/","title":{"rendered":"Addi &#8211; Tunesische H\u00e4kelnadel &#8211; doppelseitig"},"content":{"rendered":"","protected":false},"excerpt":{"rendered":"<p>Die Addi Tunesische H\u00e4kelnadel ist ein hochwertiger [dt_tooltip title=\"konischer\"]Ein konischer H\u00e4kelnadel hat einen abgerundeten Kopf, einen Hals, der schmaler als der Schaft ist, und einen langen Schaft \u2013 besonders im Vergleich zu anderen H\u00e4kelnadelarten.[\/dt_tooltip] H\u00e4kelnadel mit einer spitzen Kopf, der f\u00fcr pr\u00e4zises und m\u00fcheloses H\u00e4keln sorgt. Hergestellt aus hochwertigem, leichtem Aluminium erm\u00f6glicht sie ein glattes, reibungsloses H\u00e4keln ohne Haken.<\/p>\n<p>Jeder Haken misst 15 cm, was ihn sowohl f\u00fcr regul\u00e4res H\u00e4keln als auch f\u00fcr das Erstellen schmaler St\u00fccke bei der Arbeit mit flachem Tunesisch H\u00e4keln geeignet macht. Zudem eignet er sich hervorragend f\u00fcr kleine Durchmesser beim H\u00e4keln in der Runde.<\/p>\n<p>Preiswert und anf\u00e4ngerfreundlich, ist die Addi Tunesische H\u00e4kelnadel eine ausgezeichnete Wahl f\u00fcr alle, die zum ersten Mal Tunesisch H\u00e4keln ausprobieren m\u00f6chten. Vielseitig und zuverl\u00e4ssig, funktioniert sie wunderbar mit allen Arten von Garn und Fasern.<\/p>\n<p><strong>Exklusiv erh\u00e4ltlich bei Swiss Crochet.<\/strong><\/p>\n","protected":false},"featured_media":4000,"template":"","meta":[],"product_brand":[],"product_cat":[556,552,220],"product_tag":[],"class_list":{"0":"post-3648","1":"product","2":"type-product","3":"status-publish","4":"has-post-thumbnail","6":"product_cat-haekelnadeln-fuer-tunesisches-haekeln","7":"product_cat-haekelnadeln-ohne-griff","8":"product_cat-hakelnadeln-und-zubehor","9":"product_shipping_class-kleinsendungen","10":"pa_t1-manufacturer-addi-de","11":"description-off","13":"first","14":"instock","15":"taxable","16":"shipping-taxable","17":"purchasable","18":"product-type-variable","19":"wvs-archive-product-wrapper"},"bundled_by":["10447","10850","10850"],"bundle_stock_status":"instock","bundle_stock_quantity":null,"bundle_virtual":false,"bundle_layout":"","bundle_add_to_cart_form_location":"","bundle_editable_in_cart":false,"bundle_sold_individually_context":"","bundle_item_grouping":"","bundle_min_size":"","bundle_max_size":"","bundle_price":[],"bundled_items":[],"bundle_sell_ids":[],"yoast_head":"<!-- This site is optimized with the Yoast SEO plugin v27.5 - https:\/\/yoast.com\/product\/yoast-seo-wordpress\/ -->\n<title>Addi - Tunesische H\u00e4kelnadel - doppelseitig &#171; Swiss Crochet<\/title>\n<meta name=\"robots\" content=\"index, follow, max-snippet:-1, max-image-preview:large, max-video-preview:-1\" \/>\n<link rel=\"canonical\" href=\"https:\/\/www.swisscrochet.ch\/produkt\/addi-tunisian-crochet-hook-double-pointed\/\" \/>\n<meta property=\"og:locale\" content=\"de_DE\" \/>\n<meta property=\"og:type\" content=\"article\" \/>\n<meta property=\"og:title\" content=\"Addi - Tunesische H\u00e4kelnadel - doppelseitig &#171; Swiss Crochet\" \/>\n<meta property=\"og:description\" content=\"Die Addi Tunesische H\u00e4kelnadel ist ein hochwertiger H\u00e4kelnadel mit einer spitzen Kopf, der f\u00fcr pr\u00e4zises und m\u00fcheloses H\u00e4keln sorgt. Hergestellt aus hochwertigem, leichtem Aluminium erm\u00f6glicht sie ein glattes, reibungsloses H\u00e4keln ohne Haken.  Jeder Haken misst 15 cm, was ihn sowohl f\u00fcr regul\u00e4res H\u00e4keln als auch f\u00fcr das Erstellen schmaler St\u00fccke bei der Arbeit mit flachem Tunesisch H\u00e4keln geeignet macht. Zudem eignet er sich hervorragend f\u00fcr kleine Durchmesser beim H\u00e4keln in der Runde.  Preiswert und anf\u00e4ngerfreundlich, ist die Addi Tunesische H\u00e4kelnadel eine ausgezeichnete Wahl f\u00fcr alle, die zum ersten Mal Tunesisch H\u00e4keln ausprobieren m\u00f6chten. Vielseitig und zuverl\u00e4ssig, funktioniert sie wunderbar mit allen Arten von Garn und Fasern.  Exklusiv erh\u00e4ltlich bei Swiss Crochet.\" \/>\n<meta property=\"og:url\" content=\"https:\/\/www.swisscrochet.ch\/produkt\/addi-tunisian-crochet-hook-double-pointed\/\" \/>\n<meta property=\"og:site_name\" content=\"Swiss Crochet\" \/>\n<meta property=\"article:modified_time\" content=\"2026-02-19T12:44:39+00:00\" \/>\n<meta property=\"og:image\" content=\"https:\/\/www.swisscrochet.ch\/wp-content\/uploads\/2025\/01\/Addi-Tunisian-Crochet-Hook-Overview.jpg\" \/>\n\t<meta property=\"og:image:width\" content=\"1000\" \/>\n\t<meta property=\"og:image:height\" content=\"1000\" \/>\n\t<meta property=\"og:image:type\" content=\"image\/jpeg\" \/>\n<meta name=\"twitter:card\" content=\"summary_large_image\" \/>\n<meta name=\"twitter:label1\" content=\"Gesch\u00e4tzte Lesezeit\" \/>\n\t<meta name=\"twitter:data1\" content=\"1\u00a0Minute\" \/>\n<script type=\"application\/ld+json\" class=\"yoast-schema-graph\">{\"@context\":\"https:\\\/\\\/schema.org\",\"@graph\":[{\"@type\":[\"WebPage\",\"ItemPage\"],\"@id\":\"https:\\\/\\\/www.swisscrochet.ch\\\/produkt\\\/addi-tunisian-crochet-hook-double-pointed\\\/\",\"url\":\"https:\\\/\\\/www.swisscrochet.ch\\\/produkt\\\/addi-tunisian-crochet-hook-double-pointed\\\/\",\"name\":\"Addi - Tunesische H\u00e4kelnadel - doppelseitig &#171; Swiss Crochet\",\"isPartOf\":{\"@id\":\"https:\\\/\\\/www.swisscrochet.ch\\\/#website\"},\"primaryImageOfPage\":{\"@id\":\"https:\\\/\\\/www.swisscrochet.ch\\\/produkt\\\/addi-tunisian-crochet-hook-double-pointed\\\/#primaryimage\"},\"image\":{\"@id\":\"https:\\\/\\\/www.swisscrochet.ch\\\/produkt\\\/addi-tunisian-crochet-hook-double-pointed\\\/#primaryimage\"},\"thumbnailUrl\":\"https:\\\/\\\/www.swisscrochet.ch\\\/wp-content\\\/uploads\\\/2025\\\/01\\\/Addi-Tunisian-Crochet-Hook-Overview.jpg\",\"datePublished\":\"2025-01-13T19:39:03+00:00\",\"dateModified\":\"2026-02-19T12:44:39+00:00\",\"breadcrumb\":{\"@id\":\"https:\\\/\\\/www.swisscrochet.ch\\\/produkt\\\/addi-tunisian-crochet-hook-double-pointed\\\/#breadcrumb\"},\"inLanguage\":\"de\",\"potentialAction\":[{\"@type\":\"ReadAction\",\"target\":[\"https:\\\/\\\/www.swisscrochet.ch\\\/produkt\\\/addi-tunisian-crochet-hook-double-pointed\\\/\"]}]},{\"@type\":\"ImageObject\",\"inLanguage\":\"de\",\"@id\":\"https:\\\/\\\/www.swisscrochet.ch\\\/produkt\\\/addi-tunisian-crochet-hook-double-pointed\\\/#primaryimage\",\"url\":\"https:\\\/\\\/www.swisscrochet.ch\\\/wp-content\\\/uploads\\\/2025\\\/01\\\/Addi-Tunisian-Crochet-Hook-Overview.jpg\",\"contentUrl\":\"https:\\\/\\\/www.swisscrochet.ch\\\/wp-content\\\/uploads\\\/2025\\\/01\\\/Addi-Tunisian-Crochet-Hook-Overview.jpg\",\"width\":1000,\"height\":1000},{\"@type\":\"BreadcrumbList\",\"@id\":\"https:\\\/\\\/www.swisscrochet.ch\\\/produkt\\\/addi-tunisian-crochet-hook-double-pointed\\\/#breadcrumb\",\"itemListElement\":[{\"@type\":\"ListItem\",\"position\":1,\"name\":\"Home\",\"item\":\"https:\\\/\\\/www.swisscrochet.ch\\\/de\\\/\"},{\"@type\":\"ListItem\",\"position\":2,\"name\":\"Shop\",\"item\":\"https:\\\/\\\/www.swisscrochet.ch\\\/de\\\/shop\\\/\"},{\"@type\":\"ListItem\",\"position\":3,\"name\":\"Addi &#8211; Tunesische H\u00e4kelnadel &#8211; doppelseitig\"}]},{\"@type\":\"WebSite\",\"@id\":\"https:\\\/\\\/www.swisscrochet.ch\\\/#website\",\"url\":\"https:\\\/\\\/www.swisscrochet.ch\\\/\",\"name\":\"Swiss Crochet\",\"description\":\"Entfalte dein kreatives Potenzial\",\"potentialAction\":[{\"@type\":\"SearchAction\",\"target\":{\"@type\":\"EntryPoint\",\"urlTemplate\":\"https:\\\/\\\/www.swisscrochet.ch\\\/?s={search_term_string}\"},\"query-input\":{\"@type\":\"PropertyValueSpecification\",\"valueRequired\":true,\"valueName\":\"search_term_string\"}}],\"inLanguage\":\"de\"}]}<\/script>\n<!-- \/ Yoast SEO plugin. -->","yoast_head_json":{"title":"Addi - Tunesische H\u00e4kelnadel - doppelseitig &#171; Swiss Crochet","robots":{"index":"index","follow":"follow","max-snippet":"max-snippet:-1","max-image-preview":"max-image-preview:large","max-video-preview":"max-video-preview:-1"},"canonical":"https:\/\/www.swisscrochet.ch\/produkt\/addi-tunisian-crochet-hook-double-pointed\/","og_locale":"de_DE","og_type":"article","og_title":"Addi - Tunesische H\u00e4kelnadel - doppelseitig &#171; Swiss Crochet","og_description":"Die Addi Tunesische H\u00e4kelnadel ist ein hochwertiger H\u00e4kelnadel mit einer spitzen Kopf, der f\u00fcr pr\u00e4zises und m\u00fcheloses H\u00e4keln sorgt. Hergestellt aus hochwertigem, leichtem Aluminium erm\u00f6glicht sie ein glattes, reibungsloses H\u00e4keln ohne Haken.  Jeder Haken misst 15 cm, was ihn sowohl f\u00fcr regul\u00e4res H\u00e4keln als auch f\u00fcr das Erstellen schmaler St\u00fccke bei der Arbeit mit flachem Tunesisch H\u00e4keln geeignet macht. Zudem eignet er sich hervorragend f\u00fcr kleine Durchmesser beim H\u00e4keln in der Runde.  Preiswert und anf\u00e4ngerfreundlich, ist die Addi Tunesische H\u00e4kelnadel eine ausgezeichnete Wahl f\u00fcr alle, die zum ersten Mal Tunesisch H\u00e4keln ausprobieren m\u00f6chten. Vielseitig und zuverl\u00e4ssig, funktioniert sie wunderbar mit allen Arten von Garn und Fasern.  Exklusiv erh\u00e4ltlich bei Swiss Crochet.","og_url":"https:\/\/www.swisscrochet.ch\/produkt\/addi-tunisian-crochet-hook-double-pointed\/","og_site_name":"Swiss Crochet","article_modified_time":"2026-02-19T12:44:39+00:00","og_image":[{"width":1000,"height":1000,"url":"https:\/\/www.swisscrochet.ch\/wp-content\/uploads\/2025\/01\/Addi-Tunisian-Crochet-Hook-Overview.jpg","type":"image\/jpeg"}],"twitter_card":"summary_large_image","twitter_misc":{"Gesch\u00e4tzte Lesezeit":"1\u00a0Minute"},"schema":{"@context":"https:\/\/schema.org","@graph":[{"@type":["WebPage","ItemPage"],"@id":"https:\/\/www.swisscrochet.ch\/produkt\/addi-tunisian-crochet-hook-double-pointed\/","url":"https:\/\/www.swisscrochet.ch\/produkt\/addi-tunisian-crochet-hook-double-pointed\/","name":"Addi - Tunesische H\u00e4kelnadel - doppelseitig &#171; Swiss Crochet","isPartOf":{"@id":"https:\/\/www.swisscrochet.ch\/#website"},"primaryImageOfPage":{"@id":"https:\/\/www.swisscrochet.ch\/produkt\/addi-tunisian-crochet-hook-double-pointed\/#primaryimage"},"image":{"@id":"https:\/\/www.swisscrochet.ch\/produkt\/addi-tunisian-crochet-hook-double-pointed\/#primaryimage"},"thumbnailUrl":"https:\/\/www.swisscrochet.ch\/wp-content\/uploads\/2025\/01\/Addi-Tunisian-Crochet-Hook-Overview.jpg","datePublished":"2025-01-13T19:39:03+00:00","dateModified":"2026-02-19T12:44:39+00:00","breadcrumb":{"@id":"https:\/\/www.swisscrochet.ch\/produkt\/addi-tunisian-crochet-hook-double-pointed\/#breadcrumb"},"inLanguage":"de","potentialAction":[{"@type":"ReadAction","target":["https:\/\/www.swisscrochet.ch\/produkt\/addi-tunisian-crochet-hook-double-pointed\/"]}]},{"@type":"ImageObject","inLanguage":"de","@id":"https:\/\/www.swisscrochet.ch\/produkt\/addi-tunisian-crochet-hook-double-pointed\/#primaryimage","url":"https:\/\/www.swisscrochet.ch\/wp-content\/uploads\/2025\/01\/Addi-Tunisian-Crochet-Hook-Overview.jpg","contentUrl":"https:\/\/www.swisscrochet.ch\/wp-content\/uploads\/2025\/01\/Addi-Tunisian-Crochet-Hook-Overview.jpg","width":1000,"height":1000},{"@type":"BreadcrumbList","@id":"https:\/\/www.swisscrochet.ch\/produkt\/addi-tunisian-crochet-hook-double-pointed\/#breadcrumb","itemListElement":[{"@type":"ListItem","position":1,"name":"Home","item":"https:\/\/www.swisscrochet.ch\/de\/"},{"@type":"ListItem","position":2,"name":"Shop","item":"https:\/\/www.swisscrochet.ch\/de\/shop\/"},{"@type":"ListItem","position":3,"name":"Addi &#8211; Tunesische H\u00e4kelnadel &#8211; doppelseitig"}]},{"@type":"WebSite","@id":"https:\/\/www.swisscrochet.ch\/#website","url":"https:\/\/www.swisscrochet.ch\/","name":"Swiss Crochet","description":"Entfalte dein kreatives Potenzial","potentialAction":[{"@type":"SearchAction","target":{"@type":"EntryPoint","urlTemplate":"https:\/\/www.swisscrochet.ch\/?s={search_term_string}"},"query-input":{"@type":"PropertyValueSpecification","valueRequired":true,"valueName":"search_term_string"}}],"inLanguage":"de"}]}},"_links":{"self":[{"href":"https:\/\/www.swisscrochet.ch\/de\/wp-json\/wp\/v2\/product\/3648","targetHints":{"allow":["GET"]}}],"collection":[{"href":"https:\/\/www.swisscrochet.ch\/de\/wp-json\/wp\/v2\/product"}],"about":[{"href":"https:\/\/www.swisscrochet.ch\/de\/wp-json\/wp\/v2\/types\/product"}],"wp:featuredmedia":[{"embeddable":true,"href":"https:\/\/www.swisscrochet.ch\/de\/wp-json\/wp\/v2\/media\/4000"}],"wp:attachment":[{"href":"https:\/\/www.swisscrochet.ch\/de\/wp-json\/wp\/v2\/media?parent=3648"}],"wp:term":[{"taxonomy":"product_brand","embeddable":true,"href":"https:\/\/www.swisscrochet.ch\/de\/wp-json\/wp\/v2\/product_brand?post=3648"},{"taxonomy":"product_cat","embeddable":true,"href":"https:\/\/www.swisscrochet.ch\/de\/wp-json\/wp\/v2\/product_cat?post=3648"},{"taxonomy":"product_tag","embeddable":true,"href":"https:\/\/www.swisscrochet.ch\/de\/wp-json\/wp\/v2\/product_tag?post=3648"}],"curies":[{"name":"wp","href":"https:\/\/api.w.org\/{rel}","templated":true}]}}