{"id":3681,"date":"2025-01-13T20:59:59","date_gmt":"2025-01-13T19:59:59","guid":{"rendered":"https:\/\/www.swisscrochet.ch\/product\/clover-steel-crochet-hook-with-handle\/"},"modified":"2025-12-17T10:58:08","modified_gmt":"2025-12-17T09:58:08","slug":"clover-haekelnadel-aus-stahl-mit-griff","status":"publish","type":"product","link":"https:\/\/www.swisscrochet.ch\/de\/produkt\/clover-haekelnadel-aus-stahl-mit-griff\/","title":{"rendered":"Clover &#8211; H\u00e4kelnadel aus Stahl mit Griff"},"content":{"rendered":"","protected":false},"excerpt":{"rendered":"<p>Der Clover Stahl-H\u00e4kelnadel ist ein hochwertiger [dt_tooltip title=\"konischer\"]Ein konischer H\u00e4kelnadel hat einen abgerundeten Kopf, einen Hals, der schmaler als der Schaft ist, und einen langen Schaft \u2013 besonders im Vergleich zu anderen H\u00e4kelnadelarten.[\/dt_tooltip] H\u00e4kelnadel mit einer spitzen Kopf, der f\u00fcr pr\u00e4zises und m\u00fcheloses H\u00e4keln sorgt. Hergestellt aus starkem, haltbarem Stahl erm\u00f6glicht er ein glattes, reibungsloses H\u00e4keln ohne Haken.<\/p>\n<p>Entwickelt f\u00fcr Komfort und Praktikabilit\u00e4t, verf\u00fcgt dieser H\u00e4kelnadel \u00fcber einen Griff aus hartem Kunststoff mit einem Daumenrest f\u00fcr sicheren Halt. Ausserdem ist er mit einer Metallkappe ausgestattet, die die Spitze sch\u00fctzt und verhindert, dass sie durch Stoffe sticht oder Maschen verf\u00e4ngt.<\/p>\n<p>Erh\u00e4ltlich in den Gr\u00f6ssen 0.50 mm bis 1.75 mm, ist der Clover Stahl-H\u00e4kelnadel perfekt f\u00fcr die Arbeit mit sehr d\u00fcnnen Garnen wie H\u00e4kelgarn, Spinnweben- und Spitzen-Garnen. Er ist auch ein ausgezeichnetes Werkzeug f\u00fcr die trendige Kunst des Mikroh\u00e4kelns!<\/p>\n<p>Preiswert und anf\u00e4ngerfreundlich, ist dieser H\u00e4kelnadel eine grossartige Wahl f\u00fcr alle, die zum ersten Mal feines H\u00e4keln ausprobieren m\u00f6chten.<\/p>\n<p><strong>Exklusiv erh\u00e4ltlich bei Swiss Crochet.<\/strong><\/p>\n","protected":false},"featured_media":4020,"template":"","meta":[],"product_brand":[],"product_cat":[551,220],"product_tag":[],"class_list":{"0":"post-3681","1":"product","2":"type-product","3":"status-publish","4":"has-post-thumbnail","6":"product_cat-haekelnadeln-mit-griff","7":"product_cat-hakelnadeln-und-zubehor","8":"product_shipping_class-kleinsendungen","9":"pa_t1-manufacturer-clover-de","10":"description-off","12":"first","13":"instock","14":"taxable","15":"shipping-taxable","16":"purchasable","17":"product-type-variable","18":"wvs-archive-product-wrapper"},"bundled_by":[],"bundle_stock_status":"instock","bundle_stock_quantity":null,"bundle_virtual":false,"bundle_layout":"","bundle_add_to_cart_form_location":"","bundle_editable_in_cart":false,"bundle_sold_individually_context":"","bundle_item_grouping":"","bundle_min_size":"","bundle_max_size":"","bundle_price":[],"bundled_items":[],"bundle_sell_ids":[],"yoast_head":"<!-- This site is optimized with the Yoast SEO plugin v27.5 - https:\/\/yoast.com\/product\/yoast-seo-wordpress\/ -->\n<title>Clover - H\u00e4kelnadel aus Stahl mit Griff &#171; Swiss Crochet<\/title>\n<meta name=\"description\" content=\"Clover H\u00e4kelnadel aus Stahl - Hochwertiger H\u00e4kelnadel aus Stahl mit pr\u00e4ziser Spitze, bequemem Griff und sch\u00fctzendem Kappen. Ideal f\u00fcr Mikroh\u00e4keln-Projekte!\" \/>\n<meta name=\"robots\" content=\"index, follow, max-snippet:-1, max-image-preview:large, max-video-preview:-1\" \/>\n<link rel=\"canonical\" href=\"https:\/\/www.swisscrochet.ch\/produkt\/clover-steel-crochet-hook-with-handle\/\" \/>\n<meta property=\"og:locale\" content=\"de_DE\" \/>\n<meta property=\"og:type\" content=\"article\" \/>\n<meta property=\"og:title\" content=\"Clover - H\u00e4kelnadel aus Stahl mit Griff &#171; Swiss Crochet\" \/>\n<meta property=\"og:description\" content=\"Clover H\u00e4kelnadel aus Stahl - Hochwertiger H\u00e4kelnadel aus Stahl mit pr\u00e4ziser Spitze, bequemem Griff und sch\u00fctzendem Kappen. Ideal f\u00fcr Mikroh\u00e4keln-Projekte!\" \/>\n<meta property=\"og:url\" content=\"https:\/\/www.swisscrochet.ch\/produkt\/clover-steel-crochet-hook-with-handle\/\" \/>\n<meta property=\"og:site_name\" content=\"Swiss Crochet\" \/>\n<meta property=\"article:modified_time\" content=\"2025-12-17T09:58:08+00:00\" \/>\n<meta property=\"og:image\" content=\"https:\/\/www.swisscrochet.ch\/wp-content\/uploads\/2025\/01\/Clover-Steel-Crochet-Hook-Overview.jpg\" \/>\n\t<meta property=\"og:image:width\" content=\"1000\" \/>\n\t<meta property=\"og:image:height\" content=\"1000\" \/>\n\t<meta property=\"og:image:type\" content=\"image\/jpeg\" \/>\n<meta name=\"twitter:card\" content=\"summary_large_image\" \/>\n<meta name=\"twitter:label1\" content=\"Gesch\u00e4tzte Lesezeit\" \/>\n\t<meta name=\"twitter:data1\" content=\"1\u00a0Minute\" \/>\n<script type=\"application\/ld+json\" class=\"yoast-schema-graph\">{\"@context\":\"https:\\\/\\\/schema.org\",\"@graph\":[{\"@type\":[\"WebPage\",\"ItemPage\"],\"@id\":\"https:\\\/\\\/www.swisscrochet.ch\\\/produkt\\\/clover-steel-crochet-hook-with-handle\\\/\",\"url\":\"https:\\\/\\\/www.swisscrochet.ch\\\/produkt\\\/clover-steel-crochet-hook-with-handle\\\/\",\"name\":\"Clover - H\u00e4kelnadel aus Stahl mit Griff &#171; Swiss Crochet\",\"isPartOf\":{\"@id\":\"https:\\\/\\\/www.swisscrochet.ch\\\/#website\"},\"primaryImageOfPage\":{\"@id\":\"https:\\\/\\\/www.swisscrochet.ch\\\/produkt\\\/clover-steel-crochet-hook-with-handle\\\/#primaryimage\"},\"image\":{\"@id\":\"https:\\\/\\\/www.swisscrochet.ch\\\/produkt\\\/clover-steel-crochet-hook-with-handle\\\/#primaryimage\"},\"thumbnailUrl\":\"https:\\\/\\\/www.swisscrochet.ch\\\/wp-content\\\/uploads\\\/2025\\\/01\\\/Clover-Steel-Crochet-Hook-Overview.jpg\",\"datePublished\":\"2025-01-13T19:59:59+00:00\",\"dateModified\":\"2025-12-17T09:58:08+00:00\",\"description\":\"Clover H\u00e4kelnadel aus Stahl - Hochwertiger H\u00e4kelnadel aus Stahl mit pr\u00e4ziser Spitze, bequemem Griff und sch\u00fctzendem Kappen. Ideal f\u00fcr Mikroh\u00e4keln-Projekte!\",\"breadcrumb\":{\"@id\":\"https:\\\/\\\/www.swisscrochet.ch\\\/produkt\\\/clover-steel-crochet-hook-with-handle\\\/#breadcrumb\"},\"inLanguage\":\"de\",\"potentialAction\":[{\"@type\":\"ReadAction\",\"target\":[\"https:\\\/\\\/www.swisscrochet.ch\\\/produkt\\\/clover-steel-crochet-hook-with-handle\\\/\"]}]},{\"@type\":\"ImageObject\",\"inLanguage\":\"de\",\"@id\":\"https:\\\/\\\/www.swisscrochet.ch\\\/produkt\\\/clover-steel-crochet-hook-with-handle\\\/#primaryimage\",\"url\":\"https:\\\/\\\/www.swisscrochet.ch\\\/wp-content\\\/uploads\\\/2025\\\/01\\\/Clover-Steel-Crochet-Hook-Overview.jpg\",\"contentUrl\":\"https:\\\/\\\/www.swisscrochet.ch\\\/wp-content\\\/uploads\\\/2025\\\/01\\\/Clover-Steel-Crochet-Hook-Overview.jpg\",\"width\":1000,\"height\":1000},{\"@type\":\"BreadcrumbList\",\"@id\":\"https:\\\/\\\/www.swisscrochet.ch\\\/produkt\\\/clover-steel-crochet-hook-with-handle\\\/#breadcrumb\",\"itemListElement\":[{\"@type\":\"ListItem\",\"position\":1,\"name\":\"Home\",\"item\":\"https:\\\/\\\/www.swisscrochet.ch\\\/de\\\/\"},{\"@type\":\"ListItem\",\"position\":2,\"name\":\"Shop\",\"item\":\"https:\\\/\\\/www.swisscrochet.ch\\\/de\\\/shop\\\/\"},{\"@type\":\"ListItem\",\"position\":3,\"name\":\"Clover &#8211; H\u00e4kelnadel aus Stahl mit Griff\"}]},{\"@type\":\"WebSite\",\"@id\":\"https:\\\/\\\/www.swisscrochet.ch\\\/#website\",\"url\":\"https:\\\/\\\/www.swisscrochet.ch\\\/\",\"name\":\"Swiss Crochet\",\"description\":\"Entfalte dein kreatives Potenzial\",\"potentialAction\":[{\"@type\":\"SearchAction\",\"target\":{\"@type\":\"EntryPoint\",\"urlTemplate\":\"https:\\\/\\\/www.swisscrochet.ch\\\/?s={search_term_string}\"},\"query-input\":{\"@type\":\"PropertyValueSpecification\",\"valueRequired\":true,\"valueName\":\"search_term_string\"}}],\"inLanguage\":\"de\"}]}<\/script>\n<!-- \/ Yoast SEO plugin. -->","yoast_head_json":{"title":"Clover - H\u00e4kelnadel aus Stahl mit Griff &#171; Swiss Crochet","description":"Clover H\u00e4kelnadel aus Stahl - Hochwertiger H\u00e4kelnadel aus Stahl mit pr\u00e4ziser Spitze, bequemem Griff und sch\u00fctzendem Kappen. Ideal f\u00fcr Mikroh\u00e4keln-Projekte!","robots":{"index":"index","follow":"follow","max-snippet":"max-snippet:-1","max-image-preview":"max-image-preview:large","max-video-preview":"max-video-preview:-1"},"canonical":"https:\/\/www.swisscrochet.ch\/produkt\/clover-steel-crochet-hook-with-handle\/","og_locale":"de_DE","og_type":"article","og_title":"Clover - H\u00e4kelnadel aus Stahl mit Griff &#171; Swiss Crochet","og_description":"Clover H\u00e4kelnadel aus Stahl - Hochwertiger H\u00e4kelnadel aus Stahl mit pr\u00e4ziser Spitze, bequemem Griff und sch\u00fctzendem Kappen. Ideal f\u00fcr Mikroh\u00e4keln-Projekte!","og_url":"https:\/\/www.swisscrochet.ch\/produkt\/clover-steel-crochet-hook-with-handle\/","og_site_name":"Swiss Crochet","article_modified_time":"2025-12-17T09:58:08+00:00","og_image":[{"width":1000,"height":1000,"url":"https:\/\/www.swisscrochet.ch\/wp-content\/uploads\/2025\/01\/Clover-Steel-Crochet-Hook-Overview.jpg","type":"image\/jpeg"}],"twitter_card":"summary_large_image","twitter_misc":{"Gesch\u00e4tzte Lesezeit":"1\u00a0Minute"},"schema":{"@context":"https:\/\/schema.org","@graph":[{"@type":["WebPage","ItemPage"],"@id":"https:\/\/www.swisscrochet.ch\/produkt\/clover-steel-crochet-hook-with-handle\/","url":"https:\/\/www.swisscrochet.ch\/produkt\/clover-steel-crochet-hook-with-handle\/","name":"Clover - H\u00e4kelnadel aus Stahl mit Griff &#171; Swiss Crochet","isPartOf":{"@id":"https:\/\/www.swisscrochet.ch\/#website"},"primaryImageOfPage":{"@id":"https:\/\/www.swisscrochet.ch\/produkt\/clover-steel-crochet-hook-with-handle\/#primaryimage"},"image":{"@id":"https:\/\/www.swisscrochet.ch\/produkt\/clover-steel-crochet-hook-with-handle\/#primaryimage"},"thumbnailUrl":"https:\/\/www.swisscrochet.ch\/wp-content\/uploads\/2025\/01\/Clover-Steel-Crochet-Hook-Overview.jpg","datePublished":"2025-01-13T19:59:59+00:00","dateModified":"2025-12-17T09:58:08+00:00","description":"Clover H\u00e4kelnadel aus Stahl - Hochwertiger H\u00e4kelnadel aus Stahl mit pr\u00e4ziser Spitze, bequemem Griff und sch\u00fctzendem Kappen. Ideal f\u00fcr Mikroh\u00e4keln-Projekte!","breadcrumb":{"@id":"https:\/\/www.swisscrochet.ch\/produkt\/clover-steel-crochet-hook-with-handle\/#breadcrumb"},"inLanguage":"de","potentialAction":[{"@type":"ReadAction","target":["https:\/\/www.swisscrochet.ch\/produkt\/clover-steel-crochet-hook-with-handle\/"]}]},{"@type":"ImageObject","inLanguage":"de","@id":"https:\/\/www.swisscrochet.ch\/produkt\/clover-steel-crochet-hook-with-handle\/#primaryimage","url":"https:\/\/www.swisscrochet.ch\/wp-content\/uploads\/2025\/01\/Clover-Steel-Crochet-Hook-Overview.jpg","contentUrl":"https:\/\/www.swisscrochet.ch\/wp-content\/uploads\/2025\/01\/Clover-Steel-Crochet-Hook-Overview.jpg","width":1000,"height":1000},{"@type":"BreadcrumbList","@id":"https:\/\/www.swisscrochet.ch\/produkt\/clover-steel-crochet-hook-with-handle\/#breadcrumb","itemListElement":[{"@type":"ListItem","position":1,"name":"Home","item":"https:\/\/www.swisscrochet.ch\/de\/"},{"@type":"ListItem","position":2,"name":"Shop","item":"https:\/\/www.swisscrochet.ch\/de\/shop\/"},{"@type":"ListItem","position":3,"name":"Clover &#8211; H\u00e4kelnadel aus Stahl mit Griff"}]},{"@type":"WebSite","@id":"https:\/\/www.swisscrochet.ch\/#website","url":"https:\/\/www.swisscrochet.ch\/","name":"Swiss Crochet","description":"Entfalte dein kreatives Potenzial","potentialAction":[{"@type":"SearchAction","target":{"@type":"EntryPoint","urlTemplate":"https:\/\/www.swisscrochet.ch\/?s={search_term_string}"},"query-input":{"@type":"PropertyValueSpecification","valueRequired":true,"valueName":"search_term_string"}}],"inLanguage":"de"}]}},"_links":{"self":[{"href":"https:\/\/www.swisscrochet.ch\/de\/wp-json\/wp\/v2\/product\/3681","targetHints":{"allow":["GET"]}}],"collection":[{"href":"https:\/\/www.swisscrochet.ch\/de\/wp-json\/wp\/v2\/product"}],"about":[{"href":"https:\/\/www.swisscrochet.ch\/de\/wp-json\/wp\/v2\/types\/product"}],"wp:featuredmedia":[{"embeddable":true,"href":"https:\/\/www.swisscrochet.ch\/de\/wp-json\/wp\/v2\/media\/4020"}],"wp:attachment":[{"href":"https:\/\/www.swisscrochet.ch\/de\/wp-json\/wp\/v2\/media?parent=3681"}],"wp:term":[{"taxonomy":"product_brand","embeddable":true,"href":"https:\/\/www.swisscrochet.ch\/de\/wp-json\/wp\/v2\/product_brand?post=3681"},{"taxonomy":"product_cat","embeddable":true,"href":"https:\/\/www.swisscrochet.ch\/de\/wp-json\/wp\/v2\/product_cat?post=3681"},{"taxonomy":"product_tag","embeddable":true,"href":"https:\/\/www.swisscrochet.ch\/de\/wp-json\/wp\/v2\/product_tag?post=3681"}],"curies":[{"name":"wp","href":"https:\/\/api.w.org\/{rel}","templated":true}]}}