{"id":3713,"date":"2025-01-20T15:07:11","date_gmt":"2025-01-20T14:07:11","guid":{"rendered":"https:\/\/www.swisscrochet.ch\/product\/namaste-backpack\/"},"modified":"2025-01-29T20:47:39","modified_gmt":"2025-01-29T19:47:39","slug":"namaste-rucksack","status":"publish","type":"product","link":"https:\/\/www.swisscrochet.ch\/de\/produkt\/namaste-rucksack\/","title":{"rendered":"Namaste &#8211; Rucksack"},"content":{"rendered":"","protected":false},"excerpt":{"rendered":"<p>Der achtsam gestaltete Namaste Maker&#8217;s Rucksack wurde mit Blick auf reisefreudige Handarbeiter*innen entworfen. Hergestellt aus veganem Leder (PVC-freies Polyurethan), ist diese bewusst produzierte Tasche ein Muss. Sie \u00fcberzeugt mit innovativen Funktionen, die speziell f\u00fcr unterwegs kreierende Menschen praktisch sind.<\/p>\n<p>Merkmale:<\/p>\n<ul>\n<li>Platz f\u00fcr Laptop und Tablet<\/li>\n<li>Stauraum f\u00fcr mehrere H\u00e4kelprojekte<\/li>\n<li>Mehrere Taschen f\u00fcr Garn, Notizb\u00fccher und Werkzeuge<\/li>\n<li>Garnzuf\u00fchrung, N\u00e4hnadel und ein Mini-Punktjournal<\/li>\n<li>Schl\u00fcsselband, das auch als Massband dient<\/li>\n<li>Ein dekorativer Quastenanh\u00e4nger mit einem Notfall-Lotus-Maschenmarkierer<\/li>\n<li>Ein Staubbeutel, der auch als Projektbeutel verwendet werden kann<\/li>\n<\/ul>\n<p>Mit dem Namaste Backpack kannst du problemlos h\u00e4keln, w\u00e4hrend du reist oder pendelst, und dabei all deine Sachen sicher verstauen.<\/p>\n<p>Jeder Rucksack misst 43.2 x 40.6 x 15.2 cm.<\/p>\n","protected":false},"featured_media":3874,"template":"","meta":[],"product_brand":[],"product_cat":[232,579,220],"product_tag":[],"class_list":{"0":"post-3713","1":"product","2":"type-product","3":"status-publish","4":"has-post-thumbnail","6":"product_cat-abverkauf","7":"product_cat-etuis-taschen","8":"product_cat-hakelnadeln-und-zubehor","9":"description-off","11":"first","12":"instock","13":"sale","14":"taxable","15":"shipping-taxable","16":"purchasable","17":"product-type-variable","18":"wvs-archive-product-wrapper"},"bundled_by":[],"bundle_stock_status":"instock","bundle_stock_quantity":null,"bundle_virtual":false,"bundle_layout":"","bundle_add_to_cart_form_location":"","bundle_editable_in_cart":false,"bundle_sold_individually_context":"","bundle_item_grouping":"","bundle_min_size":"","bundle_max_size":"","bundle_price":[],"bundled_items":[],"bundle_sell_ids":[],"yoast_head":"<!-- This site is optimized with the Yoast SEO plugin v27.5 - https:\/\/yoast.com\/product\/yoast-seo-wordpress\/ -->\n<title>Namaste - Rucksack &#171; Swiss Crochet<\/title>\n<meta name=\"robots\" content=\"index, follow, max-snippet:-1, max-image-preview:large, max-video-preview:-1\" \/>\n<link rel=\"canonical\" href=\"https:\/\/www.swisscrochet.ch\/produkt\/namaste-backpack\/\" \/>\n<meta property=\"og:locale\" content=\"de_DE\" \/>\n<meta property=\"og:type\" content=\"article\" \/>\n<meta property=\"og:title\" content=\"Namaste - Rucksack &#171; Swiss Crochet\" \/>\n<meta property=\"og:description\" content=\"Der achtsam gestaltete Namaste Maker&#039;s Rucksack wurde mit Blick auf reisefreudige Handarbeiter*innen entworfen. Hergestellt aus veganem Leder (PVC-freies Polyurethan), ist diese bewusst produzierte Tasche ein Muss. Sie \u00fcberzeugt mit innovativen Funktionen, die speziell f\u00fcr unterwegs kreierende Menschen praktisch sind.  Merkmale:   Platz f\u00fcr Laptop und Tablet  Stauraum f\u00fcr mehrere H\u00e4kelprojekte  Mehrere Taschen f\u00fcr Garn, Notizb\u00fccher und Werkzeuge  Garnzuf\u00fchrung, N\u00e4hnadel und ein Mini-Punktjournal  Schl\u00fcsselband, das auch als Massband dient  Ein dekorativer Quastenanh\u00e4nger mit einem Notfall-Lotus-Maschenmarkierer  Ein Staubbeutel, der auch als Projektbeutel verwendet werden kann  Mit dem Namaste Backpack kannst du problemlos h\u00e4keln, w\u00e4hrend du reist oder pendelst, und dabei all deine Sachen sicher verstauen.  Jeder Rucksack misst 43.2 x 40.6 x 15.2 cm.\" \/>\n<meta property=\"og:url\" content=\"https:\/\/www.swisscrochet.ch\/produkt\/namaste-backpack\/\" \/>\n<meta property=\"og:site_name\" content=\"Swiss Crochet\" \/>\n<meta property=\"article:modified_time\" content=\"2025-01-29T19:47:39+00:00\" \/>\n<meta property=\"og:image\" content=\"https:\/\/www.swisscrochet.ch\/wp-content\/uploads\/2025\/01\/Namaste-Backpack-Overview.jpg\" \/>\n\t<meta property=\"og:image:width\" content=\"1000\" \/>\n\t<meta property=\"og:image:height\" content=\"1000\" \/>\n\t<meta property=\"og:image:type\" content=\"image\/jpeg\" \/>\n<meta name=\"twitter:card\" content=\"summary_large_image\" \/>\n<script type=\"application\/ld+json\" class=\"yoast-schema-graph\">{\"@context\":\"https:\\\/\\\/schema.org\",\"@graph\":[{\"@type\":[\"WebPage\",\"ItemPage\"],\"@id\":\"https:\\\/\\\/www.swisscrochet.ch\\\/produkt\\\/namaste-backpack\\\/\",\"url\":\"https:\\\/\\\/www.swisscrochet.ch\\\/produkt\\\/namaste-backpack\\\/\",\"name\":\"Namaste - Rucksack &#171; Swiss Crochet\",\"isPartOf\":{\"@id\":\"https:\\\/\\\/www.swisscrochet.ch\\\/#website\"},\"primaryImageOfPage\":{\"@id\":\"https:\\\/\\\/www.swisscrochet.ch\\\/produkt\\\/namaste-backpack\\\/#primaryimage\"},\"image\":{\"@id\":\"https:\\\/\\\/www.swisscrochet.ch\\\/produkt\\\/namaste-backpack\\\/#primaryimage\"},\"thumbnailUrl\":\"https:\\\/\\\/www.swisscrochet.ch\\\/wp-content\\\/uploads\\\/2025\\\/01\\\/Namaste-Backpack-Overview.jpg\",\"datePublished\":\"2025-01-20T14:07:11+00:00\",\"dateModified\":\"2025-01-29T19:47:39+00:00\",\"breadcrumb\":{\"@id\":\"https:\\\/\\\/www.swisscrochet.ch\\\/produkt\\\/namaste-backpack\\\/#breadcrumb\"},\"inLanguage\":\"de\",\"potentialAction\":[{\"@type\":\"ReadAction\",\"target\":[\"https:\\\/\\\/www.swisscrochet.ch\\\/produkt\\\/namaste-backpack\\\/\"]}]},{\"@type\":\"ImageObject\",\"inLanguage\":\"de\",\"@id\":\"https:\\\/\\\/www.swisscrochet.ch\\\/produkt\\\/namaste-backpack\\\/#primaryimage\",\"url\":\"https:\\\/\\\/www.swisscrochet.ch\\\/wp-content\\\/uploads\\\/2025\\\/01\\\/Namaste-Backpack-Overview.jpg\",\"contentUrl\":\"https:\\\/\\\/www.swisscrochet.ch\\\/wp-content\\\/uploads\\\/2025\\\/01\\\/Namaste-Backpack-Overview.jpg\",\"width\":1000,\"height\":1000},{\"@type\":\"BreadcrumbList\",\"@id\":\"https:\\\/\\\/www.swisscrochet.ch\\\/produkt\\\/namaste-backpack\\\/#breadcrumb\",\"itemListElement\":[{\"@type\":\"ListItem\",\"position\":1,\"name\":\"Home\",\"item\":\"https:\\\/\\\/www.swisscrochet.ch\\\/de\\\/\"},{\"@type\":\"ListItem\",\"position\":2,\"name\":\"Shop\",\"item\":\"https:\\\/\\\/www.swisscrochet.ch\\\/de\\\/shop\\\/\"},{\"@type\":\"ListItem\",\"position\":3,\"name\":\"Namaste &#8211; Rucksack\"}]},{\"@type\":\"WebSite\",\"@id\":\"https:\\\/\\\/www.swisscrochet.ch\\\/#website\",\"url\":\"https:\\\/\\\/www.swisscrochet.ch\\\/\",\"name\":\"Swiss Crochet\",\"description\":\"Entfalte dein kreatives Potenzial\",\"potentialAction\":[{\"@type\":\"SearchAction\",\"target\":{\"@type\":\"EntryPoint\",\"urlTemplate\":\"https:\\\/\\\/www.swisscrochet.ch\\\/?s={search_term_string}\"},\"query-input\":{\"@type\":\"PropertyValueSpecification\",\"valueRequired\":true,\"valueName\":\"search_term_string\"}}],\"inLanguage\":\"de\"}]}<\/script>\n<!-- \/ Yoast SEO plugin. -->","yoast_head_json":{"title":"Namaste - Rucksack &#171; Swiss Crochet","robots":{"index":"index","follow":"follow","max-snippet":"max-snippet:-1","max-image-preview":"max-image-preview:large","max-video-preview":"max-video-preview:-1"},"canonical":"https:\/\/www.swisscrochet.ch\/produkt\/namaste-backpack\/","og_locale":"de_DE","og_type":"article","og_title":"Namaste - Rucksack &#171; Swiss Crochet","og_description":"Der achtsam gestaltete Namaste Maker's Rucksack wurde mit Blick auf reisefreudige Handarbeiter*innen entworfen. Hergestellt aus veganem Leder (PVC-freies Polyurethan), ist diese bewusst produzierte Tasche ein Muss. Sie \u00fcberzeugt mit innovativen Funktionen, die speziell f\u00fcr unterwegs kreierende Menschen praktisch sind.  Merkmale:   Platz f\u00fcr Laptop und Tablet  Stauraum f\u00fcr mehrere H\u00e4kelprojekte  Mehrere Taschen f\u00fcr Garn, Notizb\u00fccher und Werkzeuge  Garnzuf\u00fchrung, N\u00e4hnadel und ein Mini-Punktjournal  Schl\u00fcsselband, das auch als Massband dient  Ein dekorativer Quastenanh\u00e4nger mit einem Notfall-Lotus-Maschenmarkierer  Ein Staubbeutel, der auch als Projektbeutel verwendet werden kann  Mit dem Namaste Backpack kannst du problemlos h\u00e4keln, w\u00e4hrend du reist oder pendelst, und dabei all deine Sachen sicher verstauen.  Jeder Rucksack misst 43.2 x 40.6 x 15.2 cm.","og_url":"https:\/\/www.swisscrochet.ch\/produkt\/namaste-backpack\/","og_site_name":"Swiss Crochet","article_modified_time":"2025-01-29T19:47:39+00:00","og_image":[{"width":1000,"height":1000,"url":"https:\/\/www.swisscrochet.ch\/wp-content\/uploads\/2025\/01\/Namaste-Backpack-Overview.jpg","type":"image\/jpeg"}],"twitter_card":"summary_large_image","schema":{"@context":"https:\/\/schema.org","@graph":[{"@type":["WebPage","ItemPage"],"@id":"https:\/\/www.swisscrochet.ch\/produkt\/namaste-backpack\/","url":"https:\/\/www.swisscrochet.ch\/produkt\/namaste-backpack\/","name":"Namaste - Rucksack &#171; Swiss Crochet","isPartOf":{"@id":"https:\/\/www.swisscrochet.ch\/#website"},"primaryImageOfPage":{"@id":"https:\/\/www.swisscrochet.ch\/produkt\/namaste-backpack\/#primaryimage"},"image":{"@id":"https:\/\/www.swisscrochet.ch\/produkt\/namaste-backpack\/#primaryimage"},"thumbnailUrl":"https:\/\/www.swisscrochet.ch\/wp-content\/uploads\/2025\/01\/Namaste-Backpack-Overview.jpg","datePublished":"2025-01-20T14:07:11+00:00","dateModified":"2025-01-29T19:47:39+00:00","breadcrumb":{"@id":"https:\/\/www.swisscrochet.ch\/produkt\/namaste-backpack\/#breadcrumb"},"inLanguage":"de","potentialAction":[{"@type":"ReadAction","target":["https:\/\/www.swisscrochet.ch\/produkt\/namaste-backpack\/"]}]},{"@type":"ImageObject","inLanguage":"de","@id":"https:\/\/www.swisscrochet.ch\/produkt\/namaste-backpack\/#primaryimage","url":"https:\/\/www.swisscrochet.ch\/wp-content\/uploads\/2025\/01\/Namaste-Backpack-Overview.jpg","contentUrl":"https:\/\/www.swisscrochet.ch\/wp-content\/uploads\/2025\/01\/Namaste-Backpack-Overview.jpg","width":1000,"height":1000},{"@type":"BreadcrumbList","@id":"https:\/\/www.swisscrochet.ch\/produkt\/namaste-backpack\/#breadcrumb","itemListElement":[{"@type":"ListItem","position":1,"name":"Home","item":"https:\/\/www.swisscrochet.ch\/de\/"},{"@type":"ListItem","position":2,"name":"Shop","item":"https:\/\/www.swisscrochet.ch\/de\/shop\/"},{"@type":"ListItem","position":3,"name":"Namaste &#8211; Rucksack"}]},{"@type":"WebSite","@id":"https:\/\/www.swisscrochet.ch\/#website","url":"https:\/\/www.swisscrochet.ch\/","name":"Swiss Crochet","description":"Entfalte dein kreatives Potenzial","potentialAction":[{"@type":"SearchAction","target":{"@type":"EntryPoint","urlTemplate":"https:\/\/www.swisscrochet.ch\/?s={search_term_string}"},"query-input":{"@type":"PropertyValueSpecification","valueRequired":true,"valueName":"search_term_string"}}],"inLanguage":"de"}]}},"_links":{"self":[{"href":"https:\/\/www.swisscrochet.ch\/de\/wp-json\/wp\/v2\/product\/3713","targetHints":{"allow":["GET"]}}],"collection":[{"href":"https:\/\/www.swisscrochet.ch\/de\/wp-json\/wp\/v2\/product"}],"about":[{"href":"https:\/\/www.swisscrochet.ch\/de\/wp-json\/wp\/v2\/types\/product"}],"wp:featuredmedia":[{"embeddable":true,"href":"https:\/\/www.swisscrochet.ch\/de\/wp-json\/wp\/v2\/media\/3874"}],"wp:attachment":[{"href":"https:\/\/www.swisscrochet.ch\/de\/wp-json\/wp\/v2\/media?parent=3713"}],"wp:term":[{"taxonomy":"product_brand","embeddable":true,"href":"https:\/\/www.swisscrochet.ch\/de\/wp-json\/wp\/v2\/product_brand?post=3713"},{"taxonomy":"product_cat","embeddable":true,"href":"https:\/\/www.swisscrochet.ch\/de\/wp-json\/wp\/v2\/product_cat?post=3713"},{"taxonomy":"product_tag","embeddable":true,"href":"https:\/\/www.swisscrochet.ch\/de\/wp-json\/wp\/v2\/product_tag?post=3713"}],"curies":[{"name":"wp","href":"https:\/\/api.w.org\/{rel}","templated":true}]}}