{"id":4585,"date":"2025-02-21T16:24:26","date_gmt":"2025-02-21T15:24:26","guid":{"rendered":"https:\/\/www.swisscrochet.ch\/product\/addi-yarn-finger-ring\/"},"modified":"2025-02-21T17:02:27","modified_gmt":"2025-02-21T16:02:27","slug":"addi-garnfingerring","status":"publish","type":"product","link":"https:\/\/www.swisscrochet.ch\/de\/produkt\/addi-garnfingerring\/","title":{"rendered":"Addi &#8211; Garnfingerring"},"content":{"rendered":"","protected":false},"excerpt":{"rendered":"<p>Der Addi Garnfingerring ist ein praktisches, fingerhut\u00e4hnliches Werkzeug mit zwei Garnf\u00fchrungen, das dir hilft, zwei separate F\u00e4den m\u00fchelos zu kontrollieren. Er wird auf dem oberen Abschnitt des Zeige- oder Mittelfingers getragen und sorgt f\u00fcr eine gleichm\u00e4ssige Fadenspannung beim Arbeiten mit mehreren Farben.<\/p>\n<p>Urspr\u00fcnglich f\u00fcr das Stricken im kontinentaleurop\u00e4ischen Stil entwickelt, ist dieses vielseitige Hilfsmittel auch beim H\u00e4keln n\u00fctzlich. Es erleichtert Farbwechsel und erspart das st\u00e4ndige Neujustieren der Fadenspannung.<\/p>\n<p>Der Addi Garnfingerring ist in einer Einheitsgr\u00f6sse erh\u00e4ltlich.<\/p>\n","protected":false},"featured_media":4570,"template":"","meta":[],"product_brand":[],"product_cat":[559,220],"product_tag":[],"class_list":{"0":"post-4585","1":"product","2":"type-product","3":"status-publish","4":"has-post-thumbnail","6":"product_cat-anderes-zubehoer","7":"product_cat-hakelnadeln-und-zubehor","8":"product_shipping_class-kleinsendungen","9":"pa_t1-manufacturer-addi-de","10":"description-off","12":"first","13":"instock","14":"taxable","15":"shipping-taxable","16":"purchasable","17":"product-type-simple"},"bundled_by":[],"bundle_stock_status":"instock","bundle_stock_quantity":4,"bundle_virtual":false,"bundle_layout":"","bundle_add_to_cart_form_location":"","bundle_editable_in_cart":false,"bundle_sold_individually_context":"","bundle_item_grouping":"","bundle_min_size":"","bundle_max_size":"","bundle_price":[],"bundled_items":[],"bundle_sell_ids":[],"yoast_head":"<!-- This site is optimized with the Yoast SEO plugin v27.4 - https:\/\/yoast.com\/product\/yoast-seo-wordpress\/ -->\n<title>Addi - Garnfingerring &#171; Swiss Crochet<\/title>\n<meta name=\"robots\" content=\"index, follow, max-snippet:-1, max-image-preview:large, max-video-preview:-1\" \/>\n<link rel=\"canonical\" href=\"https:\/\/www.swisscrochet.ch\/produkt\/addi-yarn-finger-ring\/\" \/>\n<meta property=\"og:locale\" content=\"de_DE\" \/>\n<meta property=\"og:type\" content=\"article\" \/>\n<meta property=\"og:title\" content=\"Addi - Garnfingerring &#171; Swiss Crochet\" \/>\n<meta property=\"og:description\" content=\"Der Addi Garnfingerring ist ein praktisches, fingerhut\u00e4hnliches Werkzeug mit zwei Garnf\u00fchrungen, das dir hilft, zwei separate F\u00e4den m\u00fchelos zu kontrollieren. Er wird auf dem oberen Abschnitt des Zeige- oder Mittelfingers getragen und sorgt f\u00fcr eine gleichm\u00e4ssige Fadenspannung beim Arbeiten mit mehreren Farben.  Urspr\u00fcnglich f\u00fcr das Stricken im kontinentaleurop\u00e4ischen Stil entwickelt, ist dieses vielseitige Hilfsmittel auch beim H\u00e4keln n\u00fctzlich. Es erleichtert Farbwechsel und erspart das st\u00e4ndige Neujustieren der Fadenspannung.  Der Addi Garnfingerring ist in einer Einheitsgr\u00f6sse erh\u00e4ltlich.\" \/>\n<meta property=\"og:url\" content=\"https:\/\/www.swisscrochet.ch\/produkt\/addi-yarn-finger-ring\/\" \/>\n<meta property=\"og:site_name\" content=\"Swiss Crochet\" \/>\n<meta property=\"article:modified_time\" content=\"2025-02-21T16:02:27+00:00\" \/>\n<meta property=\"og:image\" content=\"https:\/\/www.swisscrochet.ch\/wp-content\/uploads\/2025\/02\/Addi-Yarn-Finger-Ring-Overview.jpg\" \/>\n\t<meta property=\"og:image:width\" content=\"1000\" \/>\n\t<meta property=\"og:image:height\" content=\"1000\" \/>\n\t<meta property=\"og:image:type\" content=\"image\/jpeg\" \/>\n<meta name=\"twitter:card\" content=\"summary_large_image\" \/>\n<meta name=\"twitter:label1\" content=\"Gesch\u00e4tzte Lesezeit\" \/>\n\t<meta name=\"twitter:data1\" content=\"1\u00a0Minute\" \/>\n<script type=\"application\/ld+json\" class=\"yoast-schema-graph\">{\"@context\":\"https:\\\/\\\/schema.org\",\"@graph\":[{\"@type\":[\"WebPage\",\"ItemPage\"],\"@id\":\"https:\\\/\\\/www.swisscrochet.ch\\\/produkt\\\/addi-yarn-finger-ring\\\/\",\"url\":\"https:\\\/\\\/www.swisscrochet.ch\\\/produkt\\\/addi-yarn-finger-ring\\\/\",\"name\":\"Addi - Garnfingerring &#171; Swiss Crochet\",\"isPartOf\":{\"@id\":\"https:\\\/\\\/www.swisscrochet.ch\\\/#website\"},\"primaryImageOfPage\":{\"@id\":\"https:\\\/\\\/www.swisscrochet.ch\\\/produkt\\\/addi-yarn-finger-ring\\\/#primaryimage\"},\"image\":{\"@id\":\"https:\\\/\\\/www.swisscrochet.ch\\\/produkt\\\/addi-yarn-finger-ring\\\/#primaryimage\"},\"thumbnailUrl\":\"https:\\\/\\\/www.swisscrochet.ch\\\/wp-content\\\/uploads\\\/2025\\\/02\\\/Addi-Yarn-Finger-Ring-Overview.jpg\",\"datePublished\":\"2025-02-21T15:24:26+00:00\",\"dateModified\":\"2025-02-21T16:02:27+00:00\",\"breadcrumb\":{\"@id\":\"https:\\\/\\\/www.swisscrochet.ch\\\/produkt\\\/addi-yarn-finger-ring\\\/#breadcrumb\"},\"inLanguage\":\"de\",\"potentialAction\":[{\"@type\":\"ReadAction\",\"target\":[\"https:\\\/\\\/www.swisscrochet.ch\\\/produkt\\\/addi-yarn-finger-ring\\\/\"]}]},{\"@type\":\"ImageObject\",\"inLanguage\":\"de\",\"@id\":\"https:\\\/\\\/www.swisscrochet.ch\\\/produkt\\\/addi-yarn-finger-ring\\\/#primaryimage\",\"url\":\"https:\\\/\\\/www.swisscrochet.ch\\\/wp-content\\\/uploads\\\/2025\\\/02\\\/Addi-Yarn-Finger-Ring-Overview.jpg\",\"contentUrl\":\"https:\\\/\\\/www.swisscrochet.ch\\\/wp-content\\\/uploads\\\/2025\\\/02\\\/Addi-Yarn-Finger-Ring-Overview.jpg\",\"width\":1000,\"height\":1000},{\"@type\":\"BreadcrumbList\",\"@id\":\"https:\\\/\\\/www.swisscrochet.ch\\\/produkt\\\/addi-yarn-finger-ring\\\/#breadcrumb\",\"itemListElement\":[{\"@type\":\"ListItem\",\"position\":1,\"name\":\"Home\",\"item\":\"https:\\\/\\\/www.swisscrochet.ch\\\/de\\\/\"},{\"@type\":\"ListItem\",\"position\":2,\"name\":\"Shop\",\"item\":\"https:\\\/\\\/www.swisscrochet.ch\\\/de\\\/shop\\\/\"},{\"@type\":\"ListItem\",\"position\":3,\"name\":\"Addi &#8211; Garnfingerring\"}]},{\"@type\":\"WebSite\",\"@id\":\"https:\\\/\\\/www.swisscrochet.ch\\\/#website\",\"url\":\"https:\\\/\\\/www.swisscrochet.ch\\\/\",\"name\":\"Swiss Crochet\",\"description\":\"Entfalte dein kreatives Potenzial\",\"potentialAction\":[{\"@type\":\"SearchAction\",\"target\":{\"@type\":\"EntryPoint\",\"urlTemplate\":\"https:\\\/\\\/www.swisscrochet.ch\\\/?s={search_term_string}\"},\"query-input\":{\"@type\":\"PropertyValueSpecification\",\"valueRequired\":true,\"valueName\":\"search_term_string\"}}],\"inLanguage\":\"de\"}]}<\/script>\n<!-- \/ Yoast SEO plugin. -->","yoast_head_json":{"title":"Addi - Garnfingerring &#171; Swiss Crochet","robots":{"index":"index","follow":"follow","max-snippet":"max-snippet:-1","max-image-preview":"max-image-preview:large","max-video-preview":"max-video-preview:-1"},"canonical":"https:\/\/www.swisscrochet.ch\/produkt\/addi-yarn-finger-ring\/","og_locale":"de_DE","og_type":"article","og_title":"Addi - Garnfingerring &#171; Swiss Crochet","og_description":"Der Addi Garnfingerring ist ein praktisches, fingerhut\u00e4hnliches Werkzeug mit zwei Garnf\u00fchrungen, das dir hilft, zwei separate F\u00e4den m\u00fchelos zu kontrollieren. Er wird auf dem oberen Abschnitt des Zeige- oder Mittelfingers getragen und sorgt f\u00fcr eine gleichm\u00e4ssige Fadenspannung beim Arbeiten mit mehreren Farben.  Urspr\u00fcnglich f\u00fcr das Stricken im kontinentaleurop\u00e4ischen Stil entwickelt, ist dieses vielseitige Hilfsmittel auch beim H\u00e4keln n\u00fctzlich. Es erleichtert Farbwechsel und erspart das st\u00e4ndige Neujustieren der Fadenspannung.  Der Addi Garnfingerring ist in einer Einheitsgr\u00f6sse erh\u00e4ltlich.","og_url":"https:\/\/www.swisscrochet.ch\/produkt\/addi-yarn-finger-ring\/","og_site_name":"Swiss Crochet","article_modified_time":"2025-02-21T16:02:27+00:00","og_image":[{"width":1000,"height":1000,"url":"https:\/\/www.swisscrochet.ch\/wp-content\/uploads\/2025\/02\/Addi-Yarn-Finger-Ring-Overview.jpg","type":"image\/jpeg"}],"twitter_card":"summary_large_image","twitter_misc":{"Gesch\u00e4tzte Lesezeit":"1\u00a0Minute"},"schema":{"@context":"https:\/\/schema.org","@graph":[{"@type":["WebPage","ItemPage"],"@id":"https:\/\/www.swisscrochet.ch\/produkt\/addi-yarn-finger-ring\/","url":"https:\/\/www.swisscrochet.ch\/produkt\/addi-yarn-finger-ring\/","name":"Addi - Garnfingerring &#171; Swiss Crochet","isPartOf":{"@id":"https:\/\/www.swisscrochet.ch\/#website"},"primaryImageOfPage":{"@id":"https:\/\/www.swisscrochet.ch\/produkt\/addi-yarn-finger-ring\/#primaryimage"},"image":{"@id":"https:\/\/www.swisscrochet.ch\/produkt\/addi-yarn-finger-ring\/#primaryimage"},"thumbnailUrl":"https:\/\/www.swisscrochet.ch\/wp-content\/uploads\/2025\/02\/Addi-Yarn-Finger-Ring-Overview.jpg","datePublished":"2025-02-21T15:24:26+00:00","dateModified":"2025-02-21T16:02:27+00:00","breadcrumb":{"@id":"https:\/\/www.swisscrochet.ch\/produkt\/addi-yarn-finger-ring\/#breadcrumb"},"inLanguage":"de","potentialAction":[{"@type":"ReadAction","target":["https:\/\/www.swisscrochet.ch\/produkt\/addi-yarn-finger-ring\/"]}]},{"@type":"ImageObject","inLanguage":"de","@id":"https:\/\/www.swisscrochet.ch\/produkt\/addi-yarn-finger-ring\/#primaryimage","url":"https:\/\/www.swisscrochet.ch\/wp-content\/uploads\/2025\/02\/Addi-Yarn-Finger-Ring-Overview.jpg","contentUrl":"https:\/\/www.swisscrochet.ch\/wp-content\/uploads\/2025\/02\/Addi-Yarn-Finger-Ring-Overview.jpg","width":1000,"height":1000},{"@type":"BreadcrumbList","@id":"https:\/\/www.swisscrochet.ch\/produkt\/addi-yarn-finger-ring\/#breadcrumb","itemListElement":[{"@type":"ListItem","position":1,"name":"Home","item":"https:\/\/www.swisscrochet.ch\/de\/"},{"@type":"ListItem","position":2,"name":"Shop","item":"https:\/\/www.swisscrochet.ch\/de\/shop\/"},{"@type":"ListItem","position":3,"name":"Addi &#8211; Garnfingerring"}]},{"@type":"WebSite","@id":"https:\/\/www.swisscrochet.ch\/#website","url":"https:\/\/www.swisscrochet.ch\/","name":"Swiss Crochet","description":"Entfalte dein kreatives Potenzial","potentialAction":[{"@type":"SearchAction","target":{"@type":"EntryPoint","urlTemplate":"https:\/\/www.swisscrochet.ch\/?s={search_term_string}"},"query-input":{"@type":"PropertyValueSpecification","valueRequired":true,"valueName":"search_term_string"}}],"inLanguage":"de"}]}},"_links":{"self":[{"href":"https:\/\/www.swisscrochet.ch\/de\/wp-json\/wp\/v2\/product\/4585","targetHints":{"allow":["GET"]}}],"collection":[{"href":"https:\/\/www.swisscrochet.ch\/de\/wp-json\/wp\/v2\/product"}],"about":[{"href":"https:\/\/www.swisscrochet.ch\/de\/wp-json\/wp\/v2\/types\/product"}],"wp:featuredmedia":[{"embeddable":true,"href":"https:\/\/www.swisscrochet.ch\/de\/wp-json\/wp\/v2\/media\/4570"}],"wp:attachment":[{"href":"https:\/\/www.swisscrochet.ch\/de\/wp-json\/wp\/v2\/media?parent=4585"}],"wp:term":[{"taxonomy":"product_brand","embeddable":true,"href":"https:\/\/www.swisscrochet.ch\/de\/wp-json\/wp\/v2\/product_brand?post=4585"},{"taxonomy":"product_cat","embeddable":true,"href":"https:\/\/www.swisscrochet.ch\/de\/wp-json\/wp\/v2\/product_cat?post=4585"},{"taxonomy":"product_tag","embeddable":true,"href":"https:\/\/www.swisscrochet.ch\/de\/wp-json\/wp\/v2\/product_tag?post=4585"}],"curies":[{"name":"wp","href":"https:\/\/api.w.org\/{rel}","templated":true}]}}