{"id":4693,"date":"2025-02-21T20:08:01","date_gmt":"2025-02-21T19:08:01","guid":{"rendered":"https:\/\/www.swisscrochet.ch\/product\/chiaogoo-nostepinne\/"},"modified":"2026-01-13T17:27:16","modified_gmt":"2026-01-13T16:27:16","slug":"chiaogoo-nostepinne","status":"publish","type":"product","link":"https:\/\/www.swisscrochet.ch\/de\/produkt\/chiaogoo-nostepinne\/","title":{"rendered":"Chiaogoo &#8211; Nostepinne"},"content":{"rendered":"","protected":false},"excerpt":{"rendered":"<p>Die ChiaoGoo Nostepinne ist ein traditionelles Werkzeug, das das Wickeln eines &#8222;centre-pull&#8220; Kn\u00e4uels aus jedem Strang einfach und effizient macht. Ihre L\u00e4nge erm\u00f6glicht es, eine grossz\u00fcgige Menge Garn zu wickeln, wodurch sie ideal f\u00fcr grosse Str\u00e4nge und dicke Garne ist.<\/p>\n<p>Kompakt und tragbar, l\u00e4sst sich diese Nostepinne einfach verstauen und transportieren, was sie zu einem ausgezeichneten Werkzeug f\u00fcr Handwerker unterwegs macht. Preiswert und praktisch, ist sie eine unverzichtbare Erg\u00e4nzung f\u00fcr dein Zubeh\u00f6rkit.<\/p>\n<p>Hergestellt aus poliertem Holz, ist die ChiaoGoo Nostepinne langlebig und stilvoll.<\/p>\n<p>L\u00e4nge: 28 cm<\/p>\n","protected":false},"featured_media":4620,"template":"","meta":[],"product_brand":[],"product_cat":[220,571],"product_tag":[],"class_list":{"0":"post-4693","1":"product","2":"type-product","3":"status-publish","4":"has-post-thumbnail","6":"product_cat-hakelnadeln-und-zubehor","7":"product_cat-wickelzubehoer","8":"pa_t1-manufacturer-chiaogoo-de","9":"description-off","11":"first","12":"instock","13":"taxable","14":"shipping-taxable","15":"purchasable","16":"product-type-simple"},"bundled_by":[],"bundle_stock_status":"instock","bundle_stock_quantity":5,"bundle_virtual":false,"bundle_layout":"","bundle_add_to_cart_form_location":"","bundle_editable_in_cart":false,"bundle_sold_individually_context":"","bundle_item_grouping":"","bundle_min_size":"","bundle_max_size":"","bundle_price":[],"bundled_items":[],"bundle_sell_ids":[],"yoast_head":"<!-- This site is optimized with the Yoast SEO plugin v27.5 - https:\/\/yoast.com\/product\/yoast-seo-wordpress\/ -->\n<title>Chiaogoo - Nostepinne &#171; Swiss Crochet<\/title>\n<meta name=\"robots\" content=\"index, follow, max-snippet:-1, max-image-preview:large, max-video-preview:-1\" \/>\n<link rel=\"canonical\" href=\"https:\/\/www.swisscrochet.ch\/produkt\/chiaogoo-nostepinne\/\" \/>\n<meta property=\"og:locale\" content=\"de_DE\" \/>\n<meta property=\"og:type\" content=\"article\" \/>\n<meta property=\"og:title\" content=\"Chiaogoo - Nostepinne &#171; Swiss Crochet\" \/>\n<meta property=\"og:description\" content=\"Die ChiaoGoo Nostepinne ist ein traditionelles Werkzeug, das das Wickeln eines &quot;centre-pull&quot; Kn\u00e4uels aus jedem Strang einfach und effizient macht. Ihre L\u00e4nge erm\u00f6glicht es, eine grossz\u00fcgige Menge Garn zu wickeln, wodurch sie ideal f\u00fcr grosse Str\u00e4nge und dicke Garne ist.  Kompakt und tragbar, l\u00e4sst sich diese Nostepinne einfach verstauen und transportieren, was sie zu einem ausgezeichneten Werkzeug f\u00fcr Handwerker unterwegs macht. Preiswert und praktisch, ist sie eine unverzichtbare Erg\u00e4nzung f\u00fcr dein Zubeh\u00f6rkit.  Hergestellt aus poliertem Holz, ist die ChiaoGoo Nostepinne langlebig und stilvoll.  L\u00e4nge: 28 cm\" \/>\n<meta property=\"og:url\" content=\"https:\/\/www.swisscrochet.ch\/produkt\/chiaogoo-nostepinne\/\" \/>\n<meta property=\"og:site_name\" content=\"Swiss Crochet\" \/>\n<meta property=\"article:modified_time\" content=\"2026-01-13T16:27:16+00:00\" \/>\n<meta property=\"og:image\" content=\"https:\/\/www.swisscrochet.ch\/wp-content\/uploads\/2025\/02\/Chiaogoo-Nostepinne-Overview.jpg\" \/>\n\t<meta property=\"og:image:width\" content=\"1000\" \/>\n\t<meta property=\"og:image:height\" content=\"1000\" \/>\n\t<meta property=\"og:image:type\" content=\"image\/jpeg\" \/>\n<meta name=\"twitter:card\" content=\"summary_large_image\" \/>\n<meta name=\"twitter:label1\" content=\"Gesch\u00e4tzte Lesezeit\" \/>\n\t<meta name=\"twitter:data1\" content=\"1\u00a0Minute\" \/>\n<script type=\"application\/ld+json\" class=\"yoast-schema-graph\">{\"@context\":\"https:\\\/\\\/schema.org\",\"@graph\":[{\"@type\":[\"WebPage\",\"ItemPage\"],\"@id\":\"https:\\\/\\\/www.swisscrochet.ch\\\/produkt\\\/chiaogoo-nostepinne\\\/\",\"url\":\"https:\\\/\\\/www.swisscrochet.ch\\\/produkt\\\/chiaogoo-nostepinne\\\/\",\"name\":\"Chiaogoo - Nostepinne &#171; Swiss Crochet\",\"isPartOf\":{\"@id\":\"https:\\\/\\\/www.swisscrochet.ch\\\/#website\"},\"primaryImageOfPage\":{\"@id\":\"https:\\\/\\\/www.swisscrochet.ch\\\/produkt\\\/chiaogoo-nostepinne\\\/#primaryimage\"},\"image\":{\"@id\":\"https:\\\/\\\/www.swisscrochet.ch\\\/produkt\\\/chiaogoo-nostepinne\\\/#primaryimage\"},\"thumbnailUrl\":\"https:\\\/\\\/www.swisscrochet.ch\\\/wp-content\\\/uploads\\\/2025\\\/02\\\/Chiaogoo-Nostepinne-Overview.jpg\",\"datePublished\":\"2025-02-21T19:08:01+00:00\",\"dateModified\":\"2026-01-13T16:27:16+00:00\",\"breadcrumb\":{\"@id\":\"https:\\\/\\\/www.swisscrochet.ch\\\/produkt\\\/chiaogoo-nostepinne\\\/#breadcrumb\"},\"inLanguage\":\"de\",\"potentialAction\":[{\"@type\":\"ReadAction\",\"target\":[\"https:\\\/\\\/www.swisscrochet.ch\\\/produkt\\\/chiaogoo-nostepinne\\\/\"]}]},{\"@type\":\"ImageObject\",\"inLanguage\":\"de\",\"@id\":\"https:\\\/\\\/www.swisscrochet.ch\\\/produkt\\\/chiaogoo-nostepinne\\\/#primaryimage\",\"url\":\"https:\\\/\\\/www.swisscrochet.ch\\\/wp-content\\\/uploads\\\/2025\\\/02\\\/Chiaogoo-Nostepinne-Overview.jpg\",\"contentUrl\":\"https:\\\/\\\/www.swisscrochet.ch\\\/wp-content\\\/uploads\\\/2025\\\/02\\\/Chiaogoo-Nostepinne-Overview.jpg\",\"width\":1000,\"height\":1000},{\"@type\":\"BreadcrumbList\",\"@id\":\"https:\\\/\\\/www.swisscrochet.ch\\\/produkt\\\/chiaogoo-nostepinne\\\/#breadcrumb\",\"itemListElement\":[{\"@type\":\"ListItem\",\"position\":1,\"name\":\"Home\",\"item\":\"https:\\\/\\\/www.swisscrochet.ch\\\/de\\\/\"},{\"@type\":\"ListItem\",\"position\":2,\"name\":\"Shop\",\"item\":\"https:\\\/\\\/www.swisscrochet.ch\\\/de\\\/shop\\\/\"},{\"@type\":\"ListItem\",\"position\":3,\"name\":\"Chiaogoo &#8211; Nostepinne\"}]},{\"@type\":\"WebSite\",\"@id\":\"https:\\\/\\\/www.swisscrochet.ch\\\/#website\",\"url\":\"https:\\\/\\\/www.swisscrochet.ch\\\/\",\"name\":\"Swiss Crochet\",\"description\":\"Entfalte dein kreatives Potenzial\",\"potentialAction\":[{\"@type\":\"SearchAction\",\"target\":{\"@type\":\"EntryPoint\",\"urlTemplate\":\"https:\\\/\\\/www.swisscrochet.ch\\\/?s={search_term_string}\"},\"query-input\":{\"@type\":\"PropertyValueSpecification\",\"valueRequired\":true,\"valueName\":\"search_term_string\"}}],\"inLanguage\":\"de\"}]}<\/script>\n<!-- \/ Yoast SEO plugin. -->","yoast_head_json":{"title":"Chiaogoo - Nostepinne &#171; Swiss Crochet","robots":{"index":"index","follow":"follow","max-snippet":"max-snippet:-1","max-image-preview":"max-image-preview:large","max-video-preview":"max-video-preview:-1"},"canonical":"https:\/\/www.swisscrochet.ch\/produkt\/chiaogoo-nostepinne\/","og_locale":"de_DE","og_type":"article","og_title":"Chiaogoo - Nostepinne &#171; Swiss Crochet","og_description":"Die ChiaoGoo Nostepinne ist ein traditionelles Werkzeug, das das Wickeln eines \"centre-pull\" Kn\u00e4uels aus jedem Strang einfach und effizient macht. Ihre L\u00e4nge erm\u00f6glicht es, eine grossz\u00fcgige Menge Garn zu wickeln, wodurch sie ideal f\u00fcr grosse Str\u00e4nge und dicke Garne ist.  Kompakt und tragbar, l\u00e4sst sich diese Nostepinne einfach verstauen und transportieren, was sie zu einem ausgezeichneten Werkzeug f\u00fcr Handwerker unterwegs macht. Preiswert und praktisch, ist sie eine unverzichtbare Erg\u00e4nzung f\u00fcr dein Zubeh\u00f6rkit.  Hergestellt aus poliertem Holz, ist die ChiaoGoo Nostepinne langlebig und stilvoll.  L\u00e4nge: 28 cm","og_url":"https:\/\/www.swisscrochet.ch\/produkt\/chiaogoo-nostepinne\/","og_site_name":"Swiss Crochet","article_modified_time":"2026-01-13T16:27:16+00:00","og_image":[{"width":1000,"height":1000,"url":"https:\/\/www.swisscrochet.ch\/wp-content\/uploads\/2025\/02\/Chiaogoo-Nostepinne-Overview.jpg","type":"image\/jpeg"}],"twitter_card":"summary_large_image","twitter_misc":{"Gesch\u00e4tzte Lesezeit":"1\u00a0Minute"},"schema":{"@context":"https:\/\/schema.org","@graph":[{"@type":["WebPage","ItemPage"],"@id":"https:\/\/www.swisscrochet.ch\/produkt\/chiaogoo-nostepinne\/","url":"https:\/\/www.swisscrochet.ch\/produkt\/chiaogoo-nostepinne\/","name":"Chiaogoo - Nostepinne &#171; Swiss Crochet","isPartOf":{"@id":"https:\/\/www.swisscrochet.ch\/#website"},"primaryImageOfPage":{"@id":"https:\/\/www.swisscrochet.ch\/produkt\/chiaogoo-nostepinne\/#primaryimage"},"image":{"@id":"https:\/\/www.swisscrochet.ch\/produkt\/chiaogoo-nostepinne\/#primaryimage"},"thumbnailUrl":"https:\/\/www.swisscrochet.ch\/wp-content\/uploads\/2025\/02\/Chiaogoo-Nostepinne-Overview.jpg","datePublished":"2025-02-21T19:08:01+00:00","dateModified":"2026-01-13T16:27:16+00:00","breadcrumb":{"@id":"https:\/\/www.swisscrochet.ch\/produkt\/chiaogoo-nostepinne\/#breadcrumb"},"inLanguage":"de","potentialAction":[{"@type":"ReadAction","target":["https:\/\/www.swisscrochet.ch\/produkt\/chiaogoo-nostepinne\/"]}]},{"@type":"ImageObject","inLanguage":"de","@id":"https:\/\/www.swisscrochet.ch\/produkt\/chiaogoo-nostepinne\/#primaryimage","url":"https:\/\/www.swisscrochet.ch\/wp-content\/uploads\/2025\/02\/Chiaogoo-Nostepinne-Overview.jpg","contentUrl":"https:\/\/www.swisscrochet.ch\/wp-content\/uploads\/2025\/02\/Chiaogoo-Nostepinne-Overview.jpg","width":1000,"height":1000},{"@type":"BreadcrumbList","@id":"https:\/\/www.swisscrochet.ch\/produkt\/chiaogoo-nostepinne\/#breadcrumb","itemListElement":[{"@type":"ListItem","position":1,"name":"Home","item":"https:\/\/www.swisscrochet.ch\/de\/"},{"@type":"ListItem","position":2,"name":"Shop","item":"https:\/\/www.swisscrochet.ch\/de\/shop\/"},{"@type":"ListItem","position":3,"name":"Chiaogoo &#8211; Nostepinne"}]},{"@type":"WebSite","@id":"https:\/\/www.swisscrochet.ch\/#website","url":"https:\/\/www.swisscrochet.ch\/","name":"Swiss Crochet","description":"Entfalte dein kreatives Potenzial","potentialAction":[{"@type":"SearchAction","target":{"@type":"EntryPoint","urlTemplate":"https:\/\/www.swisscrochet.ch\/?s={search_term_string}"},"query-input":{"@type":"PropertyValueSpecification","valueRequired":true,"valueName":"search_term_string"}}],"inLanguage":"de"}]}},"_links":{"self":[{"href":"https:\/\/www.swisscrochet.ch\/de\/wp-json\/wp\/v2\/product\/4693","targetHints":{"allow":["GET"]}}],"collection":[{"href":"https:\/\/www.swisscrochet.ch\/de\/wp-json\/wp\/v2\/product"}],"about":[{"href":"https:\/\/www.swisscrochet.ch\/de\/wp-json\/wp\/v2\/types\/product"}],"wp:featuredmedia":[{"embeddable":true,"href":"https:\/\/www.swisscrochet.ch\/de\/wp-json\/wp\/v2\/media\/4620"}],"wp:attachment":[{"href":"https:\/\/www.swisscrochet.ch\/de\/wp-json\/wp\/v2\/media?parent=4693"}],"wp:term":[{"taxonomy":"product_brand","embeddable":true,"href":"https:\/\/www.swisscrochet.ch\/de\/wp-json\/wp\/v2\/product_brand?post=4693"},{"taxonomy":"product_cat","embeddable":true,"href":"https:\/\/www.swisscrochet.ch\/de\/wp-json\/wp\/v2\/product_cat?post=4693"},{"taxonomy":"product_tag","embeddable":true,"href":"https:\/\/www.swisscrochet.ch\/de\/wp-json\/wp\/v2\/product_tag?post=4693"}],"curies":[{"name":"wp","href":"https:\/\/api.w.org\/{rel}","templated":true}]}}