{"id":4698,"date":"2025-02-21T20:06:52","date_gmt":"2025-02-21T19:06:52","guid":{"rendered":"https:\/\/www.swisscrochet.ch\/product\/chiaogoo-tape-measure\/"},"modified":"2025-04-21T15:27:57","modified_gmt":"2025-04-21T13:27:57","slug":"chiaogoo-massband","status":"publish","type":"product","link":"https:\/\/www.swisscrochet.ch\/de\/produkt\/chiaogoo-massband\/","title":{"rendered":"Chiaogoo &#8211; Massband"},"content":{"rendered":"","protected":false},"excerpt":{"rendered":"<p>Mache das Messen f\u00fcr deine Projekte kinderleicht mit dem ChiaoGoo Massband. Dieses flexible Massband rollt sich m\u00fchelos in sein weisses Geh\u00e4use zur\u00fcck und bleibt so stets ohne Verwicklung und kompakt f\u00fcr eine einfache Aufbewahrung und Portabilit\u00e4t. Mit Markierungen in cm und Zoll sorgt es f\u00fcr pr\u00e4zise Messungen bei jedem Projekt.<\/p>\n<p>Gesamtl\u00e4nge: 150 cm<\/p>\n","protected":false},"featured_media":4632,"template":"","meta":[],"product_brand":[],"product_cat":[220,562],"product_tag":[],"class_list":{"0":"post-4698","1":"product","2":"type-product","3":"status-publish","4":"has-post-thumbnail","6":"product_cat-hakelnadeln-und-zubehor","7":"product_cat-mess-und-schneidzubehoer","8":"product_shipping_class-kleinsendungen","9":"pa_t1-manufacturer-chiaogoo-de","10":"description-off","12":"first","13":"instock","14":"taxable","15":"shipping-taxable","16":"purchasable","17":"product-type-simple"},"bundled_by":[],"bundle_stock_status":"instock","bundle_stock_quantity":8,"bundle_virtual":false,"bundle_layout":"","bundle_add_to_cart_form_location":"","bundle_editable_in_cart":false,"bundle_sold_individually_context":"","bundle_item_grouping":"","bundle_min_size":"","bundle_max_size":"","bundle_price":[],"bundled_items":[],"bundle_sell_ids":[],"yoast_head":"<!-- This site is optimized with the Yoast SEO plugin v27.5 - https:\/\/yoast.com\/product\/yoast-seo-wordpress\/ -->\n<title>Chiaogoo - Massband &#171; Swiss Crochet<\/title>\n<meta name=\"robots\" content=\"index, follow, max-snippet:-1, max-image-preview:large, max-video-preview:-1\" \/>\n<link rel=\"canonical\" href=\"https:\/\/www.swisscrochet.ch\/produkt\/chiaogoo-tape-measure\/\" \/>\n<meta property=\"og:locale\" content=\"de_DE\" \/>\n<meta property=\"og:type\" content=\"article\" \/>\n<meta property=\"og:title\" content=\"Chiaogoo - Massband &#171; Swiss Crochet\" \/>\n<meta property=\"og:description\" content=\"Mache das Messen f\u00fcr deine Projekte kinderleicht mit dem ChiaoGoo Massband. Dieses flexible Massband rollt sich m\u00fchelos in sein weisses Geh\u00e4use zur\u00fcck und bleibt so stets ohne Verwicklung und kompakt f\u00fcr eine einfache Aufbewahrung und Portabilit\u00e4t. Mit Markierungen in cm und Zoll sorgt es f\u00fcr pr\u00e4zise Messungen bei jedem Projekt.  Gesamtl\u00e4nge: 150 cm\" \/>\n<meta property=\"og:url\" content=\"https:\/\/www.swisscrochet.ch\/produkt\/chiaogoo-tape-measure\/\" \/>\n<meta property=\"og:site_name\" content=\"Swiss Crochet\" \/>\n<meta property=\"article:modified_time\" content=\"2025-04-21T13:27:57+00:00\" \/>\n<meta property=\"og:image\" content=\"https:\/\/www.swisscrochet.ch\/wp-content\/uploads\/2025\/02\/Chiaogoo-Tape-Measure-Overview.jpg\" \/>\n\t<meta property=\"og:image:width\" content=\"1000\" \/>\n\t<meta property=\"og:image:height\" content=\"1000\" \/>\n\t<meta property=\"og:image:type\" content=\"image\/jpeg\" \/>\n<meta name=\"twitter:card\" content=\"summary_large_image\" \/>\n<meta name=\"twitter:label1\" content=\"Gesch\u00e4tzte Lesezeit\" \/>\n\t<meta name=\"twitter:data1\" content=\"1\u00a0Minute\" \/>\n<script type=\"application\/ld+json\" class=\"yoast-schema-graph\">{\"@context\":\"https:\\\/\\\/schema.org\",\"@graph\":[{\"@type\":[\"WebPage\",\"ItemPage\"],\"@id\":\"https:\\\/\\\/www.swisscrochet.ch\\\/produkt\\\/chiaogoo-tape-measure\\\/\",\"url\":\"https:\\\/\\\/www.swisscrochet.ch\\\/produkt\\\/chiaogoo-tape-measure\\\/\",\"name\":\"Chiaogoo - Massband &#171; Swiss Crochet\",\"isPartOf\":{\"@id\":\"https:\\\/\\\/www.swisscrochet.ch\\\/#website\"},\"primaryImageOfPage\":{\"@id\":\"https:\\\/\\\/www.swisscrochet.ch\\\/produkt\\\/chiaogoo-tape-measure\\\/#primaryimage\"},\"image\":{\"@id\":\"https:\\\/\\\/www.swisscrochet.ch\\\/produkt\\\/chiaogoo-tape-measure\\\/#primaryimage\"},\"thumbnailUrl\":\"https:\\\/\\\/www.swisscrochet.ch\\\/wp-content\\\/uploads\\\/2025\\\/02\\\/Chiaogoo-Tape-Measure-Overview.jpg\",\"datePublished\":\"2025-02-21T19:06:52+00:00\",\"dateModified\":\"2025-04-21T13:27:57+00:00\",\"breadcrumb\":{\"@id\":\"https:\\\/\\\/www.swisscrochet.ch\\\/produkt\\\/chiaogoo-tape-measure\\\/#breadcrumb\"},\"inLanguage\":\"de\",\"potentialAction\":[{\"@type\":\"ReadAction\",\"target\":[\"https:\\\/\\\/www.swisscrochet.ch\\\/produkt\\\/chiaogoo-tape-measure\\\/\"]}]},{\"@type\":\"ImageObject\",\"inLanguage\":\"de\",\"@id\":\"https:\\\/\\\/www.swisscrochet.ch\\\/produkt\\\/chiaogoo-tape-measure\\\/#primaryimage\",\"url\":\"https:\\\/\\\/www.swisscrochet.ch\\\/wp-content\\\/uploads\\\/2025\\\/02\\\/Chiaogoo-Tape-Measure-Overview.jpg\",\"contentUrl\":\"https:\\\/\\\/www.swisscrochet.ch\\\/wp-content\\\/uploads\\\/2025\\\/02\\\/Chiaogoo-Tape-Measure-Overview.jpg\",\"width\":1000,\"height\":1000},{\"@type\":\"BreadcrumbList\",\"@id\":\"https:\\\/\\\/www.swisscrochet.ch\\\/produkt\\\/chiaogoo-tape-measure\\\/#breadcrumb\",\"itemListElement\":[{\"@type\":\"ListItem\",\"position\":1,\"name\":\"Home\",\"item\":\"https:\\\/\\\/www.swisscrochet.ch\\\/de\\\/\"},{\"@type\":\"ListItem\",\"position\":2,\"name\":\"Shop\",\"item\":\"https:\\\/\\\/www.swisscrochet.ch\\\/de\\\/shop\\\/\"},{\"@type\":\"ListItem\",\"position\":3,\"name\":\"Chiaogoo &#8211; Massband\"}]},{\"@type\":\"WebSite\",\"@id\":\"https:\\\/\\\/www.swisscrochet.ch\\\/#website\",\"url\":\"https:\\\/\\\/www.swisscrochet.ch\\\/\",\"name\":\"Swiss Crochet\",\"description\":\"Entfalte dein kreatives Potenzial\",\"potentialAction\":[{\"@type\":\"SearchAction\",\"target\":{\"@type\":\"EntryPoint\",\"urlTemplate\":\"https:\\\/\\\/www.swisscrochet.ch\\\/?s={search_term_string}\"},\"query-input\":{\"@type\":\"PropertyValueSpecification\",\"valueRequired\":true,\"valueName\":\"search_term_string\"}}],\"inLanguage\":\"de\"}]}<\/script>\n<!-- \/ Yoast SEO plugin. -->","yoast_head_json":{"title":"Chiaogoo - Massband &#171; Swiss Crochet","robots":{"index":"index","follow":"follow","max-snippet":"max-snippet:-1","max-image-preview":"max-image-preview:large","max-video-preview":"max-video-preview:-1"},"canonical":"https:\/\/www.swisscrochet.ch\/produkt\/chiaogoo-tape-measure\/","og_locale":"de_DE","og_type":"article","og_title":"Chiaogoo - Massband &#171; Swiss Crochet","og_description":"Mache das Messen f\u00fcr deine Projekte kinderleicht mit dem ChiaoGoo Massband. Dieses flexible Massband rollt sich m\u00fchelos in sein weisses Geh\u00e4use zur\u00fcck und bleibt so stets ohne Verwicklung und kompakt f\u00fcr eine einfache Aufbewahrung und Portabilit\u00e4t. Mit Markierungen in cm und Zoll sorgt es f\u00fcr pr\u00e4zise Messungen bei jedem Projekt.  Gesamtl\u00e4nge: 150 cm","og_url":"https:\/\/www.swisscrochet.ch\/produkt\/chiaogoo-tape-measure\/","og_site_name":"Swiss Crochet","article_modified_time":"2025-04-21T13:27:57+00:00","og_image":[{"width":1000,"height":1000,"url":"https:\/\/www.swisscrochet.ch\/wp-content\/uploads\/2025\/02\/Chiaogoo-Tape-Measure-Overview.jpg","type":"image\/jpeg"}],"twitter_card":"summary_large_image","twitter_misc":{"Gesch\u00e4tzte Lesezeit":"1\u00a0Minute"},"schema":{"@context":"https:\/\/schema.org","@graph":[{"@type":["WebPage","ItemPage"],"@id":"https:\/\/www.swisscrochet.ch\/produkt\/chiaogoo-tape-measure\/","url":"https:\/\/www.swisscrochet.ch\/produkt\/chiaogoo-tape-measure\/","name":"Chiaogoo - Massband &#171; Swiss Crochet","isPartOf":{"@id":"https:\/\/www.swisscrochet.ch\/#website"},"primaryImageOfPage":{"@id":"https:\/\/www.swisscrochet.ch\/produkt\/chiaogoo-tape-measure\/#primaryimage"},"image":{"@id":"https:\/\/www.swisscrochet.ch\/produkt\/chiaogoo-tape-measure\/#primaryimage"},"thumbnailUrl":"https:\/\/www.swisscrochet.ch\/wp-content\/uploads\/2025\/02\/Chiaogoo-Tape-Measure-Overview.jpg","datePublished":"2025-02-21T19:06:52+00:00","dateModified":"2025-04-21T13:27:57+00:00","breadcrumb":{"@id":"https:\/\/www.swisscrochet.ch\/produkt\/chiaogoo-tape-measure\/#breadcrumb"},"inLanguage":"de","potentialAction":[{"@type":"ReadAction","target":["https:\/\/www.swisscrochet.ch\/produkt\/chiaogoo-tape-measure\/"]}]},{"@type":"ImageObject","inLanguage":"de","@id":"https:\/\/www.swisscrochet.ch\/produkt\/chiaogoo-tape-measure\/#primaryimage","url":"https:\/\/www.swisscrochet.ch\/wp-content\/uploads\/2025\/02\/Chiaogoo-Tape-Measure-Overview.jpg","contentUrl":"https:\/\/www.swisscrochet.ch\/wp-content\/uploads\/2025\/02\/Chiaogoo-Tape-Measure-Overview.jpg","width":1000,"height":1000},{"@type":"BreadcrumbList","@id":"https:\/\/www.swisscrochet.ch\/produkt\/chiaogoo-tape-measure\/#breadcrumb","itemListElement":[{"@type":"ListItem","position":1,"name":"Home","item":"https:\/\/www.swisscrochet.ch\/de\/"},{"@type":"ListItem","position":2,"name":"Shop","item":"https:\/\/www.swisscrochet.ch\/de\/shop\/"},{"@type":"ListItem","position":3,"name":"Chiaogoo &#8211; Massband"}]},{"@type":"WebSite","@id":"https:\/\/www.swisscrochet.ch\/#website","url":"https:\/\/www.swisscrochet.ch\/","name":"Swiss Crochet","description":"Entfalte dein kreatives Potenzial","potentialAction":[{"@type":"SearchAction","target":{"@type":"EntryPoint","urlTemplate":"https:\/\/www.swisscrochet.ch\/?s={search_term_string}"},"query-input":{"@type":"PropertyValueSpecification","valueRequired":true,"valueName":"search_term_string"}}],"inLanguage":"de"}]}},"_links":{"self":[{"href":"https:\/\/www.swisscrochet.ch\/de\/wp-json\/wp\/v2\/product\/4698","targetHints":{"allow":["GET"]}}],"collection":[{"href":"https:\/\/www.swisscrochet.ch\/de\/wp-json\/wp\/v2\/product"}],"about":[{"href":"https:\/\/www.swisscrochet.ch\/de\/wp-json\/wp\/v2\/types\/product"}],"wp:featuredmedia":[{"embeddable":true,"href":"https:\/\/www.swisscrochet.ch\/de\/wp-json\/wp\/v2\/media\/4632"}],"wp:attachment":[{"href":"https:\/\/www.swisscrochet.ch\/de\/wp-json\/wp\/v2\/media?parent=4698"}],"wp:term":[{"taxonomy":"product_brand","embeddable":true,"href":"https:\/\/www.swisscrochet.ch\/de\/wp-json\/wp\/v2\/product_brand?post=4698"},{"taxonomy":"product_cat","embeddable":true,"href":"https:\/\/www.swisscrochet.ch\/de\/wp-json\/wp\/v2\/product_cat?post=4698"},{"taxonomy":"product_tag","embeddable":true,"href":"https:\/\/www.swisscrochet.ch\/de\/wp-json\/wp\/v2\/product_tag?post=4698"}],"curies":[{"name":"wp","href":"https:\/\/api.w.org\/{rel}","templated":true}]}}