{"id":4705,"date":"2025-02-21T19:43:19","date_gmt":"2025-02-21T18:43:19","guid":{"rendered":"https:\/\/www.swisscrochet.ch\/product\/clover-yarn-cutter-pedant\/"},"modified":"2026-04-07T14:50:36","modified_gmt":"2026-04-07T12:50:36","slug":"clover-garnschneider-anhaenger","status":"publish","type":"product","link":"https:\/\/www.swisscrochet.ch\/de\/produkt\/clover-garnschneider-anhaenger\/","title":{"rendered":"Clover &#8211; Garnschneider Anh\u00e4nger"},"content":{"rendered":"","protected":false},"excerpt":{"rendered":"<p>Der Clover Garnschneider Anh\u00e4nger ist ein unverzichtbares Accessoire f\u00fcr Handwerker, die gerne unterwegs kreativ sind. Er wurde daf\u00fcr entworfen, an einer Kette oder einem Lederband als Halskette getragen zu werden und ist das perfekte Werkzeug, um alle Arten von F\u00e4den und Garnen zu schneiden. Sicher im Flugzeug zu verwenden und zu tragen, entspricht er den internationalen Vorschriften f\u00fcr scharfe Gegenst\u00e4nde und ist daher ideal f\u00fcr Reisen.<\/p>\n<p>Inspiriert vom Design des japanischen <a href=\"https:\/\/en.wikipedia.org\/wiki\/Shuriken\" target=\"_blank\" rel=\"noopener\">Shuriken<\/a>, kombiniert dieser stilvolle Anh\u00e4nger Funktionalit\u00e4t mit einzigartiger Handwerkskunst.<\/p>\n<p>Farbe: Antikes Gold<br \/>\nDurchmesser des Anh\u00e4ngers (ohne Befestigung): 3.5 cm<br \/>\n<em>Halskette oder Band nicht im Lieferumfang enthalten.<\/em><\/p>\n","protected":false},"featured_media":4616,"template":"","meta":[],"product_brand":[],"product_cat":[220,562],"product_tag":[],"class_list":{"0":"post-4705","1":"product","2":"type-product","3":"status-publish","4":"has-post-thumbnail","6":"product_cat-hakelnadeln-und-zubehor","7":"product_cat-mess-und-schneidzubehoer","8":"product_shipping_class-kleinsendungen","9":"pa_t1-manufacturer-clover-de","10":"description-off","12":"first","13":"instock","14":"taxable","15":"shipping-taxable","16":"purchasable","17":"product-type-simple"},"bundled_by":[],"bundle_stock_status":"instock","bundle_stock_quantity":9,"bundle_virtual":false,"bundle_layout":"","bundle_add_to_cart_form_location":"","bundle_editable_in_cart":false,"bundle_sold_individually_context":"","bundle_item_grouping":"","bundle_min_size":"","bundle_max_size":"","bundle_price":[],"bundled_items":[],"bundle_sell_ids":[],"yoast_head":"<!-- This site is optimized with the Yoast SEO plugin v27.5 - https:\/\/yoast.com\/product\/yoast-seo-wordpress\/ -->\n<title>Clover - Garnschneider Anh\u00e4nger &#171; Swiss Crochet<\/title>\n<meta name=\"robots\" content=\"index, follow, max-snippet:-1, max-image-preview:large, max-video-preview:-1\" \/>\n<link rel=\"canonical\" href=\"https:\/\/www.swisscrochet.ch\/de\/produkt\/clover-garnschneider-anhaenger\/\" \/>\n<meta property=\"og:locale\" content=\"de_DE\" \/>\n<meta property=\"og:type\" content=\"article\" \/>\n<meta property=\"og:title\" content=\"Clover - Garnschneider Anh\u00e4nger &#171; Swiss Crochet\" \/>\n<meta property=\"og:description\" content=\"Der Clover Garnschneider Anh\u00e4nger ist ein unverzichtbares Accessoire f\u00fcr Handwerker, die gerne unterwegs kreativ sind. Er wurde daf\u00fcr entworfen, an einer Kette oder einem Lederband als Halskette getragen zu werden und ist das perfekte Werkzeug, um alle Arten von F\u00e4den und Garnen zu schneiden. Sicher im Flugzeug zu verwenden und zu tragen, entspricht er den internationalen Vorschriften f\u00fcr scharfe Gegenst\u00e4nde und ist daher ideal f\u00fcr Reisen.  Inspiriert vom Design des japanischen Shuriken, kombiniert dieser stilvolle Anh\u00e4nger Funktionalit\u00e4t mit einzigartiger Handwerkskunst.  Farbe: Antikes Gold Durchmesser des Anh\u00e4ngers (ohne Befestigung): 3.5 cm Halskette oder Band nicht im Lieferumfang enthalten.\" \/>\n<meta property=\"og:url\" content=\"https:\/\/www.swisscrochet.ch\/de\/produkt\/clover-garnschneider-anhaenger\/\" \/>\n<meta property=\"og:site_name\" content=\"Swiss Crochet\" \/>\n<meta property=\"article:modified_time\" content=\"2026-04-07T12:50:36+00:00\" \/>\n<meta property=\"og:image\" content=\"https:\/\/www.swisscrochet.ch\/wp-content\/uploads\/2025\/02\/Clover-Yarn-Cutter-Pedant-Overview.jpg\" \/>\n\t<meta property=\"og:image:width\" content=\"1000\" \/>\n\t<meta property=\"og:image:height\" content=\"1000\" \/>\n\t<meta property=\"og:image:type\" content=\"image\/jpeg\" \/>\n<meta name=\"twitter:card\" content=\"summary_large_image\" \/>\n<meta name=\"twitter:label1\" content=\"Gesch\u00e4tzte Lesezeit\" \/>\n\t<meta name=\"twitter:data1\" content=\"1\u00a0Minute\" \/>\n<script type=\"application\/ld+json\" class=\"yoast-schema-graph\">{\"@context\":\"https:\\\/\\\/schema.org\",\"@graph\":[{\"@type\":[\"WebPage\",\"ItemPage\"],\"@id\":\"https:\\\/\\\/www.swisscrochet.ch\\\/de\\\/produkt\\\/clover-garnschneider-anhaenger\\\/\",\"url\":\"https:\\\/\\\/www.swisscrochet.ch\\\/de\\\/produkt\\\/clover-garnschneider-anhaenger\\\/\",\"name\":\"Clover - Garnschneider Anh\u00e4nger &#171; Swiss Crochet\",\"isPartOf\":{\"@id\":\"https:\\\/\\\/www.swisscrochet.ch\\\/#website\"},\"primaryImageOfPage\":{\"@id\":\"https:\\\/\\\/www.swisscrochet.ch\\\/de\\\/produkt\\\/clover-garnschneider-anhaenger\\\/#primaryimage\"},\"image\":{\"@id\":\"https:\\\/\\\/www.swisscrochet.ch\\\/de\\\/produkt\\\/clover-garnschneider-anhaenger\\\/#primaryimage\"},\"thumbnailUrl\":\"https:\\\/\\\/www.swisscrochet.ch\\\/wp-content\\\/uploads\\\/2025\\\/02\\\/Clover-Yarn-Cutter-Pedant-Overview.jpg\",\"datePublished\":\"2025-02-21T18:43:19+00:00\",\"dateModified\":\"2026-04-07T12:50:36+00:00\",\"breadcrumb\":{\"@id\":\"https:\\\/\\\/www.swisscrochet.ch\\\/de\\\/produkt\\\/clover-garnschneider-anhaenger\\\/#breadcrumb\"},\"inLanguage\":\"de\",\"potentialAction\":[{\"@type\":\"ReadAction\",\"target\":[\"https:\\\/\\\/www.swisscrochet.ch\\\/de\\\/produkt\\\/clover-garnschneider-anhaenger\\\/\"]}]},{\"@type\":\"ImageObject\",\"inLanguage\":\"de\",\"@id\":\"https:\\\/\\\/www.swisscrochet.ch\\\/de\\\/produkt\\\/clover-garnschneider-anhaenger\\\/#primaryimage\",\"url\":\"https:\\\/\\\/www.swisscrochet.ch\\\/wp-content\\\/uploads\\\/2025\\\/02\\\/Clover-Yarn-Cutter-Pedant-Overview.jpg\",\"contentUrl\":\"https:\\\/\\\/www.swisscrochet.ch\\\/wp-content\\\/uploads\\\/2025\\\/02\\\/Clover-Yarn-Cutter-Pedant-Overview.jpg\",\"width\":1000,\"height\":1000},{\"@type\":\"BreadcrumbList\",\"@id\":\"https:\\\/\\\/www.swisscrochet.ch\\\/de\\\/produkt\\\/clover-garnschneider-anhaenger\\\/#breadcrumb\",\"itemListElement\":[{\"@type\":\"ListItem\",\"position\":1,\"name\":\"Home\",\"item\":\"https:\\\/\\\/www.swisscrochet.ch\\\/de\\\/\"},{\"@type\":\"ListItem\",\"position\":2,\"name\":\"Shop\",\"item\":\"https:\\\/\\\/www.swisscrochet.ch\\\/de\\\/shop\\\/\"},{\"@type\":\"ListItem\",\"position\":3,\"name\":\"Clover &#8211; Garnschneider Anh\u00e4nger\"}]},{\"@type\":\"WebSite\",\"@id\":\"https:\\\/\\\/www.swisscrochet.ch\\\/#website\",\"url\":\"https:\\\/\\\/www.swisscrochet.ch\\\/\",\"name\":\"Swiss Crochet\",\"description\":\"Entfalte dein kreatives Potenzial\",\"potentialAction\":[{\"@type\":\"SearchAction\",\"target\":{\"@type\":\"EntryPoint\",\"urlTemplate\":\"https:\\\/\\\/www.swisscrochet.ch\\\/?s={search_term_string}\"},\"query-input\":{\"@type\":\"PropertyValueSpecification\",\"valueRequired\":true,\"valueName\":\"search_term_string\"}}],\"inLanguage\":\"de\"}]}<\/script>\n<!-- \/ Yoast SEO plugin. -->","yoast_head_json":{"title":"Clover - Garnschneider Anh\u00e4nger &#171; Swiss Crochet","robots":{"index":"index","follow":"follow","max-snippet":"max-snippet:-1","max-image-preview":"max-image-preview:large","max-video-preview":"max-video-preview:-1"},"canonical":"https:\/\/www.swisscrochet.ch\/de\/produkt\/clover-garnschneider-anhaenger\/","og_locale":"de_DE","og_type":"article","og_title":"Clover - Garnschneider Anh\u00e4nger &#171; Swiss Crochet","og_description":"Der Clover Garnschneider Anh\u00e4nger ist ein unverzichtbares Accessoire f\u00fcr Handwerker, die gerne unterwegs kreativ sind. Er wurde daf\u00fcr entworfen, an einer Kette oder einem Lederband als Halskette getragen zu werden und ist das perfekte Werkzeug, um alle Arten von F\u00e4den und Garnen zu schneiden. Sicher im Flugzeug zu verwenden und zu tragen, entspricht er den internationalen Vorschriften f\u00fcr scharfe Gegenst\u00e4nde und ist daher ideal f\u00fcr Reisen.  Inspiriert vom Design des japanischen Shuriken, kombiniert dieser stilvolle Anh\u00e4nger Funktionalit\u00e4t mit einzigartiger Handwerkskunst.  Farbe: Antikes Gold Durchmesser des Anh\u00e4ngers (ohne Befestigung): 3.5 cm Halskette oder Band nicht im Lieferumfang enthalten.","og_url":"https:\/\/www.swisscrochet.ch\/de\/produkt\/clover-garnschneider-anhaenger\/","og_site_name":"Swiss Crochet","article_modified_time":"2026-04-07T12:50:36+00:00","og_image":[{"width":1000,"height":1000,"url":"https:\/\/www.swisscrochet.ch\/wp-content\/uploads\/2025\/02\/Clover-Yarn-Cutter-Pedant-Overview.jpg","type":"image\/jpeg"}],"twitter_card":"summary_large_image","twitter_misc":{"Gesch\u00e4tzte Lesezeit":"1\u00a0Minute"},"schema":{"@context":"https:\/\/schema.org","@graph":[{"@type":["WebPage","ItemPage"],"@id":"https:\/\/www.swisscrochet.ch\/de\/produkt\/clover-garnschneider-anhaenger\/","url":"https:\/\/www.swisscrochet.ch\/de\/produkt\/clover-garnschneider-anhaenger\/","name":"Clover - Garnschneider Anh\u00e4nger &#171; Swiss Crochet","isPartOf":{"@id":"https:\/\/www.swisscrochet.ch\/#website"},"primaryImageOfPage":{"@id":"https:\/\/www.swisscrochet.ch\/de\/produkt\/clover-garnschneider-anhaenger\/#primaryimage"},"image":{"@id":"https:\/\/www.swisscrochet.ch\/de\/produkt\/clover-garnschneider-anhaenger\/#primaryimage"},"thumbnailUrl":"https:\/\/www.swisscrochet.ch\/wp-content\/uploads\/2025\/02\/Clover-Yarn-Cutter-Pedant-Overview.jpg","datePublished":"2025-02-21T18:43:19+00:00","dateModified":"2026-04-07T12:50:36+00:00","breadcrumb":{"@id":"https:\/\/www.swisscrochet.ch\/de\/produkt\/clover-garnschneider-anhaenger\/#breadcrumb"},"inLanguage":"de","potentialAction":[{"@type":"ReadAction","target":["https:\/\/www.swisscrochet.ch\/de\/produkt\/clover-garnschneider-anhaenger\/"]}]},{"@type":"ImageObject","inLanguage":"de","@id":"https:\/\/www.swisscrochet.ch\/de\/produkt\/clover-garnschneider-anhaenger\/#primaryimage","url":"https:\/\/www.swisscrochet.ch\/wp-content\/uploads\/2025\/02\/Clover-Yarn-Cutter-Pedant-Overview.jpg","contentUrl":"https:\/\/www.swisscrochet.ch\/wp-content\/uploads\/2025\/02\/Clover-Yarn-Cutter-Pedant-Overview.jpg","width":1000,"height":1000},{"@type":"BreadcrumbList","@id":"https:\/\/www.swisscrochet.ch\/de\/produkt\/clover-garnschneider-anhaenger\/#breadcrumb","itemListElement":[{"@type":"ListItem","position":1,"name":"Home","item":"https:\/\/www.swisscrochet.ch\/de\/"},{"@type":"ListItem","position":2,"name":"Shop","item":"https:\/\/www.swisscrochet.ch\/de\/shop\/"},{"@type":"ListItem","position":3,"name":"Clover &#8211; Garnschneider Anh\u00e4nger"}]},{"@type":"WebSite","@id":"https:\/\/www.swisscrochet.ch\/#website","url":"https:\/\/www.swisscrochet.ch\/","name":"Swiss Crochet","description":"Entfalte dein kreatives Potenzial","potentialAction":[{"@type":"SearchAction","target":{"@type":"EntryPoint","urlTemplate":"https:\/\/www.swisscrochet.ch\/?s={search_term_string}"},"query-input":{"@type":"PropertyValueSpecification","valueRequired":true,"valueName":"search_term_string"}}],"inLanguage":"de"}]}},"_links":{"self":[{"href":"https:\/\/www.swisscrochet.ch\/de\/wp-json\/wp\/v2\/product\/4705","targetHints":{"allow":["GET"]}}],"collection":[{"href":"https:\/\/www.swisscrochet.ch\/de\/wp-json\/wp\/v2\/product"}],"about":[{"href":"https:\/\/www.swisscrochet.ch\/de\/wp-json\/wp\/v2\/types\/product"}],"wp:featuredmedia":[{"embeddable":true,"href":"https:\/\/www.swisscrochet.ch\/de\/wp-json\/wp\/v2\/media\/4616"}],"wp:attachment":[{"href":"https:\/\/www.swisscrochet.ch\/de\/wp-json\/wp\/v2\/media?parent=4705"}],"wp:term":[{"taxonomy":"product_brand","embeddable":true,"href":"https:\/\/www.swisscrochet.ch\/de\/wp-json\/wp\/v2\/product_brand?post=4705"},{"taxonomy":"product_cat","embeddable":true,"href":"https:\/\/www.swisscrochet.ch\/de\/wp-json\/wp\/v2\/product_cat?post=4705"},{"taxonomy":"product_tag","embeddable":true,"href":"https:\/\/www.swisscrochet.ch\/de\/wp-json\/wp\/v2\/product_tag?post=4705"}],"curies":[{"name":"wp","href":"https:\/\/api.w.org\/{rel}","templated":true}]}}