{"id":4713,"date":"2025-02-21T19:41:20","date_gmt":"2025-02-21T18:41:20","guid":{"rendered":"https:\/\/www.swisscrochet.ch\/product\/clover-super-jumbo-tapestry-needle-set\/"},"modified":"2025-02-21T20:55:09","modified_gmt":"2025-02-21T19:55:09","slug":"clover-super-jumbo-garnnadel-set","status":"publish","type":"product","link":"https:\/\/www.swisscrochet.ch\/de\/produkt\/clover-super-jumbo-garnnadel-set\/","title":{"rendered":"Clover &#8211; Super Jumbo Garnnadel Set"},"content":{"rendered":"","protected":false},"excerpt":{"rendered":"<p>Das Clover Super Jumbo Garnnadel Set enth\u00e4lt zwei Plastiknadeln, die speziell f\u00fcr die Verwendung mit Bulky-, Super Bulky- und Jumbo-Garnen entwickelt wurden.<\/p>\n<p>Diese Nadeln verf\u00fcgen \u00fcber eine gebogene stumpfe Spitze, die ein sanftes Gleiten durch die Maschen erm\u00f6glicht, ohne Fasern zu spalten.<\/p>\n<p>Perfekt f\u00fcr Stickarbeiten auf H\u00e4kelstoff, das Zusammenn\u00e4hen von Teilen und das Vern\u00e4hen von Fadenenden, sind diese vielseitigen Nadeln unverzichtbare Werkzeuge f\u00fcr jeden Handwerker.<\/p>\n<p>Jedes Set enth\u00e4lt zwei Garnnadeln, die 8 cm und 9 cm lang sind.<\/p>\n","protected":false},"featured_media":4604,"template":"","meta":[],"product_brand":[],"product_cat":[220,568],"product_tag":[],"class_list":{"0":"post-4713","1":"product","2":"type-product","3":"status-publish","4":"has-post-thumbnail","6":"product_cat-hakelnadeln-und-zubehor","7":"product_cat-sticknadeln","8":"product_shipping_class-kleinsendungen","9":"pa_t1-manufacturer-clover-de","10":"description-off","12":"first","13":"instock","14":"taxable","15":"shipping-taxable","16":"purchasable","17":"product-type-simple"},"bundled_by":["10396"],"bundle_stock_status":"instock","bundle_stock_quantity":4,"bundle_virtual":false,"bundle_layout":"","bundle_add_to_cart_form_location":"","bundle_editable_in_cart":false,"bundle_sold_individually_context":"","bundle_item_grouping":"","bundle_min_size":"","bundle_max_size":"","bundle_price":[],"bundled_items":[],"bundle_sell_ids":[],"yoast_head":"<!-- This site is optimized with the Yoast SEO plugin v27.5 - https:\/\/yoast.com\/product\/yoast-seo-wordpress\/ -->\n<title>Clover - Super Jumbo Garnnadel Set &#171; Swiss Crochet<\/title>\n<meta name=\"robots\" content=\"index, follow, max-snippet:-1, max-image-preview:large, max-video-preview:-1\" \/>\n<link rel=\"canonical\" href=\"https:\/\/www.swisscrochet.ch\/de\/produkt\/clover-super-jumbo-garnnadel-set\/\" \/>\n<meta property=\"og:locale\" content=\"de_DE\" \/>\n<meta property=\"og:type\" content=\"article\" \/>\n<meta property=\"og:title\" content=\"Clover - Super Jumbo Garnnadel Set &#171; Swiss Crochet\" \/>\n<meta property=\"og:description\" content=\"Das Clover Super Jumbo Garnnadel Set enth\u00e4lt zwei Plastiknadeln, die speziell f\u00fcr die Verwendung mit Bulky-, Super Bulky- und Jumbo-Garnen entwickelt wurden.  Diese Nadeln verf\u00fcgen \u00fcber eine gebogene stumpfe Spitze, die ein sanftes Gleiten durch die Maschen erm\u00f6glicht, ohne Fasern zu spalten.  Perfekt f\u00fcr Stickarbeiten auf H\u00e4kelstoff, das Zusammenn\u00e4hen von Teilen und das Vern\u00e4hen von Fadenenden, sind diese vielseitigen Nadeln unverzichtbare Werkzeuge f\u00fcr jeden Handwerker.  Jedes Set enth\u00e4lt zwei Garnnadeln, die 8 cm und 9 cm lang sind.\" \/>\n<meta property=\"og:url\" content=\"https:\/\/www.swisscrochet.ch\/de\/produkt\/clover-super-jumbo-garnnadel-set\/\" \/>\n<meta property=\"og:site_name\" content=\"Swiss Crochet\" \/>\n<meta property=\"article:modified_time\" content=\"2025-02-21T19:55:09+00:00\" \/>\n<meta property=\"og:image\" content=\"https:\/\/www.swisscrochet.ch\/wp-content\/uploads\/2025\/02\/Clover-Super-Jumbo-Tapestry-Needles-Set-Overview.jpg\" \/>\n\t<meta property=\"og:image:width\" content=\"1000\" \/>\n\t<meta property=\"og:image:height\" content=\"1000\" \/>\n\t<meta property=\"og:image:type\" content=\"image\/jpeg\" \/>\n<meta name=\"twitter:card\" content=\"summary_large_image\" \/>\n<meta name=\"twitter:label1\" content=\"Gesch\u00e4tzte Lesezeit\" \/>\n\t<meta name=\"twitter:data1\" content=\"1\u00a0Minute\" \/>\n<script type=\"application\/ld+json\" class=\"yoast-schema-graph\">{\"@context\":\"https:\\\/\\\/schema.org\",\"@graph\":[{\"@type\":[\"WebPage\",\"ItemPage\"],\"@id\":\"https:\\\/\\\/www.swisscrochet.ch\\\/de\\\/produkt\\\/clover-super-jumbo-garnnadel-set\\\/\",\"url\":\"https:\\\/\\\/www.swisscrochet.ch\\\/de\\\/produkt\\\/clover-super-jumbo-garnnadel-set\\\/\",\"name\":\"Clover - Super Jumbo Garnnadel Set &#171; Swiss Crochet\",\"isPartOf\":{\"@id\":\"https:\\\/\\\/www.swisscrochet.ch\\\/#website\"},\"primaryImageOfPage\":{\"@id\":\"https:\\\/\\\/www.swisscrochet.ch\\\/de\\\/produkt\\\/clover-super-jumbo-garnnadel-set\\\/#primaryimage\"},\"image\":{\"@id\":\"https:\\\/\\\/www.swisscrochet.ch\\\/de\\\/produkt\\\/clover-super-jumbo-garnnadel-set\\\/#primaryimage\"},\"thumbnailUrl\":\"https:\\\/\\\/www.swisscrochet.ch\\\/wp-content\\\/uploads\\\/2025\\\/02\\\/Clover-Super-Jumbo-Tapestry-Needles-Set-Overview.jpg\",\"datePublished\":\"2025-02-21T18:41:20+00:00\",\"dateModified\":\"2025-02-21T19:55:09+00:00\",\"breadcrumb\":{\"@id\":\"https:\\\/\\\/www.swisscrochet.ch\\\/de\\\/produkt\\\/clover-super-jumbo-garnnadel-set\\\/#breadcrumb\"},\"inLanguage\":\"de\",\"potentialAction\":[{\"@type\":\"ReadAction\",\"target\":[\"https:\\\/\\\/www.swisscrochet.ch\\\/de\\\/produkt\\\/clover-super-jumbo-garnnadel-set\\\/\"]}]},{\"@type\":\"ImageObject\",\"inLanguage\":\"de\",\"@id\":\"https:\\\/\\\/www.swisscrochet.ch\\\/de\\\/produkt\\\/clover-super-jumbo-garnnadel-set\\\/#primaryimage\",\"url\":\"https:\\\/\\\/www.swisscrochet.ch\\\/wp-content\\\/uploads\\\/2025\\\/02\\\/Clover-Super-Jumbo-Tapestry-Needles-Set-Overview.jpg\",\"contentUrl\":\"https:\\\/\\\/www.swisscrochet.ch\\\/wp-content\\\/uploads\\\/2025\\\/02\\\/Clover-Super-Jumbo-Tapestry-Needles-Set-Overview.jpg\",\"width\":1000,\"height\":1000},{\"@type\":\"BreadcrumbList\",\"@id\":\"https:\\\/\\\/www.swisscrochet.ch\\\/de\\\/produkt\\\/clover-super-jumbo-garnnadel-set\\\/#breadcrumb\",\"itemListElement\":[{\"@type\":\"ListItem\",\"position\":1,\"name\":\"Home\",\"item\":\"https:\\\/\\\/www.swisscrochet.ch\\\/de\\\/\"},{\"@type\":\"ListItem\",\"position\":2,\"name\":\"Shop\",\"item\":\"https:\\\/\\\/www.swisscrochet.ch\\\/de\\\/shop\\\/\"},{\"@type\":\"ListItem\",\"position\":3,\"name\":\"Clover &#8211; Super Jumbo Garnnadel Set\"}]},{\"@type\":\"WebSite\",\"@id\":\"https:\\\/\\\/www.swisscrochet.ch\\\/#website\",\"url\":\"https:\\\/\\\/www.swisscrochet.ch\\\/\",\"name\":\"Swiss Crochet\",\"description\":\"Entfalte dein kreatives Potenzial\",\"potentialAction\":[{\"@type\":\"SearchAction\",\"target\":{\"@type\":\"EntryPoint\",\"urlTemplate\":\"https:\\\/\\\/www.swisscrochet.ch\\\/?s={search_term_string}\"},\"query-input\":{\"@type\":\"PropertyValueSpecification\",\"valueRequired\":true,\"valueName\":\"search_term_string\"}}],\"inLanguage\":\"de\"}]}<\/script>\n<!-- \/ Yoast SEO plugin. -->","yoast_head_json":{"title":"Clover - Super Jumbo Garnnadel Set &#171; Swiss Crochet","robots":{"index":"index","follow":"follow","max-snippet":"max-snippet:-1","max-image-preview":"max-image-preview:large","max-video-preview":"max-video-preview:-1"},"canonical":"https:\/\/www.swisscrochet.ch\/de\/produkt\/clover-super-jumbo-garnnadel-set\/","og_locale":"de_DE","og_type":"article","og_title":"Clover - Super Jumbo Garnnadel Set &#171; Swiss Crochet","og_description":"Das Clover Super Jumbo Garnnadel Set enth\u00e4lt zwei Plastiknadeln, die speziell f\u00fcr die Verwendung mit Bulky-, Super Bulky- und Jumbo-Garnen entwickelt wurden.  Diese Nadeln verf\u00fcgen \u00fcber eine gebogene stumpfe Spitze, die ein sanftes Gleiten durch die Maschen erm\u00f6glicht, ohne Fasern zu spalten.  Perfekt f\u00fcr Stickarbeiten auf H\u00e4kelstoff, das Zusammenn\u00e4hen von Teilen und das Vern\u00e4hen von Fadenenden, sind diese vielseitigen Nadeln unverzichtbare Werkzeuge f\u00fcr jeden Handwerker.  Jedes Set enth\u00e4lt zwei Garnnadeln, die 8 cm und 9 cm lang sind.","og_url":"https:\/\/www.swisscrochet.ch\/de\/produkt\/clover-super-jumbo-garnnadel-set\/","og_site_name":"Swiss Crochet","article_modified_time":"2025-02-21T19:55:09+00:00","og_image":[{"width":1000,"height":1000,"url":"https:\/\/www.swisscrochet.ch\/wp-content\/uploads\/2025\/02\/Clover-Super-Jumbo-Tapestry-Needles-Set-Overview.jpg","type":"image\/jpeg"}],"twitter_card":"summary_large_image","twitter_misc":{"Gesch\u00e4tzte Lesezeit":"1\u00a0Minute"},"schema":{"@context":"https:\/\/schema.org","@graph":[{"@type":["WebPage","ItemPage"],"@id":"https:\/\/www.swisscrochet.ch\/de\/produkt\/clover-super-jumbo-garnnadel-set\/","url":"https:\/\/www.swisscrochet.ch\/de\/produkt\/clover-super-jumbo-garnnadel-set\/","name":"Clover - Super Jumbo Garnnadel Set &#171; Swiss Crochet","isPartOf":{"@id":"https:\/\/www.swisscrochet.ch\/#website"},"primaryImageOfPage":{"@id":"https:\/\/www.swisscrochet.ch\/de\/produkt\/clover-super-jumbo-garnnadel-set\/#primaryimage"},"image":{"@id":"https:\/\/www.swisscrochet.ch\/de\/produkt\/clover-super-jumbo-garnnadel-set\/#primaryimage"},"thumbnailUrl":"https:\/\/www.swisscrochet.ch\/wp-content\/uploads\/2025\/02\/Clover-Super-Jumbo-Tapestry-Needles-Set-Overview.jpg","datePublished":"2025-02-21T18:41:20+00:00","dateModified":"2025-02-21T19:55:09+00:00","breadcrumb":{"@id":"https:\/\/www.swisscrochet.ch\/de\/produkt\/clover-super-jumbo-garnnadel-set\/#breadcrumb"},"inLanguage":"de","potentialAction":[{"@type":"ReadAction","target":["https:\/\/www.swisscrochet.ch\/de\/produkt\/clover-super-jumbo-garnnadel-set\/"]}]},{"@type":"ImageObject","inLanguage":"de","@id":"https:\/\/www.swisscrochet.ch\/de\/produkt\/clover-super-jumbo-garnnadel-set\/#primaryimage","url":"https:\/\/www.swisscrochet.ch\/wp-content\/uploads\/2025\/02\/Clover-Super-Jumbo-Tapestry-Needles-Set-Overview.jpg","contentUrl":"https:\/\/www.swisscrochet.ch\/wp-content\/uploads\/2025\/02\/Clover-Super-Jumbo-Tapestry-Needles-Set-Overview.jpg","width":1000,"height":1000},{"@type":"BreadcrumbList","@id":"https:\/\/www.swisscrochet.ch\/de\/produkt\/clover-super-jumbo-garnnadel-set\/#breadcrumb","itemListElement":[{"@type":"ListItem","position":1,"name":"Home","item":"https:\/\/www.swisscrochet.ch\/de\/"},{"@type":"ListItem","position":2,"name":"Shop","item":"https:\/\/www.swisscrochet.ch\/de\/shop\/"},{"@type":"ListItem","position":3,"name":"Clover &#8211; Super Jumbo Garnnadel Set"}]},{"@type":"WebSite","@id":"https:\/\/www.swisscrochet.ch\/#website","url":"https:\/\/www.swisscrochet.ch\/","name":"Swiss Crochet","description":"Entfalte dein kreatives Potenzial","potentialAction":[{"@type":"SearchAction","target":{"@type":"EntryPoint","urlTemplate":"https:\/\/www.swisscrochet.ch\/?s={search_term_string}"},"query-input":{"@type":"PropertyValueSpecification","valueRequired":true,"valueName":"search_term_string"}}],"inLanguage":"de"}]}},"_links":{"self":[{"href":"https:\/\/www.swisscrochet.ch\/de\/wp-json\/wp\/v2\/product\/4713","targetHints":{"allow":["GET"]}}],"collection":[{"href":"https:\/\/www.swisscrochet.ch\/de\/wp-json\/wp\/v2\/product"}],"about":[{"href":"https:\/\/www.swisscrochet.ch\/de\/wp-json\/wp\/v2\/types\/product"}],"wp:featuredmedia":[{"embeddable":true,"href":"https:\/\/www.swisscrochet.ch\/de\/wp-json\/wp\/v2\/media\/4604"}],"wp:attachment":[{"href":"https:\/\/www.swisscrochet.ch\/de\/wp-json\/wp\/v2\/media?parent=4713"}],"wp:term":[{"taxonomy":"product_brand","embeddable":true,"href":"https:\/\/www.swisscrochet.ch\/de\/wp-json\/wp\/v2\/product_brand?post=4713"},{"taxonomy":"product_cat","embeddable":true,"href":"https:\/\/www.swisscrochet.ch\/de\/wp-json\/wp\/v2\/product_cat?post=4713"},{"taxonomy":"product_tag","embeddable":true,"href":"https:\/\/www.swisscrochet.ch\/de\/wp-json\/wp\/v2\/product_tag?post=4713"}],"curies":[{"name":"wp","href":"https:\/\/api.w.org\/{rel}","templated":true}]}}